{"id":81168,"date":"2022-11-29T17:13:24","date_gmt":"2022-11-29T16:13:24","guid":{"rendered":"https:\/\/rockers.de\/?post_type=product&#038;p=81168"},"modified":"2023-12-23T15:53:29","modified_gmt":"2023-12-23T14:53:29","slug":"maaneskin-teatro-dira-vol-i-lp-vinyl","status":"publish","type":"product","link":"https:\/\/rockers.de\/en\/record\/maaneskin-teatro-dira-vol-i-lp-vinyl\/","title":{"rendered":"M\u00e5neskin-Teatro D&#8217;Ira &#8211; Vol.I-LP Vinyl"},"content":{"rendered":"<p>orange vinyl<\/p>","protected":false},"excerpt":{"rendered":"<p>Thanks:<br \/>\nE&#8216; il nostro secondo disco, il pi\u00f9 difficile.<br \/>\nAbbiamo discusso, litigato e ci siamo uniti ancora di pi\u00f9, trovando quella che \u00e8 la nostra strada.<br \/>\nVogliamo ringraziare coloro che ci hanno accompagnati in questo percorso.<br \/>\nMarta Don\u00e0, nostra manager, amica e<br \/>\nconfidente, affiancata da Valentina Mariani<br \/>\ncompagna di mille avventure e con loro tutto<br \/>\nil team di LaTarma Management.<br \/>\nRingraziamo Vivo Concerti<br \/>\ne Clemente Zard che ci permetteranno<br \/>\ndi portare questo disco dove davvero<br \/>\ndeve stare.<br \/>\nRingraziamo la Sony Music per credere<br \/>\nnel nostro progetto.<br \/>\nIl nostro team social capitanato da<br \/>\nCarlo Lenotti con tutti i suoi ragazzi.<br \/>\nRingraziamo i nostri amici Leonardo Grillo e<br \/>\nAurora Manni che ci hanno affiancati durante le<br \/>\nregistrazioni del disco raccontando i momenti pi\u00f9<br \/>\nbelli ed intimi attraverso la fotocamera.<br \/>\nRingraziamo Fabrizio Ferraguzzo, amico e<br \/>\nfratello, che ci ha permesso di realizzare<br \/>\nquello che \u00e8 un capitolo fondamentale della<br \/>\nnostra vita, attraverso la musica.<br \/>\nRingraziamo le nostre famiglie, i nostri amici<br \/>\ne sopratutto voi, i nostri fan, la nostra grande<br \/>\nseconda famiglia.<br \/>\nCi vediamo nell&#8217;unico posto dove potremo<br \/>\nsfogare la vera natura di questo album.<br \/>\nSul Palco.<br \/>\nM\u00e5neskin &#x2665;.<\/p>\n<p>Releases outside Italy were sold without the SIAE hologram sticker.<\/p>\n<p>Inner is made by smooth and glossy cardboard (both outside and inside).<\/p>\n<p>Reissued on dark orange transparent vinyl: [r22020772]<\/p>\n","protected":false},"featured_media":81169,"template":"","meta":{"_acf_changed":false},"product_brand":[],"product_cat":[150],"product_tag":[],"class_list":{"0":"post-81168","1":"product","2":"type-product","3":"status-publish","4":"has-post-thumbnail","6":"product_cat-alternative-rock","7":"pa_att_artist-maaneskin","8":"pa_att_format-lp-vinyl","9":"pa_att_genre-alternative-rock","10":"pa_att_jahr-92","11":"pa_att_label-rca","12":"pa_att_label-sony-music","13":"pa_att_land-europe","15":"first","16":"outofstock","17":"taxable","18":"shipping-taxable","19":"purchasable","20":"product-type-simple"},"acf":[],"yoast_head":"<!-- This site is optimized with the Yoast SEO plugin v27.3 - https:\/\/yoast.com\/product\/yoast-seo-wordpress\/ -->\n<title>M\u00e5neskin-Teatro D&#039;Ira - Vol.I-LP Vinyl - Rockers Records<\/title>\n<meta name=\"robots\" content=\"index, follow, max-snippet:-1, max-image-preview:large, max-video-preview:-1\" \/>\n<link rel=\"canonical\" href=\"https:\/\/rockers.de\/en\/record\/maaneskin-teatro-dira-vol-i-lp-vinyl\/\" \/>\n<meta property=\"og:locale\" content=\"en_US\" \/>\n<meta property=\"og:type\" content=\"article\" \/>\n<meta property=\"og:title\" content=\"M\u00e5neskin-Teatro D&#039;Ira - Vol.I-LP Vinyl - Rockers Records\" \/>\n<meta property=\"og:description\" content=\"Thanks: E&#039; il nostro secondo disco, il pi\u00f9 difficile. Abbiamo discusso, litigato e ci siamo uniti ancora di pi\u00f9, trovando quella che \u00e8 la nostra strada. Vogliamo ringraziare coloro che ci hanno accompagnati in questo percorso. Marta Don\u00e0, nostra manager, amica e confidente, affiancata da Valentina Mariani compagna di mille avventure e con loro tutto il team di LaTarma Management. Ringraziamo Vivo Concerti e Clemente Zard che ci permetteranno di portare questo disco dove davvero deve stare. Ringraziamo la Sony Music per credere nel nostro progetto. Il nostro team social capitanato da Carlo Lenotti con tutti i suoi ragazzi. Ringraziamo i nostri amici Leonardo Grillo e Aurora Manni che ci hanno affiancati durante le registrazioni del disco raccontando i momenti pi\u00f9 belli ed intimi attraverso la fotocamera. Ringraziamo Fabrizio Ferraguzzo, amico e fratello, che ci ha permesso di realizzare quello che \u00e8 un capitolo fondamentale della nostra vita, attraverso la musica. Ringraziamo le nostre famiglie, i nostri amici e sopratutto voi, i nostri fan, la nostra grande seconda famiglia. Ci vediamo nell&#039;unico posto dove potremo sfogare la vera natura di questo album. Sul Palco. M\u00e5neskin &#x2665;.  Releases outside Italy were sold without the SIAE hologram sticker.  Inner is made by smooth and glossy cardboard (both outside and inside).  Reissued on dark orange transparent vinyl: [r22020772]\" \/>\n<meta property=\"og:url\" content=\"https:\/\/rockers.de\/en\/record\/maaneskin-teatro-dira-vol-i-lp-vinyl\/\" \/>\n<meta property=\"og:site_name\" content=\"Rockers Records\" \/>\n<meta property=\"article:modified_time\" content=\"2023-12-23T14:53:29+00:00\" \/>\n<meta property=\"og:image\" content=\"https:\/\/rockers.de\/wp-content\/uploads\/2022\/11\/Maneskin-Teatro-DIra-Vol.I-LP-Vinyl-1.jpg\" \/>\n\t<meta property=\"og:image:width\" content=\"1800\" \/>\n\t<meta property=\"og:image:height\" content=\"1853\" \/>\n\t<meta property=\"og:image:type\" content=\"image\/jpeg\" \/>\n<meta name=\"twitter:card\" content=\"summary_large_image\" \/>\n<meta name=\"twitter:label1\" content=\"Est. reading time\" \/>\n\t<meta name=\"twitter:data1\" content=\"1 minute\" \/>\n<script type=\"application\/ld+json\" class=\"yoast-schema-graph\">{\"@context\":\"https:\\\/\\\/schema.org\",\"@graph\":[{\"@type\":\"WebPage\",\"@id\":\"https:\\\/\\\/rockers.de\\\/record\\\/maaneskin-teatro-dira-vol-i-lp-vinyl\\\/\",\"url\":\"https:\\\/\\\/rockers.de\\\/record\\\/maaneskin-teatro-dira-vol-i-lp-vinyl\\\/\",\"name\":\"M\u00e5neskin-Teatro D'Ira - Vol.I-LP Vinyl - Rockers Records\",\"isPartOf\":{\"@id\":\"https:\\\/\\\/rockers.de\\\/#website\"},\"primaryImageOfPage\":{\"@id\":\"https:\\\/\\\/rockers.de\\\/record\\\/maaneskin-teatro-dira-vol-i-lp-vinyl\\\/#primaryimage\"},\"image\":{\"@id\":\"https:\\\/\\\/rockers.de\\\/record\\\/maaneskin-teatro-dira-vol-i-lp-vinyl\\\/#primaryimage\"},\"thumbnailUrl\":\"https:\\\/\\\/rockers.de\\\/wp-content\\\/uploads\\\/2022\\\/11\\\/Maneskin-Teatro-DIra-Vol.I-LP-Vinyl-1.jpg\",\"datePublished\":\"2022-11-29T16:13:24+00:00\",\"dateModified\":\"2023-12-23T14:53:29+00:00\",\"breadcrumb\":{\"@id\":\"https:\\\/\\\/rockers.de\\\/record\\\/maaneskin-teatro-dira-vol-i-lp-vinyl\\\/#breadcrumb\"},\"inLanguage\":\"en-US\",\"potentialAction\":[{\"@type\":\"ReadAction\",\"target\":[\"https:\\\/\\\/rockers.de\\\/record\\\/maaneskin-teatro-dira-vol-i-lp-vinyl\\\/\"]}]},{\"@type\":\"ImageObject\",\"inLanguage\":\"en-US\",\"@id\":\"https:\\\/\\\/rockers.de\\\/record\\\/maaneskin-teatro-dira-vol-i-lp-vinyl\\\/#primaryimage\",\"url\":\"https:\\\/\\\/rockers.de\\\/wp-content\\\/uploads\\\/2022\\\/11\\\/Maneskin-Teatro-DIra-Vol.I-LP-Vinyl-1.jpg\",\"contentUrl\":\"https:\\\/\\\/rockers.de\\\/wp-content\\\/uploads\\\/2022\\\/11\\\/Maneskin-Teatro-DIra-Vol.I-LP-Vinyl-1.jpg\",\"width\":1800,\"height\":1853},{\"@type\":\"BreadcrumbList\",\"@id\":\"https:\\\/\\\/rockers.de\\\/record\\\/maaneskin-teatro-dira-vol-i-lp-vinyl\\\/#breadcrumb\",\"itemListElement\":[{\"@type\":\"ListItem\",\"position\":1,\"name\":\"Startseite\",\"item\":\"https:\\\/\\\/rockers.de\\\/\"},{\"@type\":\"ListItem\",\"position\":2,\"name\":\"Shop\",\"item\":\"https:\\\/\\\/rockers.de\\\/shop\\\/\"},{\"@type\":\"ListItem\",\"position\":3,\"name\":\"M\u00e5neskin-Teatro D&#8217;Ira &#8211; Vol.I-LP Vinyl\"}]},{\"@type\":\"WebSite\",\"@id\":\"https:\\\/\\\/rockers.de\\\/#website\",\"url\":\"https:\\\/\\\/rockers.de\\\/\",\"name\":\"Rockers Records\",\"description\":\"Dein Schallplatten Store in Hannover\",\"publisher\":{\"@id\":\"https:\\\/\\\/rockers.de\\\/#organization\"},\"potentialAction\":[{\"@type\":\"SearchAction\",\"target\":{\"@type\":\"EntryPoint\",\"urlTemplate\":\"https:\\\/\\\/rockers.de\\\/?s={search_term_string}\"},\"query-input\":{\"@type\":\"PropertyValueSpecification\",\"valueRequired\":true,\"valueName\":\"search_term_string\"}}],\"inLanguage\":\"en-US\"},{\"@type\":\"Organization\",\"@id\":\"https:\\\/\\\/rockers.de\\\/#organization\",\"name\":\"Rockers Records\",\"url\":\"https:\\\/\\\/rockers.de\\\/\",\"logo\":{\"@type\":\"ImageObject\",\"inLanguage\":\"en-US\",\"@id\":\"https:\\\/\\\/rockers.de\\\/#\\\/schema\\\/logo\\\/image\\\/\",\"url\":\"https:\\\/\\\/rockers.de\\\/wp-content\\\/uploads\\\/2022\\\/07\\\/Neue-Website-2022.jpg\",\"contentUrl\":\"https:\\\/\\\/rockers.de\\\/wp-content\\\/uploads\\\/2022\\\/07\\\/Neue-Website-2022.jpg\",\"width\":800,\"height\":800,\"caption\":\"Rockers Records\"},\"image\":{\"@id\":\"https:\\\/\\\/rockers.de\\\/#\\\/schema\\\/logo\\\/image\\\/\"}}]}<\/script>\n<!-- \/ Yoast SEO plugin. -->","yoast_head_json":{"title":"M\u00e5neskin-Teatro D'Ira - Vol.I-LP Vinyl - Rockers Records","robots":{"index":"index","follow":"follow","max-snippet":"max-snippet:-1","max-image-preview":"max-image-preview:large","max-video-preview":"max-video-preview:-1"},"canonical":"https:\/\/rockers.de\/en\/record\/maaneskin-teatro-dira-vol-i-lp-vinyl\/","og_locale":"en_US","og_type":"article","og_title":"M\u00e5neskin-Teatro D'Ira - Vol.I-LP Vinyl - Rockers Records","og_description":"Thanks: E' il nostro secondo disco, il pi\u00f9 difficile. Abbiamo discusso, litigato e ci siamo uniti ancora di pi\u00f9, trovando quella che \u00e8 la nostra strada. Vogliamo ringraziare coloro che ci hanno accompagnati in questo percorso. Marta Don\u00e0, nostra manager, amica e confidente, affiancata da Valentina Mariani compagna di mille avventure e con loro tutto il team di LaTarma Management. Ringraziamo Vivo Concerti e Clemente Zard che ci permetteranno di portare questo disco dove davvero deve stare. Ringraziamo la Sony Music per credere nel nostro progetto. Il nostro team social capitanato da Carlo Lenotti con tutti i suoi ragazzi. Ringraziamo i nostri amici Leonardo Grillo e Aurora Manni che ci hanno affiancati durante le registrazioni del disco raccontando i momenti pi\u00f9 belli ed intimi attraverso la fotocamera. Ringraziamo Fabrizio Ferraguzzo, amico e fratello, che ci ha permesso di realizzare quello che \u00e8 un capitolo fondamentale della nostra vita, attraverso la musica. Ringraziamo le nostre famiglie, i nostri amici e sopratutto voi, i nostri fan, la nostra grande seconda famiglia. Ci vediamo nell'unico posto dove potremo sfogare la vera natura di questo album. Sul Palco. M\u00e5neskin &#x2665;.  Releases outside Italy were sold without the SIAE hologram sticker.  Inner is made by smooth and glossy cardboard (both outside and inside).  Reissued on dark orange transparent vinyl: [r22020772]","og_url":"https:\/\/rockers.de\/en\/record\/maaneskin-teatro-dira-vol-i-lp-vinyl\/","og_site_name":"Rockers Records","article_modified_time":"2023-12-23T14:53:29+00:00","og_image":[{"width":1800,"height":1853,"url":"https:\/\/rockers.de\/wp-content\/uploads\/2022\/11\/Maneskin-Teatro-DIra-Vol.I-LP-Vinyl-1.jpg","type":"image\/jpeg"}],"twitter_card":"summary_large_image","twitter_misc":{"Est. reading time":"1 minute"},"schema":{"@context":"https:\/\/schema.org","@graph":[{"@type":"WebPage","@id":"https:\/\/rockers.de\/record\/maaneskin-teatro-dira-vol-i-lp-vinyl\/","url":"https:\/\/rockers.de\/record\/maaneskin-teatro-dira-vol-i-lp-vinyl\/","name":"M\u00e5neskin-Teatro D'Ira - Vol.I-LP Vinyl - Rockers Records","isPartOf":{"@id":"https:\/\/rockers.de\/#website"},"primaryImageOfPage":{"@id":"https:\/\/rockers.de\/record\/maaneskin-teatro-dira-vol-i-lp-vinyl\/#primaryimage"},"image":{"@id":"https:\/\/rockers.de\/record\/maaneskin-teatro-dira-vol-i-lp-vinyl\/#primaryimage"},"thumbnailUrl":"https:\/\/rockers.de\/wp-content\/uploads\/2022\/11\/Maneskin-Teatro-DIra-Vol.I-LP-Vinyl-1.jpg","datePublished":"2022-11-29T16:13:24+00:00","dateModified":"2023-12-23T14:53:29+00:00","breadcrumb":{"@id":"https:\/\/rockers.de\/record\/maaneskin-teatro-dira-vol-i-lp-vinyl\/#breadcrumb"},"inLanguage":"en-US","potentialAction":[{"@type":"ReadAction","target":["https:\/\/rockers.de\/record\/maaneskin-teatro-dira-vol-i-lp-vinyl\/"]}]},{"@type":"ImageObject","inLanguage":"en-US","@id":"https:\/\/rockers.de\/record\/maaneskin-teatro-dira-vol-i-lp-vinyl\/#primaryimage","url":"https:\/\/rockers.de\/wp-content\/uploads\/2022\/11\/Maneskin-Teatro-DIra-Vol.I-LP-Vinyl-1.jpg","contentUrl":"https:\/\/rockers.de\/wp-content\/uploads\/2022\/11\/Maneskin-Teatro-DIra-Vol.I-LP-Vinyl-1.jpg","width":1800,"height":1853},{"@type":"BreadcrumbList","@id":"https:\/\/rockers.de\/record\/maaneskin-teatro-dira-vol-i-lp-vinyl\/#breadcrumb","itemListElement":[{"@type":"ListItem","position":1,"name":"Startseite","item":"https:\/\/rockers.de\/"},{"@type":"ListItem","position":2,"name":"Shop","item":"https:\/\/rockers.de\/shop\/"},{"@type":"ListItem","position":3,"name":"M\u00e5neskin-Teatro D&#8217;Ira &#8211; Vol.I-LP Vinyl"}]},{"@type":"WebSite","@id":"https:\/\/rockers.de\/#website","url":"https:\/\/rockers.de\/","name":"Rockers Records","description":"Your record store in Hanover","publisher":{"@id":"https:\/\/rockers.de\/#organization"},"potentialAction":[{"@type":"SearchAction","target":{"@type":"EntryPoint","urlTemplate":"https:\/\/rockers.de\/?s={search_term_string}"},"query-input":{"@type":"PropertyValueSpecification","valueRequired":true,"valueName":"search_term_string"}}],"inLanguage":"en-US"},{"@type":"Organization","@id":"https:\/\/rockers.de\/#organization","name":"Rockers Records","url":"https:\/\/rockers.de\/","logo":{"@type":"ImageObject","inLanguage":"en-US","@id":"https:\/\/rockers.de\/#\/schema\/logo\/image\/","url":"https:\/\/rockers.de\/wp-content\/uploads\/2022\/07\/Neue-Website-2022.jpg","contentUrl":"https:\/\/rockers.de\/wp-content\/uploads\/2022\/07\/Neue-Website-2022.jpg","width":800,"height":800,"caption":"Rockers Records"},"image":{"@id":"https:\/\/rockers.de\/#\/schema\/logo\/image\/"}}]}},"_links":{"self":[{"href":"https:\/\/rockers.de\/en\/wp-json\/wp\/v2\/product\/81168","targetHints":{"allow":["GET"]}}],"collection":[{"href":"https:\/\/rockers.de\/en\/wp-json\/wp\/v2\/product"}],"about":[{"href":"https:\/\/rockers.de\/en\/wp-json\/wp\/v2\/types\/product"}],"wp:featuredmedia":[{"embeddable":true,"href":"https:\/\/rockers.de\/en\/wp-json\/wp\/v2\/media\/81169"}],"wp:attachment":[{"href":"https:\/\/rockers.de\/en\/wp-json\/wp\/v2\/media?parent=81168"}],"wp:term":[{"taxonomy":"product_brand","embeddable":true,"href":"https:\/\/rockers.de\/en\/wp-json\/wp\/v2\/product_brand?post=81168"},{"taxonomy":"product_cat","embeddable":true,"href":"https:\/\/rockers.de\/en\/wp-json\/wp\/v2\/product_cat?post=81168"},{"taxonomy":"product_tag","embeddable":true,"href":"https:\/\/rockers.de\/en\/wp-json\/wp\/v2\/product_tag?post=81168"}],"curies":[{"name":"wp","href":"https:\/\/api.w.org\/{rel}","templated":true}]}}