{"id":80862,"date":"2022-11-25T09:59:27","date_gmt":"2022-11-25T08:59:27","guid":{"rendered":"https:\/\/rockers.de\/?post_type=product&#038;p=80862"},"modified":"2023-05-05T17:19:44","modified_gmt":"2023-05-05T15:19:44","slug":"motoerhead-the-loest-tapes-vol-3-live-in-malmoe-2000-lp-vinyl","status":"publish","type":"product","link":"https:\/\/rockers.de\/en\/record\/motoerhead-the-loest-tapes-vol-3-live-in-malmoe-2000-lp-vinyl\/","title":{"rendered":"Mot\u00f6rhead-The L\u00f6st Tapes Vol. 3 (Live In Malm\u00f6 2000)-LP Vinyl"},"content":{"rendered":"<p>Black Friday 2022 release, green vinyl, gatefold sleeve<\/p>","protected":false},"excerpt":{"rendered":"<p>RSD November 2022 release, double translucent green vinyl in a gatefold cover.<\/p>\n<p>Announced as being limited to 2600 copies.<\/p>\n<p>Recorded Live at KB Hallen, Malm\u00f6, 17th November 2000.<\/p>\n<p>\u00a9 2022 Belle Vue Sunshine Touring Inc., under exclusive license to BMG Rights Management (UK) Limited \u2117 2022 Belle Vue Sunshine Touring Inc., under exclusive license to BMG Rights Management (UK) Limited<\/p>","protected":false},"featured_media":80866,"template":"","meta":{"_acf_changed":false},"product_brand":[],"product_cat":[97],"product_tag":[],"class_list":{"0":"post-80862","1":"product","2":"type-product","3":"status-publish","4":"has-post-thumbnail","6":"product_cat-heavy-metal","7":"pa_att_artist-motoerhead","8":"pa_att_format-lp-vinyl","9":"pa_att_genre-heavy-metal","10":"pa_att_jahr-37","11":"pa_att_label-bmg","12":"pa_att_label-murder-one","13":"pa_att_land-uk","15":"first","16":"outofstock","17":"taxable","18":"shipping-taxable","19":"purchasable","20":"product-type-simple"},"acf":[],"yoast_head":"<!-- This site is optimized with the Yoast SEO plugin v27.3 - https:\/\/yoast.com\/product\/yoast-seo-wordpress\/ -->\n<title>Mot\u00f6rhead-The L\u00f6st Tapes Vol. 3 (Live In Malm\u00f6 2000)-LP Vinyl - Rockers Records<\/title>\n<meta name=\"robots\" content=\"index, follow, max-snippet:-1, max-image-preview:large, max-video-preview:-1\" \/>\n<link rel=\"canonical\" href=\"https:\/\/rockers.de\/en\/record\/motoerhead-the-loest-tapes-vol-3-live-in-malmoe-2000-lp-vinyl\/\" \/>\n<meta property=\"og:locale\" content=\"en_US\" \/>\n<meta property=\"og:type\" content=\"article\" \/>\n<meta property=\"og:title\" content=\"Mot\u00f6rhead-The L\u00f6st Tapes Vol. 3 (Live In Malm\u00f6 2000)-LP Vinyl - Rockers Records\" \/>\n<meta property=\"og:description\" content=\"RSD November 2022 release, double translucent green vinyl in a gatefold cover.  Announced as being limited to 2600 copies.  Recorded Live at KB Hallen, Malm\u00f6, 17th November 2000.  \u00a9 2022 Belle Vue Sunshine Touring Inc., under exclusive license to BMG Rights Management (UK) Limited \u2117 2022 Belle Vue Sunshine Touring Inc., under exclusive license to BMG Rights Management (UK) Limited\" \/>\n<meta property=\"og:url\" content=\"https:\/\/rockers.de\/en\/record\/motoerhead-the-loest-tapes-vol-3-live-in-malmoe-2000-lp-vinyl\/\" \/>\n<meta property=\"og:site_name\" content=\"Rockers Records\" \/>\n<meta property=\"article:modified_time\" content=\"2023-05-05T15:19:44+00:00\" \/>\n<meta property=\"og:image\" content=\"https:\/\/rockers.de\/wp-content\/uploads\/2022\/11\/Motoerhead-The-Loest-Tapes-Vol.3-Live-In-Malmoe-2000-LP-Vinyl-1.jpg\" \/>\n\t<meta property=\"og:image:width\" content=\"1800\" \/>\n\t<meta property=\"og:image:height\" content=\"1859\" \/>\n\t<meta property=\"og:image:type\" content=\"image\/jpeg\" \/>\n<meta name=\"twitter:card\" content=\"summary_large_image\" \/>\n<meta name=\"twitter:label1\" content=\"Est. reading time\" \/>\n\t<meta name=\"twitter:data1\" content=\"1 minute\" \/>\n<script type=\"application\/ld+json\" class=\"yoast-schema-graph\">{\"@context\":\"https:\\\/\\\/schema.org\",\"@graph\":[{\"@type\":\"WebPage\",\"@id\":\"https:\\\/\\\/rockers.de\\\/record\\\/motoerhead-the-loest-tapes-vol-3-live-in-malmoe-2000-lp-vinyl\\\/\",\"url\":\"https:\\\/\\\/rockers.de\\\/record\\\/motoerhead-the-loest-tapes-vol-3-live-in-malmoe-2000-lp-vinyl\\\/\",\"name\":\"Mot\u00f6rhead-The L\u00f6st Tapes Vol. 3 (Live In Malm\u00f6 2000)-LP Vinyl - Rockers Records\",\"isPartOf\":{\"@id\":\"https:\\\/\\\/rockers.de\\\/#website\"},\"primaryImageOfPage\":{\"@id\":\"https:\\\/\\\/rockers.de\\\/record\\\/motoerhead-the-loest-tapes-vol-3-live-in-malmoe-2000-lp-vinyl\\\/#primaryimage\"},\"image\":{\"@id\":\"https:\\\/\\\/rockers.de\\\/record\\\/motoerhead-the-loest-tapes-vol-3-live-in-malmoe-2000-lp-vinyl\\\/#primaryimage\"},\"thumbnailUrl\":\"https:\\\/\\\/rockers.de\\\/wp-content\\\/uploads\\\/2022\\\/11\\\/Motoerhead-The-Loest-Tapes-Vol.3-Live-In-Malmoe-2000-LP-Vinyl-1.jpg\",\"datePublished\":\"2022-11-25T08:59:27+00:00\",\"dateModified\":\"2023-05-05T15:19:44+00:00\",\"breadcrumb\":{\"@id\":\"https:\\\/\\\/rockers.de\\\/record\\\/motoerhead-the-loest-tapes-vol-3-live-in-malmoe-2000-lp-vinyl\\\/#breadcrumb\"},\"inLanguage\":\"en-US\",\"potentialAction\":[{\"@type\":\"ReadAction\",\"target\":[\"https:\\\/\\\/rockers.de\\\/record\\\/motoerhead-the-loest-tapes-vol-3-live-in-malmoe-2000-lp-vinyl\\\/\"]}]},{\"@type\":\"ImageObject\",\"inLanguage\":\"en-US\",\"@id\":\"https:\\\/\\\/rockers.de\\\/record\\\/motoerhead-the-loest-tapes-vol-3-live-in-malmoe-2000-lp-vinyl\\\/#primaryimage\",\"url\":\"https:\\\/\\\/rockers.de\\\/wp-content\\\/uploads\\\/2022\\\/11\\\/Motoerhead-The-Loest-Tapes-Vol.3-Live-In-Malmoe-2000-LP-Vinyl-1.jpg\",\"contentUrl\":\"https:\\\/\\\/rockers.de\\\/wp-content\\\/uploads\\\/2022\\\/11\\\/Motoerhead-The-Loest-Tapes-Vol.3-Live-In-Malmoe-2000-LP-Vinyl-1.jpg\",\"width\":1800,\"height\":1859},{\"@type\":\"BreadcrumbList\",\"@id\":\"https:\\\/\\\/rockers.de\\\/record\\\/motoerhead-the-loest-tapes-vol-3-live-in-malmoe-2000-lp-vinyl\\\/#breadcrumb\",\"itemListElement\":[{\"@type\":\"ListItem\",\"position\":1,\"name\":\"Startseite\",\"item\":\"https:\\\/\\\/rockers.de\\\/\"},{\"@type\":\"ListItem\",\"position\":2,\"name\":\"Shop\",\"item\":\"https:\\\/\\\/rockers.de\\\/shop\\\/\"},{\"@type\":\"ListItem\",\"position\":3,\"name\":\"Mot\u00f6rhead-The L\u00f6st Tapes Vol. 3 (Live In Malm\u00f6 2000)-LP Vinyl\"}]},{\"@type\":\"WebSite\",\"@id\":\"https:\\\/\\\/rockers.de\\\/#website\",\"url\":\"https:\\\/\\\/rockers.de\\\/\",\"name\":\"Rockers Records\",\"description\":\"Dein Schallplatten Store in Hannover\",\"publisher\":{\"@id\":\"https:\\\/\\\/rockers.de\\\/#organization\"},\"potentialAction\":[{\"@type\":\"SearchAction\",\"target\":{\"@type\":\"EntryPoint\",\"urlTemplate\":\"https:\\\/\\\/rockers.de\\\/?s={search_term_string}\"},\"query-input\":{\"@type\":\"PropertyValueSpecification\",\"valueRequired\":true,\"valueName\":\"search_term_string\"}}],\"inLanguage\":\"en-US\"},{\"@type\":\"Organization\",\"@id\":\"https:\\\/\\\/rockers.de\\\/#organization\",\"name\":\"Rockers Records\",\"url\":\"https:\\\/\\\/rockers.de\\\/\",\"logo\":{\"@type\":\"ImageObject\",\"inLanguage\":\"en-US\",\"@id\":\"https:\\\/\\\/rockers.de\\\/#\\\/schema\\\/logo\\\/image\\\/\",\"url\":\"https:\\\/\\\/rockers.de\\\/wp-content\\\/uploads\\\/2022\\\/07\\\/Neue-Website-2022.jpg\",\"contentUrl\":\"https:\\\/\\\/rockers.de\\\/wp-content\\\/uploads\\\/2022\\\/07\\\/Neue-Website-2022.jpg\",\"width\":800,\"height\":800,\"caption\":\"Rockers Records\"},\"image\":{\"@id\":\"https:\\\/\\\/rockers.de\\\/#\\\/schema\\\/logo\\\/image\\\/\"}}]}<\/script>\n<!-- \/ Yoast SEO plugin. -->","yoast_head_json":{"title":"Mot\u00f6rhead-The L\u00f6st Tapes Vol. 3 (Live In Malm\u00f6 2000)-LP Vinyl - Rockers Records","robots":{"index":"index","follow":"follow","max-snippet":"max-snippet:-1","max-image-preview":"max-image-preview:large","max-video-preview":"max-video-preview:-1"},"canonical":"https:\/\/rockers.de\/en\/record\/motoerhead-the-loest-tapes-vol-3-live-in-malmoe-2000-lp-vinyl\/","og_locale":"en_US","og_type":"article","og_title":"Mot\u00f6rhead-The L\u00f6st Tapes Vol. 3 (Live In Malm\u00f6 2000)-LP Vinyl - Rockers Records","og_description":"RSD November 2022 release, double translucent green vinyl in a gatefold cover.  Announced as being limited to 2600 copies.  Recorded Live at KB Hallen, Malm\u00f6, 17th November 2000.  \u00a9 2022 Belle Vue Sunshine Touring Inc., under exclusive license to BMG Rights Management (UK) Limited \u2117 2022 Belle Vue Sunshine Touring Inc., under exclusive license to BMG Rights Management (UK) Limited","og_url":"https:\/\/rockers.de\/en\/record\/motoerhead-the-loest-tapes-vol-3-live-in-malmoe-2000-lp-vinyl\/","og_site_name":"Rockers Records","article_modified_time":"2023-05-05T15:19:44+00:00","og_image":[{"width":1800,"height":1859,"url":"https:\/\/rockers.de\/wp-content\/uploads\/2022\/11\/Motoerhead-The-Loest-Tapes-Vol.3-Live-In-Malmoe-2000-LP-Vinyl-1.jpg","type":"image\/jpeg"}],"twitter_card":"summary_large_image","twitter_misc":{"Est. reading time":"1 minute"},"schema":{"@context":"https:\/\/schema.org","@graph":[{"@type":"WebPage","@id":"https:\/\/rockers.de\/record\/motoerhead-the-loest-tapes-vol-3-live-in-malmoe-2000-lp-vinyl\/","url":"https:\/\/rockers.de\/record\/motoerhead-the-loest-tapes-vol-3-live-in-malmoe-2000-lp-vinyl\/","name":"Mot\u00f6rhead-The L\u00f6st Tapes Vol. 3 (Live In Malm\u00f6 2000)-LP Vinyl - Rockers Records","isPartOf":{"@id":"https:\/\/rockers.de\/#website"},"primaryImageOfPage":{"@id":"https:\/\/rockers.de\/record\/motoerhead-the-loest-tapes-vol-3-live-in-malmoe-2000-lp-vinyl\/#primaryimage"},"image":{"@id":"https:\/\/rockers.de\/record\/motoerhead-the-loest-tapes-vol-3-live-in-malmoe-2000-lp-vinyl\/#primaryimage"},"thumbnailUrl":"https:\/\/rockers.de\/wp-content\/uploads\/2022\/11\/Motoerhead-The-Loest-Tapes-Vol.3-Live-In-Malmoe-2000-LP-Vinyl-1.jpg","datePublished":"2022-11-25T08:59:27+00:00","dateModified":"2023-05-05T15:19:44+00:00","breadcrumb":{"@id":"https:\/\/rockers.de\/record\/motoerhead-the-loest-tapes-vol-3-live-in-malmoe-2000-lp-vinyl\/#breadcrumb"},"inLanguage":"en-US","potentialAction":[{"@type":"ReadAction","target":["https:\/\/rockers.de\/record\/motoerhead-the-loest-tapes-vol-3-live-in-malmoe-2000-lp-vinyl\/"]}]},{"@type":"ImageObject","inLanguage":"en-US","@id":"https:\/\/rockers.de\/record\/motoerhead-the-loest-tapes-vol-3-live-in-malmoe-2000-lp-vinyl\/#primaryimage","url":"https:\/\/rockers.de\/wp-content\/uploads\/2022\/11\/Motoerhead-The-Loest-Tapes-Vol.3-Live-In-Malmoe-2000-LP-Vinyl-1.jpg","contentUrl":"https:\/\/rockers.de\/wp-content\/uploads\/2022\/11\/Motoerhead-The-Loest-Tapes-Vol.3-Live-In-Malmoe-2000-LP-Vinyl-1.jpg","width":1800,"height":1859},{"@type":"BreadcrumbList","@id":"https:\/\/rockers.de\/record\/motoerhead-the-loest-tapes-vol-3-live-in-malmoe-2000-lp-vinyl\/#breadcrumb","itemListElement":[{"@type":"ListItem","position":1,"name":"Startseite","item":"https:\/\/rockers.de\/"},{"@type":"ListItem","position":2,"name":"Shop","item":"https:\/\/rockers.de\/shop\/"},{"@type":"ListItem","position":3,"name":"Mot\u00f6rhead-The L\u00f6st Tapes Vol. 3 (Live In Malm\u00f6 2000)-LP Vinyl"}]},{"@type":"WebSite","@id":"https:\/\/rockers.de\/#website","url":"https:\/\/rockers.de\/","name":"Rockers Records","description":"Your record store in Hanover","publisher":{"@id":"https:\/\/rockers.de\/#organization"},"potentialAction":[{"@type":"SearchAction","target":{"@type":"EntryPoint","urlTemplate":"https:\/\/rockers.de\/?s={search_term_string}"},"query-input":{"@type":"PropertyValueSpecification","valueRequired":true,"valueName":"search_term_string"}}],"inLanguage":"en-US"},{"@type":"Organization","@id":"https:\/\/rockers.de\/#organization","name":"Rockers Records","url":"https:\/\/rockers.de\/","logo":{"@type":"ImageObject","inLanguage":"en-US","@id":"https:\/\/rockers.de\/#\/schema\/logo\/image\/","url":"https:\/\/rockers.de\/wp-content\/uploads\/2022\/07\/Neue-Website-2022.jpg","contentUrl":"https:\/\/rockers.de\/wp-content\/uploads\/2022\/07\/Neue-Website-2022.jpg","width":800,"height":800,"caption":"Rockers Records"},"image":{"@id":"https:\/\/rockers.de\/#\/schema\/logo\/image\/"}}]}},"_links":{"self":[{"href":"https:\/\/rockers.de\/en\/wp-json\/wp\/v2\/product\/80862","targetHints":{"allow":["GET"]}}],"collection":[{"href":"https:\/\/rockers.de\/en\/wp-json\/wp\/v2\/product"}],"about":[{"href":"https:\/\/rockers.de\/en\/wp-json\/wp\/v2\/types\/product"}],"wp:featuredmedia":[{"embeddable":true,"href":"https:\/\/rockers.de\/en\/wp-json\/wp\/v2\/media\/80866"}],"wp:attachment":[{"href":"https:\/\/rockers.de\/en\/wp-json\/wp\/v2\/media?parent=80862"}],"wp:term":[{"taxonomy":"product_brand","embeddable":true,"href":"https:\/\/rockers.de\/en\/wp-json\/wp\/v2\/product_brand?post=80862"},{"taxonomy":"product_cat","embeddable":true,"href":"https:\/\/rockers.de\/en\/wp-json\/wp\/v2\/product_cat?post=80862"},{"taxonomy":"product_tag","embeddable":true,"href":"https:\/\/rockers.de\/en\/wp-json\/wp\/v2\/product_tag?post=80862"}],"curies":[{"name":"wp","href":"https:\/\/api.w.org\/{rel}","templated":true}]}}