{"id":80449,"date":"2022-11-19T17:47:23","date_gmt":"2022-11-19T16:47:23","guid":{"rendered":"https:\/\/rockers.de\/?post_type=product&#038;p=80449"},"modified":"2025-12-20T15:46:30","modified_gmt":"2025-12-20T14:46:30","slug":"1-gefuetterte-innenhuelle-im-lp-format-weiss","status":"publish","type":"product","link":"https:\/\/rockers.de\/en\/record\/1-gefuetterte-innenhuelle-im-lp-format-weiss\/","title":{"rendered":"1 gef\u00fctterte Innenh\u00fclle im LP-Format-wei\u00df"},"content":{"rendered":"<p>1 gef\u00fctterte Innenh\u00fclle im LP-Format, hochwertige Verarbeitung, wei\u00dfes Premiumpapier (80 gr\/m\u00b2), Innenfutter aus antistatischer Folie, verl\u00e4ngerte hintere Lippe zum einfachen \u00d6ffnen (301\/304 x 309 mm) \/ 1 polylined 12&#8243; inner sleeve, high quality, white premium paper (80 gr\/m\u00b2), antistatic lining, extended back lid for easy access (301\/304 x 309 mm)<\/p>","protected":false},"excerpt":{"rendered":"<p>1 St\u00fcck, schwarz (80 gr\/m\u00b2 Papier)<\/p>","protected":false},"featured_media":0,"template":"","meta":{"_acf_changed":false},"product_brand":[],"product_cat":[15257,15041],"product_tag":[],"class_list":{"0":"post-80449","1":"product","2":"type-product","3":"status-publish","5":"product_cat-covers","6":"product_cat-zubehoer","7":"pa_att_genre-zubehoer","9":"first","10":"instock","11":"taxable","12":"shipping-taxable","13":"purchasable","14":"product-type-simple"},"acf":[],"yoast_head":"<!-- This site is optimized with the Yoast SEO plugin v27.3 - https:\/\/yoast.com\/product\/yoast-seo-wordpress\/ -->\n<title>1 gef\u00fctterte Innenh\u00fclle im LP-Format-wei\u00df - Rockers Records<\/title>\n<meta name=\"robots\" content=\"index, follow, max-snippet:-1, max-image-preview:large, max-video-preview:-1\" \/>\n<link rel=\"canonical\" href=\"https:\/\/rockers.de\/en\/record\/1-gefuetterte-innenhuelle-im-lp-format-weiss\/\" \/>\n<meta property=\"og:locale\" content=\"en_US\" \/>\n<meta property=\"og:type\" content=\"article\" \/>\n<meta property=\"og:title\" content=\"1 gef\u00fctterte Innenh\u00fclle im LP-Format-wei\u00df - Rockers Records\" \/>\n<meta property=\"og:description\" content=\"1 St\u00fcck, schwarz (80 gr\/m\u00b2 Papier)\" \/>\n<meta property=\"og:url\" content=\"https:\/\/rockers.de\/en\/record\/1-gefuetterte-innenhuelle-im-lp-format-weiss\/\" \/>\n<meta property=\"og:site_name\" content=\"Rockers Records\" \/>\n<meta property=\"article:modified_time\" content=\"2025-12-20T14:46:30+00:00\" \/>\n<meta name=\"twitter:card\" content=\"summary_large_image\" \/>\n<meta name=\"twitter:label1\" content=\"Est. reading time\" \/>\n\t<meta name=\"twitter:data1\" content=\"1 minute\" \/>\n<script type=\"application\/ld+json\" class=\"yoast-schema-graph\">{\"@context\":\"https:\\\/\\\/schema.org\",\"@graph\":[{\"@type\":\"WebPage\",\"@id\":\"https:\\\/\\\/rockers.de\\\/record\\\/1-gefuetterte-innenhuelle-im-lp-format-weiss\\\/\",\"url\":\"https:\\\/\\\/rockers.de\\\/record\\\/1-gefuetterte-innenhuelle-im-lp-format-weiss\\\/\",\"name\":\"1 gef\u00fctterte Innenh\u00fclle im LP-Format-wei\u00df - Rockers Records\",\"isPartOf\":{\"@id\":\"https:\\\/\\\/rockers.de\\\/#website\"},\"datePublished\":\"2022-11-19T16:47:23+00:00\",\"dateModified\":\"2025-12-20T14:46:30+00:00\",\"breadcrumb\":{\"@id\":\"https:\\\/\\\/rockers.de\\\/record\\\/1-gefuetterte-innenhuelle-im-lp-format-weiss\\\/#breadcrumb\"},\"inLanguage\":\"en-US\",\"potentialAction\":[{\"@type\":\"ReadAction\",\"target\":[\"https:\\\/\\\/rockers.de\\\/record\\\/1-gefuetterte-innenhuelle-im-lp-format-weiss\\\/\"]}]},{\"@type\":\"BreadcrumbList\",\"@id\":\"https:\\\/\\\/rockers.de\\\/record\\\/1-gefuetterte-innenhuelle-im-lp-format-weiss\\\/#breadcrumb\",\"itemListElement\":[{\"@type\":\"ListItem\",\"position\":1,\"name\":\"Startseite\",\"item\":\"https:\\\/\\\/rockers.de\\\/\"},{\"@type\":\"ListItem\",\"position\":2,\"name\":\"Shop\",\"item\":\"https:\\\/\\\/rockers.de\\\/shop\\\/\"},{\"@type\":\"ListItem\",\"position\":3,\"name\":\"1 gef\u00fctterte Innenh\u00fclle im LP-Format-wei\u00df\"}]},{\"@type\":\"WebSite\",\"@id\":\"https:\\\/\\\/rockers.de\\\/#website\",\"url\":\"https:\\\/\\\/rockers.de\\\/\",\"name\":\"Rockers Records\",\"description\":\"Dein Schallplatten Store in Hannover\",\"publisher\":{\"@id\":\"https:\\\/\\\/rockers.de\\\/#organization\"},\"potentialAction\":[{\"@type\":\"SearchAction\",\"target\":{\"@type\":\"EntryPoint\",\"urlTemplate\":\"https:\\\/\\\/rockers.de\\\/?s={search_term_string}\"},\"query-input\":{\"@type\":\"PropertyValueSpecification\",\"valueRequired\":true,\"valueName\":\"search_term_string\"}}],\"inLanguage\":\"en-US\"},{\"@type\":\"Organization\",\"@id\":\"https:\\\/\\\/rockers.de\\\/#organization\",\"name\":\"Rockers Records\",\"url\":\"https:\\\/\\\/rockers.de\\\/\",\"logo\":{\"@type\":\"ImageObject\",\"inLanguage\":\"en-US\",\"@id\":\"https:\\\/\\\/rockers.de\\\/#\\\/schema\\\/logo\\\/image\\\/\",\"url\":\"https:\\\/\\\/rockers.de\\\/wp-content\\\/uploads\\\/2022\\\/07\\\/Neue-Website-2022.jpg\",\"contentUrl\":\"https:\\\/\\\/rockers.de\\\/wp-content\\\/uploads\\\/2022\\\/07\\\/Neue-Website-2022.jpg\",\"width\":800,\"height\":800,\"caption\":\"Rockers Records\"},\"image\":{\"@id\":\"https:\\\/\\\/rockers.de\\\/#\\\/schema\\\/logo\\\/image\\\/\"}}]}<\/script>\n<!-- \/ Yoast SEO plugin. -->","yoast_head_json":{"title":"1 gef\u00fctterte Innenh\u00fclle im LP-Format-wei\u00df - Rockers Records","robots":{"index":"index","follow":"follow","max-snippet":"max-snippet:-1","max-image-preview":"max-image-preview:large","max-video-preview":"max-video-preview:-1"},"canonical":"https:\/\/rockers.de\/en\/record\/1-gefuetterte-innenhuelle-im-lp-format-weiss\/","og_locale":"en_US","og_type":"article","og_title":"1 gef\u00fctterte Innenh\u00fclle im LP-Format-wei\u00df - Rockers Records","og_description":"1 St\u00fcck, schwarz (80 gr\/m\u00b2 Papier)","og_url":"https:\/\/rockers.de\/en\/record\/1-gefuetterte-innenhuelle-im-lp-format-weiss\/","og_site_name":"Rockers Records","article_modified_time":"2025-12-20T14:46:30+00:00","twitter_card":"summary_large_image","twitter_misc":{"Est. reading time":"1 minute"},"schema":{"@context":"https:\/\/schema.org","@graph":[{"@type":"WebPage","@id":"https:\/\/rockers.de\/record\/1-gefuetterte-innenhuelle-im-lp-format-weiss\/","url":"https:\/\/rockers.de\/record\/1-gefuetterte-innenhuelle-im-lp-format-weiss\/","name":"1 gef\u00fctterte Innenh\u00fclle im LP-Format-wei\u00df - Rockers Records","isPartOf":{"@id":"https:\/\/rockers.de\/#website"},"datePublished":"2022-11-19T16:47:23+00:00","dateModified":"2025-12-20T14:46:30+00:00","breadcrumb":{"@id":"https:\/\/rockers.de\/record\/1-gefuetterte-innenhuelle-im-lp-format-weiss\/#breadcrumb"},"inLanguage":"en-US","potentialAction":[{"@type":"ReadAction","target":["https:\/\/rockers.de\/record\/1-gefuetterte-innenhuelle-im-lp-format-weiss\/"]}]},{"@type":"BreadcrumbList","@id":"https:\/\/rockers.de\/record\/1-gefuetterte-innenhuelle-im-lp-format-weiss\/#breadcrumb","itemListElement":[{"@type":"ListItem","position":1,"name":"Startseite","item":"https:\/\/rockers.de\/"},{"@type":"ListItem","position":2,"name":"Shop","item":"https:\/\/rockers.de\/shop\/"},{"@type":"ListItem","position":3,"name":"1 gef\u00fctterte Innenh\u00fclle im LP-Format-wei\u00df"}]},{"@type":"WebSite","@id":"https:\/\/rockers.de\/#website","url":"https:\/\/rockers.de\/","name":"Rockers Records","description":"Your record store in Hanover","publisher":{"@id":"https:\/\/rockers.de\/#organization"},"potentialAction":[{"@type":"SearchAction","target":{"@type":"EntryPoint","urlTemplate":"https:\/\/rockers.de\/?s={search_term_string}"},"query-input":{"@type":"PropertyValueSpecification","valueRequired":true,"valueName":"search_term_string"}}],"inLanguage":"en-US"},{"@type":"Organization","@id":"https:\/\/rockers.de\/#organization","name":"Rockers Records","url":"https:\/\/rockers.de\/","logo":{"@type":"ImageObject","inLanguage":"en-US","@id":"https:\/\/rockers.de\/#\/schema\/logo\/image\/","url":"https:\/\/rockers.de\/wp-content\/uploads\/2022\/07\/Neue-Website-2022.jpg","contentUrl":"https:\/\/rockers.de\/wp-content\/uploads\/2022\/07\/Neue-Website-2022.jpg","width":800,"height":800,"caption":"Rockers Records"},"image":{"@id":"https:\/\/rockers.de\/#\/schema\/logo\/image\/"}}]}},"_links":{"self":[{"href":"https:\/\/rockers.de\/en\/wp-json\/wp\/v2\/product\/80449","targetHints":{"allow":["GET"]}}],"collection":[{"href":"https:\/\/rockers.de\/en\/wp-json\/wp\/v2\/product"}],"about":[{"href":"https:\/\/rockers.de\/en\/wp-json\/wp\/v2\/types\/product"}],"wp:attachment":[{"href":"https:\/\/rockers.de\/en\/wp-json\/wp\/v2\/media?parent=80449"}],"wp:term":[{"taxonomy":"product_brand","embeddable":true,"href":"https:\/\/rockers.de\/en\/wp-json\/wp\/v2\/product_brand?post=80449"},{"taxonomy":"product_cat","embeddable":true,"href":"https:\/\/rockers.de\/en\/wp-json\/wp\/v2\/product_cat?post=80449"},{"taxonomy":"product_tag","embeddable":true,"href":"https:\/\/rockers.de\/en\/wp-json\/wp\/v2\/product_tag?post=80449"}],"curies":[{"name":"wp","href":"https:\/\/api.w.org\/{rel}","templated":true}]}}