{"id":69480,"date":"2022-11-04T15:56:48","date_gmt":"2022-11-04T14:56:48","guid":{"rendered":"https:\/\/rockersstore.de\/record\/innenhuellen-gefuettert-5\/"},"modified":"2025-07-09T17:31:38","modified_gmt":"2025-07-09T15:31:38","slug":"innenhuellen-gefuettert-5","status":"publish","type":"product","link":"https:\/\/rockers.de\/en\/record\/innenhuellen-gefuettert-5\/","title":{"rendered":"Innenh\u00fcllen LP gef\u00fcttert schwarz &#8211; 100 St\u00fcck"},"content":{"rendered":"<p>100 gef\u00fctterte Innenh\u00fcllen im LP-Format, hochwertige Verarbeitung, schwarzes Premiumpapier (80 gr\/m\u00b2), Innenfutter aus antistatischer Folie, verl\u00e4ngerte hintere Lippe zum einfachen \u00d6ffnen (301\/304 x 309 mm) \/ 100 polylined 12&#8243; inner sleeves, high quality, black premium paper (80 gr\/m\u00b2), antistatic lining, extended back lid for easy access (301\/304 x 309 mm)<\/p>","protected":false},"excerpt":{"rendered":"<p>100 St\u00fcck, schwarz (80 gr\/m\u00b2 Papier)<\/p>","protected":false},"featured_media":69555,"template":"","meta":{"_acf_changed":false},"product_brand":[],"product_cat":[15257,15041],"product_tag":[],"class_list":{"0":"post-69480","1":"product","2":"type-product","3":"status-publish","4":"has-post-thumbnail","6":"product_cat-covers","7":"product_cat-zubehoer","8":"pa_att_genre-zubehoer","9":"pa_att_label-rockers-records-3","11":"first","12":"instock","13":"taxable","14":"shipping-taxable","15":"purchasable","16":"product-type-simple"},"acf":[],"yoast_head":"<!-- This site is optimized with the Yoast SEO plugin v27.3 - https:\/\/yoast.com\/product\/yoast-seo-wordpress\/ -->\n<title>Innenh\u00fcllen LP gef\u00fcttert schwarz - 100 St\u00fcck - Rockers Records<\/title>\n<meta name=\"robots\" content=\"index, follow, max-snippet:-1, max-image-preview:large, max-video-preview:-1\" \/>\n<link rel=\"canonical\" href=\"https:\/\/rockers.de\/en\/record\/innenhuellen-gefuettert-5\/\" \/>\n<meta property=\"og:locale\" content=\"en_US\" \/>\n<meta property=\"og:type\" content=\"article\" \/>\n<meta property=\"og:title\" content=\"Innenh\u00fcllen LP gef\u00fcttert schwarz - 100 St\u00fcck - Rockers Records\" \/>\n<meta property=\"og:description\" content=\"100 St\u00fcck, schwarz (80 gr\/m\u00b2 Papier)\" \/>\n<meta property=\"og:url\" content=\"https:\/\/rockers.de\/en\/record\/innenhuellen-gefuettert-5\/\" \/>\n<meta property=\"og:site_name\" content=\"Rockers Records\" \/>\n<meta property=\"article:modified_time\" content=\"2025-07-09T15:31:38+00:00\" \/>\n<meta property=\"og:image\" content=\"https:\/\/rockers.de\/wp-content\/uploads\/2022\/11\/141891a.jpg\" \/>\n\t<meta property=\"og:image:width\" content=\"1536\" \/>\n\t<meta property=\"og:image:height\" content=\"1578\" \/>\n\t<meta property=\"og:image:type\" content=\"image\/jpeg\" \/>\n<meta name=\"twitter:card\" content=\"summary_large_image\" \/>\n<meta name=\"twitter:label1\" content=\"Est. reading time\" \/>\n\t<meta name=\"twitter:data1\" content=\"1 minute\" \/>\n<script type=\"application\/ld+json\" class=\"yoast-schema-graph\">{\"@context\":\"https:\\\/\\\/schema.org\",\"@graph\":[{\"@type\":\"WebPage\",\"@id\":\"https:\\\/\\\/rockers.de\\\/record\\\/innenhuellen-gefuettert-5\\\/\",\"url\":\"https:\\\/\\\/rockers.de\\\/record\\\/innenhuellen-gefuettert-5\\\/\",\"name\":\"Innenh\u00fcllen LP gef\u00fcttert schwarz - 100 St\u00fcck - Rockers Records\",\"isPartOf\":{\"@id\":\"https:\\\/\\\/rockers.de\\\/#website\"},\"primaryImageOfPage\":{\"@id\":\"https:\\\/\\\/rockers.de\\\/record\\\/innenhuellen-gefuettert-5\\\/#primaryimage\"},\"image\":{\"@id\":\"https:\\\/\\\/rockers.de\\\/record\\\/innenhuellen-gefuettert-5\\\/#primaryimage\"},\"thumbnailUrl\":\"https:\\\/\\\/rockers.de\\\/wp-content\\\/uploads\\\/2022\\\/11\\\/141891a.jpg\",\"datePublished\":\"2022-11-04T14:56:48+00:00\",\"dateModified\":\"2025-07-09T15:31:38+00:00\",\"breadcrumb\":{\"@id\":\"https:\\\/\\\/rockers.de\\\/record\\\/innenhuellen-gefuettert-5\\\/#breadcrumb\"},\"inLanguage\":\"en-US\",\"potentialAction\":[{\"@type\":\"ReadAction\",\"target\":[\"https:\\\/\\\/rockers.de\\\/record\\\/innenhuellen-gefuettert-5\\\/\"]}]},{\"@type\":\"ImageObject\",\"inLanguage\":\"en-US\",\"@id\":\"https:\\\/\\\/rockers.de\\\/record\\\/innenhuellen-gefuettert-5\\\/#primaryimage\",\"url\":\"https:\\\/\\\/rockers.de\\\/wp-content\\\/uploads\\\/2022\\\/11\\\/141891a.jpg\",\"contentUrl\":\"https:\\\/\\\/rockers.de\\\/wp-content\\\/uploads\\\/2022\\\/11\\\/141891a.jpg\",\"width\":1536,\"height\":1578},{\"@type\":\"BreadcrumbList\",\"@id\":\"https:\\\/\\\/rockers.de\\\/record\\\/innenhuellen-gefuettert-5\\\/#breadcrumb\",\"itemListElement\":[{\"@type\":\"ListItem\",\"position\":1,\"name\":\"Startseite\",\"item\":\"https:\\\/\\\/rockers.de\\\/\"},{\"@type\":\"ListItem\",\"position\":2,\"name\":\"Shop\",\"item\":\"https:\\\/\\\/rockers.de\\\/shop\\\/\"},{\"@type\":\"ListItem\",\"position\":3,\"name\":\"Innenh\u00fcllen LP gef\u00fcttert schwarz &#8211; 100 St\u00fcck\"}]},{\"@type\":\"WebSite\",\"@id\":\"https:\\\/\\\/rockers.de\\\/#website\",\"url\":\"https:\\\/\\\/rockers.de\\\/\",\"name\":\"Rockers Records\",\"description\":\"Dein Schallplatten Store in Hannover\",\"publisher\":{\"@id\":\"https:\\\/\\\/rockers.de\\\/#organization\"},\"potentialAction\":[{\"@type\":\"SearchAction\",\"target\":{\"@type\":\"EntryPoint\",\"urlTemplate\":\"https:\\\/\\\/rockers.de\\\/?s={search_term_string}\"},\"query-input\":{\"@type\":\"PropertyValueSpecification\",\"valueRequired\":true,\"valueName\":\"search_term_string\"}}],\"inLanguage\":\"en-US\"},{\"@type\":\"Organization\",\"@id\":\"https:\\\/\\\/rockers.de\\\/#organization\",\"name\":\"Rockers Records\",\"url\":\"https:\\\/\\\/rockers.de\\\/\",\"logo\":{\"@type\":\"ImageObject\",\"inLanguage\":\"en-US\",\"@id\":\"https:\\\/\\\/rockers.de\\\/#\\\/schema\\\/logo\\\/image\\\/\",\"url\":\"https:\\\/\\\/rockers.de\\\/wp-content\\\/uploads\\\/2022\\\/07\\\/Neue-Website-2022.jpg\",\"contentUrl\":\"https:\\\/\\\/rockers.de\\\/wp-content\\\/uploads\\\/2022\\\/07\\\/Neue-Website-2022.jpg\",\"width\":800,\"height\":800,\"caption\":\"Rockers Records\"},\"image\":{\"@id\":\"https:\\\/\\\/rockers.de\\\/#\\\/schema\\\/logo\\\/image\\\/\"}}]}<\/script>\n<!-- \/ Yoast SEO plugin. -->","yoast_head_json":{"title":"Innenh\u00fcllen LP gef\u00fcttert schwarz - 100 St\u00fcck - Rockers Records","robots":{"index":"index","follow":"follow","max-snippet":"max-snippet:-1","max-image-preview":"max-image-preview:large","max-video-preview":"max-video-preview:-1"},"canonical":"https:\/\/rockers.de\/en\/record\/innenhuellen-gefuettert-5\/","og_locale":"en_US","og_type":"article","og_title":"Innenh\u00fcllen LP gef\u00fcttert schwarz - 100 St\u00fcck - Rockers Records","og_description":"100 St\u00fcck, schwarz (80 gr\/m\u00b2 Papier)","og_url":"https:\/\/rockers.de\/en\/record\/innenhuellen-gefuettert-5\/","og_site_name":"Rockers Records","article_modified_time":"2025-07-09T15:31:38+00:00","og_image":[{"width":1536,"height":1578,"url":"https:\/\/rockers.de\/wp-content\/uploads\/2022\/11\/141891a.jpg","type":"image\/jpeg"}],"twitter_card":"summary_large_image","twitter_misc":{"Est. reading time":"1 minute"},"schema":{"@context":"https:\/\/schema.org","@graph":[{"@type":"WebPage","@id":"https:\/\/rockers.de\/record\/innenhuellen-gefuettert-5\/","url":"https:\/\/rockers.de\/record\/innenhuellen-gefuettert-5\/","name":"Innenh\u00fcllen LP gef\u00fcttert schwarz - 100 St\u00fcck - Rockers Records","isPartOf":{"@id":"https:\/\/rockers.de\/#website"},"primaryImageOfPage":{"@id":"https:\/\/rockers.de\/record\/innenhuellen-gefuettert-5\/#primaryimage"},"image":{"@id":"https:\/\/rockers.de\/record\/innenhuellen-gefuettert-5\/#primaryimage"},"thumbnailUrl":"https:\/\/rockers.de\/wp-content\/uploads\/2022\/11\/141891a.jpg","datePublished":"2022-11-04T14:56:48+00:00","dateModified":"2025-07-09T15:31:38+00:00","breadcrumb":{"@id":"https:\/\/rockers.de\/record\/innenhuellen-gefuettert-5\/#breadcrumb"},"inLanguage":"en-US","potentialAction":[{"@type":"ReadAction","target":["https:\/\/rockers.de\/record\/innenhuellen-gefuettert-5\/"]}]},{"@type":"ImageObject","inLanguage":"en-US","@id":"https:\/\/rockers.de\/record\/innenhuellen-gefuettert-5\/#primaryimage","url":"https:\/\/rockers.de\/wp-content\/uploads\/2022\/11\/141891a.jpg","contentUrl":"https:\/\/rockers.de\/wp-content\/uploads\/2022\/11\/141891a.jpg","width":1536,"height":1578},{"@type":"BreadcrumbList","@id":"https:\/\/rockers.de\/record\/innenhuellen-gefuettert-5\/#breadcrumb","itemListElement":[{"@type":"ListItem","position":1,"name":"Startseite","item":"https:\/\/rockers.de\/"},{"@type":"ListItem","position":2,"name":"Shop","item":"https:\/\/rockers.de\/shop\/"},{"@type":"ListItem","position":3,"name":"Innenh\u00fcllen LP gef\u00fcttert schwarz &#8211; 100 St\u00fcck"}]},{"@type":"WebSite","@id":"https:\/\/rockers.de\/#website","url":"https:\/\/rockers.de\/","name":"Rockers Records","description":"Your record store in Hanover","publisher":{"@id":"https:\/\/rockers.de\/#organization"},"potentialAction":[{"@type":"SearchAction","target":{"@type":"EntryPoint","urlTemplate":"https:\/\/rockers.de\/?s={search_term_string}"},"query-input":{"@type":"PropertyValueSpecification","valueRequired":true,"valueName":"search_term_string"}}],"inLanguage":"en-US"},{"@type":"Organization","@id":"https:\/\/rockers.de\/#organization","name":"Rockers Records","url":"https:\/\/rockers.de\/","logo":{"@type":"ImageObject","inLanguage":"en-US","@id":"https:\/\/rockers.de\/#\/schema\/logo\/image\/","url":"https:\/\/rockers.de\/wp-content\/uploads\/2022\/07\/Neue-Website-2022.jpg","contentUrl":"https:\/\/rockers.de\/wp-content\/uploads\/2022\/07\/Neue-Website-2022.jpg","width":800,"height":800,"caption":"Rockers Records"},"image":{"@id":"https:\/\/rockers.de\/#\/schema\/logo\/image\/"}}]}},"_links":{"self":[{"href":"https:\/\/rockers.de\/en\/wp-json\/wp\/v2\/product\/69480","targetHints":{"allow":["GET"]}}],"collection":[{"href":"https:\/\/rockers.de\/en\/wp-json\/wp\/v2\/product"}],"about":[{"href":"https:\/\/rockers.de\/en\/wp-json\/wp\/v2\/types\/product"}],"wp:featuredmedia":[{"embeddable":true,"href":"https:\/\/rockers.de\/en\/wp-json\/wp\/v2\/media\/69555"}],"wp:attachment":[{"href":"https:\/\/rockers.de\/en\/wp-json\/wp\/v2\/media?parent=69480"}],"wp:term":[{"taxonomy":"product_brand","embeddable":true,"href":"https:\/\/rockers.de\/en\/wp-json\/wp\/v2\/product_brand?post=69480"},{"taxonomy":"product_cat","embeddable":true,"href":"https:\/\/rockers.de\/en\/wp-json\/wp\/v2\/product_cat?post=69480"},{"taxonomy":"product_tag","embeddable":true,"href":"https:\/\/rockers.de\/en\/wp-json\/wp\/v2\/product_tag?post=69480"}],"curies":[{"name":"wp","href":"https:\/\/api.w.org\/{rel}","templated":true}]}}