{"id":69474,"date":"2022-11-04T15:56:24","date_gmt":"2022-11-04T14:56:24","guid":{"rendered":"https:\/\/rockersstore.de\/record\/huellen-fuer-picture-discs-3\/"},"modified":"2026-02-19T22:23:14","modified_gmt":"2026-02-19T21:23:14","slug":"huellen-fuer-picture-discs-3","status":"publish","type":"product","link":"https:\/\/rockers.de\/en\/record\/huellen-fuer-picture-discs-3\/","title":{"rendered":"H\u00fcllen f\u00fcr Picture Discs"},"content":{"rendered":"<p>50 Schutzh\u00fcllen f\u00fcr 12&#8243; Picture Discs (ca. 305mm x 315mm) aus transparenter Polyethylen-Folie, die H\u00fclle mit Plattte passt in ein Standard-LP-Cover \/ 50 sleeves for picture discs (approx. 305mm x 315mm), transparent polyethylene foil, sleeve with record fits into a standard LP cover<\/p>","protected":false},"excerpt":{"rendered":"<p>50 St\u00fcck PE -H\u00fcllen f\u00fcr 12&#8243; Picture Discs (ca. 305mm x 315mm), transparent<\/p>","protected":false},"featured_media":69554,"template":"","meta":{"_acf_changed":false},"product_brand":[],"product_cat":[15257,15041],"product_tag":[],"class_list":{"0":"post-69474","1":"product","2":"type-product","3":"status-publish","4":"has-post-thumbnail","6":"product_cat-covers","7":"product_cat-zubehoer","8":"pa_att_genre-zubehoer","10":"first","11":"instock","12":"taxable","13":"shipping-taxable","14":"purchasable","15":"product-type-simple"},"acf":[],"yoast_head":"<!-- This site is optimized with the Yoast SEO plugin v27.3 - https:\/\/yoast.com\/product\/yoast-seo-wordpress\/ -->\n<title>H\u00fcllen f\u00fcr Picture Discs - Rockers Records<\/title>\n<meta name=\"robots\" content=\"index, follow, max-snippet:-1, max-image-preview:large, max-video-preview:-1\" \/>\n<link rel=\"canonical\" href=\"https:\/\/rockers.de\/en\/record\/huellen-fuer-picture-discs-3\/\" \/>\n<meta property=\"og:locale\" content=\"en_US\" \/>\n<meta property=\"og:type\" content=\"article\" \/>\n<meta property=\"og:title\" content=\"H\u00fcllen f\u00fcr Picture Discs - Rockers Records\" \/>\n<meta property=\"og:description\" content=\"50 St\u00fcck PE -H\u00fcllen f\u00fcr 12&quot; Picture Discs (ca. 305mm x 315mm), transparent\" \/>\n<meta property=\"og:url\" content=\"https:\/\/rockers.de\/en\/record\/huellen-fuer-picture-discs-3\/\" \/>\n<meta property=\"og:site_name\" content=\"Rockers Records\" \/>\n<meta property=\"article:modified_time\" content=\"2026-02-19T21:23:14+00:00\" \/>\n<meta property=\"og:image\" content=\"https:\/\/rockers.de\/wp-content\/uploads\/2022\/11\/144580a.jpg\" \/>\n\t<meta property=\"og:image:width\" content=\"1536\" \/>\n\t<meta property=\"og:image:height\" content=\"1578\" \/>\n\t<meta property=\"og:image:type\" content=\"image\/jpeg\" \/>\n<meta name=\"twitter:card\" content=\"summary_large_image\" \/>\n<script type=\"application\/ld+json\" class=\"yoast-schema-graph\">{\"@context\":\"https:\\\/\\\/schema.org\",\"@graph\":[{\"@type\":\"WebPage\",\"@id\":\"https:\\\/\\\/rockers.de\\\/record\\\/huellen-fuer-picture-discs-3\\\/\",\"url\":\"https:\\\/\\\/rockers.de\\\/record\\\/huellen-fuer-picture-discs-3\\\/\",\"name\":\"H\u00fcllen f\u00fcr Picture Discs - Rockers Records\",\"isPartOf\":{\"@id\":\"https:\\\/\\\/rockers.de\\\/#website\"},\"primaryImageOfPage\":{\"@id\":\"https:\\\/\\\/rockers.de\\\/record\\\/huellen-fuer-picture-discs-3\\\/#primaryimage\"},\"image\":{\"@id\":\"https:\\\/\\\/rockers.de\\\/record\\\/huellen-fuer-picture-discs-3\\\/#primaryimage\"},\"thumbnailUrl\":\"https:\\\/\\\/rockers.de\\\/wp-content\\\/uploads\\\/2022\\\/11\\\/144580a.jpg\",\"datePublished\":\"2022-11-04T14:56:24+00:00\",\"dateModified\":\"2026-02-19T21:23:14+00:00\",\"breadcrumb\":{\"@id\":\"https:\\\/\\\/rockers.de\\\/record\\\/huellen-fuer-picture-discs-3\\\/#breadcrumb\"},\"inLanguage\":\"en-US\",\"potentialAction\":[{\"@type\":\"ReadAction\",\"target\":[\"https:\\\/\\\/rockers.de\\\/record\\\/huellen-fuer-picture-discs-3\\\/\"]}]},{\"@type\":\"ImageObject\",\"inLanguage\":\"en-US\",\"@id\":\"https:\\\/\\\/rockers.de\\\/record\\\/huellen-fuer-picture-discs-3\\\/#primaryimage\",\"url\":\"https:\\\/\\\/rockers.de\\\/wp-content\\\/uploads\\\/2022\\\/11\\\/144580a.jpg\",\"contentUrl\":\"https:\\\/\\\/rockers.de\\\/wp-content\\\/uploads\\\/2022\\\/11\\\/144580a.jpg\",\"width\":1536,\"height\":1578},{\"@type\":\"BreadcrumbList\",\"@id\":\"https:\\\/\\\/rockers.de\\\/record\\\/huellen-fuer-picture-discs-3\\\/#breadcrumb\",\"itemListElement\":[{\"@type\":\"ListItem\",\"position\":1,\"name\":\"Startseite\",\"item\":\"https:\\\/\\\/rockers.de\\\/\"},{\"@type\":\"ListItem\",\"position\":2,\"name\":\"Shop\",\"item\":\"https:\\\/\\\/rockers.de\\\/shop\\\/\"},{\"@type\":\"ListItem\",\"position\":3,\"name\":\"H\u00fcllen f\u00fcr Picture Discs\"}]},{\"@type\":\"WebSite\",\"@id\":\"https:\\\/\\\/rockers.de\\\/#website\",\"url\":\"https:\\\/\\\/rockers.de\\\/\",\"name\":\"Rockers Records\",\"description\":\"Dein Schallplatten Store in Hannover\",\"publisher\":{\"@id\":\"https:\\\/\\\/rockers.de\\\/#organization\"},\"potentialAction\":[{\"@type\":\"SearchAction\",\"target\":{\"@type\":\"EntryPoint\",\"urlTemplate\":\"https:\\\/\\\/rockers.de\\\/?s={search_term_string}\"},\"query-input\":{\"@type\":\"PropertyValueSpecification\",\"valueRequired\":true,\"valueName\":\"search_term_string\"}}],\"inLanguage\":\"en-US\"},{\"@type\":\"Organization\",\"@id\":\"https:\\\/\\\/rockers.de\\\/#organization\",\"name\":\"Rockers Records\",\"url\":\"https:\\\/\\\/rockers.de\\\/\",\"logo\":{\"@type\":\"ImageObject\",\"inLanguage\":\"en-US\",\"@id\":\"https:\\\/\\\/rockers.de\\\/#\\\/schema\\\/logo\\\/image\\\/\",\"url\":\"https:\\\/\\\/rockers.de\\\/wp-content\\\/uploads\\\/2022\\\/07\\\/Neue-Website-2022.jpg\",\"contentUrl\":\"https:\\\/\\\/rockers.de\\\/wp-content\\\/uploads\\\/2022\\\/07\\\/Neue-Website-2022.jpg\",\"width\":800,\"height\":800,\"caption\":\"Rockers Records\"},\"image\":{\"@id\":\"https:\\\/\\\/rockers.de\\\/#\\\/schema\\\/logo\\\/image\\\/\"}}]}<\/script>\n<!-- \/ Yoast SEO plugin. -->","yoast_head_json":{"title":"H\u00fcllen f\u00fcr Picture Discs - Rockers Records","robots":{"index":"index","follow":"follow","max-snippet":"max-snippet:-1","max-image-preview":"max-image-preview:large","max-video-preview":"max-video-preview:-1"},"canonical":"https:\/\/rockers.de\/en\/record\/huellen-fuer-picture-discs-3\/","og_locale":"en_US","og_type":"article","og_title":"H\u00fcllen f\u00fcr Picture Discs - Rockers Records","og_description":"50 St\u00fcck PE -H\u00fcllen f\u00fcr 12\" Picture Discs (ca. 305mm x 315mm), transparent","og_url":"https:\/\/rockers.de\/en\/record\/huellen-fuer-picture-discs-3\/","og_site_name":"Rockers Records","article_modified_time":"2026-02-19T21:23:14+00:00","og_image":[{"width":1536,"height":1578,"url":"https:\/\/rockers.de\/wp-content\/uploads\/2022\/11\/144580a.jpg","type":"image\/jpeg"}],"twitter_card":"summary_large_image","schema":{"@context":"https:\/\/schema.org","@graph":[{"@type":"WebPage","@id":"https:\/\/rockers.de\/record\/huellen-fuer-picture-discs-3\/","url":"https:\/\/rockers.de\/record\/huellen-fuer-picture-discs-3\/","name":"H\u00fcllen f\u00fcr Picture Discs - Rockers Records","isPartOf":{"@id":"https:\/\/rockers.de\/#website"},"primaryImageOfPage":{"@id":"https:\/\/rockers.de\/record\/huellen-fuer-picture-discs-3\/#primaryimage"},"image":{"@id":"https:\/\/rockers.de\/record\/huellen-fuer-picture-discs-3\/#primaryimage"},"thumbnailUrl":"https:\/\/rockers.de\/wp-content\/uploads\/2022\/11\/144580a.jpg","datePublished":"2022-11-04T14:56:24+00:00","dateModified":"2026-02-19T21:23:14+00:00","breadcrumb":{"@id":"https:\/\/rockers.de\/record\/huellen-fuer-picture-discs-3\/#breadcrumb"},"inLanguage":"en-US","potentialAction":[{"@type":"ReadAction","target":["https:\/\/rockers.de\/record\/huellen-fuer-picture-discs-3\/"]}]},{"@type":"ImageObject","inLanguage":"en-US","@id":"https:\/\/rockers.de\/record\/huellen-fuer-picture-discs-3\/#primaryimage","url":"https:\/\/rockers.de\/wp-content\/uploads\/2022\/11\/144580a.jpg","contentUrl":"https:\/\/rockers.de\/wp-content\/uploads\/2022\/11\/144580a.jpg","width":1536,"height":1578},{"@type":"BreadcrumbList","@id":"https:\/\/rockers.de\/record\/huellen-fuer-picture-discs-3\/#breadcrumb","itemListElement":[{"@type":"ListItem","position":1,"name":"Startseite","item":"https:\/\/rockers.de\/"},{"@type":"ListItem","position":2,"name":"Shop","item":"https:\/\/rockers.de\/shop\/"},{"@type":"ListItem","position":3,"name":"H\u00fcllen f\u00fcr Picture Discs"}]},{"@type":"WebSite","@id":"https:\/\/rockers.de\/#website","url":"https:\/\/rockers.de\/","name":"Rockers Records","description":"Your record store in Hanover","publisher":{"@id":"https:\/\/rockers.de\/#organization"},"potentialAction":[{"@type":"SearchAction","target":{"@type":"EntryPoint","urlTemplate":"https:\/\/rockers.de\/?s={search_term_string}"},"query-input":{"@type":"PropertyValueSpecification","valueRequired":true,"valueName":"search_term_string"}}],"inLanguage":"en-US"},{"@type":"Organization","@id":"https:\/\/rockers.de\/#organization","name":"Rockers Records","url":"https:\/\/rockers.de\/","logo":{"@type":"ImageObject","inLanguage":"en-US","@id":"https:\/\/rockers.de\/#\/schema\/logo\/image\/","url":"https:\/\/rockers.de\/wp-content\/uploads\/2022\/07\/Neue-Website-2022.jpg","contentUrl":"https:\/\/rockers.de\/wp-content\/uploads\/2022\/07\/Neue-Website-2022.jpg","width":800,"height":800,"caption":"Rockers Records"},"image":{"@id":"https:\/\/rockers.de\/#\/schema\/logo\/image\/"}}]}},"_links":{"self":[{"href":"https:\/\/rockers.de\/en\/wp-json\/wp\/v2\/product\/69474","targetHints":{"allow":["GET"]}}],"collection":[{"href":"https:\/\/rockers.de\/en\/wp-json\/wp\/v2\/product"}],"about":[{"href":"https:\/\/rockers.de\/en\/wp-json\/wp\/v2\/types\/product"}],"wp:featuredmedia":[{"embeddable":true,"href":"https:\/\/rockers.de\/en\/wp-json\/wp\/v2\/media\/69554"}],"wp:attachment":[{"href":"https:\/\/rockers.de\/en\/wp-json\/wp\/v2\/media?parent=69474"}],"wp:term":[{"taxonomy":"product_brand","embeddable":true,"href":"https:\/\/rockers.de\/en\/wp-json\/wp\/v2\/product_brand?post=69474"},{"taxonomy":"product_cat","embeddable":true,"href":"https:\/\/rockers.de\/en\/wp-json\/wp\/v2\/product_cat?post=69474"},{"taxonomy":"product_tag","embeddable":true,"href":"https:\/\/rockers.de\/en\/wp-json\/wp\/v2\/product_tag?post=69474"}],"curies":[{"name":"wp","href":"https:\/\/api.w.org\/{rel}","templated":true}]}}