{"id":69465,"date":"2022-11-04T15:55:57","date_gmt":"2022-11-04T14:55:57","guid":{"rendered":"https:\/\/rockersstore.de\/record\/aussenhuellen-pp-duenn-10\/"},"modified":"2026-02-28T17:42:16","modified_gmt":"2026-02-28T16:42:16","slug":"aussenhuellen-pp-duenn-10","status":"publish","type":"product","link":"https:\/\/rockers.de\/en\/record\/aussenhuellen-pp-duenn-10\/","title":{"rendered":"Aussenh\u00fcllen LP PP d\u00fcnn mit Klebelasche &#8211; 100 St\u00fcck"},"content":{"rendered":"<p>100 12&#8243; LP-Au\u00dfenh\u00fcllen (ca. 325mm x 315mm) aus d\u00fcnnem Hochglanz-Kunststoff (PP-Folie, ca. 0,03mm stark) mit 30mm Klebelasche \/ 100 thin glossy plastic 12&#8243; LP outer sleeves (approx. 325mm x 315mm) with 30mm flap with adhesive strip, 0,03mm PP-foil<\/p>","protected":false},"excerpt":{"rendered":"<p>100 St\u00fcck 12&#8243; LP-Au\u00dfenh\u00fcllen (ca. 325mm x 315mm) mit 30mm Klebelasche<\/p>","protected":false},"featured_media":69550,"template":"","meta":{"_acf_changed":false},"product_brand":[],"product_cat":[15257,15041],"product_tag":[],"class_list":{"0":"post-69465","1":"product","2":"type-product","3":"status-publish","4":"has-post-thumbnail","6":"product_cat-covers","7":"product_cat-zubehoer","8":"pa_att_genre-zubehoer","9":"pa_att_label-rockers-records-3","11":"first","12":"instock","13":"taxable","14":"shipping-taxable","15":"purchasable","16":"product-type-simple"},"acf":[],"yoast_head":"<!-- This site is optimized with the Yoast SEO plugin v27.3 - https:\/\/yoast.com\/product\/yoast-seo-wordpress\/ -->\n<title>Aussenh\u00fcllen LP PP d\u00fcnn mit Klebelasche - 100 St\u00fcck - Rockers Records<\/title>\n<meta name=\"robots\" content=\"index, follow, max-snippet:-1, max-image-preview:large, max-video-preview:-1\" \/>\n<link rel=\"canonical\" href=\"https:\/\/rockers.de\/en\/record\/aussenhuellen-pp-duenn-10\/\" \/>\n<meta property=\"og:locale\" content=\"en_US\" \/>\n<meta property=\"og:type\" content=\"article\" \/>\n<meta property=\"og:title\" content=\"Aussenh\u00fcllen LP PP d\u00fcnn mit Klebelasche - 100 St\u00fcck - Rockers Records\" \/>\n<meta property=\"og:description\" content=\"100 St\u00fcck 12&quot; LP-Au\u00dfenh\u00fcllen (ca. 325mm x 315mm) mit 30mm Klebelasche\" \/>\n<meta property=\"og:url\" content=\"https:\/\/rockers.de\/en\/record\/aussenhuellen-pp-duenn-10\/\" \/>\n<meta property=\"og:site_name\" content=\"Rockers Records\" \/>\n<meta property=\"article:modified_time\" content=\"2026-02-28T16:42:16+00:00\" \/>\n<meta property=\"og:image\" content=\"https:\/\/rockers.de\/wp-content\/uploads\/2022\/11\/144564a.jpg\" \/>\n\t<meta property=\"og:image:width\" content=\"1536\" \/>\n\t<meta property=\"og:image:height\" content=\"1578\" \/>\n\t<meta property=\"og:image:type\" content=\"image\/jpeg\" \/>\n<meta name=\"twitter:card\" content=\"summary_large_image\" \/>\n<meta name=\"twitter:label1\" content=\"Est. reading time\" \/>\n\t<meta name=\"twitter:data1\" content=\"1 minute\" \/>\n<script type=\"application\/ld+json\" class=\"yoast-schema-graph\">{\"@context\":\"https:\\\/\\\/schema.org\",\"@graph\":[{\"@type\":\"WebPage\",\"@id\":\"https:\\\/\\\/rockers.de\\\/record\\\/aussenhuellen-pp-duenn-10\\\/\",\"url\":\"https:\\\/\\\/rockers.de\\\/record\\\/aussenhuellen-pp-duenn-10\\\/\",\"name\":\"Aussenh\u00fcllen LP PP d\u00fcnn mit Klebelasche - 100 St\u00fcck - Rockers Records\",\"isPartOf\":{\"@id\":\"https:\\\/\\\/rockers.de\\\/#website\"},\"primaryImageOfPage\":{\"@id\":\"https:\\\/\\\/rockers.de\\\/record\\\/aussenhuellen-pp-duenn-10\\\/#primaryimage\"},\"image\":{\"@id\":\"https:\\\/\\\/rockers.de\\\/record\\\/aussenhuellen-pp-duenn-10\\\/#primaryimage\"},\"thumbnailUrl\":\"https:\\\/\\\/rockers.de\\\/wp-content\\\/uploads\\\/2022\\\/11\\\/144564a.jpg\",\"datePublished\":\"2022-11-04T14:55:57+00:00\",\"dateModified\":\"2026-02-28T16:42:16+00:00\",\"breadcrumb\":{\"@id\":\"https:\\\/\\\/rockers.de\\\/record\\\/aussenhuellen-pp-duenn-10\\\/#breadcrumb\"},\"inLanguage\":\"en-US\",\"potentialAction\":[{\"@type\":\"ReadAction\",\"target\":[\"https:\\\/\\\/rockers.de\\\/record\\\/aussenhuellen-pp-duenn-10\\\/\"]}]},{\"@type\":\"ImageObject\",\"inLanguage\":\"en-US\",\"@id\":\"https:\\\/\\\/rockers.de\\\/record\\\/aussenhuellen-pp-duenn-10\\\/#primaryimage\",\"url\":\"https:\\\/\\\/rockers.de\\\/wp-content\\\/uploads\\\/2022\\\/11\\\/144564a.jpg\",\"contentUrl\":\"https:\\\/\\\/rockers.de\\\/wp-content\\\/uploads\\\/2022\\\/11\\\/144564a.jpg\",\"width\":1536,\"height\":1578},{\"@type\":\"BreadcrumbList\",\"@id\":\"https:\\\/\\\/rockers.de\\\/record\\\/aussenhuellen-pp-duenn-10\\\/#breadcrumb\",\"itemListElement\":[{\"@type\":\"ListItem\",\"position\":1,\"name\":\"Startseite\",\"item\":\"https:\\\/\\\/rockers.de\\\/\"},{\"@type\":\"ListItem\",\"position\":2,\"name\":\"Shop\",\"item\":\"https:\\\/\\\/rockers.de\\\/shop\\\/\"},{\"@type\":\"ListItem\",\"position\":3,\"name\":\"Aussenh\u00fcllen LP PP d\u00fcnn mit Klebelasche &#8211; 100 St\u00fcck\"}]},{\"@type\":\"WebSite\",\"@id\":\"https:\\\/\\\/rockers.de\\\/#website\",\"url\":\"https:\\\/\\\/rockers.de\\\/\",\"name\":\"Rockers Records\",\"description\":\"Dein Schallplatten Store in Hannover\",\"publisher\":{\"@id\":\"https:\\\/\\\/rockers.de\\\/#organization\"},\"potentialAction\":[{\"@type\":\"SearchAction\",\"target\":{\"@type\":\"EntryPoint\",\"urlTemplate\":\"https:\\\/\\\/rockers.de\\\/?s={search_term_string}\"},\"query-input\":{\"@type\":\"PropertyValueSpecification\",\"valueRequired\":true,\"valueName\":\"search_term_string\"}}],\"inLanguage\":\"en-US\"},{\"@type\":\"Organization\",\"@id\":\"https:\\\/\\\/rockers.de\\\/#organization\",\"name\":\"Rockers Records\",\"url\":\"https:\\\/\\\/rockers.de\\\/\",\"logo\":{\"@type\":\"ImageObject\",\"inLanguage\":\"en-US\",\"@id\":\"https:\\\/\\\/rockers.de\\\/#\\\/schema\\\/logo\\\/image\\\/\",\"url\":\"https:\\\/\\\/rockers.de\\\/wp-content\\\/uploads\\\/2022\\\/07\\\/Neue-Website-2022.jpg\",\"contentUrl\":\"https:\\\/\\\/rockers.de\\\/wp-content\\\/uploads\\\/2022\\\/07\\\/Neue-Website-2022.jpg\",\"width\":800,\"height\":800,\"caption\":\"Rockers Records\"},\"image\":{\"@id\":\"https:\\\/\\\/rockers.de\\\/#\\\/schema\\\/logo\\\/image\\\/\"}}]}<\/script>\n<!-- \/ Yoast SEO plugin. -->","yoast_head_json":{"title":"Aussenh\u00fcllen LP PP d\u00fcnn mit Klebelasche - 100 St\u00fcck - Rockers Records","robots":{"index":"index","follow":"follow","max-snippet":"max-snippet:-1","max-image-preview":"max-image-preview:large","max-video-preview":"max-video-preview:-1"},"canonical":"https:\/\/rockers.de\/en\/record\/aussenhuellen-pp-duenn-10\/","og_locale":"en_US","og_type":"article","og_title":"Aussenh\u00fcllen LP PP d\u00fcnn mit Klebelasche - 100 St\u00fcck - Rockers Records","og_description":"100 St\u00fcck 12\" LP-Au\u00dfenh\u00fcllen (ca. 325mm x 315mm) mit 30mm Klebelasche","og_url":"https:\/\/rockers.de\/en\/record\/aussenhuellen-pp-duenn-10\/","og_site_name":"Rockers Records","article_modified_time":"2026-02-28T16:42:16+00:00","og_image":[{"width":1536,"height":1578,"url":"https:\/\/rockers.de\/wp-content\/uploads\/2022\/11\/144564a.jpg","type":"image\/jpeg"}],"twitter_card":"summary_large_image","twitter_misc":{"Est. reading time":"1 minute"},"schema":{"@context":"https:\/\/schema.org","@graph":[{"@type":"WebPage","@id":"https:\/\/rockers.de\/record\/aussenhuellen-pp-duenn-10\/","url":"https:\/\/rockers.de\/record\/aussenhuellen-pp-duenn-10\/","name":"Aussenh\u00fcllen LP PP d\u00fcnn mit Klebelasche - 100 St\u00fcck - Rockers Records","isPartOf":{"@id":"https:\/\/rockers.de\/#website"},"primaryImageOfPage":{"@id":"https:\/\/rockers.de\/record\/aussenhuellen-pp-duenn-10\/#primaryimage"},"image":{"@id":"https:\/\/rockers.de\/record\/aussenhuellen-pp-duenn-10\/#primaryimage"},"thumbnailUrl":"https:\/\/rockers.de\/wp-content\/uploads\/2022\/11\/144564a.jpg","datePublished":"2022-11-04T14:55:57+00:00","dateModified":"2026-02-28T16:42:16+00:00","breadcrumb":{"@id":"https:\/\/rockers.de\/record\/aussenhuellen-pp-duenn-10\/#breadcrumb"},"inLanguage":"en-US","potentialAction":[{"@type":"ReadAction","target":["https:\/\/rockers.de\/record\/aussenhuellen-pp-duenn-10\/"]}]},{"@type":"ImageObject","inLanguage":"en-US","@id":"https:\/\/rockers.de\/record\/aussenhuellen-pp-duenn-10\/#primaryimage","url":"https:\/\/rockers.de\/wp-content\/uploads\/2022\/11\/144564a.jpg","contentUrl":"https:\/\/rockers.de\/wp-content\/uploads\/2022\/11\/144564a.jpg","width":1536,"height":1578},{"@type":"BreadcrumbList","@id":"https:\/\/rockers.de\/record\/aussenhuellen-pp-duenn-10\/#breadcrumb","itemListElement":[{"@type":"ListItem","position":1,"name":"Startseite","item":"https:\/\/rockers.de\/"},{"@type":"ListItem","position":2,"name":"Shop","item":"https:\/\/rockers.de\/shop\/"},{"@type":"ListItem","position":3,"name":"Aussenh\u00fcllen LP PP d\u00fcnn mit Klebelasche &#8211; 100 St\u00fcck"}]},{"@type":"WebSite","@id":"https:\/\/rockers.de\/#website","url":"https:\/\/rockers.de\/","name":"Rockers Records","description":"Your record store in Hanover","publisher":{"@id":"https:\/\/rockers.de\/#organization"},"potentialAction":[{"@type":"SearchAction","target":{"@type":"EntryPoint","urlTemplate":"https:\/\/rockers.de\/?s={search_term_string}"},"query-input":{"@type":"PropertyValueSpecification","valueRequired":true,"valueName":"search_term_string"}}],"inLanguage":"en-US"},{"@type":"Organization","@id":"https:\/\/rockers.de\/#organization","name":"Rockers Records","url":"https:\/\/rockers.de\/","logo":{"@type":"ImageObject","inLanguage":"en-US","@id":"https:\/\/rockers.de\/#\/schema\/logo\/image\/","url":"https:\/\/rockers.de\/wp-content\/uploads\/2022\/07\/Neue-Website-2022.jpg","contentUrl":"https:\/\/rockers.de\/wp-content\/uploads\/2022\/07\/Neue-Website-2022.jpg","width":800,"height":800,"caption":"Rockers Records"},"image":{"@id":"https:\/\/rockers.de\/#\/schema\/logo\/image\/"}}]}},"_links":{"self":[{"href":"https:\/\/rockers.de\/en\/wp-json\/wp\/v2\/product\/69465","targetHints":{"allow":["GET"]}}],"collection":[{"href":"https:\/\/rockers.de\/en\/wp-json\/wp\/v2\/product"}],"about":[{"href":"https:\/\/rockers.de\/en\/wp-json\/wp\/v2\/types\/product"}],"wp:featuredmedia":[{"embeddable":true,"href":"https:\/\/rockers.de\/en\/wp-json\/wp\/v2\/media\/69550"}],"wp:attachment":[{"href":"https:\/\/rockers.de\/en\/wp-json\/wp\/v2\/media?parent=69465"}],"wp:term":[{"taxonomy":"product_brand","embeddable":true,"href":"https:\/\/rockers.de\/en\/wp-json\/wp\/v2\/product_brand?post=69465"},{"taxonomy":"product_cat","embeddable":true,"href":"https:\/\/rockers.de\/en\/wp-json\/wp\/v2\/product_cat?post=69465"},{"taxonomy":"product_tag","embeddable":true,"href":"https:\/\/rockers.de\/en\/wp-json\/wp\/v2\/product_tag?post=69465"}],"curies":[{"name":"wp","href":"https:\/\/api.w.org\/{rel}","templated":true}]}}