{"id":68687,"date":"2022-09-07T10:11:58","date_gmt":"2022-09-07T08:11:58","guid":{"rendered":"https:\/\/rockersstore.de\/record\/zeitschrift-mint-magazin-40-11-20-zeitschrift\/"},"modified":"2022-11-04T14:39:29","modified_gmt":"2022-11-04T13:39:29","slug":"zeitschrift-mint-magazin-40-11-20-zeitschrift","status":"publish","type":"product","link":"https:\/\/rockers.de\/en\/record\/zeitschrift-mint-magazin-40-11-20-zeitschrift\/","title":{"rendered":"Zeitschrift-Mint Magazin # 40 11\/20-Zeitschrift"},"content":{"rendered":"<p>Themen MINT Nr. 40 Titelstory: 50 Jahre Kraftwerk Vor 50 Jahren erschien das erste Album von Kraftwerk. Auch wenn die D\u00fcsseldorfer Band um Ralf H\u00fctter und den im Fr\u00fchjahr verstorbenen Florian Schneider diese Platte gerne verschweigt, hat MINT sie zum Anlass genommen, das Ph\u00e4nomen Kraftwerk auf 50 Seiten umfassend zu betrachten. Daf\u00fcr sprachen wir unter anderem mit Ex-Mitglied Michael Rother, K\u00fcnstler Emil Schult und Fotograf Peter Boettcher, waren auf Spurensuche im legend\u00e4ren Kling-Klang-Studio und n\u00e4hern uns dem einzigartigen Werk der weltweit einflussreichsten Band aus Deutschland \u00fcber ihre Platten. Aus Liebe zum Vinyl MINT hat das Berliner Label Pelagic besucht, das nicht nur die Heimat einiger der derzeit wichtigsten progressiven Metal-Bands ist, sondern auch f\u00fcr ganz besonders aufw\u00e4ndige Ver\u00f6ffentlichungen auf Vinyl steht. Zuhause Platten pressen In Berlin ist der erste Prototyp einer Plattenschneidemaschine f\u00fcr den Hausgebrauch in Betrieb. MINT hat ihn gemeinsam mit Art-Brut-S\u00e4nger Eddie Argos ausprobiert. Platten an der Wand Plattencover sind Kunst \u2013 und so sollte man sie auch behandeln. MINT stellt verschiedene Rahmensysteme speziell f\u00fcr Schallplatten vor, mit denen man seine Lieblingsst\u00fccke an die Wand h\u00e4ngen und trotzdem weiterhin h\u00f6ren kann. The Soundtrack Of My Life: Wayne Coyne Der exzentrische S\u00e4nger der Indierock-Band Flaming Lips erz\u00e4hlt MINT, warum er erst 50 Jahre alt werden musste, um Bitches Brew von Miles Davis zu verstehen \u2013 und was ihn das Album f\u00fcr seine eigene k\u00fcnstlerische Arbeit gelehrt hat. Wider das Knistern und Knacken Vom Reinigungsspray bis zur Schallplattenb\u00fcrste \u2013 MINT testet verschiedener Produkte, die f\u00fcr ein knister- und knackfreies H\u00f6rvergn\u00fcgen sorgen. Weitere Themen der Ausgabe Neue Boxen, Plattenspieler und Verst\u00e4rker im Praxistest, \u00fcber 70 LP-Besprechungen, die Rubrik \u201e33 1\/3 Cover\u201c, News-Features, Vinyl-Vorschau, das Sleeveface des Monats und vieles mehr.<\/p>","protected":false},"excerpt":{"rendered":"<p>Themen MINT Nr. 40 Titelstory: 50 Jahre Kraftwerk Vor 50 Jahren erschien das erste Album von Kraftwerk. Auch wenn die D\u00fcsseldorfer Band um Ralf H\u00fctter und den im Fr\u00fchjahr verstorbenen Florian Schneider diese Platte gerne verschweigt, hat MINT sie zum Anlass genommen, das Ph\u00e4nomen Kraftwerk auf 50 Seiten umfassend zu betrachten. Daf\u00fcr sprachen wir unter anderem mit Ex-Mitglied Michael Rother, K\u00fcnstler Emil Schult und Fotograf Peter Boettcher, waren auf Spurensuche im legend\u00e4ren Kling-Klang-Studio und n\u00e4hern uns dem einzigartigen Werk der weltweit einflussreichsten Band aus Deutschland \u00fcber ihre Platten. Aus Liebe zum Vinyl MINT hat das Berliner Label Pelagic besucht, das nicht nur die Heimat einiger der derzeit wichtigsten progressiven Metal-Bands ist, sondern auch f\u00fcr ganz besonders aufw\u00e4ndige Ver\u00f6ffentlichungen auf Vinyl steht. Zuhause Platten pressen In Berlin ist der erste Prototyp einer Plattenschneidemaschine f\u00fcr den Hausgebrauch in Betrieb. MINT hat ihn gemeinsam mit Art-Brut-S\u00e4nger Eddie Argos ausprobiert. Platten an der Wand Plattencover sind Kunst \u2013 und so sollte man sie auch behandeln. MINT stellt verschiedene Rahmensysteme speziell f\u00fcr Schallplatten vor, mit denen man seine Lieblingsst\u00fccke an die Wand h\u00e4ngen und trotzdem weiterhin h\u00f6ren kann. The Soundtrack Of My Life: Wayne Coyne Der exzentrische S\u00e4nger der Indierock-Band Flaming Lips erz\u00e4hlt MINT, warum er erst 50 Jahre alt werden musste, um Bitches Brew von Miles Davis zu verstehen \u2013 und was ihn das Album f\u00fcr seine eigene k\u00fcnstlerische Arbeit gelehrt hat. Wider das Knistern und Knacken Vom Reinigungsspray bis zur Schallplattenb\u00fcrste \u2013 MINT testet verschiedener Produkte, die f\u00fcr ein knister- und knackfreies H\u00f6rvergn\u00fcgen sorgen. Weitere Themen der Ausgabe Neue Boxen, Plattenspieler und Verst\u00e4rker im Praxistest, \u00fcber 70 LP-Besprechungen, die Rubrik \u201e33 1\/3 Cover\u201c, News-Features, Vinyl-Vorschau, das Sleeveface des Monats und vieles mehr.<\/p>","protected":false},"featured_media":68688,"template":"","meta":{"_acf_changed":false},"product_brand":[],"product_cat":[289],"product_tag":[],"class_list":{"0":"post-68687","1":"product","2":"type-product","3":"status-publish","4":"has-post-thumbnail","6":"product_cat-pop","7":"pa_att_artist-zeitschrift","8":"pa_att_format-zeitschrift","9":"pa_att_genre-unbekannt","10":"pa_att_land-germany","12":"first","13":"outofstock","14":"taxable","15":"shipping-taxable","16":"purchasable","17":"product-type-simple"},"acf":[],"yoast_head":"<!-- This site is optimized with the Yoast SEO plugin v27.3 - https:\/\/yoast.com\/product\/yoast-seo-wordpress\/ -->\n<title>Zeitschrift-Mint Magazin # 40 11\/20-Zeitschrift - Rockers Records<\/title>\n<meta name=\"robots\" content=\"index, follow, max-snippet:-1, max-image-preview:large, max-video-preview:-1\" \/>\n<link rel=\"canonical\" href=\"https:\/\/rockers.de\/en\/record\/zeitschrift-mint-magazin-40-11-20-zeitschrift\/\" \/>\n<meta property=\"og:locale\" content=\"en_US\" \/>\n<meta property=\"og:type\" content=\"article\" \/>\n<meta property=\"og:title\" content=\"Zeitschrift-Mint Magazin # 40 11\/20-Zeitschrift - Rockers Records\" \/>\n<meta property=\"og:description\" content=\"Themen MINT Nr. 40 Titelstory: 50 Jahre Kraftwerk Vor 50 Jahren erschien das erste Album von Kraftwerk. Auch wenn die D\u00fcsseldorfer Band um Ralf H\u00fctter und den im Fr\u00fchjahr verstorbenen Florian Schneider diese Platte gerne verschweigt, hat MINT sie zum Anlass genommen, das Ph\u00e4nomen Kraftwerk auf 50 Seiten umfassend zu betrachten. Daf\u00fcr sprachen wir unter anderem mit Ex-Mitglied Michael Rother, K\u00fcnstler Emil Schult und Fotograf Peter Boettcher, waren auf Spurensuche im legend\u00e4ren Kling-Klang-Studio und n\u00e4hern uns dem einzigartigen Werk der weltweit einflussreichsten Band aus Deutschland \u00fcber ihre Platten. Aus Liebe zum Vinyl MINT hat das Berliner Label Pelagic besucht, das nicht nur die Heimat einiger der derzeit wichtigsten progressiven Metal-Bands ist, sondern auch f\u00fcr ganz besonders aufw\u00e4ndige Ver\u00f6ffentlichungen auf Vinyl steht. Zuhause Platten pressen In Berlin ist der erste Prototyp einer Plattenschneidemaschine f\u00fcr den Hausgebrauch in Betrieb. MINT hat ihn gemeinsam mit Art-Brut-S\u00e4nger Eddie Argos ausprobiert. Platten an der Wand Plattencover sind Kunst \u2013 und so sollte man sie auch behandeln. MINT stellt verschiedene Rahmensysteme speziell f\u00fcr Schallplatten vor, mit denen man seine Lieblingsst\u00fccke an die Wand h\u00e4ngen und trotzdem weiterhin h\u00f6ren kann. The Soundtrack Of My Life: Wayne Coyne Der exzentrische S\u00e4nger der Indierock-Band Flaming Lips erz\u00e4hlt MINT, warum er erst 50 Jahre alt werden musste, um Bitches Brew von Miles Davis zu verstehen \u2013 und was ihn das Album f\u00fcr seine eigene k\u00fcnstlerische Arbeit gelehrt hat. Wider das Knistern und Knacken Vom Reinigungsspray bis zur Schallplattenb\u00fcrste \u2013 MINT testet verschiedener Produkte, die f\u00fcr ein knister- und knackfreies H\u00f6rvergn\u00fcgen sorgen. Weitere Themen der Ausgabe Neue Boxen, Plattenspieler und Verst\u00e4rker im Praxistest, \u00fcber 70 LP-Besprechungen, die Rubrik \u201e33 1\/3 Cover\u201c, News-Features, Vinyl-Vorschau, das Sleeveface des Monats und vieles mehr.\" \/>\n<meta property=\"og:url\" content=\"https:\/\/rockers.de\/en\/record\/zeitschrift-mint-magazin-40-11-20-zeitschrift\/\" \/>\n<meta property=\"og:site_name\" content=\"Rockers Records\" \/>\n<meta property=\"article:modified_time\" content=\"2022-11-04T13:39:29+00:00\" \/>\n<meta property=\"og:image\" content=\"https:\/\/rockers.de\/wp-content\/uploads\/2022\/09\/Zeitschrift-Mint-Magazin-40-1120-Zeitschrift.jpg\" \/>\n\t<meta property=\"og:image:width\" content=\"1536\" \/>\n\t<meta property=\"og:image:height\" content=\"2153\" \/>\n\t<meta property=\"og:image:type\" content=\"image\/jpeg\" \/>\n<meta name=\"twitter:card\" content=\"summary_large_image\" \/>\n<meta name=\"twitter:label1\" content=\"Est. reading time\" \/>\n\t<meta name=\"twitter:data1\" content=\"1 minute\" \/>\n<script type=\"application\/ld+json\" class=\"yoast-schema-graph\">{\"@context\":\"https:\\\/\\\/schema.org\",\"@graph\":[{\"@type\":\"WebPage\",\"@id\":\"https:\\\/\\\/rockers.de\\\/record\\\/zeitschrift-mint-magazin-40-11-20-zeitschrift\\\/\",\"url\":\"https:\\\/\\\/rockers.de\\\/record\\\/zeitschrift-mint-magazin-40-11-20-zeitschrift\\\/\",\"name\":\"Zeitschrift-Mint Magazin # 40 11\\\/20-Zeitschrift - Rockers Records\",\"isPartOf\":{\"@id\":\"https:\\\/\\\/rockers.de\\\/#website\"},\"primaryImageOfPage\":{\"@id\":\"https:\\\/\\\/rockers.de\\\/record\\\/zeitschrift-mint-magazin-40-11-20-zeitschrift\\\/#primaryimage\"},\"image\":{\"@id\":\"https:\\\/\\\/rockers.de\\\/record\\\/zeitschrift-mint-magazin-40-11-20-zeitschrift\\\/#primaryimage\"},\"thumbnailUrl\":\"https:\\\/\\\/rockers.de\\\/wp-content\\\/uploads\\\/2022\\\/09\\\/Zeitschrift-Mint-Magazin-40-1120-Zeitschrift.jpg\",\"datePublished\":\"2022-09-07T08:11:58+00:00\",\"dateModified\":\"2022-11-04T13:39:29+00:00\",\"breadcrumb\":{\"@id\":\"https:\\\/\\\/rockers.de\\\/record\\\/zeitschrift-mint-magazin-40-11-20-zeitschrift\\\/#breadcrumb\"},\"inLanguage\":\"en-US\",\"potentialAction\":[{\"@type\":\"ReadAction\",\"target\":[\"https:\\\/\\\/rockers.de\\\/record\\\/zeitschrift-mint-magazin-40-11-20-zeitschrift\\\/\"]}]},{\"@type\":\"ImageObject\",\"inLanguage\":\"en-US\",\"@id\":\"https:\\\/\\\/rockers.de\\\/record\\\/zeitschrift-mint-magazin-40-11-20-zeitschrift\\\/#primaryimage\",\"url\":\"https:\\\/\\\/rockers.de\\\/wp-content\\\/uploads\\\/2022\\\/09\\\/Zeitschrift-Mint-Magazin-40-1120-Zeitschrift.jpg\",\"contentUrl\":\"https:\\\/\\\/rockers.de\\\/wp-content\\\/uploads\\\/2022\\\/09\\\/Zeitschrift-Mint-Magazin-40-1120-Zeitschrift.jpg\",\"width\":1536,\"height\":2153,\"caption\":\"Zeitschrift-Mint Magazin # 40 11\\\/20-Zeitschrift-01\"},{\"@type\":\"BreadcrumbList\",\"@id\":\"https:\\\/\\\/rockers.de\\\/record\\\/zeitschrift-mint-magazin-40-11-20-zeitschrift\\\/#breadcrumb\",\"itemListElement\":[{\"@type\":\"ListItem\",\"position\":1,\"name\":\"Startseite\",\"item\":\"https:\\\/\\\/rockers.de\\\/\"},{\"@type\":\"ListItem\",\"position\":2,\"name\":\"Shop\",\"item\":\"https:\\\/\\\/rockers.de\\\/shop\\\/\"},{\"@type\":\"ListItem\",\"position\":3,\"name\":\"Zeitschrift-Mint Magazin # 40 11\\\/20-Zeitschrift\"}]},{\"@type\":\"WebSite\",\"@id\":\"https:\\\/\\\/rockers.de\\\/#website\",\"url\":\"https:\\\/\\\/rockers.de\\\/\",\"name\":\"Rockers Records\",\"description\":\"Dein Schallplatten Store in Hannover\",\"publisher\":{\"@id\":\"https:\\\/\\\/rockers.de\\\/#organization\"},\"potentialAction\":[{\"@type\":\"SearchAction\",\"target\":{\"@type\":\"EntryPoint\",\"urlTemplate\":\"https:\\\/\\\/rockers.de\\\/?s={search_term_string}\"},\"query-input\":{\"@type\":\"PropertyValueSpecification\",\"valueRequired\":true,\"valueName\":\"search_term_string\"}}],\"inLanguage\":\"en-US\"},{\"@type\":\"Organization\",\"@id\":\"https:\\\/\\\/rockers.de\\\/#organization\",\"name\":\"Rockers Records\",\"url\":\"https:\\\/\\\/rockers.de\\\/\",\"logo\":{\"@type\":\"ImageObject\",\"inLanguage\":\"en-US\",\"@id\":\"https:\\\/\\\/rockers.de\\\/#\\\/schema\\\/logo\\\/image\\\/\",\"url\":\"https:\\\/\\\/rockers.de\\\/wp-content\\\/uploads\\\/2022\\\/07\\\/Neue-Website-2022.jpg\",\"contentUrl\":\"https:\\\/\\\/rockers.de\\\/wp-content\\\/uploads\\\/2022\\\/07\\\/Neue-Website-2022.jpg\",\"width\":800,\"height\":800,\"caption\":\"Rockers Records\"},\"image\":{\"@id\":\"https:\\\/\\\/rockers.de\\\/#\\\/schema\\\/logo\\\/image\\\/\"}}]}<\/script>\n<!-- \/ Yoast SEO plugin. -->","yoast_head_json":{"title":"Zeitschrift-Mint Magazin # 40 11\/20-Zeitschrift - Rockers Records","robots":{"index":"index","follow":"follow","max-snippet":"max-snippet:-1","max-image-preview":"max-image-preview:large","max-video-preview":"max-video-preview:-1"},"canonical":"https:\/\/rockers.de\/en\/record\/zeitschrift-mint-magazin-40-11-20-zeitschrift\/","og_locale":"en_US","og_type":"article","og_title":"Zeitschrift-Mint Magazin # 40 11\/20-Zeitschrift - Rockers Records","og_description":"Themen MINT Nr. 40 Titelstory: 50 Jahre Kraftwerk Vor 50 Jahren erschien das erste Album von Kraftwerk. Auch wenn die D\u00fcsseldorfer Band um Ralf H\u00fctter und den im Fr\u00fchjahr verstorbenen Florian Schneider diese Platte gerne verschweigt, hat MINT sie zum Anlass genommen, das Ph\u00e4nomen Kraftwerk auf 50 Seiten umfassend zu betrachten. Daf\u00fcr sprachen wir unter anderem mit Ex-Mitglied Michael Rother, K\u00fcnstler Emil Schult und Fotograf Peter Boettcher, waren auf Spurensuche im legend\u00e4ren Kling-Klang-Studio und n\u00e4hern uns dem einzigartigen Werk der weltweit einflussreichsten Band aus Deutschland \u00fcber ihre Platten. Aus Liebe zum Vinyl MINT hat das Berliner Label Pelagic besucht, das nicht nur die Heimat einiger der derzeit wichtigsten progressiven Metal-Bands ist, sondern auch f\u00fcr ganz besonders aufw\u00e4ndige Ver\u00f6ffentlichungen auf Vinyl steht. Zuhause Platten pressen In Berlin ist der erste Prototyp einer Plattenschneidemaschine f\u00fcr den Hausgebrauch in Betrieb. MINT hat ihn gemeinsam mit Art-Brut-S\u00e4nger Eddie Argos ausprobiert. Platten an der Wand Plattencover sind Kunst \u2013 und so sollte man sie auch behandeln. MINT stellt verschiedene Rahmensysteme speziell f\u00fcr Schallplatten vor, mit denen man seine Lieblingsst\u00fccke an die Wand h\u00e4ngen und trotzdem weiterhin h\u00f6ren kann. The Soundtrack Of My Life: Wayne Coyne Der exzentrische S\u00e4nger der Indierock-Band Flaming Lips erz\u00e4hlt MINT, warum er erst 50 Jahre alt werden musste, um Bitches Brew von Miles Davis zu verstehen \u2013 und was ihn das Album f\u00fcr seine eigene k\u00fcnstlerische Arbeit gelehrt hat. Wider das Knistern und Knacken Vom Reinigungsspray bis zur Schallplattenb\u00fcrste \u2013 MINT testet verschiedener Produkte, die f\u00fcr ein knister- und knackfreies H\u00f6rvergn\u00fcgen sorgen. Weitere Themen der Ausgabe Neue Boxen, Plattenspieler und Verst\u00e4rker im Praxistest, \u00fcber 70 LP-Besprechungen, die Rubrik \u201e33 1\/3 Cover\u201c, News-Features, Vinyl-Vorschau, das Sleeveface des Monats und vieles mehr.","og_url":"https:\/\/rockers.de\/en\/record\/zeitschrift-mint-magazin-40-11-20-zeitschrift\/","og_site_name":"Rockers Records","article_modified_time":"2022-11-04T13:39:29+00:00","og_image":[{"width":1536,"height":2153,"url":"https:\/\/rockers.de\/wp-content\/uploads\/2022\/09\/Zeitschrift-Mint-Magazin-40-1120-Zeitschrift.jpg","type":"image\/jpeg"}],"twitter_card":"summary_large_image","twitter_misc":{"Est. reading time":"1 minute"},"schema":{"@context":"https:\/\/schema.org","@graph":[{"@type":"WebPage","@id":"https:\/\/rockers.de\/record\/zeitschrift-mint-magazin-40-11-20-zeitschrift\/","url":"https:\/\/rockers.de\/record\/zeitschrift-mint-magazin-40-11-20-zeitschrift\/","name":"Zeitschrift-Mint Magazin # 40 11\/20-Zeitschrift - Rockers Records","isPartOf":{"@id":"https:\/\/rockers.de\/#website"},"primaryImageOfPage":{"@id":"https:\/\/rockers.de\/record\/zeitschrift-mint-magazin-40-11-20-zeitschrift\/#primaryimage"},"image":{"@id":"https:\/\/rockers.de\/record\/zeitschrift-mint-magazin-40-11-20-zeitschrift\/#primaryimage"},"thumbnailUrl":"https:\/\/rockers.de\/wp-content\/uploads\/2022\/09\/Zeitschrift-Mint-Magazin-40-1120-Zeitschrift.jpg","datePublished":"2022-09-07T08:11:58+00:00","dateModified":"2022-11-04T13:39:29+00:00","breadcrumb":{"@id":"https:\/\/rockers.de\/record\/zeitschrift-mint-magazin-40-11-20-zeitschrift\/#breadcrumb"},"inLanguage":"en-US","potentialAction":[{"@type":"ReadAction","target":["https:\/\/rockers.de\/record\/zeitschrift-mint-magazin-40-11-20-zeitschrift\/"]}]},{"@type":"ImageObject","inLanguage":"en-US","@id":"https:\/\/rockers.de\/record\/zeitschrift-mint-magazin-40-11-20-zeitschrift\/#primaryimage","url":"https:\/\/rockers.de\/wp-content\/uploads\/2022\/09\/Zeitschrift-Mint-Magazin-40-1120-Zeitschrift.jpg","contentUrl":"https:\/\/rockers.de\/wp-content\/uploads\/2022\/09\/Zeitschrift-Mint-Magazin-40-1120-Zeitschrift.jpg","width":1536,"height":2153,"caption":"Zeitschrift-Mint Magazin # 40 11\/20-Zeitschrift-01"},{"@type":"BreadcrumbList","@id":"https:\/\/rockers.de\/record\/zeitschrift-mint-magazin-40-11-20-zeitschrift\/#breadcrumb","itemListElement":[{"@type":"ListItem","position":1,"name":"Startseite","item":"https:\/\/rockers.de\/"},{"@type":"ListItem","position":2,"name":"Shop","item":"https:\/\/rockers.de\/shop\/"},{"@type":"ListItem","position":3,"name":"Zeitschrift-Mint Magazin # 40 11\/20-Zeitschrift"}]},{"@type":"WebSite","@id":"https:\/\/rockers.de\/#website","url":"https:\/\/rockers.de\/","name":"Rockers Records","description":"Your record store in Hanover","publisher":{"@id":"https:\/\/rockers.de\/#organization"},"potentialAction":[{"@type":"SearchAction","target":{"@type":"EntryPoint","urlTemplate":"https:\/\/rockers.de\/?s={search_term_string}"},"query-input":{"@type":"PropertyValueSpecification","valueRequired":true,"valueName":"search_term_string"}}],"inLanguage":"en-US"},{"@type":"Organization","@id":"https:\/\/rockers.de\/#organization","name":"Rockers Records","url":"https:\/\/rockers.de\/","logo":{"@type":"ImageObject","inLanguage":"en-US","@id":"https:\/\/rockers.de\/#\/schema\/logo\/image\/","url":"https:\/\/rockers.de\/wp-content\/uploads\/2022\/07\/Neue-Website-2022.jpg","contentUrl":"https:\/\/rockers.de\/wp-content\/uploads\/2022\/07\/Neue-Website-2022.jpg","width":800,"height":800,"caption":"Rockers Records"},"image":{"@id":"https:\/\/rockers.de\/#\/schema\/logo\/image\/"}}]}},"_links":{"self":[{"href":"https:\/\/rockers.de\/en\/wp-json\/wp\/v2\/product\/68687","targetHints":{"allow":["GET"]}}],"collection":[{"href":"https:\/\/rockers.de\/en\/wp-json\/wp\/v2\/product"}],"about":[{"href":"https:\/\/rockers.de\/en\/wp-json\/wp\/v2\/types\/product"}],"wp:featuredmedia":[{"embeddable":true,"href":"https:\/\/rockers.de\/en\/wp-json\/wp\/v2\/media\/68688"}],"wp:attachment":[{"href":"https:\/\/rockers.de\/en\/wp-json\/wp\/v2\/media?parent=68687"}],"wp:term":[{"taxonomy":"product_brand","embeddable":true,"href":"https:\/\/rockers.de\/en\/wp-json\/wp\/v2\/product_brand?post=68687"},{"taxonomy":"product_cat","embeddable":true,"href":"https:\/\/rockers.de\/en\/wp-json\/wp\/v2\/product_cat?post=68687"},{"taxonomy":"product_tag","embeddable":true,"href":"https:\/\/rockers.de\/en\/wp-json\/wp\/v2\/product_tag?post=68687"}],"curies":[{"name":"wp","href":"https:\/\/api.w.org\/{rel}","templated":true}]}}