{"id":68685,"date":"2022-09-07T10:11:49","date_gmt":"2022-09-07T08:11:49","guid":{"rendered":"https:\/\/rockersstore.de\/record\/zeitschrift-mint-magazin-37-07-20-zeitschrift\/"},"modified":"2022-11-04T14:40:37","modified_gmt":"2022-11-04T13:40:37","slug":"zeitschrift-mint-magazin-37-07-20-zeitschrift","status":"publish","type":"product","link":"https:\/\/rockers.de\/en\/record\/zeitschrift-mint-magazin-37-07-20-zeitschrift\/","title":{"rendered":"Zeitschrift-Mint Magazin # 37 07\/20-Zeitschrift"},"content":{"rendered":"<p>Themen MINT Nr. 37 Titelstory: 1970 Die 70er sind unbestritten das Jahrzehnt des Rock. In den zehn Jahren bis 1979 erscheinen zahlreiche wegweisende Alben. MINT widmet sich dem Jahr, das am \u00dcbergang zwischen den politisch bewegten sp\u00e4ten 60ern und den eher hedonistisch orientierten 70ern steht, auf mehr als 30 Seiten. So nehmen wir das Cover des 1970 erschienenen Miles-Davis-Klassikers Bitches Brew unter die Lupe, widmen uns in einer gro\u00dfen Chronik (nicht nur) den musikalischen Gro\u00dfereignissen des Jahres und gehen in einem Essay der Frage nach, wie 1970 die Basis f\u00fcr die sp\u00e4teren Entwicklungen in der Rockmusik gelegt wurden. Zuhause ist, wo die Plattensammlung steht Marc Janssen geh\u00f6rt zu den weltweit profiliertesten Experten, wenn es um Platten des legend\u00e4ren Soul-Labels Motown geht. das ist nicht verwunderlich, schlie\u00dflich besitzt er jede einzelne Platte, die dort ver\u00f6ffentlicht wurde. MINT hat er seine Sammlung gezeigt. Tropicalia MINT-Autor J\u00f6rg S\u00e4dler taucht f\u00fcr uns in die Welt der Tropicalia ein. Er zeigt, warum das genre eine unmittelbare Reaktion auf die politischen Verh\u00e4ltnisse in S\u00fcdamerika war und stellt wichtige Platten und K\u00fcnstler des Genres vor, das l\u00e4ngst auch in unserer Hemisph\u00e4re Fans gefunden hat. Master Class: Peter Gabriel &#8211; So In aller Ausf\u00fchrlichkeit widmet sich MINT-Autor Frank Wonneberg So von Peter Gabriel, mit dem der ehemalige Genesis-S\u00e4nger endg\u00fcltig im Mainstream ankam. Er skizziert dessen Entstehungsgeschichte und vergleicht die verschiedenen Pressungen. Legend\u00e4re Labels: Rough Trade Geoff Travis\u2019 Label Rough Trade hat in mehrerer Hinsicht Geschichte geschrieben: Es war eins der ersten Independent-Labels in Gro\u00dfbritannien \u00fcberhaupt, entwickelte sich parallel zu einem der wichtigsten Vertriebe f\u00fcr eben diese Labels, bevor es nicht unverschuldet pleite ging. Erst Anfang der 00er Jahre kehrte das Label zur\u00fcck \u2013 und damit auch der Erfolg. Weitere Themen der Ausgabe Neue Boxen, Verst\u00e4rker und Plattenspieler im Praxistest, \u00fcber 75 LP-Besprechungen, die Rubrik \u201e33 1\/3 Cover\u201c, News-Features, Vinyl-Vorschau, das Sleeveface des Monats und vieles mehr.<\/p>","protected":false},"excerpt":{"rendered":"<p>Themen MINT Nr. 37 Titelstory: 1970 Die 70er sind unbestritten das Jahrzehnt des Rock. In den zehn Jahren bis 1979 erscheinen zahlreiche wegweisende Alben. MINT widmet sich dem Jahr, das am \u00dcbergang zwischen den politisch bewegten sp\u00e4ten 60ern und den eher hedonistisch orientierten 70ern steht, auf mehr als 30 Seiten. So nehmen wir das Cover des 1970 erschienenen Miles-Davis-Klassikers Bitches Brew unter die Lupe, widmen uns in einer gro\u00dfen Chronik (nicht nur) den musikalischen Gro\u00dfereignissen des Jahres und gehen in einem Essay der Frage nach, wie 1970 die Basis f\u00fcr die sp\u00e4teren Entwicklungen in der Rockmusik gelegt wurden. Zuhause ist, wo die Plattensammlung steht Marc Janssen geh\u00f6rt zu den weltweit profiliertesten Experten, wenn es um Platten des legend\u00e4ren Soul-Labels Motown geht. das ist nicht verwunderlich, schlie\u00dflich besitzt er jede einzelne Platte, die dort ver\u00f6ffentlicht wurde. MINT hat er seine Sammlung gezeigt. Tropicalia MINT-Autor J\u00f6rg S\u00e4dler taucht f\u00fcr uns in die Welt der Tropicalia ein. Er zeigt, warum das genre eine unmittelbare Reaktion auf die politischen Verh\u00e4ltnisse in S\u00fcdamerika war und stellt wichtige Platten und K\u00fcnstler des Genres vor, das l\u00e4ngst auch in unserer Hemisph\u00e4re Fans gefunden hat. Master Class: Peter Gabriel &#8211; So In aller Ausf\u00fchrlichkeit widmet sich MINT-Autor Frank Wonneberg So von Peter Gabriel, mit dem der ehemalige Genesis-S\u00e4nger endg\u00fcltig im Mainstream ankam. Er skizziert dessen Entstehungsgeschichte und vergleicht die verschiedenen Pressungen. Legend\u00e4re Labels: Rough Trade Geoff Travis\u2019 Label Rough Trade hat in mehrerer Hinsicht Geschichte geschrieben: Es war eins der ersten Independent-Labels in Gro\u00dfbritannien \u00fcberhaupt, entwickelte sich parallel zu einem der wichtigsten Vertriebe f\u00fcr eben diese Labels, bevor es nicht unverschuldet pleite ging. Erst Anfang der 00er Jahre kehrte das Label zur\u00fcck \u2013 und damit auch der Erfolg. Weitere Themen der Ausgabe Neue Boxen, Verst\u00e4rker und Plattenspieler im Praxistest, \u00fcber 75 LP-Besprechungen, die Rubrik \u201e33 1\/3 Cover\u201c, News-Features, Vinyl-Vorschau, das Sleeveface des Monats und vieles mehr.<\/p>","protected":false},"featured_media":68686,"template":"","meta":{"_acf_changed":false},"product_brand":[],"product_cat":[289],"product_tag":[],"class_list":{"0":"post-68685","1":"product","2":"type-product","3":"status-publish","4":"has-post-thumbnail","6":"product_cat-pop","7":"pa_att_artist-zeitschrift","8":"pa_att_format-zeitschrift","9":"pa_att_genre-unbekannt","10":"pa_att_land-germany","12":"first","13":"outofstock","14":"taxable","15":"shipping-taxable","16":"purchasable","17":"product-type-simple"},"acf":[],"yoast_head":"<!-- This site is optimized with the Yoast SEO plugin v27.3 - https:\/\/yoast.com\/product\/yoast-seo-wordpress\/ -->\n<title>Zeitschrift-Mint Magazin # 37 07\/20-Zeitschrift - Rockers Records<\/title>\n<meta name=\"robots\" content=\"index, follow, max-snippet:-1, max-image-preview:large, max-video-preview:-1\" \/>\n<link rel=\"canonical\" href=\"https:\/\/rockers.de\/en\/record\/zeitschrift-mint-magazin-37-07-20-zeitschrift\/\" \/>\n<meta property=\"og:locale\" content=\"en_US\" \/>\n<meta property=\"og:type\" content=\"article\" \/>\n<meta property=\"og:title\" content=\"Zeitschrift-Mint Magazin # 37 07\/20-Zeitschrift - Rockers Records\" \/>\n<meta property=\"og:description\" content=\"Themen MINT Nr. 37 Titelstory: 1970 Die 70er sind unbestritten das Jahrzehnt des Rock. In den zehn Jahren bis 1979 erscheinen zahlreiche wegweisende Alben. MINT widmet sich dem Jahr, das am \u00dcbergang zwischen den politisch bewegten sp\u00e4ten 60ern und den eher hedonistisch orientierten 70ern steht, auf mehr als 30 Seiten. So nehmen wir das Cover des 1970 erschienenen Miles-Davis-Klassikers Bitches Brew unter die Lupe, widmen uns in einer gro\u00dfen Chronik (nicht nur) den musikalischen Gro\u00dfereignissen des Jahres und gehen in einem Essay der Frage nach, wie 1970 die Basis f\u00fcr die sp\u00e4teren Entwicklungen in der Rockmusik gelegt wurden. Zuhause ist, wo die Plattensammlung steht Marc Janssen geh\u00f6rt zu den weltweit profiliertesten Experten, wenn es um Platten des legend\u00e4ren Soul-Labels Motown geht. das ist nicht verwunderlich, schlie\u00dflich besitzt er jede einzelne Platte, die dort ver\u00f6ffentlicht wurde. MINT hat er seine Sammlung gezeigt. Tropicalia MINT-Autor J\u00f6rg S\u00e4dler taucht f\u00fcr uns in die Welt der Tropicalia ein. Er zeigt, warum das genre eine unmittelbare Reaktion auf die politischen Verh\u00e4ltnisse in S\u00fcdamerika war und stellt wichtige Platten und K\u00fcnstler des Genres vor, das l\u00e4ngst auch in unserer Hemisph\u00e4re Fans gefunden hat. Master Class: Peter Gabriel - So In aller Ausf\u00fchrlichkeit widmet sich MINT-Autor Frank Wonneberg So von Peter Gabriel, mit dem der ehemalige Genesis-S\u00e4nger endg\u00fcltig im Mainstream ankam. Er skizziert dessen Entstehungsgeschichte und vergleicht die verschiedenen Pressungen. Legend\u00e4re Labels: Rough Trade Geoff Travis\u2019 Label Rough Trade hat in mehrerer Hinsicht Geschichte geschrieben: Es war eins der ersten Independent-Labels in Gro\u00dfbritannien \u00fcberhaupt, entwickelte sich parallel zu einem der wichtigsten Vertriebe f\u00fcr eben diese Labels, bevor es nicht unverschuldet pleite ging. Erst Anfang der 00er Jahre kehrte das Label zur\u00fcck \u2013 und damit auch der Erfolg. Weitere Themen der Ausgabe Neue Boxen, Verst\u00e4rker und Plattenspieler im Praxistest, \u00fcber 75 LP-Besprechungen, die Rubrik \u201e33 1\/3 Cover\u201c, News-Features, Vinyl-Vorschau, das Sleeveface des Monats und vieles mehr.\" \/>\n<meta property=\"og:url\" content=\"https:\/\/rockers.de\/en\/record\/zeitschrift-mint-magazin-37-07-20-zeitschrift\/\" \/>\n<meta property=\"og:site_name\" content=\"Rockers Records\" \/>\n<meta property=\"article:modified_time\" content=\"2022-11-04T13:40:37+00:00\" \/>\n<meta property=\"og:image\" content=\"https:\/\/rockers.de\/wp-content\/uploads\/2022\/09\/Zeitschrift-Mint-Magazin-37-0720-Zeitschrift.jpg\" \/>\n\t<meta property=\"og:image:width\" content=\"1536\" \/>\n\t<meta property=\"og:image:height\" content=\"2145\" \/>\n\t<meta property=\"og:image:type\" content=\"image\/jpeg\" \/>\n<meta name=\"twitter:card\" content=\"summary_large_image\" \/>\n<meta name=\"twitter:label1\" content=\"Est. reading time\" \/>\n\t<meta name=\"twitter:data1\" content=\"2 minutes\" \/>\n<script type=\"application\/ld+json\" class=\"yoast-schema-graph\">{\"@context\":\"https:\\\/\\\/schema.org\",\"@graph\":[{\"@type\":\"WebPage\",\"@id\":\"https:\\\/\\\/rockers.de\\\/record\\\/zeitschrift-mint-magazin-37-07-20-zeitschrift\\\/\",\"url\":\"https:\\\/\\\/rockers.de\\\/record\\\/zeitschrift-mint-magazin-37-07-20-zeitschrift\\\/\",\"name\":\"Zeitschrift-Mint Magazin # 37 07\\\/20-Zeitschrift - Rockers Records\",\"isPartOf\":{\"@id\":\"https:\\\/\\\/rockers.de\\\/#website\"},\"primaryImageOfPage\":{\"@id\":\"https:\\\/\\\/rockers.de\\\/record\\\/zeitschrift-mint-magazin-37-07-20-zeitschrift\\\/#primaryimage\"},\"image\":{\"@id\":\"https:\\\/\\\/rockers.de\\\/record\\\/zeitschrift-mint-magazin-37-07-20-zeitschrift\\\/#primaryimage\"},\"thumbnailUrl\":\"https:\\\/\\\/rockers.de\\\/wp-content\\\/uploads\\\/2022\\\/09\\\/Zeitschrift-Mint-Magazin-37-0720-Zeitschrift.jpg\",\"datePublished\":\"2022-09-07T08:11:49+00:00\",\"dateModified\":\"2022-11-04T13:40:37+00:00\",\"breadcrumb\":{\"@id\":\"https:\\\/\\\/rockers.de\\\/record\\\/zeitschrift-mint-magazin-37-07-20-zeitschrift\\\/#breadcrumb\"},\"inLanguage\":\"en-US\",\"potentialAction\":[{\"@type\":\"ReadAction\",\"target\":[\"https:\\\/\\\/rockers.de\\\/record\\\/zeitschrift-mint-magazin-37-07-20-zeitschrift\\\/\"]}]},{\"@type\":\"ImageObject\",\"inLanguage\":\"en-US\",\"@id\":\"https:\\\/\\\/rockers.de\\\/record\\\/zeitschrift-mint-magazin-37-07-20-zeitschrift\\\/#primaryimage\",\"url\":\"https:\\\/\\\/rockers.de\\\/wp-content\\\/uploads\\\/2022\\\/09\\\/Zeitschrift-Mint-Magazin-37-0720-Zeitschrift.jpg\",\"contentUrl\":\"https:\\\/\\\/rockers.de\\\/wp-content\\\/uploads\\\/2022\\\/09\\\/Zeitschrift-Mint-Magazin-37-0720-Zeitschrift.jpg\",\"width\":1536,\"height\":2145,\"caption\":\"Zeitschrift-Mint Magazin # 37 07\\\/20-Zeitschrift-01\"},{\"@type\":\"BreadcrumbList\",\"@id\":\"https:\\\/\\\/rockers.de\\\/record\\\/zeitschrift-mint-magazin-37-07-20-zeitschrift\\\/#breadcrumb\",\"itemListElement\":[{\"@type\":\"ListItem\",\"position\":1,\"name\":\"Startseite\",\"item\":\"https:\\\/\\\/rockers.de\\\/\"},{\"@type\":\"ListItem\",\"position\":2,\"name\":\"Shop\",\"item\":\"https:\\\/\\\/rockers.de\\\/shop\\\/\"},{\"@type\":\"ListItem\",\"position\":3,\"name\":\"Zeitschrift-Mint Magazin # 37 07\\\/20-Zeitschrift\"}]},{\"@type\":\"WebSite\",\"@id\":\"https:\\\/\\\/rockers.de\\\/#website\",\"url\":\"https:\\\/\\\/rockers.de\\\/\",\"name\":\"Rockers Records\",\"description\":\"Dein Schallplatten Store in Hannover\",\"publisher\":{\"@id\":\"https:\\\/\\\/rockers.de\\\/#organization\"},\"potentialAction\":[{\"@type\":\"SearchAction\",\"target\":{\"@type\":\"EntryPoint\",\"urlTemplate\":\"https:\\\/\\\/rockers.de\\\/?s={search_term_string}\"},\"query-input\":{\"@type\":\"PropertyValueSpecification\",\"valueRequired\":true,\"valueName\":\"search_term_string\"}}],\"inLanguage\":\"en-US\"},{\"@type\":\"Organization\",\"@id\":\"https:\\\/\\\/rockers.de\\\/#organization\",\"name\":\"Rockers Records\",\"url\":\"https:\\\/\\\/rockers.de\\\/\",\"logo\":{\"@type\":\"ImageObject\",\"inLanguage\":\"en-US\",\"@id\":\"https:\\\/\\\/rockers.de\\\/#\\\/schema\\\/logo\\\/image\\\/\",\"url\":\"https:\\\/\\\/rockers.de\\\/wp-content\\\/uploads\\\/2022\\\/07\\\/Neue-Website-2022.jpg\",\"contentUrl\":\"https:\\\/\\\/rockers.de\\\/wp-content\\\/uploads\\\/2022\\\/07\\\/Neue-Website-2022.jpg\",\"width\":800,\"height\":800,\"caption\":\"Rockers Records\"},\"image\":{\"@id\":\"https:\\\/\\\/rockers.de\\\/#\\\/schema\\\/logo\\\/image\\\/\"}}]}<\/script>\n<!-- \/ Yoast SEO plugin. -->","yoast_head_json":{"title":"Zeitschrift-Mint Magazin # 37 07\/20-Zeitschrift - Rockers Records","robots":{"index":"index","follow":"follow","max-snippet":"max-snippet:-1","max-image-preview":"max-image-preview:large","max-video-preview":"max-video-preview:-1"},"canonical":"https:\/\/rockers.de\/en\/record\/zeitschrift-mint-magazin-37-07-20-zeitschrift\/","og_locale":"en_US","og_type":"article","og_title":"Zeitschrift-Mint Magazin # 37 07\/20-Zeitschrift - Rockers Records","og_description":"Themen MINT Nr. 37 Titelstory: 1970 Die 70er sind unbestritten das Jahrzehnt des Rock. In den zehn Jahren bis 1979 erscheinen zahlreiche wegweisende Alben. MINT widmet sich dem Jahr, das am \u00dcbergang zwischen den politisch bewegten sp\u00e4ten 60ern und den eher hedonistisch orientierten 70ern steht, auf mehr als 30 Seiten. So nehmen wir das Cover des 1970 erschienenen Miles-Davis-Klassikers Bitches Brew unter die Lupe, widmen uns in einer gro\u00dfen Chronik (nicht nur) den musikalischen Gro\u00dfereignissen des Jahres und gehen in einem Essay der Frage nach, wie 1970 die Basis f\u00fcr die sp\u00e4teren Entwicklungen in der Rockmusik gelegt wurden. Zuhause ist, wo die Plattensammlung steht Marc Janssen geh\u00f6rt zu den weltweit profiliertesten Experten, wenn es um Platten des legend\u00e4ren Soul-Labels Motown geht. das ist nicht verwunderlich, schlie\u00dflich besitzt er jede einzelne Platte, die dort ver\u00f6ffentlicht wurde. MINT hat er seine Sammlung gezeigt. Tropicalia MINT-Autor J\u00f6rg S\u00e4dler taucht f\u00fcr uns in die Welt der Tropicalia ein. Er zeigt, warum das genre eine unmittelbare Reaktion auf die politischen Verh\u00e4ltnisse in S\u00fcdamerika war und stellt wichtige Platten und K\u00fcnstler des Genres vor, das l\u00e4ngst auch in unserer Hemisph\u00e4re Fans gefunden hat. Master Class: Peter Gabriel - So In aller Ausf\u00fchrlichkeit widmet sich MINT-Autor Frank Wonneberg So von Peter Gabriel, mit dem der ehemalige Genesis-S\u00e4nger endg\u00fcltig im Mainstream ankam. Er skizziert dessen Entstehungsgeschichte und vergleicht die verschiedenen Pressungen. Legend\u00e4re Labels: Rough Trade Geoff Travis\u2019 Label Rough Trade hat in mehrerer Hinsicht Geschichte geschrieben: Es war eins der ersten Independent-Labels in Gro\u00dfbritannien \u00fcberhaupt, entwickelte sich parallel zu einem der wichtigsten Vertriebe f\u00fcr eben diese Labels, bevor es nicht unverschuldet pleite ging. Erst Anfang der 00er Jahre kehrte das Label zur\u00fcck \u2013 und damit auch der Erfolg. Weitere Themen der Ausgabe Neue Boxen, Verst\u00e4rker und Plattenspieler im Praxistest, \u00fcber 75 LP-Besprechungen, die Rubrik \u201e33 1\/3 Cover\u201c, News-Features, Vinyl-Vorschau, das Sleeveface des Monats und vieles mehr.","og_url":"https:\/\/rockers.de\/en\/record\/zeitschrift-mint-magazin-37-07-20-zeitschrift\/","og_site_name":"Rockers Records","article_modified_time":"2022-11-04T13:40:37+00:00","og_image":[{"width":1536,"height":2145,"url":"https:\/\/rockers.de\/wp-content\/uploads\/2022\/09\/Zeitschrift-Mint-Magazin-37-0720-Zeitschrift.jpg","type":"image\/jpeg"}],"twitter_card":"summary_large_image","twitter_misc":{"Est. reading time":"2 minutes"},"schema":{"@context":"https:\/\/schema.org","@graph":[{"@type":"WebPage","@id":"https:\/\/rockers.de\/record\/zeitschrift-mint-magazin-37-07-20-zeitschrift\/","url":"https:\/\/rockers.de\/record\/zeitschrift-mint-magazin-37-07-20-zeitschrift\/","name":"Zeitschrift-Mint Magazin # 37 07\/20-Zeitschrift - Rockers Records","isPartOf":{"@id":"https:\/\/rockers.de\/#website"},"primaryImageOfPage":{"@id":"https:\/\/rockers.de\/record\/zeitschrift-mint-magazin-37-07-20-zeitschrift\/#primaryimage"},"image":{"@id":"https:\/\/rockers.de\/record\/zeitschrift-mint-magazin-37-07-20-zeitschrift\/#primaryimage"},"thumbnailUrl":"https:\/\/rockers.de\/wp-content\/uploads\/2022\/09\/Zeitschrift-Mint-Magazin-37-0720-Zeitschrift.jpg","datePublished":"2022-09-07T08:11:49+00:00","dateModified":"2022-11-04T13:40:37+00:00","breadcrumb":{"@id":"https:\/\/rockers.de\/record\/zeitschrift-mint-magazin-37-07-20-zeitschrift\/#breadcrumb"},"inLanguage":"en-US","potentialAction":[{"@type":"ReadAction","target":["https:\/\/rockers.de\/record\/zeitschrift-mint-magazin-37-07-20-zeitschrift\/"]}]},{"@type":"ImageObject","inLanguage":"en-US","@id":"https:\/\/rockers.de\/record\/zeitschrift-mint-magazin-37-07-20-zeitschrift\/#primaryimage","url":"https:\/\/rockers.de\/wp-content\/uploads\/2022\/09\/Zeitschrift-Mint-Magazin-37-0720-Zeitschrift.jpg","contentUrl":"https:\/\/rockers.de\/wp-content\/uploads\/2022\/09\/Zeitschrift-Mint-Magazin-37-0720-Zeitschrift.jpg","width":1536,"height":2145,"caption":"Zeitschrift-Mint Magazin # 37 07\/20-Zeitschrift-01"},{"@type":"BreadcrumbList","@id":"https:\/\/rockers.de\/record\/zeitschrift-mint-magazin-37-07-20-zeitschrift\/#breadcrumb","itemListElement":[{"@type":"ListItem","position":1,"name":"Startseite","item":"https:\/\/rockers.de\/"},{"@type":"ListItem","position":2,"name":"Shop","item":"https:\/\/rockers.de\/shop\/"},{"@type":"ListItem","position":3,"name":"Zeitschrift-Mint Magazin # 37 07\/20-Zeitschrift"}]},{"@type":"WebSite","@id":"https:\/\/rockers.de\/#website","url":"https:\/\/rockers.de\/","name":"Rockers Records","description":"Your record store in Hanover","publisher":{"@id":"https:\/\/rockers.de\/#organization"},"potentialAction":[{"@type":"SearchAction","target":{"@type":"EntryPoint","urlTemplate":"https:\/\/rockers.de\/?s={search_term_string}"},"query-input":{"@type":"PropertyValueSpecification","valueRequired":true,"valueName":"search_term_string"}}],"inLanguage":"en-US"},{"@type":"Organization","@id":"https:\/\/rockers.de\/#organization","name":"Rockers Records","url":"https:\/\/rockers.de\/","logo":{"@type":"ImageObject","inLanguage":"en-US","@id":"https:\/\/rockers.de\/#\/schema\/logo\/image\/","url":"https:\/\/rockers.de\/wp-content\/uploads\/2022\/07\/Neue-Website-2022.jpg","contentUrl":"https:\/\/rockers.de\/wp-content\/uploads\/2022\/07\/Neue-Website-2022.jpg","width":800,"height":800,"caption":"Rockers Records"},"image":{"@id":"https:\/\/rockers.de\/#\/schema\/logo\/image\/"}}]}},"_links":{"self":[{"href":"https:\/\/rockers.de\/en\/wp-json\/wp\/v2\/product\/68685","targetHints":{"allow":["GET"]}}],"collection":[{"href":"https:\/\/rockers.de\/en\/wp-json\/wp\/v2\/product"}],"about":[{"href":"https:\/\/rockers.de\/en\/wp-json\/wp\/v2\/types\/product"}],"wp:featuredmedia":[{"embeddable":true,"href":"https:\/\/rockers.de\/en\/wp-json\/wp\/v2\/media\/68686"}],"wp:attachment":[{"href":"https:\/\/rockers.de\/en\/wp-json\/wp\/v2\/media?parent=68685"}],"wp:term":[{"taxonomy":"product_brand","embeddable":true,"href":"https:\/\/rockers.de\/en\/wp-json\/wp\/v2\/product_brand?post=68685"},{"taxonomy":"product_cat","embeddable":true,"href":"https:\/\/rockers.de\/en\/wp-json\/wp\/v2\/product_cat?post=68685"},{"taxonomy":"product_tag","embeddable":true,"href":"https:\/\/rockers.de\/en\/wp-json\/wp\/v2\/product_tag?post=68685"}],"curies":[{"name":"wp","href":"https:\/\/api.w.org\/{rel}","templated":true}]}}