{"id":68678,"date":"2022-09-07T10:11:14","date_gmt":"2022-09-07T08:11:14","guid":{"rendered":"https:\/\/rockersstore.de\/record\/zeitschrift-mint-magazin-31-10-19-zeitschrift\/"},"modified":"2022-12-07T16:59:58","modified_gmt":"2022-12-07T15:59:58","slug":"zeitschrift-mint-magazin-31-10-19-zeitschrift","status":"publish","type":"product","link":"https:\/\/rockers.de\/en\/record\/zeitschrift-mint-magazin-31-10-19-zeitschrift\/","title":{"rendered":"Zeitschrift-Mint Magazin # 31 10\/19-Zeitschrift"},"content":{"rendered":"<p>Themen MINT Nr. 31 Titelstory: Vertigo \u2013 Die Geschichte des Kult-Labels mit dem Swirl MINT sprach mit Musikern, Sammlern und Labelgr\u00fcnder Olav Wyper, um die Historie von Vertigo Records nachzuzeichnen. Der Name steht heute f\u00fcr ein gefragtes Gebiet unter Plattensammlern, Ende der 60er aber f\u00fcr k\u00fcnstlerische Freiheit, professionelle Integrit\u00e4t und technische Perfektion in besonderem Ma\u00df. Frank Sch\u00e4tzing \u2013 Sch\u00e4tzings Sch\u00e4tze In der Reihe \u201eZuhause ist, wo die Plattensammlung steht\u201c waren wir bei Vinyl-Fan und Bestseller-Autor Frank Sch\u00e4tzing zu Besuch. Firmenportr\u00e4t: Braun Einst von Chefdesigner Dieter Rams vision\u00e4r gef\u00fchrt, feiert Braun mit neuen Lautsprechern nun sein Comeback auf dem Hifi-Markt. Rollender Plattenladen MINT berichtet, wie der Umbau unseres Schulbusses zum rollenden Plattenladen St\u00fcck f\u00fcr St\u00fcck vorangeht. Ein halbes Dutzend Handwerker geben ebenso ihr Bestes wie f\u00fcnf Plattenwaschmaschinen im Keller unseres Herausgebers, die 15.000 LPs f\u00fcr den Verkauf vorbereiten. Vinylparadijs In der niederl\u00e4ndischen 4.000-Seelen-Gemeinde Geesteren haben sich Bart Haselbekke und seine Familie mit einem eigenen Plattenladen ihren Vinyl-Sehnsuchtsort aufgebaut. MINT war ein Wochenende lang zu Besuch in der Pilgerst\u00e4tte f\u00fcr Plattenliebhaber. Verst\u00e4rker-Special Was k\u00f6nnen teure Amps besser als billige und wann lohnt sich ein Phono-Vorverst\u00e4rker? MINT testet und empfiehlt Ger\u00e4te bis 5.000 Euro. Enth\u00fcllt: Gru\u00df vom Boss Bruce Springsteen wird 70 und blickt zur\u00fcck auf eine Ausnahmekarriere, in deren Verlauf er zu einem der einflussreichsten Rockmusiker aller Zeiten wurde. Dabei verlief der Auftakt eher holprig: Springsteens \u201973er Deb\u00fct Greetings From Asbury Park, N.J. war nur geringer Erfolg verg\u00f6nnt. Dr. MINT Doppel-LPs boomen. Sind aufwendige Reissues in diesem Format Luxus oder Verschwendung? Dr. MINT hat sich einer m\u00f6glichen Antwort unter ganz verschiedenen Gesichtspunkten gen\u00e4hert. Weitere Themen der Ausgabe Soundtrack Of My Life mit Adam Green, der \u00fcber Mutations von Beck spricht, 33 1\/3 Cover \u2013 Plattenh\u00fcllen in Zeitungsoptik und der Plattenschrank mit mehr als 100 Reviews.<\/p>","protected":false},"excerpt":{"rendered":"<p>Themen MINT Nr. 31 Titelstory: Vertigo \u2013 Die Geschichte des Kult-Labels mit dem Swirl MINT sprach mit Musikern, Sammlern und Labelgr\u00fcnder Olav Wyper, um die Historie von Vertigo Records nachzuzeichnen. Der Name steht heute f\u00fcr ein gefragtes Gebiet unter Plattensammlern, Ende der 60er aber f\u00fcr k\u00fcnstlerische Freiheit, professionelle Integrit\u00e4t und technische Perfektion in besonderem Ma\u00df. Frank Sch\u00e4tzing \u2013 Sch\u00e4tzings Sch\u00e4tze In der Reihe \u201eZuhause ist, wo die Plattensammlung steht\u201c waren wir bei Vinyl-Fan und Bestseller-Autor Frank Sch\u00e4tzing zu Besuch. Firmenportr\u00e4t: Braun Einst von Chefdesigner Dieter Rams vision\u00e4r gef\u00fchrt, feiert Braun mit neuen Lautsprechern nun sein Comeback auf dem Hifi-Markt. Rollender Plattenladen MINT berichtet, wie der Umbau unseres Schulbusses zum rollenden Plattenladen St\u00fcck f\u00fcr St\u00fcck vorangeht. Ein halbes Dutzend Handwerker geben ebenso ihr Bestes wie f\u00fcnf Plattenwaschmaschinen im Keller unseres Herausgebers, die 15.000 LPs f\u00fcr den Verkauf vorbereiten. Vinylparadijs In der niederl\u00e4ndischen 4.000-Seelen-Gemeinde Geesteren haben sich Bart Haselbekke und seine Familie mit einem eigenen Plattenladen ihren Vinyl-Sehnsuchtsort aufgebaut. MINT war ein Wochenende lang zu Besuch in der Pilgerst\u00e4tte f\u00fcr Plattenliebhaber. Verst\u00e4rker-Special Was k\u00f6nnen teure Amps besser als billige und wann lohnt sich ein Phono-Vorverst\u00e4rker? MINT testet und empfiehlt Ger\u00e4te bis 5.000 Euro. Enth\u00fcllt: Gru\u00df vom Boss Bruce Springsteen wird 70 und blickt zur\u00fcck auf eine Ausnahmekarriere, in deren Verlauf er zu einem der einflussreichsten Rockmusiker aller Zeiten wurde. Dabei verlief der Auftakt eher holprig: Springsteens \u201973er Deb\u00fct Greetings From Asbury Park, N.J. war nur geringer Erfolg verg\u00f6nnt. Dr. MINT Doppel-LPs boomen. Sind aufwendige Reissues in diesem Format Luxus oder Verschwendung? Dr. MINT hat sich einer m\u00f6glichen Antwort unter ganz verschiedenen Gesichtspunkten gen\u00e4hert. Weitere Themen der Ausgabe Soundtrack Of My Life mit Adam Green, der \u00fcber Mutations von Beck spricht, 33 1\/3 Cover \u2013 Plattenh\u00fcllen in Zeitungsoptik und der Plattenschrank mit mehr als 100 Reviews.<\/p>","protected":false},"featured_media":0,"template":"","meta":{"_acf_changed":false},"product_brand":[],"product_cat":[289],"product_tag":[],"class_list":{"0":"post-68678","1":"product","2":"type-product","3":"status-publish","5":"product_cat-pop","6":"pa_att_artist-zeitschrift","7":"pa_att_format-zeitschrift","8":"pa_att_genre-unbekannt","9":"pa_att_land-germany","11":"first","12":"outofstock","13":"taxable","14":"shipping-taxable","15":"purchasable","16":"product-type-simple"},"acf":[],"yoast_head":"<!-- This site is optimized with the Yoast SEO plugin v27.3 - https:\/\/yoast.com\/product\/yoast-seo-wordpress\/ -->\n<title>Zeitschrift-Mint Magazin # 31 10\/19-Zeitschrift - Rockers Records<\/title>\n<meta name=\"robots\" content=\"index, follow, max-snippet:-1, max-image-preview:large, max-video-preview:-1\" \/>\n<link rel=\"canonical\" href=\"https:\/\/rockers.de\/en\/record\/zeitschrift-mint-magazin-31-10-19-zeitschrift\/\" \/>\n<meta property=\"og:locale\" content=\"en_US\" \/>\n<meta property=\"og:type\" content=\"article\" \/>\n<meta property=\"og:title\" content=\"Zeitschrift-Mint Magazin # 31 10\/19-Zeitschrift - Rockers Records\" \/>\n<meta property=\"og:description\" content=\"Themen MINT Nr. 31 Titelstory: Vertigo \u2013 Die Geschichte des Kult-Labels mit dem Swirl MINT sprach mit Musikern, Sammlern und Labelgr\u00fcnder Olav Wyper, um die Historie von Vertigo Records nachzuzeichnen. Der Name steht heute f\u00fcr ein gefragtes Gebiet unter Plattensammlern, Ende der 60er aber f\u00fcr k\u00fcnstlerische Freiheit, professionelle Integrit\u00e4t und technische Perfektion in besonderem Ma\u00df. Frank Sch\u00e4tzing \u2013 Sch\u00e4tzings Sch\u00e4tze In der Reihe \u201eZuhause ist, wo die Plattensammlung steht\u201c waren wir bei Vinyl-Fan und Bestseller-Autor Frank Sch\u00e4tzing zu Besuch. Firmenportr\u00e4t: Braun Einst von Chefdesigner Dieter Rams vision\u00e4r gef\u00fchrt, feiert Braun mit neuen Lautsprechern nun sein Comeback auf dem Hifi-Markt. Rollender Plattenladen MINT berichtet, wie der Umbau unseres Schulbusses zum rollenden Plattenladen St\u00fcck f\u00fcr St\u00fcck vorangeht. Ein halbes Dutzend Handwerker geben ebenso ihr Bestes wie f\u00fcnf Plattenwaschmaschinen im Keller unseres Herausgebers, die 15.000 LPs f\u00fcr den Verkauf vorbereiten. Vinylparadijs In der niederl\u00e4ndischen 4.000-Seelen-Gemeinde Geesteren haben sich Bart Haselbekke und seine Familie mit einem eigenen Plattenladen ihren Vinyl-Sehnsuchtsort aufgebaut. MINT war ein Wochenende lang zu Besuch in der Pilgerst\u00e4tte f\u00fcr Plattenliebhaber. Verst\u00e4rker-Special Was k\u00f6nnen teure Amps besser als billige und wann lohnt sich ein Phono-Vorverst\u00e4rker? MINT testet und empfiehlt Ger\u00e4te bis 5.000 Euro. Enth\u00fcllt: Gru\u00df vom Boss Bruce Springsteen wird 70 und blickt zur\u00fcck auf eine Ausnahmekarriere, in deren Verlauf er zu einem der einflussreichsten Rockmusiker aller Zeiten wurde. Dabei verlief der Auftakt eher holprig: Springsteens \u201973er Deb\u00fct Greetings From Asbury Park, N.J. war nur geringer Erfolg verg\u00f6nnt. Dr. MINT Doppel-LPs boomen. Sind aufwendige Reissues in diesem Format Luxus oder Verschwendung? Dr. MINT hat sich einer m\u00f6glichen Antwort unter ganz verschiedenen Gesichtspunkten gen\u00e4hert. Weitere Themen der Ausgabe Soundtrack Of My Life mit Adam Green, der \u00fcber Mutations von Beck spricht, 33 1\/3 Cover \u2013 Plattenh\u00fcllen in Zeitungsoptik und der Plattenschrank mit mehr als 100 Reviews.\" \/>\n<meta property=\"og:url\" content=\"https:\/\/rockers.de\/en\/record\/zeitschrift-mint-magazin-31-10-19-zeitschrift\/\" \/>\n<meta property=\"og:site_name\" content=\"Rockers Records\" \/>\n<meta property=\"article:modified_time\" content=\"2022-12-07T15:59:58+00:00\" \/>\n<meta name=\"twitter:card\" content=\"summary_large_image\" \/>\n<meta name=\"twitter:label1\" content=\"Est. reading time\" \/>\n\t<meta name=\"twitter:data1\" content=\"2 minutes\" \/>\n<script type=\"application\/ld+json\" class=\"yoast-schema-graph\">{\"@context\":\"https:\\\/\\\/schema.org\",\"@graph\":[{\"@type\":\"WebPage\",\"@id\":\"https:\\\/\\\/rockers.de\\\/record\\\/zeitschrift-mint-magazin-31-10-19-zeitschrift\\\/\",\"url\":\"https:\\\/\\\/rockers.de\\\/record\\\/zeitschrift-mint-magazin-31-10-19-zeitschrift\\\/\",\"name\":\"Zeitschrift-Mint Magazin # 31 10\\\/19-Zeitschrift - Rockers Records\",\"isPartOf\":{\"@id\":\"https:\\\/\\\/rockers.de\\\/#website\"},\"datePublished\":\"2022-09-07T08:11:14+00:00\",\"dateModified\":\"2022-12-07T15:59:58+00:00\",\"breadcrumb\":{\"@id\":\"https:\\\/\\\/rockers.de\\\/record\\\/zeitschrift-mint-magazin-31-10-19-zeitschrift\\\/#breadcrumb\"},\"inLanguage\":\"en-US\",\"potentialAction\":[{\"@type\":\"ReadAction\",\"target\":[\"https:\\\/\\\/rockers.de\\\/record\\\/zeitschrift-mint-magazin-31-10-19-zeitschrift\\\/\"]}]},{\"@type\":\"BreadcrumbList\",\"@id\":\"https:\\\/\\\/rockers.de\\\/record\\\/zeitschrift-mint-magazin-31-10-19-zeitschrift\\\/#breadcrumb\",\"itemListElement\":[{\"@type\":\"ListItem\",\"position\":1,\"name\":\"Startseite\",\"item\":\"https:\\\/\\\/rockers.de\\\/\"},{\"@type\":\"ListItem\",\"position\":2,\"name\":\"Shop\",\"item\":\"https:\\\/\\\/rockers.de\\\/shop\\\/\"},{\"@type\":\"ListItem\",\"position\":3,\"name\":\"Zeitschrift-Mint Magazin # 31 10\\\/19-Zeitschrift\"}]},{\"@type\":\"WebSite\",\"@id\":\"https:\\\/\\\/rockers.de\\\/#website\",\"url\":\"https:\\\/\\\/rockers.de\\\/\",\"name\":\"Rockers Records\",\"description\":\"Dein Schallplatten Store in Hannover\",\"publisher\":{\"@id\":\"https:\\\/\\\/rockers.de\\\/#organization\"},\"potentialAction\":[{\"@type\":\"SearchAction\",\"target\":{\"@type\":\"EntryPoint\",\"urlTemplate\":\"https:\\\/\\\/rockers.de\\\/?s={search_term_string}\"},\"query-input\":{\"@type\":\"PropertyValueSpecification\",\"valueRequired\":true,\"valueName\":\"search_term_string\"}}],\"inLanguage\":\"en-US\"},{\"@type\":\"Organization\",\"@id\":\"https:\\\/\\\/rockers.de\\\/#organization\",\"name\":\"Rockers Records\",\"url\":\"https:\\\/\\\/rockers.de\\\/\",\"logo\":{\"@type\":\"ImageObject\",\"inLanguage\":\"en-US\",\"@id\":\"https:\\\/\\\/rockers.de\\\/#\\\/schema\\\/logo\\\/image\\\/\",\"url\":\"https:\\\/\\\/rockers.de\\\/wp-content\\\/uploads\\\/2022\\\/07\\\/Neue-Website-2022.jpg\",\"contentUrl\":\"https:\\\/\\\/rockers.de\\\/wp-content\\\/uploads\\\/2022\\\/07\\\/Neue-Website-2022.jpg\",\"width\":800,\"height\":800,\"caption\":\"Rockers Records\"},\"image\":{\"@id\":\"https:\\\/\\\/rockers.de\\\/#\\\/schema\\\/logo\\\/image\\\/\"}}]}<\/script>\n<!-- \/ Yoast SEO plugin. -->","yoast_head_json":{"title":"Zeitschrift-Mint Magazin # 31 10\/19-Zeitschrift - Rockers Records","robots":{"index":"index","follow":"follow","max-snippet":"max-snippet:-1","max-image-preview":"max-image-preview:large","max-video-preview":"max-video-preview:-1"},"canonical":"https:\/\/rockers.de\/en\/record\/zeitschrift-mint-magazin-31-10-19-zeitschrift\/","og_locale":"en_US","og_type":"article","og_title":"Zeitschrift-Mint Magazin # 31 10\/19-Zeitschrift - Rockers Records","og_description":"Themen MINT Nr. 31 Titelstory: Vertigo \u2013 Die Geschichte des Kult-Labels mit dem Swirl MINT sprach mit Musikern, Sammlern und Labelgr\u00fcnder Olav Wyper, um die Historie von Vertigo Records nachzuzeichnen. Der Name steht heute f\u00fcr ein gefragtes Gebiet unter Plattensammlern, Ende der 60er aber f\u00fcr k\u00fcnstlerische Freiheit, professionelle Integrit\u00e4t und technische Perfektion in besonderem Ma\u00df. Frank Sch\u00e4tzing \u2013 Sch\u00e4tzings Sch\u00e4tze In der Reihe \u201eZuhause ist, wo die Plattensammlung steht\u201c waren wir bei Vinyl-Fan und Bestseller-Autor Frank Sch\u00e4tzing zu Besuch. Firmenportr\u00e4t: Braun Einst von Chefdesigner Dieter Rams vision\u00e4r gef\u00fchrt, feiert Braun mit neuen Lautsprechern nun sein Comeback auf dem Hifi-Markt. Rollender Plattenladen MINT berichtet, wie der Umbau unseres Schulbusses zum rollenden Plattenladen St\u00fcck f\u00fcr St\u00fcck vorangeht. Ein halbes Dutzend Handwerker geben ebenso ihr Bestes wie f\u00fcnf Plattenwaschmaschinen im Keller unseres Herausgebers, die 15.000 LPs f\u00fcr den Verkauf vorbereiten. Vinylparadijs In der niederl\u00e4ndischen 4.000-Seelen-Gemeinde Geesteren haben sich Bart Haselbekke und seine Familie mit einem eigenen Plattenladen ihren Vinyl-Sehnsuchtsort aufgebaut. MINT war ein Wochenende lang zu Besuch in der Pilgerst\u00e4tte f\u00fcr Plattenliebhaber. Verst\u00e4rker-Special Was k\u00f6nnen teure Amps besser als billige und wann lohnt sich ein Phono-Vorverst\u00e4rker? MINT testet und empfiehlt Ger\u00e4te bis 5.000 Euro. Enth\u00fcllt: Gru\u00df vom Boss Bruce Springsteen wird 70 und blickt zur\u00fcck auf eine Ausnahmekarriere, in deren Verlauf er zu einem der einflussreichsten Rockmusiker aller Zeiten wurde. Dabei verlief der Auftakt eher holprig: Springsteens \u201973er Deb\u00fct Greetings From Asbury Park, N.J. war nur geringer Erfolg verg\u00f6nnt. Dr. MINT Doppel-LPs boomen. Sind aufwendige Reissues in diesem Format Luxus oder Verschwendung? Dr. MINT hat sich einer m\u00f6glichen Antwort unter ganz verschiedenen Gesichtspunkten gen\u00e4hert. Weitere Themen der Ausgabe Soundtrack Of My Life mit Adam Green, der \u00fcber Mutations von Beck spricht, 33 1\/3 Cover \u2013 Plattenh\u00fcllen in Zeitungsoptik und der Plattenschrank mit mehr als 100 Reviews.","og_url":"https:\/\/rockers.de\/en\/record\/zeitschrift-mint-magazin-31-10-19-zeitschrift\/","og_site_name":"Rockers Records","article_modified_time":"2022-12-07T15:59:58+00:00","twitter_card":"summary_large_image","twitter_misc":{"Est. reading time":"2 minutes"},"schema":{"@context":"https:\/\/schema.org","@graph":[{"@type":"WebPage","@id":"https:\/\/rockers.de\/record\/zeitschrift-mint-magazin-31-10-19-zeitschrift\/","url":"https:\/\/rockers.de\/record\/zeitschrift-mint-magazin-31-10-19-zeitschrift\/","name":"Zeitschrift-Mint Magazin # 31 10\/19-Zeitschrift - Rockers Records","isPartOf":{"@id":"https:\/\/rockers.de\/#website"},"datePublished":"2022-09-07T08:11:14+00:00","dateModified":"2022-12-07T15:59:58+00:00","breadcrumb":{"@id":"https:\/\/rockers.de\/record\/zeitschrift-mint-magazin-31-10-19-zeitschrift\/#breadcrumb"},"inLanguage":"en-US","potentialAction":[{"@type":"ReadAction","target":["https:\/\/rockers.de\/record\/zeitschrift-mint-magazin-31-10-19-zeitschrift\/"]}]},{"@type":"BreadcrumbList","@id":"https:\/\/rockers.de\/record\/zeitschrift-mint-magazin-31-10-19-zeitschrift\/#breadcrumb","itemListElement":[{"@type":"ListItem","position":1,"name":"Startseite","item":"https:\/\/rockers.de\/"},{"@type":"ListItem","position":2,"name":"Shop","item":"https:\/\/rockers.de\/shop\/"},{"@type":"ListItem","position":3,"name":"Zeitschrift-Mint Magazin # 31 10\/19-Zeitschrift"}]},{"@type":"WebSite","@id":"https:\/\/rockers.de\/#website","url":"https:\/\/rockers.de\/","name":"Rockers Records","description":"Your record store in Hanover","publisher":{"@id":"https:\/\/rockers.de\/#organization"},"potentialAction":[{"@type":"SearchAction","target":{"@type":"EntryPoint","urlTemplate":"https:\/\/rockers.de\/?s={search_term_string}"},"query-input":{"@type":"PropertyValueSpecification","valueRequired":true,"valueName":"search_term_string"}}],"inLanguage":"en-US"},{"@type":"Organization","@id":"https:\/\/rockers.de\/#organization","name":"Rockers Records","url":"https:\/\/rockers.de\/","logo":{"@type":"ImageObject","inLanguage":"en-US","@id":"https:\/\/rockers.de\/#\/schema\/logo\/image\/","url":"https:\/\/rockers.de\/wp-content\/uploads\/2022\/07\/Neue-Website-2022.jpg","contentUrl":"https:\/\/rockers.de\/wp-content\/uploads\/2022\/07\/Neue-Website-2022.jpg","width":800,"height":800,"caption":"Rockers Records"},"image":{"@id":"https:\/\/rockers.de\/#\/schema\/logo\/image\/"}}]}},"_links":{"self":[{"href":"https:\/\/rockers.de\/en\/wp-json\/wp\/v2\/product\/68678","targetHints":{"allow":["GET"]}}],"collection":[{"href":"https:\/\/rockers.de\/en\/wp-json\/wp\/v2\/product"}],"about":[{"href":"https:\/\/rockers.de\/en\/wp-json\/wp\/v2\/types\/product"}],"wp:attachment":[{"href":"https:\/\/rockers.de\/en\/wp-json\/wp\/v2\/media?parent=68678"}],"wp:term":[{"taxonomy":"product_brand","embeddable":true,"href":"https:\/\/rockers.de\/en\/wp-json\/wp\/v2\/product_brand?post=68678"},{"taxonomy":"product_cat","embeddable":true,"href":"https:\/\/rockers.de\/en\/wp-json\/wp\/v2\/product_cat?post=68678"},{"taxonomy":"product_tag","embeddable":true,"href":"https:\/\/rockers.de\/en\/wp-json\/wp\/v2\/product_tag?post=68678"}],"curies":[{"name":"wp","href":"https:\/\/api.w.org\/{rel}","templated":true}]}}