{"id":68433,"date":"2022-09-07T09:51:27","date_gmt":"2022-09-07T07:51:27","guid":{"rendered":"https:\/\/rockersstore.de\/record\/sticker-hello-my-name-is-50-stueck-sonstiges\/"},"modified":"2026-03-13T17:19:10","modified_gmt":"2026-03-13T16:19:10","slug":"sticker-hello-my-name-is-50-stueck-sonstiges","status":"publish","type":"product","link":"https:\/\/rockers.de\/en\/record\/sticker-hello-my-name-is-50-stueck-sonstiges\/","title":{"rendered":"Sticker-Hello My Name Is (50 St\u00fcck)-Sonstiges"},"content":{"rendered":"<p>Pack mit 50 St\u00fcck des klassischen Stickers, Gr\u00f6\u00dfe: ca. 10,5 x 7,4 cm \/\/ pack with 50 pieces of the classic sticker, size approx. 10,5 cm x 7,4 cm (4.1 inches x 2.9 inches)<\/p>","protected":false},"excerpt":{"rendered":"<p>Pack mit 50 St\u00fcck des klassischen Stickers, Gr\u00f6\u00dfe: ca. 10,5 x 7,4 cm \/\/ pack with 50 pieces of the classic sticker, size approx. 10,5 cm x 7,4 cm (4.1 inches x 2.9 inches)<\/p>","protected":false},"featured_media":68434,"template":"","meta":{"_acf_changed":false},"product_brand":[],"product_cat":[14958,14961],"product_tag":[],"class_list":{"0":"post-68433","1":"product","2":"type-product","3":"status-publish","4":"has-post-thumbnail","6":"product_cat-street-art","7":"product_cat-street-art-accessories","8":"pa_att_artist-sticker","9":"pa_att_format-sonstiges","10":"pa_att_genre-street-art","11":"pa_att_land-unknown","13":"first","14":"instock","15":"taxable","16":"shipping-taxable","17":"purchasable","18":"product-type-simple"},"acf":[],"yoast_head":"<!-- This site is optimized with the Yoast SEO plugin v27.2 - https:\/\/yoast.com\/product\/yoast-seo-wordpress\/ -->\n<title>Sticker-Hello My Name Is (50 St\u00fcck)-Sonstiges - Rockers Records<\/title>\n<meta name=\"robots\" content=\"index, follow, max-snippet:-1, max-image-preview:large, max-video-preview:-1\" \/>\n<link rel=\"canonical\" href=\"https:\/\/rockers.de\/en\/record\/sticker-hello-my-name-is-50-stueck-sonstiges\/\" \/>\n<meta property=\"og:locale\" content=\"en_US\" \/>\n<meta property=\"og:type\" content=\"article\" \/>\n<meta property=\"og:title\" content=\"Sticker-Hello My Name Is (50 St\u00fcck)-Sonstiges - Rockers Records\" \/>\n<meta property=\"og:description\" content=\"Pack mit 50 St\u00fcck des klassischen Stickers, Gr\u00f6\u00dfe: ca. 10,5 x 7,4 cm \/\/ pack with 50 pieces of the classic sticker, size approx. 10,5 cm x 7,4 cm (4.1 inches x 2.9 inches)\" \/>\n<meta property=\"og:url\" content=\"https:\/\/rockers.de\/en\/record\/sticker-hello-my-name-is-50-stueck-sonstiges\/\" \/>\n<meta property=\"og:site_name\" content=\"Rockers Records\" \/>\n<meta property=\"article:modified_time\" content=\"2026-03-13T16:19:10+00:00\" \/>\n<meta property=\"og:image\" content=\"https:\/\/rockers.de\/wp-content\/uploads\/2022\/09\/Sticker-Hello-My-Name-Is-50-Stueck-Sonstiges.jpg\" \/>\n\t<meta property=\"og:image:width\" content=\"1536\" \/>\n\t<meta property=\"og:image:height\" content=\"1082\" \/>\n\t<meta property=\"og:image:type\" content=\"image\/jpeg\" \/>\n<meta name=\"twitter:card\" content=\"summary_large_image\" \/>\n<meta name=\"twitter:label1\" content=\"Est. reading time\" \/>\n\t<meta name=\"twitter:data1\" content=\"1 minute\" \/>\n<script type=\"application\/ld+json\" class=\"yoast-schema-graph\">{\"@context\":\"https:\/\/schema.org\",\"@graph\":[{\"@type\":\"WebPage\",\"@id\":\"https:\/\/rockers.de\/record\/sticker-hello-my-name-is-50-stueck-sonstiges\/\",\"url\":\"https:\/\/rockers.de\/record\/sticker-hello-my-name-is-50-stueck-sonstiges\/\",\"name\":\"Sticker-Hello My Name Is (50 St\u00fcck)-Sonstiges - Rockers Records\",\"isPartOf\":{\"@id\":\"https:\/\/rockers.de\/#website\"},\"primaryImageOfPage\":{\"@id\":\"https:\/\/rockers.de\/record\/sticker-hello-my-name-is-50-stueck-sonstiges\/#primaryimage\"},\"image\":{\"@id\":\"https:\/\/rockers.de\/record\/sticker-hello-my-name-is-50-stueck-sonstiges\/#primaryimage\"},\"thumbnailUrl\":\"https:\/\/rockers.de\/wp-content\/uploads\/2022\/09\/Sticker-Hello-My-Name-Is-50-Stueck-Sonstiges.jpg\",\"datePublished\":\"2022-09-07T07:51:27+00:00\",\"dateModified\":\"2026-03-13T16:19:10+00:00\",\"breadcrumb\":{\"@id\":\"https:\/\/rockers.de\/record\/sticker-hello-my-name-is-50-stueck-sonstiges\/#breadcrumb\"},\"inLanguage\":\"en-US\",\"potentialAction\":[{\"@type\":\"ReadAction\",\"target\":[\"https:\/\/rockers.de\/record\/sticker-hello-my-name-is-50-stueck-sonstiges\/\"]}]},{\"@type\":\"ImageObject\",\"inLanguage\":\"en-US\",\"@id\":\"https:\/\/rockers.de\/record\/sticker-hello-my-name-is-50-stueck-sonstiges\/#primaryimage\",\"url\":\"https:\/\/rockers.de\/wp-content\/uploads\/2022\/09\/Sticker-Hello-My-Name-Is-50-Stueck-Sonstiges.jpg\",\"contentUrl\":\"https:\/\/rockers.de\/wp-content\/uploads\/2022\/09\/Sticker-Hello-My-Name-Is-50-Stueck-Sonstiges.jpg\",\"width\":1536,\"height\":1082,\"caption\":\"Sticker-Hello My Name Is (50 St\u00fcck)-Sonstiges-01\"},{\"@type\":\"BreadcrumbList\",\"@id\":\"https:\/\/rockers.de\/record\/sticker-hello-my-name-is-50-stueck-sonstiges\/#breadcrumb\",\"itemListElement\":[{\"@type\":\"ListItem\",\"position\":1,\"name\":\"Startseite\",\"item\":\"https:\/\/rockers.de\/\"},{\"@type\":\"ListItem\",\"position\":2,\"name\":\"Shop\",\"item\":\"https:\/\/rockers.de\/shop\/\"},{\"@type\":\"ListItem\",\"position\":3,\"name\":\"Sticker-Hello My Name Is (50 St\u00fcck)-Sonstiges\"}]},{\"@type\":\"WebSite\",\"@id\":\"https:\/\/rockers.de\/#website\",\"url\":\"https:\/\/rockers.de\/\",\"name\":\"Rockers Records\",\"description\":\"Dein Schallplatten Store in Hannover\",\"publisher\":{\"@id\":\"https:\/\/rockers.de\/#organization\"},\"potentialAction\":[{\"@type\":\"SearchAction\",\"target\":{\"@type\":\"EntryPoint\",\"urlTemplate\":\"https:\/\/rockers.de\/?s={search_term_string}\"},\"query-input\":{\"@type\":\"PropertyValueSpecification\",\"valueRequired\":true,\"valueName\":\"search_term_string\"}}],\"inLanguage\":\"en-US\"},{\"@type\":\"Organization\",\"@id\":\"https:\/\/rockers.de\/#organization\",\"name\":\"Rockers Records\",\"url\":\"https:\/\/rockers.de\/\",\"logo\":{\"@type\":\"ImageObject\",\"inLanguage\":\"en-US\",\"@id\":\"https:\/\/rockers.de\/#\/schema\/logo\/image\/\",\"url\":\"https:\/\/rockers.de\/wp-content\/uploads\/2022\/07\/Neue-Website-2022.jpg\",\"contentUrl\":\"https:\/\/rockers.de\/wp-content\/uploads\/2022\/07\/Neue-Website-2022.jpg\",\"width\":800,\"height\":800,\"caption\":\"Rockers Records\"},\"image\":{\"@id\":\"https:\/\/rockers.de\/#\/schema\/logo\/image\/\"}}]}<\/script>\n<!-- \/ Yoast SEO plugin. -->","yoast_head_json":{"title":"Sticker-Hello My Name Is (50 St\u00fcck)-Sonstiges - Rockers Records","robots":{"index":"index","follow":"follow","max-snippet":"max-snippet:-1","max-image-preview":"max-image-preview:large","max-video-preview":"max-video-preview:-1"},"canonical":"https:\/\/rockers.de\/en\/record\/sticker-hello-my-name-is-50-stueck-sonstiges\/","og_locale":"en_US","og_type":"article","og_title":"Sticker-Hello My Name Is (50 St\u00fcck)-Sonstiges - Rockers Records","og_description":"Pack mit 50 St\u00fcck des klassischen Stickers, Gr\u00f6\u00dfe: ca. 10,5 x 7,4 cm \/\/ pack with 50 pieces of the classic sticker, size approx. 10,5 cm x 7,4 cm (4.1 inches x 2.9 inches)","og_url":"https:\/\/rockers.de\/en\/record\/sticker-hello-my-name-is-50-stueck-sonstiges\/","og_site_name":"Rockers Records","article_modified_time":"2026-03-13T16:19:10+00:00","og_image":[{"width":1536,"height":1082,"url":"https:\/\/rockers.de\/wp-content\/uploads\/2022\/09\/Sticker-Hello-My-Name-Is-50-Stueck-Sonstiges.jpg","type":"image\/jpeg"}],"twitter_card":"summary_large_image","twitter_misc":{"Est. reading time":"1 minute"},"schema":{"@context":"https:\/\/schema.org","@graph":[{"@type":"WebPage","@id":"https:\/\/rockers.de\/record\/sticker-hello-my-name-is-50-stueck-sonstiges\/","url":"https:\/\/rockers.de\/record\/sticker-hello-my-name-is-50-stueck-sonstiges\/","name":"Sticker-Hello My Name Is (50 St\u00fcck)-Sonstiges - Rockers Records","isPartOf":{"@id":"https:\/\/rockers.de\/#website"},"primaryImageOfPage":{"@id":"https:\/\/rockers.de\/record\/sticker-hello-my-name-is-50-stueck-sonstiges\/#primaryimage"},"image":{"@id":"https:\/\/rockers.de\/record\/sticker-hello-my-name-is-50-stueck-sonstiges\/#primaryimage"},"thumbnailUrl":"https:\/\/rockers.de\/wp-content\/uploads\/2022\/09\/Sticker-Hello-My-Name-Is-50-Stueck-Sonstiges.jpg","datePublished":"2022-09-07T07:51:27+00:00","dateModified":"2026-03-13T16:19:10+00:00","breadcrumb":{"@id":"https:\/\/rockers.de\/record\/sticker-hello-my-name-is-50-stueck-sonstiges\/#breadcrumb"},"inLanguage":"en-US","potentialAction":[{"@type":"ReadAction","target":["https:\/\/rockers.de\/record\/sticker-hello-my-name-is-50-stueck-sonstiges\/"]}]},{"@type":"ImageObject","inLanguage":"en-US","@id":"https:\/\/rockers.de\/record\/sticker-hello-my-name-is-50-stueck-sonstiges\/#primaryimage","url":"https:\/\/rockers.de\/wp-content\/uploads\/2022\/09\/Sticker-Hello-My-Name-Is-50-Stueck-Sonstiges.jpg","contentUrl":"https:\/\/rockers.de\/wp-content\/uploads\/2022\/09\/Sticker-Hello-My-Name-Is-50-Stueck-Sonstiges.jpg","width":1536,"height":1082,"caption":"Sticker-Hello My Name Is (50 St\u00fcck)-Sonstiges-01"},{"@type":"BreadcrumbList","@id":"https:\/\/rockers.de\/record\/sticker-hello-my-name-is-50-stueck-sonstiges\/#breadcrumb","itemListElement":[{"@type":"ListItem","position":1,"name":"Startseite","item":"https:\/\/rockers.de\/"},{"@type":"ListItem","position":2,"name":"Shop","item":"https:\/\/rockers.de\/shop\/"},{"@type":"ListItem","position":3,"name":"Sticker-Hello My Name Is (50 St\u00fcck)-Sonstiges"}]},{"@type":"WebSite","@id":"https:\/\/rockers.de\/#website","url":"https:\/\/rockers.de\/","name":"Rockers Records","description":"Your record store in Hanover","publisher":{"@id":"https:\/\/rockers.de\/#organization"},"potentialAction":[{"@type":"SearchAction","target":{"@type":"EntryPoint","urlTemplate":"https:\/\/rockers.de\/?s={search_term_string}"},"query-input":{"@type":"PropertyValueSpecification","valueRequired":true,"valueName":"search_term_string"}}],"inLanguage":"en-US"},{"@type":"Organization","@id":"https:\/\/rockers.de\/#organization","name":"Rockers Records","url":"https:\/\/rockers.de\/","logo":{"@type":"ImageObject","inLanguage":"en-US","@id":"https:\/\/rockers.de\/#\/schema\/logo\/image\/","url":"https:\/\/rockers.de\/wp-content\/uploads\/2022\/07\/Neue-Website-2022.jpg","contentUrl":"https:\/\/rockers.de\/wp-content\/uploads\/2022\/07\/Neue-Website-2022.jpg","width":800,"height":800,"caption":"Rockers Records"},"image":{"@id":"https:\/\/rockers.de\/#\/schema\/logo\/image\/"}}]}},"_links":{"self":[{"href":"https:\/\/rockers.de\/en\/wp-json\/wp\/v2\/product\/68433","targetHints":{"allow":["GET"]}}],"collection":[{"href":"https:\/\/rockers.de\/en\/wp-json\/wp\/v2\/product"}],"about":[{"href":"https:\/\/rockers.de\/en\/wp-json\/wp\/v2\/types\/product"}],"wp:featuredmedia":[{"embeddable":true,"href":"https:\/\/rockers.de\/en\/wp-json\/wp\/v2\/media\/68434"}],"wp:attachment":[{"href":"https:\/\/rockers.de\/en\/wp-json\/wp\/v2\/media?parent=68433"}],"wp:term":[{"taxonomy":"product_brand","embeddable":true,"href":"https:\/\/rockers.de\/en\/wp-json\/wp\/v2\/product_brand?post=68433"},{"taxonomy":"product_cat","embeddable":true,"href":"https:\/\/rockers.de\/en\/wp-json\/wp\/v2\/product_cat?post=68433"},{"taxonomy":"product_tag","embeddable":true,"href":"https:\/\/rockers.de\/en\/wp-json\/wp\/v2\/product_tag?post=68433"}],"curies":[{"name":"wp","href":"https:\/\/api.w.org\/{rel}","templated":true}]}}