{"id":68296,"date":"2022-09-06T10:46:00","date_gmt":"2022-09-06T08:46:00","guid":{"rendered":"https:\/\/rockersstore.de\/record\/egon-und-die-treckerfahrer-moinsen-cd\/"},"modified":"2025-09-30T17:40:50","modified_gmt":"2025-09-30T15:40:50","slug":"egon-und-die-treckerfahrer-moinsen-cd","status":"publish","type":"product","link":"https:\/\/rockers.de\/en\/record\/egon-und-die-treckerfahrer-moinsen-cd\/","title":{"rendered":"Egon Und Die Treckerfahrer-Moinsen-CD"},"content":{"rendered":"<p>Egon &amp; die Treckerfahrer machen erdigen Trecker-Rock f\u00fcr l\u00fcttje Blagen. Dass das Bestens funktioniert, haben sie mit Dutzenden Konzerten vor ausgewiesenem Fachpublikum in Kinderg\u00e4rten, auf Festen und Festivals und sogar in Clubs oft genug bewiesen. Mit dieser wundersch\u00f6nen Doppel-CD liefern sie ein spannendes und lustiges H\u00f6rspiel mit Musik, das einen knallbunten und verr\u00fcckten Roadtrip ins Tonstudio schildert. Es geht dabei um Entf\u00fchrungen, St\u00fcrme und nat\u00fcrlich die Freude am Treckerfahren. Die wunderbaren Songs f\u00fcr Kinder sind in die Geschichte eingebettet und mit ihr verwoben. Mit dabei sind echte Klassiker wie \u201eWickie\u201c und \u201eDie Pipapo-Piraten\u201c aber auch hitverd\u00e4chtige Eigenkompositionen der Band. Auf der zweiten CD sind nochmal s\u00e4mtliche Songs zum Wiederh\u00f6ren, ohne das H\u00f6rspiel. Ein Riesenspa\u00df (nicht nur) f\u00fcr Kinder!<\/p>","protected":false},"excerpt":{"rendered":"<p>Egon &amp; die Treckerfahrer machen erdigen Trecker-Rock f\u00fcr l\u00fcttje Blagen. Dass das Bestens funktioniert, haben sie mit Dutzenden Konzerten vor ausgewiesenem Fachpublikum in Kinderg\u00e4rten, auf Festen und Festivals und sogar in Clubs oft genug bewiesen. Mit dieser wundersch\u00f6nen Doppel-CD liefern sie ein spannendes und lustiges H\u00f6rspiel mit Musik, das einen knallbunten und verr\u00fcckten Roadtrip ins Tonstudio schildert. Es geht dabei um Entf\u00fchrungen, St\u00fcrme und nat\u00fcrlich die Freude am Treckerfahren. Die wunderbaren Songs f\u00fcr Kinder sind in die Geschichte eingebettet und mit ihr verwoben. Mit dabei sind echte Klassiker wie \u201eWickie\u201c und \u201eDie Pipapo-Piraten\u201c aber auch hitverd\u00e4chtige Eigenkompositionen der Band. Auf der zweiten CD sind nochmal s\u00e4mtliche Songs zum Wiederh\u00f6ren, ohne das H\u00f6rspiel. Ein Riesenspa\u00df (nicht nur) f\u00fcr Kinder!<\/p>","protected":false},"featured_media":68297,"template":"","meta":{"_acf_changed":false},"product_brand":[],"product_cat":[538,1009],"product_tag":[],"class_list":{"0":"post-68296","1":"product","2":"type-product","3":"status-publish","4":"has-post-thumbnail","6":"product_cat-punk-deutschland","7":"product_cat-spoken-word","8":"pa_att_artist-egon-und-die-treckerfahrer","9":"pa_att_format-cd","10":"pa_att_genre-spoken-word","11":"pa_att_jahr-137","12":"pa_att_label-rockers-records-3","13":"pa_att_land-germany","15":"first","16":"instock","17":"taxable","18":"shipping-taxable","19":"purchasable","20":"product-type-simple"},"acf":[],"yoast_head":"<!-- This site is optimized with the Yoast SEO plugin v27.3 - https:\/\/yoast.com\/product\/yoast-seo-wordpress\/ -->\n<title>Egon Und Die Treckerfahrer-Moinsen-CD - Rockers Records<\/title>\n<meta name=\"robots\" content=\"index, follow, max-snippet:-1, max-image-preview:large, max-video-preview:-1\" \/>\n<link rel=\"canonical\" href=\"https:\/\/rockers.de\/en\/record\/egon-und-die-treckerfahrer-moinsen-cd\/\" \/>\n<meta property=\"og:locale\" content=\"en_US\" \/>\n<meta property=\"og:type\" content=\"article\" \/>\n<meta property=\"og:title\" content=\"Egon Und Die Treckerfahrer-Moinsen-CD - Rockers Records\" \/>\n<meta property=\"og:description\" content=\"Egon &amp; die Treckerfahrer machen erdigen Trecker-Rock f\u00fcr l\u00fcttje Blagen. Dass das Bestens funktioniert, haben sie mit Dutzenden Konzerten vor ausgewiesenem Fachpublikum in Kinderg\u00e4rten, auf Festen und Festivals und sogar in Clubs oft genug bewiesen. Mit dieser wundersch\u00f6nen Doppel-CD liefern sie ein spannendes und lustiges H\u00f6rspiel mit Musik, das einen knallbunten und verr\u00fcckten Roadtrip ins Tonstudio schildert. Es geht dabei um Entf\u00fchrungen, St\u00fcrme und nat\u00fcrlich die Freude am Treckerfahren. Die wunderbaren Songs f\u00fcr Kinder sind in die Geschichte eingebettet und mit ihr verwoben. Mit dabei sind echte Klassiker wie \u201eWickie\u201c und \u201eDie Pipapo-Piraten\u201c aber auch hitverd\u00e4chtige Eigenkompositionen der Band. Auf der zweiten CD sind nochmal s\u00e4mtliche Songs zum Wiederh\u00f6ren, ohne das H\u00f6rspiel. Ein Riesenspa\u00df (nicht nur) f\u00fcr Kinder!\" \/>\n<meta property=\"og:url\" content=\"https:\/\/rockers.de\/en\/record\/egon-und-die-treckerfahrer-moinsen-cd\/\" \/>\n<meta property=\"og:site_name\" content=\"Rockers Records\" \/>\n<meta property=\"article:modified_time\" content=\"2025-09-30T15:40:50+00:00\" \/>\n<meta property=\"og:image\" content=\"https:\/\/rockers.de\/wp-content\/uploads\/2022\/09\/Egon-Und-Die-Treckerfahrer-Moinsen-CD.jpg\" \/>\n\t<meta property=\"og:image:width\" content=\"1536\" \/>\n\t<meta property=\"og:image:height\" content=\"1317\" \/>\n\t<meta property=\"og:image:type\" content=\"image\/jpeg\" \/>\n<meta name=\"twitter:card\" content=\"summary_large_image\" \/>\n<meta name=\"twitter:label1\" content=\"Est. reading time\" \/>\n\t<meta name=\"twitter:data1\" content=\"1 minute\" \/>\n<script type=\"application\/ld+json\" class=\"yoast-schema-graph\">{\"@context\":\"https:\\\/\\\/schema.org\",\"@graph\":[{\"@type\":\"WebPage\",\"@id\":\"https:\\\/\\\/rockers.de\\\/record\\\/egon-und-die-treckerfahrer-moinsen-cd\\\/\",\"url\":\"https:\\\/\\\/rockers.de\\\/record\\\/egon-und-die-treckerfahrer-moinsen-cd\\\/\",\"name\":\"Egon Und Die Treckerfahrer-Moinsen-CD - Rockers Records\",\"isPartOf\":{\"@id\":\"https:\\\/\\\/rockers.de\\\/#website\"},\"primaryImageOfPage\":{\"@id\":\"https:\\\/\\\/rockers.de\\\/record\\\/egon-und-die-treckerfahrer-moinsen-cd\\\/#primaryimage\"},\"image\":{\"@id\":\"https:\\\/\\\/rockers.de\\\/record\\\/egon-und-die-treckerfahrer-moinsen-cd\\\/#primaryimage\"},\"thumbnailUrl\":\"https:\\\/\\\/rockers.de\\\/wp-content\\\/uploads\\\/2022\\\/09\\\/Egon-Und-Die-Treckerfahrer-Moinsen-CD.jpg\",\"datePublished\":\"2022-09-06T08:46:00+00:00\",\"dateModified\":\"2025-09-30T15:40:50+00:00\",\"breadcrumb\":{\"@id\":\"https:\\\/\\\/rockers.de\\\/record\\\/egon-und-die-treckerfahrer-moinsen-cd\\\/#breadcrumb\"},\"inLanguage\":\"en-US\",\"potentialAction\":[{\"@type\":\"ReadAction\",\"target\":[\"https:\\\/\\\/rockers.de\\\/record\\\/egon-und-die-treckerfahrer-moinsen-cd\\\/\"]}]},{\"@type\":\"ImageObject\",\"inLanguage\":\"en-US\",\"@id\":\"https:\\\/\\\/rockers.de\\\/record\\\/egon-und-die-treckerfahrer-moinsen-cd\\\/#primaryimage\",\"url\":\"https:\\\/\\\/rockers.de\\\/wp-content\\\/uploads\\\/2022\\\/09\\\/Egon-Und-Die-Treckerfahrer-Moinsen-CD.jpg\",\"contentUrl\":\"https:\\\/\\\/rockers.de\\\/wp-content\\\/uploads\\\/2022\\\/09\\\/Egon-Und-Die-Treckerfahrer-Moinsen-CD.jpg\",\"width\":1536,\"height\":1317,\"caption\":\"Egon Und Die Treckerfahrer-Moinsen-CD-01\"},{\"@type\":\"BreadcrumbList\",\"@id\":\"https:\\\/\\\/rockers.de\\\/record\\\/egon-und-die-treckerfahrer-moinsen-cd\\\/#breadcrumb\",\"itemListElement\":[{\"@type\":\"ListItem\",\"position\":1,\"name\":\"Startseite\",\"item\":\"https:\\\/\\\/rockers.de\\\/\"},{\"@type\":\"ListItem\",\"position\":2,\"name\":\"Shop\",\"item\":\"https:\\\/\\\/rockers.de\\\/shop\\\/\"},{\"@type\":\"ListItem\",\"position\":3,\"name\":\"Egon Und Die Treckerfahrer-Moinsen-CD\"}]},{\"@type\":\"WebSite\",\"@id\":\"https:\\\/\\\/rockers.de\\\/#website\",\"url\":\"https:\\\/\\\/rockers.de\\\/\",\"name\":\"Rockers Records\",\"description\":\"Dein Schallplatten Store in Hannover\",\"publisher\":{\"@id\":\"https:\\\/\\\/rockers.de\\\/#organization\"},\"potentialAction\":[{\"@type\":\"SearchAction\",\"target\":{\"@type\":\"EntryPoint\",\"urlTemplate\":\"https:\\\/\\\/rockers.de\\\/?s={search_term_string}\"},\"query-input\":{\"@type\":\"PropertyValueSpecification\",\"valueRequired\":true,\"valueName\":\"search_term_string\"}}],\"inLanguage\":\"en-US\"},{\"@type\":\"Organization\",\"@id\":\"https:\\\/\\\/rockers.de\\\/#organization\",\"name\":\"Rockers Records\",\"url\":\"https:\\\/\\\/rockers.de\\\/\",\"logo\":{\"@type\":\"ImageObject\",\"inLanguage\":\"en-US\",\"@id\":\"https:\\\/\\\/rockers.de\\\/#\\\/schema\\\/logo\\\/image\\\/\",\"url\":\"https:\\\/\\\/rockers.de\\\/wp-content\\\/uploads\\\/2022\\\/07\\\/Neue-Website-2022.jpg\",\"contentUrl\":\"https:\\\/\\\/rockers.de\\\/wp-content\\\/uploads\\\/2022\\\/07\\\/Neue-Website-2022.jpg\",\"width\":800,\"height\":800,\"caption\":\"Rockers Records\"},\"image\":{\"@id\":\"https:\\\/\\\/rockers.de\\\/#\\\/schema\\\/logo\\\/image\\\/\"}}]}<\/script>\n<!-- \/ Yoast SEO plugin. -->","yoast_head_json":{"title":"Egon Und Die Treckerfahrer-Moinsen-CD - Rockers Records","robots":{"index":"index","follow":"follow","max-snippet":"max-snippet:-1","max-image-preview":"max-image-preview:large","max-video-preview":"max-video-preview:-1"},"canonical":"https:\/\/rockers.de\/en\/record\/egon-und-die-treckerfahrer-moinsen-cd\/","og_locale":"en_US","og_type":"article","og_title":"Egon Und Die Treckerfahrer-Moinsen-CD - Rockers Records","og_description":"Egon &amp; die Treckerfahrer machen erdigen Trecker-Rock f\u00fcr l\u00fcttje Blagen. Dass das Bestens funktioniert, haben sie mit Dutzenden Konzerten vor ausgewiesenem Fachpublikum in Kinderg\u00e4rten, auf Festen und Festivals und sogar in Clubs oft genug bewiesen. Mit dieser wundersch\u00f6nen Doppel-CD liefern sie ein spannendes und lustiges H\u00f6rspiel mit Musik, das einen knallbunten und verr\u00fcckten Roadtrip ins Tonstudio schildert. Es geht dabei um Entf\u00fchrungen, St\u00fcrme und nat\u00fcrlich die Freude am Treckerfahren. Die wunderbaren Songs f\u00fcr Kinder sind in die Geschichte eingebettet und mit ihr verwoben. Mit dabei sind echte Klassiker wie \u201eWickie\u201c und \u201eDie Pipapo-Piraten\u201c aber auch hitverd\u00e4chtige Eigenkompositionen der Band. Auf der zweiten CD sind nochmal s\u00e4mtliche Songs zum Wiederh\u00f6ren, ohne das H\u00f6rspiel. Ein Riesenspa\u00df (nicht nur) f\u00fcr Kinder!","og_url":"https:\/\/rockers.de\/en\/record\/egon-und-die-treckerfahrer-moinsen-cd\/","og_site_name":"Rockers Records","article_modified_time":"2025-09-30T15:40:50+00:00","og_image":[{"width":1536,"height":1317,"url":"https:\/\/rockers.de\/wp-content\/uploads\/2022\/09\/Egon-Und-Die-Treckerfahrer-Moinsen-CD.jpg","type":"image\/jpeg"}],"twitter_card":"summary_large_image","twitter_misc":{"Est. reading time":"1 minute"},"schema":{"@context":"https:\/\/schema.org","@graph":[{"@type":"WebPage","@id":"https:\/\/rockers.de\/record\/egon-und-die-treckerfahrer-moinsen-cd\/","url":"https:\/\/rockers.de\/record\/egon-und-die-treckerfahrer-moinsen-cd\/","name":"Egon Und Die Treckerfahrer-Moinsen-CD - Rockers Records","isPartOf":{"@id":"https:\/\/rockers.de\/#website"},"primaryImageOfPage":{"@id":"https:\/\/rockers.de\/record\/egon-und-die-treckerfahrer-moinsen-cd\/#primaryimage"},"image":{"@id":"https:\/\/rockers.de\/record\/egon-und-die-treckerfahrer-moinsen-cd\/#primaryimage"},"thumbnailUrl":"https:\/\/rockers.de\/wp-content\/uploads\/2022\/09\/Egon-Und-Die-Treckerfahrer-Moinsen-CD.jpg","datePublished":"2022-09-06T08:46:00+00:00","dateModified":"2025-09-30T15:40:50+00:00","breadcrumb":{"@id":"https:\/\/rockers.de\/record\/egon-und-die-treckerfahrer-moinsen-cd\/#breadcrumb"},"inLanguage":"en-US","potentialAction":[{"@type":"ReadAction","target":["https:\/\/rockers.de\/record\/egon-und-die-treckerfahrer-moinsen-cd\/"]}]},{"@type":"ImageObject","inLanguage":"en-US","@id":"https:\/\/rockers.de\/record\/egon-und-die-treckerfahrer-moinsen-cd\/#primaryimage","url":"https:\/\/rockers.de\/wp-content\/uploads\/2022\/09\/Egon-Und-Die-Treckerfahrer-Moinsen-CD.jpg","contentUrl":"https:\/\/rockers.de\/wp-content\/uploads\/2022\/09\/Egon-Und-Die-Treckerfahrer-Moinsen-CD.jpg","width":1536,"height":1317,"caption":"Egon Und Die Treckerfahrer-Moinsen-CD-01"},{"@type":"BreadcrumbList","@id":"https:\/\/rockers.de\/record\/egon-und-die-treckerfahrer-moinsen-cd\/#breadcrumb","itemListElement":[{"@type":"ListItem","position":1,"name":"Startseite","item":"https:\/\/rockers.de\/"},{"@type":"ListItem","position":2,"name":"Shop","item":"https:\/\/rockers.de\/shop\/"},{"@type":"ListItem","position":3,"name":"Egon Und Die Treckerfahrer-Moinsen-CD"}]},{"@type":"WebSite","@id":"https:\/\/rockers.de\/#website","url":"https:\/\/rockers.de\/","name":"Rockers Records","description":"Your record store in Hanover","publisher":{"@id":"https:\/\/rockers.de\/#organization"},"potentialAction":[{"@type":"SearchAction","target":{"@type":"EntryPoint","urlTemplate":"https:\/\/rockers.de\/?s={search_term_string}"},"query-input":{"@type":"PropertyValueSpecification","valueRequired":true,"valueName":"search_term_string"}}],"inLanguage":"en-US"},{"@type":"Organization","@id":"https:\/\/rockers.de\/#organization","name":"Rockers Records","url":"https:\/\/rockers.de\/","logo":{"@type":"ImageObject","inLanguage":"en-US","@id":"https:\/\/rockers.de\/#\/schema\/logo\/image\/","url":"https:\/\/rockers.de\/wp-content\/uploads\/2022\/07\/Neue-Website-2022.jpg","contentUrl":"https:\/\/rockers.de\/wp-content\/uploads\/2022\/07\/Neue-Website-2022.jpg","width":800,"height":800,"caption":"Rockers Records"},"image":{"@id":"https:\/\/rockers.de\/#\/schema\/logo\/image\/"}}]}},"_links":{"self":[{"href":"https:\/\/rockers.de\/en\/wp-json\/wp\/v2\/product\/68296","targetHints":{"allow":["GET"]}}],"collection":[{"href":"https:\/\/rockers.de\/en\/wp-json\/wp\/v2\/product"}],"about":[{"href":"https:\/\/rockers.de\/en\/wp-json\/wp\/v2\/types\/product"}],"wp:featuredmedia":[{"embeddable":true,"href":"https:\/\/rockers.de\/en\/wp-json\/wp\/v2\/media\/68297"}],"wp:attachment":[{"href":"https:\/\/rockers.de\/en\/wp-json\/wp\/v2\/media?parent=68296"}],"wp:term":[{"taxonomy":"product_brand","embeddable":true,"href":"https:\/\/rockers.de\/en\/wp-json\/wp\/v2\/product_brand?post=68296"},{"taxonomy":"product_cat","embeddable":true,"href":"https:\/\/rockers.de\/en\/wp-json\/wp\/v2\/product_cat?post=68296"},{"taxonomy":"product_tag","embeddable":true,"href":"https:\/\/rockers.de\/en\/wp-json\/wp\/v2\/product_tag?post=68296"}],"curies":[{"name":"wp","href":"https:\/\/api.w.org\/{rel}","templated":true}]}}