{"id":65096,"date":"2022-09-06T00:25:21","date_gmt":"2022-09-05T22:25:21","guid":{"rendered":"https:\/\/rockersstore.de\/record\/hammerhai-unterm-schnellweg-cd\/"},"modified":"2025-09-30T17:40:50","modified_gmt":"2025-09-30T15:40:50","slug":"hammerhai-unterm-schnellweg-cd","status":"publish","type":"product","link":"https:\/\/rockers.de\/en\/record\/hammerhai-unterm-schnellweg-cd\/","title":{"rendered":"Hammerhai-Unterm Schnellweg-CD"},"content":{"rendered":"<p>CD im Digipak mit Booklet. \u201eHAMMERHAI ist ein Klunker unter den Juwelen\u201c, schrieb Helge Schreiber \u00fcber die hannoversche Vorzeigeband, die seit 1997 als Pioniere des deutschsprachigen Offbeats gelten. Jetzt bringen sie sich endlich mit ihrem 6. Album \u201eUnterm Schnellweg\u201c bei Rockers Records wieder auf die Karte und in die Ohren der Fachwelt. Nach einer vierj\u00e4hrigen Pause zwischen 2007 und 2011 ist das Quintett inzwischen als Gitarrenband und mit neuem Drummer unterwegs. 13 lange Jahre musste die Zuh\u00f6rerschaft auf eine neue Platte warten, doch die Weisheit \u201egut Ding will Weile haben\u201c gilt auch hier. HAMMERHAI bietet auf \u201eUnterm Schnellweg\u201c einen \u00fcppigen Facettenreichtum aus Punkrock, Ska, Reggae, HipHop, Beat und Metal, dazu schlaue Texte mit Hirn und Seele &#8211; HAMMERHAI haben es Puristen und Schubladendenkern noch nie leicht gemacht. F\u00fcr die glasklare und druckvolle Produktion des Tontr\u00e4gers zeichnet Gitarrist MC Timsen verantwortlich, der die Band in einem Studio unter einer Autobahnbr\u00fccke aufgenommen hat. Der charakteristische Gesang wechselt zwischen brodelnder Reibeisenstimme, angenehm schnoddriger Erz\u00e4hlung und kraftvollen Singalongs. Das Ganze wird stimmlich komplettiert mit sch\u00f6nen Backingvocals und griffigen Sprechgesangseinlagen. Egal ob z\u00fcgige Ska-Punk-Klopper, frische Hybride aus Dub-Rhythmen mit fetten Gitarrenw\u00e4nden, kunstvolle Metal-Miniaturen oder catchy Beatnummern \u2013 HAMMERHAI klingen kraftvoll, authentisch und dabei komplett tiefenentspannt. Diese Platte ist mitrei\u00dfend und es hagelt gro\u00dfartige Songs mit Hooklines, Melodieb\u00f6gen und Textzeilen, die sich in den Geh\u00f6rg\u00e4ngen festbei\u00dfen!<\/p>","protected":false},"excerpt":{"rendered":"<p>CD im Digipak mit Booklet. \u201eHAMMERHAI ist ein Klunker unter den Juwelen\u201c, schrieb Helge Schreiber \u00fcber die hannoversche Vorzeigeband, die seit 1997 als Pioniere des deutschsprachigen Offbeats gelten. Jetzt bringen sie sich endlich mit ihrem 6. Album \u201eUnterm Schnellweg\u201c bei Rockers Records wieder auf die Karte und in die Ohren der Fachwelt. Nach einer vierj\u00e4hrigen Pause zwischen 2007 und 2011 ist das Quintett inzwischen als Gitarrenband und mit neuem Drummer unterwegs. 13 lange Jahre musste die Zuh\u00f6rerschaft auf eine neue Platte warten, doch die Weisheit \u201egut Ding will Weile haben\u201c gilt auch hier. HAMMERHAI bietet auf \u201eUnterm Schnellweg\u201c einen \u00fcppigen Facettenreichtum aus Punkrock, Ska, Reggae, HipHop, Beat und Metal, dazu schlaue Texte mit Hirn und Seele &#8211; HAMMERHAI haben es Puristen und Schubladendenkern noch nie leicht gemacht. F\u00fcr die glasklare und druckvolle Produktion des Tontr\u00e4gers zeichnet Gitarrist MC Timsen verantwortlich, der die Band in einem Studio unter einer Autobahnbr\u00fccke aufgenommen hat. Der charakteristische Gesang wechselt zwischen brodelnder Reibeisenstimme, angenehm schnoddriger Erz\u00e4hlung und kraftvollen Singalongs. Das Ganze wird stimmlich komplettiert mit sch\u00f6nen Backingvocals und griffigen Sprechgesangseinlagen. Egal ob z\u00fcgige Ska-Punk-Klopper, frische Hybride aus Dub-Rhythmen mit fetten Gitarrenw\u00e4nden, kunstvolle Metal-Miniaturen oder catchy Beatnummern \u2013 HAMMERHAI klingen kraftvoll, authentisch und dabei komplett tiefenentspannt. Diese Platte ist mitrei\u00dfend und es hagelt gro\u00dfartige Songs mit Hooklines, Melodieb\u00f6gen und Textzeilen, die sich in den Geh\u00f6rg\u00e4ngen festbei\u00dfen!<\/p>","protected":false},"featured_media":65097,"template":"","meta":{"_acf_changed":false},"product_brand":[],"product_cat":[150,538,542],"product_tag":[],"class_list":{"0":"post-65096","1":"product","2":"type-product","3":"status-publish","4":"has-post-thumbnail","6":"product_cat-alternative-rock","7":"product_cat-punk-deutschland","8":"product_cat-ska","9":"pa_att_artist-hammerhai","10":"pa_att_format-cd","11":"pa_att_genre-ska","12":"pa_att_jahr-137","13":"pa_att_label-rockers-records-3","14":"pa_att_land-germany","16":"first","17":"outofstock","18":"taxable","19":"shipping-taxable","20":"purchasable","21":"product-type-simple"},"acf":[],"yoast_head":"<!-- This site is optimized with the Yoast SEO plugin v27.2 - https:\/\/yoast.com\/product\/yoast-seo-wordpress\/ -->\n<title>Hammerhai-Unterm Schnellweg-CD - Rockers Records<\/title>\n<meta name=\"robots\" content=\"index, follow, max-snippet:-1, max-image-preview:large, max-video-preview:-1\" \/>\n<link rel=\"canonical\" href=\"https:\/\/rockers.de\/en\/record\/hammerhai-unterm-schnellweg-cd\/\" \/>\n<meta property=\"og:locale\" content=\"en_US\" \/>\n<meta property=\"og:type\" content=\"article\" \/>\n<meta property=\"og:title\" content=\"Hammerhai-Unterm Schnellweg-CD - Rockers Records\" \/>\n<meta property=\"og:description\" content=\"CD im Digipak mit Booklet. \u201eHAMMERHAI ist ein Klunker unter den Juwelen\u201c, schrieb Helge Schreiber \u00fcber die hannoversche Vorzeigeband, die seit 1997 als Pioniere des deutschsprachigen Offbeats gelten. Jetzt bringen sie sich endlich mit ihrem 6. Album \u201eUnterm Schnellweg\u201c bei Rockers Records wieder auf die Karte und in die Ohren der Fachwelt. Nach einer vierj\u00e4hrigen Pause zwischen 2007 und 2011 ist das Quintett inzwischen als Gitarrenband und mit neuem Drummer unterwegs. 13 lange Jahre musste die Zuh\u00f6rerschaft auf eine neue Platte warten, doch die Weisheit \u201egut Ding will Weile haben\u201c gilt auch hier. HAMMERHAI bietet auf \u201eUnterm Schnellweg\u201c einen \u00fcppigen Facettenreichtum aus Punkrock, Ska, Reggae, HipHop, Beat und Metal, dazu schlaue Texte mit Hirn und Seele - HAMMERHAI haben es Puristen und Schubladendenkern noch nie leicht gemacht. F\u00fcr die glasklare und druckvolle Produktion des Tontr\u00e4gers zeichnet Gitarrist MC Timsen verantwortlich, der die Band in einem Studio unter einer Autobahnbr\u00fccke aufgenommen hat. Der charakteristische Gesang wechselt zwischen brodelnder Reibeisenstimme, angenehm schnoddriger Erz\u00e4hlung und kraftvollen Singalongs. Das Ganze wird stimmlich komplettiert mit sch\u00f6nen Backingvocals und griffigen Sprechgesangseinlagen. Egal ob z\u00fcgige Ska-Punk-Klopper, frische Hybride aus Dub-Rhythmen mit fetten Gitarrenw\u00e4nden, kunstvolle Metal-Miniaturen oder catchy Beatnummern \u2013 HAMMERHAI klingen kraftvoll, authentisch und dabei komplett tiefenentspannt. Diese Platte ist mitrei\u00dfend und es hagelt gro\u00dfartige Songs mit Hooklines, Melodieb\u00f6gen und Textzeilen, die sich in den Geh\u00f6rg\u00e4ngen festbei\u00dfen!\" \/>\n<meta property=\"og:url\" content=\"https:\/\/rockers.de\/en\/record\/hammerhai-unterm-schnellweg-cd\/\" \/>\n<meta property=\"og:site_name\" content=\"Rockers Records\" \/>\n<meta property=\"article:modified_time\" content=\"2025-09-30T15:40:50+00:00\" \/>\n<meta property=\"og:image\" content=\"https:\/\/rockers.de\/wp-content\/uploads\/2022\/09\/Hammerhai-Unterm-Schnellweg-CD.jpg\" \/>\n\t<meta property=\"og:image:width\" content=\"1536\" \/>\n\t<meta property=\"og:image:height\" content=\"1342\" \/>\n\t<meta property=\"og:image:type\" content=\"image\/jpeg\" \/>\n<meta name=\"twitter:card\" content=\"summary_large_image\" \/>\n<meta name=\"twitter:label1\" content=\"Est. reading time\" \/>\n\t<meta name=\"twitter:data1\" content=\"2 minutes\" \/>\n<script type=\"application\/ld+json\" class=\"yoast-schema-graph\">{\"@context\":\"https:\/\/schema.org\",\"@graph\":[{\"@type\":\"WebPage\",\"@id\":\"https:\/\/rockers.de\/record\/hammerhai-unterm-schnellweg-cd\/\",\"url\":\"https:\/\/rockers.de\/record\/hammerhai-unterm-schnellweg-cd\/\",\"name\":\"Hammerhai-Unterm Schnellweg-CD - Rockers Records\",\"isPartOf\":{\"@id\":\"https:\/\/rockers.de\/#website\"},\"primaryImageOfPage\":{\"@id\":\"https:\/\/rockers.de\/record\/hammerhai-unterm-schnellweg-cd\/#primaryimage\"},\"image\":{\"@id\":\"https:\/\/rockers.de\/record\/hammerhai-unterm-schnellweg-cd\/#primaryimage\"},\"thumbnailUrl\":\"https:\/\/rockers.de\/wp-content\/uploads\/2022\/09\/Hammerhai-Unterm-Schnellweg-CD.jpg\",\"datePublished\":\"2022-09-05T22:25:21+00:00\",\"dateModified\":\"2025-09-30T15:40:50+00:00\",\"breadcrumb\":{\"@id\":\"https:\/\/rockers.de\/record\/hammerhai-unterm-schnellweg-cd\/#breadcrumb\"},\"inLanguage\":\"en-US\",\"potentialAction\":[{\"@type\":\"ReadAction\",\"target\":[\"https:\/\/rockers.de\/record\/hammerhai-unterm-schnellweg-cd\/\"]}]},{\"@type\":\"ImageObject\",\"inLanguage\":\"en-US\",\"@id\":\"https:\/\/rockers.de\/record\/hammerhai-unterm-schnellweg-cd\/#primaryimage\",\"url\":\"https:\/\/rockers.de\/wp-content\/uploads\/2022\/09\/Hammerhai-Unterm-Schnellweg-CD.jpg\",\"contentUrl\":\"https:\/\/rockers.de\/wp-content\/uploads\/2022\/09\/Hammerhai-Unterm-Schnellweg-CD.jpg\",\"width\":1536,\"height\":1342,\"caption\":\"Hammerhai-Unterm Schnellweg-CD-01\"},{\"@type\":\"BreadcrumbList\",\"@id\":\"https:\/\/rockers.de\/record\/hammerhai-unterm-schnellweg-cd\/#breadcrumb\",\"itemListElement\":[{\"@type\":\"ListItem\",\"position\":1,\"name\":\"Startseite\",\"item\":\"https:\/\/rockers.de\/\"},{\"@type\":\"ListItem\",\"position\":2,\"name\":\"Shop\",\"item\":\"https:\/\/rockers.de\/shop\/\"},{\"@type\":\"ListItem\",\"position\":3,\"name\":\"Hammerhai-Unterm Schnellweg-CD\"}]},{\"@type\":\"WebSite\",\"@id\":\"https:\/\/rockers.de\/#website\",\"url\":\"https:\/\/rockers.de\/\",\"name\":\"Rockers Records\",\"description\":\"Dein Schallplatten Store in Hannover\",\"publisher\":{\"@id\":\"https:\/\/rockers.de\/#organization\"},\"potentialAction\":[{\"@type\":\"SearchAction\",\"target\":{\"@type\":\"EntryPoint\",\"urlTemplate\":\"https:\/\/rockers.de\/?s={search_term_string}\"},\"query-input\":{\"@type\":\"PropertyValueSpecification\",\"valueRequired\":true,\"valueName\":\"search_term_string\"}}],\"inLanguage\":\"en-US\"},{\"@type\":\"Organization\",\"@id\":\"https:\/\/rockers.de\/#organization\",\"name\":\"Rockers Records\",\"url\":\"https:\/\/rockers.de\/\",\"logo\":{\"@type\":\"ImageObject\",\"inLanguage\":\"en-US\",\"@id\":\"https:\/\/rockers.de\/#\/schema\/logo\/image\/\",\"url\":\"https:\/\/rockers.de\/wp-content\/uploads\/2022\/07\/Neue-Website-2022.jpg\",\"contentUrl\":\"https:\/\/rockers.de\/wp-content\/uploads\/2022\/07\/Neue-Website-2022.jpg\",\"width\":800,\"height\":800,\"caption\":\"Rockers Records\"},\"image\":{\"@id\":\"https:\/\/rockers.de\/#\/schema\/logo\/image\/\"}}]}<\/script>\n<!-- \/ Yoast SEO plugin. -->","yoast_head_json":{"title":"Hammerhai-Unterm Schnellweg-CD - Rockers Records","robots":{"index":"index","follow":"follow","max-snippet":"max-snippet:-1","max-image-preview":"max-image-preview:large","max-video-preview":"max-video-preview:-1"},"canonical":"https:\/\/rockers.de\/en\/record\/hammerhai-unterm-schnellweg-cd\/","og_locale":"en_US","og_type":"article","og_title":"Hammerhai-Unterm Schnellweg-CD - Rockers Records","og_description":"CD im Digipak mit Booklet. \u201eHAMMERHAI ist ein Klunker unter den Juwelen\u201c, schrieb Helge Schreiber \u00fcber die hannoversche Vorzeigeband, die seit 1997 als Pioniere des deutschsprachigen Offbeats gelten. Jetzt bringen sie sich endlich mit ihrem 6. Album \u201eUnterm Schnellweg\u201c bei Rockers Records wieder auf die Karte und in die Ohren der Fachwelt. Nach einer vierj\u00e4hrigen Pause zwischen 2007 und 2011 ist das Quintett inzwischen als Gitarrenband und mit neuem Drummer unterwegs. 13 lange Jahre musste die Zuh\u00f6rerschaft auf eine neue Platte warten, doch die Weisheit \u201egut Ding will Weile haben\u201c gilt auch hier. HAMMERHAI bietet auf \u201eUnterm Schnellweg\u201c einen \u00fcppigen Facettenreichtum aus Punkrock, Ska, Reggae, HipHop, Beat und Metal, dazu schlaue Texte mit Hirn und Seele - HAMMERHAI haben es Puristen und Schubladendenkern noch nie leicht gemacht. F\u00fcr die glasklare und druckvolle Produktion des Tontr\u00e4gers zeichnet Gitarrist MC Timsen verantwortlich, der die Band in einem Studio unter einer Autobahnbr\u00fccke aufgenommen hat. Der charakteristische Gesang wechselt zwischen brodelnder Reibeisenstimme, angenehm schnoddriger Erz\u00e4hlung und kraftvollen Singalongs. Das Ganze wird stimmlich komplettiert mit sch\u00f6nen Backingvocals und griffigen Sprechgesangseinlagen. Egal ob z\u00fcgige Ska-Punk-Klopper, frische Hybride aus Dub-Rhythmen mit fetten Gitarrenw\u00e4nden, kunstvolle Metal-Miniaturen oder catchy Beatnummern \u2013 HAMMERHAI klingen kraftvoll, authentisch und dabei komplett tiefenentspannt. Diese Platte ist mitrei\u00dfend und es hagelt gro\u00dfartige Songs mit Hooklines, Melodieb\u00f6gen und Textzeilen, die sich in den Geh\u00f6rg\u00e4ngen festbei\u00dfen!","og_url":"https:\/\/rockers.de\/en\/record\/hammerhai-unterm-schnellweg-cd\/","og_site_name":"Rockers Records","article_modified_time":"2025-09-30T15:40:50+00:00","og_image":[{"width":1536,"height":1342,"url":"https:\/\/rockers.de\/wp-content\/uploads\/2022\/09\/Hammerhai-Unterm-Schnellweg-CD.jpg","type":"image\/jpeg"}],"twitter_card":"summary_large_image","twitter_misc":{"Est. reading time":"2 minutes"},"schema":{"@context":"https:\/\/schema.org","@graph":[{"@type":"WebPage","@id":"https:\/\/rockers.de\/record\/hammerhai-unterm-schnellweg-cd\/","url":"https:\/\/rockers.de\/record\/hammerhai-unterm-schnellweg-cd\/","name":"Hammerhai-Unterm Schnellweg-CD - Rockers Records","isPartOf":{"@id":"https:\/\/rockers.de\/#website"},"primaryImageOfPage":{"@id":"https:\/\/rockers.de\/record\/hammerhai-unterm-schnellweg-cd\/#primaryimage"},"image":{"@id":"https:\/\/rockers.de\/record\/hammerhai-unterm-schnellweg-cd\/#primaryimage"},"thumbnailUrl":"https:\/\/rockers.de\/wp-content\/uploads\/2022\/09\/Hammerhai-Unterm-Schnellweg-CD.jpg","datePublished":"2022-09-05T22:25:21+00:00","dateModified":"2025-09-30T15:40:50+00:00","breadcrumb":{"@id":"https:\/\/rockers.de\/record\/hammerhai-unterm-schnellweg-cd\/#breadcrumb"},"inLanguage":"en-US","potentialAction":[{"@type":"ReadAction","target":["https:\/\/rockers.de\/record\/hammerhai-unterm-schnellweg-cd\/"]}]},{"@type":"ImageObject","inLanguage":"en-US","@id":"https:\/\/rockers.de\/record\/hammerhai-unterm-schnellweg-cd\/#primaryimage","url":"https:\/\/rockers.de\/wp-content\/uploads\/2022\/09\/Hammerhai-Unterm-Schnellweg-CD.jpg","contentUrl":"https:\/\/rockers.de\/wp-content\/uploads\/2022\/09\/Hammerhai-Unterm-Schnellweg-CD.jpg","width":1536,"height":1342,"caption":"Hammerhai-Unterm Schnellweg-CD-01"},{"@type":"BreadcrumbList","@id":"https:\/\/rockers.de\/record\/hammerhai-unterm-schnellweg-cd\/#breadcrumb","itemListElement":[{"@type":"ListItem","position":1,"name":"Startseite","item":"https:\/\/rockers.de\/"},{"@type":"ListItem","position":2,"name":"Shop","item":"https:\/\/rockers.de\/shop\/"},{"@type":"ListItem","position":3,"name":"Hammerhai-Unterm Schnellweg-CD"}]},{"@type":"WebSite","@id":"https:\/\/rockers.de\/#website","url":"https:\/\/rockers.de\/","name":"Rockers Records","description":"Your record store in Hanover","publisher":{"@id":"https:\/\/rockers.de\/#organization"},"potentialAction":[{"@type":"SearchAction","target":{"@type":"EntryPoint","urlTemplate":"https:\/\/rockers.de\/?s={search_term_string}"},"query-input":{"@type":"PropertyValueSpecification","valueRequired":true,"valueName":"search_term_string"}}],"inLanguage":"en-US"},{"@type":"Organization","@id":"https:\/\/rockers.de\/#organization","name":"Rockers Records","url":"https:\/\/rockers.de\/","logo":{"@type":"ImageObject","inLanguage":"en-US","@id":"https:\/\/rockers.de\/#\/schema\/logo\/image\/","url":"https:\/\/rockers.de\/wp-content\/uploads\/2022\/07\/Neue-Website-2022.jpg","contentUrl":"https:\/\/rockers.de\/wp-content\/uploads\/2022\/07\/Neue-Website-2022.jpg","width":800,"height":800,"caption":"Rockers Records"},"image":{"@id":"https:\/\/rockers.de\/#\/schema\/logo\/image\/"}}]}},"_links":{"self":[{"href":"https:\/\/rockers.de\/en\/wp-json\/wp\/v2\/product\/65096","targetHints":{"allow":["GET"]}}],"collection":[{"href":"https:\/\/rockers.de\/en\/wp-json\/wp\/v2\/product"}],"about":[{"href":"https:\/\/rockers.de\/en\/wp-json\/wp\/v2\/types\/product"}],"wp:featuredmedia":[{"embeddable":true,"href":"https:\/\/rockers.de\/en\/wp-json\/wp\/v2\/media\/65097"}],"wp:attachment":[{"href":"https:\/\/rockers.de\/en\/wp-json\/wp\/v2\/media?parent=65096"}],"wp:term":[{"taxonomy":"product_brand","embeddable":true,"href":"https:\/\/rockers.de\/en\/wp-json\/wp\/v2\/product_brand?post=65096"},{"taxonomy":"product_cat","embeddable":true,"href":"https:\/\/rockers.de\/en\/wp-json\/wp\/v2\/product_cat?post=65096"},{"taxonomy":"product_tag","embeddable":true,"href":"https:\/\/rockers.de\/en\/wp-json\/wp\/v2\/product_tag?post=65096"}],"curies":[{"name":"wp","href":"https:\/\/api.w.org\/{rel}","templated":true}]}}