{"id":63175,"date":"2022-09-05T22:39:33","date_gmt":"2022-09-05T20:39:33","guid":{"rendered":"https:\/\/rockersstore.de\/record\/zeitschrift-mint-magazin-46-08-21-zeitschrift\/"},"modified":"2022-09-05T22:39:38","modified_gmt":"2022-09-05T20:39:38","slug":"zeitschrift-mint-magazin-46-08-21-zeitschrift","status":"publish","type":"product","link":"https:\/\/rockers.de\/en\/record\/zeitschrift-mint-magazin-46-08-21-zeitschrift\/","title":{"rendered":"Zeitschrift-Mint Magazin # 46 08\/21-Zeitschrift"},"content":{"rendered":"<p>Themen MINT Nr. 46 Titelstory: Studio 54 Bianca Jagger reitet auf einem Pferd ein, Andy Warhol und Grace Jones plauschen, Liza Minnelli und Liz Taylor feiern ausgelassen \u2013 die ber\u00fchmte New Yorker Diskothek Studio 54 galt zu ihrer Hochzeit von 1977 bis 1980 als Hort der Freigeistigkeit und Treff der Beletage der Entertainmentindustrie, vom pr\u00e4genden Einfluss auf die Pop- und Soziokultur ganz zu schweigen. Wir erz\u00e4hlen, wie der New Yorker Nachtclub die Vinyl-Kultur ver\u00e4nderte. Mehr als Maxis und schnelle Hits: Wir haben die 25 essenziellen Disco-Alben aufgelistet. Soundtrack Of My Life Filmmusik-Komponist Danny Elfman spricht f\u00fcr uns \u00fcber Electric Ladyland von The Jimmy Hendrix Experience. Vinyl-Report Sachsen Wir waren in Leipzig, Dresden und Chemnitz und haben die Plattenl\u00e4den der Region besucht. Portrait Bill Smith Er hat Cover f\u00fcr Led Zeppelin, Die Rolling Stones, Kate Bush und viele mehr designt. Master Class Frank Wonneberg befasst sich in seiner Reihe zu gro\u00dfen Albumklassikern diesmal mit den Dire Straits und ihrem Album Brothers In Arms.<\/p>","protected":false},"excerpt":{"rendered":"<p>Themen MINT Nr. 46 Titelstory: Studio 54 Bianca Jagger reitet auf einem Pferd ein, Andy Warhol und Grace Jones plauschen, Liza Minnelli und Liz Taylor feiern ausgelassen \u2013 die ber\u00fchmte New Yorker Diskothek Studio 54 galt zu ihrer Hochzeit von 1977 bis 1980 als Hort der Freigeistigkeit und Treff der Beletage der Entertainmentindustrie, vom pr\u00e4genden Einfluss auf die Pop- und Soziokultur ganz zu schweigen. Wir erz\u00e4hlen, wie der New Yorker Nachtclub die Vinyl-Kultur ver\u00e4nderte. Mehr als Maxis und schnelle Hits: Wir haben die 25 essenziellen Disco-Alben aufgelistet. Soundtrack Of My Life Filmmusik-Komponist Danny Elfman spricht f\u00fcr uns \u00fcber Electric Ladyland von The Jimmy Hendrix Experience. Vinyl-Report Sachsen Wir waren in Leipzig, Dresden und Chemnitz und haben die Plattenl\u00e4den der Region besucht. Portrait Bill Smith Er hat Cover f\u00fcr Led Zeppelin, Die Rolling Stones, Kate Bush und viele mehr designt. Master Class Frank Wonneberg befasst sich in seiner Reihe zu gro\u00dfen Albumklassikern diesmal mit den Dire Straits und ihrem Album Brothers In Arms.<\/p>","protected":false},"featured_media":63176,"template":"","meta":{"_acf_changed":false},"product_brand":[],"product_cat":[175],"product_tag":[],"class_list":{"0":"post-63175","1":"product","2":"type-product","3":"status-publish","4":"has-post-thumbnail","6":"product_cat-rock","7":"pa_att_artist-zeitschrift","8":"pa_att_format-zeitschrift","9":"pa_att_genre-rock","10":"pa_att_land-germany","12":"first","13":"outofstock","14":"taxable","15":"shipping-taxable","16":"purchasable","17":"product-type-simple"},"acf":[],"yoast_head":"<!-- This site is optimized with the Yoast SEO plugin v27.3 - https:\/\/yoast.com\/product\/yoast-seo-wordpress\/ -->\n<title>Zeitschrift-Mint Magazin # 46 08\/21-Zeitschrift - Rockers Records<\/title>\n<meta name=\"robots\" content=\"index, follow, max-snippet:-1, max-image-preview:large, max-video-preview:-1\" \/>\n<link rel=\"canonical\" href=\"https:\/\/rockers.de\/en\/record\/zeitschrift-mint-magazin-46-08-21-zeitschrift\/\" \/>\n<meta property=\"og:locale\" content=\"en_US\" \/>\n<meta property=\"og:type\" content=\"article\" \/>\n<meta property=\"og:title\" content=\"Zeitschrift-Mint Magazin # 46 08\/21-Zeitschrift - Rockers Records\" \/>\n<meta property=\"og:description\" content=\"Themen MINT Nr. 46 Titelstory: Studio 54 Bianca Jagger reitet auf einem Pferd ein, Andy Warhol und Grace Jones plauschen, Liza Minnelli und Liz Taylor feiern ausgelassen \u2013 die ber\u00fchmte New Yorker Diskothek Studio 54 galt zu ihrer Hochzeit von 1977 bis 1980 als Hort der Freigeistigkeit und Treff der Beletage der Entertainmentindustrie, vom pr\u00e4genden Einfluss auf die Pop- und Soziokultur ganz zu schweigen. Wir erz\u00e4hlen, wie der New Yorker Nachtclub die Vinyl-Kultur ver\u00e4nderte. Mehr als Maxis und schnelle Hits: Wir haben die 25 essenziellen Disco-Alben aufgelistet. Soundtrack Of My Life Filmmusik-Komponist Danny Elfman spricht f\u00fcr uns \u00fcber Electric Ladyland von The Jimmy Hendrix Experience. Vinyl-Report Sachsen Wir waren in Leipzig, Dresden und Chemnitz und haben die Plattenl\u00e4den der Region besucht. Portrait Bill Smith Er hat Cover f\u00fcr Led Zeppelin, Die Rolling Stones, Kate Bush und viele mehr designt. Master Class Frank Wonneberg befasst sich in seiner Reihe zu gro\u00dfen Albumklassikern diesmal mit den Dire Straits und ihrem Album Brothers In Arms.\" \/>\n<meta property=\"og:url\" content=\"https:\/\/rockers.de\/en\/record\/zeitschrift-mint-magazin-46-08-21-zeitschrift\/\" \/>\n<meta property=\"og:site_name\" content=\"Rockers Records\" \/>\n<meta property=\"article:modified_time\" content=\"2022-09-05T20:39:38+00:00\" \/>\n<meta property=\"og:image\" content=\"https:\/\/rockers.de\/wp-content\/uploads\/2022\/09\/Zeitschrift-Mint-Magazin-46-0821-Zeitschrift.jpg\" \/>\n\t<meta property=\"og:image:width\" content=\"1536\" \/>\n\t<meta property=\"og:image:height\" content=\"2160\" \/>\n\t<meta property=\"og:image:type\" content=\"image\/jpeg\" \/>\n<meta name=\"twitter:card\" content=\"summary_large_image\" \/>\n<meta name=\"twitter:label1\" content=\"Est. reading time\" \/>\n\t<meta name=\"twitter:data1\" content=\"1 minute\" \/>\n<script type=\"application\/ld+json\" class=\"yoast-schema-graph\">{\"@context\":\"https:\\\/\\\/schema.org\",\"@graph\":[{\"@type\":\"WebPage\",\"@id\":\"https:\\\/\\\/rockers.de\\\/record\\\/zeitschrift-mint-magazin-46-08-21-zeitschrift\\\/\",\"url\":\"https:\\\/\\\/rockers.de\\\/record\\\/zeitschrift-mint-magazin-46-08-21-zeitschrift\\\/\",\"name\":\"Zeitschrift-Mint Magazin # 46 08\\\/21-Zeitschrift - Rockers Records\",\"isPartOf\":{\"@id\":\"https:\\\/\\\/rockers.de\\\/#website\"},\"primaryImageOfPage\":{\"@id\":\"https:\\\/\\\/rockers.de\\\/record\\\/zeitschrift-mint-magazin-46-08-21-zeitschrift\\\/#primaryimage\"},\"image\":{\"@id\":\"https:\\\/\\\/rockers.de\\\/record\\\/zeitschrift-mint-magazin-46-08-21-zeitschrift\\\/#primaryimage\"},\"thumbnailUrl\":\"https:\\\/\\\/rockers.de\\\/wp-content\\\/uploads\\\/2022\\\/09\\\/Zeitschrift-Mint-Magazin-46-0821-Zeitschrift.jpg\",\"datePublished\":\"2022-09-05T20:39:33+00:00\",\"dateModified\":\"2022-09-05T20:39:38+00:00\",\"breadcrumb\":{\"@id\":\"https:\\\/\\\/rockers.de\\\/record\\\/zeitschrift-mint-magazin-46-08-21-zeitschrift\\\/#breadcrumb\"},\"inLanguage\":\"en-US\",\"potentialAction\":[{\"@type\":\"ReadAction\",\"target\":[\"https:\\\/\\\/rockers.de\\\/record\\\/zeitschrift-mint-magazin-46-08-21-zeitschrift\\\/\"]}]},{\"@type\":\"ImageObject\",\"inLanguage\":\"en-US\",\"@id\":\"https:\\\/\\\/rockers.de\\\/record\\\/zeitschrift-mint-magazin-46-08-21-zeitschrift\\\/#primaryimage\",\"url\":\"https:\\\/\\\/rockers.de\\\/wp-content\\\/uploads\\\/2022\\\/09\\\/Zeitschrift-Mint-Magazin-46-0821-Zeitschrift.jpg\",\"contentUrl\":\"https:\\\/\\\/rockers.de\\\/wp-content\\\/uploads\\\/2022\\\/09\\\/Zeitschrift-Mint-Magazin-46-0821-Zeitschrift.jpg\",\"width\":1536,\"height\":2160,\"caption\":\"Zeitschrift-Mint Magazin # 46 08\\\/21-Zeitschrift-01\"},{\"@type\":\"BreadcrumbList\",\"@id\":\"https:\\\/\\\/rockers.de\\\/record\\\/zeitschrift-mint-magazin-46-08-21-zeitschrift\\\/#breadcrumb\",\"itemListElement\":[{\"@type\":\"ListItem\",\"position\":1,\"name\":\"Startseite\",\"item\":\"https:\\\/\\\/rockers.de\\\/\"},{\"@type\":\"ListItem\",\"position\":2,\"name\":\"Shop\",\"item\":\"https:\\\/\\\/rockers.de\\\/shop\\\/\"},{\"@type\":\"ListItem\",\"position\":3,\"name\":\"Zeitschrift-Mint Magazin # 46 08\\\/21-Zeitschrift\"}]},{\"@type\":\"WebSite\",\"@id\":\"https:\\\/\\\/rockers.de\\\/#website\",\"url\":\"https:\\\/\\\/rockers.de\\\/\",\"name\":\"Rockers Records\",\"description\":\"Dein Schallplatten Store in Hannover\",\"publisher\":{\"@id\":\"https:\\\/\\\/rockers.de\\\/#organization\"},\"potentialAction\":[{\"@type\":\"SearchAction\",\"target\":{\"@type\":\"EntryPoint\",\"urlTemplate\":\"https:\\\/\\\/rockers.de\\\/?s={search_term_string}\"},\"query-input\":{\"@type\":\"PropertyValueSpecification\",\"valueRequired\":true,\"valueName\":\"search_term_string\"}}],\"inLanguage\":\"en-US\"},{\"@type\":\"Organization\",\"@id\":\"https:\\\/\\\/rockers.de\\\/#organization\",\"name\":\"Rockers Records\",\"url\":\"https:\\\/\\\/rockers.de\\\/\",\"logo\":{\"@type\":\"ImageObject\",\"inLanguage\":\"en-US\",\"@id\":\"https:\\\/\\\/rockers.de\\\/#\\\/schema\\\/logo\\\/image\\\/\",\"url\":\"https:\\\/\\\/rockers.de\\\/wp-content\\\/uploads\\\/2022\\\/07\\\/Neue-Website-2022.jpg\",\"contentUrl\":\"https:\\\/\\\/rockers.de\\\/wp-content\\\/uploads\\\/2022\\\/07\\\/Neue-Website-2022.jpg\",\"width\":800,\"height\":800,\"caption\":\"Rockers Records\"},\"image\":{\"@id\":\"https:\\\/\\\/rockers.de\\\/#\\\/schema\\\/logo\\\/image\\\/\"}}]}<\/script>\n<!-- \/ Yoast SEO plugin. -->","yoast_head_json":{"title":"Zeitschrift-Mint Magazin # 46 08\/21-Zeitschrift - Rockers Records","robots":{"index":"index","follow":"follow","max-snippet":"max-snippet:-1","max-image-preview":"max-image-preview:large","max-video-preview":"max-video-preview:-1"},"canonical":"https:\/\/rockers.de\/en\/record\/zeitschrift-mint-magazin-46-08-21-zeitschrift\/","og_locale":"en_US","og_type":"article","og_title":"Zeitschrift-Mint Magazin # 46 08\/21-Zeitschrift - Rockers Records","og_description":"Themen MINT Nr. 46 Titelstory: Studio 54 Bianca Jagger reitet auf einem Pferd ein, Andy Warhol und Grace Jones plauschen, Liza Minnelli und Liz Taylor feiern ausgelassen \u2013 die ber\u00fchmte New Yorker Diskothek Studio 54 galt zu ihrer Hochzeit von 1977 bis 1980 als Hort der Freigeistigkeit und Treff der Beletage der Entertainmentindustrie, vom pr\u00e4genden Einfluss auf die Pop- und Soziokultur ganz zu schweigen. Wir erz\u00e4hlen, wie der New Yorker Nachtclub die Vinyl-Kultur ver\u00e4nderte. Mehr als Maxis und schnelle Hits: Wir haben die 25 essenziellen Disco-Alben aufgelistet. Soundtrack Of My Life Filmmusik-Komponist Danny Elfman spricht f\u00fcr uns \u00fcber Electric Ladyland von The Jimmy Hendrix Experience. Vinyl-Report Sachsen Wir waren in Leipzig, Dresden und Chemnitz und haben die Plattenl\u00e4den der Region besucht. Portrait Bill Smith Er hat Cover f\u00fcr Led Zeppelin, Die Rolling Stones, Kate Bush und viele mehr designt. Master Class Frank Wonneberg befasst sich in seiner Reihe zu gro\u00dfen Albumklassikern diesmal mit den Dire Straits und ihrem Album Brothers In Arms.","og_url":"https:\/\/rockers.de\/en\/record\/zeitschrift-mint-magazin-46-08-21-zeitschrift\/","og_site_name":"Rockers Records","article_modified_time":"2022-09-05T20:39:38+00:00","og_image":[{"width":1536,"height":2160,"url":"https:\/\/rockers.de\/wp-content\/uploads\/2022\/09\/Zeitschrift-Mint-Magazin-46-0821-Zeitschrift.jpg","type":"image\/jpeg"}],"twitter_card":"summary_large_image","twitter_misc":{"Est. reading time":"1 minute"},"schema":{"@context":"https:\/\/schema.org","@graph":[{"@type":"WebPage","@id":"https:\/\/rockers.de\/record\/zeitschrift-mint-magazin-46-08-21-zeitschrift\/","url":"https:\/\/rockers.de\/record\/zeitschrift-mint-magazin-46-08-21-zeitschrift\/","name":"Zeitschrift-Mint Magazin # 46 08\/21-Zeitschrift - Rockers Records","isPartOf":{"@id":"https:\/\/rockers.de\/#website"},"primaryImageOfPage":{"@id":"https:\/\/rockers.de\/record\/zeitschrift-mint-magazin-46-08-21-zeitschrift\/#primaryimage"},"image":{"@id":"https:\/\/rockers.de\/record\/zeitschrift-mint-magazin-46-08-21-zeitschrift\/#primaryimage"},"thumbnailUrl":"https:\/\/rockers.de\/wp-content\/uploads\/2022\/09\/Zeitschrift-Mint-Magazin-46-0821-Zeitschrift.jpg","datePublished":"2022-09-05T20:39:33+00:00","dateModified":"2022-09-05T20:39:38+00:00","breadcrumb":{"@id":"https:\/\/rockers.de\/record\/zeitschrift-mint-magazin-46-08-21-zeitschrift\/#breadcrumb"},"inLanguage":"en-US","potentialAction":[{"@type":"ReadAction","target":["https:\/\/rockers.de\/record\/zeitschrift-mint-magazin-46-08-21-zeitschrift\/"]}]},{"@type":"ImageObject","inLanguage":"en-US","@id":"https:\/\/rockers.de\/record\/zeitschrift-mint-magazin-46-08-21-zeitschrift\/#primaryimage","url":"https:\/\/rockers.de\/wp-content\/uploads\/2022\/09\/Zeitschrift-Mint-Magazin-46-0821-Zeitschrift.jpg","contentUrl":"https:\/\/rockers.de\/wp-content\/uploads\/2022\/09\/Zeitschrift-Mint-Magazin-46-0821-Zeitschrift.jpg","width":1536,"height":2160,"caption":"Zeitschrift-Mint Magazin # 46 08\/21-Zeitschrift-01"},{"@type":"BreadcrumbList","@id":"https:\/\/rockers.de\/record\/zeitschrift-mint-magazin-46-08-21-zeitschrift\/#breadcrumb","itemListElement":[{"@type":"ListItem","position":1,"name":"Startseite","item":"https:\/\/rockers.de\/"},{"@type":"ListItem","position":2,"name":"Shop","item":"https:\/\/rockers.de\/shop\/"},{"@type":"ListItem","position":3,"name":"Zeitschrift-Mint Magazin # 46 08\/21-Zeitschrift"}]},{"@type":"WebSite","@id":"https:\/\/rockers.de\/#website","url":"https:\/\/rockers.de\/","name":"Rockers Records","description":"Your record store in Hanover","publisher":{"@id":"https:\/\/rockers.de\/#organization"},"potentialAction":[{"@type":"SearchAction","target":{"@type":"EntryPoint","urlTemplate":"https:\/\/rockers.de\/?s={search_term_string}"},"query-input":{"@type":"PropertyValueSpecification","valueRequired":true,"valueName":"search_term_string"}}],"inLanguage":"en-US"},{"@type":"Organization","@id":"https:\/\/rockers.de\/#organization","name":"Rockers Records","url":"https:\/\/rockers.de\/","logo":{"@type":"ImageObject","inLanguage":"en-US","@id":"https:\/\/rockers.de\/#\/schema\/logo\/image\/","url":"https:\/\/rockers.de\/wp-content\/uploads\/2022\/07\/Neue-Website-2022.jpg","contentUrl":"https:\/\/rockers.de\/wp-content\/uploads\/2022\/07\/Neue-Website-2022.jpg","width":800,"height":800,"caption":"Rockers Records"},"image":{"@id":"https:\/\/rockers.de\/#\/schema\/logo\/image\/"}}]}},"_links":{"self":[{"href":"https:\/\/rockers.de\/en\/wp-json\/wp\/v2\/product\/63175","targetHints":{"allow":["GET"]}}],"collection":[{"href":"https:\/\/rockers.de\/en\/wp-json\/wp\/v2\/product"}],"about":[{"href":"https:\/\/rockers.de\/en\/wp-json\/wp\/v2\/types\/product"}],"wp:featuredmedia":[{"embeddable":true,"href":"https:\/\/rockers.de\/en\/wp-json\/wp\/v2\/media\/63176"}],"wp:attachment":[{"href":"https:\/\/rockers.de\/en\/wp-json\/wp\/v2\/media?parent=63175"}],"wp:term":[{"taxonomy":"product_brand","embeddable":true,"href":"https:\/\/rockers.de\/en\/wp-json\/wp\/v2\/product_brand?post=63175"},{"taxonomy":"product_cat","embeddable":true,"href":"https:\/\/rockers.de\/en\/wp-json\/wp\/v2\/product_cat?post=63175"},{"taxonomy":"product_tag","embeddable":true,"href":"https:\/\/rockers.de\/en\/wp-json\/wp\/v2\/product_tag?post=63175"}],"curies":[{"name":"wp","href":"https:\/\/api.w.org\/{rel}","templated":true}]}}