{"id":63171,"date":"2022-09-05T22:39:16","date_gmt":"2022-09-05T20:39:16","guid":{"rendered":"https:\/\/rockersstore.de\/record\/zeitschrift-mint-magazin-20-04-22-zeitschrift\/"},"modified":"2025-03-28T11:44:56","modified_gmt":"2025-03-28T10:44:56","slug":"zeitschrift-mint-magazin-20-04-22-zeitschrift","status":"publish","type":"product","link":"https:\/\/rockers.de\/en\/record\/zeitschrift-mint-magazin-20-04-22-zeitschrift\/","title":{"rendered":"Zeitschrift-Mint Magazin # 20 04\/22-Zeitschrift"},"content":{"rendered":"<p>Titelstory: Bob Dylan In unserem gro\u00dfen Special widmen wir uns \u2013 unter Mitwirkung von Fans, Sammlern und Wegbegleitern \u2013 auf 40 Seiten Bob Dylans Ausnahmekarriere aus verschiedenen Blickwinkeln und mit besonderer Vinyl-Betonung. Neben einem Guide durch sein Gesamtwerk haben wir besondere Geschichten hinter einigen Plattencovern zusammengetragen, beleuchten Dylans Umgang mit dem Format Vinyl, pr\u00e4sentieren seltene Sammlerst\u00fccke und 30 herausragende Dylan-Coverversionen von Adele bis Elvis Presley. Zudem empfing uns BAP-Chef Wolfgang Niedecken zu einer gemeinsamen Listening Session durch die Diskografie seines Idols. F\u00fcr unsere Rubrik \u201eEnth\u00fcllt\u201c haben wir den Fotografen Elliott Landy \u00fcber die Entstehungsgeschichte des legend\u00e4ren Cover-Motivs von Nashville Skyline befragt, w\u00e4hrend sich Frank Wonneberg in der \u201eMaster Class\u201c mit dem Album Highway 61 Revisited befasst \u2013 mit dem sich Dylan als Songwriter, S\u00e4nger und Bandleader ebenso gefunden hat wie als Texter und Poet.<\/p>","protected":false},"excerpt":{"rendered":"<p>Titelstory: Bob Dylan In unserem gro\u00dfen Special widmen wir uns \u2013 unter Mitwirkung von Fans, Sammlern und Wegbegleitern \u2013 auf 40 Seiten Bob Dylans Ausnahmekarriere aus verschiedenen Blickwinkeln und mit besonderer Vinyl-Betonung. Neben einem Guide durch sein Gesamtwerk haben wir besondere Geschichten hinter einigen Plattencovern zusammengetragen, beleuchten Dylans Umgang mit dem Format Vinyl, pr\u00e4sentieren seltene Sammlerst\u00fccke und 30 herausragende Dylan-Coverversionen von Adele bis Elvis Presley. Zudem empfing uns BAP-Chef Wolfgang Niedecken zu einer gemeinsamen Listening Session durch die Diskografie seines Idols. F\u00fcr unsere Rubrik \u201eEnth\u00fcllt\u201c haben wir den Fotografen Elliott Landy \u00fcber die Entstehungsgeschichte des legend\u00e4ren Cover-Motivs von Nashville Skyline befragt, w\u00e4hrend sich Frank Wonneberg in der \u201eMaster Class\u201c mit dem Album Highway 61 Revisited befasst \u2013 mit dem sich Dylan als Songwriter, S\u00e4nger und Bandleader ebenso gefunden hat wie als Texter und Poet.<\/p>","protected":false},"featured_media":63172,"template":"","meta":{"_acf_changed":false},"product_brand":[],"product_cat":[175],"product_tag":[],"class_list":{"0":"post-63171","1":"product","2":"type-product","3":"status-publish","4":"has-post-thumbnail","6":"product_cat-rock","7":"pa_att_artist-zeitschrift","8":"pa_att_format-zeitschrift","9":"pa_att_genre-rock","10":"pa_att_jahr-37","11":"pa_att_land-germany","13":"first","14":"outofstock","15":"taxable","16":"shipping-taxable","17":"purchasable","18":"product-type-simple"},"acf":[],"yoast_head":"<!-- This site is optimized with the Yoast SEO plugin v27.3 - https:\/\/yoast.com\/product\/yoast-seo-wordpress\/ -->\n<title>Zeitschrift-Mint Magazin # 20 04\/22-Zeitschrift - Rockers Records<\/title>\n<meta name=\"robots\" content=\"index, follow, max-snippet:-1, max-image-preview:large, max-video-preview:-1\" \/>\n<link rel=\"canonical\" href=\"https:\/\/rockers.de\/en\/record\/zeitschrift-mint-magazin-20-04-22-zeitschrift\/\" \/>\n<meta property=\"og:locale\" content=\"en_US\" \/>\n<meta property=\"og:type\" content=\"article\" \/>\n<meta property=\"og:title\" content=\"Zeitschrift-Mint Magazin # 20 04\/22-Zeitschrift - Rockers Records\" \/>\n<meta property=\"og:description\" content=\"Titelstory: Bob Dylan In unserem gro\u00dfen Special widmen wir uns \u2013 unter Mitwirkung von Fans, Sammlern und Wegbegleitern \u2013 auf 40 Seiten Bob Dylans Ausnahmekarriere aus verschiedenen Blickwinkeln und mit besonderer Vinyl-Betonung. Neben einem Guide durch sein Gesamtwerk haben wir besondere Geschichten hinter einigen Plattencovern zusammengetragen, beleuchten Dylans Umgang mit dem Format Vinyl, pr\u00e4sentieren seltene Sammlerst\u00fccke und 30 herausragende Dylan-Coverversionen von Adele bis Elvis Presley. Zudem empfing uns BAP-Chef Wolfgang Niedecken zu einer gemeinsamen Listening Session durch die Diskografie seines Idols. F\u00fcr unsere Rubrik \u201eEnth\u00fcllt\u201c haben wir den Fotografen Elliott Landy \u00fcber die Entstehungsgeschichte des legend\u00e4ren Cover-Motivs von Nashville Skyline befragt, w\u00e4hrend sich Frank Wonneberg in der \u201eMaster Class\u201c mit dem Album Highway 61 Revisited befasst \u2013 mit dem sich Dylan als Songwriter, S\u00e4nger und Bandleader ebenso gefunden hat wie als Texter und Poet.\" \/>\n<meta property=\"og:url\" content=\"https:\/\/rockers.de\/en\/record\/zeitschrift-mint-magazin-20-04-22-zeitschrift\/\" \/>\n<meta property=\"og:site_name\" content=\"Rockers Records\" \/>\n<meta property=\"article:modified_time\" content=\"2025-03-28T10:44:56+00:00\" \/>\n<meta property=\"og:image\" content=\"https:\/\/rockers.de\/wp-content\/uploads\/2022\/09\/Zeitschrift-Mint-Magazin-20-0422-Zeitschrift.jpg\" \/>\n\t<meta property=\"og:image:width\" content=\"1536\" \/>\n\t<meta property=\"og:image:height\" content=\"2169\" \/>\n\t<meta property=\"og:image:type\" content=\"image\/jpeg\" \/>\n<meta name=\"twitter:card\" content=\"summary_large_image\" \/>\n<meta name=\"twitter:label1\" content=\"Est. reading time\" \/>\n\t<meta name=\"twitter:data1\" content=\"1 minute\" \/>\n<script type=\"application\/ld+json\" class=\"yoast-schema-graph\">{\"@context\":\"https:\\\/\\\/schema.org\",\"@graph\":[{\"@type\":\"WebPage\",\"@id\":\"https:\\\/\\\/rockers.de\\\/record\\\/zeitschrift-mint-magazin-20-04-22-zeitschrift\\\/\",\"url\":\"https:\\\/\\\/rockers.de\\\/record\\\/zeitschrift-mint-magazin-20-04-22-zeitschrift\\\/\",\"name\":\"Zeitschrift-Mint Magazin # 20 04\\\/22-Zeitschrift - Rockers Records\",\"isPartOf\":{\"@id\":\"https:\\\/\\\/rockers.de\\\/#website\"},\"primaryImageOfPage\":{\"@id\":\"https:\\\/\\\/rockers.de\\\/record\\\/zeitschrift-mint-magazin-20-04-22-zeitschrift\\\/#primaryimage\"},\"image\":{\"@id\":\"https:\\\/\\\/rockers.de\\\/record\\\/zeitschrift-mint-magazin-20-04-22-zeitschrift\\\/#primaryimage\"},\"thumbnailUrl\":\"https:\\\/\\\/rockers.de\\\/wp-content\\\/uploads\\\/2022\\\/09\\\/Zeitschrift-Mint-Magazin-20-0422-Zeitschrift.jpg\",\"datePublished\":\"2022-09-05T20:39:16+00:00\",\"dateModified\":\"2025-03-28T10:44:56+00:00\",\"breadcrumb\":{\"@id\":\"https:\\\/\\\/rockers.de\\\/record\\\/zeitschrift-mint-magazin-20-04-22-zeitschrift\\\/#breadcrumb\"},\"inLanguage\":\"en-US\",\"potentialAction\":[{\"@type\":\"ReadAction\",\"target\":[\"https:\\\/\\\/rockers.de\\\/record\\\/zeitschrift-mint-magazin-20-04-22-zeitschrift\\\/\"]}]},{\"@type\":\"ImageObject\",\"inLanguage\":\"en-US\",\"@id\":\"https:\\\/\\\/rockers.de\\\/record\\\/zeitschrift-mint-magazin-20-04-22-zeitschrift\\\/#primaryimage\",\"url\":\"https:\\\/\\\/rockers.de\\\/wp-content\\\/uploads\\\/2022\\\/09\\\/Zeitschrift-Mint-Magazin-20-0422-Zeitschrift.jpg\",\"contentUrl\":\"https:\\\/\\\/rockers.de\\\/wp-content\\\/uploads\\\/2022\\\/09\\\/Zeitschrift-Mint-Magazin-20-0422-Zeitschrift.jpg\",\"width\":1536,\"height\":2169,\"caption\":\"Zeitschrift-Mint Magazin # 20 04\\\/22-Zeitschrift-01\"},{\"@type\":\"BreadcrumbList\",\"@id\":\"https:\\\/\\\/rockers.de\\\/record\\\/zeitschrift-mint-magazin-20-04-22-zeitschrift\\\/#breadcrumb\",\"itemListElement\":[{\"@type\":\"ListItem\",\"position\":1,\"name\":\"Startseite\",\"item\":\"https:\\\/\\\/rockers.de\\\/\"},{\"@type\":\"ListItem\",\"position\":2,\"name\":\"Shop\",\"item\":\"https:\\\/\\\/rockers.de\\\/shop\\\/\"},{\"@type\":\"ListItem\",\"position\":3,\"name\":\"Zeitschrift-Mint Magazin # 20 04\\\/22-Zeitschrift\"}]},{\"@type\":\"WebSite\",\"@id\":\"https:\\\/\\\/rockers.de\\\/#website\",\"url\":\"https:\\\/\\\/rockers.de\\\/\",\"name\":\"Rockers Records\",\"description\":\"Dein Schallplatten Store in Hannover\",\"publisher\":{\"@id\":\"https:\\\/\\\/rockers.de\\\/#organization\"},\"potentialAction\":[{\"@type\":\"SearchAction\",\"target\":{\"@type\":\"EntryPoint\",\"urlTemplate\":\"https:\\\/\\\/rockers.de\\\/?s={search_term_string}\"},\"query-input\":{\"@type\":\"PropertyValueSpecification\",\"valueRequired\":true,\"valueName\":\"search_term_string\"}}],\"inLanguage\":\"en-US\"},{\"@type\":\"Organization\",\"@id\":\"https:\\\/\\\/rockers.de\\\/#organization\",\"name\":\"Rockers Records\",\"url\":\"https:\\\/\\\/rockers.de\\\/\",\"logo\":{\"@type\":\"ImageObject\",\"inLanguage\":\"en-US\",\"@id\":\"https:\\\/\\\/rockers.de\\\/#\\\/schema\\\/logo\\\/image\\\/\",\"url\":\"https:\\\/\\\/rockers.de\\\/wp-content\\\/uploads\\\/2022\\\/07\\\/Neue-Website-2022.jpg\",\"contentUrl\":\"https:\\\/\\\/rockers.de\\\/wp-content\\\/uploads\\\/2022\\\/07\\\/Neue-Website-2022.jpg\",\"width\":800,\"height\":800,\"caption\":\"Rockers Records\"},\"image\":{\"@id\":\"https:\\\/\\\/rockers.de\\\/#\\\/schema\\\/logo\\\/image\\\/\"}}]}<\/script>\n<!-- \/ Yoast SEO plugin. -->","yoast_head_json":{"title":"Zeitschrift-Mint Magazin # 20 04\/22-Zeitschrift - Rockers Records","robots":{"index":"index","follow":"follow","max-snippet":"max-snippet:-1","max-image-preview":"max-image-preview:large","max-video-preview":"max-video-preview:-1"},"canonical":"https:\/\/rockers.de\/en\/record\/zeitschrift-mint-magazin-20-04-22-zeitschrift\/","og_locale":"en_US","og_type":"article","og_title":"Zeitschrift-Mint Magazin # 20 04\/22-Zeitschrift - Rockers Records","og_description":"Titelstory: Bob Dylan In unserem gro\u00dfen Special widmen wir uns \u2013 unter Mitwirkung von Fans, Sammlern und Wegbegleitern \u2013 auf 40 Seiten Bob Dylans Ausnahmekarriere aus verschiedenen Blickwinkeln und mit besonderer Vinyl-Betonung. Neben einem Guide durch sein Gesamtwerk haben wir besondere Geschichten hinter einigen Plattencovern zusammengetragen, beleuchten Dylans Umgang mit dem Format Vinyl, pr\u00e4sentieren seltene Sammlerst\u00fccke und 30 herausragende Dylan-Coverversionen von Adele bis Elvis Presley. Zudem empfing uns BAP-Chef Wolfgang Niedecken zu einer gemeinsamen Listening Session durch die Diskografie seines Idols. F\u00fcr unsere Rubrik \u201eEnth\u00fcllt\u201c haben wir den Fotografen Elliott Landy \u00fcber die Entstehungsgeschichte des legend\u00e4ren Cover-Motivs von Nashville Skyline befragt, w\u00e4hrend sich Frank Wonneberg in der \u201eMaster Class\u201c mit dem Album Highway 61 Revisited befasst \u2013 mit dem sich Dylan als Songwriter, S\u00e4nger und Bandleader ebenso gefunden hat wie als Texter und Poet.","og_url":"https:\/\/rockers.de\/en\/record\/zeitschrift-mint-magazin-20-04-22-zeitschrift\/","og_site_name":"Rockers Records","article_modified_time":"2025-03-28T10:44:56+00:00","og_image":[{"width":1536,"height":2169,"url":"https:\/\/rockers.de\/wp-content\/uploads\/2022\/09\/Zeitschrift-Mint-Magazin-20-0422-Zeitschrift.jpg","type":"image\/jpeg"}],"twitter_card":"summary_large_image","twitter_misc":{"Est. reading time":"1 minute"},"schema":{"@context":"https:\/\/schema.org","@graph":[{"@type":"WebPage","@id":"https:\/\/rockers.de\/record\/zeitschrift-mint-magazin-20-04-22-zeitschrift\/","url":"https:\/\/rockers.de\/record\/zeitschrift-mint-magazin-20-04-22-zeitschrift\/","name":"Zeitschrift-Mint Magazin # 20 04\/22-Zeitschrift - Rockers Records","isPartOf":{"@id":"https:\/\/rockers.de\/#website"},"primaryImageOfPage":{"@id":"https:\/\/rockers.de\/record\/zeitschrift-mint-magazin-20-04-22-zeitschrift\/#primaryimage"},"image":{"@id":"https:\/\/rockers.de\/record\/zeitschrift-mint-magazin-20-04-22-zeitschrift\/#primaryimage"},"thumbnailUrl":"https:\/\/rockers.de\/wp-content\/uploads\/2022\/09\/Zeitschrift-Mint-Magazin-20-0422-Zeitschrift.jpg","datePublished":"2022-09-05T20:39:16+00:00","dateModified":"2025-03-28T10:44:56+00:00","breadcrumb":{"@id":"https:\/\/rockers.de\/record\/zeitschrift-mint-magazin-20-04-22-zeitschrift\/#breadcrumb"},"inLanguage":"en-US","potentialAction":[{"@type":"ReadAction","target":["https:\/\/rockers.de\/record\/zeitschrift-mint-magazin-20-04-22-zeitschrift\/"]}]},{"@type":"ImageObject","inLanguage":"en-US","@id":"https:\/\/rockers.de\/record\/zeitschrift-mint-magazin-20-04-22-zeitschrift\/#primaryimage","url":"https:\/\/rockers.de\/wp-content\/uploads\/2022\/09\/Zeitschrift-Mint-Magazin-20-0422-Zeitschrift.jpg","contentUrl":"https:\/\/rockers.de\/wp-content\/uploads\/2022\/09\/Zeitschrift-Mint-Magazin-20-0422-Zeitschrift.jpg","width":1536,"height":2169,"caption":"Zeitschrift-Mint Magazin # 20 04\/22-Zeitschrift-01"},{"@type":"BreadcrumbList","@id":"https:\/\/rockers.de\/record\/zeitschrift-mint-magazin-20-04-22-zeitschrift\/#breadcrumb","itemListElement":[{"@type":"ListItem","position":1,"name":"Startseite","item":"https:\/\/rockers.de\/"},{"@type":"ListItem","position":2,"name":"Shop","item":"https:\/\/rockers.de\/shop\/"},{"@type":"ListItem","position":3,"name":"Zeitschrift-Mint Magazin # 20 04\/22-Zeitschrift"}]},{"@type":"WebSite","@id":"https:\/\/rockers.de\/#website","url":"https:\/\/rockers.de\/","name":"Rockers Records","description":"Your record store in Hanover","publisher":{"@id":"https:\/\/rockers.de\/#organization"},"potentialAction":[{"@type":"SearchAction","target":{"@type":"EntryPoint","urlTemplate":"https:\/\/rockers.de\/?s={search_term_string}"},"query-input":{"@type":"PropertyValueSpecification","valueRequired":true,"valueName":"search_term_string"}}],"inLanguage":"en-US"},{"@type":"Organization","@id":"https:\/\/rockers.de\/#organization","name":"Rockers Records","url":"https:\/\/rockers.de\/","logo":{"@type":"ImageObject","inLanguage":"en-US","@id":"https:\/\/rockers.de\/#\/schema\/logo\/image\/","url":"https:\/\/rockers.de\/wp-content\/uploads\/2022\/07\/Neue-Website-2022.jpg","contentUrl":"https:\/\/rockers.de\/wp-content\/uploads\/2022\/07\/Neue-Website-2022.jpg","width":800,"height":800,"caption":"Rockers Records"},"image":{"@id":"https:\/\/rockers.de\/#\/schema\/logo\/image\/"}}]}},"_links":{"self":[{"href":"https:\/\/rockers.de\/en\/wp-json\/wp\/v2\/product\/63171","targetHints":{"allow":["GET"]}}],"collection":[{"href":"https:\/\/rockers.de\/en\/wp-json\/wp\/v2\/product"}],"about":[{"href":"https:\/\/rockers.de\/en\/wp-json\/wp\/v2\/types\/product"}],"wp:featuredmedia":[{"embeddable":true,"href":"https:\/\/rockers.de\/en\/wp-json\/wp\/v2\/media\/63172"}],"wp:attachment":[{"href":"https:\/\/rockers.de\/en\/wp-json\/wp\/v2\/media?parent=63171"}],"wp:term":[{"taxonomy":"product_brand","embeddable":true,"href":"https:\/\/rockers.de\/en\/wp-json\/wp\/v2\/product_brand?post=63171"},{"taxonomy":"product_cat","embeddable":true,"href":"https:\/\/rockers.de\/en\/wp-json\/wp\/v2\/product_cat?post=63171"},{"taxonomy":"product_tag","embeddable":true,"href":"https:\/\/rockers.de\/en\/wp-json\/wp\/v2\/product_tag?post=63171"}],"curies":[{"name":"wp","href":"https:\/\/api.w.org\/{rel}","templated":true}]}}