{"id":52974,"date":"2022-09-04T20:39:38","date_gmt":"2022-09-04T18:39:38","guid":{"rendered":"https:\/\/rockersstore.de\/record\/d-o-a-ich-shithead-mein-leben-als-punk-buch\/"},"modified":"2022-11-12T13:51:52","modified_gmt":"2022-11-12T12:51:52","slug":"d-o-a-ich-shithead-mein-leben-als-punk-buch","status":"publish","type":"product","link":"https:\/\/rockers.de\/en\/record\/d-o-a-ich-shithead-mein-leben-als-punk-buch\/","title":{"rendered":"D.O.A.-Ich, Shithead. Mein Leben als Punk-Buch"},"content":{"rendered":"<p>224 Seiten: D.O.A. sind eine Punk-Institution! Im n\u00e4chsten Jahr feiern sie ihr 30j\u00e4hriges Jubil\u00e4um. Mit ihrer Scheibe \u00bbHardcore &#8217;81\u00ab tauften sie ein komplettes Genre, den Hardcore-Punk. Ohne D.O.A. h\u00e4tte es Bands wie die Red Hot Chili Peppers, Green Day, Rancid oder The Offspring niemals gegeben. Aber Punk ist mehr als nur ein Musikstil: Es ist eine Lebenseinstellung. D.O.A. haben in ihrer Geschichte unz\u00e4hlige Benefiz-Shows f\u00fcr Greenpeace gespielt, sind immer entschieden gegen die Globalisierung eingetreten, halfen Verge-waltigung-sopfern und k\u00e4mpften f\u00fcr die Rechte von H\u00e4ftlingen. W\u00e4hrend ihrer langen und aufregenden Karriere teilten D.O.A. die B\u00fchne mit Bands wie The Clash, The Ramones, Dead Kennedys, Black Flag, Nirvana, PIL und Minor Threat. Mit dem Buch \u00bbIch, Shithead. Mein Leben als Punk\u00ab hat Joe Keithley seine Memoiren geschrieben. Ein Tribut an ein paar desillusionierte Kids aus Vancouver, die mit dem gesellschaftlichen Status Quo der Siebziger Jahre gebrochen hatten und sich der aufkeimenden Punk-Bewegung anschlossen. Touren, Trag\u00f6dien, Totalabst\u00fcrze: \u00bbMein Leben als Punk\u00ab ist eine Lektion darin, wie man auch die gr\u00f6\u00dften Hindernisse durch schier \u00fcbermenschliches Vertrauen in die eigene St\u00e4rke \u00fcberwinden kann. Auf jede Seite ist Joeys ber\u00fchmter Slogan &#8222;Talk minus Action = Zero&#8220; f\u00f6rmlich eingemei\u00dfelt. Joey Shithead Keithley, Gr\u00fcnder von D.O.A. und Sudden Death Records (www.suddendeath.com), ist Musik-, Politik- und Umweltaktivist. Er lebt mit seiner Frau und ihren gemeinsamen drei Kindern in Vancouver. Vor einigen Monaten erschien auf Sudden Death Records (als insgesamt 74. Ver\u00f6ffentlichung des Labels) sein Solo-Album \u00bbBand of Rebels\u00ab (unter g\u00fctiger Mithilfe von zw\u00f6lf Gastmusikern). Im Herbst 2007 werden D.O.A. wieder live in Deutschland zu sehen sein. In Kanada wurde \u00bbIch, Shithead. Mein Leben als Punk\u00ab von Amazon in die Top 25 der besten &#8222;Non-Fiction&#8220;-B\u00fccher gew\u00e4hlt! Die deutsche \u00dcbersetzung des Buches stammt von Tommy Molotow, seines Zeichens Gr\u00fcnder der deutschen Kultpunkband Canalterror (heute bei Molotow Soda t\u00e4tig) und hauptberuflich Fanbetreuer des FC St. Pauli.<\/p>","protected":false},"excerpt":{"rendered":"<p>224 Seiten: D.O.A. sind eine Punk-Institution! Im n\u00e4chsten Jahr feiern sie ihr 30j\u00e4hriges Jubil\u00e4um. Mit ihrer Scheibe \u00bbHardcore &#8217;81\u00ab tauften sie ein komplettes Genre, den Hardcore-Punk. Ohne D.O.A. h\u00e4tte es Bands wie die Red Hot Chili Peppers, Green Day, Rancid oder The Offspring niemals gegeben. Aber Punk ist mehr als nur ein Musikstil: Es ist eine Lebenseinstellung. D.O.A. haben in ihrer Geschichte unz\u00e4hlige Benefiz-Shows f\u00fcr Greenpeace gespielt, sind immer entschieden gegen die Globalisierung eingetreten, halfen Verge-waltigung-sopfern und k\u00e4mpften f\u00fcr die Rechte von H\u00e4ftlingen. W\u00e4hrend ihrer langen und aufregenden Karriere teilten D.O.A. die B\u00fchne mit Bands wie The Clash, The Ramones, Dead Kennedys, Black Flag, Nirvana, PIL und Minor Threat. Mit dem Buch \u00bbIch, Shithead. Mein Leben als Punk\u00ab hat Joe Keithley seine Memoiren geschrieben. Ein Tribut an ein paar desillusionierte Kids aus Vancouver, die mit dem gesellschaftlichen Status Quo der Siebziger Jahre gebrochen hatten und sich der aufkeimenden Punk-Bewegung anschlossen. Touren, Trag\u00f6dien, Totalabst\u00fcrze: \u00bbMein Leben als Punk\u00ab ist eine Lektion darin, wie man auch die gr\u00f6\u00dften Hindernisse durch schier \u00fcbermenschliches Vertrauen in die eigene St\u00e4rke \u00fcberwinden kann. Auf jede Seite ist Joeys ber\u00fchmter Slogan &#8222;Talk minus Action = Zero&#8220; f\u00f6rmlich eingemei\u00dfelt. Joey Shithead Keithley, Gr\u00fcnder von D.O.A. und Sudden Death Records (www.suddendeath.com), ist Musik-, Politik- und Umweltaktivist. Er lebt mit seiner Frau und ihren gemeinsamen drei Kindern in Vancouver. Vor einigen Monaten erschien auf Sudden Death Records (als insgesamt 74. Ver\u00f6ffentlichung des Labels) sein Solo-Album \u00bbBand of Rebels\u00ab (unter g\u00fctiger Mithilfe von zw\u00f6lf Gastmusikern). Im Herbst 2007 werden D.O.A. wieder live in Deutschland zu sehen sein. In Kanada wurde \u00bbIch, Shithead. Mein Leben als Punk\u00ab von Amazon in die Top 25 der besten &#8222;Non-Fiction&#8220;-B\u00fccher gew\u00e4hlt! Die deutsche \u00dcbersetzung des Buches stammt von Tommy Molotow, seines Zeichens Gr\u00fcnder der deutschen Kultpunkband Canalterror (heute bei Molotow Soda t\u00e4tig) und hauptberuflich Fanbetreuer des FC St. Pauli.<\/p>","protected":false},"featured_media":52975,"template":"","meta":{"_acf_changed":false},"product_brand":[],"product_cat":[133],"product_tag":[],"class_list":{"0":"post-52974","1":"product","2":"type-product","3":"status-publish","4":"has-post-thumbnail","6":"product_cat-punk-usa-kanada","7":"pa_att_artist-d-o-a","8":"pa_att_artist-joey-keithley","9":"pa_att_format-buch","10":"pa_att_genre-punk-usa-kanada","11":"pa_att_jahr-181","12":"pa_att_label-iron-pages","13":"pa_att_land-germany","15":"first","16":"outofstock","17":"taxable","18":"shipping-taxable","19":"purchasable","20":"product-type-simple"},"acf":[],"yoast_head":"<!-- This site is optimized with the Yoast SEO plugin v27.3 - https:\/\/yoast.com\/product\/yoast-seo-wordpress\/ -->\n<title>D.O.A.-Ich, Shithead. Mein Leben als Punk-Buch - Rockers Records<\/title>\n<meta name=\"robots\" content=\"index, follow, max-snippet:-1, max-image-preview:large, max-video-preview:-1\" \/>\n<link rel=\"canonical\" href=\"https:\/\/rockers.de\/en\/record\/d-o-a-ich-shithead-mein-leben-als-punk-buch\/\" \/>\n<meta property=\"og:locale\" content=\"en_US\" \/>\n<meta property=\"og:type\" content=\"article\" \/>\n<meta property=\"og:title\" content=\"D.O.A.-Ich, Shithead. Mein Leben als Punk-Buch - Rockers Records\" \/>\n<meta property=\"og:description\" content=\"224 Seiten: D.O.A. sind eine Punk-Institution! Im n\u00e4chsten Jahr feiern sie ihr 30j\u00e4hriges Jubil\u00e4um. Mit ihrer Scheibe \u00bbHardcore &#039;81\u00ab tauften sie ein komplettes Genre, den Hardcore-Punk. Ohne D.O.A. h\u00e4tte es Bands wie die Red Hot Chili Peppers, Green Day, Rancid oder The Offspring niemals gegeben. Aber Punk ist mehr als nur ein Musikstil: Es ist eine Lebenseinstellung. D.O.A. haben in ihrer Geschichte unz\u00e4hlige Benefiz-Shows f\u00fcr Greenpeace gespielt, sind immer entschieden gegen die Globalisierung eingetreten, halfen Verge-waltigung-sopfern und k\u00e4mpften f\u00fcr die Rechte von H\u00e4ftlingen. W\u00e4hrend ihrer langen und aufregenden Karriere teilten D.O.A. die B\u00fchne mit Bands wie The Clash, The Ramones, Dead Kennedys, Black Flag, Nirvana, PIL und Minor Threat. Mit dem Buch \u00bbIch, Shithead. Mein Leben als Punk\u00ab hat Joe Keithley seine Memoiren geschrieben. Ein Tribut an ein paar desillusionierte Kids aus Vancouver, die mit dem gesellschaftlichen Status Quo der Siebziger Jahre gebrochen hatten und sich der aufkeimenden Punk-Bewegung anschlossen. Touren, Trag\u00f6dien, Totalabst\u00fcrze: \u00bbMein Leben als Punk\u00ab ist eine Lektion darin, wie man auch die gr\u00f6\u00dften Hindernisse durch schier \u00fcbermenschliches Vertrauen in die eigene St\u00e4rke \u00fcberwinden kann. Auf jede Seite ist Joeys ber\u00fchmter Slogan &quot;Talk minus Action = Zero&quot; f\u00f6rmlich eingemei\u00dfelt. Joey Shithead Keithley, Gr\u00fcnder von D.O.A. und Sudden Death Records (www.suddendeath.com), ist Musik-, Politik- und Umweltaktivist. Er lebt mit seiner Frau und ihren gemeinsamen drei Kindern in Vancouver. Vor einigen Monaten erschien auf Sudden Death Records (als insgesamt 74. Ver\u00f6ffentlichung des Labels) sein Solo-Album \u00bbBand of Rebels\u00ab (unter g\u00fctiger Mithilfe von zw\u00f6lf Gastmusikern). Im Herbst 2007 werden D.O.A. wieder live in Deutschland zu sehen sein. In Kanada wurde \u00bbIch, Shithead. Mein Leben als Punk\u00ab von Amazon in die Top 25 der besten &quot;Non-Fiction&quot;-B\u00fccher gew\u00e4hlt! Die deutsche \u00dcbersetzung des Buches stammt von Tommy Molotow, seines Zeichens Gr\u00fcnder der deutschen Kultpunkband Canalterror (heute bei Molotow Soda t\u00e4tig) und hauptberuflich Fanbetreuer des FC St. Pauli.\" \/>\n<meta property=\"og:url\" content=\"https:\/\/rockers.de\/en\/record\/d-o-a-ich-shithead-mein-leben-als-punk-buch\/\" \/>\n<meta property=\"og:site_name\" content=\"Rockers Records\" \/>\n<meta property=\"article:modified_time\" content=\"2022-11-12T12:51:52+00:00\" \/>\n<meta property=\"og:image\" content=\"https:\/\/rockers.de\/wp-content\/uploads\/2022\/09\/D.O.A.-Ich-Shithead.-Mein-Leben-als-Punk-Buch.jpg\" \/>\n\t<meta property=\"og:image:width\" content=\"1536\" \/>\n\t<meta property=\"og:image:height\" content=\"1970\" \/>\n\t<meta property=\"og:image:type\" content=\"image\/jpeg\" \/>\n<meta name=\"twitter:card\" content=\"summary_large_image\" \/>\n<meta name=\"twitter:label1\" content=\"Est. reading time\" \/>\n\t<meta name=\"twitter:data1\" content=\"2 minutes\" \/>\n<script type=\"application\/ld+json\" class=\"yoast-schema-graph\">{\"@context\":\"https:\\\/\\\/schema.org\",\"@graph\":[{\"@type\":\"WebPage\",\"@id\":\"https:\\\/\\\/rockers.de\\\/record\\\/d-o-a-ich-shithead-mein-leben-als-punk-buch\\\/\",\"url\":\"https:\\\/\\\/rockers.de\\\/record\\\/d-o-a-ich-shithead-mein-leben-als-punk-buch\\\/\",\"name\":\"D.O.A.-Ich, Shithead. Mein Leben als Punk-Buch - Rockers Records\",\"isPartOf\":{\"@id\":\"https:\\\/\\\/rockers.de\\\/#website\"},\"primaryImageOfPage\":{\"@id\":\"https:\\\/\\\/rockers.de\\\/record\\\/d-o-a-ich-shithead-mein-leben-als-punk-buch\\\/#primaryimage\"},\"image\":{\"@id\":\"https:\\\/\\\/rockers.de\\\/record\\\/d-o-a-ich-shithead-mein-leben-als-punk-buch\\\/#primaryimage\"},\"thumbnailUrl\":\"https:\\\/\\\/rockers.de\\\/wp-content\\\/uploads\\\/2022\\\/09\\\/D.O.A.-Ich-Shithead.-Mein-Leben-als-Punk-Buch.jpg\",\"datePublished\":\"2022-09-04T18:39:38+00:00\",\"dateModified\":\"2022-11-12T12:51:52+00:00\",\"breadcrumb\":{\"@id\":\"https:\\\/\\\/rockers.de\\\/record\\\/d-o-a-ich-shithead-mein-leben-als-punk-buch\\\/#breadcrumb\"},\"inLanguage\":\"en-US\",\"potentialAction\":[{\"@type\":\"ReadAction\",\"target\":[\"https:\\\/\\\/rockers.de\\\/record\\\/d-o-a-ich-shithead-mein-leben-als-punk-buch\\\/\"]}]},{\"@type\":\"ImageObject\",\"inLanguage\":\"en-US\",\"@id\":\"https:\\\/\\\/rockers.de\\\/record\\\/d-o-a-ich-shithead-mein-leben-als-punk-buch\\\/#primaryimage\",\"url\":\"https:\\\/\\\/rockers.de\\\/wp-content\\\/uploads\\\/2022\\\/09\\\/D.O.A.-Ich-Shithead.-Mein-Leben-als-Punk-Buch.jpg\",\"contentUrl\":\"https:\\\/\\\/rockers.de\\\/wp-content\\\/uploads\\\/2022\\\/09\\\/D.O.A.-Ich-Shithead.-Mein-Leben-als-Punk-Buch.jpg\",\"width\":1536,\"height\":1970,\"caption\":\"D.O.A.-Ich\"},{\"@type\":\"BreadcrumbList\",\"@id\":\"https:\\\/\\\/rockers.de\\\/record\\\/d-o-a-ich-shithead-mein-leben-als-punk-buch\\\/#breadcrumb\",\"itemListElement\":[{\"@type\":\"ListItem\",\"position\":1,\"name\":\"Startseite\",\"item\":\"https:\\\/\\\/rockers.de\\\/\"},{\"@type\":\"ListItem\",\"position\":2,\"name\":\"Shop\",\"item\":\"https:\\\/\\\/rockers.de\\\/shop\\\/\"},{\"@type\":\"ListItem\",\"position\":3,\"name\":\"D.O.A.-Ich, Shithead. Mein Leben als Punk-Buch\"}]},{\"@type\":\"WebSite\",\"@id\":\"https:\\\/\\\/rockers.de\\\/#website\",\"url\":\"https:\\\/\\\/rockers.de\\\/\",\"name\":\"Rockers Records\",\"description\":\"Dein Schallplatten Store in Hannover\",\"publisher\":{\"@id\":\"https:\\\/\\\/rockers.de\\\/#organization\"},\"potentialAction\":[{\"@type\":\"SearchAction\",\"target\":{\"@type\":\"EntryPoint\",\"urlTemplate\":\"https:\\\/\\\/rockers.de\\\/?s={search_term_string}\"},\"query-input\":{\"@type\":\"PropertyValueSpecification\",\"valueRequired\":true,\"valueName\":\"search_term_string\"}}],\"inLanguage\":\"en-US\"},{\"@type\":\"Organization\",\"@id\":\"https:\\\/\\\/rockers.de\\\/#organization\",\"name\":\"Rockers Records\",\"url\":\"https:\\\/\\\/rockers.de\\\/\",\"logo\":{\"@type\":\"ImageObject\",\"inLanguage\":\"en-US\",\"@id\":\"https:\\\/\\\/rockers.de\\\/#\\\/schema\\\/logo\\\/image\\\/\",\"url\":\"https:\\\/\\\/rockers.de\\\/wp-content\\\/uploads\\\/2022\\\/07\\\/Neue-Website-2022.jpg\",\"contentUrl\":\"https:\\\/\\\/rockers.de\\\/wp-content\\\/uploads\\\/2022\\\/07\\\/Neue-Website-2022.jpg\",\"width\":800,\"height\":800,\"caption\":\"Rockers Records\"},\"image\":{\"@id\":\"https:\\\/\\\/rockers.de\\\/#\\\/schema\\\/logo\\\/image\\\/\"}}]}<\/script>\n<!-- \/ Yoast SEO plugin. -->","yoast_head_json":{"title":"D.O.A.-Ich, Shithead. Mein Leben als Punk-Buch - Rockers Records","robots":{"index":"index","follow":"follow","max-snippet":"max-snippet:-1","max-image-preview":"max-image-preview:large","max-video-preview":"max-video-preview:-1"},"canonical":"https:\/\/rockers.de\/en\/record\/d-o-a-ich-shithead-mein-leben-als-punk-buch\/","og_locale":"en_US","og_type":"article","og_title":"D.O.A.-Ich, Shithead. Mein Leben als Punk-Buch - Rockers Records","og_description":"224 Seiten: D.O.A. sind eine Punk-Institution! Im n\u00e4chsten Jahr feiern sie ihr 30j\u00e4hriges Jubil\u00e4um. Mit ihrer Scheibe \u00bbHardcore '81\u00ab tauften sie ein komplettes Genre, den Hardcore-Punk. Ohne D.O.A. h\u00e4tte es Bands wie die Red Hot Chili Peppers, Green Day, Rancid oder The Offspring niemals gegeben. Aber Punk ist mehr als nur ein Musikstil: Es ist eine Lebenseinstellung. D.O.A. haben in ihrer Geschichte unz\u00e4hlige Benefiz-Shows f\u00fcr Greenpeace gespielt, sind immer entschieden gegen die Globalisierung eingetreten, halfen Verge-waltigung-sopfern und k\u00e4mpften f\u00fcr die Rechte von H\u00e4ftlingen. W\u00e4hrend ihrer langen und aufregenden Karriere teilten D.O.A. die B\u00fchne mit Bands wie The Clash, The Ramones, Dead Kennedys, Black Flag, Nirvana, PIL und Minor Threat. Mit dem Buch \u00bbIch, Shithead. Mein Leben als Punk\u00ab hat Joe Keithley seine Memoiren geschrieben. Ein Tribut an ein paar desillusionierte Kids aus Vancouver, die mit dem gesellschaftlichen Status Quo der Siebziger Jahre gebrochen hatten und sich der aufkeimenden Punk-Bewegung anschlossen. Touren, Trag\u00f6dien, Totalabst\u00fcrze: \u00bbMein Leben als Punk\u00ab ist eine Lektion darin, wie man auch die gr\u00f6\u00dften Hindernisse durch schier \u00fcbermenschliches Vertrauen in die eigene St\u00e4rke \u00fcberwinden kann. Auf jede Seite ist Joeys ber\u00fchmter Slogan \"Talk minus Action = Zero\" f\u00f6rmlich eingemei\u00dfelt. Joey Shithead Keithley, Gr\u00fcnder von D.O.A. und Sudden Death Records (www.suddendeath.com), ist Musik-, Politik- und Umweltaktivist. Er lebt mit seiner Frau und ihren gemeinsamen drei Kindern in Vancouver. Vor einigen Monaten erschien auf Sudden Death Records (als insgesamt 74. Ver\u00f6ffentlichung des Labels) sein Solo-Album \u00bbBand of Rebels\u00ab (unter g\u00fctiger Mithilfe von zw\u00f6lf Gastmusikern). Im Herbst 2007 werden D.O.A. wieder live in Deutschland zu sehen sein. In Kanada wurde \u00bbIch, Shithead. Mein Leben als Punk\u00ab von Amazon in die Top 25 der besten \"Non-Fiction\"-B\u00fccher gew\u00e4hlt! Die deutsche \u00dcbersetzung des Buches stammt von Tommy Molotow, seines Zeichens Gr\u00fcnder der deutschen Kultpunkband Canalterror (heute bei Molotow Soda t\u00e4tig) und hauptberuflich Fanbetreuer des FC St. Pauli.","og_url":"https:\/\/rockers.de\/en\/record\/d-o-a-ich-shithead-mein-leben-als-punk-buch\/","og_site_name":"Rockers Records","article_modified_time":"2022-11-12T12:51:52+00:00","og_image":[{"width":1536,"height":1970,"url":"https:\/\/rockers.de\/wp-content\/uploads\/2022\/09\/D.O.A.-Ich-Shithead.-Mein-Leben-als-Punk-Buch.jpg","type":"image\/jpeg"}],"twitter_card":"summary_large_image","twitter_misc":{"Est. reading time":"2 minutes"},"schema":{"@context":"https:\/\/schema.org","@graph":[{"@type":"WebPage","@id":"https:\/\/rockers.de\/record\/d-o-a-ich-shithead-mein-leben-als-punk-buch\/","url":"https:\/\/rockers.de\/record\/d-o-a-ich-shithead-mein-leben-als-punk-buch\/","name":"D.O.A.-Ich, Shithead. Mein Leben als Punk-Buch - Rockers Records","isPartOf":{"@id":"https:\/\/rockers.de\/#website"},"primaryImageOfPage":{"@id":"https:\/\/rockers.de\/record\/d-o-a-ich-shithead-mein-leben-als-punk-buch\/#primaryimage"},"image":{"@id":"https:\/\/rockers.de\/record\/d-o-a-ich-shithead-mein-leben-als-punk-buch\/#primaryimage"},"thumbnailUrl":"https:\/\/rockers.de\/wp-content\/uploads\/2022\/09\/D.O.A.-Ich-Shithead.-Mein-Leben-als-Punk-Buch.jpg","datePublished":"2022-09-04T18:39:38+00:00","dateModified":"2022-11-12T12:51:52+00:00","breadcrumb":{"@id":"https:\/\/rockers.de\/record\/d-o-a-ich-shithead-mein-leben-als-punk-buch\/#breadcrumb"},"inLanguage":"en-US","potentialAction":[{"@type":"ReadAction","target":["https:\/\/rockers.de\/record\/d-o-a-ich-shithead-mein-leben-als-punk-buch\/"]}]},{"@type":"ImageObject","inLanguage":"en-US","@id":"https:\/\/rockers.de\/record\/d-o-a-ich-shithead-mein-leben-als-punk-buch\/#primaryimage","url":"https:\/\/rockers.de\/wp-content\/uploads\/2022\/09\/D.O.A.-Ich-Shithead.-Mein-Leben-als-Punk-Buch.jpg","contentUrl":"https:\/\/rockers.de\/wp-content\/uploads\/2022\/09\/D.O.A.-Ich-Shithead.-Mein-Leben-als-Punk-Buch.jpg","width":1536,"height":1970,"caption":"D.O.A.-Ich"},{"@type":"BreadcrumbList","@id":"https:\/\/rockers.de\/record\/d-o-a-ich-shithead-mein-leben-als-punk-buch\/#breadcrumb","itemListElement":[{"@type":"ListItem","position":1,"name":"Startseite","item":"https:\/\/rockers.de\/"},{"@type":"ListItem","position":2,"name":"Shop","item":"https:\/\/rockers.de\/shop\/"},{"@type":"ListItem","position":3,"name":"D.O.A.-Ich, Shithead. Mein Leben als Punk-Buch"}]},{"@type":"WebSite","@id":"https:\/\/rockers.de\/#website","url":"https:\/\/rockers.de\/","name":"Rockers Records","description":"Your record store in Hanover","publisher":{"@id":"https:\/\/rockers.de\/#organization"},"potentialAction":[{"@type":"SearchAction","target":{"@type":"EntryPoint","urlTemplate":"https:\/\/rockers.de\/?s={search_term_string}"},"query-input":{"@type":"PropertyValueSpecification","valueRequired":true,"valueName":"search_term_string"}}],"inLanguage":"en-US"},{"@type":"Organization","@id":"https:\/\/rockers.de\/#organization","name":"Rockers Records","url":"https:\/\/rockers.de\/","logo":{"@type":"ImageObject","inLanguage":"en-US","@id":"https:\/\/rockers.de\/#\/schema\/logo\/image\/","url":"https:\/\/rockers.de\/wp-content\/uploads\/2022\/07\/Neue-Website-2022.jpg","contentUrl":"https:\/\/rockers.de\/wp-content\/uploads\/2022\/07\/Neue-Website-2022.jpg","width":800,"height":800,"caption":"Rockers Records"},"image":{"@id":"https:\/\/rockers.de\/#\/schema\/logo\/image\/"}}]}},"_links":{"self":[{"href":"https:\/\/rockers.de\/en\/wp-json\/wp\/v2\/product\/52974","targetHints":{"allow":["GET"]}}],"collection":[{"href":"https:\/\/rockers.de\/en\/wp-json\/wp\/v2\/product"}],"about":[{"href":"https:\/\/rockers.de\/en\/wp-json\/wp\/v2\/types\/product"}],"wp:featuredmedia":[{"embeddable":true,"href":"https:\/\/rockers.de\/en\/wp-json\/wp\/v2\/media\/52975"}],"wp:attachment":[{"href":"https:\/\/rockers.de\/en\/wp-json\/wp\/v2\/media?parent=52974"}],"wp:term":[{"taxonomy":"product_brand","embeddable":true,"href":"https:\/\/rockers.de\/en\/wp-json\/wp\/v2\/product_brand?post=52974"},{"taxonomy":"product_cat","embeddable":true,"href":"https:\/\/rockers.de\/en\/wp-json\/wp\/v2\/product_cat?post=52974"},{"taxonomy":"product_tag","embeddable":true,"href":"https:\/\/rockers.de\/en\/wp-json\/wp\/v2\/product_tag?post=52974"}],"curies":[{"name":"wp","href":"https:\/\/api.w.org\/{rel}","templated":true}]}}