{"id":49520,"date":"2022-09-03T22:17:05","date_gmt":"2022-09-03T20:17:05","guid":{"rendered":"https:\/\/rockersstore.de\/record\/ute-wieners-zum-glueck-gab-es-punk-buch\/"},"modified":"2026-04-01T18:53:07","modified_gmt":"2026-04-01T16:53:07","slug":"ute-wieners-zum-glueck-gab-es-punk-buch","status":"publish","type":"product","link":"https:\/\/rockers.de\/en\/record\/ute-wieners-zum-glueck-gab-es-punk-buch\/","title":{"rendered":"Ute Wieners-Zum Gl\u00fcck gab es Punk-Buch"},"content":{"rendered":"<p>Ute Wieners erz\u00e4hlt, wie aus einem verschlossenen, ungl\u00fccklichen M\u00e4dchen eine selbstbewusste junge Frau wird. Denn: Zum Gl\u00fcck gab es Punk. Utes Kindheit ist gepr\u00e4gt von Lieblosigkeit, Einsamkeit und Gewalt. Vor dem Horror der Familienverh\u00e4ltnisse, dem Mobbing in der Schule und dem Mief der Provinzmetropole Hannover flieht sie in Traum- und Parallelwelten. Doch nach dem Besuch eines Punkkonzerts im Unabh\u00e4ngigen Jugendzentrum Kornstra\u00dfe wei\u00df sie, wohin die Reise gehen wird. Ute \u00e4ndert ihr Leben und wird Punk. Aber es ist nicht einfach, sich den gewaltt\u00e4tigen und sexistischen Strukturen der Gesellschaft zu entziehen, denn auch diejenigen, die sich dagegen stellen, kennen nichts anderes. Ute Wieners entwirft ein Sittenbild der 1960er bis 1980er Jahre. Schonungslos berichtet sie von der hannoverschen Studentenbewegung, die sie als Kind erlebte, von Stra\u00dfenschlachten mit der Polizei und von den Chaostagen. B\u00f6se und ironisch erz\u00e4hlt sie von gewaltt\u00e4tigen Skinheads und Normalb\u00fcrgern, von kurzzeitigen Drogenfluchten, von der Gr\u00fcndung der Anarchistischen Pogopartei und zeichnet eine radikal subjektive Geschichte des Punk \u2013 nicht nur in Hannover. Die Autorin: Ute Wieners, Jahrgang 1962, Ex-Punkerin, Ex-Hausbesetzerin, Erwerbslose und Autorin, lebt in der einst besetzten Sprengel-Schokoladenfabrik in Hannover<\/p>","protected":false},"excerpt":{"rendered":"<p>Ute Wieners erz\u00e4hlt, wie aus einem verschlossenen, ungl\u00fccklichen M\u00e4dchen eine selbstbewusste junge Frau wird. Denn: Zum Gl\u00fcck gab es Punk. Utes Kindheit ist gepr\u00e4gt von Lieblosigkeit, Einsamkeit und Gewalt. Vor dem Horror der Familienverh\u00e4ltnisse, dem Mobbing in der Schule und dem Mief der Provinzmetropole Hannover flieht sie in Traum- und Parallelwelten. Doch nach dem Besuch eines Punkkonzerts im Unabh\u00e4ngigen Jugendzentrum Kornstra\u00dfe wei\u00df sie, wohin die Reise gehen wird. Ute \u00e4ndert ihr Leben und wird Punk. Aber es ist nicht einfach, sich den gewaltt\u00e4tigen und sexistischen Strukturen der Gesellschaft zu entziehen, denn auch diejenigen, die sich dagegen stellen, kennen nichts anderes. Ute Wieners entwirft ein Sittenbild der 1960er bis 1980er Jahre. Schonungslos berichtet sie von der hannoverschen Studentenbewegung, die sie als Kind erlebte, von Stra\u00dfenschlachten mit der Polizei und von den Chaostagen. B\u00f6se und ironisch erz\u00e4hlt sie von gewaltt\u00e4tigen Skinheads und Normalb\u00fcrgern, von kurzzeitigen Drogenfluchten, von der Gr\u00fcndung der Anarchistischen Pogopartei und zeichnet eine radikal subjektive Geschichte des Punk \u2013 nicht nur in Hannover. Die Autorin: Ute Wieners, Jahrgang 1962, Ex-Punkerin, Ex-Hausbesetzerin, Erwerbslose und Autorin, lebt in der einst besetzten Sprengel-Schokoladenfabrik in Hannover<\/p>","protected":false},"featured_media":49521,"template":"","meta":{"_acf_changed":false},"product_brand":[],"product_cat":[538],"product_tag":[],"class_list":{"0":"post-49520","1":"product","2":"type-product","3":"status-publish","4":"has-post-thumbnail","6":"product_cat-punk-deutschland","7":"pa_att_artist-ute-wieners","8":"pa_att_format-buch","9":"pa_att_genre-punk-deutschland","10":"pa_att_label-edition-region-geschichte","11":"pa_att_land-germany","13":"first","14":"instock","15":"taxable","16":"shipping-taxable","17":"purchasable","18":"product-type-simple"},"acf":[],"yoast_head":"<!-- This site is optimized with the Yoast SEO plugin v27.3 - https:\/\/yoast.com\/product\/yoast-seo-wordpress\/ -->\n<title>Ute Wieners-Zum Gl\u00fcck gab es Punk-Buch - Rockers Records<\/title>\n<meta name=\"robots\" content=\"index, follow, max-snippet:-1, max-image-preview:large, max-video-preview:-1\" \/>\n<link rel=\"canonical\" href=\"https:\/\/rockers.de\/en\/record\/ute-wieners-zum-glueck-gab-es-punk-buch\/\" \/>\n<meta property=\"og:locale\" content=\"en_US\" \/>\n<meta property=\"og:type\" content=\"article\" \/>\n<meta property=\"og:title\" content=\"Ute Wieners-Zum Gl\u00fcck gab es Punk-Buch - Rockers Records\" \/>\n<meta property=\"og:description\" content=\"Ute Wieners erz\u00e4hlt, wie aus einem verschlossenen, ungl\u00fccklichen M\u00e4dchen eine selbstbewusste junge Frau wird. Denn: Zum Gl\u00fcck gab es Punk. Utes Kindheit ist gepr\u00e4gt von Lieblosigkeit, Einsamkeit und Gewalt. Vor dem Horror der Familienverh\u00e4ltnisse, dem Mobbing in der Schule und dem Mief der Provinzmetropole Hannover flieht sie in Traum- und Parallelwelten. Doch nach dem Besuch eines Punkkonzerts im Unabh\u00e4ngigen Jugendzentrum Kornstra\u00dfe wei\u00df sie, wohin die Reise gehen wird. Ute \u00e4ndert ihr Leben und wird Punk. Aber es ist nicht einfach, sich den gewaltt\u00e4tigen und sexistischen Strukturen der Gesellschaft zu entziehen, denn auch diejenigen, die sich dagegen stellen, kennen nichts anderes. Ute Wieners entwirft ein Sittenbild der 1960er bis 1980er Jahre. Schonungslos berichtet sie von der hannoverschen Studentenbewegung, die sie als Kind erlebte, von Stra\u00dfenschlachten mit der Polizei und von den Chaostagen. B\u00f6se und ironisch erz\u00e4hlt sie von gewaltt\u00e4tigen Skinheads und Normalb\u00fcrgern, von kurzzeitigen Drogenfluchten, von der Gr\u00fcndung der Anarchistischen Pogopartei und zeichnet eine radikal subjektive Geschichte des Punk \u2013 nicht nur in Hannover. Die Autorin: Ute Wieners, Jahrgang 1962, Ex-Punkerin, Ex-Hausbesetzerin, Erwerbslose und Autorin, lebt in der einst besetzten Sprengel-Schokoladenfabrik in Hannover\" \/>\n<meta property=\"og:url\" content=\"https:\/\/rockers.de\/en\/record\/ute-wieners-zum-glueck-gab-es-punk-buch\/\" \/>\n<meta property=\"og:site_name\" content=\"Rockers Records\" \/>\n<meta property=\"article:modified_time\" content=\"2026-04-01T16:53:07+00:00\" \/>\n<meta property=\"og:image\" content=\"https:\/\/rockers.de\/wp-content\/uploads\/2022\/09\/Ute-Wieners-Zum-Glueck-gab-es-Punk-Buch.jpg\" \/>\n\t<meta property=\"og:image:width\" content=\"1536\" \/>\n\t<meta property=\"og:image:height\" content=\"2355\" \/>\n\t<meta property=\"og:image:type\" content=\"image\/jpeg\" \/>\n<meta name=\"twitter:card\" content=\"summary_large_image\" \/>\n<meta name=\"twitter:label1\" content=\"Est. reading time\" \/>\n\t<meta name=\"twitter:data1\" content=\"2 minutes\" \/>\n<script type=\"application\/ld+json\" class=\"yoast-schema-graph\">{\"@context\":\"https:\\\/\\\/schema.org\",\"@graph\":[{\"@type\":\"WebPage\",\"@id\":\"https:\\\/\\\/rockers.de\\\/record\\\/ute-wieners-zum-glueck-gab-es-punk-buch\\\/\",\"url\":\"https:\\\/\\\/rockers.de\\\/record\\\/ute-wieners-zum-glueck-gab-es-punk-buch\\\/\",\"name\":\"Ute Wieners-Zum Gl\u00fcck gab es Punk-Buch - Rockers Records\",\"isPartOf\":{\"@id\":\"https:\\\/\\\/rockers.de\\\/#website\"},\"primaryImageOfPage\":{\"@id\":\"https:\\\/\\\/rockers.de\\\/record\\\/ute-wieners-zum-glueck-gab-es-punk-buch\\\/#primaryimage\"},\"image\":{\"@id\":\"https:\\\/\\\/rockers.de\\\/record\\\/ute-wieners-zum-glueck-gab-es-punk-buch\\\/#primaryimage\"},\"thumbnailUrl\":\"https:\\\/\\\/rockers.de\\\/wp-content\\\/uploads\\\/2022\\\/09\\\/Ute-Wieners-Zum-Glueck-gab-es-Punk-Buch.jpg\",\"datePublished\":\"2022-09-03T20:17:05+00:00\",\"dateModified\":\"2026-04-01T16:53:07+00:00\",\"breadcrumb\":{\"@id\":\"https:\\\/\\\/rockers.de\\\/record\\\/ute-wieners-zum-glueck-gab-es-punk-buch\\\/#breadcrumb\"},\"inLanguage\":\"en-US\",\"potentialAction\":[{\"@type\":\"ReadAction\",\"target\":[\"https:\\\/\\\/rockers.de\\\/record\\\/ute-wieners-zum-glueck-gab-es-punk-buch\\\/\"]}]},{\"@type\":\"ImageObject\",\"inLanguage\":\"en-US\",\"@id\":\"https:\\\/\\\/rockers.de\\\/record\\\/ute-wieners-zum-glueck-gab-es-punk-buch\\\/#primaryimage\",\"url\":\"https:\\\/\\\/rockers.de\\\/wp-content\\\/uploads\\\/2022\\\/09\\\/Ute-Wieners-Zum-Glueck-gab-es-Punk-Buch.jpg\",\"contentUrl\":\"https:\\\/\\\/rockers.de\\\/wp-content\\\/uploads\\\/2022\\\/09\\\/Ute-Wieners-Zum-Glueck-gab-es-Punk-Buch.jpg\",\"width\":1536,\"height\":2355,\"caption\":\"Ute Wieners-Zum Gl\u00fcck gab es Punk-Buch-01\"},{\"@type\":\"BreadcrumbList\",\"@id\":\"https:\\\/\\\/rockers.de\\\/record\\\/ute-wieners-zum-glueck-gab-es-punk-buch\\\/#breadcrumb\",\"itemListElement\":[{\"@type\":\"ListItem\",\"position\":1,\"name\":\"Startseite\",\"item\":\"https:\\\/\\\/rockers.de\\\/\"},{\"@type\":\"ListItem\",\"position\":2,\"name\":\"Shop\",\"item\":\"https:\\\/\\\/rockers.de\\\/shop\\\/\"},{\"@type\":\"ListItem\",\"position\":3,\"name\":\"Ute Wieners-Zum Gl\u00fcck gab es Punk-Buch\"}]},{\"@type\":\"WebSite\",\"@id\":\"https:\\\/\\\/rockers.de\\\/#website\",\"url\":\"https:\\\/\\\/rockers.de\\\/\",\"name\":\"Rockers Records\",\"description\":\"Dein Schallplatten Store in Hannover\",\"publisher\":{\"@id\":\"https:\\\/\\\/rockers.de\\\/#organization\"},\"potentialAction\":[{\"@type\":\"SearchAction\",\"target\":{\"@type\":\"EntryPoint\",\"urlTemplate\":\"https:\\\/\\\/rockers.de\\\/?s={search_term_string}\"},\"query-input\":{\"@type\":\"PropertyValueSpecification\",\"valueRequired\":true,\"valueName\":\"search_term_string\"}}],\"inLanguage\":\"en-US\"},{\"@type\":\"Organization\",\"@id\":\"https:\\\/\\\/rockers.de\\\/#organization\",\"name\":\"Rockers Records\",\"url\":\"https:\\\/\\\/rockers.de\\\/\",\"logo\":{\"@type\":\"ImageObject\",\"inLanguage\":\"en-US\",\"@id\":\"https:\\\/\\\/rockers.de\\\/#\\\/schema\\\/logo\\\/image\\\/\",\"url\":\"https:\\\/\\\/rockers.de\\\/wp-content\\\/uploads\\\/2022\\\/07\\\/Neue-Website-2022.jpg\",\"contentUrl\":\"https:\\\/\\\/rockers.de\\\/wp-content\\\/uploads\\\/2022\\\/07\\\/Neue-Website-2022.jpg\",\"width\":800,\"height\":800,\"caption\":\"Rockers Records\"},\"image\":{\"@id\":\"https:\\\/\\\/rockers.de\\\/#\\\/schema\\\/logo\\\/image\\\/\"}}]}<\/script>\n<!-- \/ Yoast SEO plugin. -->","yoast_head_json":{"title":"Ute Wieners-Zum Gl\u00fcck gab es Punk-Buch - Rockers Records","robots":{"index":"index","follow":"follow","max-snippet":"max-snippet:-1","max-image-preview":"max-image-preview:large","max-video-preview":"max-video-preview:-1"},"canonical":"https:\/\/rockers.de\/en\/record\/ute-wieners-zum-glueck-gab-es-punk-buch\/","og_locale":"en_US","og_type":"article","og_title":"Ute Wieners-Zum Gl\u00fcck gab es Punk-Buch - Rockers Records","og_description":"Ute Wieners erz\u00e4hlt, wie aus einem verschlossenen, ungl\u00fccklichen M\u00e4dchen eine selbstbewusste junge Frau wird. Denn: Zum Gl\u00fcck gab es Punk. Utes Kindheit ist gepr\u00e4gt von Lieblosigkeit, Einsamkeit und Gewalt. Vor dem Horror der Familienverh\u00e4ltnisse, dem Mobbing in der Schule und dem Mief der Provinzmetropole Hannover flieht sie in Traum- und Parallelwelten. Doch nach dem Besuch eines Punkkonzerts im Unabh\u00e4ngigen Jugendzentrum Kornstra\u00dfe wei\u00df sie, wohin die Reise gehen wird. Ute \u00e4ndert ihr Leben und wird Punk. Aber es ist nicht einfach, sich den gewaltt\u00e4tigen und sexistischen Strukturen der Gesellschaft zu entziehen, denn auch diejenigen, die sich dagegen stellen, kennen nichts anderes. Ute Wieners entwirft ein Sittenbild der 1960er bis 1980er Jahre. Schonungslos berichtet sie von der hannoverschen Studentenbewegung, die sie als Kind erlebte, von Stra\u00dfenschlachten mit der Polizei und von den Chaostagen. B\u00f6se und ironisch erz\u00e4hlt sie von gewaltt\u00e4tigen Skinheads und Normalb\u00fcrgern, von kurzzeitigen Drogenfluchten, von der Gr\u00fcndung der Anarchistischen Pogopartei und zeichnet eine radikal subjektive Geschichte des Punk \u2013 nicht nur in Hannover. Die Autorin: Ute Wieners, Jahrgang 1962, Ex-Punkerin, Ex-Hausbesetzerin, Erwerbslose und Autorin, lebt in der einst besetzten Sprengel-Schokoladenfabrik in Hannover","og_url":"https:\/\/rockers.de\/en\/record\/ute-wieners-zum-glueck-gab-es-punk-buch\/","og_site_name":"Rockers Records","article_modified_time":"2026-04-01T16:53:07+00:00","og_image":[{"width":1536,"height":2355,"url":"https:\/\/rockers.de\/wp-content\/uploads\/2022\/09\/Ute-Wieners-Zum-Glueck-gab-es-Punk-Buch.jpg","type":"image\/jpeg"}],"twitter_card":"summary_large_image","twitter_misc":{"Est. reading time":"2 minutes"},"schema":{"@context":"https:\/\/schema.org","@graph":[{"@type":"WebPage","@id":"https:\/\/rockers.de\/record\/ute-wieners-zum-glueck-gab-es-punk-buch\/","url":"https:\/\/rockers.de\/record\/ute-wieners-zum-glueck-gab-es-punk-buch\/","name":"Ute Wieners-Zum Gl\u00fcck gab es Punk-Buch - Rockers Records","isPartOf":{"@id":"https:\/\/rockers.de\/#website"},"primaryImageOfPage":{"@id":"https:\/\/rockers.de\/record\/ute-wieners-zum-glueck-gab-es-punk-buch\/#primaryimage"},"image":{"@id":"https:\/\/rockers.de\/record\/ute-wieners-zum-glueck-gab-es-punk-buch\/#primaryimage"},"thumbnailUrl":"https:\/\/rockers.de\/wp-content\/uploads\/2022\/09\/Ute-Wieners-Zum-Glueck-gab-es-Punk-Buch.jpg","datePublished":"2022-09-03T20:17:05+00:00","dateModified":"2026-04-01T16:53:07+00:00","breadcrumb":{"@id":"https:\/\/rockers.de\/record\/ute-wieners-zum-glueck-gab-es-punk-buch\/#breadcrumb"},"inLanguage":"en-US","potentialAction":[{"@type":"ReadAction","target":["https:\/\/rockers.de\/record\/ute-wieners-zum-glueck-gab-es-punk-buch\/"]}]},{"@type":"ImageObject","inLanguage":"en-US","@id":"https:\/\/rockers.de\/record\/ute-wieners-zum-glueck-gab-es-punk-buch\/#primaryimage","url":"https:\/\/rockers.de\/wp-content\/uploads\/2022\/09\/Ute-Wieners-Zum-Glueck-gab-es-Punk-Buch.jpg","contentUrl":"https:\/\/rockers.de\/wp-content\/uploads\/2022\/09\/Ute-Wieners-Zum-Glueck-gab-es-Punk-Buch.jpg","width":1536,"height":2355,"caption":"Ute Wieners-Zum Gl\u00fcck gab es Punk-Buch-01"},{"@type":"BreadcrumbList","@id":"https:\/\/rockers.de\/record\/ute-wieners-zum-glueck-gab-es-punk-buch\/#breadcrumb","itemListElement":[{"@type":"ListItem","position":1,"name":"Startseite","item":"https:\/\/rockers.de\/"},{"@type":"ListItem","position":2,"name":"Shop","item":"https:\/\/rockers.de\/shop\/"},{"@type":"ListItem","position":3,"name":"Ute Wieners-Zum Gl\u00fcck gab es Punk-Buch"}]},{"@type":"WebSite","@id":"https:\/\/rockers.de\/#website","url":"https:\/\/rockers.de\/","name":"Rockers Records","description":"Your record store in Hanover","publisher":{"@id":"https:\/\/rockers.de\/#organization"},"potentialAction":[{"@type":"SearchAction","target":{"@type":"EntryPoint","urlTemplate":"https:\/\/rockers.de\/?s={search_term_string}"},"query-input":{"@type":"PropertyValueSpecification","valueRequired":true,"valueName":"search_term_string"}}],"inLanguage":"en-US"},{"@type":"Organization","@id":"https:\/\/rockers.de\/#organization","name":"Rockers Records","url":"https:\/\/rockers.de\/","logo":{"@type":"ImageObject","inLanguage":"en-US","@id":"https:\/\/rockers.de\/#\/schema\/logo\/image\/","url":"https:\/\/rockers.de\/wp-content\/uploads\/2022\/07\/Neue-Website-2022.jpg","contentUrl":"https:\/\/rockers.de\/wp-content\/uploads\/2022\/07\/Neue-Website-2022.jpg","width":800,"height":800,"caption":"Rockers Records"},"image":{"@id":"https:\/\/rockers.de\/#\/schema\/logo\/image\/"}}]}},"_links":{"self":[{"href":"https:\/\/rockers.de\/en\/wp-json\/wp\/v2\/product\/49520","targetHints":{"allow":["GET"]}}],"collection":[{"href":"https:\/\/rockers.de\/en\/wp-json\/wp\/v2\/product"}],"about":[{"href":"https:\/\/rockers.de\/en\/wp-json\/wp\/v2\/types\/product"}],"wp:featuredmedia":[{"embeddable":true,"href":"https:\/\/rockers.de\/en\/wp-json\/wp\/v2\/media\/49521"}],"wp:attachment":[{"href":"https:\/\/rockers.de\/en\/wp-json\/wp\/v2\/media?parent=49520"}],"wp:term":[{"taxonomy":"product_brand","embeddable":true,"href":"https:\/\/rockers.de\/en\/wp-json\/wp\/v2\/product_brand?post=49520"},{"taxonomy":"product_cat","embeddable":true,"href":"https:\/\/rockers.de\/en\/wp-json\/wp\/v2\/product_cat?post=49520"},{"taxonomy":"product_tag","embeddable":true,"href":"https:\/\/rockers.de\/en\/wp-json\/wp\/v2\/product_tag?post=49520"}],"curies":[{"name":"wp","href":"https:\/\/api.w.org\/{rel}","templated":true}]}}