{"id":49437,"date":"2022-09-03T22:12:59","date_gmt":"2022-09-03T20:12:59","guid":{"rendered":"https:\/\/rockersstore.de\/record\/the-spartanics-declined-10-vinyl\/"},"modified":"2025-12-23T17:22:30","modified_gmt":"2025-12-23T16:22:30","slug":"the-spartanics-declined-10-vinyl","status":"publish","type":"product","link":"https:\/\/rockers.de\/en\/record\/the-spartanics-declined-10-vinyl\/","title":{"rendered":"The Spartanics-Declined-10&#8243; Vinyl"},"content":{"rendered":"<p>Das Leipziger Trio THE SPARTANICS ver\u00f6ffentlicht nach dem erfolgreichen Debutalbum \u201eIt Sounds Spartanic\u201c und intensivem Touren (2018: 85 Konzerte; 2019: 64 Konzerte) jetzt endlich frisches Material auf Vinyl. \u201eDeclined\u201c erscheint als 10\u2018\u2018 bei Rockers Records. Die sieben eing\u00e4ngigen Songs sind vom englischen Punkrock gepr\u00e4gt und haben einen hohem Wiedererkennungswert. Textlich sind THE SPARTANICS nat\u00fcrlich weiterhin k\u00e4mpferisch und klassenbewusst im besten Sinne. \u201eDeclined\u201c ist knackig, frisch, transparent und authentisch. THE SPARTANICS haben etwas zu sagen und sie haben Bock \u2013 und das h\u00f6rt man!<\/p>","protected":false},"excerpt":{"rendered":"<p>Das Leipziger Trio THE SPARTANICS ver\u00f6ffentlicht nach dem erfolgreichen Debutalbum \u201eIt Sounds Spartanic\u201c und intensivem Touren (2018: 85 Konzerte; 2019: 64 Konzerte) jetzt endlich frisches Material auf Vinyl. \u201eDeclined\u201c erscheint als 10\u2018\u2018 bei Rockers Records. Die sieben eing\u00e4ngigen Songs sind vom englischen Punkrock gepr\u00e4gt und haben einen hohem Wiedererkennungswert. Textlich sind THE SPARTANICS nat\u00fcrlich weiterhin k\u00e4mpferisch und klassenbewusst im besten Sinne. \u201eDeclined\u201c ist knackig, frisch, transparent und authentisch. THE SPARTANICS haben etwas zu sagen und sie haben Bock \u2013 und das h\u00f6rt man!<\/p>","protected":false},"featured_media":49438,"template":"","meta":{"_acf_changed":false},"product_brand":[],"product_cat":[559,538],"product_tag":[],"class_list":{"0":"post-49437","1":"product","2":"type-product","3":"status-publish","4":"has-post-thumbnail","6":"product_cat-oi","7":"product_cat-punk-deutschland","8":"pa_att_artist-the-spartanics","9":"pa_att_format-10-vinyl","10":"pa_att_genre-punk-deutschland","11":"pa_att_jahr-231","12":"pa_att_label-rockers-records-3","13":"pa_att_land-germany","15":"first","16":"outofstock","17":"taxable","18":"shipping-taxable","19":"purchasable","20":"product-type-simple"},"acf":[],"yoast_head":"<!-- This site is optimized with the Yoast SEO plugin v27.3 - https:\/\/yoast.com\/product\/yoast-seo-wordpress\/ -->\n<title>The Spartanics-Declined-10&quot; Vinyl - Rockers Records<\/title>\n<meta name=\"robots\" content=\"index, follow, max-snippet:-1, max-image-preview:large, max-video-preview:-1\" \/>\n<link rel=\"canonical\" href=\"https:\/\/rockers.de\/en\/record\/the-spartanics-declined-10-vinyl\/\" \/>\n<meta property=\"og:locale\" content=\"en_US\" \/>\n<meta property=\"og:type\" content=\"article\" \/>\n<meta property=\"og:title\" content=\"The Spartanics-Declined-10&quot; Vinyl - Rockers Records\" \/>\n<meta property=\"og:description\" content=\"Das Leipziger Trio THE SPARTANICS ver\u00f6ffentlicht nach dem erfolgreichen Debutalbum \u201eIt Sounds Spartanic\u201c und intensivem Touren (2018: 85 Konzerte; 2019: 64 Konzerte) jetzt endlich frisches Material auf Vinyl. \u201eDeclined\u201c erscheint als 10\u2018\u2018 bei Rockers Records. Die sieben eing\u00e4ngigen Songs sind vom englischen Punkrock gepr\u00e4gt und haben einen hohem Wiedererkennungswert. Textlich sind THE SPARTANICS nat\u00fcrlich weiterhin k\u00e4mpferisch und klassenbewusst im besten Sinne. \u201eDeclined\u201c ist knackig, frisch, transparent und authentisch. THE SPARTANICS haben etwas zu sagen und sie haben Bock \u2013 und das h\u00f6rt man!\" \/>\n<meta property=\"og:url\" content=\"https:\/\/rockers.de\/en\/record\/the-spartanics-declined-10-vinyl\/\" \/>\n<meta property=\"og:site_name\" content=\"Rockers Records\" \/>\n<meta property=\"article:modified_time\" content=\"2025-12-23T16:22:30+00:00\" \/>\n<meta property=\"og:image\" content=\"https:\/\/rockers.de\/wp-content\/uploads\/2022\/09\/The-Spartanics-Declined-10-Vinyl.jpg\" \/>\n\t<meta property=\"og:image:width\" content=\"1536\" \/>\n\t<meta property=\"og:image:height\" content=\"1536\" \/>\n\t<meta property=\"og:image:type\" content=\"image\/jpeg\" \/>\n<meta name=\"twitter:card\" content=\"summary_large_image\" \/>\n<meta name=\"twitter:label1\" content=\"Est. reading time\" \/>\n\t<meta name=\"twitter:data1\" content=\"1 minute\" \/>\n<script type=\"application\/ld+json\" class=\"yoast-schema-graph\">{\"@context\":\"https:\\\/\\\/schema.org\",\"@graph\":[{\"@type\":\"WebPage\",\"@id\":\"https:\\\/\\\/rockers.de\\\/record\\\/the-spartanics-declined-10-vinyl\\\/\",\"url\":\"https:\\\/\\\/rockers.de\\\/record\\\/the-spartanics-declined-10-vinyl\\\/\",\"name\":\"The Spartanics-Declined-10\\\" Vinyl - Rockers Records\",\"isPartOf\":{\"@id\":\"https:\\\/\\\/rockers.de\\\/#website\"},\"primaryImageOfPage\":{\"@id\":\"https:\\\/\\\/rockers.de\\\/record\\\/the-spartanics-declined-10-vinyl\\\/#primaryimage\"},\"image\":{\"@id\":\"https:\\\/\\\/rockers.de\\\/record\\\/the-spartanics-declined-10-vinyl\\\/#primaryimage\"},\"thumbnailUrl\":\"https:\\\/\\\/rockers.de\\\/wp-content\\\/uploads\\\/2022\\\/09\\\/The-Spartanics-Declined-10-Vinyl.jpg\",\"datePublished\":\"2022-09-03T20:12:59+00:00\",\"dateModified\":\"2025-12-23T16:22:30+00:00\",\"breadcrumb\":{\"@id\":\"https:\\\/\\\/rockers.de\\\/record\\\/the-spartanics-declined-10-vinyl\\\/#breadcrumb\"},\"inLanguage\":\"en-US\",\"potentialAction\":[{\"@type\":\"ReadAction\",\"target\":[\"https:\\\/\\\/rockers.de\\\/record\\\/the-spartanics-declined-10-vinyl\\\/\"]}]},{\"@type\":\"ImageObject\",\"inLanguage\":\"en-US\",\"@id\":\"https:\\\/\\\/rockers.de\\\/record\\\/the-spartanics-declined-10-vinyl\\\/#primaryimage\",\"url\":\"https:\\\/\\\/rockers.de\\\/wp-content\\\/uploads\\\/2022\\\/09\\\/The-Spartanics-Declined-10-Vinyl.jpg\",\"contentUrl\":\"https:\\\/\\\/rockers.de\\\/wp-content\\\/uploads\\\/2022\\\/09\\\/The-Spartanics-Declined-10-Vinyl.jpg\",\"width\":1536,\"height\":1536,\"caption\":\"The Spartanics-Declined-10\\\" Vinyl-01\"},{\"@type\":\"BreadcrumbList\",\"@id\":\"https:\\\/\\\/rockers.de\\\/record\\\/the-spartanics-declined-10-vinyl\\\/#breadcrumb\",\"itemListElement\":[{\"@type\":\"ListItem\",\"position\":1,\"name\":\"Startseite\",\"item\":\"https:\\\/\\\/rockers.de\\\/\"},{\"@type\":\"ListItem\",\"position\":2,\"name\":\"Shop\",\"item\":\"https:\\\/\\\/rockers.de\\\/shop\\\/\"},{\"@type\":\"ListItem\",\"position\":3,\"name\":\"The Spartanics-Declined-10&#8243; Vinyl\"}]},{\"@type\":\"WebSite\",\"@id\":\"https:\\\/\\\/rockers.de\\\/#website\",\"url\":\"https:\\\/\\\/rockers.de\\\/\",\"name\":\"Rockers Records\",\"description\":\"Dein Schallplatten Store in Hannover\",\"publisher\":{\"@id\":\"https:\\\/\\\/rockers.de\\\/#organization\"},\"potentialAction\":[{\"@type\":\"SearchAction\",\"target\":{\"@type\":\"EntryPoint\",\"urlTemplate\":\"https:\\\/\\\/rockers.de\\\/?s={search_term_string}\"},\"query-input\":{\"@type\":\"PropertyValueSpecification\",\"valueRequired\":true,\"valueName\":\"search_term_string\"}}],\"inLanguage\":\"en-US\"},{\"@type\":\"Organization\",\"@id\":\"https:\\\/\\\/rockers.de\\\/#organization\",\"name\":\"Rockers Records\",\"url\":\"https:\\\/\\\/rockers.de\\\/\",\"logo\":{\"@type\":\"ImageObject\",\"inLanguage\":\"en-US\",\"@id\":\"https:\\\/\\\/rockers.de\\\/#\\\/schema\\\/logo\\\/image\\\/\",\"url\":\"https:\\\/\\\/rockers.de\\\/wp-content\\\/uploads\\\/2022\\\/07\\\/Neue-Website-2022.jpg\",\"contentUrl\":\"https:\\\/\\\/rockers.de\\\/wp-content\\\/uploads\\\/2022\\\/07\\\/Neue-Website-2022.jpg\",\"width\":800,\"height\":800,\"caption\":\"Rockers Records\"},\"image\":{\"@id\":\"https:\\\/\\\/rockers.de\\\/#\\\/schema\\\/logo\\\/image\\\/\"}}]}<\/script>\n<!-- \/ Yoast SEO plugin. -->","yoast_head_json":{"title":"The Spartanics-Declined-10\" Vinyl - Rockers Records","robots":{"index":"index","follow":"follow","max-snippet":"max-snippet:-1","max-image-preview":"max-image-preview:large","max-video-preview":"max-video-preview:-1"},"canonical":"https:\/\/rockers.de\/en\/record\/the-spartanics-declined-10-vinyl\/","og_locale":"en_US","og_type":"article","og_title":"The Spartanics-Declined-10\" Vinyl - Rockers Records","og_description":"Das Leipziger Trio THE SPARTANICS ver\u00f6ffentlicht nach dem erfolgreichen Debutalbum \u201eIt Sounds Spartanic\u201c und intensivem Touren (2018: 85 Konzerte; 2019: 64 Konzerte) jetzt endlich frisches Material auf Vinyl. \u201eDeclined\u201c erscheint als 10\u2018\u2018 bei Rockers Records. Die sieben eing\u00e4ngigen Songs sind vom englischen Punkrock gepr\u00e4gt und haben einen hohem Wiedererkennungswert. Textlich sind THE SPARTANICS nat\u00fcrlich weiterhin k\u00e4mpferisch und klassenbewusst im besten Sinne. \u201eDeclined\u201c ist knackig, frisch, transparent und authentisch. THE SPARTANICS haben etwas zu sagen und sie haben Bock \u2013 und das h\u00f6rt man!","og_url":"https:\/\/rockers.de\/en\/record\/the-spartanics-declined-10-vinyl\/","og_site_name":"Rockers Records","article_modified_time":"2025-12-23T16:22:30+00:00","og_image":[{"width":1536,"height":1536,"url":"https:\/\/rockers.de\/wp-content\/uploads\/2022\/09\/The-Spartanics-Declined-10-Vinyl.jpg","type":"image\/jpeg"}],"twitter_card":"summary_large_image","twitter_misc":{"Est. reading time":"1 minute"},"schema":{"@context":"https:\/\/schema.org","@graph":[{"@type":"WebPage","@id":"https:\/\/rockers.de\/record\/the-spartanics-declined-10-vinyl\/","url":"https:\/\/rockers.de\/record\/the-spartanics-declined-10-vinyl\/","name":"The Spartanics-Declined-10\" Vinyl - Rockers Records","isPartOf":{"@id":"https:\/\/rockers.de\/#website"},"primaryImageOfPage":{"@id":"https:\/\/rockers.de\/record\/the-spartanics-declined-10-vinyl\/#primaryimage"},"image":{"@id":"https:\/\/rockers.de\/record\/the-spartanics-declined-10-vinyl\/#primaryimage"},"thumbnailUrl":"https:\/\/rockers.de\/wp-content\/uploads\/2022\/09\/The-Spartanics-Declined-10-Vinyl.jpg","datePublished":"2022-09-03T20:12:59+00:00","dateModified":"2025-12-23T16:22:30+00:00","breadcrumb":{"@id":"https:\/\/rockers.de\/record\/the-spartanics-declined-10-vinyl\/#breadcrumb"},"inLanguage":"en-US","potentialAction":[{"@type":"ReadAction","target":["https:\/\/rockers.de\/record\/the-spartanics-declined-10-vinyl\/"]}]},{"@type":"ImageObject","inLanguage":"en-US","@id":"https:\/\/rockers.de\/record\/the-spartanics-declined-10-vinyl\/#primaryimage","url":"https:\/\/rockers.de\/wp-content\/uploads\/2022\/09\/The-Spartanics-Declined-10-Vinyl.jpg","contentUrl":"https:\/\/rockers.de\/wp-content\/uploads\/2022\/09\/The-Spartanics-Declined-10-Vinyl.jpg","width":1536,"height":1536,"caption":"The Spartanics-Declined-10\" Vinyl-01"},{"@type":"BreadcrumbList","@id":"https:\/\/rockers.de\/record\/the-spartanics-declined-10-vinyl\/#breadcrumb","itemListElement":[{"@type":"ListItem","position":1,"name":"Startseite","item":"https:\/\/rockers.de\/"},{"@type":"ListItem","position":2,"name":"Shop","item":"https:\/\/rockers.de\/shop\/"},{"@type":"ListItem","position":3,"name":"The Spartanics-Declined-10&#8243; Vinyl"}]},{"@type":"WebSite","@id":"https:\/\/rockers.de\/#website","url":"https:\/\/rockers.de\/","name":"Rockers Records","description":"Your record store in Hanover","publisher":{"@id":"https:\/\/rockers.de\/#organization"},"potentialAction":[{"@type":"SearchAction","target":{"@type":"EntryPoint","urlTemplate":"https:\/\/rockers.de\/?s={search_term_string}"},"query-input":{"@type":"PropertyValueSpecification","valueRequired":true,"valueName":"search_term_string"}}],"inLanguage":"en-US"},{"@type":"Organization","@id":"https:\/\/rockers.de\/#organization","name":"Rockers Records","url":"https:\/\/rockers.de\/","logo":{"@type":"ImageObject","inLanguage":"en-US","@id":"https:\/\/rockers.de\/#\/schema\/logo\/image\/","url":"https:\/\/rockers.de\/wp-content\/uploads\/2022\/07\/Neue-Website-2022.jpg","contentUrl":"https:\/\/rockers.de\/wp-content\/uploads\/2022\/07\/Neue-Website-2022.jpg","width":800,"height":800,"caption":"Rockers Records"},"image":{"@id":"https:\/\/rockers.de\/#\/schema\/logo\/image\/"}}]}},"_links":{"self":[{"href":"https:\/\/rockers.de\/en\/wp-json\/wp\/v2\/product\/49437","targetHints":{"allow":["GET"]}}],"collection":[{"href":"https:\/\/rockers.de\/en\/wp-json\/wp\/v2\/product"}],"about":[{"href":"https:\/\/rockers.de\/en\/wp-json\/wp\/v2\/types\/product"}],"wp:featuredmedia":[{"embeddable":true,"href":"https:\/\/rockers.de\/en\/wp-json\/wp\/v2\/media\/49438"}],"wp:attachment":[{"href":"https:\/\/rockers.de\/en\/wp-json\/wp\/v2\/media?parent=49437"}],"wp:term":[{"taxonomy":"product_brand","embeddable":true,"href":"https:\/\/rockers.de\/en\/wp-json\/wp\/v2\/product_brand?post=49437"},{"taxonomy":"product_cat","embeddable":true,"href":"https:\/\/rockers.de\/en\/wp-json\/wp\/v2\/product_cat?post=49437"},{"taxonomy":"product_tag","embeddable":true,"href":"https:\/\/rockers.de\/en\/wp-json\/wp\/v2\/product_tag?post=49437"}],"curies":[{"name":"wp","href":"https:\/\/api.w.org\/{rel}","templated":true}]}}