{"id":49287,"date":"2022-09-03T22:06:05","date_gmt":"2022-09-03T20:06:05","guid":{"rendered":"https:\/\/rockersstore.de\/record\/snob-city-boys-this-sounds-for-us-white-vinyl-lp-vinyl\/"},"modified":"2026-01-11T18:08:30","modified_gmt":"2026-01-11T17:08:30","slug":"snob-city-boys-this-sounds-for-us-white-vinyl-lp-vinyl","status":"publish","type":"product","link":"https:\/\/rockers.de\/en\/record\/snob-city-boys-this-sounds-for-us-white-vinyl-lp-vinyl\/","title":{"rendered":"Snob City Boys-This Sound&#8217;s For Us (White Vinyl)-LP (Vinyl)"},"content":{"rendered":"<p>wei\u00dfes Vinyl &#8211; \u201eThis Sound\u2018s For Us\u201c kommt mit 10 knackigen und k\u00e4mpferischen Punkrocknummern um die Ecke, die sich klar am britischen Oi-Sound der sp\u00e4ten 70er orientieren. Die Truppe um S\u00e4nger Mighty Maik ist seit 2017 unterwegs und beeindruckt durch ihre bemerkenswerte Ausstrahlung. Beim H\u00f6ren der Platte wird klar, warum das Material auch live gut funktioniert &#8211; eing\u00e4ngige Melodien und Singalongs treffen auf klare Botschaften. Textlich positionieren sich die SNOB CITY BOYS ganz eindeutig gegen Ausgrenzung, Kommerzialisierung und Unterdr\u00fcckung. Sie betonen ein positives proletarisches Klassenbewusstsein, wenn sie \u00fcber die Schlacht in der Cable Street singen und liefern mit \u201eRevolution\u201c (dem einzigen deutschsprachigen Song) ein hitverd\u00e4chtiges Muster an Eing\u00e4ngigkeit. 10 Titel, die rotzig, schn\u00f6rkellos und ganz geradeaus mit akkurater Haltung kommen. Klassischer Oi!\/Punk, frisch gezapft und kalt serviert! Das Album wurde f\u00fcr die Vinylver\u00f6ffentlichung remastered, die ersten 300 LPs kommen auf wei\u00dfem Vinyl.<\/p>","protected":false},"excerpt":{"rendered":"<p>wei\u00dfes Vinyl &#8211; \u201eThis Sound\u2018s For Us\u201c kommt mit 10 knackigen und k\u00e4mpferischen Punkrocknummern um die Ecke, die sich klar am britischen Oi-Sound der sp\u00e4ten 70er orientieren. Die Truppe um S\u00e4nger Mighty Maik ist seit 2017 unterwegs und beeindruckt durch ihre bemerkenswerte Ausstrahlung. Beim H\u00f6ren der Platte wird klar, warum das Material auch live gut funktioniert &#8211; eing\u00e4ngige Melodien und Singalongs treffen auf klare Botschaften. Textlich positionieren sich die SNOB CITY BOYS ganz eindeutig gegen Ausgrenzung, Kommerzialisierung und Unterdr\u00fcckung. Sie betonen ein positives proletarisches Klassenbewusstsein, wenn sie \u00fcber die Schlacht in der Cable Street singen und liefern mit \u201eRevolution\u201c (dem einzigen deutschsprachigen Song) ein hitverd\u00e4chtiges Muster an Eing\u00e4ngigkeit. 10 Titel, die rotzig, schn\u00f6rkellos und ganz geradeaus mit akkurater Haltung kommen. Klassischer Oi!\/Punk, frisch gezapft und kalt serviert! Das Album wurde f\u00fcr die Vinylver\u00f6ffentlichung remastered, die ersten 300 LPs kommen auf wei\u00dfem Vinyl.<\/p>","protected":false},"featured_media":49288,"template":"","meta":{"_acf_changed":false},"product_brand":[],"product_cat":[559,538],"product_tag":[],"class_list":{"0":"post-49287","1":"product","2":"type-product","3":"status-publish","4":"has-post-thumbnail","6":"product_cat-oi","7":"product_cat-punk-deutschland","8":"pa_att_artist-snob-city-boys","9":"pa_att_format-lp-vinyl","10":"pa_att_genre-punk-deutschland","11":"pa_att_jahr-231","12":"pa_att_label-rockers-records-3","13":"pa_att_land-germany","15":"first","16":"instock","17":"taxable","18":"shipping-taxable","19":"purchasable","20":"product-type-simple"},"acf":[],"yoast_head":"<!-- This site is optimized with the Yoast SEO plugin v27.3 - https:\/\/yoast.com\/product\/yoast-seo-wordpress\/ -->\n<title>Snob City Boys-This Sound&#039;s For Us (White Vinyl)-LP (Vinyl) - Rockers Records<\/title>\n<meta name=\"robots\" content=\"index, follow, max-snippet:-1, max-image-preview:large, max-video-preview:-1\" \/>\n<link rel=\"canonical\" href=\"https:\/\/rockers.de\/en\/record\/snob-city-boys-this-sounds-for-us-white-vinyl-lp-vinyl\/\" \/>\n<meta property=\"og:locale\" content=\"en_US\" \/>\n<meta property=\"og:type\" content=\"article\" \/>\n<meta property=\"og:title\" content=\"Snob City Boys-This Sound&#039;s For Us (White Vinyl)-LP (Vinyl) - Rockers Records\" \/>\n<meta property=\"og:description\" content=\"wei\u00dfes Vinyl - \u201eThis Sound\u2018s For Us\u201c kommt mit 10 knackigen und k\u00e4mpferischen Punkrocknummern um die Ecke, die sich klar am britischen Oi-Sound der sp\u00e4ten 70er orientieren. Die Truppe um S\u00e4nger Mighty Maik ist seit 2017 unterwegs und beeindruckt durch ihre bemerkenswerte Ausstrahlung. Beim H\u00f6ren der Platte wird klar, warum das Material auch live gut funktioniert - eing\u00e4ngige Melodien und Singalongs treffen auf klare Botschaften. Textlich positionieren sich die SNOB CITY BOYS ganz eindeutig gegen Ausgrenzung, Kommerzialisierung und Unterdr\u00fcckung. Sie betonen ein positives proletarisches Klassenbewusstsein, wenn sie \u00fcber die Schlacht in der Cable Street singen und liefern mit \u201eRevolution\u201c (dem einzigen deutschsprachigen Song) ein hitverd\u00e4chtiges Muster an Eing\u00e4ngigkeit. 10 Titel, die rotzig, schn\u00f6rkellos und ganz geradeaus mit akkurater Haltung kommen. Klassischer Oi!\/Punk, frisch gezapft und kalt serviert! Das Album wurde f\u00fcr die Vinylver\u00f6ffentlichung remastered, die ersten 300 LPs kommen auf wei\u00dfem Vinyl.\" \/>\n<meta property=\"og:url\" content=\"https:\/\/rockers.de\/en\/record\/snob-city-boys-this-sounds-for-us-white-vinyl-lp-vinyl\/\" \/>\n<meta property=\"og:site_name\" content=\"Rockers Records\" \/>\n<meta property=\"article:modified_time\" content=\"2026-01-11T17:08:30+00:00\" \/>\n<meta property=\"og:image\" content=\"https:\/\/rockers.de\/wp-content\/uploads\/2022\/09\/Snob-City-Boys-This-Sounds-For-Us-White-Vinyl-LP-Vinyl.jpg\" \/>\n\t<meta property=\"og:image:width\" content=\"1536\" \/>\n\t<meta property=\"og:image:height\" content=\"1536\" \/>\n\t<meta property=\"og:image:type\" content=\"image\/jpeg\" \/>\n<meta name=\"twitter:card\" content=\"summary_large_image\" \/>\n<meta name=\"twitter:label1\" content=\"Est. reading time\" \/>\n\t<meta name=\"twitter:data1\" content=\"1 minute\" \/>\n<script type=\"application\/ld+json\" class=\"yoast-schema-graph\">{\"@context\":\"https:\\\/\\\/schema.org\",\"@graph\":[{\"@type\":\"WebPage\",\"@id\":\"https:\\\/\\\/rockers.de\\\/record\\\/snob-city-boys-this-sounds-for-us-white-vinyl-lp-vinyl\\\/\",\"url\":\"https:\\\/\\\/rockers.de\\\/record\\\/snob-city-boys-this-sounds-for-us-white-vinyl-lp-vinyl\\\/\",\"name\":\"Snob City Boys-This Sound's For Us (White Vinyl)-LP (Vinyl) - Rockers Records\",\"isPartOf\":{\"@id\":\"https:\\\/\\\/rockers.de\\\/#website\"},\"primaryImageOfPage\":{\"@id\":\"https:\\\/\\\/rockers.de\\\/record\\\/snob-city-boys-this-sounds-for-us-white-vinyl-lp-vinyl\\\/#primaryimage\"},\"image\":{\"@id\":\"https:\\\/\\\/rockers.de\\\/record\\\/snob-city-boys-this-sounds-for-us-white-vinyl-lp-vinyl\\\/#primaryimage\"},\"thumbnailUrl\":\"https:\\\/\\\/rockers.de\\\/wp-content\\\/uploads\\\/2022\\\/09\\\/Snob-City-Boys-This-Sounds-For-Us-White-Vinyl-LP-Vinyl.jpg\",\"datePublished\":\"2022-09-03T20:06:05+00:00\",\"dateModified\":\"2026-01-11T17:08:30+00:00\",\"breadcrumb\":{\"@id\":\"https:\\\/\\\/rockers.de\\\/record\\\/snob-city-boys-this-sounds-for-us-white-vinyl-lp-vinyl\\\/#breadcrumb\"},\"inLanguage\":\"en-US\",\"potentialAction\":[{\"@type\":\"ReadAction\",\"target\":[\"https:\\\/\\\/rockers.de\\\/record\\\/snob-city-boys-this-sounds-for-us-white-vinyl-lp-vinyl\\\/\"]}]},{\"@type\":\"ImageObject\",\"inLanguage\":\"en-US\",\"@id\":\"https:\\\/\\\/rockers.de\\\/record\\\/snob-city-boys-this-sounds-for-us-white-vinyl-lp-vinyl\\\/#primaryimage\",\"url\":\"https:\\\/\\\/rockers.de\\\/wp-content\\\/uploads\\\/2022\\\/09\\\/Snob-City-Boys-This-Sounds-For-Us-White-Vinyl-LP-Vinyl.jpg\",\"contentUrl\":\"https:\\\/\\\/rockers.de\\\/wp-content\\\/uploads\\\/2022\\\/09\\\/Snob-City-Boys-This-Sounds-For-Us-White-Vinyl-LP-Vinyl.jpg\",\"width\":1536,\"height\":1536,\"caption\":\"Snob City Boys-This Sound's For Us (White Vinyl)-LP (Vinyl)-01\"},{\"@type\":\"BreadcrumbList\",\"@id\":\"https:\\\/\\\/rockers.de\\\/record\\\/snob-city-boys-this-sounds-for-us-white-vinyl-lp-vinyl\\\/#breadcrumb\",\"itemListElement\":[{\"@type\":\"ListItem\",\"position\":1,\"name\":\"Startseite\",\"item\":\"https:\\\/\\\/rockers.de\\\/\"},{\"@type\":\"ListItem\",\"position\":2,\"name\":\"Shop\",\"item\":\"https:\\\/\\\/rockers.de\\\/shop\\\/\"},{\"@type\":\"ListItem\",\"position\":3,\"name\":\"Snob City Boys-This Sound&#8217;s For Us (White Vinyl)-LP (Vinyl)\"}]},{\"@type\":\"WebSite\",\"@id\":\"https:\\\/\\\/rockers.de\\\/#website\",\"url\":\"https:\\\/\\\/rockers.de\\\/\",\"name\":\"Rockers Records\",\"description\":\"Dein Schallplatten Store in Hannover\",\"publisher\":{\"@id\":\"https:\\\/\\\/rockers.de\\\/#organization\"},\"potentialAction\":[{\"@type\":\"SearchAction\",\"target\":{\"@type\":\"EntryPoint\",\"urlTemplate\":\"https:\\\/\\\/rockers.de\\\/?s={search_term_string}\"},\"query-input\":{\"@type\":\"PropertyValueSpecification\",\"valueRequired\":true,\"valueName\":\"search_term_string\"}}],\"inLanguage\":\"en-US\"},{\"@type\":\"Organization\",\"@id\":\"https:\\\/\\\/rockers.de\\\/#organization\",\"name\":\"Rockers Records\",\"url\":\"https:\\\/\\\/rockers.de\\\/\",\"logo\":{\"@type\":\"ImageObject\",\"inLanguage\":\"en-US\",\"@id\":\"https:\\\/\\\/rockers.de\\\/#\\\/schema\\\/logo\\\/image\\\/\",\"url\":\"https:\\\/\\\/rockers.de\\\/wp-content\\\/uploads\\\/2022\\\/07\\\/Neue-Website-2022.jpg\",\"contentUrl\":\"https:\\\/\\\/rockers.de\\\/wp-content\\\/uploads\\\/2022\\\/07\\\/Neue-Website-2022.jpg\",\"width\":800,\"height\":800,\"caption\":\"Rockers Records\"},\"image\":{\"@id\":\"https:\\\/\\\/rockers.de\\\/#\\\/schema\\\/logo\\\/image\\\/\"}}]}<\/script>\n<!-- \/ Yoast SEO plugin. -->","yoast_head_json":{"title":"Snob City Boys-This Sound's For Us (White Vinyl)-LP (Vinyl) - Rockers Records","robots":{"index":"index","follow":"follow","max-snippet":"max-snippet:-1","max-image-preview":"max-image-preview:large","max-video-preview":"max-video-preview:-1"},"canonical":"https:\/\/rockers.de\/en\/record\/snob-city-boys-this-sounds-for-us-white-vinyl-lp-vinyl\/","og_locale":"en_US","og_type":"article","og_title":"Snob City Boys-This Sound's For Us (White Vinyl)-LP (Vinyl) - Rockers Records","og_description":"wei\u00dfes Vinyl - \u201eThis Sound\u2018s For Us\u201c kommt mit 10 knackigen und k\u00e4mpferischen Punkrocknummern um die Ecke, die sich klar am britischen Oi-Sound der sp\u00e4ten 70er orientieren. Die Truppe um S\u00e4nger Mighty Maik ist seit 2017 unterwegs und beeindruckt durch ihre bemerkenswerte Ausstrahlung. Beim H\u00f6ren der Platte wird klar, warum das Material auch live gut funktioniert - eing\u00e4ngige Melodien und Singalongs treffen auf klare Botschaften. Textlich positionieren sich die SNOB CITY BOYS ganz eindeutig gegen Ausgrenzung, Kommerzialisierung und Unterdr\u00fcckung. Sie betonen ein positives proletarisches Klassenbewusstsein, wenn sie \u00fcber die Schlacht in der Cable Street singen und liefern mit \u201eRevolution\u201c (dem einzigen deutschsprachigen Song) ein hitverd\u00e4chtiges Muster an Eing\u00e4ngigkeit. 10 Titel, die rotzig, schn\u00f6rkellos und ganz geradeaus mit akkurater Haltung kommen. Klassischer Oi!\/Punk, frisch gezapft und kalt serviert! Das Album wurde f\u00fcr die Vinylver\u00f6ffentlichung remastered, die ersten 300 LPs kommen auf wei\u00dfem Vinyl.","og_url":"https:\/\/rockers.de\/en\/record\/snob-city-boys-this-sounds-for-us-white-vinyl-lp-vinyl\/","og_site_name":"Rockers Records","article_modified_time":"2026-01-11T17:08:30+00:00","og_image":[{"width":1536,"height":1536,"url":"https:\/\/rockers.de\/wp-content\/uploads\/2022\/09\/Snob-City-Boys-This-Sounds-For-Us-White-Vinyl-LP-Vinyl.jpg","type":"image\/jpeg"}],"twitter_card":"summary_large_image","twitter_misc":{"Est. reading time":"1 minute"},"schema":{"@context":"https:\/\/schema.org","@graph":[{"@type":"WebPage","@id":"https:\/\/rockers.de\/record\/snob-city-boys-this-sounds-for-us-white-vinyl-lp-vinyl\/","url":"https:\/\/rockers.de\/record\/snob-city-boys-this-sounds-for-us-white-vinyl-lp-vinyl\/","name":"Snob City Boys-This Sound's For Us (White Vinyl)-LP (Vinyl) - Rockers Records","isPartOf":{"@id":"https:\/\/rockers.de\/#website"},"primaryImageOfPage":{"@id":"https:\/\/rockers.de\/record\/snob-city-boys-this-sounds-for-us-white-vinyl-lp-vinyl\/#primaryimage"},"image":{"@id":"https:\/\/rockers.de\/record\/snob-city-boys-this-sounds-for-us-white-vinyl-lp-vinyl\/#primaryimage"},"thumbnailUrl":"https:\/\/rockers.de\/wp-content\/uploads\/2022\/09\/Snob-City-Boys-This-Sounds-For-Us-White-Vinyl-LP-Vinyl.jpg","datePublished":"2022-09-03T20:06:05+00:00","dateModified":"2026-01-11T17:08:30+00:00","breadcrumb":{"@id":"https:\/\/rockers.de\/record\/snob-city-boys-this-sounds-for-us-white-vinyl-lp-vinyl\/#breadcrumb"},"inLanguage":"en-US","potentialAction":[{"@type":"ReadAction","target":["https:\/\/rockers.de\/record\/snob-city-boys-this-sounds-for-us-white-vinyl-lp-vinyl\/"]}]},{"@type":"ImageObject","inLanguage":"en-US","@id":"https:\/\/rockers.de\/record\/snob-city-boys-this-sounds-for-us-white-vinyl-lp-vinyl\/#primaryimage","url":"https:\/\/rockers.de\/wp-content\/uploads\/2022\/09\/Snob-City-Boys-This-Sounds-For-Us-White-Vinyl-LP-Vinyl.jpg","contentUrl":"https:\/\/rockers.de\/wp-content\/uploads\/2022\/09\/Snob-City-Boys-This-Sounds-For-Us-White-Vinyl-LP-Vinyl.jpg","width":1536,"height":1536,"caption":"Snob City Boys-This Sound's For Us (White Vinyl)-LP (Vinyl)-01"},{"@type":"BreadcrumbList","@id":"https:\/\/rockers.de\/record\/snob-city-boys-this-sounds-for-us-white-vinyl-lp-vinyl\/#breadcrumb","itemListElement":[{"@type":"ListItem","position":1,"name":"Startseite","item":"https:\/\/rockers.de\/"},{"@type":"ListItem","position":2,"name":"Shop","item":"https:\/\/rockers.de\/shop\/"},{"@type":"ListItem","position":3,"name":"Snob City Boys-This Sound&#8217;s For Us (White Vinyl)-LP (Vinyl)"}]},{"@type":"WebSite","@id":"https:\/\/rockers.de\/#website","url":"https:\/\/rockers.de\/","name":"Rockers Records","description":"Your record store in Hanover","publisher":{"@id":"https:\/\/rockers.de\/#organization"},"potentialAction":[{"@type":"SearchAction","target":{"@type":"EntryPoint","urlTemplate":"https:\/\/rockers.de\/?s={search_term_string}"},"query-input":{"@type":"PropertyValueSpecification","valueRequired":true,"valueName":"search_term_string"}}],"inLanguage":"en-US"},{"@type":"Organization","@id":"https:\/\/rockers.de\/#organization","name":"Rockers Records","url":"https:\/\/rockers.de\/","logo":{"@type":"ImageObject","inLanguage":"en-US","@id":"https:\/\/rockers.de\/#\/schema\/logo\/image\/","url":"https:\/\/rockers.de\/wp-content\/uploads\/2022\/07\/Neue-Website-2022.jpg","contentUrl":"https:\/\/rockers.de\/wp-content\/uploads\/2022\/07\/Neue-Website-2022.jpg","width":800,"height":800,"caption":"Rockers Records"},"image":{"@id":"https:\/\/rockers.de\/#\/schema\/logo\/image\/"}}]}},"_links":{"self":[{"href":"https:\/\/rockers.de\/en\/wp-json\/wp\/v2\/product\/49287","targetHints":{"allow":["GET"]}}],"collection":[{"href":"https:\/\/rockers.de\/en\/wp-json\/wp\/v2\/product"}],"about":[{"href":"https:\/\/rockers.de\/en\/wp-json\/wp\/v2\/types\/product"}],"wp:featuredmedia":[{"embeddable":true,"href":"https:\/\/rockers.de\/en\/wp-json\/wp\/v2\/media\/49288"}],"wp:attachment":[{"href":"https:\/\/rockers.de\/en\/wp-json\/wp\/v2\/media?parent=49287"}],"wp:term":[{"taxonomy":"product_brand","embeddable":true,"href":"https:\/\/rockers.de\/en\/wp-json\/wp\/v2\/product_brand?post=49287"},{"taxonomy":"product_cat","embeddable":true,"href":"https:\/\/rockers.de\/en\/wp-json\/wp\/v2\/product_cat?post=49287"},{"taxonomy":"product_tag","embeddable":true,"href":"https:\/\/rockers.de\/en\/wp-json\/wp\/v2\/product_tag?post=49287"}],"curies":[{"name":"wp","href":"https:\/\/api.w.org\/{rel}","templated":true}]}}