{"id":49012,"date":"2022-09-03T21:52:14","date_gmt":"2022-09-03T19:52:14","guid":{"rendered":"https:\/\/rockersstore.de\/record\/oi-of-the-tiger-one-of-us-7-single-vinyl\/"},"modified":"2025-03-27T18:00:44","modified_gmt":"2025-03-27T17:00:44","slug":"oi-of-the-tiger-one-of-us-7-single-vinyl","status":"publish","type":"product","link":"https:\/\/rockers.de\/en\/record\/oi-of-the-tiger-one-of-us-7-single-vinyl\/","title":{"rendered":"Oi! Of The Tiger-One Of Us-7&#8243; Single (Vinyl)"},"content":{"rendered":"<p>Single mit f\u00fcnf unver\u00f6ffentlichten Songs der hannoverschen RASH-Oi!-Band. Der Titeltrack ist den vielen Opfern der faschistischen \u00dcbergriffe der letzten Jahre gewidmet, dazu kommen die Antifascist Action-Hymne &#8222;A.F.A. Skinhead Crew&#8220; sowie &#8222;Making History&#8220;, &#8222;Traitor&#8220; und &#8222;Fire In The Streets&#8220;. Musikalisch wird weiterhin harter klassischer Oi! zum Mitsingen gespielt. Auf 500 St\u00fcck limitierte Erstauflage in orangem Vinyl. Ep with five unreleased tracks by the Hannover RASH\/Oi! band. The title track is dedicated to the many victims of fascist assaults in recent years, plus the Antifascist Action anthem &#8222;A.F.A. Skinhead Crew&#8220; adding &#8222;Making History&#8220;, &#8222;Traitor&#8220; and &#8222;Fire In The Streets&#8220;. Musicwise they&#8217;re still playing hard old school singalong Oi! Limited first edition of 500 copies on orange vinyl.<\/p>","protected":false},"excerpt":{"rendered":"<p>Single mit f\u00fcnf unver\u00f6ffentlichten Songs der hannoverschen RASH-Oi!-Band. Der Titeltrack ist den vielen Opfern der faschistischen \u00dcbergriffe der letzten Jahre gewidmet, dazu kommen die Antifascist Action-Hymne &#8222;A.F.A. Skinhead Crew&#8220; sowie &#8222;Making History&#8220;, &#8222;Traitor&#8220; und &#8222;Fire In The Streets&#8220;. Musikalisch wird weiterhin harter klassischer Oi! zum Mitsingen gespielt. Auf 500 St\u00fcck limitierte Erstauflage in orangem Vinyl. Ep with five unreleased tracks by the Hannover RASH\/Oi! band. The title track is dedicated to the many victims of fascist assaults in recent years, plus the Antifascist Action anthem &#8222;A.F.A. Skinhead Crew&#8220; adding &#8222;Making History&#8220;, &#8222;Traitor&#8220; and &#8222;Fire In The Streets&#8220;. Musicwise they&#8217;re still playing hard old school singalong Oi! Limited first edition of 500 copies on orange vinyl.<\/p>","protected":false},"featured_media":49013,"template":"","meta":{"_acf_changed":false},"product_brand":[],"product_cat":[559,538],"product_tag":[],"class_list":{"0":"post-49012","1":"product","2":"type-product","3":"status-publish","4":"has-post-thumbnail","6":"product_cat-oi","7":"product_cat-punk-deutschland","8":"pa_att_artist-oi-of-the-tiger","9":"pa_att_format-7-single-vinyl","10":"pa_att_genre-punk-deutschland","11":"pa_att_jahr-365","12":"pa_att_label-rockers-records-3","13":"pa_att_land-germany","15":"first","16":"instock","17":"taxable","18":"shipping-taxable","19":"purchasable","20":"product-type-simple"},"acf":[],"yoast_head":"<!-- This site is optimized with the Yoast SEO plugin v27.3 - https:\/\/yoast.com\/product\/yoast-seo-wordpress\/ -->\n<title>Oi! Of The Tiger-One Of Us-7&quot; Single (Vinyl) - Rockers Records<\/title>\n<meta name=\"robots\" content=\"index, follow, max-snippet:-1, max-image-preview:large, max-video-preview:-1\" \/>\n<link rel=\"canonical\" href=\"https:\/\/rockers.de\/en\/record\/oi-of-the-tiger-one-of-us-7-single-vinyl\/\" \/>\n<meta property=\"og:locale\" content=\"en_US\" \/>\n<meta property=\"og:type\" content=\"article\" \/>\n<meta property=\"og:title\" content=\"Oi! Of The Tiger-One Of Us-7&quot; Single (Vinyl) - Rockers Records\" \/>\n<meta property=\"og:description\" content=\"Single mit f\u00fcnf unver\u00f6ffentlichten Songs der hannoverschen RASH-Oi!-Band. Der Titeltrack ist den vielen Opfern der faschistischen \u00dcbergriffe der letzten Jahre gewidmet, dazu kommen die Antifascist Action-Hymne &quot;A.F.A. Skinhead Crew&quot; sowie &quot;Making History&quot;, &quot;Traitor&quot; und &quot;Fire In The Streets&quot;. Musikalisch wird weiterhin harter klassischer Oi! zum Mitsingen gespielt. Auf 500 St\u00fcck limitierte Erstauflage in orangem Vinyl. Ep with five unreleased tracks by the Hannover RASH\/Oi! band. The title track is dedicated to the many victims of fascist assaults in recent years, plus the Antifascist Action anthem &quot;A.F.A. Skinhead Crew&quot; adding &quot;Making History&quot;, &quot;Traitor&quot; and &quot;Fire In The Streets&quot;. Musicwise they&#039;re still playing hard old school singalong Oi! Limited first edition of 500 copies on orange vinyl.\" \/>\n<meta property=\"og:url\" content=\"https:\/\/rockers.de\/en\/record\/oi-of-the-tiger-one-of-us-7-single-vinyl\/\" \/>\n<meta property=\"og:site_name\" content=\"Rockers Records\" \/>\n<meta property=\"article:modified_time\" content=\"2025-03-27T17:00:44+00:00\" \/>\n<meta property=\"og:image\" content=\"https:\/\/rockers.de\/wp-content\/uploads\/2022\/09\/Oi-Of-The-Tiger-One-Of-Us-7-Single-Vinyl.jpg\" \/>\n\t<meta property=\"og:image:width\" content=\"1536\" \/>\n\t<meta property=\"og:image:height\" content=\"1527\" \/>\n\t<meta property=\"og:image:type\" content=\"image\/jpeg\" \/>\n<meta name=\"twitter:card\" content=\"summary_large_image\" \/>\n<meta name=\"twitter:label1\" content=\"Est. reading time\" \/>\n\t<meta name=\"twitter:data1\" content=\"1 minute\" \/>\n<script type=\"application\/ld+json\" class=\"yoast-schema-graph\">{\"@context\":\"https:\\\/\\\/schema.org\",\"@graph\":[{\"@type\":\"WebPage\",\"@id\":\"https:\\\/\\\/rockers.de\\\/record\\\/oi-of-the-tiger-one-of-us-7-single-vinyl\\\/\",\"url\":\"https:\\\/\\\/rockers.de\\\/record\\\/oi-of-the-tiger-one-of-us-7-single-vinyl\\\/\",\"name\":\"Oi! Of The Tiger-One Of Us-7\\\" Single (Vinyl) - Rockers Records\",\"isPartOf\":{\"@id\":\"https:\\\/\\\/rockers.de\\\/#website\"},\"primaryImageOfPage\":{\"@id\":\"https:\\\/\\\/rockers.de\\\/record\\\/oi-of-the-tiger-one-of-us-7-single-vinyl\\\/#primaryimage\"},\"image\":{\"@id\":\"https:\\\/\\\/rockers.de\\\/record\\\/oi-of-the-tiger-one-of-us-7-single-vinyl\\\/#primaryimage\"},\"thumbnailUrl\":\"https:\\\/\\\/rockers.de\\\/wp-content\\\/uploads\\\/2022\\\/09\\\/Oi-Of-The-Tiger-One-Of-Us-7-Single-Vinyl.jpg\",\"datePublished\":\"2022-09-03T19:52:14+00:00\",\"dateModified\":\"2025-03-27T17:00:44+00:00\",\"breadcrumb\":{\"@id\":\"https:\\\/\\\/rockers.de\\\/record\\\/oi-of-the-tiger-one-of-us-7-single-vinyl\\\/#breadcrumb\"},\"inLanguage\":\"en-US\",\"potentialAction\":[{\"@type\":\"ReadAction\",\"target\":[\"https:\\\/\\\/rockers.de\\\/record\\\/oi-of-the-tiger-one-of-us-7-single-vinyl\\\/\"]}]},{\"@type\":\"ImageObject\",\"inLanguage\":\"en-US\",\"@id\":\"https:\\\/\\\/rockers.de\\\/record\\\/oi-of-the-tiger-one-of-us-7-single-vinyl\\\/#primaryimage\",\"url\":\"https:\\\/\\\/rockers.de\\\/wp-content\\\/uploads\\\/2022\\\/09\\\/Oi-Of-The-Tiger-One-Of-Us-7-Single-Vinyl.jpg\",\"contentUrl\":\"https:\\\/\\\/rockers.de\\\/wp-content\\\/uploads\\\/2022\\\/09\\\/Oi-Of-The-Tiger-One-Of-Us-7-Single-Vinyl.jpg\",\"width\":1536,\"height\":1527,\"caption\":\"Oi! Of The Tiger-One Of Us-7\\\" Single (Vinyl)-01\"},{\"@type\":\"BreadcrumbList\",\"@id\":\"https:\\\/\\\/rockers.de\\\/record\\\/oi-of-the-tiger-one-of-us-7-single-vinyl\\\/#breadcrumb\",\"itemListElement\":[{\"@type\":\"ListItem\",\"position\":1,\"name\":\"Startseite\",\"item\":\"https:\\\/\\\/rockers.de\\\/\"},{\"@type\":\"ListItem\",\"position\":2,\"name\":\"Shop\",\"item\":\"https:\\\/\\\/rockers.de\\\/shop\\\/\"},{\"@type\":\"ListItem\",\"position\":3,\"name\":\"Oi! Of The Tiger-One Of Us-7&#8243; Single (Vinyl)\"}]},{\"@type\":\"WebSite\",\"@id\":\"https:\\\/\\\/rockers.de\\\/#website\",\"url\":\"https:\\\/\\\/rockers.de\\\/\",\"name\":\"Rockers Records\",\"description\":\"Dein Schallplatten Store in Hannover\",\"publisher\":{\"@id\":\"https:\\\/\\\/rockers.de\\\/#organization\"},\"potentialAction\":[{\"@type\":\"SearchAction\",\"target\":{\"@type\":\"EntryPoint\",\"urlTemplate\":\"https:\\\/\\\/rockers.de\\\/?s={search_term_string}\"},\"query-input\":{\"@type\":\"PropertyValueSpecification\",\"valueRequired\":true,\"valueName\":\"search_term_string\"}}],\"inLanguage\":\"en-US\"},{\"@type\":\"Organization\",\"@id\":\"https:\\\/\\\/rockers.de\\\/#organization\",\"name\":\"Rockers Records\",\"url\":\"https:\\\/\\\/rockers.de\\\/\",\"logo\":{\"@type\":\"ImageObject\",\"inLanguage\":\"en-US\",\"@id\":\"https:\\\/\\\/rockers.de\\\/#\\\/schema\\\/logo\\\/image\\\/\",\"url\":\"https:\\\/\\\/rockers.de\\\/wp-content\\\/uploads\\\/2022\\\/07\\\/Neue-Website-2022.jpg\",\"contentUrl\":\"https:\\\/\\\/rockers.de\\\/wp-content\\\/uploads\\\/2022\\\/07\\\/Neue-Website-2022.jpg\",\"width\":800,\"height\":800,\"caption\":\"Rockers Records\"},\"image\":{\"@id\":\"https:\\\/\\\/rockers.de\\\/#\\\/schema\\\/logo\\\/image\\\/\"}}]}<\/script>\n<!-- \/ Yoast SEO plugin. -->","yoast_head_json":{"title":"Oi! Of The Tiger-One Of Us-7\" Single (Vinyl) - Rockers Records","robots":{"index":"index","follow":"follow","max-snippet":"max-snippet:-1","max-image-preview":"max-image-preview:large","max-video-preview":"max-video-preview:-1"},"canonical":"https:\/\/rockers.de\/en\/record\/oi-of-the-tiger-one-of-us-7-single-vinyl\/","og_locale":"en_US","og_type":"article","og_title":"Oi! Of The Tiger-One Of Us-7\" Single (Vinyl) - Rockers Records","og_description":"Single mit f\u00fcnf unver\u00f6ffentlichten Songs der hannoverschen RASH-Oi!-Band. Der Titeltrack ist den vielen Opfern der faschistischen \u00dcbergriffe der letzten Jahre gewidmet, dazu kommen die Antifascist Action-Hymne \"A.F.A. Skinhead Crew\" sowie \"Making History\", \"Traitor\" und \"Fire In The Streets\". Musikalisch wird weiterhin harter klassischer Oi! zum Mitsingen gespielt. Auf 500 St\u00fcck limitierte Erstauflage in orangem Vinyl. Ep with five unreleased tracks by the Hannover RASH\/Oi! band. The title track is dedicated to the many victims of fascist assaults in recent years, plus the Antifascist Action anthem \"A.F.A. Skinhead Crew\" adding \"Making History\", \"Traitor\" and \"Fire In The Streets\". Musicwise they're still playing hard old school singalong Oi! Limited first edition of 500 copies on orange vinyl.","og_url":"https:\/\/rockers.de\/en\/record\/oi-of-the-tiger-one-of-us-7-single-vinyl\/","og_site_name":"Rockers Records","article_modified_time":"2025-03-27T17:00:44+00:00","og_image":[{"width":1536,"height":1527,"url":"https:\/\/rockers.de\/wp-content\/uploads\/2022\/09\/Oi-Of-The-Tiger-One-Of-Us-7-Single-Vinyl.jpg","type":"image\/jpeg"}],"twitter_card":"summary_large_image","twitter_misc":{"Est. reading time":"1 minute"},"schema":{"@context":"https:\/\/schema.org","@graph":[{"@type":"WebPage","@id":"https:\/\/rockers.de\/record\/oi-of-the-tiger-one-of-us-7-single-vinyl\/","url":"https:\/\/rockers.de\/record\/oi-of-the-tiger-one-of-us-7-single-vinyl\/","name":"Oi! Of The Tiger-One Of Us-7\" Single (Vinyl) - Rockers Records","isPartOf":{"@id":"https:\/\/rockers.de\/#website"},"primaryImageOfPage":{"@id":"https:\/\/rockers.de\/record\/oi-of-the-tiger-one-of-us-7-single-vinyl\/#primaryimage"},"image":{"@id":"https:\/\/rockers.de\/record\/oi-of-the-tiger-one-of-us-7-single-vinyl\/#primaryimage"},"thumbnailUrl":"https:\/\/rockers.de\/wp-content\/uploads\/2022\/09\/Oi-Of-The-Tiger-One-Of-Us-7-Single-Vinyl.jpg","datePublished":"2022-09-03T19:52:14+00:00","dateModified":"2025-03-27T17:00:44+00:00","breadcrumb":{"@id":"https:\/\/rockers.de\/record\/oi-of-the-tiger-one-of-us-7-single-vinyl\/#breadcrumb"},"inLanguage":"en-US","potentialAction":[{"@type":"ReadAction","target":["https:\/\/rockers.de\/record\/oi-of-the-tiger-one-of-us-7-single-vinyl\/"]}]},{"@type":"ImageObject","inLanguage":"en-US","@id":"https:\/\/rockers.de\/record\/oi-of-the-tiger-one-of-us-7-single-vinyl\/#primaryimage","url":"https:\/\/rockers.de\/wp-content\/uploads\/2022\/09\/Oi-Of-The-Tiger-One-Of-Us-7-Single-Vinyl.jpg","contentUrl":"https:\/\/rockers.de\/wp-content\/uploads\/2022\/09\/Oi-Of-The-Tiger-One-Of-Us-7-Single-Vinyl.jpg","width":1536,"height":1527,"caption":"Oi! Of The Tiger-One Of Us-7\" Single (Vinyl)-01"},{"@type":"BreadcrumbList","@id":"https:\/\/rockers.de\/record\/oi-of-the-tiger-one-of-us-7-single-vinyl\/#breadcrumb","itemListElement":[{"@type":"ListItem","position":1,"name":"Startseite","item":"https:\/\/rockers.de\/"},{"@type":"ListItem","position":2,"name":"Shop","item":"https:\/\/rockers.de\/shop\/"},{"@type":"ListItem","position":3,"name":"Oi! Of The Tiger-One Of Us-7&#8243; Single (Vinyl)"}]},{"@type":"WebSite","@id":"https:\/\/rockers.de\/#website","url":"https:\/\/rockers.de\/","name":"Rockers Records","description":"Your record store in Hanover","publisher":{"@id":"https:\/\/rockers.de\/#organization"},"potentialAction":[{"@type":"SearchAction","target":{"@type":"EntryPoint","urlTemplate":"https:\/\/rockers.de\/?s={search_term_string}"},"query-input":{"@type":"PropertyValueSpecification","valueRequired":true,"valueName":"search_term_string"}}],"inLanguage":"en-US"},{"@type":"Organization","@id":"https:\/\/rockers.de\/#organization","name":"Rockers Records","url":"https:\/\/rockers.de\/","logo":{"@type":"ImageObject","inLanguage":"en-US","@id":"https:\/\/rockers.de\/#\/schema\/logo\/image\/","url":"https:\/\/rockers.de\/wp-content\/uploads\/2022\/07\/Neue-Website-2022.jpg","contentUrl":"https:\/\/rockers.de\/wp-content\/uploads\/2022\/07\/Neue-Website-2022.jpg","width":800,"height":800,"caption":"Rockers Records"},"image":{"@id":"https:\/\/rockers.de\/#\/schema\/logo\/image\/"}}]}},"_links":{"self":[{"href":"https:\/\/rockers.de\/en\/wp-json\/wp\/v2\/product\/49012","targetHints":{"allow":["GET"]}}],"collection":[{"href":"https:\/\/rockers.de\/en\/wp-json\/wp\/v2\/product"}],"about":[{"href":"https:\/\/rockers.de\/en\/wp-json\/wp\/v2\/types\/product"}],"wp:featuredmedia":[{"embeddable":true,"href":"https:\/\/rockers.de\/en\/wp-json\/wp\/v2\/media\/49013"}],"wp:attachment":[{"href":"https:\/\/rockers.de\/en\/wp-json\/wp\/v2\/media?parent=49012"}],"wp:term":[{"taxonomy":"product_brand","embeddable":true,"href":"https:\/\/rockers.de\/en\/wp-json\/wp\/v2\/product_brand?post=49012"},{"taxonomy":"product_cat","embeddable":true,"href":"https:\/\/rockers.de\/en\/wp-json\/wp\/v2\/product_cat?post=49012"},{"taxonomy":"product_tag","embeddable":true,"href":"https:\/\/rockers.de\/en\/wp-json\/wp\/v2\/product_tag?post=49012"}],"curies":[{"name":"wp","href":"https:\/\/api.w.org\/{rel}","templated":true}]}}