{"id":48835,"date":"2022-09-03T21:43:44","date_gmt":"2022-09-03T19:43:44","guid":{"rendered":"https:\/\/rockersstore.de\/record\/kettenfett-raumpatrouille-kettenfett-lp-vinyl-2\/"},"modified":"2025-08-13T16:23:41","modified_gmt":"2025-08-13T14:23:41","slug":"kettenfett-raumpatrouille-kettenfett-lp-vinyl-2","status":"publish","type":"product","link":"https:\/\/rockers.de\/en\/record\/kettenfett-raumpatrouille-kettenfett-lp-vinyl-2\/","title":{"rendered":"Kettenfett-Raumpatrouille Kettenfett-LP (Vinyl)"},"content":{"rendered":"<p>Limitiert auf gelbem Vinyl (200 St\u00fcck), mit dem kompletten Album auf Bonus CD. Wer h\u00e4tte gedacht, dass sturer fast schon stoisch zu nennender Stoner Rock gepaart mit einem Schuss k\u00fchler 80er Attit\u00fcde und einer ordentlichen Kelle aggressiven Deutschpunks eine derartig explosive Mischung ergeben w\u00fcrde? Hier wird geackert und gepr\u00fcgelt, dass die Schwarte kracht. Trotzdem verbreiten Songs wie \u201eKalle\u201c eine schwingende Leichtigkeit, die dem H\u00f6rer ein L\u00e4cheln ins Gesicht zaubert. Auch textlich wird hier kein Einheitsbrei aus Parolen, Selbstmitleid, Kalenderspr\u00fcchen oder anderem folkloristischen Kitsch serviert. Kettenfett klingt bissig und ist dabei wohltuend ironisch und b\u00f6sartig.<\/p>","protected":false},"excerpt":{"rendered":"<p>Limitiert auf gelbem Vinyl (200 St\u00fcck), mit dem kompletten Album auf Bonus CD. Wer h\u00e4tte gedacht, dass sturer fast schon stoisch zu nennender Stoner Rock gepaart mit einem Schuss k\u00fchler 80er Attit\u00fcde und einer ordentlichen Kelle aggressiven Deutschpunks eine derartig explosive Mischung ergeben w\u00fcrde? Hier wird geackert und gepr\u00fcgelt, dass die Schwarte kracht. Trotzdem verbreiten Songs wie \u201eKalle\u201c eine schwingende Leichtigkeit, die dem H\u00f6rer ein L\u00e4cheln ins Gesicht zaubert. Auch textlich wird hier kein Einheitsbrei aus Parolen, Selbstmitleid, Kalenderspr\u00fcchen oder anderem folkloristischen Kitsch serviert. Kettenfett klingt bissig und ist dabei wohltuend ironisch und b\u00f6sartig.<\/p>","protected":false},"featured_media":77734,"template":"","meta":{"_acf_changed":false},"product_brand":[],"product_cat":[150,658,538],"product_tag":[],"class_list":{"0":"post-48835","1":"product","2":"type-product","3":"status-publish","4":"has-post-thumbnail","6":"product_cat-alternative-rock","7":"product_cat-hard-rock","8":"product_cat-punk-deutschland","9":"pa_att_artist-kettenfett","10":"pa_att_format-lp-vinyl","11":"pa_att_genre-punk-deutschland","12":"pa_att_jahr-137","13":"pa_att_label-rockers-records-3","14":"pa_att_land-germany","16":"first","17":"instock","18":"taxable","19":"shipping-taxable","20":"purchasable","21":"product-type-simple"},"acf":[],"yoast_head":"<!-- This site is optimized with the Yoast SEO plugin v27.3 - https:\/\/yoast.com\/product\/yoast-seo-wordpress\/ -->\n<title>Kettenfett-Raumpatrouille Kettenfett-LP (Vinyl) - Rockers Records<\/title>\n<meta name=\"robots\" content=\"index, follow, max-snippet:-1, max-image-preview:large, max-video-preview:-1\" \/>\n<link rel=\"canonical\" href=\"https:\/\/rockers.de\/en\/record\/kettenfett-raumpatrouille-kettenfett-lp-vinyl-2\/\" \/>\n<meta property=\"og:locale\" content=\"en_US\" \/>\n<meta property=\"og:type\" content=\"article\" \/>\n<meta property=\"og:title\" content=\"Kettenfett-Raumpatrouille Kettenfett-LP (Vinyl) - Rockers Records\" \/>\n<meta property=\"og:description\" content=\"Limitiert auf gelbem Vinyl (200 St\u00fcck), mit dem kompletten Album auf Bonus CD. Wer h\u00e4tte gedacht, dass sturer fast schon stoisch zu nennender Stoner Rock gepaart mit einem Schuss k\u00fchler 80er Attit\u00fcde und einer ordentlichen Kelle aggressiven Deutschpunks eine derartig explosive Mischung ergeben w\u00fcrde? Hier wird geackert und gepr\u00fcgelt, dass die Schwarte kracht. Trotzdem verbreiten Songs wie \u201eKalle\u201c eine schwingende Leichtigkeit, die dem H\u00f6rer ein L\u00e4cheln ins Gesicht zaubert. Auch textlich wird hier kein Einheitsbrei aus Parolen, Selbstmitleid, Kalenderspr\u00fcchen oder anderem folkloristischen Kitsch serviert. Kettenfett klingt bissig und ist dabei wohltuend ironisch und b\u00f6sartig.\" \/>\n<meta property=\"og:url\" content=\"https:\/\/rockers.de\/en\/record\/kettenfett-raumpatrouille-kettenfett-lp-vinyl-2\/\" \/>\n<meta property=\"og:site_name\" content=\"Rockers Records\" \/>\n<meta property=\"article:modified_time\" content=\"2025-08-13T14:23:41+00:00\" \/>\n<meta property=\"og:image\" content=\"https:\/\/rockers.de\/wp-content\/uploads\/2022\/11\/Kettenfett-Raumpatrouille-Kettenfett-LP-Vinyl.webp\" \/>\n\t<meta property=\"og:image:width\" content=\"1536\" \/>\n\t<meta property=\"og:image:height\" content=\"1536\" \/>\n\t<meta property=\"og:image:type\" content=\"image\/webp\" \/>\n<meta name=\"twitter:card\" content=\"summary_large_image\" \/>\n<meta name=\"twitter:label1\" content=\"Est. reading time\" \/>\n\t<meta name=\"twitter:data1\" content=\"1 minute\" \/>\n<script type=\"application\/ld+json\" class=\"yoast-schema-graph\">{\"@context\":\"https:\\\/\\\/schema.org\",\"@graph\":[{\"@type\":\"WebPage\",\"@id\":\"https:\\\/\\\/rockers.de\\\/record\\\/kettenfett-raumpatrouille-kettenfett-lp-vinyl-2\\\/\",\"url\":\"https:\\\/\\\/rockers.de\\\/record\\\/kettenfett-raumpatrouille-kettenfett-lp-vinyl-2\\\/\",\"name\":\"Kettenfett-Raumpatrouille Kettenfett-LP (Vinyl) - Rockers Records\",\"isPartOf\":{\"@id\":\"https:\\\/\\\/rockers.de\\\/#website\"},\"primaryImageOfPage\":{\"@id\":\"https:\\\/\\\/rockers.de\\\/record\\\/kettenfett-raumpatrouille-kettenfett-lp-vinyl-2\\\/#primaryimage\"},\"image\":{\"@id\":\"https:\\\/\\\/rockers.de\\\/record\\\/kettenfett-raumpatrouille-kettenfett-lp-vinyl-2\\\/#primaryimage\"},\"thumbnailUrl\":\"https:\\\/\\\/rockers.de\\\/wp-content\\\/uploads\\\/2022\\\/11\\\/Kettenfett-Raumpatrouille-Kettenfett-LP-Vinyl.webp\",\"datePublished\":\"2022-09-03T19:43:44+00:00\",\"dateModified\":\"2025-08-13T14:23:41+00:00\",\"breadcrumb\":{\"@id\":\"https:\\\/\\\/rockers.de\\\/record\\\/kettenfett-raumpatrouille-kettenfett-lp-vinyl-2\\\/#breadcrumb\"},\"inLanguage\":\"en-US\",\"potentialAction\":[{\"@type\":\"ReadAction\",\"target\":[\"https:\\\/\\\/rockers.de\\\/record\\\/kettenfett-raumpatrouille-kettenfett-lp-vinyl-2\\\/\"]}]},{\"@type\":\"ImageObject\",\"inLanguage\":\"en-US\",\"@id\":\"https:\\\/\\\/rockers.de\\\/record\\\/kettenfett-raumpatrouille-kettenfett-lp-vinyl-2\\\/#primaryimage\",\"url\":\"https:\\\/\\\/rockers.de\\\/wp-content\\\/uploads\\\/2022\\\/11\\\/Kettenfett-Raumpatrouille-Kettenfett-LP-Vinyl.webp\",\"contentUrl\":\"https:\\\/\\\/rockers.de\\\/wp-content\\\/uploads\\\/2022\\\/11\\\/Kettenfett-Raumpatrouille-Kettenfett-LP-Vinyl.webp\",\"width\":1536,\"height\":1536,\"caption\":\"Kettenfett-Raumpatrouille Kettenfett-LP (Vinyl)-1\"},{\"@type\":\"BreadcrumbList\",\"@id\":\"https:\\\/\\\/rockers.de\\\/record\\\/kettenfett-raumpatrouille-kettenfett-lp-vinyl-2\\\/#breadcrumb\",\"itemListElement\":[{\"@type\":\"ListItem\",\"position\":1,\"name\":\"Startseite\",\"item\":\"https:\\\/\\\/rockers.de\\\/\"},{\"@type\":\"ListItem\",\"position\":2,\"name\":\"Shop\",\"item\":\"https:\\\/\\\/rockers.de\\\/shop\\\/\"},{\"@type\":\"ListItem\",\"position\":3,\"name\":\"Kettenfett-Raumpatrouille Kettenfett-LP (Vinyl)\"}]},{\"@type\":\"WebSite\",\"@id\":\"https:\\\/\\\/rockers.de\\\/#website\",\"url\":\"https:\\\/\\\/rockers.de\\\/\",\"name\":\"Rockers Records\",\"description\":\"Dein Schallplatten Store in Hannover\",\"publisher\":{\"@id\":\"https:\\\/\\\/rockers.de\\\/#organization\"},\"potentialAction\":[{\"@type\":\"SearchAction\",\"target\":{\"@type\":\"EntryPoint\",\"urlTemplate\":\"https:\\\/\\\/rockers.de\\\/?s={search_term_string}\"},\"query-input\":{\"@type\":\"PropertyValueSpecification\",\"valueRequired\":true,\"valueName\":\"search_term_string\"}}],\"inLanguage\":\"en-US\"},{\"@type\":\"Organization\",\"@id\":\"https:\\\/\\\/rockers.de\\\/#organization\",\"name\":\"Rockers Records\",\"url\":\"https:\\\/\\\/rockers.de\\\/\",\"logo\":{\"@type\":\"ImageObject\",\"inLanguage\":\"en-US\",\"@id\":\"https:\\\/\\\/rockers.de\\\/#\\\/schema\\\/logo\\\/image\\\/\",\"url\":\"https:\\\/\\\/rockers.de\\\/wp-content\\\/uploads\\\/2022\\\/07\\\/Neue-Website-2022.jpg\",\"contentUrl\":\"https:\\\/\\\/rockers.de\\\/wp-content\\\/uploads\\\/2022\\\/07\\\/Neue-Website-2022.jpg\",\"width\":800,\"height\":800,\"caption\":\"Rockers Records\"},\"image\":{\"@id\":\"https:\\\/\\\/rockers.de\\\/#\\\/schema\\\/logo\\\/image\\\/\"}}]}<\/script>\n<!-- \/ Yoast SEO plugin. -->","yoast_head_json":{"title":"Kettenfett-Raumpatrouille Kettenfett-LP (Vinyl) - Rockers Records","robots":{"index":"index","follow":"follow","max-snippet":"max-snippet:-1","max-image-preview":"max-image-preview:large","max-video-preview":"max-video-preview:-1"},"canonical":"https:\/\/rockers.de\/en\/record\/kettenfett-raumpatrouille-kettenfett-lp-vinyl-2\/","og_locale":"en_US","og_type":"article","og_title":"Kettenfett-Raumpatrouille Kettenfett-LP (Vinyl) - Rockers Records","og_description":"Limitiert auf gelbem Vinyl (200 St\u00fcck), mit dem kompletten Album auf Bonus CD. Wer h\u00e4tte gedacht, dass sturer fast schon stoisch zu nennender Stoner Rock gepaart mit einem Schuss k\u00fchler 80er Attit\u00fcde und einer ordentlichen Kelle aggressiven Deutschpunks eine derartig explosive Mischung ergeben w\u00fcrde? Hier wird geackert und gepr\u00fcgelt, dass die Schwarte kracht. Trotzdem verbreiten Songs wie \u201eKalle\u201c eine schwingende Leichtigkeit, die dem H\u00f6rer ein L\u00e4cheln ins Gesicht zaubert. Auch textlich wird hier kein Einheitsbrei aus Parolen, Selbstmitleid, Kalenderspr\u00fcchen oder anderem folkloristischen Kitsch serviert. Kettenfett klingt bissig und ist dabei wohltuend ironisch und b\u00f6sartig.","og_url":"https:\/\/rockers.de\/en\/record\/kettenfett-raumpatrouille-kettenfett-lp-vinyl-2\/","og_site_name":"Rockers Records","article_modified_time":"2025-08-13T14:23:41+00:00","og_image":[{"width":1536,"height":1536,"url":"https:\/\/rockers.de\/wp-content\/uploads\/2022\/11\/Kettenfett-Raumpatrouille-Kettenfett-LP-Vinyl.webp","type":"image\/webp"}],"twitter_card":"summary_large_image","twitter_misc":{"Est. reading time":"1 minute"},"schema":{"@context":"https:\/\/schema.org","@graph":[{"@type":"WebPage","@id":"https:\/\/rockers.de\/record\/kettenfett-raumpatrouille-kettenfett-lp-vinyl-2\/","url":"https:\/\/rockers.de\/record\/kettenfett-raumpatrouille-kettenfett-lp-vinyl-2\/","name":"Kettenfett-Raumpatrouille Kettenfett-LP (Vinyl) - Rockers Records","isPartOf":{"@id":"https:\/\/rockers.de\/#website"},"primaryImageOfPage":{"@id":"https:\/\/rockers.de\/record\/kettenfett-raumpatrouille-kettenfett-lp-vinyl-2\/#primaryimage"},"image":{"@id":"https:\/\/rockers.de\/record\/kettenfett-raumpatrouille-kettenfett-lp-vinyl-2\/#primaryimage"},"thumbnailUrl":"https:\/\/rockers.de\/wp-content\/uploads\/2022\/11\/Kettenfett-Raumpatrouille-Kettenfett-LP-Vinyl.webp","datePublished":"2022-09-03T19:43:44+00:00","dateModified":"2025-08-13T14:23:41+00:00","breadcrumb":{"@id":"https:\/\/rockers.de\/record\/kettenfett-raumpatrouille-kettenfett-lp-vinyl-2\/#breadcrumb"},"inLanguage":"en-US","potentialAction":[{"@type":"ReadAction","target":["https:\/\/rockers.de\/record\/kettenfett-raumpatrouille-kettenfett-lp-vinyl-2\/"]}]},{"@type":"ImageObject","inLanguage":"en-US","@id":"https:\/\/rockers.de\/record\/kettenfett-raumpatrouille-kettenfett-lp-vinyl-2\/#primaryimage","url":"https:\/\/rockers.de\/wp-content\/uploads\/2022\/11\/Kettenfett-Raumpatrouille-Kettenfett-LP-Vinyl.webp","contentUrl":"https:\/\/rockers.de\/wp-content\/uploads\/2022\/11\/Kettenfett-Raumpatrouille-Kettenfett-LP-Vinyl.webp","width":1536,"height":1536,"caption":"Kettenfett-Raumpatrouille Kettenfett-LP (Vinyl)-1"},{"@type":"BreadcrumbList","@id":"https:\/\/rockers.de\/record\/kettenfett-raumpatrouille-kettenfett-lp-vinyl-2\/#breadcrumb","itemListElement":[{"@type":"ListItem","position":1,"name":"Startseite","item":"https:\/\/rockers.de\/"},{"@type":"ListItem","position":2,"name":"Shop","item":"https:\/\/rockers.de\/shop\/"},{"@type":"ListItem","position":3,"name":"Kettenfett-Raumpatrouille Kettenfett-LP (Vinyl)"}]},{"@type":"WebSite","@id":"https:\/\/rockers.de\/#website","url":"https:\/\/rockers.de\/","name":"Rockers Records","description":"Your record store in Hanover","publisher":{"@id":"https:\/\/rockers.de\/#organization"},"potentialAction":[{"@type":"SearchAction","target":{"@type":"EntryPoint","urlTemplate":"https:\/\/rockers.de\/?s={search_term_string}"},"query-input":{"@type":"PropertyValueSpecification","valueRequired":true,"valueName":"search_term_string"}}],"inLanguage":"en-US"},{"@type":"Organization","@id":"https:\/\/rockers.de\/#organization","name":"Rockers Records","url":"https:\/\/rockers.de\/","logo":{"@type":"ImageObject","inLanguage":"en-US","@id":"https:\/\/rockers.de\/#\/schema\/logo\/image\/","url":"https:\/\/rockers.de\/wp-content\/uploads\/2022\/07\/Neue-Website-2022.jpg","contentUrl":"https:\/\/rockers.de\/wp-content\/uploads\/2022\/07\/Neue-Website-2022.jpg","width":800,"height":800,"caption":"Rockers Records"},"image":{"@id":"https:\/\/rockers.de\/#\/schema\/logo\/image\/"}}]}},"_links":{"self":[{"href":"https:\/\/rockers.de\/en\/wp-json\/wp\/v2\/product\/48835","targetHints":{"allow":["GET"]}}],"collection":[{"href":"https:\/\/rockers.de\/en\/wp-json\/wp\/v2\/product"}],"about":[{"href":"https:\/\/rockers.de\/en\/wp-json\/wp\/v2\/types\/product"}],"wp:featuredmedia":[{"embeddable":true,"href":"https:\/\/rockers.de\/en\/wp-json\/wp\/v2\/media\/77734"}],"wp:attachment":[{"href":"https:\/\/rockers.de\/en\/wp-json\/wp\/v2\/media?parent=48835"}],"wp:term":[{"taxonomy":"product_brand","embeddable":true,"href":"https:\/\/rockers.de\/en\/wp-json\/wp\/v2\/product_brand?post=48835"},{"taxonomy":"product_cat","embeddable":true,"href":"https:\/\/rockers.de\/en\/wp-json\/wp\/v2\/product_cat?post=48835"},{"taxonomy":"product_tag","embeddable":true,"href":"https:\/\/rockers.de\/en\/wp-json\/wp\/v2\/product_tag?post=48835"}],"curies":[{"name":"wp","href":"https:\/\/api.w.org\/{rel}","templated":true}]}}