{"id":48733,"date":"2022-09-03T21:38:44","date_gmt":"2022-09-03T19:38:44","guid":{"rendered":"https:\/\/rockersstore.de\/record\/gruppe-80-ja-ja-lp-vinyl\/"},"modified":"2022-09-03T21:38:50","modified_gmt":"2022-09-03T19:38:50","slug":"gruppe-80-ja-ja-lp-vinyl","status":"publish","type":"product","link":"https:\/\/rockers.de\/en\/record\/gruppe-80-ja-ja-lp-vinyl\/","title":{"rendered":"Gruppe 80-Ja Ja-LP (Vinyl)"},"content":{"rendered":"<p>Kurze + knappe Statements zur eigenen Lage und der der Nation, frischer und unverkopfter pr\u00e4sentiert als die Originale des NDW Underground der 80er. Diese Bremer Jungs haben eine ganze \u00c4ra gefressen und interpretieren die fr\u00fch-80er NDW mit aktuellen Bez\u00fcgen und einer guten Prise Humor grandios punkig neu. Mit Peter Behrens (Ex-Trio) und Martin Semmelrogge als Gaststars.<\/p>","protected":false},"excerpt":{"rendered":"<p>Kurze + knappe Statements zur eigenen Lage und der der Nation, frischer und unverkopfter pr\u00e4sentiert als die Originale des NDW Underground der 80er. Diese Bremer Jungs haben eine ganze \u00c4ra gefressen und interpretieren die fr\u00fch-80er NDW mit aktuellen Bez\u00fcgen und einer guten Prise Humor grandios punkig neu. Mit Peter Behrens (Ex-Trio) und Martin Semmelrogge als Gaststars.<\/p>","protected":false},"featured_media":48734,"template":"","meta":{"_acf_changed":false},"product_brand":[],"product_cat":[285,548,538],"product_tag":[],"class_list":{"0":"post-48733","1":"product","2":"type-product","3":"status-publish","4":"has-post-thumbnail","6":"product_cat-neue-deutsche-welle","7":"product_cat-new-wave-1980s-pop","8":"product_cat-punk-deutschland","9":"pa_att_artist-gruppe-80","10":"pa_att_format-lp-vinyl","11":"pa_att_genre-punk-deutschland","12":"pa_att_jahr-184","13":"pa_att_label-sounds-of-subterrania","14":"pa_att_land-germany","16":"first","17":"outofstock","18":"taxable","19":"shipping-taxable","20":"purchasable","21":"product-type-simple"},"acf":[],"yoast_head":"<!-- This site is optimized with the Yoast SEO plugin v27.3 - https:\/\/yoast.com\/product\/yoast-seo-wordpress\/ -->\n<title>Gruppe 80-Ja Ja-LP (Vinyl) - Rockers Records<\/title>\n<meta name=\"robots\" content=\"index, follow, max-snippet:-1, max-image-preview:large, max-video-preview:-1\" \/>\n<link rel=\"canonical\" href=\"https:\/\/rockers.de\/en\/record\/gruppe-80-ja-ja-lp-vinyl\/\" \/>\n<meta property=\"og:locale\" content=\"en_US\" \/>\n<meta property=\"og:type\" content=\"article\" \/>\n<meta property=\"og:title\" content=\"Gruppe 80-Ja Ja-LP (Vinyl) - Rockers Records\" \/>\n<meta property=\"og:description\" content=\"Kurze + knappe Statements zur eigenen Lage und der der Nation, frischer und unverkopfter pr\u00e4sentiert als die Originale des NDW Underground der 80er. Diese Bremer Jungs haben eine ganze \u00c4ra gefressen und interpretieren die fr\u00fch-80er NDW mit aktuellen Bez\u00fcgen und einer guten Prise Humor grandios punkig neu. Mit Peter Behrens (Ex-Trio) und Martin Semmelrogge als Gaststars.\" \/>\n<meta property=\"og:url\" content=\"https:\/\/rockers.de\/en\/record\/gruppe-80-ja-ja-lp-vinyl\/\" \/>\n<meta property=\"og:site_name\" content=\"Rockers Records\" \/>\n<meta property=\"article:modified_time\" content=\"2022-09-03T19:38:50+00:00\" \/>\n<meta property=\"og:image\" content=\"https:\/\/rockers.de\/wp-content\/uploads\/2022\/09\/Gruppe-80-Ja-Ja-LP-Vinyl.jpg\" \/>\n\t<meta property=\"og:image:width\" content=\"1536\" \/>\n\t<meta property=\"og:image:height\" content=\"1583\" \/>\n\t<meta property=\"og:image:type\" content=\"image\/jpeg\" \/>\n<meta name=\"twitter:card\" content=\"summary_large_image\" \/>\n<script type=\"application\/ld+json\" class=\"yoast-schema-graph\">{\"@context\":\"https:\\\/\\\/schema.org\",\"@graph\":[{\"@type\":\"WebPage\",\"@id\":\"https:\\\/\\\/rockers.de\\\/record\\\/gruppe-80-ja-ja-lp-vinyl\\\/\",\"url\":\"https:\\\/\\\/rockers.de\\\/record\\\/gruppe-80-ja-ja-lp-vinyl\\\/\",\"name\":\"Gruppe 80-Ja Ja-LP (Vinyl) - Rockers Records\",\"isPartOf\":{\"@id\":\"https:\\\/\\\/rockers.de\\\/#website\"},\"primaryImageOfPage\":{\"@id\":\"https:\\\/\\\/rockers.de\\\/record\\\/gruppe-80-ja-ja-lp-vinyl\\\/#primaryimage\"},\"image\":{\"@id\":\"https:\\\/\\\/rockers.de\\\/record\\\/gruppe-80-ja-ja-lp-vinyl\\\/#primaryimage\"},\"thumbnailUrl\":\"https:\\\/\\\/rockers.de\\\/wp-content\\\/uploads\\\/2022\\\/09\\\/Gruppe-80-Ja-Ja-LP-Vinyl.jpg\",\"datePublished\":\"2022-09-03T19:38:44+00:00\",\"dateModified\":\"2022-09-03T19:38:50+00:00\",\"breadcrumb\":{\"@id\":\"https:\\\/\\\/rockers.de\\\/record\\\/gruppe-80-ja-ja-lp-vinyl\\\/#breadcrumb\"},\"inLanguage\":\"en-US\",\"potentialAction\":[{\"@type\":\"ReadAction\",\"target\":[\"https:\\\/\\\/rockers.de\\\/record\\\/gruppe-80-ja-ja-lp-vinyl\\\/\"]}]},{\"@type\":\"ImageObject\",\"inLanguage\":\"en-US\",\"@id\":\"https:\\\/\\\/rockers.de\\\/record\\\/gruppe-80-ja-ja-lp-vinyl\\\/#primaryimage\",\"url\":\"https:\\\/\\\/rockers.de\\\/wp-content\\\/uploads\\\/2022\\\/09\\\/Gruppe-80-Ja-Ja-LP-Vinyl.jpg\",\"contentUrl\":\"https:\\\/\\\/rockers.de\\\/wp-content\\\/uploads\\\/2022\\\/09\\\/Gruppe-80-Ja-Ja-LP-Vinyl.jpg\",\"width\":1536,\"height\":1583,\"caption\":\"Gruppe 80-Ja Ja-LP (Vinyl)-01\"},{\"@type\":\"BreadcrumbList\",\"@id\":\"https:\\\/\\\/rockers.de\\\/record\\\/gruppe-80-ja-ja-lp-vinyl\\\/#breadcrumb\",\"itemListElement\":[{\"@type\":\"ListItem\",\"position\":1,\"name\":\"Startseite\",\"item\":\"https:\\\/\\\/rockers.de\\\/\"},{\"@type\":\"ListItem\",\"position\":2,\"name\":\"Shop\",\"item\":\"https:\\\/\\\/rockers.de\\\/shop\\\/\"},{\"@type\":\"ListItem\",\"position\":3,\"name\":\"Gruppe 80-Ja Ja-LP (Vinyl)\"}]},{\"@type\":\"WebSite\",\"@id\":\"https:\\\/\\\/rockers.de\\\/#website\",\"url\":\"https:\\\/\\\/rockers.de\\\/\",\"name\":\"Rockers Records\",\"description\":\"Dein Schallplatten Store in Hannover\",\"publisher\":{\"@id\":\"https:\\\/\\\/rockers.de\\\/#organization\"},\"potentialAction\":[{\"@type\":\"SearchAction\",\"target\":{\"@type\":\"EntryPoint\",\"urlTemplate\":\"https:\\\/\\\/rockers.de\\\/?s={search_term_string}\"},\"query-input\":{\"@type\":\"PropertyValueSpecification\",\"valueRequired\":true,\"valueName\":\"search_term_string\"}}],\"inLanguage\":\"en-US\"},{\"@type\":\"Organization\",\"@id\":\"https:\\\/\\\/rockers.de\\\/#organization\",\"name\":\"Rockers Records\",\"url\":\"https:\\\/\\\/rockers.de\\\/\",\"logo\":{\"@type\":\"ImageObject\",\"inLanguage\":\"en-US\",\"@id\":\"https:\\\/\\\/rockers.de\\\/#\\\/schema\\\/logo\\\/image\\\/\",\"url\":\"https:\\\/\\\/rockers.de\\\/wp-content\\\/uploads\\\/2022\\\/07\\\/Neue-Website-2022.jpg\",\"contentUrl\":\"https:\\\/\\\/rockers.de\\\/wp-content\\\/uploads\\\/2022\\\/07\\\/Neue-Website-2022.jpg\",\"width\":800,\"height\":800,\"caption\":\"Rockers Records\"},\"image\":{\"@id\":\"https:\\\/\\\/rockers.de\\\/#\\\/schema\\\/logo\\\/image\\\/\"}}]}<\/script>\n<!-- \/ Yoast SEO plugin. -->","yoast_head_json":{"title":"Gruppe 80-Ja Ja-LP (Vinyl) - Rockers Records","robots":{"index":"index","follow":"follow","max-snippet":"max-snippet:-1","max-image-preview":"max-image-preview:large","max-video-preview":"max-video-preview:-1"},"canonical":"https:\/\/rockers.de\/en\/record\/gruppe-80-ja-ja-lp-vinyl\/","og_locale":"en_US","og_type":"article","og_title":"Gruppe 80-Ja Ja-LP (Vinyl) - Rockers Records","og_description":"Kurze + knappe Statements zur eigenen Lage und der der Nation, frischer und unverkopfter pr\u00e4sentiert als die Originale des NDW Underground der 80er. Diese Bremer Jungs haben eine ganze \u00c4ra gefressen und interpretieren die fr\u00fch-80er NDW mit aktuellen Bez\u00fcgen und einer guten Prise Humor grandios punkig neu. Mit Peter Behrens (Ex-Trio) und Martin Semmelrogge als Gaststars.","og_url":"https:\/\/rockers.de\/en\/record\/gruppe-80-ja-ja-lp-vinyl\/","og_site_name":"Rockers Records","article_modified_time":"2022-09-03T19:38:50+00:00","og_image":[{"width":1536,"height":1583,"url":"https:\/\/rockers.de\/wp-content\/uploads\/2022\/09\/Gruppe-80-Ja-Ja-LP-Vinyl.jpg","type":"image\/jpeg"}],"twitter_card":"summary_large_image","schema":{"@context":"https:\/\/schema.org","@graph":[{"@type":"WebPage","@id":"https:\/\/rockers.de\/record\/gruppe-80-ja-ja-lp-vinyl\/","url":"https:\/\/rockers.de\/record\/gruppe-80-ja-ja-lp-vinyl\/","name":"Gruppe 80-Ja Ja-LP (Vinyl) - Rockers Records","isPartOf":{"@id":"https:\/\/rockers.de\/#website"},"primaryImageOfPage":{"@id":"https:\/\/rockers.de\/record\/gruppe-80-ja-ja-lp-vinyl\/#primaryimage"},"image":{"@id":"https:\/\/rockers.de\/record\/gruppe-80-ja-ja-lp-vinyl\/#primaryimage"},"thumbnailUrl":"https:\/\/rockers.de\/wp-content\/uploads\/2022\/09\/Gruppe-80-Ja-Ja-LP-Vinyl.jpg","datePublished":"2022-09-03T19:38:44+00:00","dateModified":"2022-09-03T19:38:50+00:00","breadcrumb":{"@id":"https:\/\/rockers.de\/record\/gruppe-80-ja-ja-lp-vinyl\/#breadcrumb"},"inLanguage":"en-US","potentialAction":[{"@type":"ReadAction","target":["https:\/\/rockers.de\/record\/gruppe-80-ja-ja-lp-vinyl\/"]}]},{"@type":"ImageObject","inLanguage":"en-US","@id":"https:\/\/rockers.de\/record\/gruppe-80-ja-ja-lp-vinyl\/#primaryimage","url":"https:\/\/rockers.de\/wp-content\/uploads\/2022\/09\/Gruppe-80-Ja-Ja-LP-Vinyl.jpg","contentUrl":"https:\/\/rockers.de\/wp-content\/uploads\/2022\/09\/Gruppe-80-Ja-Ja-LP-Vinyl.jpg","width":1536,"height":1583,"caption":"Gruppe 80-Ja Ja-LP (Vinyl)-01"},{"@type":"BreadcrumbList","@id":"https:\/\/rockers.de\/record\/gruppe-80-ja-ja-lp-vinyl\/#breadcrumb","itemListElement":[{"@type":"ListItem","position":1,"name":"Startseite","item":"https:\/\/rockers.de\/"},{"@type":"ListItem","position":2,"name":"Shop","item":"https:\/\/rockers.de\/shop\/"},{"@type":"ListItem","position":3,"name":"Gruppe 80-Ja Ja-LP (Vinyl)"}]},{"@type":"WebSite","@id":"https:\/\/rockers.de\/#website","url":"https:\/\/rockers.de\/","name":"Rockers Records","description":"Your record store in Hanover","publisher":{"@id":"https:\/\/rockers.de\/#organization"},"potentialAction":[{"@type":"SearchAction","target":{"@type":"EntryPoint","urlTemplate":"https:\/\/rockers.de\/?s={search_term_string}"},"query-input":{"@type":"PropertyValueSpecification","valueRequired":true,"valueName":"search_term_string"}}],"inLanguage":"en-US"},{"@type":"Organization","@id":"https:\/\/rockers.de\/#organization","name":"Rockers Records","url":"https:\/\/rockers.de\/","logo":{"@type":"ImageObject","inLanguage":"en-US","@id":"https:\/\/rockers.de\/#\/schema\/logo\/image\/","url":"https:\/\/rockers.de\/wp-content\/uploads\/2022\/07\/Neue-Website-2022.jpg","contentUrl":"https:\/\/rockers.de\/wp-content\/uploads\/2022\/07\/Neue-Website-2022.jpg","width":800,"height":800,"caption":"Rockers Records"},"image":{"@id":"https:\/\/rockers.de\/#\/schema\/logo\/image\/"}}]}},"_links":{"self":[{"href":"https:\/\/rockers.de\/en\/wp-json\/wp\/v2\/product\/48733","targetHints":{"allow":["GET"]}}],"collection":[{"href":"https:\/\/rockers.de\/en\/wp-json\/wp\/v2\/product"}],"about":[{"href":"https:\/\/rockers.de\/en\/wp-json\/wp\/v2\/types\/product"}],"wp:featuredmedia":[{"embeddable":true,"href":"https:\/\/rockers.de\/en\/wp-json\/wp\/v2\/media\/48734"}],"wp:attachment":[{"href":"https:\/\/rockers.de\/en\/wp-json\/wp\/v2\/media?parent=48733"}],"wp:term":[{"taxonomy":"product_brand","embeddable":true,"href":"https:\/\/rockers.de\/en\/wp-json\/wp\/v2\/product_brand?post=48733"},{"taxonomy":"product_cat","embeddable":true,"href":"https:\/\/rockers.de\/en\/wp-json\/wp\/v2\/product_cat?post=48733"},{"taxonomy":"product_tag","embeddable":true,"href":"https:\/\/rockers.de\/en\/wp-json\/wp\/v2\/product_tag?post=48733"}],"curies":[{"name":"wp","href":"https:\/\/api.w.org\/{rel}","templated":true}]}}