{"id":48696,"date":"2022-09-03T21:36:57","date_gmt":"2022-09-03T19:36:57","guid":{"rendered":"https:\/\/rockersstore.de\/record\/fontanelle-noie-eintraege-10-vinyl\/"},"modified":"2024-11-30T10:47:39","modified_gmt":"2024-11-30T09:47:39","slug":"fontanelle-noie-eintraege-10-vinyl","status":"publish","type":"product","link":"https:\/\/rockers.de\/en\/record\/fontanelle-noie-eintraege-10-vinyl\/","title":{"rendered":"Fontanelle-Noi!e Eintr\u00e4ge-10&#8243; Vinyl"},"content":{"rendered":"<p>Antifascist Oi! aus Leipzig. Nach einem ausverkauften Debutalbum, einem Besetzungswechsel am Gesang und sieben Seiten im s\u00e4chsischen Verfassungsschutzbericht, pr\u00e4sentieren Fontanelle jetzt endlich ihr neuestes Werk. Wieder einmal beweist die Band das Skinhead Kult und linke Agitation sich nicht ausschlie\u00dfen m\u00fc\u00dfen. Fontanelle zeigt keinerlei Milde, warum sollten sie auch ? Die Zeiten sind ekelig und so wird abgerechnet mit dem VS, Deutschrock, Sexisten oder Hipsterskins. This Is The Heart Of Oi! Schwarzes Vinyl mit Downloadcode.<\/p>","protected":false},"excerpt":{"rendered":"<p>Antifascist Oi! aus Leipzig. Nach einem ausverkauften Debutalbum, einem Besetzungswechsel am Gesang und sieben Seiten im s\u00e4chsischen Verfassungsschutzbericht, pr\u00e4sentieren Fontanelle jetzt endlich ihr neuestes Werk. Wieder einmal beweist die Band das Skinhead Kult und linke Agitation sich nicht ausschlie\u00dfen m\u00fc\u00dfen. Fontanelle zeigt keinerlei Milde, warum sollten sie auch ? Die Zeiten sind ekelig und so wird abgerechnet mit dem VS, Deutschrock, Sexisten oder Hipsterskins. This Is The Heart Of Oi! Schwarzes Vinyl mit Downloadcode.<\/p>","protected":false},"featured_media":48697,"template":"","meta":{"_acf_changed":false},"product_brand":[],"product_cat":[538],"product_tag":[],"class_list":{"0":"post-48696","1":"product","2":"type-product","3":"status-publish","4":"has-post-thumbnail","6":"product_cat-punk-deutschland","7":"pa_att_artist-fontanelle","8":"pa_att_format-10-vinyl","9":"pa_att_genre-punk-deutschland","10":"pa_att_jahr-92","11":"pa_att_label-riot-bike-records","12":"pa_att_land-europe","14":"first","15":"outofstock","16":"taxable","17":"shipping-taxable","18":"purchasable","19":"product-type-simple"},"acf":[],"yoast_head":"<!-- This site is optimized with the Yoast SEO plugin v27.3 - https:\/\/yoast.com\/product\/yoast-seo-wordpress\/ -->\n<title>Fontanelle-Noi!e Eintr\u00e4ge-10&quot; Vinyl - Rockers Records<\/title>\n<meta name=\"robots\" content=\"index, follow, max-snippet:-1, max-image-preview:large, max-video-preview:-1\" \/>\n<link rel=\"canonical\" href=\"https:\/\/rockers.de\/en\/record\/fontanelle-noie-eintraege-10-vinyl\/\" \/>\n<meta property=\"og:locale\" content=\"en_US\" \/>\n<meta property=\"og:type\" content=\"article\" \/>\n<meta property=\"og:title\" content=\"Fontanelle-Noi!e Eintr\u00e4ge-10&quot; Vinyl - Rockers Records\" \/>\n<meta property=\"og:description\" content=\"Antifascist Oi! aus Leipzig. Nach einem ausverkauften Debutalbum, einem Besetzungswechsel am Gesang und sieben Seiten im s\u00e4chsischen Verfassungsschutzbericht, pr\u00e4sentieren Fontanelle jetzt endlich ihr neuestes Werk. Wieder einmal beweist die Band das Skinhead Kult und linke Agitation sich nicht ausschlie\u00dfen m\u00fc\u00dfen. Fontanelle zeigt keinerlei Milde, warum sollten sie auch ? Die Zeiten sind ekelig und so wird abgerechnet mit dem VS, Deutschrock, Sexisten oder Hipsterskins. This Is The Heart Of Oi! Schwarzes Vinyl mit Downloadcode.\" \/>\n<meta property=\"og:url\" content=\"https:\/\/rockers.de\/en\/record\/fontanelle-noie-eintraege-10-vinyl\/\" \/>\n<meta property=\"og:site_name\" content=\"Rockers Records\" \/>\n<meta property=\"article:modified_time\" content=\"2024-11-30T09:47:39+00:00\" \/>\n<meta property=\"og:image\" content=\"https:\/\/rockers.de\/wp-content\/uploads\/2022\/09\/Fontanelle-Noie-Eintraege-10-Vinyl.jpg\" \/>\n\t<meta property=\"og:image:width\" content=\"1536\" \/>\n\t<meta property=\"og:image:height\" content=\"1561\" \/>\n\t<meta property=\"og:image:type\" content=\"image\/jpeg\" \/>\n<meta name=\"twitter:card\" content=\"summary_large_image\" \/>\n<script type=\"application\/ld+json\" class=\"yoast-schema-graph\">{\"@context\":\"https:\\\/\\\/schema.org\",\"@graph\":[{\"@type\":\"WebPage\",\"@id\":\"https:\\\/\\\/rockers.de\\\/record\\\/fontanelle-noie-eintraege-10-vinyl\\\/\",\"url\":\"https:\\\/\\\/rockers.de\\\/record\\\/fontanelle-noie-eintraege-10-vinyl\\\/\",\"name\":\"Fontanelle-Noi!e Eintr\u00e4ge-10\\\" Vinyl - Rockers Records\",\"isPartOf\":{\"@id\":\"https:\\\/\\\/rockers.de\\\/#website\"},\"primaryImageOfPage\":{\"@id\":\"https:\\\/\\\/rockers.de\\\/record\\\/fontanelle-noie-eintraege-10-vinyl\\\/#primaryimage\"},\"image\":{\"@id\":\"https:\\\/\\\/rockers.de\\\/record\\\/fontanelle-noie-eintraege-10-vinyl\\\/#primaryimage\"},\"thumbnailUrl\":\"https:\\\/\\\/rockers.de\\\/wp-content\\\/uploads\\\/2022\\\/09\\\/Fontanelle-Noie-Eintraege-10-Vinyl.jpg\",\"datePublished\":\"2022-09-03T19:36:57+00:00\",\"dateModified\":\"2024-11-30T09:47:39+00:00\",\"breadcrumb\":{\"@id\":\"https:\\\/\\\/rockers.de\\\/record\\\/fontanelle-noie-eintraege-10-vinyl\\\/#breadcrumb\"},\"inLanguage\":\"en-US\",\"potentialAction\":[{\"@type\":\"ReadAction\",\"target\":[\"https:\\\/\\\/rockers.de\\\/record\\\/fontanelle-noie-eintraege-10-vinyl\\\/\"]}]},{\"@type\":\"ImageObject\",\"inLanguage\":\"en-US\",\"@id\":\"https:\\\/\\\/rockers.de\\\/record\\\/fontanelle-noie-eintraege-10-vinyl\\\/#primaryimage\",\"url\":\"https:\\\/\\\/rockers.de\\\/wp-content\\\/uploads\\\/2022\\\/09\\\/Fontanelle-Noie-Eintraege-10-Vinyl.jpg\",\"contentUrl\":\"https:\\\/\\\/rockers.de\\\/wp-content\\\/uploads\\\/2022\\\/09\\\/Fontanelle-Noie-Eintraege-10-Vinyl.jpg\",\"width\":1536,\"height\":1561,\"caption\":\"Fontanelle-Noi!e Eintr\u00e4ge-10\\\" Vinyl-01\"},{\"@type\":\"BreadcrumbList\",\"@id\":\"https:\\\/\\\/rockers.de\\\/record\\\/fontanelle-noie-eintraege-10-vinyl\\\/#breadcrumb\",\"itemListElement\":[{\"@type\":\"ListItem\",\"position\":1,\"name\":\"Startseite\",\"item\":\"https:\\\/\\\/rockers.de\\\/\"},{\"@type\":\"ListItem\",\"position\":2,\"name\":\"Shop\",\"item\":\"https:\\\/\\\/rockers.de\\\/shop\\\/\"},{\"@type\":\"ListItem\",\"position\":3,\"name\":\"Fontanelle-Noi!e Eintr\u00e4ge-10&#8243; Vinyl\"}]},{\"@type\":\"WebSite\",\"@id\":\"https:\\\/\\\/rockers.de\\\/#website\",\"url\":\"https:\\\/\\\/rockers.de\\\/\",\"name\":\"Rockers Records\",\"description\":\"Dein Schallplatten Store in Hannover\",\"publisher\":{\"@id\":\"https:\\\/\\\/rockers.de\\\/#organization\"},\"potentialAction\":[{\"@type\":\"SearchAction\",\"target\":{\"@type\":\"EntryPoint\",\"urlTemplate\":\"https:\\\/\\\/rockers.de\\\/?s={search_term_string}\"},\"query-input\":{\"@type\":\"PropertyValueSpecification\",\"valueRequired\":true,\"valueName\":\"search_term_string\"}}],\"inLanguage\":\"en-US\"},{\"@type\":\"Organization\",\"@id\":\"https:\\\/\\\/rockers.de\\\/#organization\",\"name\":\"Rockers Records\",\"url\":\"https:\\\/\\\/rockers.de\\\/\",\"logo\":{\"@type\":\"ImageObject\",\"inLanguage\":\"en-US\",\"@id\":\"https:\\\/\\\/rockers.de\\\/#\\\/schema\\\/logo\\\/image\\\/\",\"url\":\"https:\\\/\\\/rockers.de\\\/wp-content\\\/uploads\\\/2022\\\/07\\\/Neue-Website-2022.jpg\",\"contentUrl\":\"https:\\\/\\\/rockers.de\\\/wp-content\\\/uploads\\\/2022\\\/07\\\/Neue-Website-2022.jpg\",\"width\":800,\"height\":800,\"caption\":\"Rockers Records\"},\"image\":{\"@id\":\"https:\\\/\\\/rockers.de\\\/#\\\/schema\\\/logo\\\/image\\\/\"}}]}<\/script>\n<!-- \/ Yoast SEO plugin. -->","yoast_head_json":{"title":"Fontanelle-Noi!e Eintr\u00e4ge-10\" Vinyl - Rockers Records","robots":{"index":"index","follow":"follow","max-snippet":"max-snippet:-1","max-image-preview":"max-image-preview:large","max-video-preview":"max-video-preview:-1"},"canonical":"https:\/\/rockers.de\/en\/record\/fontanelle-noie-eintraege-10-vinyl\/","og_locale":"en_US","og_type":"article","og_title":"Fontanelle-Noi!e Eintr\u00e4ge-10\" Vinyl - Rockers Records","og_description":"Antifascist Oi! aus Leipzig. Nach einem ausverkauften Debutalbum, einem Besetzungswechsel am Gesang und sieben Seiten im s\u00e4chsischen Verfassungsschutzbericht, pr\u00e4sentieren Fontanelle jetzt endlich ihr neuestes Werk. Wieder einmal beweist die Band das Skinhead Kult und linke Agitation sich nicht ausschlie\u00dfen m\u00fc\u00dfen. Fontanelle zeigt keinerlei Milde, warum sollten sie auch ? Die Zeiten sind ekelig und so wird abgerechnet mit dem VS, Deutschrock, Sexisten oder Hipsterskins. This Is The Heart Of Oi! Schwarzes Vinyl mit Downloadcode.","og_url":"https:\/\/rockers.de\/en\/record\/fontanelle-noie-eintraege-10-vinyl\/","og_site_name":"Rockers Records","article_modified_time":"2024-11-30T09:47:39+00:00","og_image":[{"width":1536,"height":1561,"url":"https:\/\/rockers.de\/wp-content\/uploads\/2022\/09\/Fontanelle-Noie-Eintraege-10-Vinyl.jpg","type":"image\/jpeg"}],"twitter_card":"summary_large_image","schema":{"@context":"https:\/\/schema.org","@graph":[{"@type":"WebPage","@id":"https:\/\/rockers.de\/record\/fontanelle-noie-eintraege-10-vinyl\/","url":"https:\/\/rockers.de\/record\/fontanelle-noie-eintraege-10-vinyl\/","name":"Fontanelle-Noi!e Eintr\u00e4ge-10\" Vinyl - Rockers Records","isPartOf":{"@id":"https:\/\/rockers.de\/#website"},"primaryImageOfPage":{"@id":"https:\/\/rockers.de\/record\/fontanelle-noie-eintraege-10-vinyl\/#primaryimage"},"image":{"@id":"https:\/\/rockers.de\/record\/fontanelle-noie-eintraege-10-vinyl\/#primaryimage"},"thumbnailUrl":"https:\/\/rockers.de\/wp-content\/uploads\/2022\/09\/Fontanelle-Noie-Eintraege-10-Vinyl.jpg","datePublished":"2022-09-03T19:36:57+00:00","dateModified":"2024-11-30T09:47:39+00:00","breadcrumb":{"@id":"https:\/\/rockers.de\/record\/fontanelle-noie-eintraege-10-vinyl\/#breadcrumb"},"inLanguage":"en-US","potentialAction":[{"@type":"ReadAction","target":["https:\/\/rockers.de\/record\/fontanelle-noie-eintraege-10-vinyl\/"]}]},{"@type":"ImageObject","inLanguage":"en-US","@id":"https:\/\/rockers.de\/record\/fontanelle-noie-eintraege-10-vinyl\/#primaryimage","url":"https:\/\/rockers.de\/wp-content\/uploads\/2022\/09\/Fontanelle-Noie-Eintraege-10-Vinyl.jpg","contentUrl":"https:\/\/rockers.de\/wp-content\/uploads\/2022\/09\/Fontanelle-Noie-Eintraege-10-Vinyl.jpg","width":1536,"height":1561,"caption":"Fontanelle-Noi!e Eintr\u00e4ge-10\" Vinyl-01"},{"@type":"BreadcrumbList","@id":"https:\/\/rockers.de\/record\/fontanelle-noie-eintraege-10-vinyl\/#breadcrumb","itemListElement":[{"@type":"ListItem","position":1,"name":"Startseite","item":"https:\/\/rockers.de\/"},{"@type":"ListItem","position":2,"name":"Shop","item":"https:\/\/rockers.de\/shop\/"},{"@type":"ListItem","position":3,"name":"Fontanelle-Noi!e Eintr\u00e4ge-10&#8243; Vinyl"}]},{"@type":"WebSite","@id":"https:\/\/rockers.de\/#website","url":"https:\/\/rockers.de\/","name":"Rockers Records","description":"Your record store in Hanover","publisher":{"@id":"https:\/\/rockers.de\/#organization"},"potentialAction":[{"@type":"SearchAction","target":{"@type":"EntryPoint","urlTemplate":"https:\/\/rockers.de\/?s={search_term_string}"},"query-input":{"@type":"PropertyValueSpecification","valueRequired":true,"valueName":"search_term_string"}}],"inLanguage":"en-US"},{"@type":"Organization","@id":"https:\/\/rockers.de\/#organization","name":"Rockers Records","url":"https:\/\/rockers.de\/","logo":{"@type":"ImageObject","inLanguage":"en-US","@id":"https:\/\/rockers.de\/#\/schema\/logo\/image\/","url":"https:\/\/rockers.de\/wp-content\/uploads\/2022\/07\/Neue-Website-2022.jpg","contentUrl":"https:\/\/rockers.de\/wp-content\/uploads\/2022\/07\/Neue-Website-2022.jpg","width":800,"height":800,"caption":"Rockers Records"},"image":{"@id":"https:\/\/rockers.de\/#\/schema\/logo\/image\/"}}]}},"_links":{"self":[{"href":"https:\/\/rockers.de\/en\/wp-json\/wp\/v2\/product\/48696","targetHints":{"allow":["GET"]}}],"collection":[{"href":"https:\/\/rockers.de\/en\/wp-json\/wp\/v2\/product"}],"about":[{"href":"https:\/\/rockers.de\/en\/wp-json\/wp\/v2\/types\/product"}],"wp:featuredmedia":[{"embeddable":true,"href":"https:\/\/rockers.de\/en\/wp-json\/wp\/v2\/media\/48697"}],"wp:attachment":[{"href":"https:\/\/rockers.de\/en\/wp-json\/wp\/v2\/media?parent=48696"}],"wp:term":[{"taxonomy":"product_brand","embeddable":true,"href":"https:\/\/rockers.de\/en\/wp-json\/wp\/v2\/product_brand?post=48696"},{"taxonomy":"product_cat","embeddable":true,"href":"https:\/\/rockers.de\/en\/wp-json\/wp\/v2\/product_cat?post=48696"},{"taxonomy":"product_tag","embeddable":true,"href":"https:\/\/rockers.de\/en\/wp-json\/wp\/v2\/product_tag?post=48696"}],"curies":[{"name":"wp","href":"https:\/\/api.w.org\/{rel}","templated":true}]}}