{"id":43966,"date":"2022-09-03T17:22:07","date_gmt":"2022-09-03T15:22:07","guid":{"rendered":"https:\/\/rockersstore.de\/record\/w-n-u-same-lp-vinyl\/"},"modified":"2025-09-30T17:40:51","modified_gmt":"2025-09-30T15:40:51","slug":"w-n-u-same-lp-vinyl","status":"publish","type":"product","link":"https:\/\/rockers.de\/en\/record\/w-n-u-same-lp-vinyl\/","title":{"rendered":"W.N.U.-Same-LP (Vinyl)"},"content":{"rendered":"<p>Das Trio WNU besteht seit M\u00e4rz 2018 und kommt aus Hannover. Wilson Novitzki an der Gitarre, Nils Schumacher am E-Bass und Uli Hoffmann am Schlagzeug pr\u00e4sentieren bei ihren Auftritten eine aberwitzige Spielart der freien Improvisation. Die Musik, die dabei herauskommt, kennt keinerlei stilistische Ber\u00fchrungs\u00e4ngste und ist gleichzeitig gro\u00dfe Kunst. Progressive Klangkapriolen, die zeitweise an den fr\u00fchen Zappa oder Soft Machine erinnern, treffen auf explosive Free Jazz- Sequenzen die von elegischen Fl\u00e4chen abgel\u00f6st werden. Doch irgendwo lauert schon die n\u00e4chste Noise-Attacke. Und manchmal erklingt von weiter Ferne her sogar der Blues in Form einer einsamen Mundharmonika.<\/p>","protected":false},"excerpt":{"rendered":"<p>Das Trio WNU besteht seit M\u00e4rz 2018 und kommt aus Hannover. Wilson Novitzki an der Gitarre, Nils Schumacher am E-Bass und Uli Hoffmann am Schlagzeug pr\u00e4sentieren bei ihren Auftritten eine aberwitzige Spielart der freien Improvisation. Die Musik, die dabei herauskommt, kennt keinerlei stilistische Ber\u00fchrungs\u00e4ngste und ist gleichzeitig gro\u00dfe Kunst. Progressive Klangkapriolen, die zeitweise an den fr\u00fchen Zappa oder Soft Machine erinnern, treffen auf explosive Free Jazz- Sequenzen die von elegischen Fl\u00e4chen abgel\u00f6st werden. Doch irgendwo lauert schon die n\u00e4chste Noise-Attacke. Und manchmal erklingt von weiter Ferne her sogar der Blues in Form einer einsamen Mundharmonika.<\/p>","protected":false},"featured_media":43967,"template":"","meta":{"_acf_changed":false},"product_brand":[],"product_cat":[360],"product_tag":[],"class_list":{"0":"post-43966","1":"product","2":"type-product","3":"status-publish","4":"has-post-thumbnail","6":"product_cat-jazz","7":"pa_att_artist-w-n-u","8":"pa_att_format-lp-vinyl","9":"pa_att_genre-jazz","10":"pa_att_jahr-92","11":"pa_att_label-druff","12":"pa_att_land-europe","14":"first","15":"instock","16":"taxable","17":"shipping-taxable","18":"purchasable","19":"product-type-simple"},"acf":[],"yoast_head":"<!-- This site is optimized with the Yoast SEO plugin v27.3 - https:\/\/yoast.com\/product\/yoast-seo-wordpress\/ -->\n<title>W.N.U.-Same-LP (Vinyl) - Rockers Records<\/title>\n<meta name=\"robots\" content=\"index, follow, max-snippet:-1, max-image-preview:large, max-video-preview:-1\" \/>\n<link rel=\"canonical\" href=\"https:\/\/rockers.de\/en\/record\/w-n-u-same-lp-vinyl\/\" \/>\n<meta property=\"og:locale\" content=\"en_US\" \/>\n<meta property=\"og:type\" content=\"article\" \/>\n<meta property=\"og:title\" content=\"W.N.U.-Same-LP (Vinyl) - Rockers Records\" \/>\n<meta property=\"og:description\" content=\"Das Trio WNU besteht seit M\u00e4rz 2018 und kommt aus Hannover. Wilson Novitzki an der Gitarre, Nils Schumacher am E-Bass und Uli Hoffmann am Schlagzeug pr\u00e4sentieren bei ihren Auftritten eine aberwitzige Spielart der freien Improvisation. Die Musik, die dabei herauskommt, kennt keinerlei stilistische Ber\u00fchrungs\u00e4ngste und ist gleichzeitig gro\u00dfe Kunst. Progressive Klangkapriolen, die zeitweise an den fr\u00fchen Zappa oder Soft Machine erinnern, treffen auf explosive Free Jazz- Sequenzen die von elegischen Fl\u00e4chen abgel\u00f6st werden. Doch irgendwo lauert schon die n\u00e4chste Noise-Attacke. Und manchmal erklingt von weiter Ferne her sogar der Blues in Form einer einsamen Mundharmonika.\" \/>\n<meta property=\"og:url\" content=\"https:\/\/rockers.de\/en\/record\/w-n-u-same-lp-vinyl\/\" \/>\n<meta property=\"og:site_name\" content=\"Rockers Records\" \/>\n<meta property=\"article:modified_time\" content=\"2025-09-30T15:40:51+00:00\" \/>\n<meta property=\"og:image\" content=\"https:\/\/rockers.de\/wp-content\/uploads\/2022\/09\/W.N.U.-Same-LP-Vinyl.jpg\" \/>\n\t<meta property=\"og:image:width\" content=\"1536\" \/>\n\t<meta property=\"og:image:height\" content=\"1580\" \/>\n\t<meta property=\"og:image:type\" content=\"image\/jpeg\" \/>\n<meta name=\"twitter:card\" content=\"summary_large_image\" \/>\n<meta name=\"twitter:label1\" content=\"Est. reading time\" \/>\n\t<meta name=\"twitter:data1\" content=\"1 minute\" \/>\n<script type=\"application\/ld+json\" class=\"yoast-schema-graph\">{\"@context\":\"https:\\\/\\\/schema.org\",\"@graph\":[{\"@type\":\"WebPage\",\"@id\":\"https:\\\/\\\/rockers.de\\\/record\\\/w-n-u-same-lp-vinyl\\\/\",\"url\":\"https:\\\/\\\/rockers.de\\\/record\\\/w-n-u-same-lp-vinyl\\\/\",\"name\":\"W.N.U.-Same-LP (Vinyl) - Rockers Records\",\"isPartOf\":{\"@id\":\"https:\\\/\\\/rockers.de\\\/#website\"},\"primaryImageOfPage\":{\"@id\":\"https:\\\/\\\/rockers.de\\\/record\\\/w-n-u-same-lp-vinyl\\\/#primaryimage\"},\"image\":{\"@id\":\"https:\\\/\\\/rockers.de\\\/record\\\/w-n-u-same-lp-vinyl\\\/#primaryimage\"},\"thumbnailUrl\":\"https:\\\/\\\/rockers.de\\\/wp-content\\\/uploads\\\/2022\\\/09\\\/W.N.U.-Same-LP-Vinyl.jpg\",\"datePublished\":\"2022-09-03T15:22:07+00:00\",\"dateModified\":\"2025-09-30T15:40:51+00:00\",\"breadcrumb\":{\"@id\":\"https:\\\/\\\/rockers.de\\\/record\\\/w-n-u-same-lp-vinyl\\\/#breadcrumb\"},\"inLanguage\":\"en-US\",\"potentialAction\":[{\"@type\":\"ReadAction\",\"target\":[\"https:\\\/\\\/rockers.de\\\/record\\\/w-n-u-same-lp-vinyl\\\/\"]}]},{\"@type\":\"ImageObject\",\"inLanguage\":\"en-US\",\"@id\":\"https:\\\/\\\/rockers.de\\\/record\\\/w-n-u-same-lp-vinyl\\\/#primaryimage\",\"url\":\"https:\\\/\\\/rockers.de\\\/wp-content\\\/uploads\\\/2022\\\/09\\\/W.N.U.-Same-LP-Vinyl.jpg\",\"contentUrl\":\"https:\\\/\\\/rockers.de\\\/wp-content\\\/uploads\\\/2022\\\/09\\\/W.N.U.-Same-LP-Vinyl.jpg\",\"width\":1536,\"height\":1580,\"caption\":\"W.N.U.-Same-LP (Vinyl)-01\"},{\"@type\":\"BreadcrumbList\",\"@id\":\"https:\\\/\\\/rockers.de\\\/record\\\/w-n-u-same-lp-vinyl\\\/#breadcrumb\",\"itemListElement\":[{\"@type\":\"ListItem\",\"position\":1,\"name\":\"Startseite\",\"item\":\"https:\\\/\\\/rockers.de\\\/\"},{\"@type\":\"ListItem\",\"position\":2,\"name\":\"Shop\",\"item\":\"https:\\\/\\\/rockers.de\\\/shop\\\/\"},{\"@type\":\"ListItem\",\"position\":3,\"name\":\"W.N.U.-Same-LP (Vinyl)\"}]},{\"@type\":\"WebSite\",\"@id\":\"https:\\\/\\\/rockers.de\\\/#website\",\"url\":\"https:\\\/\\\/rockers.de\\\/\",\"name\":\"Rockers Records\",\"description\":\"Dein Schallplatten Store in Hannover\",\"publisher\":{\"@id\":\"https:\\\/\\\/rockers.de\\\/#organization\"},\"potentialAction\":[{\"@type\":\"SearchAction\",\"target\":{\"@type\":\"EntryPoint\",\"urlTemplate\":\"https:\\\/\\\/rockers.de\\\/?s={search_term_string}\"},\"query-input\":{\"@type\":\"PropertyValueSpecification\",\"valueRequired\":true,\"valueName\":\"search_term_string\"}}],\"inLanguage\":\"en-US\"},{\"@type\":\"Organization\",\"@id\":\"https:\\\/\\\/rockers.de\\\/#organization\",\"name\":\"Rockers Records\",\"url\":\"https:\\\/\\\/rockers.de\\\/\",\"logo\":{\"@type\":\"ImageObject\",\"inLanguage\":\"en-US\",\"@id\":\"https:\\\/\\\/rockers.de\\\/#\\\/schema\\\/logo\\\/image\\\/\",\"url\":\"https:\\\/\\\/rockers.de\\\/wp-content\\\/uploads\\\/2022\\\/07\\\/Neue-Website-2022.jpg\",\"contentUrl\":\"https:\\\/\\\/rockers.de\\\/wp-content\\\/uploads\\\/2022\\\/07\\\/Neue-Website-2022.jpg\",\"width\":800,\"height\":800,\"caption\":\"Rockers Records\"},\"image\":{\"@id\":\"https:\\\/\\\/rockers.de\\\/#\\\/schema\\\/logo\\\/image\\\/\"}}]}<\/script>\n<!-- \/ Yoast SEO plugin. -->","yoast_head_json":{"title":"W.N.U.-Same-LP (Vinyl) - Rockers Records","robots":{"index":"index","follow":"follow","max-snippet":"max-snippet:-1","max-image-preview":"max-image-preview:large","max-video-preview":"max-video-preview:-1"},"canonical":"https:\/\/rockers.de\/en\/record\/w-n-u-same-lp-vinyl\/","og_locale":"en_US","og_type":"article","og_title":"W.N.U.-Same-LP (Vinyl) - Rockers Records","og_description":"Das Trio WNU besteht seit M\u00e4rz 2018 und kommt aus Hannover. Wilson Novitzki an der Gitarre, Nils Schumacher am E-Bass und Uli Hoffmann am Schlagzeug pr\u00e4sentieren bei ihren Auftritten eine aberwitzige Spielart der freien Improvisation. Die Musik, die dabei herauskommt, kennt keinerlei stilistische Ber\u00fchrungs\u00e4ngste und ist gleichzeitig gro\u00dfe Kunst. Progressive Klangkapriolen, die zeitweise an den fr\u00fchen Zappa oder Soft Machine erinnern, treffen auf explosive Free Jazz- Sequenzen die von elegischen Fl\u00e4chen abgel\u00f6st werden. Doch irgendwo lauert schon die n\u00e4chste Noise-Attacke. Und manchmal erklingt von weiter Ferne her sogar der Blues in Form einer einsamen Mundharmonika.","og_url":"https:\/\/rockers.de\/en\/record\/w-n-u-same-lp-vinyl\/","og_site_name":"Rockers Records","article_modified_time":"2025-09-30T15:40:51+00:00","og_image":[{"width":1536,"height":1580,"url":"https:\/\/rockers.de\/wp-content\/uploads\/2022\/09\/W.N.U.-Same-LP-Vinyl.jpg","type":"image\/jpeg"}],"twitter_card":"summary_large_image","twitter_misc":{"Est. reading time":"1 minute"},"schema":{"@context":"https:\/\/schema.org","@graph":[{"@type":"WebPage","@id":"https:\/\/rockers.de\/record\/w-n-u-same-lp-vinyl\/","url":"https:\/\/rockers.de\/record\/w-n-u-same-lp-vinyl\/","name":"W.N.U.-Same-LP (Vinyl) - Rockers Records","isPartOf":{"@id":"https:\/\/rockers.de\/#website"},"primaryImageOfPage":{"@id":"https:\/\/rockers.de\/record\/w-n-u-same-lp-vinyl\/#primaryimage"},"image":{"@id":"https:\/\/rockers.de\/record\/w-n-u-same-lp-vinyl\/#primaryimage"},"thumbnailUrl":"https:\/\/rockers.de\/wp-content\/uploads\/2022\/09\/W.N.U.-Same-LP-Vinyl.jpg","datePublished":"2022-09-03T15:22:07+00:00","dateModified":"2025-09-30T15:40:51+00:00","breadcrumb":{"@id":"https:\/\/rockers.de\/record\/w-n-u-same-lp-vinyl\/#breadcrumb"},"inLanguage":"en-US","potentialAction":[{"@type":"ReadAction","target":["https:\/\/rockers.de\/record\/w-n-u-same-lp-vinyl\/"]}]},{"@type":"ImageObject","inLanguage":"en-US","@id":"https:\/\/rockers.de\/record\/w-n-u-same-lp-vinyl\/#primaryimage","url":"https:\/\/rockers.de\/wp-content\/uploads\/2022\/09\/W.N.U.-Same-LP-Vinyl.jpg","contentUrl":"https:\/\/rockers.de\/wp-content\/uploads\/2022\/09\/W.N.U.-Same-LP-Vinyl.jpg","width":1536,"height":1580,"caption":"W.N.U.-Same-LP (Vinyl)-01"},{"@type":"BreadcrumbList","@id":"https:\/\/rockers.de\/record\/w-n-u-same-lp-vinyl\/#breadcrumb","itemListElement":[{"@type":"ListItem","position":1,"name":"Startseite","item":"https:\/\/rockers.de\/"},{"@type":"ListItem","position":2,"name":"Shop","item":"https:\/\/rockers.de\/shop\/"},{"@type":"ListItem","position":3,"name":"W.N.U.-Same-LP (Vinyl)"}]},{"@type":"WebSite","@id":"https:\/\/rockers.de\/#website","url":"https:\/\/rockers.de\/","name":"Rockers Records","description":"Your record store in Hanover","publisher":{"@id":"https:\/\/rockers.de\/#organization"},"potentialAction":[{"@type":"SearchAction","target":{"@type":"EntryPoint","urlTemplate":"https:\/\/rockers.de\/?s={search_term_string}"},"query-input":{"@type":"PropertyValueSpecification","valueRequired":true,"valueName":"search_term_string"}}],"inLanguage":"en-US"},{"@type":"Organization","@id":"https:\/\/rockers.de\/#organization","name":"Rockers Records","url":"https:\/\/rockers.de\/","logo":{"@type":"ImageObject","inLanguage":"en-US","@id":"https:\/\/rockers.de\/#\/schema\/logo\/image\/","url":"https:\/\/rockers.de\/wp-content\/uploads\/2022\/07\/Neue-Website-2022.jpg","contentUrl":"https:\/\/rockers.de\/wp-content\/uploads\/2022\/07\/Neue-Website-2022.jpg","width":800,"height":800,"caption":"Rockers Records"},"image":{"@id":"https:\/\/rockers.de\/#\/schema\/logo\/image\/"}}]}},"_links":{"self":[{"href":"https:\/\/rockers.de\/en\/wp-json\/wp\/v2\/product\/43966","targetHints":{"allow":["GET"]}}],"collection":[{"href":"https:\/\/rockers.de\/en\/wp-json\/wp\/v2\/product"}],"about":[{"href":"https:\/\/rockers.de\/en\/wp-json\/wp\/v2\/types\/product"}],"wp:featuredmedia":[{"embeddable":true,"href":"https:\/\/rockers.de\/en\/wp-json\/wp\/v2\/media\/43967"}],"wp:attachment":[{"href":"https:\/\/rockers.de\/en\/wp-json\/wp\/v2\/media?parent=43966"}],"wp:term":[{"taxonomy":"product_brand","embeddable":true,"href":"https:\/\/rockers.de\/en\/wp-json\/wp\/v2\/product_brand?post=43966"},{"taxonomy":"product_cat","embeddable":true,"href":"https:\/\/rockers.de\/en\/wp-json\/wp\/v2\/product_cat?post=43966"},{"taxonomy":"product_tag","embeddable":true,"href":"https:\/\/rockers.de\/en\/wp-json\/wp\/v2\/product_tag?post=43966"}],"curies":[{"name":"wp","href":"https:\/\/api.w.org\/{rel}","templated":true}]}}