{"id":34601,"date":"2022-09-03T10:06:31","date_gmt":"2022-09-03T08:06:31","guid":{"rendered":"https:\/\/rockersstore.de\/record\/kiss-kiss-demaskiert-die-offizielle-biographie-buch\/"},"modified":"2022-11-12T12:15:50","modified_gmt":"2022-11-12T11:15:50","slug":"kiss-kiss-demaskiert-die-offizielle-biographie-buch","status":"publish","type":"product","link":"https:\/\/rockers.de\/en\/record\/kiss-kiss-demaskiert-die-offizielle-biographie-buch\/","title":{"rendered":"Kiss-Kiss demaskiert: Die offizielle Biographie-Buch"},"content":{"rendered":"<p>Dieses einzigartige Buch erz\u00e4hlt die komplette Geschichte von Kiss, von den Anfangstagen der Band in New York City \u00fcber &#8222;Alive!&#8220;, das Erfolgsalbum von 1975, mit dem ihnen der gro\u00dfe Durchbruch gelang, bis hin zu ihrer triumphalen Reunion, die ihnen zur\u00fcck zu un\u00fcbertroffenem Superstar-Status verhalf, der bis heute unangefochten bleibt. Das Buch zeigt Dutzende von seltenen und bisher noch nie ver\u00f6ffentlichten Fotos, die die Band aus ihren Archiven hervorgekramt hat. Es enth\u00e4lt au\u00dferdem Interviews mit anderen Gr\u00f6\u00dfen der Rockmusik &#8211; u.a. mit Pete Townshend, Alice Cooper, Lenny Kravitz und Ozzy Osbourne &#8211; in denen aufgezeigt wird, was Kiss bis heute f\u00fcr sie alle bedeutet.<\/p>","protected":false},"excerpt":{"rendered":"<p>Dieses einzigartige Buch erz\u00e4hlt die komplette Geschichte von Kiss, von den Anfangstagen der Band in New York City \u00fcber &#8222;Alive!&#8220;, das Erfolgsalbum von 1975, mit dem ihnen der gro\u00dfe Durchbruch gelang, bis hin zu ihrer triumphalen Reunion, die ihnen zur\u00fcck zu un\u00fcbertroffenem Superstar-Status verhalf, der bis heute unangefochten bleibt. Das Buch zeigt Dutzende von seltenen und bisher noch nie ver\u00f6ffentlichten Fotos, die die Band aus ihren Archiven hervorgekramt hat. Es enth\u00e4lt au\u00dferdem Interviews mit anderen Gr\u00f6\u00dfen der Rockmusik &#8211; u.a. mit Pete Townshend, Alice Cooper, Lenny Kravitz und Ozzy Osbourne &#8211; in denen aufgezeigt wird, was Kiss bis heute f\u00fcr sie alle bedeutet.<\/p>","protected":false},"featured_media":34602,"template":"","meta":{"_acf_changed":false},"product_brand":[],"product_cat":[97],"product_tag":[],"class_list":{"0":"post-34601","1":"product","2":"type-product","3":"status-publish","4":"has-post-thumbnail","6":"product_cat-heavy-metal","7":"pa_att_artist-david-leafken-sharp","8":"pa_att_artist-kiss","9":"pa_att_format-buch","10":"pa_att_genre-heavy-metal","11":"pa_att_jahr-243","12":"pa_att_label-iron-pages","13":"pa_att_land-germany","15":"first","16":"outofstock","17":"taxable","18":"shipping-taxable","19":"purchasable","20":"product-type-simple"},"acf":[],"yoast_head":"<!-- This site is optimized with the Yoast SEO plugin v27.2 - https:\/\/yoast.com\/product\/yoast-seo-wordpress\/ -->\n<title>Kiss-Kiss demaskiert: Die offizielle Biographie-Buch - Rockers Records<\/title>\n<meta name=\"robots\" content=\"index, follow, max-snippet:-1, max-image-preview:large, max-video-preview:-1\" \/>\n<link rel=\"canonical\" href=\"https:\/\/rockers.de\/en\/record\/kiss-kiss-demaskiert-die-offizielle-biographie-buch\/\" \/>\n<meta property=\"og:locale\" content=\"en_US\" \/>\n<meta property=\"og:type\" content=\"article\" \/>\n<meta property=\"og:title\" content=\"Kiss-Kiss demaskiert: Die offizielle Biographie-Buch - Rockers Records\" \/>\n<meta property=\"og:description\" content=\"Dieses einzigartige Buch erz\u00e4hlt die komplette Geschichte von Kiss, von den Anfangstagen der Band in New York City \u00fcber &quot;Alive!&quot;, das Erfolgsalbum von 1975, mit dem ihnen der gro\u00dfe Durchbruch gelang, bis hin zu ihrer triumphalen Reunion, die ihnen zur\u00fcck zu un\u00fcbertroffenem Superstar-Status verhalf, der bis heute unangefochten bleibt. Das Buch zeigt Dutzende von seltenen und bisher noch nie ver\u00f6ffentlichten Fotos, die die Band aus ihren Archiven hervorgekramt hat. Es enth\u00e4lt au\u00dferdem Interviews mit anderen Gr\u00f6\u00dfen der Rockmusik - u.a. mit Pete Townshend, Alice Cooper, Lenny Kravitz und Ozzy Osbourne - in denen aufgezeigt wird, was Kiss bis heute f\u00fcr sie alle bedeutet.\" \/>\n<meta property=\"og:url\" content=\"https:\/\/rockers.de\/en\/record\/kiss-kiss-demaskiert-die-offizielle-biographie-buch\/\" \/>\n<meta property=\"og:site_name\" content=\"Rockers Records\" \/>\n<meta property=\"article:modified_time\" content=\"2022-11-12T11:15:50+00:00\" \/>\n<meta property=\"og:image\" content=\"https:\/\/rockers.de\/wp-content\/uploads\/2022\/09\/Kiss-Kiss-demaskiert-Die-offizielle-Biographie-Buch.jpg\" \/>\n\t<meta property=\"og:image:width\" content=\"1536\" \/>\n\t<meta property=\"og:image:height\" content=\"2173\" \/>\n\t<meta property=\"og:image:type\" content=\"image\/jpeg\" \/>\n<meta name=\"twitter:card\" content=\"summary_large_image\" \/>\n<meta name=\"twitter:label1\" content=\"Est. reading time\" \/>\n\t<meta name=\"twitter:data1\" content=\"1 minute\" \/>\n<script type=\"application\/ld+json\" class=\"yoast-schema-graph\">{\"@context\":\"https:\/\/schema.org\",\"@graph\":[{\"@type\":\"WebPage\",\"@id\":\"https:\/\/rockers.de\/record\/kiss-kiss-demaskiert-die-offizielle-biographie-buch\/\",\"url\":\"https:\/\/rockers.de\/record\/kiss-kiss-demaskiert-die-offizielle-biographie-buch\/\",\"name\":\"Kiss-Kiss demaskiert: Die offizielle Biographie-Buch - Rockers Records\",\"isPartOf\":{\"@id\":\"https:\/\/rockers.de\/#website\"},\"primaryImageOfPage\":{\"@id\":\"https:\/\/rockers.de\/record\/kiss-kiss-demaskiert-die-offizielle-biographie-buch\/#primaryimage\"},\"image\":{\"@id\":\"https:\/\/rockers.de\/record\/kiss-kiss-demaskiert-die-offizielle-biographie-buch\/#primaryimage\"},\"thumbnailUrl\":\"https:\/\/rockers.de\/wp-content\/uploads\/2022\/09\/Kiss-Kiss-demaskiert-Die-offizielle-Biographie-Buch.jpg\",\"datePublished\":\"2022-09-03T08:06:31+00:00\",\"dateModified\":\"2022-11-12T11:15:50+00:00\",\"breadcrumb\":{\"@id\":\"https:\/\/rockers.de\/record\/kiss-kiss-demaskiert-die-offizielle-biographie-buch\/#breadcrumb\"},\"inLanguage\":\"en-US\",\"potentialAction\":[{\"@type\":\"ReadAction\",\"target\":[\"https:\/\/rockers.de\/record\/kiss-kiss-demaskiert-die-offizielle-biographie-buch\/\"]}]},{\"@type\":\"ImageObject\",\"inLanguage\":\"en-US\",\"@id\":\"https:\/\/rockers.de\/record\/kiss-kiss-demaskiert-die-offizielle-biographie-buch\/#primaryimage\",\"url\":\"https:\/\/rockers.de\/wp-content\/uploads\/2022\/09\/Kiss-Kiss-demaskiert-Die-offizielle-Biographie-Buch.jpg\",\"contentUrl\":\"https:\/\/rockers.de\/wp-content\/uploads\/2022\/09\/Kiss-Kiss-demaskiert-Die-offizielle-Biographie-Buch.jpg\",\"width\":1536,\"height\":2173,\"caption\":\"Kiss-Kiss demaskiert: Die offizielle Biographie-Buch-01\"},{\"@type\":\"BreadcrumbList\",\"@id\":\"https:\/\/rockers.de\/record\/kiss-kiss-demaskiert-die-offizielle-biographie-buch\/#breadcrumb\",\"itemListElement\":[{\"@type\":\"ListItem\",\"position\":1,\"name\":\"Startseite\",\"item\":\"https:\/\/rockers.de\/\"},{\"@type\":\"ListItem\",\"position\":2,\"name\":\"Shop\",\"item\":\"https:\/\/rockers.de\/shop\/\"},{\"@type\":\"ListItem\",\"position\":3,\"name\":\"Kiss-Kiss demaskiert: Die offizielle Biographie-Buch\"}]},{\"@type\":\"WebSite\",\"@id\":\"https:\/\/rockers.de\/#website\",\"url\":\"https:\/\/rockers.de\/\",\"name\":\"Rockers Records\",\"description\":\"Dein Schallplatten Store in Hannover\",\"publisher\":{\"@id\":\"https:\/\/rockers.de\/#organization\"},\"potentialAction\":[{\"@type\":\"SearchAction\",\"target\":{\"@type\":\"EntryPoint\",\"urlTemplate\":\"https:\/\/rockers.de\/?s={search_term_string}\"},\"query-input\":{\"@type\":\"PropertyValueSpecification\",\"valueRequired\":true,\"valueName\":\"search_term_string\"}}],\"inLanguage\":\"en-US\"},{\"@type\":\"Organization\",\"@id\":\"https:\/\/rockers.de\/#organization\",\"name\":\"Rockers Records\",\"url\":\"https:\/\/rockers.de\/\",\"logo\":{\"@type\":\"ImageObject\",\"inLanguage\":\"en-US\",\"@id\":\"https:\/\/rockers.de\/#\/schema\/logo\/image\/\",\"url\":\"https:\/\/rockers.de\/wp-content\/uploads\/2022\/07\/Neue-Website-2022.jpg\",\"contentUrl\":\"https:\/\/rockers.de\/wp-content\/uploads\/2022\/07\/Neue-Website-2022.jpg\",\"width\":800,\"height\":800,\"caption\":\"Rockers Records\"},\"image\":{\"@id\":\"https:\/\/rockers.de\/#\/schema\/logo\/image\/\"}}]}<\/script>\n<!-- \/ Yoast SEO plugin. -->","yoast_head_json":{"title":"Kiss-Kiss demaskiert: Die offizielle Biographie-Buch - Rockers Records","robots":{"index":"index","follow":"follow","max-snippet":"max-snippet:-1","max-image-preview":"max-image-preview:large","max-video-preview":"max-video-preview:-1"},"canonical":"https:\/\/rockers.de\/en\/record\/kiss-kiss-demaskiert-die-offizielle-biographie-buch\/","og_locale":"en_US","og_type":"article","og_title":"Kiss-Kiss demaskiert: Die offizielle Biographie-Buch - Rockers Records","og_description":"Dieses einzigartige Buch erz\u00e4hlt die komplette Geschichte von Kiss, von den Anfangstagen der Band in New York City \u00fcber \"Alive!\", das Erfolgsalbum von 1975, mit dem ihnen der gro\u00dfe Durchbruch gelang, bis hin zu ihrer triumphalen Reunion, die ihnen zur\u00fcck zu un\u00fcbertroffenem Superstar-Status verhalf, der bis heute unangefochten bleibt. Das Buch zeigt Dutzende von seltenen und bisher noch nie ver\u00f6ffentlichten Fotos, die die Band aus ihren Archiven hervorgekramt hat. Es enth\u00e4lt au\u00dferdem Interviews mit anderen Gr\u00f6\u00dfen der Rockmusik - u.a. mit Pete Townshend, Alice Cooper, Lenny Kravitz und Ozzy Osbourne - in denen aufgezeigt wird, was Kiss bis heute f\u00fcr sie alle bedeutet.","og_url":"https:\/\/rockers.de\/en\/record\/kiss-kiss-demaskiert-die-offizielle-biographie-buch\/","og_site_name":"Rockers Records","article_modified_time":"2022-11-12T11:15:50+00:00","og_image":[{"width":1536,"height":2173,"url":"https:\/\/rockers.de\/wp-content\/uploads\/2022\/09\/Kiss-Kiss-demaskiert-Die-offizielle-Biographie-Buch.jpg","type":"image\/jpeg"}],"twitter_card":"summary_large_image","twitter_misc":{"Est. reading time":"1 minute"},"schema":{"@context":"https:\/\/schema.org","@graph":[{"@type":"WebPage","@id":"https:\/\/rockers.de\/record\/kiss-kiss-demaskiert-die-offizielle-biographie-buch\/","url":"https:\/\/rockers.de\/record\/kiss-kiss-demaskiert-die-offizielle-biographie-buch\/","name":"Kiss-Kiss demaskiert: Die offizielle Biographie-Buch - Rockers Records","isPartOf":{"@id":"https:\/\/rockers.de\/#website"},"primaryImageOfPage":{"@id":"https:\/\/rockers.de\/record\/kiss-kiss-demaskiert-die-offizielle-biographie-buch\/#primaryimage"},"image":{"@id":"https:\/\/rockers.de\/record\/kiss-kiss-demaskiert-die-offizielle-biographie-buch\/#primaryimage"},"thumbnailUrl":"https:\/\/rockers.de\/wp-content\/uploads\/2022\/09\/Kiss-Kiss-demaskiert-Die-offizielle-Biographie-Buch.jpg","datePublished":"2022-09-03T08:06:31+00:00","dateModified":"2022-11-12T11:15:50+00:00","breadcrumb":{"@id":"https:\/\/rockers.de\/record\/kiss-kiss-demaskiert-die-offizielle-biographie-buch\/#breadcrumb"},"inLanguage":"en-US","potentialAction":[{"@type":"ReadAction","target":["https:\/\/rockers.de\/record\/kiss-kiss-demaskiert-die-offizielle-biographie-buch\/"]}]},{"@type":"ImageObject","inLanguage":"en-US","@id":"https:\/\/rockers.de\/record\/kiss-kiss-demaskiert-die-offizielle-biographie-buch\/#primaryimage","url":"https:\/\/rockers.de\/wp-content\/uploads\/2022\/09\/Kiss-Kiss-demaskiert-Die-offizielle-Biographie-Buch.jpg","contentUrl":"https:\/\/rockers.de\/wp-content\/uploads\/2022\/09\/Kiss-Kiss-demaskiert-Die-offizielle-Biographie-Buch.jpg","width":1536,"height":2173,"caption":"Kiss-Kiss demaskiert: Die offizielle Biographie-Buch-01"},{"@type":"BreadcrumbList","@id":"https:\/\/rockers.de\/record\/kiss-kiss-demaskiert-die-offizielle-biographie-buch\/#breadcrumb","itemListElement":[{"@type":"ListItem","position":1,"name":"Startseite","item":"https:\/\/rockers.de\/"},{"@type":"ListItem","position":2,"name":"Shop","item":"https:\/\/rockers.de\/shop\/"},{"@type":"ListItem","position":3,"name":"Kiss-Kiss demaskiert: Die offizielle Biographie-Buch"}]},{"@type":"WebSite","@id":"https:\/\/rockers.de\/#website","url":"https:\/\/rockers.de\/","name":"Rockers Records","description":"Your record store in Hanover","publisher":{"@id":"https:\/\/rockers.de\/#organization"},"potentialAction":[{"@type":"SearchAction","target":{"@type":"EntryPoint","urlTemplate":"https:\/\/rockers.de\/?s={search_term_string}"},"query-input":{"@type":"PropertyValueSpecification","valueRequired":true,"valueName":"search_term_string"}}],"inLanguage":"en-US"},{"@type":"Organization","@id":"https:\/\/rockers.de\/#organization","name":"Rockers Records","url":"https:\/\/rockers.de\/","logo":{"@type":"ImageObject","inLanguage":"en-US","@id":"https:\/\/rockers.de\/#\/schema\/logo\/image\/","url":"https:\/\/rockers.de\/wp-content\/uploads\/2022\/07\/Neue-Website-2022.jpg","contentUrl":"https:\/\/rockers.de\/wp-content\/uploads\/2022\/07\/Neue-Website-2022.jpg","width":800,"height":800,"caption":"Rockers Records"},"image":{"@id":"https:\/\/rockers.de\/#\/schema\/logo\/image\/"}}]}},"_links":{"self":[{"href":"https:\/\/rockers.de\/en\/wp-json\/wp\/v2\/product\/34601","targetHints":{"allow":["GET"]}}],"collection":[{"href":"https:\/\/rockers.de\/en\/wp-json\/wp\/v2\/product"}],"about":[{"href":"https:\/\/rockers.de\/en\/wp-json\/wp\/v2\/types\/product"}],"wp:featuredmedia":[{"embeddable":true,"href":"https:\/\/rockers.de\/en\/wp-json\/wp\/v2\/media\/34602"}],"wp:attachment":[{"href":"https:\/\/rockers.de\/en\/wp-json\/wp\/v2\/media?parent=34601"}],"wp:term":[{"taxonomy":"product_brand","embeddable":true,"href":"https:\/\/rockers.de\/en\/wp-json\/wp\/v2\/product_brand?post=34601"},{"taxonomy":"product_cat","embeddable":true,"href":"https:\/\/rockers.de\/en\/wp-json\/wp\/v2\/product_cat?post=34601"},{"taxonomy":"product_tag","embeddable":true,"href":"https:\/\/rockers.de\/en\/wp-json\/wp\/v2\/product_tag?post=34601"}],"curies":[{"name":"wp","href":"https:\/\/api.w.org\/{rel}","templated":true}]}}