{"id":34595,"date":"2022-09-03T10:06:18","date_gmt":"2022-09-03T08:06:18","guid":{"rendered":"https:\/\/rockersstore.de\/record\/kiss-ungeschminkt-die-offizielle-autobiografie-buch\/"},"modified":"2022-11-12T12:19:12","modified_gmt":"2022-11-12T11:19:12","slug":"kiss-ungeschminkt-die-offizielle-autobiografie-buch","status":"publish","type":"product","link":"https:\/\/rockers.de\/en\/record\/kiss-ungeschminkt-die-offizielle-autobiografie-buch\/","title":{"rendered":"Kiss-Ungeschminkt &#8211; die offizielle Autobiografie-Buch"},"content":{"rendered":"<p>Es war ein weiter Weg, bis aus Peter Criscuola, der zu Hause im Brooklyn der 1950er Jahre auf sein selbstgebautes Drumset eintrommelte, Peter Criss wurde. Er erlebte und \u00fcberstand die Gewalt der Stra\u00dfe sowie das Auf und Ab der Musikszene der wilden Sechziger, und dabei war ihm eines immer klar: Er w\u00fcrde gro\u00df rauskommen! Die offizielle Peter-Criss-Autobiografie ist ein spannender Trip von dem Augenblick, in dem Peter seiner Mutter schwor, eines Tages im Madison Square Garden zu spielen, bis zu dem Moment, als dieser Traum wahr wurde. Peter Criss eroberte die Welt des Rock&#8217;n&#8217;Roll &#8211; unter anderem mit seinem Song &#8222;Beth&#8220;, dem gr\u00f6\u00dften KISS-Hit aller Zeiten &#8211; aber er erlebte auch die Schattenseiten des Rockstarlebens: Drogenmissbrauch, Selbstmordversuche, zwei gescheiterte Ehen und der knappe Sieg gegen seine Brustkrebserkrankung konfrontierten ihn auf die harte Tour mit der eigenen Sterblichkeit. 352 Seiten: Peter Criss&#8216; Autobigrafie ist nach \u00bbKISS &#8211; demaskiert\u00ab und Ace Frehleys Autobiographie \u00bbKeine Kompromisse\u00ab die dritte offzielle Iron-Pages-Publikation \u00fcber KISS. Die schonungslos ehrlichen und tief emotionalen Offenbarungen einer der bedeutendsten Rock-Ikonen der Welt machen \u00bbDie Wahrheit \u00fcber Kiss\u00ab zur Pflichtlekt\u00fcre f\u00fcr jeden KISS-Fan!<\/p>","protected":false},"excerpt":{"rendered":"<p>Es war ein weiter Weg, bis aus Peter Criscuola, der zu Hause im Brooklyn der 1950er Jahre auf sein selbstgebautes Drumset eintrommelte, Peter Criss wurde. Er erlebte und \u00fcberstand die Gewalt der Stra\u00dfe sowie das Auf und Ab der Musikszene der wilden Sechziger, und dabei war ihm eines immer klar: Er w\u00fcrde gro\u00df rauskommen! Die offizielle Peter-Criss-Autobiografie ist ein spannender Trip von dem Augenblick, in dem Peter seiner Mutter schwor, eines Tages im Madison Square Garden zu spielen, bis zu dem Moment, als dieser Traum wahr wurde. Peter Criss eroberte die Welt des Rock&#8217;n&#8217;Roll &#8211; unter anderem mit seinem Song &#8222;Beth&#8220;, dem gr\u00f6\u00dften KISS-Hit aller Zeiten &#8211; aber er erlebte auch die Schattenseiten des Rockstarlebens: Drogenmissbrauch, Selbstmordversuche, zwei gescheiterte Ehen und der knappe Sieg gegen seine Brustkrebserkrankung konfrontierten ihn auf die harte Tour mit der eigenen Sterblichkeit. 352 Seiten: Peter Criss&#8216; Autobigrafie ist nach \u00bbKISS &#8211; demaskiert\u00ab und Ace Frehleys Autobiographie \u00bbKeine Kompromisse\u00ab die dritte offzielle Iron-Pages-Publikation \u00fcber KISS. Die schonungslos ehrlichen und tief emotionalen Offenbarungen einer der bedeutendsten Rock-Ikonen der Welt machen \u00bbDie Wahrheit \u00fcber Kiss\u00ab zur Pflichtlekt\u00fcre f\u00fcr jeden KISS-Fan!<\/p>","protected":false},"featured_media":34596,"template":"","meta":{"_acf_changed":false},"product_brand":[],"product_cat":[97],"product_tag":[],"class_list":{"0":"post-34595","1":"product","2":"type-product","3":"status-publish","4":"has-post-thumbnail","6":"product_cat-heavy-metal","7":"pa_att_artist-kiss","8":"pa_att_artist-peter-crisslarry-sloman","9":"pa_att_format-buch","10":"pa_att_genre-heavy-metal","11":"pa_att_jahr-98","12":"pa_att_label-iron-pages","13":"pa_att_land-germany","15":"first","16":"outofstock","17":"taxable","18":"shipping-taxable","19":"purchasable","20":"product-type-simple"},"acf":[],"yoast_head":"<!-- This site is optimized with the Yoast SEO plugin v27.2 - https:\/\/yoast.com\/product\/yoast-seo-wordpress\/ -->\n<title>Kiss-Ungeschminkt - die offizielle Autobiografie-Buch - Rockers Records<\/title>\n<meta name=\"robots\" content=\"index, follow, max-snippet:-1, max-image-preview:large, max-video-preview:-1\" \/>\n<link rel=\"canonical\" href=\"https:\/\/rockers.de\/en\/record\/kiss-ungeschminkt-die-offizielle-autobiografie-buch\/\" \/>\n<meta property=\"og:locale\" content=\"en_US\" \/>\n<meta property=\"og:type\" content=\"article\" \/>\n<meta property=\"og:title\" content=\"Kiss-Ungeschminkt - die offizielle Autobiografie-Buch - Rockers Records\" \/>\n<meta property=\"og:description\" content=\"Es war ein weiter Weg, bis aus Peter Criscuola, der zu Hause im Brooklyn der 1950er Jahre auf sein selbstgebautes Drumset eintrommelte, Peter Criss wurde. Er erlebte und \u00fcberstand die Gewalt der Stra\u00dfe sowie das Auf und Ab der Musikszene der wilden Sechziger, und dabei war ihm eines immer klar: Er w\u00fcrde gro\u00df rauskommen! Die offizielle Peter-Criss-Autobiografie ist ein spannender Trip von dem Augenblick, in dem Peter seiner Mutter schwor, eines Tages im Madison Square Garden zu spielen, bis zu dem Moment, als dieser Traum wahr wurde. Peter Criss eroberte die Welt des Rock&#039;n&#039;Roll - unter anderem mit seinem Song &quot;Beth&quot;, dem gr\u00f6\u00dften KISS-Hit aller Zeiten - aber er erlebte auch die Schattenseiten des Rockstarlebens: Drogenmissbrauch, Selbstmordversuche, zwei gescheiterte Ehen und der knappe Sieg gegen seine Brustkrebserkrankung konfrontierten ihn auf die harte Tour mit der eigenen Sterblichkeit. 352 Seiten: Peter Criss&#039; Autobigrafie ist nach \u00bbKISS - demaskiert\u00ab und Ace Frehleys Autobiographie \u00bbKeine Kompromisse\u00ab die dritte offzielle Iron-Pages-Publikation \u00fcber KISS. Die schonungslos ehrlichen und tief emotionalen Offenbarungen einer der bedeutendsten Rock-Ikonen der Welt machen \u00bbDie Wahrheit \u00fcber Kiss\u00ab zur Pflichtlekt\u00fcre f\u00fcr jeden KISS-Fan!\" \/>\n<meta property=\"og:url\" content=\"https:\/\/rockers.de\/en\/record\/kiss-ungeschminkt-die-offizielle-autobiografie-buch\/\" \/>\n<meta property=\"og:site_name\" content=\"Rockers Records\" \/>\n<meta property=\"article:modified_time\" content=\"2022-11-12T11:19:12+00:00\" \/>\n<meta property=\"og:image\" content=\"https:\/\/rockers.de\/wp-content\/uploads\/2022\/09\/Kiss-Ungeschminkt-die-offizielle-Autobiografie-Buch.jpg\" \/>\n\t<meta property=\"og:image:width\" content=\"1536\" \/>\n\t<meta property=\"og:image:height\" content=\"2188\" \/>\n\t<meta property=\"og:image:type\" content=\"image\/jpeg\" \/>\n<meta name=\"twitter:card\" content=\"summary_large_image\" \/>\n<meta name=\"twitter:label1\" content=\"Est. reading time\" \/>\n\t<meta name=\"twitter:data1\" content=\"1 minute\" \/>\n<script type=\"application\/ld+json\" class=\"yoast-schema-graph\">{\"@context\":\"https:\/\/schema.org\",\"@graph\":[{\"@type\":\"WebPage\",\"@id\":\"https:\/\/rockers.de\/record\/kiss-ungeschminkt-die-offizielle-autobiografie-buch\/\",\"url\":\"https:\/\/rockers.de\/record\/kiss-ungeschminkt-die-offizielle-autobiografie-buch\/\",\"name\":\"Kiss-Ungeschminkt - die offizielle Autobiografie-Buch - Rockers Records\",\"isPartOf\":{\"@id\":\"https:\/\/rockers.de\/#website\"},\"primaryImageOfPage\":{\"@id\":\"https:\/\/rockers.de\/record\/kiss-ungeschminkt-die-offizielle-autobiografie-buch\/#primaryimage\"},\"image\":{\"@id\":\"https:\/\/rockers.de\/record\/kiss-ungeschminkt-die-offizielle-autobiografie-buch\/#primaryimage\"},\"thumbnailUrl\":\"https:\/\/rockers.de\/wp-content\/uploads\/2022\/09\/Kiss-Ungeschminkt-die-offizielle-Autobiografie-Buch.jpg\",\"datePublished\":\"2022-09-03T08:06:18+00:00\",\"dateModified\":\"2022-11-12T11:19:12+00:00\",\"breadcrumb\":{\"@id\":\"https:\/\/rockers.de\/record\/kiss-ungeschminkt-die-offizielle-autobiografie-buch\/#breadcrumb\"},\"inLanguage\":\"en-US\",\"potentialAction\":[{\"@type\":\"ReadAction\",\"target\":[\"https:\/\/rockers.de\/record\/kiss-ungeschminkt-die-offizielle-autobiografie-buch\/\"]}]},{\"@type\":\"ImageObject\",\"inLanguage\":\"en-US\",\"@id\":\"https:\/\/rockers.de\/record\/kiss-ungeschminkt-die-offizielle-autobiografie-buch\/#primaryimage\",\"url\":\"https:\/\/rockers.de\/wp-content\/uploads\/2022\/09\/Kiss-Ungeschminkt-die-offizielle-Autobiografie-Buch.jpg\",\"contentUrl\":\"https:\/\/rockers.de\/wp-content\/uploads\/2022\/09\/Kiss-Ungeschminkt-die-offizielle-Autobiografie-Buch.jpg\",\"width\":1536,\"height\":2188,\"caption\":\"Kiss-Ungeschminkt - die offizielle Autobiografie-Buch-01\"},{\"@type\":\"BreadcrumbList\",\"@id\":\"https:\/\/rockers.de\/record\/kiss-ungeschminkt-die-offizielle-autobiografie-buch\/#breadcrumb\",\"itemListElement\":[{\"@type\":\"ListItem\",\"position\":1,\"name\":\"Startseite\",\"item\":\"https:\/\/rockers.de\/\"},{\"@type\":\"ListItem\",\"position\":2,\"name\":\"Shop\",\"item\":\"https:\/\/rockers.de\/shop\/\"},{\"@type\":\"ListItem\",\"position\":3,\"name\":\"Kiss-Ungeschminkt &#8211; die offizielle Autobiografie-Buch\"}]},{\"@type\":\"WebSite\",\"@id\":\"https:\/\/rockers.de\/#website\",\"url\":\"https:\/\/rockers.de\/\",\"name\":\"Rockers Records\",\"description\":\"Dein Schallplatten Store in Hannover\",\"publisher\":{\"@id\":\"https:\/\/rockers.de\/#organization\"},\"potentialAction\":[{\"@type\":\"SearchAction\",\"target\":{\"@type\":\"EntryPoint\",\"urlTemplate\":\"https:\/\/rockers.de\/?s={search_term_string}\"},\"query-input\":{\"@type\":\"PropertyValueSpecification\",\"valueRequired\":true,\"valueName\":\"search_term_string\"}}],\"inLanguage\":\"en-US\"},{\"@type\":\"Organization\",\"@id\":\"https:\/\/rockers.de\/#organization\",\"name\":\"Rockers Records\",\"url\":\"https:\/\/rockers.de\/\",\"logo\":{\"@type\":\"ImageObject\",\"inLanguage\":\"en-US\",\"@id\":\"https:\/\/rockers.de\/#\/schema\/logo\/image\/\",\"url\":\"https:\/\/rockers.de\/wp-content\/uploads\/2022\/07\/Neue-Website-2022.jpg\",\"contentUrl\":\"https:\/\/rockers.de\/wp-content\/uploads\/2022\/07\/Neue-Website-2022.jpg\",\"width\":800,\"height\":800,\"caption\":\"Rockers Records\"},\"image\":{\"@id\":\"https:\/\/rockers.de\/#\/schema\/logo\/image\/\"}}]}<\/script>\n<!-- \/ Yoast SEO plugin. -->","yoast_head_json":{"title":"Kiss-Ungeschminkt - die offizielle Autobiografie-Buch - Rockers Records","robots":{"index":"index","follow":"follow","max-snippet":"max-snippet:-1","max-image-preview":"max-image-preview:large","max-video-preview":"max-video-preview:-1"},"canonical":"https:\/\/rockers.de\/en\/record\/kiss-ungeschminkt-die-offizielle-autobiografie-buch\/","og_locale":"en_US","og_type":"article","og_title":"Kiss-Ungeschminkt - die offizielle Autobiografie-Buch - Rockers Records","og_description":"Es war ein weiter Weg, bis aus Peter Criscuola, der zu Hause im Brooklyn der 1950er Jahre auf sein selbstgebautes Drumset eintrommelte, Peter Criss wurde. Er erlebte und \u00fcberstand die Gewalt der Stra\u00dfe sowie das Auf und Ab der Musikszene der wilden Sechziger, und dabei war ihm eines immer klar: Er w\u00fcrde gro\u00df rauskommen! Die offizielle Peter-Criss-Autobiografie ist ein spannender Trip von dem Augenblick, in dem Peter seiner Mutter schwor, eines Tages im Madison Square Garden zu spielen, bis zu dem Moment, als dieser Traum wahr wurde. Peter Criss eroberte die Welt des Rock'n'Roll - unter anderem mit seinem Song \"Beth\", dem gr\u00f6\u00dften KISS-Hit aller Zeiten - aber er erlebte auch die Schattenseiten des Rockstarlebens: Drogenmissbrauch, Selbstmordversuche, zwei gescheiterte Ehen und der knappe Sieg gegen seine Brustkrebserkrankung konfrontierten ihn auf die harte Tour mit der eigenen Sterblichkeit. 352 Seiten: Peter Criss' Autobigrafie ist nach \u00bbKISS - demaskiert\u00ab und Ace Frehleys Autobiographie \u00bbKeine Kompromisse\u00ab die dritte offzielle Iron-Pages-Publikation \u00fcber KISS. Die schonungslos ehrlichen und tief emotionalen Offenbarungen einer der bedeutendsten Rock-Ikonen der Welt machen \u00bbDie Wahrheit \u00fcber Kiss\u00ab zur Pflichtlekt\u00fcre f\u00fcr jeden KISS-Fan!","og_url":"https:\/\/rockers.de\/en\/record\/kiss-ungeschminkt-die-offizielle-autobiografie-buch\/","og_site_name":"Rockers Records","article_modified_time":"2022-11-12T11:19:12+00:00","og_image":[{"width":1536,"height":2188,"url":"https:\/\/rockers.de\/wp-content\/uploads\/2022\/09\/Kiss-Ungeschminkt-die-offizielle-Autobiografie-Buch.jpg","type":"image\/jpeg"}],"twitter_card":"summary_large_image","twitter_misc":{"Est. reading time":"1 minute"},"schema":{"@context":"https:\/\/schema.org","@graph":[{"@type":"WebPage","@id":"https:\/\/rockers.de\/record\/kiss-ungeschminkt-die-offizielle-autobiografie-buch\/","url":"https:\/\/rockers.de\/record\/kiss-ungeschminkt-die-offizielle-autobiografie-buch\/","name":"Kiss-Ungeschminkt - die offizielle Autobiografie-Buch - Rockers Records","isPartOf":{"@id":"https:\/\/rockers.de\/#website"},"primaryImageOfPage":{"@id":"https:\/\/rockers.de\/record\/kiss-ungeschminkt-die-offizielle-autobiografie-buch\/#primaryimage"},"image":{"@id":"https:\/\/rockers.de\/record\/kiss-ungeschminkt-die-offizielle-autobiografie-buch\/#primaryimage"},"thumbnailUrl":"https:\/\/rockers.de\/wp-content\/uploads\/2022\/09\/Kiss-Ungeschminkt-die-offizielle-Autobiografie-Buch.jpg","datePublished":"2022-09-03T08:06:18+00:00","dateModified":"2022-11-12T11:19:12+00:00","breadcrumb":{"@id":"https:\/\/rockers.de\/record\/kiss-ungeschminkt-die-offizielle-autobiografie-buch\/#breadcrumb"},"inLanguage":"en-US","potentialAction":[{"@type":"ReadAction","target":["https:\/\/rockers.de\/record\/kiss-ungeschminkt-die-offizielle-autobiografie-buch\/"]}]},{"@type":"ImageObject","inLanguage":"en-US","@id":"https:\/\/rockers.de\/record\/kiss-ungeschminkt-die-offizielle-autobiografie-buch\/#primaryimage","url":"https:\/\/rockers.de\/wp-content\/uploads\/2022\/09\/Kiss-Ungeschminkt-die-offizielle-Autobiografie-Buch.jpg","contentUrl":"https:\/\/rockers.de\/wp-content\/uploads\/2022\/09\/Kiss-Ungeschminkt-die-offizielle-Autobiografie-Buch.jpg","width":1536,"height":2188,"caption":"Kiss-Ungeschminkt - die offizielle Autobiografie-Buch-01"},{"@type":"BreadcrumbList","@id":"https:\/\/rockers.de\/record\/kiss-ungeschminkt-die-offizielle-autobiografie-buch\/#breadcrumb","itemListElement":[{"@type":"ListItem","position":1,"name":"Startseite","item":"https:\/\/rockers.de\/"},{"@type":"ListItem","position":2,"name":"Shop","item":"https:\/\/rockers.de\/shop\/"},{"@type":"ListItem","position":3,"name":"Kiss-Ungeschminkt &#8211; die offizielle Autobiografie-Buch"}]},{"@type":"WebSite","@id":"https:\/\/rockers.de\/#website","url":"https:\/\/rockers.de\/","name":"Rockers Records","description":"Your record store in Hanover","publisher":{"@id":"https:\/\/rockers.de\/#organization"},"potentialAction":[{"@type":"SearchAction","target":{"@type":"EntryPoint","urlTemplate":"https:\/\/rockers.de\/?s={search_term_string}"},"query-input":{"@type":"PropertyValueSpecification","valueRequired":true,"valueName":"search_term_string"}}],"inLanguage":"en-US"},{"@type":"Organization","@id":"https:\/\/rockers.de\/#organization","name":"Rockers Records","url":"https:\/\/rockers.de\/","logo":{"@type":"ImageObject","inLanguage":"en-US","@id":"https:\/\/rockers.de\/#\/schema\/logo\/image\/","url":"https:\/\/rockers.de\/wp-content\/uploads\/2022\/07\/Neue-Website-2022.jpg","contentUrl":"https:\/\/rockers.de\/wp-content\/uploads\/2022\/07\/Neue-Website-2022.jpg","width":800,"height":800,"caption":"Rockers Records"},"image":{"@id":"https:\/\/rockers.de\/#\/schema\/logo\/image\/"}}]}},"_links":{"self":[{"href":"https:\/\/rockers.de\/en\/wp-json\/wp\/v2\/product\/34595","targetHints":{"allow":["GET"]}}],"collection":[{"href":"https:\/\/rockers.de\/en\/wp-json\/wp\/v2\/product"}],"about":[{"href":"https:\/\/rockers.de\/en\/wp-json\/wp\/v2\/types\/product"}],"wp:featuredmedia":[{"embeddable":true,"href":"https:\/\/rockers.de\/en\/wp-json\/wp\/v2\/media\/34596"}],"wp:attachment":[{"href":"https:\/\/rockers.de\/en\/wp-json\/wp\/v2\/media?parent=34595"}],"wp:term":[{"taxonomy":"product_brand","embeddable":true,"href":"https:\/\/rockers.de\/en\/wp-json\/wp\/v2\/product_brand?post=34595"},{"taxonomy":"product_cat","embeddable":true,"href":"https:\/\/rockers.de\/en\/wp-json\/wp\/v2\/product_cat?post=34595"},{"taxonomy":"product_tag","embeddable":true,"href":"https:\/\/rockers.de\/en\/wp-json\/wp\/v2\/product_tag?post=34595"}],"curies":[{"name":"wp","href":"https:\/\/api.w.org\/{rel}","templated":true}]}}