{"id":23519,"date":"2022-09-02T15:06:31","date_gmt":"2022-09-02T13:06:31","guid":{"rendered":"https:\/\/rockersstore.de\/record\/the-big-swamp-the-big-swamp-lp-vinyl\/"},"modified":"2025-12-27T12:15:19","modified_gmt":"2025-12-27T11:15:19","slug":"the-big-swamp-the-big-swamp-lp-vinyl","status":"publish","type":"product","link":"https:\/\/rockers.de\/en\/record\/the-big-swamp-the-big-swamp-lp-vinyl\/","title":{"rendered":"The Big Swamp-The Big Swamp-LP (Vinyl)"},"content":{"rendered":"<p>Der S\u00fcdosten der Vereinigten Staaten. Wiege des Blues. Man tr\u00e4gt Trucker Hats, karierte Flanellhemden und verschlissene Boots mit Stolz, die moskitogeschw\u00e4ngerte Luft flirrt. Genau diese Luft atmet The Big Swamp. Slide-Gitarre, Blues-Harp, Bass schaffen einen unverwechselbaren Stil. Delta Blues. Southern Rock. Swamp Rock. Erdig, pulsierend, urspr\u00fcnglich. Ehrlich und authentisch. Die erste The Big Swamp-Vinylver\u00f6ffentlichung enth\u00e4lt neben sieben Songs der bisherigen CD-Releases das exklusiv f\u00fcr diese Scheibe eingespielte &#8222;If Boogie Is A Sin, You Gotta Sell Your Soul&#8220; \u2013 eine weitere charakterstarke Komposition der Band. Die LP wurde in Top-Qualit\u00e4t von Pallas gepresst und kommt in einem aufwendigen und liebevoll gestalteten dicken Klappcover. Der Mastering-Feinschliff f\u00fcr das Vinyl wurde der \u201eThe Big Swamp\u201c-Compilation in Nashville, Tennessee, verpasst. Die Hildesheimer Band hat seit 2014 drei CDs herausgebracht, die Vinyl-Compilation ist die vierte Ver\u00f6ffentlichung des hannoverschen Labels und Plattenladens Rockers Records. F\u00fcr Freunde von: Shawn James, Foghat, R.L. Burnside, Jack White, Wucan, Siena Root oder Blackberry Smoke. Stats: 2.500+ Fans auf Facebook, 6.000+ Klicks auf Soundcloud, 14.000+ Klicks auf Youtube f\u00fcr \u201eRiver Mud\u201c Anh\u00f6ren: https:\/\/thebigswamp.bandcamp.com\/album\/the-big-swamp<\/p>","protected":false},"excerpt":{"rendered":"<p>Der S\u00fcdosten der Vereinigten Staaten. Wiege des Blues. Man tr\u00e4gt Trucker Hats, karierte Flanellhemden und verschlissene Boots mit Stolz, die moskitogeschw\u00e4ngerte Luft flirrt. Genau diese Luft atmet The Big Swamp. Slide-Gitarre, Blues-Harp, Bass schaffen einen unverwechselbaren Stil. Delta Blues. Southern Rock. Swamp Rock. Erdig, pulsierend, urspr\u00fcnglich. Ehrlich und authentisch. Die erste The Big Swamp-Vinylver\u00f6ffentlichung enth\u00e4lt neben sieben Songs der bisherigen CD-Releases das exklusiv f\u00fcr diese Scheibe eingespielte &#8222;If Boogie Is A Sin, You Gotta Sell Your Soul&#8220; \u2013 eine weitere charakterstarke Komposition der Band. Die LP wurde in Top-Qualit\u00e4t von Pallas gepresst und kommt in einem aufwendigen und liebevoll gestalteten dicken Klappcover. Der Mastering-Feinschliff f\u00fcr das Vinyl wurde der \u201eThe Big Swamp\u201c-Compilation in Nashville, Tennessee, verpasst. Die Hildesheimer Band hat seit 2014 drei CDs herausgebracht, die Vinyl-Compilation ist die vierte Ver\u00f6ffentlichung des hannoverschen Labels und Plattenladens Rockers Records. F\u00fcr Freunde von: Shawn James, Foghat, R.L. Burnside, Jack White, Wucan, Siena Root oder Blackberry Smoke. Stats: 2.500+ Fans auf Facebook, 6.000+ Klicks auf Soundcloud, 14.000+ Klicks auf Youtube f\u00fcr \u201eRiver Mud\u201c Anh\u00f6ren: https:\/\/thebigswamp.bandcamp.com\/album\/the-big-swamp<\/p>","protected":false},"featured_media":23520,"template":"","meta":{"_acf_changed":false},"product_brand":[],"product_cat":[150,554,175],"product_tag":[],"class_list":{"0":"post-23519","1":"product","2":"type-product","3":"status-publish","4":"has-post-thumbnail","6":"product_cat-alternative-rock","7":"product_cat-blues","8":"product_cat-rock","9":"pa_att_artist-the-big-swamp","10":"pa_att_format-lp-vinyl","11":"pa_att_genre-alternative-rock","12":"pa_att_label-rockers-records-3","13":"pa_att_land-germany","15":"first","16":"instock","17":"taxable","18":"shipping-taxable","19":"purchasable","20":"product-type-simple"},"acf":[],"yoast_head":"<!-- This site is optimized with the Yoast SEO plugin v27.2 - https:\/\/yoast.com\/product\/yoast-seo-wordpress\/ -->\n<title>The Big Swamp-The Big Swamp-LP (Vinyl) - Rockers Records<\/title>\n<meta name=\"robots\" content=\"index, follow, max-snippet:-1, max-image-preview:large, max-video-preview:-1\" \/>\n<link rel=\"canonical\" href=\"https:\/\/rockers.de\/en\/record\/the-big-swamp-the-big-swamp-lp-vinyl\/\" \/>\n<meta property=\"og:locale\" content=\"en_US\" \/>\n<meta property=\"og:type\" content=\"article\" \/>\n<meta property=\"og:title\" content=\"The Big Swamp-The Big Swamp-LP (Vinyl) - Rockers Records\" \/>\n<meta property=\"og:description\" content=\"Der S\u00fcdosten der Vereinigten Staaten. Wiege des Blues. Man tr\u00e4gt Trucker Hats, karierte Flanellhemden und verschlissene Boots mit Stolz, die moskitogeschw\u00e4ngerte Luft flirrt. Genau diese Luft atmet The Big Swamp. Slide-Gitarre, Blues-Harp, Bass schaffen einen unverwechselbaren Stil. Delta Blues. Southern Rock. Swamp Rock. Erdig, pulsierend, urspr\u00fcnglich. Ehrlich und authentisch. Die erste The Big Swamp-Vinylver\u00f6ffentlichung enth\u00e4lt neben sieben Songs der bisherigen CD-Releases das exklusiv f\u00fcr diese Scheibe eingespielte &quot;If Boogie Is A Sin, You Gotta Sell Your Soul&quot; \u2013 eine weitere charakterstarke Komposition der Band. Die LP wurde in Top-Qualit\u00e4t von Pallas gepresst und kommt in einem aufwendigen und liebevoll gestalteten dicken Klappcover. Der Mastering-Feinschliff f\u00fcr das Vinyl wurde der \u201eThe Big Swamp\u201c-Compilation in Nashville, Tennessee, verpasst. Die Hildesheimer Band hat seit 2014 drei CDs herausgebracht, die Vinyl-Compilation ist die vierte Ver\u00f6ffentlichung des hannoverschen Labels und Plattenladens Rockers Records. F\u00fcr Freunde von: Shawn James, Foghat, R.L. Burnside, Jack White, Wucan, Siena Root oder Blackberry Smoke. Stats: 2.500+ Fans auf Facebook, 6.000+ Klicks auf Soundcloud, 14.000+ Klicks auf Youtube f\u00fcr \u201eRiver Mud\u201c Anh\u00f6ren: https:\/\/thebigswamp.bandcamp.com\/album\/the-big-swamp\" \/>\n<meta property=\"og:url\" content=\"https:\/\/rockers.de\/en\/record\/the-big-swamp-the-big-swamp-lp-vinyl\/\" \/>\n<meta property=\"og:site_name\" content=\"Rockers Records\" \/>\n<meta property=\"article:modified_time\" content=\"2025-12-27T11:15:19+00:00\" \/>\n<meta property=\"og:image\" content=\"https:\/\/rockers.de\/wp-content\/uploads\/2022\/09\/The-Big-Swamp-The-Big-Swamp-LP-Vinyl.jpg\" \/>\n\t<meta property=\"og:image:width\" content=\"1536\" \/>\n\t<meta property=\"og:image:height\" content=\"1536\" \/>\n\t<meta property=\"og:image:type\" content=\"image\/jpeg\" \/>\n<meta name=\"twitter:card\" content=\"summary_large_image\" \/>\n<meta name=\"twitter:label1\" content=\"Est. reading time\" \/>\n\t<meta name=\"twitter:data1\" content=\"1 minute\" \/>\n<script type=\"application\/ld+json\" class=\"yoast-schema-graph\">{\"@context\":\"https:\/\/schema.org\",\"@graph\":[{\"@type\":\"WebPage\",\"@id\":\"https:\/\/rockers.de\/record\/the-big-swamp-the-big-swamp-lp-vinyl\/\",\"url\":\"https:\/\/rockers.de\/record\/the-big-swamp-the-big-swamp-lp-vinyl\/\",\"name\":\"The Big Swamp-The Big Swamp-LP (Vinyl) - Rockers Records\",\"isPartOf\":{\"@id\":\"https:\/\/rockers.de\/#website\"},\"primaryImageOfPage\":{\"@id\":\"https:\/\/rockers.de\/record\/the-big-swamp-the-big-swamp-lp-vinyl\/#primaryimage\"},\"image\":{\"@id\":\"https:\/\/rockers.de\/record\/the-big-swamp-the-big-swamp-lp-vinyl\/#primaryimage\"},\"thumbnailUrl\":\"https:\/\/rockers.de\/wp-content\/uploads\/2022\/09\/The-Big-Swamp-The-Big-Swamp-LP-Vinyl.jpg\",\"datePublished\":\"2022-09-02T13:06:31+00:00\",\"dateModified\":\"2025-12-27T11:15:19+00:00\",\"breadcrumb\":{\"@id\":\"https:\/\/rockers.de\/record\/the-big-swamp-the-big-swamp-lp-vinyl\/#breadcrumb\"},\"inLanguage\":\"en-US\",\"potentialAction\":[{\"@type\":\"ReadAction\",\"target\":[\"https:\/\/rockers.de\/record\/the-big-swamp-the-big-swamp-lp-vinyl\/\"]}]},{\"@type\":\"ImageObject\",\"inLanguage\":\"en-US\",\"@id\":\"https:\/\/rockers.de\/record\/the-big-swamp-the-big-swamp-lp-vinyl\/#primaryimage\",\"url\":\"https:\/\/rockers.de\/wp-content\/uploads\/2022\/09\/The-Big-Swamp-The-Big-Swamp-LP-Vinyl.jpg\",\"contentUrl\":\"https:\/\/rockers.de\/wp-content\/uploads\/2022\/09\/The-Big-Swamp-The-Big-Swamp-LP-Vinyl.jpg\",\"width\":1536,\"height\":1536,\"caption\":\"The Big Swamp-The Big Swamp-LP (Vinyl)-01\"},{\"@type\":\"BreadcrumbList\",\"@id\":\"https:\/\/rockers.de\/record\/the-big-swamp-the-big-swamp-lp-vinyl\/#breadcrumb\",\"itemListElement\":[{\"@type\":\"ListItem\",\"position\":1,\"name\":\"Startseite\",\"item\":\"https:\/\/rockers.de\/\"},{\"@type\":\"ListItem\",\"position\":2,\"name\":\"Shop\",\"item\":\"https:\/\/rockers.de\/shop\/\"},{\"@type\":\"ListItem\",\"position\":3,\"name\":\"The Big Swamp-The Big Swamp-LP (Vinyl)\"}]},{\"@type\":\"WebSite\",\"@id\":\"https:\/\/rockers.de\/#website\",\"url\":\"https:\/\/rockers.de\/\",\"name\":\"Rockers Records\",\"description\":\"Dein Schallplatten Store in Hannover\",\"publisher\":{\"@id\":\"https:\/\/rockers.de\/#organization\"},\"potentialAction\":[{\"@type\":\"SearchAction\",\"target\":{\"@type\":\"EntryPoint\",\"urlTemplate\":\"https:\/\/rockers.de\/?s={search_term_string}\"},\"query-input\":{\"@type\":\"PropertyValueSpecification\",\"valueRequired\":true,\"valueName\":\"search_term_string\"}}],\"inLanguage\":\"en-US\"},{\"@type\":\"Organization\",\"@id\":\"https:\/\/rockers.de\/#organization\",\"name\":\"Rockers Records\",\"url\":\"https:\/\/rockers.de\/\",\"logo\":{\"@type\":\"ImageObject\",\"inLanguage\":\"en-US\",\"@id\":\"https:\/\/rockers.de\/#\/schema\/logo\/image\/\",\"url\":\"https:\/\/rockers.de\/wp-content\/uploads\/2022\/07\/Neue-Website-2022.jpg\",\"contentUrl\":\"https:\/\/rockers.de\/wp-content\/uploads\/2022\/07\/Neue-Website-2022.jpg\",\"width\":800,\"height\":800,\"caption\":\"Rockers Records\"},\"image\":{\"@id\":\"https:\/\/rockers.de\/#\/schema\/logo\/image\/\"}}]}<\/script>\n<!-- \/ Yoast SEO plugin. -->","yoast_head_json":{"title":"The Big Swamp-The Big Swamp-LP (Vinyl) - Rockers Records","robots":{"index":"index","follow":"follow","max-snippet":"max-snippet:-1","max-image-preview":"max-image-preview:large","max-video-preview":"max-video-preview:-1"},"canonical":"https:\/\/rockers.de\/en\/record\/the-big-swamp-the-big-swamp-lp-vinyl\/","og_locale":"en_US","og_type":"article","og_title":"The Big Swamp-The Big Swamp-LP (Vinyl) - Rockers Records","og_description":"Der S\u00fcdosten der Vereinigten Staaten. Wiege des Blues. Man tr\u00e4gt Trucker Hats, karierte Flanellhemden und verschlissene Boots mit Stolz, die moskitogeschw\u00e4ngerte Luft flirrt. Genau diese Luft atmet The Big Swamp. Slide-Gitarre, Blues-Harp, Bass schaffen einen unverwechselbaren Stil. Delta Blues. Southern Rock. Swamp Rock. Erdig, pulsierend, urspr\u00fcnglich. Ehrlich und authentisch. Die erste The Big Swamp-Vinylver\u00f6ffentlichung enth\u00e4lt neben sieben Songs der bisherigen CD-Releases das exklusiv f\u00fcr diese Scheibe eingespielte \"If Boogie Is A Sin, You Gotta Sell Your Soul\" \u2013 eine weitere charakterstarke Komposition der Band. Die LP wurde in Top-Qualit\u00e4t von Pallas gepresst und kommt in einem aufwendigen und liebevoll gestalteten dicken Klappcover. Der Mastering-Feinschliff f\u00fcr das Vinyl wurde der \u201eThe Big Swamp\u201c-Compilation in Nashville, Tennessee, verpasst. Die Hildesheimer Band hat seit 2014 drei CDs herausgebracht, die Vinyl-Compilation ist die vierte Ver\u00f6ffentlichung des hannoverschen Labels und Plattenladens Rockers Records. F\u00fcr Freunde von: Shawn James, Foghat, R.L. Burnside, Jack White, Wucan, Siena Root oder Blackberry Smoke. Stats: 2.500+ Fans auf Facebook, 6.000+ Klicks auf Soundcloud, 14.000+ Klicks auf Youtube f\u00fcr \u201eRiver Mud\u201c Anh\u00f6ren: https:\/\/thebigswamp.bandcamp.com\/album\/the-big-swamp","og_url":"https:\/\/rockers.de\/en\/record\/the-big-swamp-the-big-swamp-lp-vinyl\/","og_site_name":"Rockers Records","article_modified_time":"2025-12-27T11:15:19+00:00","og_image":[{"width":1536,"height":1536,"url":"https:\/\/rockers.de\/wp-content\/uploads\/2022\/09\/The-Big-Swamp-The-Big-Swamp-LP-Vinyl.jpg","type":"image\/jpeg"}],"twitter_card":"summary_large_image","twitter_misc":{"Est. reading time":"1 minute"},"schema":{"@context":"https:\/\/schema.org","@graph":[{"@type":"WebPage","@id":"https:\/\/rockers.de\/record\/the-big-swamp-the-big-swamp-lp-vinyl\/","url":"https:\/\/rockers.de\/record\/the-big-swamp-the-big-swamp-lp-vinyl\/","name":"The Big Swamp-The Big Swamp-LP (Vinyl) - Rockers Records","isPartOf":{"@id":"https:\/\/rockers.de\/#website"},"primaryImageOfPage":{"@id":"https:\/\/rockers.de\/record\/the-big-swamp-the-big-swamp-lp-vinyl\/#primaryimage"},"image":{"@id":"https:\/\/rockers.de\/record\/the-big-swamp-the-big-swamp-lp-vinyl\/#primaryimage"},"thumbnailUrl":"https:\/\/rockers.de\/wp-content\/uploads\/2022\/09\/The-Big-Swamp-The-Big-Swamp-LP-Vinyl.jpg","datePublished":"2022-09-02T13:06:31+00:00","dateModified":"2025-12-27T11:15:19+00:00","breadcrumb":{"@id":"https:\/\/rockers.de\/record\/the-big-swamp-the-big-swamp-lp-vinyl\/#breadcrumb"},"inLanguage":"en-US","potentialAction":[{"@type":"ReadAction","target":["https:\/\/rockers.de\/record\/the-big-swamp-the-big-swamp-lp-vinyl\/"]}]},{"@type":"ImageObject","inLanguage":"en-US","@id":"https:\/\/rockers.de\/record\/the-big-swamp-the-big-swamp-lp-vinyl\/#primaryimage","url":"https:\/\/rockers.de\/wp-content\/uploads\/2022\/09\/The-Big-Swamp-The-Big-Swamp-LP-Vinyl.jpg","contentUrl":"https:\/\/rockers.de\/wp-content\/uploads\/2022\/09\/The-Big-Swamp-The-Big-Swamp-LP-Vinyl.jpg","width":1536,"height":1536,"caption":"The Big Swamp-The Big Swamp-LP (Vinyl)-01"},{"@type":"BreadcrumbList","@id":"https:\/\/rockers.de\/record\/the-big-swamp-the-big-swamp-lp-vinyl\/#breadcrumb","itemListElement":[{"@type":"ListItem","position":1,"name":"Startseite","item":"https:\/\/rockers.de\/"},{"@type":"ListItem","position":2,"name":"Shop","item":"https:\/\/rockers.de\/shop\/"},{"@type":"ListItem","position":3,"name":"The Big Swamp-The Big Swamp-LP (Vinyl)"}]},{"@type":"WebSite","@id":"https:\/\/rockers.de\/#website","url":"https:\/\/rockers.de\/","name":"Rockers Records","description":"Your record store in Hanover","publisher":{"@id":"https:\/\/rockers.de\/#organization"},"potentialAction":[{"@type":"SearchAction","target":{"@type":"EntryPoint","urlTemplate":"https:\/\/rockers.de\/?s={search_term_string}"},"query-input":{"@type":"PropertyValueSpecification","valueRequired":true,"valueName":"search_term_string"}}],"inLanguage":"en-US"},{"@type":"Organization","@id":"https:\/\/rockers.de\/#organization","name":"Rockers Records","url":"https:\/\/rockers.de\/","logo":{"@type":"ImageObject","inLanguage":"en-US","@id":"https:\/\/rockers.de\/#\/schema\/logo\/image\/","url":"https:\/\/rockers.de\/wp-content\/uploads\/2022\/07\/Neue-Website-2022.jpg","contentUrl":"https:\/\/rockers.de\/wp-content\/uploads\/2022\/07\/Neue-Website-2022.jpg","width":800,"height":800,"caption":"Rockers Records"},"image":{"@id":"https:\/\/rockers.de\/#\/schema\/logo\/image\/"}}]}},"_links":{"self":[{"href":"https:\/\/rockers.de\/en\/wp-json\/wp\/v2\/product\/23519","targetHints":{"allow":["GET"]}}],"collection":[{"href":"https:\/\/rockers.de\/en\/wp-json\/wp\/v2\/product"}],"about":[{"href":"https:\/\/rockers.de\/en\/wp-json\/wp\/v2\/types\/product"}],"wp:featuredmedia":[{"embeddable":true,"href":"https:\/\/rockers.de\/en\/wp-json\/wp\/v2\/media\/23520"}],"wp:attachment":[{"href":"https:\/\/rockers.de\/en\/wp-json\/wp\/v2\/media?parent=23519"}],"wp:term":[{"taxonomy":"product_brand","embeddable":true,"href":"https:\/\/rockers.de\/en\/wp-json\/wp\/v2\/product_brand?post=23519"},{"taxonomy":"product_cat","embeddable":true,"href":"https:\/\/rockers.de\/en\/wp-json\/wp\/v2\/product_cat?post=23519"},{"taxonomy":"product_tag","embeddable":true,"href":"https:\/\/rockers.de\/en\/wp-json\/wp\/v2\/product_tag?post=23519"}],"curies":[{"name":"wp","href":"https:\/\/api.w.org\/{rel}","templated":true}]}}