{"id":182294,"date":"2026-05-02T11:13:26","date_gmt":"2026-05-02T09:13:26","guid":{"rendered":"https:\/\/rockers.de\/?post_type=product&#038;p=182294"},"modified":"2026-05-02T11:13:26","modified_gmt":"2026-05-02T09:13:26","slug":"iam-lecole-du-micro-dargent-lp-vinyl-3","status":"publish","type":"product","link":"https:\/\/rockers.de\/en\/record\/iam-lecole-du-micro-dargent-lp-vinyl-3\/","title":{"rendered":"IAM-L&#8217;\u00c9cole Du Micro D&#8217;Argent-LP Vinyl"},"content":{"rendered":"<p>Reissue, gatefold sleeve.<\/p>","protected":false},"excerpt":{"rendered":"<p>French hype sticker:<br \/>\nCet album est r\u00e9\u00e9dit\u00e9 dans le plus grand respect de la vision artistique du groupe IAM.<br \/>\nPochette originale<br \/>\nPressage sur vinyles 180g.<\/p>\n<p>English hype sticker:<br \/>\nLong-awaited reissue of late-90&#8217;s french hip-hop masterpiece on 3LP 180gm vinyl<\/p>\n<p>Gatefold Sleeve<\/p>\n<p>Mastered at Hit Factory Mastering, New York, except &#8222;La Saga&#8220;. Assistant Engineers Phil Painson and Danny Madorsky at Greene Street Recording Studios, Tim &#8222;The Enchanter&#8220; Conklin, Erica Larsen, Joe Rivera and Patrick Derivaz at Sorcerer Sound Studios, Mike Rew and Dave Aronson at Studios Quad Recordings, Jacques Obadia and Olivier Millo at Studio Zorrino, Manu Fyrabend at Studio Guillaume Tell, Fabrice Leyni and Thierry Chemouny at Studio Mega. Edited at Studios Greene Street.<\/p>\n<p>Track A1, B3, D2, E3 recorded at Greene Street and Studio Guillaume Tell, mixed at Studio Guillaume Tell.<br \/>\nTrack A2, C1, C2, D1, E1, F1 recorded and mixed at Studio Mega.<br \/>\nTrack B1 recorded and mixed at Studio Guillaume Tell.<br \/>\nTrack B2 recorded at Greene Street Studios, Quad Recording and Sorcerer Studios, New York. Additional Recording at Studio Guillaume Tell.<br \/>\nTrack C3, E2 recorded at Greene Street Recording Studios, New York. Mixed at Sorcerer Sound, New York.<br \/>\nTrack F2 recorded at Greene Street Recording Studios, New York. Mixed at Studio Guillaume Tell.<\/p>\n<p>\u2117 1997 \u00a9 2015 Warner Music France<\/p>","protected":false},"featured_media":182296,"template":"","meta":{"_acf_changed":false},"product_brand":[],"product_cat":[224],"product_tag":[],"class_list":{"0":"post-182294","1":"product","2":"type-product","3":"status-publish","4":"has-post-thumbnail","6":"product_cat-hip-hop","7":"pa_att_artist-iam","8":"pa_att_format-lp-vinyl","9":"pa_att_genre-hip-hop","10":"pa_att_jahr-249","11":"pa_att_label-warner-music-france","12":"pa_att_land-europe","14":"first","15":"instock","16":"taxable","17":"shipping-taxable","18":"purchasable","19":"product-type-simple"},"acf":[],"yoast_head":"<!-- This site is optimized with the Yoast SEO plugin v27.3 - https:\/\/yoast.com\/product\/yoast-seo-wordpress\/ -->\n<title>IAM-L&#039;\u00c9cole Du Micro D&#039;Argent-LP Vinyl - Rockers Records<\/title>\n<meta name=\"robots\" content=\"index, follow, max-snippet:-1, max-image-preview:large, max-video-preview:-1\" \/>\n<link rel=\"canonical\" href=\"https:\/\/rockers.de\/en\/record\/iam-lecole-du-micro-dargent-lp-vinyl-3\/\" \/>\n<meta property=\"og:locale\" content=\"en_US\" \/>\n<meta property=\"og:type\" content=\"article\" \/>\n<meta property=\"og:title\" content=\"IAM-L&#039;\u00c9cole Du Micro D&#039;Argent-LP Vinyl - Rockers Records\" \/>\n<meta property=\"og:description\" content=\"French hype sticker: Cet album est r\u00e9\u00e9dit\u00e9 dans le plus grand respect de la vision artistique du groupe IAM. Pochette originale Pressage sur vinyles 180g.  English hype sticker: Long-awaited reissue of late-90&#039;s french hip-hop masterpiece on 3LP 180gm vinyl  Gatefold Sleeve  Mastered at Hit Factory Mastering, New York, except &quot;La Saga&quot;. Assistant Engineers Phil Painson and Danny Madorsky at Greene Street Recording Studios, Tim &quot;The Enchanter&quot; Conklin, Erica Larsen, Joe Rivera and Patrick Derivaz at Sorcerer Sound Studios, Mike Rew and Dave Aronson at Studios Quad Recordings, Jacques Obadia and Olivier Millo at Studio Zorrino, Manu Fyrabend at Studio Guillaume Tell, Fabrice Leyni and Thierry Chemouny at Studio Mega. Edited at Studios Greene Street.  Track A1, B3, D2, E3 recorded at Greene Street and Studio Guillaume Tell, mixed at Studio Guillaume Tell. Track A2, C1, C2, D1, E1, F1 recorded and mixed at Studio Mega. Track B1 recorded and mixed at Studio Guillaume Tell. Track B2 recorded at Greene Street Studios, Quad Recording and Sorcerer Studios, New York. Additional Recording at Studio Guillaume Tell. Track C3, E2 recorded at Greene Street Recording Studios, New York. Mixed at Sorcerer Sound, New York. Track F2 recorded at Greene Street Recording Studios, New York. Mixed at Studio Guillaume Tell.  \u2117 1997 \u00a9 2015 Warner Music France\" \/>\n<meta property=\"og:url\" content=\"https:\/\/rockers.de\/en\/record\/iam-lecole-du-micro-dargent-lp-vinyl-3\/\" \/>\n<meta property=\"og:site_name\" content=\"Rockers Records\" \/>\n<meta property=\"og:image\" content=\"https:\/\/rockers.de\/wp-content\/uploads\/2026\/05\/IAM-LEcole-Du-Micro-DArgent-LP-Vinyl-1.jpg\" \/>\n\t<meta property=\"og:image:width\" content=\"1800\" \/>\n\t<meta property=\"og:image:height\" content=\"1859\" \/>\n\t<meta property=\"og:image:type\" content=\"image\/jpeg\" \/>\n<meta name=\"twitter:card\" content=\"summary_large_image\" \/>\n<meta name=\"twitter:label1\" content=\"Est. reading time\" \/>\n\t<meta name=\"twitter:data1\" content=\"2 minutes\" \/>\n<script type=\"application\/ld+json\" class=\"yoast-schema-graph\">{\"@context\":\"https:\\\/\\\/schema.org\",\"@graph\":[{\"@type\":\"WebPage\",\"@id\":\"https:\\\/\\\/rockers.de\\\/record\\\/iam-lecole-du-micro-dargent-lp-vinyl-3\\\/\",\"url\":\"https:\\\/\\\/rockers.de\\\/record\\\/iam-lecole-du-micro-dargent-lp-vinyl-3\\\/\",\"name\":\"IAM-L'\u00c9cole Du Micro D'Argent-LP Vinyl - Rockers Records\",\"isPartOf\":{\"@id\":\"https:\\\/\\\/rockers.de\\\/#website\"},\"primaryImageOfPage\":{\"@id\":\"https:\\\/\\\/rockers.de\\\/record\\\/iam-lecole-du-micro-dargent-lp-vinyl-3\\\/#primaryimage\"},\"image\":{\"@id\":\"https:\\\/\\\/rockers.de\\\/record\\\/iam-lecole-du-micro-dargent-lp-vinyl-3\\\/#primaryimage\"},\"thumbnailUrl\":\"https:\\\/\\\/rockers.de\\\/wp-content\\\/uploads\\\/2026\\\/05\\\/IAM-LEcole-Du-Micro-DArgent-LP-Vinyl-1.jpg\",\"datePublished\":\"2026-05-02T09:13:26+00:00\",\"breadcrumb\":{\"@id\":\"https:\\\/\\\/rockers.de\\\/record\\\/iam-lecole-du-micro-dargent-lp-vinyl-3\\\/#breadcrumb\"},\"inLanguage\":\"en-US\",\"potentialAction\":[{\"@type\":\"ReadAction\",\"target\":[\"https:\\\/\\\/rockers.de\\\/record\\\/iam-lecole-du-micro-dargent-lp-vinyl-3\\\/\"]}]},{\"@type\":\"ImageObject\",\"inLanguage\":\"en-US\",\"@id\":\"https:\\\/\\\/rockers.de\\\/record\\\/iam-lecole-du-micro-dargent-lp-vinyl-3\\\/#primaryimage\",\"url\":\"https:\\\/\\\/rockers.de\\\/wp-content\\\/uploads\\\/2026\\\/05\\\/IAM-LEcole-Du-Micro-DArgent-LP-Vinyl-1.jpg\",\"contentUrl\":\"https:\\\/\\\/rockers.de\\\/wp-content\\\/uploads\\\/2026\\\/05\\\/IAM-LEcole-Du-Micro-DArgent-LP-Vinyl-1.jpg\",\"width\":1800,\"height\":1859,\"caption\":\"IAM-L'\u00c9cole Du Micro D'Argent-LP Vinyl\"},{\"@type\":\"BreadcrumbList\",\"@id\":\"https:\\\/\\\/rockers.de\\\/record\\\/iam-lecole-du-micro-dargent-lp-vinyl-3\\\/#breadcrumb\",\"itemListElement\":[{\"@type\":\"ListItem\",\"position\":1,\"name\":\"Startseite\",\"item\":\"https:\\\/\\\/rockers.de\\\/\"},{\"@type\":\"ListItem\",\"position\":2,\"name\":\"Shop\",\"item\":\"https:\\\/\\\/rockers.de\\\/shop\\\/\"},{\"@type\":\"ListItem\",\"position\":3,\"name\":\"IAM-L&#8217;\u00c9cole Du Micro D&#8217;Argent-LP Vinyl\"}]},{\"@type\":\"WebSite\",\"@id\":\"https:\\\/\\\/rockers.de\\\/#website\",\"url\":\"https:\\\/\\\/rockers.de\\\/\",\"name\":\"Rockers Records\",\"description\":\"Dein Schallplatten Store in Hannover\",\"publisher\":{\"@id\":\"https:\\\/\\\/rockers.de\\\/#organization\"},\"potentialAction\":[{\"@type\":\"SearchAction\",\"target\":{\"@type\":\"EntryPoint\",\"urlTemplate\":\"https:\\\/\\\/rockers.de\\\/?s={search_term_string}\"},\"query-input\":{\"@type\":\"PropertyValueSpecification\",\"valueRequired\":true,\"valueName\":\"search_term_string\"}}],\"inLanguage\":\"en-US\"},{\"@type\":\"Organization\",\"@id\":\"https:\\\/\\\/rockers.de\\\/#organization\",\"name\":\"Rockers Records\",\"url\":\"https:\\\/\\\/rockers.de\\\/\",\"logo\":{\"@type\":\"ImageObject\",\"inLanguage\":\"en-US\",\"@id\":\"https:\\\/\\\/rockers.de\\\/#\\\/schema\\\/logo\\\/image\\\/\",\"url\":\"https:\\\/\\\/rockers.de\\\/wp-content\\\/uploads\\\/2022\\\/07\\\/Neue-Website-2022.jpg\",\"contentUrl\":\"https:\\\/\\\/rockers.de\\\/wp-content\\\/uploads\\\/2022\\\/07\\\/Neue-Website-2022.jpg\",\"width\":800,\"height\":800,\"caption\":\"Rockers Records\"},\"image\":{\"@id\":\"https:\\\/\\\/rockers.de\\\/#\\\/schema\\\/logo\\\/image\\\/\"}}]}<\/script>\n<!-- \/ Yoast SEO plugin. -->","yoast_head_json":{"title":"IAM-L'\u00c9cole Du Micro D'Argent-LP Vinyl - Rockers Records","robots":{"index":"index","follow":"follow","max-snippet":"max-snippet:-1","max-image-preview":"max-image-preview:large","max-video-preview":"max-video-preview:-1"},"canonical":"https:\/\/rockers.de\/en\/record\/iam-lecole-du-micro-dargent-lp-vinyl-3\/","og_locale":"en_US","og_type":"article","og_title":"IAM-L'\u00c9cole Du Micro D'Argent-LP Vinyl - Rockers Records","og_description":"French hype sticker: Cet album est r\u00e9\u00e9dit\u00e9 dans le plus grand respect de la vision artistique du groupe IAM. Pochette originale Pressage sur vinyles 180g.  English hype sticker: Long-awaited reissue of late-90's french hip-hop masterpiece on 3LP 180gm vinyl  Gatefold Sleeve  Mastered at Hit Factory Mastering, New York, except \"La Saga\". Assistant Engineers Phil Painson and Danny Madorsky at Greene Street Recording Studios, Tim \"The Enchanter\" Conklin, Erica Larsen, Joe Rivera and Patrick Derivaz at Sorcerer Sound Studios, Mike Rew and Dave Aronson at Studios Quad Recordings, Jacques Obadia and Olivier Millo at Studio Zorrino, Manu Fyrabend at Studio Guillaume Tell, Fabrice Leyni and Thierry Chemouny at Studio Mega. Edited at Studios Greene Street.  Track A1, B3, D2, E3 recorded at Greene Street and Studio Guillaume Tell, mixed at Studio Guillaume Tell. Track A2, C1, C2, D1, E1, F1 recorded and mixed at Studio Mega. Track B1 recorded and mixed at Studio Guillaume Tell. Track B2 recorded at Greene Street Studios, Quad Recording and Sorcerer Studios, New York. Additional Recording at Studio Guillaume Tell. Track C3, E2 recorded at Greene Street Recording Studios, New York. Mixed at Sorcerer Sound, New York. Track F2 recorded at Greene Street Recording Studios, New York. Mixed at Studio Guillaume Tell.  \u2117 1997 \u00a9 2015 Warner Music France","og_url":"https:\/\/rockers.de\/en\/record\/iam-lecole-du-micro-dargent-lp-vinyl-3\/","og_site_name":"Rockers Records","og_image":[{"width":1800,"height":1859,"url":"https:\/\/rockers.de\/wp-content\/uploads\/2026\/05\/IAM-LEcole-Du-Micro-DArgent-LP-Vinyl-1.jpg","type":"image\/jpeg"}],"twitter_card":"summary_large_image","twitter_misc":{"Est. reading time":"2 minutes"},"schema":{"@context":"https:\/\/schema.org","@graph":[{"@type":"WebPage","@id":"https:\/\/rockers.de\/record\/iam-lecole-du-micro-dargent-lp-vinyl-3\/","url":"https:\/\/rockers.de\/record\/iam-lecole-du-micro-dargent-lp-vinyl-3\/","name":"IAM-L'\u00c9cole Du Micro D'Argent-LP Vinyl - Rockers Records","isPartOf":{"@id":"https:\/\/rockers.de\/#website"},"primaryImageOfPage":{"@id":"https:\/\/rockers.de\/record\/iam-lecole-du-micro-dargent-lp-vinyl-3\/#primaryimage"},"image":{"@id":"https:\/\/rockers.de\/record\/iam-lecole-du-micro-dargent-lp-vinyl-3\/#primaryimage"},"thumbnailUrl":"https:\/\/rockers.de\/wp-content\/uploads\/2026\/05\/IAM-LEcole-Du-Micro-DArgent-LP-Vinyl-1.jpg","datePublished":"2026-05-02T09:13:26+00:00","breadcrumb":{"@id":"https:\/\/rockers.de\/record\/iam-lecole-du-micro-dargent-lp-vinyl-3\/#breadcrumb"},"inLanguage":"en-US","potentialAction":[{"@type":"ReadAction","target":["https:\/\/rockers.de\/record\/iam-lecole-du-micro-dargent-lp-vinyl-3\/"]}]},{"@type":"ImageObject","inLanguage":"en-US","@id":"https:\/\/rockers.de\/record\/iam-lecole-du-micro-dargent-lp-vinyl-3\/#primaryimage","url":"https:\/\/rockers.de\/wp-content\/uploads\/2026\/05\/IAM-LEcole-Du-Micro-DArgent-LP-Vinyl-1.jpg","contentUrl":"https:\/\/rockers.de\/wp-content\/uploads\/2026\/05\/IAM-LEcole-Du-Micro-DArgent-LP-Vinyl-1.jpg","width":1800,"height":1859,"caption":"IAM-L'\u00c9cole Du Micro D'Argent-LP Vinyl"},{"@type":"BreadcrumbList","@id":"https:\/\/rockers.de\/record\/iam-lecole-du-micro-dargent-lp-vinyl-3\/#breadcrumb","itemListElement":[{"@type":"ListItem","position":1,"name":"Startseite","item":"https:\/\/rockers.de\/"},{"@type":"ListItem","position":2,"name":"Shop","item":"https:\/\/rockers.de\/shop\/"},{"@type":"ListItem","position":3,"name":"IAM-L&#8217;\u00c9cole Du Micro D&#8217;Argent-LP Vinyl"}]},{"@type":"WebSite","@id":"https:\/\/rockers.de\/#website","url":"https:\/\/rockers.de\/","name":"Rockers Records","description":"Your record store in Hanover","publisher":{"@id":"https:\/\/rockers.de\/#organization"},"potentialAction":[{"@type":"SearchAction","target":{"@type":"EntryPoint","urlTemplate":"https:\/\/rockers.de\/?s={search_term_string}"},"query-input":{"@type":"PropertyValueSpecification","valueRequired":true,"valueName":"search_term_string"}}],"inLanguage":"en-US"},{"@type":"Organization","@id":"https:\/\/rockers.de\/#organization","name":"Rockers Records","url":"https:\/\/rockers.de\/","logo":{"@type":"ImageObject","inLanguage":"en-US","@id":"https:\/\/rockers.de\/#\/schema\/logo\/image\/","url":"https:\/\/rockers.de\/wp-content\/uploads\/2022\/07\/Neue-Website-2022.jpg","contentUrl":"https:\/\/rockers.de\/wp-content\/uploads\/2022\/07\/Neue-Website-2022.jpg","width":800,"height":800,"caption":"Rockers Records"},"image":{"@id":"https:\/\/rockers.de\/#\/schema\/logo\/image\/"}}]}},"_links":{"self":[{"href":"https:\/\/rockers.de\/en\/wp-json\/wp\/v2\/product\/182294","targetHints":{"allow":["GET"]}}],"collection":[{"href":"https:\/\/rockers.de\/en\/wp-json\/wp\/v2\/product"}],"about":[{"href":"https:\/\/rockers.de\/en\/wp-json\/wp\/v2\/types\/product"}],"wp:featuredmedia":[{"embeddable":true,"href":"https:\/\/rockers.de\/en\/wp-json\/wp\/v2\/media\/182296"}],"wp:attachment":[{"href":"https:\/\/rockers.de\/en\/wp-json\/wp\/v2\/media?parent=182294"}],"wp:term":[{"taxonomy":"product_brand","embeddable":true,"href":"https:\/\/rockers.de\/en\/wp-json\/wp\/v2\/product_brand?post=182294"},{"taxonomy":"product_cat","embeddable":true,"href":"https:\/\/rockers.de\/en\/wp-json\/wp\/v2\/product_cat?post=182294"},{"taxonomy":"product_tag","embeddable":true,"href":"https:\/\/rockers.de\/en\/wp-json\/wp\/v2\/product_tag?post=182294"}],"curies":[{"name":"wp","href":"https:\/\/api.w.org\/{rel}","templated":true}]}}