{"id":179923,"date":"2026-04-08T20:36:06","date_gmt":"2026-04-08T18:36:06","guid":{"rendered":"https:\/\/rockers.de\/record\/self-esteem-cuddles-please-ep-col-lp-white-rsd-2026\/"},"modified":"2026-04-08T20:49:42","modified_gmt":"2026-04-08T18:49:42","slug":"self-esteem-cuddles-please-ep-col-lp-white-rsd-2026","status":"publish","type":"product","link":"https:\/\/rockers.de\/en\/record\/self-esteem-cuddles-please-ep-col-lp-white-rsd-2026\/","title":{"rendered":"Self Esteem Cuddles Please EP col. LP (white) RSD 2026"},"content":{"rendered":"<p>Rebecca Lucy Taylor, auch bekannt als Self Esteem, gilt als eine der besten und ergreifendsten Stimmen Gro\u00dfbritanniens. Bis heute hat sie drei Soloalben ver\u00f6ffentlicht, wobei ihr zweites Album \u201ePrioritise Pleasure\u201d 2021 f\u00fcr den Mercury Prize nominiert wurde. 2025 gewann sie ihren ersten Ivor Novello Award. Ihre Deb\u00fct-EP \u201eCuddles Please\u201c erschien am 1. Mai 2020 und war bisher nur digital erh\u00e4ltlich. Zum Record Store Day 2026 wird sie erstmals physisch ver\u00f6ffentlicht, mit den vier Titeln auf einer 12&#8243; aus wei\u00dfem Vinyl.<\/p>","protected":false},"excerpt":{"rendered":"<p>Rebecca Lucy Taylor, auch bekannt als Self Esteem, gilt als eine der besten und ergreifendsten Stimmen Gro\u00dfbritanniens. Bis heute hat<\/p>","protected":false},"featured_media":0,"template":"","meta":{"_acf_changed":false},"product_brand":[],"product_cat":[26898],"product_tag":[],"class_list":{"0":"post-179923","1":"product","2":"type-product","3":"status-publish","5":"product_cat-rsd-2026","6":"pa_artist-self-esteem","7":"pa_att_artist-self-esteem","8":"pa_att_format-lp-vinyl","9":"pa_att_genre-rock","10":"pa_att_jahr-26290","11":"pa_att_label-umc","12":"pa_format-lp-vinyl","13":"pa_jahr-26895","14":"pa_label-umc","15":"pa_lieferant-universal","17":"first","18":"outofstock","19":"taxable","20":"shipping-taxable","21":"purchasable","22":"product-type-simple"},"acf":[],"yoast_head":"<!-- This site is optimized with the Yoast SEO plugin v27.3 - https:\/\/yoast.com\/product\/yoast-seo-wordpress\/ -->\n<title>Self Esteem Cuddles Please EP col. LP (white) RSD 2026 - Rockers Records<\/title>\n<meta name=\"robots\" content=\"index, follow, max-snippet:-1, max-image-preview:large, max-video-preview:-1\" \/>\n<link rel=\"canonical\" href=\"https:\/\/rockers.de\/en\/record\/self-esteem-cuddles-please-ep-col-lp-white-rsd-2026\/\" \/>\n<meta property=\"og:locale\" content=\"en_US\" \/>\n<meta property=\"og:type\" content=\"article\" \/>\n<meta property=\"og:title\" content=\"Self Esteem Cuddles Please EP col. LP (white) RSD 2026 - Rockers Records\" \/>\n<meta property=\"og:description\" content=\"Rebecca Lucy Taylor, auch bekannt als Self Esteem, gilt als eine der besten und ergreifendsten Stimmen Gro\u00dfbritanniens. Bis heute hat\" \/>\n<meta property=\"og:url\" content=\"https:\/\/rockers.de\/en\/record\/self-esteem-cuddles-please-ep-col-lp-white-rsd-2026\/\" \/>\n<meta property=\"og:site_name\" content=\"Rockers Records\" \/>\n<meta property=\"article:modified_time\" content=\"2026-04-08T18:49:42+00:00\" \/>\n<meta name=\"twitter:card\" content=\"summary_large_image\" \/>\n<script type=\"application\/ld+json\" class=\"yoast-schema-graph\">{\"@context\":\"https:\\\/\\\/schema.org\",\"@graph\":[{\"@type\":\"WebPage\",\"@id\":\"https:\\\/\\\/rockers.de\\\/record\\\/self-esteem-cuddles-please-ep-col-lp-white-rsd-2026\\\/\",\"url\":\"https:\\\/\\\/rockers.de\\\/record\\\/self-esteem-cuddles-please-ep-col-lp-white-rsd-2026\\\/\",\"name\":\"Self Esteem Cuddles Please EP col. LP (white) RSD 2026 - Rockers Records\",\"isPartOf\":{\"@id\":\"https:\\\/\\\/rockers.de\\\/#website\"},\"datePublished\":\"2026-04-08T18:36:06+00:00\",\"dateModified\":\"2026-04-08T18:49:42+00:00\",\"breadcrumb\":{\"@id\":\"https:\\\/\\\/rockers.de\\\/record\\\/self-esteem-cuddles-please-ep-col-lp-white-rsd-2026\\\/#breadcrumb\"},\"inLanguage\":\"en-US\",\"potentialAction\":[{\"@type\":\"ReadAction\",\"target\":[\"https:\\\/\\\/rockers.de\\\/record\\\/self-esteem-cuddles-please-ep-col-lp-white-rsd-2026\\\/\"]}]},{\"@type\":\"BreadcrumbList\",\"@id\":\"https:\\\/\\\/rockers.de\\\/record\\\/self-esteem-cuddles-please-ep-col-lp-white-rsd-2026\\\/#breadcrumb\",\"itemListElement\":[{\"@type\":\"ListItem\",\"position\":1,\"name\":\"Startseite\",\"item\":\"https:\\\/\\\/rockers.de\\\/\"},{\"@type\":\"ListItem\",\"position\":2,\"name\":\"Shop\",\"item\":\"https:\\\/\\\/rockers.de\\\/shop\\\/\"},{\"@type\":\"ListItem\",\"position\":3,\"name\":\"Self Esteem Cuddles Please EP col. LP (white) RSD 2026\"}]},{\"@type\":\"WebSite\",\"@id\":\"https:\\\/\\\/rockers.de\\\/#website\",\"url\":\"https:\\\/\\\/rockers.de\\\/\",\"name\":\"Rockers Records\",\"description\":\"Dein Schallplatten Store in Hannover\",\"publisher\":{\"@id\":\"https:\\\/\\\/rockers.de\\\/#organization\"},\"potentialAction\":[{\"@type\":\"SearchAction\",\"target\":{\"@type\":\"EntryPoint\",\"urlTemplate\":\"https:\\\/\\\/rockers.de\\\/?s={search_term_string}\"},\"query-input\":{\"@type\":\"PropertyValueSpecification\",\"valueRequired\":true,\"valueName\":\"search_term_string\"}}],\"inLanguage\":\"en-US\"},{\"@type\":\"Organization\",\"@id\":\"https:\\\/\\\/rockers.de\\\/#organization\",\"name\":\"Rockers Records\",\"url\":\"https:\\\/\\\/rockers.de\\\/\",\"logo\":{\"@type\":\"ImageObject\",\"inLanguage\":\"en-US\",\"@id\":\"https:\\\/\\\/rockers.de\\\/#\\\/schema\\\/logo\\\/image\\\/\",\"url\":\"https:\\\/\\\/rockers.de\\\/wp-content\\\/uploads\\\/2022\\\/07\\\/Neue-Website-2022.jpg\",\"contentUrl\":\"https:\\\/\\\/rockers.de\\\/wp-content\\\/uploads\\\/2022\\\/07\\\/Neue-Website-2022.jpg\",\"width\":800,\"height\":800,\"caption\":\"Rockers Records\"},\"image\":{\"@id\":\"https:\\\/\\\/rockers.de\\\/#\\\/schema\\\/logo\\\/image\\\/\"}}]}<\/script>\n<!-- \/ Yoast SEO plugin. -->","yoast_head_json":{"title":"Self Esteem Cuddles Please EP col. LP (white) RSD 2026 - Rockers Records","robots":{"index":"index","follow":"follow","max-snippet":"max-snippet:-1","max-image-preview":"max-image-preview:large","max-video-preview":"max-video-preview:-1"},"canonical":"https:\/\/rockers.de\/en\/record\/self-esteem-cuddles-please-ep-col-lp-white-rsd-2026\/","og_locale":"en_US","og_type":"article","og_title":"Self Esteem Cuddles Please EP col. LP (white) RSD 2026 - Rockers Records","og_description":"Rebecca Lucy Taylor, auch bekannt als Self Esteem, gilt als eine der besten und ergreifendsten Stimmen Gro\u00dfbritanniens. Bis heute hat","og_url":"https:\/\/rockers.de\/en\/record\/self-esteem-cuddles-please-ep-col-lp-white-rsd-2026\/","og_site_name":"Rockers Records","article_modified_time":"2026-04-08T18:49:42+00:00","twitter_card":"summary_large_image","schema":{"@context":"https:\/\/schema.org","@graph":[{"@type":"WebPage","@id":"https:\/\/rockers.de\/record\/self-esteem-cuddles-please-ep-col-lp-white-rsd-2026\/","url":"https:\/\/rockers.de\/record\/self-esteem-cuddles-please-ep-col-lp-white-rsd-2026\/","name":"Self Esteem Cuddles Please EP col. LP (white) RSD 2026 - Rockers Records","isPartOf":{"@id":"https:\/\/rockers.de\/#website"},"datePublished":"2026-04-08T18:36:06+00:00","dateModified":"2026-04-08T18:49:42+00:00","breadcrumb":{"@id":"https:\/\/rockers.de\/record\/self-esteem-cuddles-please-ep-col-lp-white-rsd-2026\/#breadcrumb"},"inLanguage":"en-US","potentialAction":[{"@type":"ReadAction","target":["https:\/\/rockers.de\/record\/self-esteem-cuddles-please-ep-col-lp-white-rsd-2026\/"]}]},{"@type":"BreadcrumbList","@id":"https:\/\/rockers.de\/record\/self-esteem-cuddles-please-ep-col-lp-white-rsd-2026\/#breadcrumb","itemListElement":[{"@type":"ListItem","position":1,"name":"Startseite","item":"https:\/\/rockers.de\/"},{"@type":"ListItem","position":2,"name":"Shop","item":"https:\/\/rockers.de\/shop\/"},{"@type":"ListItem","position":3,"name":"Self Esteem Cuddles Please EP col. LP (white) RSD 2026"}]},{"@type":"WebSite","@id":"https:\/\/rockers.de\/#website","url":"https:\/\/rockers.de\/","name":"Rockers Records","description":"Your record store in Hanover","publisher":{"@id":"https:\/\/rockers.de\/#organization"},"potentialAction":[{"@type":"SearchAction","target":{"@type":"EntryPoint","urlTemplate":"https:\/\/rockers.de\/?s={search_term_string}"},"query-input":{"@type":"PropertyValueSpecification","valueRequired":true,"valueName":"search_term_string"}}],"inLanguage":"en-US"},{"@type":"Organization","@id":"https:\/\/rockers.de\/#organization","name":"Rockers Records","url":"https:\/\/rockers.de\/","logo":{"@type":"ImageObject","inLanguage":"en-US","@id":"https:\/\/rockers.de\/#\/schema\/logo\/image\/","url":"https:\/\/rockers.de\/wp-content\/uploads\/2022\/07\/Neue-Website-2022.jpg","contentUrl":"https:\/\/rockers.de\/wp-content\/uploads\/2022\/07\/Neue-Website-2022.jpg","width":800,"height":800,"caption":"Rockers Records"},"image":{"@id":"https:\/\/rockers.de\/#\/schema\/logo\/image\/"}}]}},"_links":{"self":[{"href":"https:\/\/rockers.de\/en\/wp-json\/wp\/v2\/product\/179923","targetHints":{"allow":["GET"]}}],"collection":[{"href":"https:\/\/rockers.de\/en\/wp-json\/wp\/v2\/product"}],"about":[{"href":"https:\/\/rockers.de\/en\/wp-json\/wp\/v2\/types\/product"}],"wp:attachment":[{"href":"https:\/\/rockers.de\/en\/wp-json\/wp\/v2\/media?parent=179923"}],"wp:term":[{"taxonomy":"product_brand","embeddable":true,"href":"https:\/\/rockers.de\/en\/wp-json\/wp\/v2\/product_brand?post=179923"},{"taxonomy":"product_cat","embeddable":true,"href":"https:\/\/rockers.de\/en\/wp-json\/wp\/v2\/product_cat?post=179923"},{"taxonomy":"product_tag","embeddable":true,"href":"https:\/\/rockers.de\/en\/wp-json\/wp\/v2\/product_tag?post=179923"}],"curies":[{"name":"wp","href":"https:\/\/api.w.org\/{rel}","templated":true}]}}