{"id":179909,"date":"2026-04-08T20:36:03","date_gmt":"2026-04-08T18:36:03","guid":{"rendered":"https:\/\/rockers.de\/record\/melanie-b-hot-picture-lp-leopard-print-rsd-2026\/"},"modified":"2026-04-08T20:49:44","modified_gmt":"2026-04-08T18:49:44","slug":"melanie-b-hot-picture-lp-leopard-print-rsd-2026","status":"publish","type":"product","link":"https:\/\/rockers.de\/en\/record\/melanie-b-hot-picture-lp-leopard-print-rsd-2026\/","title":{"rendered":"Melanie B Hot Picture LP (leopard print) RSD 2026"},"content":{"rendered":"<p>Melanie Bs Deb\u00fct-Soloalbum \u201eHot\u201c erscheint zum ersten Mal auf Vinyl zum Record Store Day 2026. Das Album ist eine Fusion aus R&#038;B und Pop und enth\u00e4lt Kollaborationen mit Produzenten wie Jimmy Jam, Terry Lewis, Rodney Jerkins und Fred Jerkins III. \u201eHot\u201c wurde urspr\u00fcnglich im Jahr 2000 ver\u00f6ffentlicht und enth\u00e4lt die Singles \u201eTell Me\u201c, \u201eFeels So Good\u201c, \u201eLullaby\u201c und den britischen Chart-Hit \u201eI Want You Back\u201c mit Missy Elliott. Diese limitierte Picture Disc \u2013 im charakteristischen Leopardenmuster \u2013 ist ein Muss f\u00fcr Fans von Melanie und den Spice Girls.<\/p>","protected":false},"excerpt":{"rendered":"<p>Melanie Bs Deb\u00fct-Soloalbum \u201eHot\u201c erscheint zum ersten Mal auf Vinyl zum Record Store Day 2026. Das Album ist eine Fusion<\/p>","protected":false},"featured_media":0,"template":"","meta":{"_acf_changed":false},"product_brand":[],"product_cat":[26898],"product_tag":[],"class_list":{"0":"post-179909","1":"product","2":"type-product","3":"status-publish","5":"product_cat-rsd-2026","6":"pa_artist-melanie-b","7":"pa_att_artist-melanie-b","8":"pa_att_format-lp-vinyl","9":"pa_att_genre-rock","10":"pa_att_jahr-26290","11":"pa_att_label-umc","12":"pa_format-lp-vinyl","13":"pa_jahr-26895","14":"pa_label-umc","15":"pa_lieferant-universal","17":"first","18":"outofstock","19":"taxable","20":"shipping-taxable","21":"purchasable","22":"product-type-simple"},"acf":[],"yoast_head":"<!-- This site is optimized with the Yoast SEO plugin v27.3 - https:\/\/yoast.com\/product\/yoast-seo-wordpress\/ -->\n<title>Melanie B Hot Picture LP (leopard print) RSD 2026 - Rockers Records<\/title>\n<meta name=\"robots\" content=\"index, follow, max-snippet:-1, max-image-preview:large, max-video-preview:-1\" \/>\n<link rel=\"canonical\" href=\"https:\/\/rockers.de\/en\/record\/melanie-b-hot-picture-lp-leopard-print-rsd-2026\/\" \/>\n<meta property=\"og:locale\" content=\"en_US\" \/>\n<meta property=\"og:type\" content=\"article\" \/>\n<meta property=\"og:title\" content=\"Melanie B Hot Picture LP (leopard print) RSD 2026 - Rockers Records\" \/>\n<meta property=\"og:description\" content=\"Melanie Bs Deb\u00fct-Soloalbum \u201eHot\u201c erscheint zum ersten Mal auf Vinyl zum Record Store Day 2026. Das Album ist eine Fusion\" \/>\n<meta property=\"og:url\" content=\"https:\/\/rockers.de\/en\/record\/melanie-b-hot-picture-lp-leopard-print-rsd-2026\/\" \/>\n<meta property=\"og:site_name\" content=\"Rockers Records\" \/>\n<meta property=\"article:modified_time\" content=\"2026-04-08T18:49:44+00:00\" \/>\n<meta name=\"twitter:card\" content=\"summary_large_image\" \/>\n<script type=\"application\/ld+json\" class=\"yoast-schema-graph\">{\"@context\":\"https:\\\/\\\/schema.org\",\"@graph\":[{\"@type\":\"WebPage\",\"@id\":\"https:\\\/\\\/rockers.de\\\/record\\\/melanie-b-hot-picture-lp-leopard-print-rsd-2026\\\/\",\"url\":\"https:\\\/\\\/rockers.de\\\/record\\\/melanie-b-hot-picture-lp-leopard-print-rsd-2026\\\/\",\"name\":\"Melanie B Hot Picture LP (leopard print) RSD 2026 - Rockers Records\",\"isPartOf\":{\"@id\":\"https:\\\/\\\/rockers.de\\\/#website\"},\"datePublished\":\"2026-04-08T18:36:03+00:00\",\"dateModified\":\"2026-04-08T18:49:44+00:00\",\"breadcrumb\":{\"@id\":\"https:\\\/\\\/rockers.de\\\/record\\\/melanie-b-hot-picture-lp-leopard-print-rsd-2026\\\/#breadcrumb\"},\"inLanguage\":\"en-US\",\"potentialAction\":[{\"@type\":\"ReadAction\",\"target\":[\"https:\\\/\\\/rockers.de\\\/record\\\/melanie-b-hot-picture-lp-leopard-print-rsd-2026\\\/\"]}]},{\"@type\":\"BreadcrumbList\",\"@id\":\"https:\\\/\\\/rockers.de\\\/record\\\/melanie-b-hot-picture-lp-leopard-print-rsd-2026\\\/#breadcrumb\",\"itemListElement\":[{\"@type\":\"ListItem\",\"position\":1,\"name\":\"Startseite\",\"item\":\"https:\\\/\\\/rockers.de\\\/\"},{\"@type\":\"ListItem\",\"position\":2,\"name\":\"Shop\",\"item\":\"https:\\\/\\\/rockers.de\\\/shop\\\/\"},{\"@type\":\"ListItem\",\"position\":3,\"name\":\"Melanie B Hot Picture LP (leopard print) RSD 2026\"}]},{\"@type\":\"WebSite\",\"@id\":\"https:\\\/\\\/rockers.de\\\/#website\",\"url\":\"https:\\\/\\\/rockers.de\\\/\",\"name\":\"Rockers Records\",\"description\":\"Dein Schallplatten Store in Hannover\",\"publisher\":{\"@id\":\"https:\\\/\\\/rockers.de\\\/#organization\"},\"potentialAction\":[{\"@type\":\"SearchAction\",\"target\":{\"@type\":\"EntryPoint\",\"urlTemplate\":\"https:\\\/\\\/rockers.de\\\/?s={search_term_string}\"},\"query-input\":{\"@type\":\"PropertyValueSpecification\",\"valueRequired\":true,\"valueName\":\"search_term_string\"}}],\"inLanguage\":\"en-US\"},{\"@type\":\"Organization\",\"@id\":\"https:\\\/\\\/rockers.de\\\/#organization\",\"name\":\"Rockers Records\",\"url\":\"https:\\\/\\\/rockers.de\\\/\",\"logo\":{\"@type\":\"ImageObject\",\"inLanguage\":\"en-US\",\"@id\":\"https:\\\/\\\/rockers.de\\\/#\\\/schema\\\/logo\\\/image\\\/\",\"url\":\"https:\\\/\\\/rockers.de\\\/wp-content\\\/uploads\\\/2022\\\/07\\\/Neue-Website-2022.jpg\",\"contentUrl\":\"https:\\\/\\\/rockers.de\\\/wp-content\\\/uploads\\\/2022\\\/07\\\/Neue-Website-2022.jpg\",\"width\":800,\"height\":800,\"caption\":\"Rockers Records\"},\"image\":{\"@id\":\"https:\\\/\\\/rockers.de\\\/#\\\/schema\\\/logo\\\/image\\\/\"}}]}<\/script>\n<!-- \/ Yoast SEO plugin. -->","yoast_head_json":{"title":"Melanie B Hot Picture LP (leopard print) RSD 2026 - Rockers Records","robots":{"index":"index","follow":"follow","max-snippet":"max-snippet:-1","max-image-preview":"max-image-preview:large","max-video-preview":"max-video-preview:-1"},"canonical":"https:\/\/rockers.de\/en\/record\/melanie-b-hot-picture-lp-leopard-print-rsd-2026\/","og_locale":"en_US","og_type":"article","og_title":"Melanie B Hot Picture LP (leopard print) RSD 2026 - Rockers Records","og_description":"Melanie Bs Deb\u00fct-Soloalbum \u201eHot\u201c erscheint zum ersten Mal auf Vinyl zum Record Store Day 2026. Das Album ist eine Fusion","og_url":"https:\/\/rockers.de\/en\/record\/melanie-b-hot-picture-lp-leopard-print-rsd-2026\/","og_site_name":"Rockers Records","article_modified_time":"2026-04-08T18:49:44+00:00","twitter_card":"summary_large_image","schema":{"@context":"https:\/\/schema.org","@graph":[{"@type":"WebPage","@id":"https:\/\/rockers.de\/record\/melanie-b-hot-picture-lp-leopard-print-rsd-2026\/","url":"https:\/\/rockers.de\/record\/melanie-b-hot-picture-lp-leopard-print-rsd-2026\/","name":"Melanie B Hot Picture LP (leopard print) RSD 2026 - Rockers Records","isPartOf":{"@id":"https:\/\/rockers.de\/#website"},"datePublished":"2026-04-08T18:36:03+00:00","dateModified":"2026-04-08T18:49:44+00:00","breadcrumb":{"@id":"https:\/\/rockers.de\/record\/melanie-b-hot-picture-lp-leopard-print-rsd-2026\/#breadcrumb"},"inLanguage":"en-US","potentialAction":[{"@type":"ReadAction","target":["https:\/\/rockers.de\/record\/melanie-b-hot-picture-lp-leopard-print-rsd-2026\/"]}]},{"@type":"BreadcrumbList","@id":"https:\/\/rockers.de\/record\/melanie-b-hot-picture-lp-leopard-print-rsd-2026\/#breadcrumb","itemListElement":[{"@type":"ListItem","position":1,"name":"Startseite","item":"https:\/\/rockers.de\/"},{"@type":"ListItem","position":2,"name":"Shop","item":"https:\/\/rockers.de\/shop\/"},{"@type":"ListItem","position":3,"name":"Melanie B Hot Picture LP (leopard print) RSD 2026"}]},{"@type":"WebSite","@id":"https:\/\/rockers.de\/#website","url":"https:\/\/rockers.de\/","name":"Rockers Records","description":"Your record store in Hanover","publisher":{"@id":"https:\/\/rockers.de\/#organization"},"potentialAction":[{"@type":"SearchAction","target":{"@type":"EntryPoint","urlTemplate":"https:\/\/rockers.de\/?s={search_term_string}"},"query-input":{"@type":"PropertyValueSpecification","valueRequired":true,"valueName":"search_term_string"}}],"inLanguage":"en-US"},{"@type":"Organization","@id":"https:\/\/rockers.de\/#organization","name":"Rockers Records","url":"https:\/\/rockers.de\/","logo":{"@type":"ImageObject","inLanguage":"en-US","@id":"https:\/\/rockers.de\/#\/schema\/logo\/image\/","url":"https:\/\/rockers.de\/wp-content\/uploads\/2022\/07\/Neue-Website-2022.jpg","contentUrl":"https:\/\/rockers.de\/wp-content\/uploads\/2022\/07\/Neue-Website-2022.jpg","width":800,"height":800,"caption":"Rockers Records"},"image":{"@id":"https:\/\/rockers.de\/#\/schema\/logo\/image\/"}}]}},"_links":{"self":[{"href":"https:\/\/rockers.de\/en\/wp-json\/wp\/v2\/product\/179909","targetHints":{"allow":["GET"]}}],"collection":[{"href":"https:\/\/rockers.de\/en\/wp-json\/wp\/v2\/product"}],"about":[{"href":"https:\/\/rockers.de\/en\/wp-json\/wp\/v2\/types\/product"}],"wp:attachment":[{"href":"https:\/\/rockers.de\/en\/wp-json\/wp\/v2\/media?parent=179909"}],"wp:term":[{"taxonomy":"product_brand","embeddable":true,"href":"https:\/\/rockers.de\/en\/wp-json\/wp\/v2\/product_brand?post=179909"},{"taxonomy":"product_cat","embeddable":true,"href":"https:\/\/rockers.de\/en\/wp-json\/wp\/v2\/product_cat?post=179909"},{"taxonomy":"product_tag","embeddable":true,"href":"https:\/\/rockers.de\/en\/wp-json\/wp\/v2\/product_tag?post=179909"}],"curies":[{"name":"wp","href":"https:\/\/api.w.org\/{rel}","templated":true}]}}