{"id":179874,"date":"2026-04-08T20:35:59","date_gmt":"2026-04-08T18:35:59","guid":{"rendered":"https:\/\/rockers.de\/record\/element-of-crime-fremde-federn-col-2lp-orangeblue-rsd-2026\/"},"modified":"2026-04-18T21:40:02","modified_gmt":"2026-04-18T19:40:02","slug":"element-of-crime-fremde-federn-col-2lp-orangeblue-rsd-2026","status":"publish","type":"product","link":"https:\/\/rockers.de\/en\/record\/element-of-crime-fremde-federn-col-2lp-orangeblue-rsd-2026\/","title":{"rendered":"Element Of Crime-Fremde Federn-2LP Vinyl orange-blue"},"content":{"rendered":"<p>Das Album FREMDE FEDERN ver\u00f6ffentlichen wir im Rahmen des RSD 2026 als Re-Issue 2 LP in orangen und blauem Vinyl.<\/p>","protected":false},"excerpt":{"rendered":"<p>Issued in a gatefold sleeve.<\/p>\n<p>A1 aufgenommen 2004 f\u00fcr die Soundtrack Compilation &#8222;[m=154572]&#8220;, Tritonus Tonstudio, Berlin<br \/>\nA2 aufgenommen 2005 f\u00fcr den Film &#8222;[r=4487395]&#8220; von Leander Hausmann, Tritonus Tonstudio, Berlin<br \/>\nA3 aufgenommen 2005 f\u00fcr den Film &#8222;[r=4487395]&#8220; von Leander Hausmann, Ufo Sound Studios, Berlin<br \/>\nA4 aufgenommen 1999 als Bonus Track f\u00fcr eine Limited Edition des Albums &#8222;[r=1420175]&#8220;, Can Studio, Weilerswist<br \/>\nB1 aufgenommen 1994 f\u00fcr das Tribute-Album &#8222;[m=441263]&#8220;, Tritonus Tonstudio, Berlin<br \/>\nB2 aufgenommen im Rahmen einer SFB-Session im Jahre 1992 f\u00fcr die Compilation &#8222;[r=2639712]&#8220;, 1993, SFB-Rundfunkstudio, Berlin<br \/>\nB3 aufgenommen 1989 f\u00fcr die Compilation &#8222;[r=1618357]&#8220;, Strangeways Records 1990, Studio Calling, Bremen<br \/>\nB4, C2 aufgenommen 2005 als B-Seite der Single &#8222;[r=1837218]&#8220;, Tritonus Tonstudio, Berlin<br \/>\nB5 aufgenommen 2009 als B-Seite der Single (Vinyl) &#8222;[r=2212506]&#8220;, Tritonus Tonstudio, Berlin<br \/>\nC1 aufgenommen 1997 f\u00fcr den Tribute-Sampler &#8222;[m=111088]&#8220;, Tritonus Tonstudio, Berlin<br \/>\nC3 aufgenommen 2009 als B-Seite der Single &#8222;[r=4024687]&#8220;, Tritonus Tonstudio, Berlin<br \/>\nC4, C5 aufgenommen 1989 als B-Seite der Single &#8222;[m=288533]&#8220;, Trixx Studios, Berlin<br \/>\nC6 aufgenommen 1997 als B-Seite der Single &#8222;[m=551375]&#8220;, Tritonus Tonstudio, Berlin<br \/>\nD1 aufgenommen 1999 als B-Seite der Single &#8222;[r=1878807]&#8220;, Can Studio, Weilerswist<br \/>\nD2 aufgenommen 2009 als Bonus Track f\u00fcr das Album &#8222;[m=186376]&#8220;, Tritonus Tonstudio, Berlin<br \/>\nD3 2010 als Beitrag f\u00fcr den Jubil\u00e4umssampler [r=1949928], 15 Jahre Rolling Stone Magazin in Deutschland, Tritonus Tonstudio, Berlin<br \/>\nD4 aufgenommen 2009 als B-Seite der Single &#8222;[r=4024687]&#8220;, Tritonus Tonstudio, Berlin<br \/>\nD5 aufgenommen 2005 als Bonustrack (i-Tunes) des Albums &#8222;[m=111087]&#8220;, Tritonus Tonstudio, Berlin<\/p>\n<p>\u2117 &amp; \u00a9 2026 A Vertigo Release.<\/p>\n<p>Made in the E.U.<\/p>\n","protected":false},"featured_media":180807,"template":"","meta":{"_acf_changed":false},"product_brand":[],"product_cat":[150,26898],"product_tag":[],"class_list":{"0":"post-179874","1":"product","2":"type-product","3":"status-publish","4":"has-post-thumbnail","6":"product_cat-alternative-rock","7":"product_cat-rsd-2026","8":"pa_artist-element-of-crime","9":"pa_att_artist-element-of-crime","10":"pa_att_format-lp-vinyl","11":"pa_att_genre-alternative-rock","12":"pa_att_jahr-26290","13":"pa_att_label-universal-music-group","14":"pa_att_label-vertigo","15":"pa_att_land-germany","16":"pa_format-lp-vinyl","17":"pa_jahr-26895","18":"pa_label-vertigo-capitol","19":"pa_lieferant-universal","21":"first","22":"outofstock","23":"taxable","24":"shipping-taxable","25":"purchasable","26":"product-type-simple"},"acf":[],"yoast_head":"<!-- This site is optimized with the Yoast SEO plugin v27.3 - https:\/\/yoast.com\/product\/yoast-seo-wordpress\/ -->\n<title>Element Of Crime-Fremde Federn-2LP Vinyl orange-blue - Rockers Records<\/title>\n<meta name=\"robots\" content=\"index, follow, max-snippet:-1, max-image-preview:large, max-video-preview:-1\" \/>\n<link rel=\"canonical\" href=\"https:\/\/rockers.de\/en\/record\/element-of-crime-fremde-federn-col-2lp-orangeblue-rsd-2026\/\" \/>\n<meta property=\"og:locale\" content=\"en_US\" \/>\n<meta property=\"og:type\" content=\"article\" \/>\n<meta property=\"og:title\" content=\"Element Of Crime-Fremde Federn-2LP Vinyl orange-blue - Rockers Records\" \/>\n<meta property=\"og:description\" content=\"Issued in a gatefold sleeve.  A1 aufgenommen 2004 f\u00fcr die Soundtrack Compilation &quot;[m=154572]&quot;, Tritonus Tonstudio, Berlin A2 aufgenommen 2005 f\u00fcr den Film &quot;[r=4487395]&quot; von Leander Hausmann, Tritonus Tonstudio, Berlin A3 aufgenommen 2005 f\u00fcr den Film &quot;[r=4487395]&quot; von Leander Hausmann, Ufo Sound Studios, Berlin A4 aufgenommen 1999 als Bonus Track f\u00fcr eine Limited Edition des Albums &quot;[r=1420175]&quot;, Can Studio, Weilerswist B1 aufgenommen 1994 f\u00fcr das Tribute-Album &quot;[m=441263]&quot;, Tritonus Tonstudio, Berlin B2 aufgenommen im Rahmen einer SFB-Session im Jahre 1992 f\u00fcr die Compilation &quot;[r=2639712]&quot;, 1993, SFB-Rundfunkstudio, Berlin B3 aufgenommen 1989 f\u00fcr die Compilation &quot;[r=1618357]&quot;, Strangeways Records 1990, Studio Calling, Bremen B4, C2 aufgenommen 2005 als B-Seite der Single &quot;[r=1837218]&quot;, Tritonus Tonstudio, Berlin B5 aufgenommen 2009 als B-Seite der Single (Vinyl) &quot;[r=2212506]&quot;, Tritonus Tonstudio, Berlin C1 aufgenommen 1997 f\u00fcr den Tribute-Sampler &quot;[m=111088]&quot;, Tritonus Tonstudio, Berlin C3 aufgenommen 2009 als B-Seite der Single &quot;[r=4024687]&quot;, Tritonus Tonstudio, Berlin C4, C5 aufgenommen 1989 als B-Seite der Single &quot;[m=288533]&quot;, Trixx Studios, Berlin C6 aufgenommen 1997 als B-Seite der Single &quot;[m=551375]&quot;, Tritonus Tonstudio, Berlin D1 aufgenommen 1999 als B-Seite der Single &quot;[r=1878807]&quot;, Can Studio, Weilerswist D2 aufgenommen 2009 als Bonus Track f\u00fcr das Album &quot;[m=186376]&quot;, Tritonus Tonstudio, Berlin D3 2010 als Beitrag f\u00fcr den Jubil\u00e4umssampler [r=1949928], 15 Jahre Rolling Stone Magazin in Deutschland, Tritonus Tonstudio, Berlin D4 aufgenommen 2009 als B-Seite der Single &quot;[r=4024687]&quot;, Tritonus Tonstudio, Berlin D5 aufgenommen 2005 als Bonustrack (i-Tunes) des Albums &quot;[m=111087]&quot;, Tritonus Tonstudio, Berlin  \u2117 &amp; \u00a9 2026 A Vertigo Release.  Made in the E.U.\" \/>\n<meta property=\"og:url\" content=\"https:\/\/rockers.de\/en\/record\/element-of-crime-fremde-federn-col-2lp-orangeblue-rsd-2026\/\" \/>\n<meta property=\"og:site_name\" content=\"Rockers Records\" \/>\n<meta property=\"article:modified_time\" content=\"2026-04-18T19:40:02+00:00\" \/>\n<meta property=\"og:image\" content=\"https:\/\/rockers.de\/wp-content\/uploads\/2026\/04\/Element-Of-Crime-Fremde-Federn-col.-2LP-orangeblue-RSD-2026-1.jpg\" \/>\n\t<meta property=\"og:image:width\" content=\"1800\" \/>\n\t<meta property=\"og:image:height\" content=\"1859\" \/>\n\t<meta property=\"og:image:type\" content=\"image\/jpeg\" \/>\n<meta name=\"twitter:card\" content=\"summary_large_image\" \/>\n<meta name=\"twitter:label1\" content=\"Est. reading time\" \/>\n\t<meta name=\"twitter:data1\" content=\"1 minute\" \/>\n<script type=\"application\/ld+json\" class=\"yoast-schema-graph\">{\"@context\":\"https:\\\/\\\/schema.org\",\"@graph\":[{\"@type\":\"WebPage\",\"@id\":\"https:\\\/\\\/rockers.de\\\/record\\\/element-of-crime-fremde-federn-col-2lp-orangeblue-rsd-2026\\\/\",\"url\":\"https:\\\/\\\/rockers.de\\\/record\\\/element-of-crime-fremde-federn-col-2lp-orangeblue-rsd-2026\\\/\",\"name\":\"Element Of Crime-Fremde Federn-2LP Vinyl orange-blue - Rockers Records\",\"isPartOf\":{\"@id\":\"https:\\\/\\\/rockers.de\\\/#website\"},\"primaryImageOfPage\":{\"@id\":\"https:\\\/\\\/rockers.de\\\/record\\\/element-of-crime-fremde-federn-col-2lp-orangeblue-rsd-2026\\\/#primaryimage\"},\"image\":{\"@id\":\"https:\\\/\\\/rockers.de\\\/record\\\/element-of-crime-fremde-federn-col-2lp-orangeblue-rsd-2026\\\/#primaryimage\"},\"thumbnailUrl\":\"https:\\\/\\\/rockers.de\\\/wp-content\\\/uploads\\\/2026\\\/04\\\/Element-Of-Crime-Fremde-Federn-col.-2LP-orangeblue-RSD-2026-1.jpg\",\"datePublished\":\"2026-04-08T18:35:59+00:00\",\"dateModified\":\"2026-04-18T19:40:02+00:00\",\"breadcrumb\":{\"@id\":\"https:\\\/\\\/rockers.de\\\/record\\\/element-of-crime-fremde-federn-col-2lp-orangeblue-rsd-2026\\\/#breadcrumb\"},\"inLanguage\":\"en-US\",\"potentialAction\":[{\"@type\":\"ReadAction\",\"target\":[\"https:\\\/\\\/rockers.de\\\/record\\\/element-of-crime-fremde-federn-col-2lp-orangeblue-rsd-2026\\\/\"]}]},{\"@type\":\"ImageObject\",\"inLanguage\":\"en-US\",\"@id\":\"https:\\\/\\\/rockers.de\\\/record\\\/element-of-crime-fremde-federn-col-2lp-orangeblue-rsd-2026\\\/#primaryimage\",\"url\":\"https:\\\/\\\/rockers.de\\\/wp-content\\\/uploads\\\/2026\\\/04\\\/Element-Of-Crime-Fremde-Federn-col.-2LP-orangeblue-RSD-2026-1.jpg\",\"contentUrl\":\"https:\\\/\\\/rockers.de\\\/wp-content\\\/uploads\\\/2026\\\/04\\\/Element-Of-Crime-Fremde-Federn-col.-2LP-orangeblue-RSD-2026-1.jpg\",\"width\":1800,\"height\":1859,\"caption\":\"Element Of Crime Fremde Federn col. 2LP (orange+blue) RSD 2026\"},{\"@type\":\"BreadcrumbList\",\"@id\":\"https:\\\/\\\/rockers.de\\\/record\\\/element-of-crime-fremde-federn-col-2lp-orangeblue-rsd-2026\\\/#breadcrumb\",\"itemListElement\":[{\"@type\":\"ListItem\",\"position\":1,\"name\":\"Startseite\",\"item\":\"https:\\\/\\\/rockers.de\\\/\"},{\"@type\":\"ListItem\",\"position\":2,\"name\":\"Shop\",\"item\":\"https:\\\/\\\/rockers.de\\\/shop\\\/\"},{\"@type\":\"ListItem\",\"position\":3,\"name\":\"Element Of Crime-Fremde Federn-2LP Vinyl orange-blue\"}]},{\"@type\":\"WebSite\",\"@id\":\"https:\\\/\\\/rockers.de\\\/#website\",\"url\":\"https:\\\/\\\/rockers.de\\\/\",\"name\":\"Rockers Records\",\"description\":\"Dein Schallplatten Store in Hannover\",\"publisher\":{\"@id\":\"https:\\\/\\\/rockers.de\\\/#organization\"},\"potentialAction\":[{\"@type\":\"SearchAction\",\"target\":{\"@type\":\"EntryPoint\",\"urlTemplate\":\"https:\\\/\\\/rockers.de\\\/?s={search_term_string}\"},\"query-input\":{\"@type\":\"PropertyValueSpecification\",\"valueRequired\":true,\"valueName\":\"search_term_string\"}}],\"inLanguage\":\"en-US\"},{\"@type\":\"Organization\",\"@id\":\"https:\\\/\\\/rockers.de\\\/#organization\",\"name\":\"Rockers Records\",\"url\":\"https:\\\/\\\/rockers.de\\\/\",\"logo\":{\"@type\":\"ImageObject\",\"inLanguage\":\"en-US\",\"@id\":\"https:\\\/\\\/rockers.de\\\/#\\\/schema\\\/logo\\\/image\\\/\",\"url\":\"https:\\\/\\\/rockers.de\\\/wp-content\\\/uploads\\\/2022\\\/07\\\/Neue-Website-2022.jpg\",\"contentUrl\":\"https:\\\/\\\/rockers.de\\\/wp-content\\\/uploads\\\/2022\\\/07\\\/Neue-Website-2022.jpg\",\"width\":800,\"height\":800,\"caption\":\"Rockers Records\"},\"image\":{\"@id\":\"https:\\\/\\\/rockers.de\\\/#\\\/schema\\\/logo\\\/image\\\/\"}}]}<\/script>\n<!-- \/ Yoast SEO plugin. -->","yoast_head_json":{"title":"Element Of Crime-Fremde Federn-2LP Vinyl orange-blue - Rockers Records","robots":{"index":"index","follow":"follow","max-snippet":"max-snippet:-1","max-image-preview":"max-image-preview:large","max-video-preview":"max-video-preview:-1"},"canonical":"https:\/\/rockers.de\/en\/record\/element-of-crime-fremde-federn-col-2lp-orangeblue-rsd-2026\/","og_locale":"en_US","og_type":"article","og_title":"Element Of Crime-Fremde Federn-2LP Vinyl orange-blue - Rockers Records","og_description":"Issued in a gatefold sleeve.  A1 aufgenommen 2004 f\u00fcr die Soundtrack Compilation \"[m=154572]\", Tritonus Tonstudio, Berlin A2 aufgenommen 2005 f\u00fcr den Film \"[r=4487395]\" von Leander Hausmann, Tritonus Tonstudio, Berlin A3 aufgenommen 2005 f\u00fcr den Film \"[r=4487395]\" von Leander Hausmann, Ufo Sound Studios, Berlin A4 aufgenommen 1999 als Bonus Track f\u00fcr eine Limited Edition des Albums \"[r=1420175]\", Can Studio, Weilerswist B1 aufgenommen 1994 f\u00fcr das Tribute-Album \"[m=441263]\", Tritonus Tonstudio, Berlin B2 aufgenommen im Rahmen einer SFB-Session im Jahre 1992 f\u00fcr die Compilation \"[r=2639712]\", 1993, SFB-Rundfunkstudio, Berlin B3 aufgenommen 1989 f\u00fcr die Compilation \"[r=1618357]\", Strangeways Records 1990, Studio Calling, Bremen B4, C2 aufgenommen 2005 als B-Seite der Single \"[r=1837218]\", Tritonus Tonstudio, Berlin B5 aufgenommen 2009 als B-Seite der Single (Vinyl) \"[r=2212506]\", Tritonus Tonstudio, Berlin C1 aufgenommen 1997 f\u00fcr den Tribute-Sampler \"[m=111088]\", Tritonus Tonstudio, Berlin C3 aufgenommen 2009 als B-Seite der Single \"[r=4024687]\", Tritonus Tonstudio, Berlin C4, C5 aufgenommen 1989 als B-Seite der Single \"[m=288533]\", Trixx Studios, Berlin C6 aufgenommen 1997 als B-Seite der Single \"[m=551375]\", Tritonus Tonstudio, Berlin D1 aufgenommen 1999 als B-Seite der Single \"[r=1878807]\", Can Studio, Weilerswist D2 aufgenommen 2009 als Bonus Track f\u00fcr das Album \"[m=186376]\", Tritonus Tonstudio, Berlin D3 2010 als Beitrag f\u00fcr den Jubil\u00e4umssampler [r=1949928], 15 Jahre Rolling Stone Magazin in Deutschland, Tritonus Tonstudio, Berlin D4 aufgenommen 2009 als B-Seite der Single \"[r=4024687]\", Tritonus Tonstudio, Berlin D5 aufgenommen 2005 als Bonustrack (i-Tunes) des Albums \"[m=111087]\", Tritonus Tonstudio, Berlin  \u2117 &amp; \u00a9 2026 A Vertigo Release.  Made in the E.U.","og_url":"https:\/\/rockers.de\/en\/record\/element-of-crime-fremde-federn-col-2lp-orangeblue-rsd-2026\/","og_site_name":"Rockers Records","article_modified_time":"2026-04-18T19:40:02+00:00","og_image":[{"width":1800,"height":1859,"url":"https:\/\/rockers.de\/wp-content\/uploads\/2026\/04\/Element-Of-Crime-Fremde-Federn-col.-2LP-orangeblue-RSD-2026-1.jpg","type":"image\/jpeg"}],"twitter_card":"summary_large_image","twitter_misc":{"Est. reading time":"1 minute"},"schema":{"@context":"https:\/\/schema.org","@graph":[{"@type":"WebPage","@id":"https:\/\/rockers.de\/record\/element-of-crime-fremde-federn-col-2lp-orangeblue-rsd-2026\/","url":"https:\/\/rockers.de\/record\/element-of-crime-fremde-federn-col-2lp-orangeblue-rsd-2026\/","name":"Element Of Crime-Fremde Federn-2LP Vinyl orange-blue - Rockers Records","isPartOf":{"@id":"https:\/\/rockers.de\/#website"},"primaryImageOfPage":{"@id":"https:\/\/rockers.de\/record\/element-of-crime-fremde-federn-col-2lp-orangeblue-rsd-2026\/#primaryimage"},"image":{"@id":"https:\/\/rockers.de\/record\/element-of-crime-fremde-federn-col-2lp-orangeblue-rsd-2026\/#primaryimage"},"thumbnailUrl":"https:\/\/rockers.de\/wp-content\/uploads\/2026\/04\/Element-Of-Crime-Fremde-Federn-col.-2LP-orangeblue-RSD-2026-1.jpg","datePublished":"2026-04-08T18:35:59+00:00","dateModified":"2026-04-18T19:40:02+00:00","breadcrumb":{"@id":"https:\/\/rockers.de\/record\/element-of-crime-fremde-federn-col-2lp-orangeblue-rsd-2026\/#breadcrumb"},"inLanguage":"en-US","potentialAction":[{"@type":"ReadAction","target":["https:\/\/rockers.de\/record\/element-of-crime-fremde-federn-col-2lp-orangeblue-rsd-2026\/"]}]},{"@type":"ImageObject","inLanguage":"en-US","@id":"https:\/\/rockers.de\/record\/element-of-crime-fremde-federn-col-2lp-orangeblue-rsd-2026\/#primaryimage","url":"https:\/\/rockers.de\/wp-content\/uploads\/2026\/04\/Element-Of-Crime-Fremde-Federn-col.-2LP-orangeblue-RSD-2026-1.jpg","contentUrl":"https:\/\/rockers.de\/wp-content\/uploads\/2026\/04\/Element-Of-Crime-Fremde-Federn-col.-2LP-orangeblue-RSD-2026-1.jpg","width":1800,"height":1859,"caption":"Element Of Crime Fremde Federn col. 2LP (orange+blue) RSD 2026"},{"@type":"BreadcrumbList","@id":"https:\/\/rockers.de\/record\/element-of-crime-fremde-federn-col-2lp-orangeblue-rsd-2026\/#breadcrumb","itemListElement":[{"@type":"ListItem","position":1,"name":"Startseite","item":"https:\/\/rockers.de\/"},{"@type":"ListItem","position":2,"name":"Shop","item":"https:\/\/rockers.de\/shop\/"},{"@type":"ListItem","position":3,"name":"Element Of Crime-Fremde Federn-2LP Vinyl orange-blue"}]},{"@type":"WebSite","@id":"https:\/\/rockers.de\/#website","url":"https:\/\/rockers.de\/","name":"Rockers Records","description":"Your record store in Hanover","publisher":{"@id":"https:\/\/rockers.de\/#organization"},"potentialAction":[{"@type":"SearchAction","target":{"@type":"EntryPoint","urlTemplate":"https:\/\/rockers.de\/?s={search_term_string}"},"query-input":{"@type":"PropertyValueSpecification","valueRequired":true,"valueName":"search_term_string"}}],"inLanguage":"en-US"},{"@type":"Organization","@id":"https:\/\/rockers.de\/#organization","name":"Rockers Records","url":"https:\/\/rockers.de\/","logo":{"@type":"ImageObject","inLanguage":"en-US","@id":"https:\/\/rockers.de\/#\/schema\/logo\/image\/","url":"https:\/\/rockers.de\/wp-content\/uploads\/2022\/07\/Neue-Website-2022.jpg","contentUrl":"https:\/\/rockers.de\/wp-content\/uploads\/2022\/07\/Neue-Website-2022.jpg","width":800,"height":800,"caption":"Rockers Records"},"image":{"@id":"https:\/\/rockers.de\/#\/schema\/logo\/image\/"}}]}},"_links":{"self":[{"href":"https:\/\/rockers.de\/en\/wp-json\/wp\/v2\/product\/179874","targetHints":{"allow":["GET"]}}],"collection":[{"href":"https:\/\/rockers.de\/en\/wp-json\/wp\/v2\/product"}],"about":[{"href":"https:\/\/rockers.de\/en\/wp-json\/wp\/v2\/types\/product"}],"wp:featuredmedia":[{"embeddable":true,"href":"https:\/\/rockers.de\/en\/wp-json\/wp\/v2\/media\/180807"}],"wp:attachment":[{"href":"https:\/\/rockers.de\/en\/wp-json\/wp\/v2\/media?parent=179874"}],"wp:term":[{"taxonomy":"product_brand","embeddable":true,"href":"https:\/\/rockers.de\/en\/wp-json\/wp\/v2\/product_brand?post=179874"},{"taxonomy":"product_cat","embeddable":true,"href":"https:\/\/rockers.de\/en\/wp-json\/wp\/v2\/product_cat?post=179874"},{"taxonomy":"product_tag","embeddable":true,"href":"https:\/\/rockers.de\/en\/wp-json\/wp\/v2\/product_tag?post=179874"}],"curies":[{"name":"wp","href":"https:\/\/api.w.org\/{rel}","templated":true}]}}