{"id":179865,"date":"2026-04-08T20:35:56","date_gmt":"2026-04-08T18:35:56","guid":{"rendered":"https:\/\/rockers.de\/record\/cream-wheels-of-fire-live-at-the-fillmore-winterland-3lp-rsd-2026\/"},"modified":"2026-04-08T20:49:45","modified_gmt":"2026-04-08T18:49:45","slug":"cream-wheels-of-fire-live-at-the-fillmore-winterland-3lp-rsd-2026","status":"publish","type":"product","link":"https:\/\/rockers.de\/en\/record\/cream-wheels-of-fire-live-at-the-fillmore-winterland-3lp-rsd-2026\/","title":{"rendered":"Cream WHEELS OF FIRE: LIVE AT THE FILLMORE &#038; WINTERLAND 3LP RSD 2026"},"content":{"rendered":"<p>Diese special 3LP expanded Edition von Creams drittem Album \u201eWheels of Fire\u201c enth\u00e4lt die vier Original-Tracks, die als \u201eWheels of Fire: Live at the Fillmore\u201c ver\u00f6ffentlicht wurden, sowie acht zus\u00e4tzliche Tracks, die bei den Konzerten im M\u00e4rz 1968 gespielt wurden. Sieben der zus\u00e4tzlichen Titel wurden 1970 auf \u201eLive Cream\u201c und 1972 auf \u201eLive Cream Volume 2\u201c ver\u00f6ffentlicht. \u201eWe&#8217;re Going Wrong\u201c wurde bisher noch nie offiziell ver\u00f6ffentlicht. Alle Titel wurden neu remastered. Erh\u00e4ltlich auf schwarzem Vinyl als exklusive Ver\u00f6ffentlichung zum Record Store Day 2026.<\/p>","protected":false},"excerpt":{"rendered":"<p>Diese special 3LP expanded Edition von Creams drittem Album \u201eWheels of Fire\u201c enth\u00e4lt die vier Original-Tracks, die als \u201eWheels of<\/p>","protected":false},"featured_media":0,"template":"","meta":{"_acf_changed":false},"product_brand":[],"product_cat":[26898],"product_tag":[],"class_list":{"0":"post-179865","1":"product","2":"type-product","3":"status-publish","5":"product_cat-rsd-2026","6":"pa_artist-cream","7":"pa_att_artist-cream","8":"pa_att_format-lp-vinyl","9":"pa_att_genre-rock","10":"pa_att_jahr-26290","11":"pa_att_label-umc","12":"pa_format-lp-vinyl","13":"pa_jahr-26895","14":"pa_label-umc","15":"pa_lieferant-universal","17":"first","18":"outofstock","19":"taxable","20":"shipping-taxable","21":"purchasable","22":"product-type-simple"},"acf":[],"yoast_head":"<!-- This site is optimized with the Yoast SEO plugin v27.3 - https:\/\/yoast.com\/product\/yoast-seo-wordpress\/ -->\n<title>Cream WHEELS OF FIRE: LIVE AT THE FILLMORE &amp; WINTERLAND 3LP RSD 2026 - Rockers Records<\/title>\n<meta name=\"robots\" content=\"index, follow, max-snippet:-1, max-image-preview:large, max-video-preview:-1\" \/>\n<link rel=\"canonical\" href=\"https:\/\/rockers.de\/en\/record\/cream-wheels-of-fire-live-at-the-fillmore-winterland-3lp-rsd-2026\/\" \/>\n<meta property=\"og:locale\" content=\"en_US\" \/>\n<meta property=\"og:type\" content=\"article\" \/>\n<meta property=\"og:title\" content=\"Cream WHEELS OF FIRE: LIVE AT THE FILLMORE &amp; WINTERLAND 3LP RSD 2026 - Rockers Records\" \/>\n<meta property=\"og:description\" content=\"Diese special 3LP expanded Edition von Creams drittem Album \u201eWheels of Fire\u201c enth\u00e4lt die vier Original-Tracks, die als \u201eWheels of\" \/>\n<meta property=\"og:url\" content=\"https:\/\/rockers.de\/en\/record\/cream-wheels-of-fire-live-at-the-fillmore-winterland-3lp-rsd-2026\/\" \/>\n<meta property=\"og:site_name\" content=\"Rockers Records\" \/>\n<meta property=\"article:modified_time\" content=\"2026-04-08T18:49:45+00:00\" \/>\n<meta name=\"twitter:card\" content=\"summary_large_image\" \/>\n<script type=\"application\/ld+json\" class=\"yoast-schema-graph\">{\"@context\":\"https:\\\/\\\/schema.org\",\"@graph\":[{\"@type\":\"WebPage\",\"@id\":\"https:\\\/\\\/rockers.de\\\/record\\\/cream-wheels-of-fire-live-at-the-fillmore-winterland-3lp-rsd-2026\\\/\",\"url\":\"https:\\\/\\\/rockers.de\\\/record\\\/cream-wheels-of-fire-live-at-the-fillmore-winterland-3lp-rsd-2026\\\/\",\"name\":\"Cream WHEELS OF FIRE: LIVE AT THE FILLMORE & WINTERLAND 3LP RSD 2026 - Rockers Records\",\"isPartOf\":{\"@id\":\"https:\\\/\\\/rockers.de\\\/#website\"},\"datePublished\":\"2026-04-08T18:35:56+00:00\",\"dateModified\":\"2026-04-08T18:49:45+00:00\",\"breadcrumb\":{\"@id\":\"https:\\\/\\\/rockers.de\\\/record\\\/cream-wheels-of-fire-live-at-the-fillmore-winterland-3lp-rsd-2026\\\/#breadcrumb\"},\"inLanguage\":\"en-US\",\"potentialAction\":[{\"@type\":\"ReadAction\",\"target\":[\"https:\\\/\\\/rockers.de\\\/record\\\/cream-wheels-of-fire-live-at-the-fillmore-winterland-3lp-rsd-2026\\\/\"]}]},{\"@type\":\"BreadcrumbList\",\"@id\":\"https:\\\/\\\/rockers.de\\\/record\\\/cream-wheels-of-fire-live-at-the-fillmore-winterland-3lp-rsd-2026\\\/#breadcrumb\",\"itemListElement\":[{\"@type\":\"ListItem\",\"position\":1,\"name\":\"Startseite\",\"item\":\"https:\\\/\\\/rockers.de\\\/\"},{\"@type\":\"ListItem\",\"position\":2,\"name\":\"Shop\",\"item\":\"https:\\\/\\\/rockers.de\\\/shop\\\/\"},{\"@type\":\"ListItem\",\"position\":3,\"name\":\"Cream WHEELS OF FIRE: LIVE AT THE FILLMORE &#038; WINTERLAND 3LP RSD 2026\"}]},{\"@type\":\"WebSite\",\"@id\":\"https:\\\/\\\/rockers.de\\\/#website\",\"url\":\"https:\\\/\\\/rockers.de\\\/\",\"name\":\"Rockers Records\",\"description\":\"Dein Schallplatten Store in Hannover\",\"publisher\":{\"@id\":\"https:\\\/\\\/rockers.de\\\/#organization\"},\"potentialAction\":[{\"@type\":\"SearchAction\",\"target\":{\"@type\":\"EntryPoint\",\"urlTemplate\":\"https:\\\/\\\/rockers.de\\\/?s={search_term_string}\"},\"query-input\":{\"@type\":\"PropertyValueSpecification\",\"valueRequired\":true,\"valueName\":\"search_term_string\"}}],\"inLanguage\":\"en-US\"},{\"@type\":\"Organization\",\"@id\":\"https:\\\/\\\/rockers.de\\\/#organization\",\"name\":\"Rockers Records\",\"url\":\"https:\\\/\\\/rockers.de\\\/\",\"logo\":{\"@type\":\"ImageObject\",\"inLanguage\":\"en-US\",\"@id\":\"https:\\\/\\\/rockers.de\\\/#\\\/schema\\\/logo\\\/image\\\/\",\"url\":\"https:\\\/\\\/rockers.de\\\/wp-content\\\/uploads\\\/2022\\\/07\\\/Neue-Website-2022.jpg\",\"contentUrl\":\"https:\\\/\\\/rockers.de\\\/wp-content\\\/uploads\\\/2022\\\/07\\\/Neue-Website-2022.jpg\",\"width\":800,\"height\":800,\"caption\":\"Rockers Records\"},\"image\":{\"@id\":\"https:\\\/\\\/rockers.de\\\/#\\\/schema\\\/logo\\\/image\\\/\"}}]}<\/script>\n<!-- \/ Yoast SEO plugin. -->","yoast_head_json":{"title":"Cream WHEELS OF FIRE: LIVE AT THE FILLMORE & WINTERLAND 3LP RSD 2026 - Rockers Records","robots":{"index":"index","follow":"follow","max-snippet":"max-snippet:-1","max-image-preview":"max-image-preview:large","max-video-preview":"max-video-preview:-1"},"canonical":"https:\/\/rockers.de\/en\/record\/cream-wheels-of-fire-live-at-the-fillmore-winterland-3lp-rsd-2026\/","og_locale":"en_US","og_type":"article","og_title":"Cream WHEELS OF FIRE: LIVE AT THE FILLMORE & WINTERLAND 3LP RSD 2026 - Rockers Records","og_description":"Diese special 3LP expanded Edition von Creams drittem Album \u201eWheels of Fire\u201c enth\u00e4lt die vier Original-Tracks, die als \u201eWheels of","og_url":"https:\/\/rockers.de\/en\/record\/cream-wheels-of-fire-live-at-the-fillmore-winterland-3lp-rsd-2026\/","og_site_name":"Rockers Records","article_modified_time":"2026-04-08T18:49:45+00:00","twitter_card":"summary_large_image","schema":{"@context":"https:\/\/schema.org","@graph":[{"@type":"WebPage","@id":"https:\/\/rockers.de\/record\/cream-wheels-of-fire-live-at-the-fillmore-winterland-3lp-rsd-2026\/","url":"https:\/\/rockers.de\/record\/cream-wheels-of-fire-live-at-the-fillmore-winterland-3lp-rsd-2026\/","name":"Cream WHEELS OF FIRE: LIVE AT THE FILLMORE & WINTERLAND 3LP RSD 2026 - Rockers Records","isPartOf":{"@id":"https:\/\/rockers.de\/#website"},"datePublished":"2026-04-08T18:35:56+00:00","dateModified":"2026-04-08T18:49:45+00:00","breadcrumb":{"@id":"https:\/\/rockers.de\/record\/cream-wheels-of-fire-live-at-the-fillmore-winterland-3lp-rsd-2026\/#breadcrumb"},"inLanguage":"en-US","potentialAction":[{"@type":"ReadAction","target":["https:\/\/rockers.de\/record\/cream-wheels-of-fire-live-at-the-fillmore-winterland-3lp-rsd-2026\/"]}]},{"@type":"BreadcrumbList","@id":"https:\/\/rockers.de\/record\/cream-wheels-of-fire-live-at-the-fillmore-winterland-3lp-rsd-2026\/#breadcrumb","itemListElement":[{"@type":"ListItem","position":1,"name":"Startseite","item":"https:\/\/rockers.de\/"},{"@type":"ListItem","position":2,"name":"Shop","item":"https:\/\/rockers.de\/shop\/"},{"@type":"ListItem","position":3,"name":"Cream WHEELS OF FIRE: LIVE AT THE FILLMORE &#038; WINTERLAND 3LP RSD 2026"}]},{"@type":"WebSite","@id":"https:\/\/rockers.de\/#website","url":"https:\/\/rockers.de\/","name":"Rockers Records","description":"Your record store in Hanover","publisher":{"@id":"https:\/\/rockers.de\/#organization"},"potentialAction":[{"@type":"SearchAction","target":{"@type":"EntryPoint","urlTemplate":"https:\/\/rockers.de\/?s={search_term_string}"},"query-input":{"@type":"PropertyValueSpecification","valueRequired":true,"valueName":"search_term_string"}}],"inLanguage":"en-US"},{"@type":"Organization","@id":"https:\/\/rockers.de\/#organization","name":"Rockers Records","url":"https:\/\/rockers.de\/","logo":{"@type":"ImageObject","inLanguage":"en-US","@id":"https:\/\/rockers.de\/#\/schema\/logo\/image\/","url":"https:\/\/rockers.de\/wp-content\/uploads\/2022\/07\/Neue-Website-2022.jpg","contentUrl":"https:\/\/rockers.de\/wp-content\/uploads\/2022\/07\/Neue-Website-2022.jpg","width":800,"height":800,"caption":"Rockers Records"},"image":{"@id":"https:\/\/rockers.de\/#\/schema\/logo\/image\/"}}]}},"_links":{"self":[{"href":"https:\/\/rockers.de\/en\/wp-json\/wp\/v2\/product\/179865","targetHints":{"allow":["GET"]}}],"collection":[{"href":"https:\/\/rockers.de\/en\/wp-json\/wp\/v2\/product"}],"about":[{"href":"https:\/\/rockers.de\/en\/wp-json\/wp\/v2\/types\/product"}],"wp:attachment":[{"href":"https:\/\/rockers.de\/en\/wp-json\/wp\/v2\/media?parent=179865"}],"wp:term":[{"taxonomy":"product_brand","embeddable":true,"href":"https:\/\/rockers.de\/en\/wp-json\/wp\/v2\/product_brand?post=179865"},{"taxonomy":"product_cat","embeddable":true,"href":"https:\/\/rockers.de\/en\/wp-json\/wp\/v2\/product_cat?post=179865"},{"taxonomy":"product_tag","embeddable":true,"href":"https:\/\/rockers.de\/en\/wp-json\/wp\/v2\/product_tag?post=179865"}],"curies":[{"name":"wp","href":"https:\/\/api.w.org\/{rel}","templated":true}]}}