{"id":178683,"date":"2026-03-13T18:48:27","date_gmt":"2026-03-13T17:48:27","guid":{"rendered":"https:\/\/rockers.de\/?post_type=product&#038;p=178683"},"modified":"2026-03-13T18:49:11","modified_gmt":"2026-03-13T17:49:11","slug":"h-g-francis-schatzsuche-im-atlantik-1-cd","status":"publish","type":"product","link":"https:\/\/rockers.de\/en\/record\/h-g-francis-schatzsuche-im-atlantik-1-cd\/","title":{"rendered":"H.G. Francis-Schatzsuche Im Atlantik 1-CD"},"content":{"rendered":"<p>Folge 54 aus der neu aufgelegten Serie: EUROPA Die Originale<br \/>\nEin spannendes Abenteuer-H\u00f6rspiel von H. G. Francis.<br \/>\nEine Studio EUROPA-Produktion. <\/p>","protected":false},"excerpt":{"rendered":"<p>Folge 54 aus der neu aufgelegten Serie: EUROPA Die Originale<br \/>\nEin spannendes Abenteuer-H\u00f6rspiel von H. G. Francis.<br \/>\nEine Studio EUROPA-Produktion.<\/p>\n<p>Der Zufall spielt ihnen eine Seekarte in die H\u00e4nde. Sie ist \u00fcber zweihundert Jahre alt und auf ihr ist verzeichnet, wo die Goldgaleere SANTO DOMINGO versunken ist. Die Jagd nach dem Gold auf dem Meeresgrund beginnt. Doch allzu schnell wird das Geheimnis bekannt. Der Meeresforscher Gunter Finder hat es nicht nur mit gef\u00e4hrlichen Haien zu tun, sondern auch mit Gold-J\u00e4gern, die keine R\u00fccksicht kennen&#8230;<\/p>\n<p>\u00a9 &amp; \u2117 1979 \/ 2008 Sony BMG Music Entertainment (Germany) GmbH<br \/>\nDistributed by Sony BMG Music Entertainment<br \/>\nAll trademarks and logos are protected.<br \/>\nMade in the EU<\/p>\n<p>Gesamtspielzeit ca. 38 Min. \/ Total Duration app. 38 Minutes.<br \/>\nCD in Vinyl-Optik!<br \/>\nJewelcase with silver-grey tray.<\/p>\n<p>Der zweite Teil ist in der gleichen Serie erschienen:<br \/>\n[r13617918] \u2022 EUROPA Die Originale 88697 84607 2<\/p>\n","protected":false},"featured_media":178685,"template":"","meta":{"_acf_changed":false},"product_brand":[],"product_cat":[1009],"product_tag":[],"class_list":{"0":"post-178683","1":"product","2":"type-product","3":"status-publish","4":"has-post-thumbnail","6":"product_cat-spoken-word","7":"pa_att_artist-h-g-francis","8":"pa_att_format-cd","9":"pa_att_genre-spoken-word","10":"pa_att_jahr-169","11":"pa_att_label-europa","12":"pa_att_land-germany","14":"first","15":"instock","16":"taxable","17":"shipping-taxable","18":"purchasable","19":"product-type-simple"},"acf":[],"yoast_head":"<!-- This site is optimized with the Yoast SEO plugin v27.3 - https:\/\/yoast.com\/product\/yoast-seo-wordpress\/ -->\n<title>H.G. Francis-Schatzsuche Im Atlantik 1-CD - Rockers Records<\/title>\n<meta name=\"robots\" content=\"index, follow, max-snippet:-1, max-image-preview:large, max-video-preview:-1\" \/>\n<link rel=\"canonical\" href=\"https:\/\/rockers.de\/en\/record\/h-g-francis-schatzsuche-im-atlantik-1-cd\/\" \/>\n<meta property=\"og:locale\" content=\"en_US\" \/>\n<meta property=\"og:type\" content=\"article\" \/>\n<meta property=\"og:title\" content=\"H.G. Francis-Schatzsuche Im Atlantik 1-CD - Rockers Records\" \/>\n<meta property=\"og:description\" content=\"Folge 54 aus der neu aufgelegten Serie: EUROPA Die Originale Ein spannendes Abenteuer-H\u00f6rspiel von H. G. Francis. Eine Studio EUROPA-Produktion.  Der Zufall spielt ihnen eine Seekarte in die H\u00e4nde. Sie ist \u00fcber zweihundert Jahre alt und auf ihr ist verzeichnet, wo die Goldgaleere SANTO DOMINGO versunken ist. Die Jagd nach dem Gold auf dem Meeresgrund beginnt. Doch allzu schnell wird das Geheimnis bekannt. Der Meeresforscher Gunter Finder hat es nicht nur mit gef\u00e4hrlichen Haien zu tun, sondern auch mit Gold-J\u00e4gern, die keine R\u00fccksicht kennen...  \u00a9 &amp; \u2117 1979 \/ 2008 Sony BMG Music Entertainment (Germany) GmbH Distributed by Sony BMG Music Entertainment All trademarks and logos are protected. Made in the EU  Gesamtspielzeit ca. 38 Min. \/ Total Duration app. 38 Minutes. CD in Vinyl-Optik! Jewelcase with silver-grey tray.  Der zweite Teil ist in der gleichen Serie erschienen: [r13617918] \u2022 EUROPA Die Originale 88697 84607 2\" \/>\n<meta property=\"og:url\" content=\"https:\/\/rockers.de\/en\/record\/h-g-francis-schatzsuche-im-atlantik-1-cd\/\" \/>\n<meta property=\"og:site_name\" content=\"Rockers Records\" \/>\n<meta property=\"article:modified_time\" content=\"2026-03-13T17:49:11+00:00\" \/>\n<meta property=\"og:image\" content=\"https:\/\/rockers.de\/wp-content\/uploads\/2026\/03\/H.G.-Francis-Schatzsuche-Im-Atlantik-1-CD-1.jpg\" \/>\n\t<meta property=\"og:image:width\" content=\"854\" \/>\n\t<meta property=\"og:image:height\" content=\"741\" \/>\n\t<meta property=\"og:image:type\" content=\"image\/jpeg\" \/>\n<meta name=\"twitter:card\" content=\"summary_large_image\" \/>\n<meta name=\"twitter:label1\" content=\"Est. reading time\" \/>\n\t<meta name=\"twitter:data1\" content=\"2 minutes\" \/>\n<script type=\"application\/ld+json\" class=\"yoast-schema-graph\">{\"@context\":\"https:\\\/\\\/schema.org\",\"@graph\":[{\"@type\":\"WebPage\",\"@id\":\"https:\\\/\\\/rockers.de\\\/record\\\/h-g-francis-schatzsuche-im-atlantik-1-cd\\\/\",\"url\":\"https:\\\/\\\/rockers.de\\\/record\\\/h-g-francis-schatzsuche-im-atlantik-1-cd\\\/\",\"name\":\"H.G. Francis-Schatzsuche Im Atlantik 1-CD - Rockers Records\",\"isPartOf\":{\"@id\":\"https:\\\/\\\/rockers.de\\\/#website\"},\"primaryImageOfPage\":{\"@id\":\"https:\\\/\\\/rockers.de\\\/record\\\/h-g-francis-schatzsuche-im-atlantik-1-cd\\\/#primaryimage\"},\"image\":{\"@id\":\"https:\\\/\\\/rockers.de\\\/record\\\/h-g-francis-schatzsuche-im-atlantik-1-cd\\\/#primaryimage\"},\"thumbnailUrl\":\"https:\\\/\\\/rockers.de\\\/wp-content\\\/uploads\\\/2026\\\/03\\\/H.G.-Francis-Schatzsuche-Im-Atlantik-1-CD-1.jpg\",\"datePublished\":\"2026-03-13T17:48:27+00:00\",\"dateModified\":\"2026-03-13T17:49:11+00:00\",\"breadcrumb\":{\"@id\":\"https:\\\/\\\/rockers.de\\\/record\\\/h-g-francis-schatzsuche-im-atlantik-1-cd\\\/#breadcrumb\"},\"inLanguage\":\"en-US\",\"potentialAction\":[{\"@type\":\"ReadAction\",\"target\":[\"https:\\\/\\\/rockers.de\\\/record\\\/h-g-francis-schatzsuche-im-atlantik-1-cd\\\/\"]}]},{\"@type\":\"ImageObject\",\"inLanguage\":\"en-US\",\"@id\":\"https:\\\/\\\/rockers.de\\\/record\\\/h-g-francis-schatzsuche-im-atlantik-1-cd\\\/#primaryimage\",\"url\":\"https:\\\/\\\/rockers.de\\\/wp-content\\\/uploads\\\/2026\\\/03\\\/H.G.-Francis-Schatzsuche-Im-Atlantik-1-CD-1.jpg\",\"contentUrl\":\"https:\\\/\\\/rockers.de\\\/wp-content\\\/uploads\\\/2026\\\/03\\\/H.G.-Francis-Schatzsuche-Im-Atlantik-1-CD-1.jpg\",\"width\":854,\"height\":741,\"caption\":\"H.G. Francis-Schatzsuche Im Atlantik 1-CD\"},{\"@type\":\"BreadcrumbList\",\"@id\":\"https:\\\/\\\/rockers.de\\\/record\\\/h-g-francis-schatzsuche-im-atlantik-1-cd\\\/#breadcrumb\",\"itemListElement\":[{\"@type\":\"ListItem\",\"position\":1,\"name\":\"Startseite\",\"item\":\"https:\\\/\\\/rockers.de\\\/\"},{\"@type\":\"ListItem\",\"position\":2,\"name\":\"Shop\",\"item\":\"https:\\\/\\\/rockers.de\\\/shop\\\/\"},{\"@type\":\"ListItem\",\"position\":3,\"name\":\"H.G. Francis-Schatzsuche Im Atlantik 1-CD\"}]},{\"@type\":\"WebSite\",\"@id\":\"https:\\\/\\\/rockers.de\\\/#website\",\"url\":\"https:\\\/\\\/rockers.de\\\/\",\"name\":\"Rockers Records\",\"description\":\"Dein Schallplatten Store in Hannover\",\"publisher\":{\"@id\":\"https:\\\/\\\/rockers.de\\\/#organization\"},\"potentialAction\":[{\"@type\":\"SearchAction\",\"target\":{\"@type\":\"EntryPoint\",\"urlTemplate\":\"https:\\\/\\\/rockers.de\\\/?s={search_term_string}\"},\"query-input\":{\"@type\":\"PropertyValueSpecification\",\"valueRequired\":true,\"valueName\":\"search_term_string\"}}],\"inLanguage\":\"en-US\"},{\"@type\":\"Organization\",\"@id\":\"https:\\\/\\\/rockers.de\\\/#organization\",\"name\":\"Rockers Records\",\"url\":\"https:\\\/\\\/rockers.de\\\/\",\"logo\":{\"@type\":\"ImageObject\",\"inLanguage\":\"en-US\",\"@id\":\"https:\\\/\\\/rockers.de\\\/#\\\/schema\\\/logo\\\/image\\\/\",\"url\":\"https:\\\/\\\/rockers.de\\\/wp-content\\\/uploads\\\/2022\\\/07\\\/Neue-Website-2022.jpg\",\"contentUrl\":\"https:\\\/\\\/rockers.de\\\/wp-content\\\/uploads\\\/2022\\\/07\\\/Neue-Website-2022.jpg\",\"width\":800,\"height\":800,\"caption\":\"Rockers Records\"},\"image\":{\"@id\":\"https:\\\/\\\/rockers.de\\\/#\\\/schema\\\/logo\\\/image\\\/\"}}]}<\/script>\n<!-- \/ Yoast SEO plugin. -->","yoast_head_json":{"title":"H.G. Francis-Schatzsuche Im Atlantik 1-CD - Rockers Records","robots":{"index":"index","follow":"follow","max-snippet":"max-snippet:-1","max-image-preview":"max-image-preview:large","max-video-preview":"max-video-preview:-1"},"canonical":"https:\/\/rockers.de\/en\/record\/h-g-francis-schatzsuche-im-atlantik-1-cd\/","og_locale":"en_US","og_type":"article","og_title":"H.G. Francis-Schatzsuche Im Atlantik 1-CD - Rockers Records","og_description":"Folge 54 aus der neu aufgelegten Serie: EUROPA Die Originale Ein spannendes Abenteuer-H\u00f6rspiel von H. G. Francis. Eine Studio EUROPA-Produktion.  Der Zufall spielt ihnen eine Seekarte in die H\u00e4nde. Sie ist \u00fcber zweihundert Jahre alt und auf ihr ist verzeichnet, wo die Goldgaleere SANTO DOMINGO versunken ist. Die Jagd nach dem Gold auf dem Meeresgrund beginnt. Doch allzu schnell wird das Geheimnis bekannt. Der Meeresforscher Gunter Finder hat es nicht nur mit gef\u00e4hrlichen Haien zu tun, sondern auch mit Gold-J\u00e4gern, die keine R\u00fccksicht kennen...  \u00a9 &amp; \u2117 1979 \/ 2008 Sony BMG Music Entertainment (Germany) GmbH Distributed by Sony BMG Music Entertainment All trademarks and logos are protected. Made in the EU  Gesamtspielzeit ca. 38 Min. \/ Total Duration app. 38 Minutes. CD in Vinyl-Optik! Jewelcase with silver-grey tray.  Der zweite Teil ist in der gleichen Serie erschienen: [r13617918] \u2022 EUROPA Die Originale 88697 84607 2","og_url":"https:\/\/rockers.de\/en\/record\/h-g-francis-schatzsuche-im-atlantik-1-cd\/","og_site_name":"Rockers Records","article_modified_time":"2026-03-13T17:49:11+00:00","og_image":[{"width":854,"height":741,"url":"https:\/\/rockers.de\/wp-content\/uploads\/2026\/03\/H.G.-Francis-Schatzsuche-Im-Atlantik-1-CD-1.jpg","type":"image\/jpeg"}],"twitter_card":"summary_large_image","twitter_misc":{"Est. reading time":"2 minutes"},"schema":{"@context":"https:\/\/schema.org","@graph":[{"@type":"WebPage","@id":"https:\/\/rockers.de\/record\/h-g-francis-schatzsuche-im-atlantik-1-cd\/","url":"https:\/\/rockers.de\/record\/h-g-francis-schatzsuche-im-atlantik-1-cd\/","name":"H.G. Francis-Schatzsuche Im Atlantik 1-CD - Rockers Records","isPartOf":{"@id":"https:\/\/rockers.de\/#website"},"primaryImageOfPage":{"@id":"https:\/\/rockers.de\/record\/h-g-francis-schatzsuche-im-atlantik-1-cd\/#primaryimage"},"image":{"@id":"https:\/\/rockers.de\/record\/h-g-francis-schatzsuche-im-atlantik-1-cd\/#primaryimage"},"thumbnailUrl":"https:\/\/rockers.de\/wp-content\/uploads\/2026\/03\/H.G.-Francis-Schatzsuche-Im-Atlantik-1-CD-1.jpg","datePublished":"2026-03-13T17:48:27+00:00","dateModified":"2026-03-13T17:49:11+00:00","breadcrumb":{"@id":"https:\/\/rockers.de\/record\/h-g-francis-schatzsuche-im-atlantik-1-cd\/#breadcrumb"},"inLanguage":"en-US","potentialAction":[{"@type":"ReadAction","target":["https:\/\/rockers.de\/record\/h-g-francis-schatzsuche-im-atlantik-1-cd\/"]}]},{"@type":"ImageObject","inLanguage":"en-US","@id":"https:\/\/rockers.de\/record\/h-g-francis-schatzsuche-im-atlantik-1-cd\/#primaryimage","url":"https:\/\/rockers.de\/wp-content\/uploads\/2026\/03\/H.G.-Francis-Schatzsuche-Im-Atlantik-1-CD-1.jpg","contentUrl":"https:\/\/rockers.de\/wp-content\/uploads\/2026\/03\/H.G.-Francis-Schatzsuche-Im-Atlantik-1-CD-1.jpg","width":854,"height":741,"caption":"H.G. Francis-Schatzsuche Im Atlantik 1-CD"},{"@type":"BreadcrumbList","@id":"https:\/\/rockers.de\/record\/h-g-francis-schatzsuche-im-atlantik-1-cd\/#breadcrumb","itemListElement":[{"@type":"ListItem","position":1,"name":"Startseite","item":"https:\/\/rockers.de\/"},{"@type":"ListItem","position":2,"name":"Shop","item":"https:\/\/rockers.de\/shop\/"},{"@type":"ListItem","position":3,"name":"H.G. Francis-Schatzsuche Im Atlantik 1-CD"}]},{"@type":"WebSite","@id":"https:\/\/rockers.de\/#website","url":"https:\/\/rockers.de\/","name":"Rockers Records","description":"Your record store in Hanover","publisher":{"@id":"https:\/\/rockers.de\/#organization"},"potentialAction":[{"@type":"SearchAction","target":{"@type":"EntryPoint","urlTemplate":"https:\/\/rockers.de\/?s={search_term_string}"},"query-input":{"@type":"PropertyValueSpecification","valueRequired":true,"valueName":"search_term_string"}}],"inLanguage":"en-US"},{"@type":"Organization","@id":"https:\/\/rockers.de\/#organization","name":"Rockers Records","url":"https:\/\/rockers.de\/","logo":{"@type":"ImageObject","inLanguage":"en-US","@id":"https:\/\/rockers.de\/#\/schema\/logo\/image\/","url":"https:\/\/rockers.de\/wp-content\/uploads\/2022\/07\/Neue-Website-2022.jpg","contentUrl":"https:\/\/rockers.de\/wp-content\/uploads\/2022\/07\/Neue-Website-2022.jpg","width":800,"height":800,"caption":"Rockers Records"},"image":{"@id":"https:\/\/rockers.de\/#\/schema\/logo\/image\/"}}]}},"_links":{"self":[{"href":"https:\/\/rockers.de\/en\/wp-json\/wp\/v2\/product\/178683","targetHints":{"allow":["GET"]}}],"collection":[{"href":"https:\/\/rockers.de\/en\/wp-json\/wp\/v2\/product"}],"about":[{"href":"https:\/\/rockers.de\/en\/wp-json\/wp\/v2\/types\/product"}],"wp:featuredmedia":[{"embeddable":true,"href":"https:\/\/rockers.de\/en\/wp-json\/wp\/v2\/media\/178685"}],"wp:attachment":[{"href":"https:\/\/rockers.de\/en\/wp-json\/wp\/v2\/media?parent=178683"}],"wp:term":[{"taxonomy":"product_brand","embeddable":true,"href":"https:\/\/rockers.de\/en\/wp-json\/wp\/v2\/product_brand?post=178683"},{"taxonomy":"product_cat","embeddable":true,"href":"https:\/\/rockers.de\/en\/wp-json\/wp\/v2\/product_cat?post=178683"},{"taxonomy":"product_tag","embeddable":true,"href":"https:\/\/rockers.de\/en\/wp-json\/wp\/v2\/product_tag?post=178683"}],"curies":[{"name":"wp","href":"https:\/\/api.w.org\/{rel}","templated":true}]}}