{"id":178675,"date":"2026-03-13T18:36:01","date_gmt":"2026-03-13T17:36:01","guid":{"rendered":"https:\/\/rockers.de\/?post_type=product&#038;p=178675"},"modified":"2026-03-13T18:36:01","modified_gmt":"2026-03-13T17:36:01","slug":"mark-twain-tom-sawyer-und-huckleberry-finn-folge-2-cd","status":"publish","type":"product","link":"https:\/\/rockers.de\/en\/record\/mark-twain-tom-sawyer-und-huckleberry-finn-folge-2-cd\/","title":{"rendered":"Mark Twain-Tom Sawyer Und Huckleberry Finn &#8211; Folge 2-CD"},"content":{"rendered":"<p>SUBTITLE: Auf gef\u00e4hrlicher Entdeckungsfahrt<\/p>\n<p>Folge 18 aus der neu aufgelegten Serie: EUROPA Die Originale<br \/>\nEin spannendes H\u00f6rspiel nach einer Erz\u00e4hlung von Mark Twain.<br \/>\nEine Studio EUROPA-Produktion.<\/p>\n<p>Tom Sawyer ist seines Lebens nicht mehr sicher: Der unheimliche Indianer-Joe schmiedet m\u00f6rderische Rachepl\u00e4ne. Und er wird keine Ruhe geben, bis er sein Ziel erreicht hat. Tom ger\u00e4t in Panik, er muss aus der Stadt fliehen!<br \/>\nDoch ein wichtiger Grund spricht dagegen: Becky Thatcher, die Tochter des Richters, in die sich der Junge unsterblich verliebt hat&#8230;<\/p>\n<p>\u2117 + \u00a9 1967 \/ 2006 Sony BMG Music Entertainment (Germany) GmbH<br \/>\nDistributed by Sony BMG Music Entertainment.<br \/>\nAll Trademarks and Logos are protected.<br \/>\nMade in the EU.<\/p>\n<p>Gesamtspielzeit ca. 45 Min. \/ Total Duration app. 45 Minutes.<br \/>\nCD in Vinyl-Optik!<br \/>\nJewelcase with silver-grey tray.<\/p>\n<p>Die erste Folge ist in der gleichen Serie erschienen:<br \/>\n[r13603172] \u2022 EUROPA Die Originale 82876 76107 2<\/p>\n<p>Track times are not listed on the release, they are taken from CD-player.<\/p>\n","protected":false},"excerpt":{"rendered":"<p>SUBTITLE: Auf gef\u00e4hrlicher Entdeckungsfahrt<\/p>\n<p>Folge 18 aus der neu aufgelegten Serie: EUROPA Die Originale<br \/>\nEin spannendes H\u00f6rspiel nach einer Erz\u00e4hlung von Mark Twain.<br \/>\nEine Studio EUROPA-Produktion.<\/p>\n<p>Tom Sawyer ist seines Lebens nicht mehr sicher: Der unheimliche Indianer-Joe schmiedet m\u00f6rderische Rachepl\u00e4ne. Und er wird keine Ruhe geben, bis er sein Ziel erreicht hat. Tom ger\u00e4t in Panik, er muss aus der Stadt fliehen!<br \/>\nDoch ein wichtiger Grund spricht dagegen: Becky Thatcher, die Tochter des Richters, in die sich der Junge unsterblich verliebt hat&#8230;<\/p>\n<p>\u2117 + \u00a9 1967 \/ 2006 Sony BMG Music Entertainment (Germany) GmbH<br \/>\nDistributed by Sony BMG Music Entertainment.<br \/>\nAll Trademarks and Logos are protected.<br \/>\nMade in the EU.<\/p>\n<p>Gesamtspielzeit ca. 45 Min. \/ Total Duration app. 45 Minutes.<br \/>\nCD in Vinyl-Optik!<br \/>\nJewelcase with silver-grey tray.<\/p>\n<p>Die erste Folge ist in der gleichen Serie erschienen:<br \/>\n[r13603172] \u2022 EUROPA Die Originale 82876 76107 2<\/p>\n<p>Track times are not listed on the release, they are taken from CD-player.<\/p>\n","protected":false},"featured_media":178677,"template":"","meta":{"_acf_changed":false},"product_brand":[],"product_cat":[1009],"product_tag":[],"class_list":{"0":"post-178675","1":"product","2":"type-product","3":"status-publish","4":"has-post-thumbnail","6":"product_cat-spoken-word","7":"pa_att_artist-mark-twain","8":"pa_att_format-cd","9":"pa_att_genre-spoken-word","10":"pa_att_jahr-179","11":"pa_att_label-europa","12":"pa_att_land-germany","14":"first","15":"instock","16":"taxable","17":"shipping-taxable","18":"purchasable","19":"product-type-simple"},"acf":[],"yoast_head":"<!-- This site is optimized with the Yoast SEO plugin v27.3 - https:\/\/yoast.com\/product\/yoast-seo-wordpress\/ -->\n<title>Mark Twain-Tom Sawyer Und Huckleberry Finn - Folge 2-CD - Rockers Records<\/title>\n<meta name=\"robots\" content=\"index, follow, max-snippet:-1, max-image-preview:large, max-video-preview:-1\" \/>\n<link rel=\"canonical\" href=\"https:\/\/rockers.de\/en\/record\/mark-twain-tom-sawyer-und-huckleberry-finn-folge-2-cd\/\" \/>\n<meta property=\"og:locale\" content=\"en_US\" \/>\n<meta property=\"og:type\" content=\"article\" \/>\n<meta property=\"og:title\" content=\"Mark Twain-Tom Sawyer Und Huckleberry Finn - Folge 2-CD - Rockers Records\" \/>\n<meta property=\"og:description\" content=\"SUBTITLE: Auf gef\u00e4hrlicher Entdeckungsfahrt  Folge 18 aus der neu aufgelegten Serie: EUROPA Die Originale Ein spannendes H\u00f6rspiel nach einer Erz\u00e4hlung von Mark Twain. Eine Studio EUROPA-Produktion.  Tom Sawyer ist seines Lebens nicht mehr sicher: Der unheimliche Indianer-Joe schmiedet m\u00f6rderische Rachepl\u00e4ne. Und er wird keine Ruhe geben, bis er sein Ziel erreicht hat. Tom ger\u00e4t in Panik, er muss aus der Stadt fliehen! Doch ein wichtiger Grund spricht dagegen: Becky Thatcher, die Tochter des Richters, in die sich der Junge unsterblich verliebt hat...  \u2117 + \u00a9 1967 \/ 2006 Sony BMG Music Entertainment (Germany) GmbH Distributed by Sony BMG Music Entertainment. All Trademarks and Logos are protected. Made in the EU.  Gesamtspielzeit ca. 45 Min. \/ Total Duration app. 45 Minutes. CD in Vinyl-Optik! Jewelcase with silver-grey tray.  Die erste Folge ist in der gleichen Serie erschienen: [r13603172] \u2022 EUROPA Die Originale 82876 76107 2  Track times are not listed on the release, they are taken from CD-player.\" \/>\n<meta property=\"og:url\" content=\"https:\/\/rockers.de\/en\/record\/mark-twain-tom-sawyer-und-huckleberry-finn-folge-2-cd\/\" \/>\n<meta property=\"og:site_name\" content=\"Rockers Records\" \/>\n<meta property=\"og:image\" content=\"https:\/\/rockers.de\/wp-content\/uploads\/2026\/03\/Mark-Twain-Tom-Sawyer-Und-Huckleberry-Finn-Folge-2-CD-1.jpg\" \/>\n\t<meta property=\"og:image:width\" content=\"854\" \/>\n\t<meta property=\"og:image:height\" content=\"741\" \/>\n\t<meta property=\"og:image:type\" content=\"image\/jpeg\" \/>\n<meta name=\"twitter:card\" content=\"summary_large_image\" \/>\n<meta name=\"twitter:label1\" content=\"Est. reading time\" \/>\n\t<meta name=\"twitter:data1\" content=\"2 minutes\" \/>\n<script type=\"application\/ld+json\" class=\"yoast-schema-graph\">{\"@context\":\"https:\\\/\\\/schema.org\",\"@graph\":[{\"@type\":\"WebPage\",\"@id\":\"https:\\\/\\\/rockers.de\\\/record\\\/mark-twain-tom-sawyer-und-huckleberry-finn-folge-2-cd\\\/\",\"url\":\"https:\\\/\\\/rockers.de\\\/record\\\/mark-twain-tom-sawyer-und-huckleberry-finn-folge-2-cd\\\/\",\"name\":\"Mark Twain-Tom Sawyer Und Huckleberry Finn - Folge 2-CD - Rockers Records\",\"isPartOf\":{\"@id\":\"https:\\\/\\\/rockers.de\\\/#website\"},\"primaryImageOfPage\":{\"@id\":\"https:\\\/\\\/rockers.de\\\/record\\\/mark-twain-tom-sawyer-und-huckleberry-finn-folge-2-cd\\\/#primaryimage\"},\"image\":{\"@id\":\"https:\\\/\\\/rockers.de\\\/record\\\/mark-twain-tom-sawyer-und-huckleberry-finn-folge-2-cd\\\/#primaryimage\"},\"thumbnailUrl\":\"https:\\\/\\\/rockers.de\\\/wp-content\\\/uploads\\\/2026\\\/03\\\/Mark-Twain-Tom-Sawyer-Und-Huckleberry-Finn-Folge-2-CD-1.jpg\",\"datePublished\":\"2026-03-13T17:36:01+00:00\",\"breadcrumb\":{\"@id\":\"https:\\\/\\\/rockers.de\\\/record\\\/mark-twain-tom-sawyer-und-huckleberry-finn-folge-2-cd\\\/#breadcrumb\"},\"inLanguage\":\"en-US\",\"potentialAction\":[{\"@type\":\"ReadAction\",\"target\":[\"https:\\\/\\\/rockers.de\\\/record\\\/mark-twain-tom-sawyer-und-huckleberry-finn-folge-2-cd\\\/\"]}]},{\"@type\":\"ImageObject\",\"inLanguage\":\"en-US\",\"@id\":\"https:\\\/\\\/rockers.de\\\/record\\\/mark-twain-tom-sawyer-und-huckleberry-finn-folge-2-cd\\\/#primaryimage\",\"url\":\"https:\\\/\\\/rockers.de\\\/wp-content\\\/uploads\\\/2026\\\/03\\\/Mark-Twain-Tom-Sawyer-Und-Huckleberry-Finn-Folge-2-CD-1.jpg\",\"contentUrl\":\"https:\\\/\\\/rockers.de\\\/wp-content\\\/uploads\\\/2026\\\/03\\\/Mark-Twain-Tom-Sawyer-Und-Huckleberry-Finn-Folge-2-CD-1.jpg\",\"width\":854,\"height\":741,\"caption\":\"Mark Twain-Tom Sawyer Und Huckleberry Finn - Folge 2-CD\"},{\"@type\":\"BreadcrumbList\",\"@id\":\"https:\\\/\\\/rockers.de\\\/record\\\/mark-twain-tom-sawyer-und-huckleberry-finn-folge-2-cd\\\/#breadcrumb\",\"itemListElement\":[{\"@type\":\"ListItem\",\"position\":1,\"name\":\"Startseite\",\"item\":\"https:\\\/\\\/rockers.de\\\/\"},{\"@type\":\"ListItem\",\"position\":2,\"name\":\"Shop\",\"item\":\"https:\\\/\\\/rockers.de\\\/shop\\\/\"},{\"@type\":\"ListItem\",\"position\":3,\"name\":\"Mark Twain-Tom Sawyer Und Huckleberry Finn &#8211; Folge 2-CD\"}]},{\"@type\":\"WebSite\",\"@id\":\"https:\\\/\\\/rockers.de\\\/#website\",\"url\":\"https:\\\/\\\/rockers.de\\\/\",\"name\":\"Rockers Records\",\"description\":\"Dein Schallplatten Store in Hannover\",\"publisher\":{\"@id\":\"https:\\\/\\\/rockers.de\\\/#organization\"},\"potentialAction\":[{\"@type\":\"SearchAction\",\"target\":{\"@type\":\"EntryPoint\",\"urlTemplate\":\"https:\\\/\\\/rockers.de\\\/?s={search_term_string}\"},\"query-input\":{\"@type\":\"PropertyValueSpecification\",\"valueRequired\":true,\"valueName\":\"search_term_string\"}}],\"inLanguage\":\"en-US\"},{\"@type\":\"Organization\",\"@id\":\"https:\\\/\\\/rockers.de\\\/#organization\",\"name\":\"Rockers Records\",\"url\":\"https:\\\/\\\/rockers.de\\\/\",\"logo\":{\"@type\":\"ImageObject\",\"inLanguage\":\"en-US\",\"@id\":\"https:\\\/\\\/rockers.de\\\/#\\\/schema\\\/logo\\\/image\\\/\",\"url\":\"https:\\\/\\\/rockers.de\\\/wp-content\\\/uploads\\\/2022\\\/07\\\/Neue-Website-2022.jpg\",\"contentUrl\":\"https:\\\/\\\/rockers.de\\\/wp-content\\\/uploads\\\/2022\\\/07\\\/Neue-Website-2022.jpg\",\"width\":800,\"height\":800,\"caption\":\"Rockers Records\"},\"image\":{\"@id\":\"https:\\\/\\\/rockers.de\\\/#\\\/schema\\\/logo\\\/image\\\/\"}}]}<\/script>\n<!-- \/ Yoast SEO plugin. -->","yoast_head_json":{"title":"Mark Twain-Tom Sawyer Und Huckleberry Finn - Folge 2-CD - Rockers Records","robots":{"index":"index","follow":"follow","max-snippet":"max-snippet:-1","max-image-preview":"max-image-preview:large","max-video-preview":"max-video-preview:-1"},"canonical":"https:\/\/rockers.de\/en\/record\/mark-twain-tom-sawyer-und-huckleberry-finn-folge-2-cd\/","og_locale":"en_US","og_type":"article","og_title":"Mark Twain-Tom Sawyer Und Huckleberry Finn - Folge 2-CD - Rockers Records","og_description":"SUBTITLE: Auf gef\u00e4hrlicher Entdeckungsfahrt  Folge 18 aus der neu aufgelegten Serie: EUROPA Die Originale Ein spannendes H\u00f6rspiel nach einer Erz\u00e4hlung von Mark Twain. Eine Studio EUROPA-Produktion.  Tom Sawyer ist seines Lebens nicht mehr sicher: Der unheimliche Indianer-Joe schmiedet m\u00f6rderische Rachepl\u00e4ne. Und er wird keine Ruhe geben, bis er sein Ziel erreicht hat. Tom ger\u00e4t in Panik, er muss aus der Stadt fliehen! Doch ein wichtiger Grund spricht dagegen: Becky Thatcher, die Tochter des Richters, in die sich der Junge unsterblich verliebt hat...  \u2117 + \u00a9 1967 \/ 2006 Sony BMG Music Entertainment (Germany) GmbH Distributed by Sony BMG Music Entertainment. All Trademarks and Logos are protected. Made in the EU.  Gesamtspielzeit ca. 45 Min. \/ Total Duration app. 45 Minutes. CD in Vinyl-Optik! Jewelcase with silver-grey tray.  Die erste Folge ist in der gleichen Serie erschienen: [r13603172] \u2022 EUROPA Die Originale 82876 76107 2  Track times are not listed on the release, they are taken from CD-player.","og_url":"https:\/\/rockers.de\/en\/record\/mark-twain-tom-sawyer-und-huckleberry-finn-folge-2-cd\/","og_site_name":"Rockers Records","og_image":[{"width":854,"height":741,"url":"https:\/\/rockers.de\/wp-content\/uploads\/2026\/03\/Mark-Twain-Tom-Sawyer-Und-Huckleberry-Finn-Folge-2-CD-1.jpg","type":"image\/jpeg"}],"twitter_card":"summary_large_image","twitter_misc":{"Est. reading time":"2 minutes"},"schema":{"@context":"https:\/\/schema.org","@graph":[{"@type":"WebPage","@id":"https:\/\/rockers.de\/record\/mark-twain-tom-sawyer-und-huckleberry-finn-folge-2-cd\/","url":"https:\/\/rockers.de\/record\/mark-twain-tom-sawyer-und-huckleberry-finn-folge-2-cd\/","name":"Mark Twain-Tom Sawyer Und Huckleberry Finn - Folge 2-CD - Rockers Records","isPartOf":{"@id":"https:\/\/rockers.de\/#website"},"primaryImageOfPage":{"@id":"https:\/\/rockers.de\/record\/mark-twain-tom-sawyer-und-huckleberry-finn-folge-2-cd\/#primaryimage"},"image":{"@id":"https:\/\/rockers.de\/record\/mark-twain-tom-sawyer-und-huckleberry-finn-folge-2-cd\/#primaryimage"},"thumbnailUrl":"https:\/\/rockers.de\/wp-content\/uploads\/2026\/03\/Mark-Twain-Tom-Sawyer-Und-Huckleberry-Finn-Folge-2-CD-1.jpg","datePublished":"2026-03-13T17:36:01+00:00","breadcrumb":{"@id":"https:\/\/rockers.de\/record\/mark-twain-tom-sawyer-und-huckleberry-finn-folge-2-cd\/#breadcrumb"},"inLanguage":"en-US","potentialAction":[{"@type":"ReadAction","target":["https:\/\/rockers.de\/record\/mark-twain-tom-sawyer-und-huckleberry-finn-folge-2-cd\/"]}]},{"@type":"ImageObject","inLanguage":"en-US","@id":"https:\/\/rockers.de\/record\/mark-twain-tom-sawyer-und-huckleberry-finn-folge-2-cd\/#primaryimage","url":"https:\/\/rockers.de\/wp-content\/uploads\/2026\/03\/Mark-Twain-Tom-Sawyer-Und-Huckleberry-Finn-Folge-2-CD-1.jpg","contentUrl":"https:\/\/rockers.de\/wp-content\/uploads\/2026\/03\/Mark-Twain-Tom-Sawyer-Und-Huckleberry-Finn-Folge-2-CD-1.jpg","width":854,"height":741,"caption":"Mark Twain-Tom Sawyer Und Huckleberry Finn - Folge 2-CD"},{"@type":"BreadcrumbList","@id":"https:\/\/rockers.de\/record\/mark-twain-tom-sawyer-und-huckleberry-finn-folge-2-cd\/#breadcrumb","itemListElement":[{"@type":"ListItem","position":1,"name":"Startseite","item":"https:\/\/rockers.de\/"},{"@type":"ListItem","position":2,"name":"Shop","item":"https:\/\/rockers.de\/shop\/"},{"@type":"ListItem","position":3,"name":"Mark Twain-Tom Sawyer Und Huckleberry Finn &#8211; Folge 2-CD"}]},{"@type":"WebSite","@id":"https:\/\/rockers.de\/#website","url":"https:\/\/rockers.de\/","name":"Rockers Records","description":"Your record store in Hanover","publisher":{"@id":"https:\/\/rockers.de\/#organization"},"potentialAction":[{"@type":"SearchAction","target":{"@type":"EntryPoint","urlTemplate":"https:\/\/rockers.de\/?s={search_term_string}"},"query-input":{"@type":"PropertyValueSpecification","valueRequired":true,"valueName":"search_term_string"}}],"inLanguage":"en-US"},{"@type":"Organization","@id":"https:\/\/rockers.de\/#organization","name":"Rockers Records","url":"https:\/\/rockers.de\/","logo":{"@type":"ImageObject","inLanguage":"en-US","@id":"https:\/\/rockers.de\/#\/schema\/logo\/image\/","url":"https:\/\/rockers.de\/wp-content\/uploads\/2022\/07\/Neue-Website-2022.jpg","contentUrl":"https:\/\/rockers.de\/wp-content\/uploads\/2022\/07\/Neue-Website-2022.jpg","width":800,"height":800,"caption":"Rockers Records"},"image":{"@id":"https:\/\/rockers.de\/#\/schema\/logo\/image\/"}}]}},"_links":{"self":[{"href":"https:\/\/rockers.de\/en\/wp-json\/wp\/v2\/product\/178675","targetHints":{"allow":["GET"]}}],"collection":[{"href":"https:\/\/rockers.de\/en\/wp-json\/wp\/v2\/product"}],"about":[{"href":"https:\/\/rockers.de\/en\/wp-json\/wp\/v2\/types\/product"}],"wp:featuredmedia":[{"embeddable":true,"href":"https:\/\/rockers.de\/en\/wp-json\/wp\/v2\/media\/178677"}],"wp:attachment":[{"href":"https:\/\/rockers.de\/en\/wp-json\/wp\/v2\/media?parent=178675"}],"wp:term":[{"taxonomy":"product_brand","embeddable":true,"href":"https:\/\/rockers.de\/en\/wp-json\/wp\/v2\/product_brand?post=178675"},{"taxonomy":"product_cat","embeddable":true,"href":"https:\/\/rockers.de\/en\/wp-json\/wp\/v2\/product_cat?post=178675"},{"taxonomy":"product_tag","embeddable":true,"href":"https:\/\/rockers.de\/en\/wp-json\/wp\/v2\/product_tag?post=178675"}],"curies":[{"name":"wp","href":"https:\/\/api.w.org\/{rel}","templated":true}]}}