{"id":178663,"date":"2026-03-13T18:22:11","date_gmt":"2026-03-13T17:22:11","guid":{"rendered":"https:\/\/rockers.de\/?post_type=product&#038;p=178663"},"modified":"2026-03-13T18:22:11","modified_gmt":"2026-03-13T17:22:11","slug":"konrad-halver-klaus-stoertebeker-cd","status":"publish","type":"product","link":"https:\/\/rockers.de\/en\/record\/konrad-halver-klaus-stoertebeker-cd\/","title":{"rendered":"Konrad Halver-Klaus St\u00f6rtebeker-CD"},"content":{"rendered":"<p>Folge 36 aus der neu aufgelegten Serie: EUROPA Die Originale<br \/>\nEin spannendes H\u00f6rspiel f\u00fcr die Jugend &#8211; von Konrad Halver frei nach Motiven um Klaus St\u00f6rtebeker.<br \/>\nEine Studio EUROPA-Produktion. <\/p>\n<p>Der Haifisch auf Kaperfahrt \u2022 St\u00f6rtebekers tolldreistes St\u00fcck von Stralsund \u2022 Rostocks und Wismars Kaperbriefe \u2022 Die Vitalienbr\u00fcder, Schrecken der Ostsee \u2022 In aussichtsloser Lage vor Schwedens K\u00fcste \u2022 St\u00f6rtebeker erobert Gotland \u2022 Der Pirat und die K\u00f6nigin \u2022 Der Kampf um Bergen in Norwegen \u2022 St\u00f6rtebekers B\u00fcndnis mit Keno tom Broke \u2022 Gottes Freund und aller Welt Feind \u2022 Verrat!? \u2022 Die letzte Schlacht<\/p>\n<p>\u00a9 &amp; \u2117 1969 \/ 2007 Sony BMG Music Entertainment (Germany) GmbH<br \/>\nDistributed by Sony BMG Music Entertainment<br \/>\nAll trademarks and logos are protected.<br \/>\nMade in the EU<\/p>\n<p>Gesamtspielzeit ca. 43 Min. \/ Total Duration app. 43 Minutes.<br \/>\nCD in Vinyl-Optik!<br \/>\nJewelcase with silver-grey tray<\/p>","protected":false},"excerpt":{"rendered":"<p>Folge 36 aus der neu aufgelegten Serie: EUROPA Die Originale<br \/>\nEin spannendes H\u00f6rspiel f\u00fcr die Jugend &#8211; von Konrad Halver frei nach Motiven um Klaus St\u00f6rtebeker.<br \/>\nEine Studio EUROPA-Produktion.<\/p>\n<p>Der Haifisch auf Kaperfahrt \u2022 St\u00f6rtebekers tolldreistes St\u00fcck von Stralsund \u2022 Rostocks und Wismars Kaperbriefe \u2022 Die Vitalienbr\u00fcder, Schrecken der Ostsee \u2022 In aussichtsloser Lage vor Schwedens K\u00fcste \u2022 St\u00f6rtebeker erobert Gotland \u2022 Der Pirat und die K\u00f6nigin \u2022 Der Kampf um Bergen in Norwegen \u2022 St\u00f6rtebekers B\u00fcndnis mit Keno tom Broke \u2022 Gottes Freund und aller Welt Feind \u2022 Verrat!? \u2022 Die letzte Schlacht<\/p>\n<p>\u00a9 &amp; \u2117 1969 \/ 2007 Sony BMG Music Entertainment (Germany) GmbH<br \/>\nDistributed by Sony BMG Music Entertainment<br \/>\nAll trademarks and logos are protected.<br \/>\nMade in the EU<\/p>\n<p>Gesamtspielzeit ca. 43 Min. \/ Total Duration app. 43 Minutes.<br \/>\nCD in Vinyl-Optik!<br \/>\nJewelcase with silver-grey tray<\/p>","protected":false},"featured_media":178665,"template":"","meta":{"_acf_changed":false},"product_brand":[],"product_cat":[1009],"product_tag":[],"class_list":{"0":"post-178663","1":"product","2":"type-product","3":"status-publish","4":"has-post-thumbnail","6":"product_cat-spoken-word","7":"pa_att_artist-konrad-halver","8":"pa_att_format-cd","9":"pa_att_genre-spoken-word","10":"pa_att_jahr-181","11":"pa_att_label-europa","12":"pa_att_land-germany","14":"first","15":"instock","16":"taxable","17":"shipping-taxable","18":"purchasable","19":"product-type-simple"},"acf":[],"yoast_head":"<!-- This site is optimized with the Yoast SEO plugin v27.3 - https:\/\/yoast.com\/product\/yoast-seo-wordpress\/ -->\n<title>Konrad Halver-Klaus St\u00f6rtebeker-CD - Rockers Records<\/title>\n<meta name=\"robots\" content=\"index, follow, max-snippet:-1, max-image-preview:large, max-video-preview:-1\" \/>\n<link rel=\"canonical\" href=\"https:\/\/rockers.de\/en\/record\/konrad-halver-klaus-stoertebeker-cd\/\" \/>\n<meta property=\"og:locale\" content=\"en_US\" \/>\n<meta property=\"og:type\" content=\"article\" \/>\n<meta property=\"og:title\" content=\"Konrad Halver-Klaus St\u00f6rtebeker-CD - Rockers Records\" \/>\n<meta property=\"og:description\" content=\"Folge 36 aus der neu aufgelegten Serie: EUROPA Die Originale Ein spannendes H\u00f6rspiel f\u00fcr die Jugend - von Konrad Halver frei nach Motiven um Klaus St\u00f6rtebeker. Eine Studio EUROPA-Produktion.  Der Haifisch auf Kaperfahrt \u2022 St\u00f6rtebekers tolldreistes St\u00fcck von Stralsund \u2022 Rostocks und Wismars Kaperbriefe \u2022 Die Vitalienbr\u00fcder, Schrecken der Ostsee \u2022 In aussichtsloser Lage vor Schwedens K\u00fcste \u2022 St\u00f6rtebeker erobert Gotland \u2022 Der Pirat und die K\u00f6nigin \u2022 Der Kampf um Bergen in Norwegen \u2022 St\u00f6rtebekers B\u00fcndnis mit Keno tom Broke \u2022 Gottes Freund und aller Welt Feind \u2022 Verrat!? \u2022 Die letzte Schlacht  \u00a9 &amp; \u2117 1969 \/ 2007 Sony BMG Music Entertainment (Germany) GmbH Distributed by Sony BMG Music Entertainment All trademarks and logos are protected. Made in the EU  Gesamtspielzeit ca. 43 Min. \/ Total Duration app. 43 Minutes. CD in Vinyl-Optik! Jewelcase with silver-grey tray\" \/>\n<meta property=\"og:url\" content=\"https:\/\/rockers.de\/en\/record\/konrad-halver-klaus-stoertebeker-cd\/\" \/>\n<meta property=\"og:site_name\" content=\"Rockers Records\" \/>\n<meta property=\"og:image\" content=\"https:\/\/rockers.de\/wp-content\/uploads\/2026\/03\/Konrad-Halver-Klaus-Stoertebeker-CD-1.jpg\" \/>\n\t<meta property=\"og:image:width\" content=\"854\" \/>\n\t<meta property=\"og:image:height\" content=\"741\" \/>\n\t<meta property=\"og:image:type\" content=\"image\/jpeg\" \/>\n<meta name=\"twitter:card\" content=\"summary_large_image\" \/>\n<meta name=\"twitter:label1\" content=\"Est. reading time\" \/>\n\t<meta name=\"twitter:data1\" content=\"1 minute\" \/>\n<script type=\"application\/ld+json\" class=\"yoast-schema-graph\">{\"@context\":\"https:\\\/\\\/schema.org\",\"@graph\":[{\"@type\":\"WebPage\",\"@id\":\"https:\\\/\\\/rockers.de\\\/record\\\/konrad-halver-klaus-stoertebeker-cd\\\/\",\"url\":\"https:\\\/\\\/rockers.de\\\/record\\\/konrad-halver-klaus-stoertebeker-cd\\\/\",\"name\":\"Konrad Halver-Klaus St\u00f6rtebeker-CD - Rockers Records\",\"isPartOf\":{\"@id\":\"https:\\\/\\\/rockers.de\\\/#website\"},\"primaryImageOfPage\":{\"@id\":\"https:\\\/\\\/rockers.de\\\/record\\\/konrad-halver-klaus-stoertebeker-cd\\\/#primaryimage\"},\"image\":{\"@id\":\"https:\\\/\\\/rockers.de\\\/record\\\/konrad-halver-klaus-stoertebeker-cd\\\/#primaryimage\"},\"thumbnailUrl\":\"https:\\\/\\\/rockers.de\\\/wp-content\\\/uploads\\\/2026\\\/03\\\/Konrad-Halver-Klaus-Stoertebeker-CD-1.jpg\",\"datePublished\":\"2026-03-13T17:22:11+00:00\",\"breadcrumb\":{\"@id\":\"https:\\\/\\\/rockers.de\\\/record\\\/konrad-halver-klaus-stoertebeker-cd\\\/#breadcrumb\"},\"inLanguage\":\"en-US\",\"potentialAction\":[{\"@type\":\"ReadAction\",\"target\":[\"https:\\\/\\\/rockers.de\\\/record\\\/konrad-halver-klaus-stoertebeker-cd\\\/\"]}]},{\"@type\":\"ImageObject\",\"inLanguage\":\"en-US\",\"@id\":\"https:\\\/\\\/rockers.de\\\/record\\\/konrad-halver-klaus-stoertebeker-cd\\\/#primaryimage\",\"url\":\"https:\\\/\\\/rockers.de\\\/wp-content\\\/uploads\\\/2026\\\/03\\\/Konrad-Halver-Klaus-Stoertebeker-CD-1.jpg\",\"contentUrl\":\"https:\\\/\\\/rockers.de\\\/wp-content\\\/uploads\\\/2026\\\/03\\\/Konrad-Halver-Klaus-Stoertebeker-CD-1.jpg\",\"width\":854,\"height\":741,\"caption\":\"Konrad Halver-Klaus St\u00f6rtebeker-CD\"},{\"@type\":\"BreadcrumbList\",\"@id\":\"https:\\\/\\\/rockers.de\\\/record\\\/konrad-halver-klaus-stoertebeker-cd\\\/#breadcrumb\",\"itemListElement\":[{\"@type\":\"ListItem\",\"position\":1,\"name\":\"Startseite\",\"item\":\"https:\\\/\\\/rockers.de\\\/\"},{\"@type\":\"ListItem\",\"position\":2,\"name\":\"Shop\",\"item\":\"https:\\\/\\\/rockers.de\\\/shop\\\/\"},{\"@type\":\"ListItem\",\"position\":3,\"name\":\"Konrad Halver-Klaus St\u00f6rtebeker-CD\"}]},{\"@type\":\"WebSite\",\"@id\":\"https:\\\/\\\/rockers.de\\\/#website\",\"url\":\"https:\\\/\\\/rockers.de\\\/\",\"name\":\"Rockers Records\",\"description\":\"Dein Schallplatten Store in Hannover\",\"publisher\":{\"@id\":\"https:\\\/\\\/rockers.de\\\/#organization\"},\"potentialAction\":[{\"@type\":\"SearchAction\",\"target\":{\"@type\":\"EntryPoint\",\"urlTemplate\":\"https:\\\/\\\/rockers.de\\\/?s={search_term_string}\"},\"query-input\":{\"@type\":\"PropertyValueSpecification\",\"valueRequired\":true,\"valueName\":\"search_term_string\"}}],\"inLanguage\":\"en-US\"},{\"@type\":\"Organization\",\"@id\":\"https:\\\/\\\/rockers.de\\\/#organization\",\"name\":\"Rockers Records\",\"url\":\"https:\\\/\\\/rockers.de\\\/\",\"logo\":{\"@type\":\"ImageObject\",\"inLanguage\":\"en-US\",\"@id\":\"https:\\\/\\\/rockers.de\\\/#\\\/schema\\\/logo\\\/image\\\/\",\"url\":\"https:\\\/\\\/rockers.de\\\/wp-content\\\/uploads\\\/2022\\\/07\\\/Neue-Website-2022.jpg\",\"contentUrl\":\"https:\\\/\\\/rockers.de\\\/wp-content\\\/uploads\\\/2022\\\/07\\\/Neue-Website-2022.jpg\",\"width\":800,\"height\":800,\"caption\":\"Rockers Records\"},\"image\":{\"@id\":\"https:\\\/\\\/rockers.de\\\/#\\\/schema\\\/logo\\\/image\\\/\"}}]}<\/script>\n<!-- \/ Yoast SEO plugin. -->","yoast_head_json":{"title":"Konrad Halver-Klaus St\u00f6rtebeker-CD - Rockers Records","robots":{"index":"index","follow":"follow","max-snippet":"max-snippet:-1","max-image-preview":"max-image-preview:large","max-video-preview":"max-video-preview:-1"},"canonical":"https:\/\/rockers.de\/en\/record\/konrad-halver-klaus-stoertebeker-cd\/","og_locale":"en_US","og_type":"article","og_title":"Konrad Halver-Klaus St\u00f6rtebeker-CD - Rockers Records","og_description":"Folge 36 aus der neu aufgelegten Serie: EUROPA Die Originale Ein spannendes H\u00f6rspiel f\u00fcr die Jugend - von Konrad Halver frei nach Motiven um Klaus St\u00f6rtebeker. Eine Studio EUROPA-Produktion.  Der Haifisch auf Kaperfahrt \u2022 St\u00f6rtebekers tolldreistes St\u00fcck von Stralsund \u2022 Rostocks und Wismars Kaperbriefe \u2022 Die Vitalienbr\u00fcder, Schrecken der Ostsee \u2022 In aussichtsloser Lage vor Schwedens K\u00fcste \u2022 St\u00f6rtebeker erobert Gotland \u2022 Der Pirat und die K\u00f6nigin \u2022 Der Kampf um Bergen in Norwegen \u2022 St\u00f6rtebekers B\u00fcndnis mit Keno tom Broke \u2022 Gottes Freund und aller Welt Feind \u2022 Verrat!? \u2022 Die letzte Schlacht  \u00a9 &amp; \u2117 1969 \/ 2007 Sony BMG Music Entertainment (Germany) GmbH Distributed by Sony BMG Music Entertainment All trademarks and logos are protected. Made in the EU  Gesamtspielzeit ca. 43 Min. \/ Total Duration app. 43 Minutes. CD in Vinyl-Optik! Jewelcase with silver-grey tray","og_url":"https:\/\/rockers.de\/en\/record\/konrad-halver-klaus-stoertebeker-cd\/","og_site_name":"Rockers Records","og_image":[{"width":854,"height":741,"url":"https:\/\/rockers.de\/wp-content\/uploads\/2026\/03\/Konrad-Halver-Klaus-Stoertebeker-CD-1.jpg","type":"image\/jpeg"}],"twitter_card":"summary_large_image","twitter_misc":{"Est. reading time":"1 minute"},"schema":{"@context":"https:\/\/schema.org","@graph":[{"@type":"WebPage","@id":"https:\/\/rockers.de\/record\/konrad-halver-klaus-stoertebeker-cd\/","url":"https:\/\/rockers.de\/record\/konrad-halver-klaus-stoertebeker-cd\/","name":"Konrad Halver-Klaus St\u00f6rtebeker-CD - Rockers Records","isPartOf":{"@id":"https:\/\/rockers.de\/#website"},"primaryImageOfPage":{"@id":"https:\/\/rockers.de\/record\/konrad-halver-klaus-stoertebeker-cd\/#primaryimage"},"image":{"@id":"https:\/\/rockers.de\/record\/konrad-halver-klaus-stoertebeker-cd\/#primaryimage"},"thumbnailUrl":"https:\/\/rockers.de\/wp-content\/uploads\/2026\/03\/Konrad-Halver-Klaus-Stoertebeker-CD-1.jpg","datePublished":"2026-03-13T17:22:11+00:00","breadcrumb":{"@id":"https:\/\/rockers.de\/record\/konrad-halver-klaus-stoertebeker-cd\/#breadcrumb"},"inLanguage":"en-US","potentialAction":[{"@type":"ReadAction","target":["https:\/\/rockers.de\/record\/konrad-halver-klaus-stoertebeker-cd\/"]}]},{"@type":"ImageObject","inLanguage":"en-US","@id":"https:\/\/rockers.de\/record\/konrad-halver-klaus-stoertebeker-cd\/#primaryimage","url":"https:\/\/rockers.de\/wp-content\/uploads\/2026\/03\/Konrad-Halver-Klaus-Stoertebeker-CD-1.jpg","contentUrl":"https:\/\/rockers.de\/wp-content\/uploads\/2026\/03\/Konrad-Halver-Klaus-Stoertebeker-CD-1.jpg","width":854,"height":741,"caption":"Konrad Halver-Klaus St\u00f6rtebeker-CD"},{"@type":"BreadcrumbList","@id":"https:\/\/rockers.de\/record\/konrad-halver-klaus-stoertebeker-cd\/#breadcrumb","itemListElement":[{"@type":"ListItem","position":1,"name":"Startseite","item":"https:\/\/rockers.de\/"},{"@type":"ListItem","position":2,"name":"Shop","item":"https:\/\/rockers.de\/shop\/"},{"@type":"ListItem","position":3,"name":"Konrad Halver-Klaus St\u00f6rtebeker-CD"}]},{"@type":"WebSite","@id":"https:\/\/rockers.de\/#website","url":"https:\/\/rockers.de\/","name":"Rockers Records","description":"Your record store in Hanover","publisher":{"@id":"https:\/\/rockers.de\/#organization"},"potentialAction":[{"@type":"SearchAction","target":{"@type":"EntryPoint","urlTemplate":"https:\/\/rockers.de\/?s={search_term_string}"},"query-input":{"@type":"PropertyValueSpecification","valueRequired":true,"valueName":"search_term_string"}}],"inLanguage":"en-US"},{"@type":"Organization","@id":"https:\/\/rockers.de\/#organization","name":"Rockers Records","url":"https:\/\/rockers.de\/","logo":{"@type":"ImageObject","inLanguage":"en-US","@id":"https:\/\/rockers.de\/#\/schema\/logo\/image\/","url":"https:\/\/rockers.de\/wp-content\/uploads\/2022\/07\/Neue-Website-2022.jpg","contentUrl":"https:\/\/rockers.de\/wp-content\/uploads\/2022\/07\/Neue-Website-2022.jpg","width":800,"height":800,"caption":"Rockers Records"},"image":{"@id":"https:\/\/rockers.de\/#\/schema\/logo\/image\/"}}]}},"_links":{"self":[{"href":"https:\/\/rockers.de\/en\/wp-json\/wp\/v2\/product\/178663","targetHints":{"allow":["GET"]}}],"collection":[{"href":"https:\/\/rockers.de\/en\/wp-json\/wp\/v2\/product"}],"about":[{"href":"https:\/\/rockers.de\/en\/wp-json\/wp\/v2\/types\/product"}],"wp:featuredmedia":[{"embeddable":true,"href":"https:\/\/rockers.de\/en\/wp-json\/wp\/v2\/media\/178665"}],"wp:attachment":[{"href":"https:\/\/rockers.de\/en\/wp-json\/wp\/v2\/media?parent=178663"}],"wp:term":[{"taxonomy":"product_brand","embeddable":true,"href":"https:\/\/rockers.de\/en\/wp-json\/wp\/v2\/product_brand?post=178663"},{"taxonomy":"product_cat","embeddable":true,"href":"https:\/\/rockers.de\/en\/wp-json\/wp\/v2\/product_cat?post=178663"},{"taxonomy":"product_tag","embeddable":true,"href":"https:\/\/rockers.de\/en\/wp-json\/wp\/v2\/product_tag?post=178663"}],"curies":[{"name":"wp","href":"https:\/\/api.w.org\/{rel}","templated":true}]}}