{"id":178656,"date":"2026-03-13T18:08:32","date_gmt":"2026-03-13T17:08:32","guid":{"rendered":"https:\/\/rockers.de\/?post_type=product&#038;p=178656"},"modified":"2026-03-13T18:10:55","modified_gmt":"2026-03-13T17:10:55","slug":"jules-verne-die-kinder-des-kaeptn-grant-1-2-cd","status":"publish","type":"product","link":"https:\/\/rockers.de\/en\/record\/jules-verne-die-kinder-des-kaeptn-grant-1-2-cd\/","title":{"rendered":"Jules Verne-Die Kinder Des K\u00e4pt&#8217;n Grant 1 + 2-CD"},"content":{"rendered":"<p>Folge 38 aus der neu aufgelegten Serie: EUROPA Die Originale<br \/>\nEin spannendes H\u00f6rspiel nach Jules Verne.<br \/>\nEine Studio EUROPA-Produktion. <\/p>","protected":false},"excerpt":{"rendered":"<p>Folge 38 aus der neu aufgelegten Serie: EUROPA Die Originale<br \/>\nEin spannendes H\u00f6rspiel nach Jules Verne.<br \/>\nEine Studio EUROPA-Produktion.<\/p>\n<p>Im Magen eines Hammerhais entdeckt Lord Glenarvan eine Flaschenpost. Darin steckt der verzweifelte Hilferuf des Kapit\u00e4n Grant, der mit der BRITANNIA verschollen ist. Die Schrift ist vom Salzwasser teilweise zerst\u00f6rt worden. So wei\u00df Lord Glenarvan nicht genau, wo er Kapit\u00e4n Grant suchen soll. Eigentlich steht nur fest, da\u00df der Kapit\u00e4n sich irgendwo auf dem 37. Breitengrad befindet. Die Kinder des Kapit\u00e4ns bedr\u00e4ngen den Lord, die Suche nach dem Verschollenen trotz dieser d\u00fcrftigen Angaben aufzunehmen. Sie ahnen nicht, da\u00df ihnen eine Reihe von gef\u00e4hrlichen Abenteuern bevorsteht, als sie mit der DUNCAN in See stechen&#8230;<\/p>\n<p>Zum ersten Mal &#8211; und exklusiv in dieser Edition &#8211; sind beide Teile von &#8222;Die Kinder des K\u00e4pt&#8217;n Grant&#8220; in einem H\u00f6rspiel vereint!<\/p>\n<p>\u00a9 &amp; \u2117 1979 \/ 2007 Sony BMG Music Entertainment (Germany) GmbH<br \/>\nDistributed by Sony BMG Music Entertainment<br \/>\nAll trademarks and logos are protected.<br \/>\nMade in the EU<\/p>\n<p>Gesamtspielzeit ca. 76 Min. \/ Total Duration app. 76 Minutes.<br \/>\nCD in Vinyl-Optik!<br \/>\nJewelcase with silver-grey tray<\/p>\n<p>Innerhalb dieses Zweiteilers findet &#8211; ungew\u00f6hnlich bei Europa &#8211; ein Sprecherwechsel statt: die Rolle des Kapit\u00e4n Mangler wird in Teil 1 von Lothar Gr\u00fctzner, dann in Teil 2 von Knut Hinz gesprochen.<\/p>","protected":false},"featured_media":178658,"template":"","meta":{"_acf_changed":false},"product_brand":[],"product_cat":[1009],"product_tag":[],"class_list":{"0":"post-178656","1":"product","2":"type-product","3":"status-publish","4":"has-post-thumbnail","6":"product_cat-spoken-word","7":"pa_att_artist-jules-verne","8":"pa_att_format-cd","9":"pa_att_genre-spoken-word","10":"pa_att_jahr-181","11":"pa_att_label-europa","12":"pa_att_land-germany","14":"first","15":"instock","16":"taxable","17":"shipping-taxable","18":"purchasable","19":"product-type-simple"},"acf":[],"yoast_head":"<!-- This site is optimized with the Yoast SEO plugin v27.3 - https:\/\/yoast.com\/product\/yoast-seo-wordpress\/ -->\n<title>Jules Verne-Die Kinder Des K\u00e4pt&#039;n Grant 1 + 2-CD - Rockers Records<\/title>\n<meta name=\"robots\" content=\"index, follow, max-snippet:-1, max-image-preview:large, max-video-preview:-1\" \/>\n<link rel=\"canonical\" href=\"https:\/\/rockers.de\/en\/record\/jules-verne-die-kinder-des-kaeptn-grant-1-2-cd\/\" \/>\n<meta property=\"og:locale\" content=\"en_US\" \/>\n<meta property=\"og:type\" content=\"article\" \/>\n<meta property=\"og:title\" content=\"Jules Verne-Die Kinder Des K\u00e4pt&#039;n Grant 1 + 2-CD - Rockers Records\" \/>\n<meta property=\"og:description\" content=\"Folge 38 aus der neu aufgelegten Serie: EUROPA Die Originale Ein spannendes H\u00f6rspiel nach Jules Verne. Eine Studio EUROPA-Produktion.  Im Magen eines Hammerhais entdeckt Lord Glenarvan eine Flaschenpost. Darin steckt der verzweifelte Hilferuf des Kapit\u00e4n Grant, der mit der BRITANNIA verschollen ist. Die Schrift ist vom Salzwasser teilweise zerst\u00f6rt worden. So wei\u00df Lord Glenarvan nicht genau, wo er Kapit\u00e4n Grant suchen soll. Eigentlich steht nur fest, da\u00df der Kapit\u00e4n sich irgendwo auf dem 37. Breitengrad befindet. Die Kinder des Kapit\u00e4ns bedr\u00e4ngen den Lord, die Suche nach dem Verschollenen trotz dieser d\u00fcrftigen Angaben aufzunehmen. Sie ahnen nicht, da\u00df ihnen eine Reihe von gef\u00e4hrlichen Abenteuern bevorsteht, als sie mit der DUNCAN in See stechen...  Zum ersten Mal - und exklusiv in dieser Edition - sind beide Teile von &quot;Die Kinder des K\u00e4pt&#039;n Grant&quot; in einem H\u00f6rspiel vereint!  \u00a9 &amp; \u2117 1979 \/ 2007 Sony BMG Music Entertainment (Germany) GmbH Distributed by Sony BMG Music Entertainment All trademarks and logos are protected. Made in the EU  Gesamtspielzeit ca. 76 Min. \/ Total Duration app. 76 Minutes. CD in Vinyl-Optik! Jewelcase with silver-grey tray  Innerhalb dieses Zweiteilers findet - ungew\u00f6hnlich bei Europa - ein Sprecherwechsel statt: die Rolle des Kapit\u00e4n Mangler wird in Teil 1 von Lothar Gr\u00fctzner, dann in Teil 2 von Knut Hinz gesprochen.\" \/>\n<meta property=\"og:url\" content=\"https:\/\/rockers.de\/en\/record\/jules-verne-die-kinder-des-kaeptn-grant-1-2-cd\/\" \/>\n<meta property=\"og:site_name\" content=\"Rockers Records\" \/>\n<meta property=\"article:modified_time\" content=\"2026-03-13T17:10:55+00:00\" \/>\n<meta property=\"og:image\" content=\"https:\/\/rockers.de\/wp-content\/uploads\/2026\/03\/Jules-Verne-Die-Kinder-Des-Kaeptn-Grant-1-2-CD-1.jpg\" \/>\n\t<meta property=\"og:image:width\" content=\"854\" \/>\n\t<meta property=\"og:image:height\" content=\"741\" \/>\n\t<meta property=\"og:image:type\" content=\"image\/jpeg\" \/>\n<meta name=\"twitter:card\" content=\"summary_large_image\" \/>\n<meta name=\"twitter:label1\" content=\"Est. reading time\" \/>\n\t<meta name=\"twitter:data1\" content=\"2 minutes\" \/>\n<script type=\"application\/ld+json\" class=\"yoast-schema-graph\">{\"@context\":\"https:\\\/\\\/schema.org\",\"@graph\":[{\"@type\":\"WebPage\",\"@id\":\"https:\\\/\\\/rockers.de\\\/record\\\/jules-verne-die-kinder-des-kaeptn-grant-1-2-cd\\\/\",\"url\":\"https:\\\/\\\/rockers.de\\\/record\\\/jules-verne-die-kinder-des-kaeptn-grant-1-2-cd\\\/\",\"name\":\"Jules Verne-Die Kinder Des K\u00e4pt'n Grant 1 + 2-CD - Rockers Records\",\"isPartOf\":{\"@id\":\"https:\\\/\\\/rockers.de\\\/#website\"},\"primaryImageOfPage\":{\"@id\":\"https:\\\/\\\/rockers.de\\\/record\\\/jules-verne-die-kinder-des-kaeptn-grant-1-2-cd\\\/#primaryimage\"},\"image\":{\"@id\":\"https:\\\/\\\/rockers.de\\\/record\\\/jules-verne-die-kinder-des-kaeptn-grant-1-2-cd\\\/#primaryimage\"},\"thumbnailUrl\":\"https:\\\/\\\/rockers.de\\\/wp-content\\\/uploads\\\/2026\\\/03\\\/Jules-Verne-Die-Kinder-Des-Kaeptn-Grant-1-2-CD-1.jpg\",\"datePublished\":\"2026-03-13T17:08:32+00:00\",\"dateModified\":\"2026-03-13T17:10:55+00:00\",\"breadcrumb\":{\"@id\":\"https:\\\/\\\/rockers.de\\\/record\\\/jules-verne-die-kinder-des-kaeptn-grant-1-2-cd\\\/#breadcrumb\"},\"inLanguage\":\"en-US\",\"potentialAction\":[{\"@type\":\"ReadAction\",\"target\":[\"https:\\\/\\\/rockers.de\\\/record\\\/jules-verne-die-kinder-des-kaeptn-grant-1-2-cd\\\/\"]}]},{\"@type\":\"ImageObject\",\"inLanguage\":\"en-US\",\"@id\":\"https:\\\/\\\/rockers.de\\\/record\\\/jules-verne-die-kinder-des-kaeptn-grant-1-2-cd\\\/#primaryimage\",\"url\":\"https:\\\/\\\/rockers.de\\\/wp-content\\\/uploads\\\/2026\\\/03\\\/Jules-Verne-Die-Kinder-Des-Kaeptn-Grant-1-2-CD-1.jpg\",\"contentUrl\":\"https:\\\/\\\/rockers.de\\\/wp-content\\\/uploads\\\/2026\\\/03\\\/Jules-Verne-Die-Kinder-Des-Kaeptn-Grant-1-2-CD-1.jpg\",\"width\":854,\"height\":741,\"caption\":\"Jules Verne-Die Kinder Des K\u00e4pt'n Grant 1 + 2-CD\"},{\"@type\":\"BreadcrumbList\",\"@id\":\"https:\\\/\\\/rockers.de\\\/record\\\/jules-verne-die-kinder-des-kaeptn-grant-1-2-cd\\\/#breadcrumb\",\"itemListElement\":[{\"@type\":\"ListItem\",\"position\":1,\"name\":\"Startseite\",\"item\":\"https:\\\/\\\/rockers.de\\\/\"},{\"@type\":\"ListItem\",\"position\":2,\"name\":\"Shop\",\"item\":\"https:\\\/\\\/rockers.de\\\/shop\\\/\"},{\"@type\":\"ListItem\",\"position\":3,\"name\":\"Jules Verne-Die Kinder Des K\u00e4pt&#8217;n Grant 1 + 2-CD\"}]},{\"@type\":\"WebSite\",\"@id\":\"https:\\\/\\\/rockers.de\\\/#website\",\"url\":\"https:\\\/\\\/rockers.de\\\/\",\"name\":\"Rockers Records\",\"description\":\"Dein Schallplatten Store in Hannover\",\"publisher\":{\"@id\":\"https:\\\/\\\/rockers.de\\\/#organization\"},\"potentialAction\":[{\"@type\":\"SearchAction\",\"target\":{\"@type\":\"EntryPoint\",\"urlTemplate\":\"https:\\\/\\\/rockers.de\\\/?s={search_term_string}\"},\"query-input\":{\"@type\":\"PropertyValueSpecification\",\"valueRequired\":true,\"valueName\":\"search_term_string\"}}],\"inLanguage\":\"en-US\"},{\"@type\":\"Organization\",\"@id\":\"https:\\\/\\\/rockers.de\\\/#organization\",\"name\":\"Rockers Records\",\"url\":\"https:\\\/\\\/rockers.de\\\/\",\"logo\":{\"@type\":\"ImageObject\",\"inLanguage\":\"en-US\",\"@id\":\"https:\\\/\\\/rockers.de\\\/#\\\/schema\\\/logo\\\/image\\\/\",\"url\":\"https:\\\/\\\/rockers.de\\\/wp-content\\\/uploads\\\/2022\\\/07\\\/Neue-Website-2022.jpg\",\"contentUrl\":\"https:\\\/\\\/rockers.de\\\/wp-content\\\/uploads\\\/2022\\\/07\\\/Neue-Website-2022.jpg\",\"width\":800,\"height\":800,\"caption\":\"Rockers Records\"},\"image\":{\"@id\":\"https:\\\/\\\/rockers.de\\\/#\\\/schema\\\/logo\\\/image\\\/\"}}]}<\/script>\n<!-- \/ Yoast SEO plugin. -->","yoast_head_json":{"title":"Jules Verne-Die Kinder Des K\u00e4pt'n Grant 1 + 2-CD - Rockers Records","robots":{"index":"index","follow":"follow","max-snippet":"max-snippet:-1","max-image-preview":"max-image-preview:large","max-video-preview":"max-video-preview:-1"},"canonical":"https:\/\/rockers.de\/en\/record\/jules-verne-die-kinder-des-kaeptn-grant-1-2-cd\/","og_locale":"en_US","og_type":"article","og_title":"Jules Verne-Die Kinder Des K\u00e4pt'n Grant 1 + 2-CD - Rockers Records","og_description":"Folge 38 aus der neu aufgelegten Serie: EUROPA Die Originale Ein spannendes H\u00f6rspiel nach Jules Verne. Eine Studio EUROPA-Produktion.  Im Magen eines Hammerhais entdeckt Lord Glenarvan eine Flaschenpost. Darin steckt der verzweifelte Hilferuf des Kapit\u00e4n Grant, der mit der BRITANNIA verschollen ist. Die Schrift ist vom Salzwasser teilweise zerst\u00f6rt worden. So wei\u00df Lord Glenarvan nicht genau, wo er Kapit\u00e4n Grant suchen soll. Eigentlich steht nur fest, da\u00df der Kapit\u00e4n sich irgendwo auf dem 37. Breitengrad befindet. Die Kinder des Kapit\u00e4ns bedr\u00e4ngen den Lord, die Suche nach dem Verschollenen trotz dieser d\u00fcrftigen Angaben aufzunehmen. Sie ahnen nicht, da\u00df ihnen eine Reihe von gef\u00e4hrlichen Abenteuern bevorsteht, als sie mit der DUNCAN in See stechen...  Zum ersten Mal - und exklusiv in dieser Edition - sind beide Teile von \"Die Kinder des K\u00e4pt'n Grant\" in einem H\u00f6rspiel vereint!  \u00a9 &amp; \u2117 1979 \/ 2007 Sony BMG Music Entertainment (Germany) GmbH Distributed by Sony BMG Music Entertainment All trademarks and logos are protected. Made in the EU  Gesamtspielzeit ca. 76 Min. \/ Total Duration app. 76 Minutes. CD in Vinyl-Optik! Jewelcase with silver-grey tray  Innerhalb dieses Zweiteilers findet - ungew\u00f6hnlich bei Europa - ein Sprecherwechsel statt: die Rolle des Kapit\u00e4n Mangler wird in Teil 1 von Lothar Gr\u00fctzner, dann in Teil 2 von Knut Hinz gesprochen.","og_url":"https:\/\/rockers.de\/en\/record\/jules-verne-die-kinder-des-kaeptn-grant-1-2-cd\/","og_site_name":"Rockers Records","article_modified_time":"2026-03-13T17:10:55+00:00","og_image":[{"width":854,"height":741,"url":"https:\/\/rockers.de\/wp-content\/uploads\/2026\/03\/Jules-Verne-Die-Kinder-Des-Kaeptn-Grant-1-2-CD-1.jpg","type":"image\/jpeg"}],"twitter_card":"summary_large_image","twitter_misc":{"Est. reading time":"2 minutes"},"schema":{"@context":"https:\/\/schema.org","@graph":[{"@type":"WebPage","@id":"https:\/\/rockers.de\/record\/jules-verne-die-kinder-des-kaeptn-grant-1-2-cd\/","url":"https:\/\/rockers.de\/record\/jules-verne-die-kinder-des-kaeptn-grant-1-2-cd\/","name":"Jules Verne-Die Kinder Des K\u00e4pt'n Grant 1 + 2-CD - Rockers Records","isPartOf":{"@id":"https:\/\/rockers.de\/#website"},"primaryImageOfPage":{"@id":"https:\/\/rockers.de\/record\/jules-verne-die-kinder-des-kaeptn-grant-1-2-cd\/#primaryimage"},"image":{"@id":"https:\/\/rockers.de\/record\/jules-verne-die-kinder-des-kaeptn-grant-1-2-cd\/#primaryimage"},"thumbnailUrl":"https:\/\/rockers.de\/wp-content\/uploads\/2026\/03\/Jules-Verne-Die-Kinder-Des-Kaeptn-Grant-1-2-CD-1.jpg","datePublished":"2026-03-13T17:08:32+00:00","dateModified":"2026-03-13T17:10:55+00:00","breadcrumb":{"@id":"https:\/\/rockers.de\/record\/jules-verne-die-kinder-des-kaeptn-grant-1-2-cd\/#breadcrumb"},"inLanguage":"en-US","potentialAction":[{"@type":"ReadAction","target":["https:\/\/rockers.de\/record\/jules-verne-die-kinder-des-kaeptn-grant-1-2-cd\/"]}]},{"@type":"ImageObject","inLanguage":"en-US","@id":"https:\/\/rockers.de\/record\/jules-verne-die-kinder-des-kaeptn-grant-1-2-cd\/#primaryimage","url":"https:\/\/rockers.de\/wp-content\/uploads\/2026\/03\/Jules-Verne-Die-Kinder-Des-Kaeptn-Grant-1-2-CD-1.jpg","contentUrl":"https:\/\/rockers.de\/wp-content\/uploads\/2026\/03\/Jules-Verne-Die-Kinder-Des-Kaeptn-Grant-1-2-CD-1.jpg","width":854,"height":741,"caption":"Jules Verne-Die Kinder Des K\u00e4pt'n Grant 1 + 2-CD"},{"@type":"BreadcrumbList","@id":"https:\/\/rockers.de\/record\/jules-verne-die-kinder-des-kaeptn-grant-1-2-cd\/#breadcrumb","itemListElement":[{"@type":"ListItem","position":1,"name":"Startseite","item":"https:\/\/rockers.de\/"},{"@type":"ListItem","position":2,"name":"Shop","item":"https:\/\/rockers.de\/shop\/"},{"@type":"ListItem","position":3,"name":"Jules Verne-Die Kinder Des K\u00e4pt&#8217;n Grant 1 + 2-CD"}]},{"@type":"WebSite","@id":"https:\/\/rockers.de\/#website","url":"https:\/\/rockers.de\/","name":"Rockers Records","description":"Your record store in Hanover","publisher":{"@id":"https:\/\/rockers.de\/#organization"},"potentialAction":[{"@type":"SearchAction","target":{"@type":"EntryPoint","urlTemplate":"https:\/\/rockers.de\/?s={search_term_string}"},"query-input":{"@type":"PropertyValueSpecification","valueRequired":true,"valueName":"search_term_string"}}],"inLanguage":"en-US"},{"@type":"Organization","@id":"https:\/\/rockers.de\/#organization","name":"Rockers Records","url":"https:\/\/rockers.de\/","logo":{"@type":"ImageObject","inLanguage":"en-US","@id":"https:\/\/rockers.de\/#\/schema\/logo\/image\/","url":"https:\/\/rockers.de\/wp-content\/uploads\/2022\/07\/Neue-Website-2022.jpg","contentUrl":"https:\/\/rockers.de\/wp-content\/uploads\/2022\/07\/Neue-Website-2022.jpg","width":800,"height":800,"caption":"Rockers Records"},"image":{"@id":"https:\/\/rockers.de\/#\/schema\/logo\/image\/"}}]}},"_links":{"self":[{"href":"https:\/\/rockers.de\/en\/wp-json\/wp\/v2\/product\/178656","targetHints":{"allow":["GET"]}}],"collection":[{"href":"https:\/\/rockers.de\/en\/wp-json\/wp\/v2\/product"}],"about":[{"href":"https:\/\/rockers.de\/en\/wp-json\/wp\/v2\/types\/product"}],"wp:featuredmedia":[{"embeddable":true,"href":"https:\/\/rockers.de\/en\/wp-json\/wp\/v2\/media\/178658"}],"wp:attachment":[{"href":"https:\/\/rockers.de\/en\/wp-json\/wp\/v2\/media?parent=178656"}],"wp:term":[{"taxonomy":"product_brand","embeddable":true,"href":"https:\/\/rockers.de\/en\/wp-json\/wp\/v2\/product_brand?post=178656"},{"taxonomy":"product_cat","embeddable":true,"href":"https:\/\/rockers.de\/en\/wp-json\/wp\/v2\/product_cat?post=178656"},{"taxonomy":"product_tag","embeddable":true,"href":"https:\/\/rockers.de\/en\/wp-json\/wp\/v2\/product_tag?post=178656"}],"curies":[{"name":"wp","href":"https:\/\/api.w.org\/{rel}","templated":true}]}}