{"id":178652,"date":"2026-03-13T18:04:22","date_gmt":"2026-03-13T17:04:22","guid":{"rendered":"https:\/\/rockers.de\/?post_type=product&#038;p=178652"},"modified":"2026-03-13T18:04:22","modified_gmt":"2026-03-13T17:04:22","slug":"friedrich-gerstaecker-die-flusspiraten-des-mississippi-cd","status":"publish","type":"product","link":"https:\/\/rockers.de\/en\/record\/friedrich-gerstaecker-die-flusspiraten-des-mississippi-cd\/","title":{"rendered":"Friedrich Gerst\u00e4cker-Die Flu\u00dfpiraten Des Mississippi-CD"},"content":{"rendered":"<p>Folge 45 aus der neu aufgelegten Serie: EUROPA Die Originale<br \/>\nEine spannende Abenteuer-Erz\u00e4hlung nach Friedrich Gerst\u00e4cker.<br \/>\nEine Studio EUROPA-Produktion. <\/p>\n<p>Ein Flo\u00dfboot kommt \u2022 Lynchjustiz \u2022 Der Friedensrichter von Helena \u2022 Ger\u00fcchte am Mississippi \u2022 Im Schlupfwinkel des Piratenkapit\u00e4ns \u2022 Ein teuflischer Plan \u2022 Der Mailrider sch\u00f6pft Verdacht \u2022 Tot oder lebendig \u2022 Im Nebel auf dem Mississippi \u2022 Der \u00dcberfall auf das Flo\u00dfboot \u2022 Um Haaresbreite den Flu\u00dfpiraten entkommen \u2022 Grenzsoldaten greifen ein \u2022 Die Maske f\u00e4llt \u2022 Kampf bis auf&#8217;s Messer \u2022 Eine m\u00f6rderische Explosion!<\/p>\n<p>\u00a9 &amp; \u2117 1977 \/ 2007 Sony BMG Music Entertainment (Germany) GmbH<br \/>\nDistributed by Sony BMG Music Entertainment<br \/>\nAll trademarks and logos are protected.<br \/>\nMade in the EU<\/p>\n<p>Gesamtspielzeit ca. 38 Min. \/ Total Duration app. 38 Minutes.<br \/>\nCD in Vinyl-Optik!<br \/>\nJewelcase with silver-grey tray<\/p>\n<p>&#8211; The beginning of the scene when Bollivar starts with Olyo (with a view to kill him) is introduced with a short sequence of the theme-song from &#8222;Once Upon a Time in the West \/ Spiel mir das Lied vom Tod&#8220;.<br \/>\n&#8211; The voice part of Kapit\u00e4n Colbourn was also part of Rolf Mamero, but isn&#8217;t part of the list because of literal mistake.<\/p>","protected":false},"excerpt":{"rendered":"<p>Folge 45 aus der neu aufgelegten Serie: EUROPA Die Originale<br \/>\nEine spannende Abenteuer-Erz\u00e4hlung nach Friedrich Gerst\u00e4cker.<br \/>\nEine Studio EUROPA-Produktion.<\/p>\n<p>Ein Flo\u00dfboot kommt \u2022 Lynchjustiz \u2022 Der Friedensrichter von Helena \u2022 Ger\u00fcchte am Mississippi \u2022 Im Schlupfwinkel des Piratenkapit\u00e4ns \u2022 Ein teuflischer Plan \u2022 Der Mailrider sch\u00f6pft Verdacht \u2022 Tot oder lebendig \u2022 Im Nebel auf dem Mississippi \u2022 Der \u00dcberfall auf das Flo\u00dfboot \u2022 Um Haaresbreite den Flu\u00dfpiraten entkommen \u2022 Grenzsoldaten greifen ein \u2022 Die Maske f\u00e4llt \u2022 Kampf bis auf&#8217;s Messer \u2022 Eine m\u00f6rderische Explosion!<\/p>\n<p>\u00a9 &amp; \u2117 1977 \/ 2007 Sony BMG Music Entertainment (Germany) GmbH<br \/>\nDistributed by Sony BMG Music Entertainment<br \/>\nAll trademarks and logos are protected.<br \/>\nMade in the EU<\/p>\n<p>Gesamtspielzeit ca. 38 Min. \/ Total Duration app. 38 Minutes.<br \/>\nCD in Vinyl-Optik!<br \/>\nJewelcase with silver-grey tray<\/p>\n<p>&#8211; The beginning of the scene when Bollivar starts with Olyo (with a view to kill him) is introduced with a short sequence of the theme-song from &#8222;Once Upon a Time in the West \/ Spiel mir das Lied vom Tod&#8220;.<br \/>\n&#8211; The voice part of Kapit\u00e4n Colbourn was also part of Rolf Mamero, but isn&#8217;t part of the list because of literal mistake.<\/p>","protected":false},"featured_media":178655,"template":"","meta":{"_acf_changed":false},"product_brand":[],"product_cat":[1009],"product_tag":[],"class_list":{"0":"post-178652","1":"product","2":"type-product","3":"status-publish","4":"has-post-thumbnail","6":"product_cat-spoken-word","7":"pa_att_artist-friedrich-gerstaecker","8":"pa_att_format-cd","9":"pa_att_genre-spoken-word","10":"pa_att_jahr-181","11":"pa_att_label-europa","12":"pa_att_land-germany","14":"first","15":"instock","16":"taxable","17":"shipping-taxable","18":"purchasable","19":"product-type-simple"},"acf":[],"yoast_head":"<!-- This site is optimized with the Yoast SEO plugin v27.3 - https:\/\/yoast.com\/product\/yoast-seo-wordpress\/ -->\n<title>Friedrich Gerst\u00e4cker-Die Flu\u00dfpiraten Des Mississippi-CD - Rockers Records<\/title>\n<meta name=\"robots\" content=\"index, follow, max-snippet:-1, max-image-preview:large, max-video-preview:-1\" \/>\n<link rel=\"canonical\" href=\"https:\/\/rockers.de\/en\/record\/friedrich-gerstaecker-die-flusspiraten-des-mississippi-cd\/\" \/>\n<meta property=\"og:locale\" content=\"en_US\" \/>\n<meta property=\"og:type\" content=\"article\" \/>\n<meta property=\"og:title\" content=\"Friedrich Gerst\u00e4cker-Die Flu\u00dfpiraten Des Mississippi-CD - Rockers Records\" \/>\n<meta property=\"og:description\" content=\"Folge 45 aus der neu aufgelegten Serie: EUROPA Die Originale Eine spannende Abenteuer-Erz\u00e4hlung nach Friedrich Gerst\u00e4cker. Eine Studio EUROPA-Produktion.  Ein Flo\u00dfboot kommt \u2022 Lynchjustiz \u2022 Der Friedensrichter von Helena \u2022 Ger\u00fcchte am Mississippi \u2022 Im Schlupfwinkel des Piratenkapit\u00e4ns \u2022 Ein teuflischer Plan \u2022 Der Mailrider sch\u00f6pft Verdacht \u2022 Tot oder lebendig \u2022 Im Nebel auf dem Mississippi \u2022 Der \u00dcberfall auf das Flo\u00dfboot \u2022 Um Haaresbreite den Flu\u00dfpiraten entkommen \u2022 Grenzsoldaten greifen ein \u2022 Die Maske f\u00e4llt \u2022 Kampf bis auf&#039;s Messer \u2022 Eine m\u00f6rderische Explosion!  \u00a9 &amp; \u2117 1977 \/ 2007 Sony BMG Music Entertainment (Germany) GmbH Distributed by Sony BMG Music Entertainment All trademarks and logos are protected. Made in the EU  Gesamtspielzeit ca. 38 Min. \/ Total Duration app. 38 Minutes. CD in Vinyl-Optik! Jewelcase with silver-grey tray  - The beginning of the scene when Bollivar starts with Olyo (with a view to kill him) is introduced with a short sequence of the theme-song from &quot;Once Upon a Time in the West \/ Spiel mir das Lied vom Tod&quot;. - The voice part of Kapit\u00e4n Colbourn was also part of Rolf Mamero, but isn&#039;t part of the list because of literal mistake.\" \/>\n<meta property=\"og:url\" content=\"https:\/\/rockers.de\/en\/record\/friedrich-gerstaecker-die-flusspiraten-des-mississippi-cd\/\" \/>\n<meta property=\"og:site_name\" content=\"Rockers Records\" \/>\n<meta property=\"og:image\" content=\"https:\/\/rockers.de\/wp-content\/uploads\/2026\/03\/Friedrich-Gerstaecker-Die-Flusspiraten-Des-Mississippi-CD-1.jpg\" \/>\n\t<meta property=\"og:image:width\" content=\"854\" \/>\n\t<meta property=\"og:image:height\" content=\"741\" \/>\n\t<meta property=\"og:image:type\" content=\"image\/jpeg\" \/>\n<meta name=\"twitter:card\" content=\"summary_large_image\" \/>\n<meta name=\"twitter:label1\" content=\"Est. reading time\" \/>\n\t<meta name=\"twitter:data1\" content=\"2 minutes\" \/>\n<script type=\"application\/ld+json\" class=\"yoast-schema-graph\">{\"@context\":\"https:\\\/\\\/schema.org\",\"@graph\":[{\"@type\":\"WebPage\",\"@id\":\"https:\\\/\\\/rockers.de\\\/record\\\/friedrich-gerstaecker-die-flusspiraten-des-mississippi-cd\\\/\",\"url\":\"https:\\\/\\\/rockers.de\\\/record\\\/friedrich-gerstaecker-die-flusspiraten-des-mississippi-cd\\\/\",\"name\":\"Friedrich Gerst\u00e4cker-Die Flu\u00dfpiraten Des Mississippi-CD - Rockers Records\",\"isPartOf\":{\"@id\":\"https:\\\/\\\/rockers.de\\\/#website\"},\"primaryImageOfPage\":{\"@id\":\"https:\\\/\\\/rockers.de\\\/record\\\/friedrich-gerstaecker-die-flusspiraten-des-mississippi-cd\\\/#primaryimage\"},\"image\":{\"@id\":\"https:\\\/\\\/rockers.de\\\/record\\\/friedrich-gerstaecker-die-flusspiraten-des-mississippi-cd\\\/#primaryimage\"},\"thumbnailUrl\":\"https:\\\/\\\/rockers.de\\\/wp-content\\\/uploads\\\/2026\\\/03\\\/Friedrich-Gerstaecker-Die-Flusspiraten-Des-Mississippi-CD-1.jpg\",\"datePublished\":\"2026-03-13T17:04:22+00:00\",\"breadcrumb\":{\"@id\":\"https:\\\/\\\/rockers.de\\\/record\\\/friedrich-gerstaecker-die-flusspiraten-des-mississippi-cd\\\/#breadcrumb\"},\"inLanguage\":\"en-US\",\"potentialAction\":[{\"@type\":\"ReadAction\",\"target\":[\"https:\\\/\\\/rockers.de\\\/record\\\/friedrich-gerstaecker-die-flusspiraten-des-mississippi-cd\\\/\"]}]},{\"@type\":\"ImageObject\",\"inLanguage\":\"en-US\",\"@id\":\"https:\\\/\\\/rockers.de\\\/record\\\/friedrich-gerstaecker-die-flusspiraten-des-mississippi-cd\\\/#primaryimage\",\"url\":\"https:\\\/\\\/rockers.de\\\/wp-content\\\/uploads\\\/2026\\\/03\\\/Friedrich-Gerstaecker-Die-Flusspiraten-Des-Mississippi-CD-1.jpg\",\"contentUrl\":\"https:\\\/\\\/rockers.de\\\/wp-content\\\/uploads\\\/2026\\\/03\\\/Friedrich-Gerstaecker-Die-Flusspiraten-Des-Mississippi-CD-1.jpg\",\"width\":854,\"height\":741,\"caption\":\"Friedrich Gerst\u00e4cker-Die Flu\u00dfpiraten Des Mississippi-CD\"},{\"@type\":\"BreadcrumbList\",\"@id\":\"https:\\\/\\\/rockers.de\\\/record\\\/friedrich-gerstaecker-die-flusspiraten-des-mississippi-cd\\\/#breadcrumb\",\"itemListElement\":[{\"@type\":\"ListItem\",\"position\":1,\"name\":\"Startseite\",\"item\":\"https:\\\/\\\/rockers.de\\\/\"},{\"@type\":\"ListItem\",\"position\":2,\"name\":\"Shop\",\"item\":\"https:\\\/\\\/rockers.de\\\/shop\\\/\"},{\"@type\":\"ListItem\",\"position\":3,\"name\":\"Friedrich Gerst\u00e4cker-Die Flu\u00dfpiraten Des Mississippi-CD\"}]},{\"@type\":\"WebSite\",\"@id\":\"https:\\\/\\\/rockers.de\\\/#website\",\"url\":\"https:\\\/\\\/rockers.de\\\/\",\"name\":\"Rockers Records\",\"description\":\"Dein Schallplatten Store in Hannover\",\"publisher\":{\"@id\":\"https:\\\/\\\/rockers.de\\\/#organization\"},\"potentialAction\":[{\"@type\":\"SearchAction\",\"target\":{\"@type\":\"EntryPoint\",\"urlTemplate\":\"https:\\\/\\\/rockers.de\\\/?s={search_term_string}\"},\"query-input\":{\"@type\":\"PropertyValueSpecification\",\"valueRequired\":true,\"valueName\":\"search_term_string\"}}],\"inLanguage\":\"en-US\"},{\"@type\":\"Organization\",\"@id\":\"https:\\\/\\\/rockers.de\\\/#organization\",\"name\":\"Rockers Records\",\"url\":\"https:\\\/\\\/rockers.de\\\/\",\"logo\":{\"@type\":\"ImageObject\",\"inLanguage\":\"en-US\",\"@id\":\"https:\\\/\\\/rockers.de\\\/#\\\/schema\\\/logo\\\/image\\\/\",\"url\":\"https:\\\/\\\/rockers.de\\\/wp-content\\\/uploads\\\/2022\\\/07\\\/Neue-Website-2022.jpg\",\"contentUrl\":\"https:\\\/\\\/rockers.de\\\/wp-content\\\/uploads\\\/2022\\\/07\\\/Neue-Website-2022.jpg\",\"width\":800,\"height\":800,\"caption\":\"Rockers Records\"},\"image\":{\"@id\":\"https:\\\/\\\/rockers.de\\\/#\\\/schema\\\/logo\\\/image\\\/\"}}]}<\/script>\n<!-- \/ Yoast SEO plugin. -->","yoast_head_json":{"title":"Friedrich Gerst\u00e4cker-Die Flu\u00dfpiraten Des Mississippi-CD - Rockers Records","robots":{"index":"index","follow":"follow","max-snippet":"max-snippet:-1","max-image-preview":"max-image-preview:large","max-video-preview":"max-video-preview:-1"},"canonical":"https:\/\/rockers.de\/en\/record\/friedrich-gerstaecker-die-flusspiraten-des-mississippi-cd\/","og_locale":"en_US","og_type":"article","og_title":"Friedrich Gerst\u00e4cker-Die Flu\u00dfpiraten Des Mississippi-CD - Rockers Records","og_description":"Folge 45 aus der neu aufgelegten Serie: EUROPA Die Originale Eine spannende Abenteuer-Erz\u00e4hlung nach Friedrich Gerst\u00e4cker. Eine Studio EUROPA-Produktion.  Ein Flo\u00dfboot kommt \u2022 Lynchjustiz \u2022 Der Friedensrichter von Helena \u2022 Ger\u00fcchte am Mississippi \u2022 Im Schlupfwinkel des Piratenkapit\u00e4ns \u2022 Ein teuflischer Plan \u2022 Der Mailrider sch\u00f6pft Verdacht \u2022 Tot oder lebendig \u2022 Im Nebel auf dem Mississippi \u2022 Der \u00dcberfall auf das Flo\u00dfboot \u2022 Um Haaresbreite den Flu\u00dfpiraten entkommen \u2022 Grenzsoldaten greifen ein \u2022 Die Maske f\u00e4llt \u2022 Kampf bis auf's Messer \u2022 Eine m\u00f6rderische Explosion!  \u00a9 &amp; \u2117 1977 \/ 2007 Sony BMG Music Entertainment (Germany) GmbH Distributed by Sony BMG Music Entertainment All trademarks and logos are protected. Made in the EU  Gesamtspielzeit ca. 38 Min. \/ Total Duration app. 38 Minutes. CD in Vinyl-Optik! Jewelcase with silver-grey tray  - The beginning of the scene when Bollivar starts with Olyo (with a view to kill him) is introduced with a short sequence of the theme-song from \"Once Upon a Time in the West \/ Spiel mir das Lied vom Tod\". - The voice part of Kapit\u00e4n Colbourn was also part of Rolf Mamero, but isn't part of the list because of literal mistake.","og_url":"https:\/\/rockers.de\/en\/record\/friedrich-gerstaecker-die-flusspiraten-des-mississippi-cd\/","og_site_name":"Rockers Records","og_image":[{"width":854,"height":741,"url":"https:\/\/rockers.de\/wp-content\/uploads\/2026\/03\/Friedrich-Gerstaecker-Die-Flusspiraten-Des-Mississippi-CD-1.jpg","type":"image\/jpeg"}],"twitter_card":"summary_large_image","twitter_misc":{"Est. reading time":"2 minutes"},"schema":{"@context":"https:\/\/schema.org","@graph":[{"@type":"WebPage","@id":"https:\/\/rockers.de\/record\/friedrich-gerstaecker-die-flusspiraten-des-mississippi-cd\/","url":"https:\/\/rockers.de\/record\/friedrich-gerstaecker-die-flusspiraten-des-mississippi-cd\/","name":"Friedrich Gerst\u00e4cker-Die Flu\u00dfpiraten Des Mississippi-CD - Rockers Records","isPartOf":{"@id":"https:\/\/rockers.de\/#website"},"primaryImageOfPage":{"@id":"https:\/\/rockers.de\/record\/friedrich-gerstaecker-die-flusspiraten-des-mississippi-cd\/#primaryimage"},"image":{"@id":"https:\/\/rockers.de\/record\/friedrich-gerstaecker-die-flusspiraten-des-mississippi-cd\/#primaryimage"},"thumbnailUrl":"https:\/\/rockers.de\/wp-content\/uploads\/2026\/03\/Friedrich-Gerstaecker-Die-Flusspiraten-Des-Mississippi-CD-1.jpg","datePublished":"2026-03-13T17:04:22+00:00","breadcrumb":{"@id":"https:\/\/rockers.de\/record\/friedrich-gerstaecker-die-flusspiraten-des-mississippi-cd\/#breadcrumb"},"inLanguage":"en-US","potentialAction":[{"@type":"ReadAction","target":["https:\/\/rockers.de\/record\/friedrich-gerstaecker-die-flusspiraten-des-mississippi-cd\/"]}]},{"@type":"ImageObject","inLanguage":"en-US","@id":"https:\/\/rockers.de\/record\/friedrich-gerstaecker-die-flusspiraten-des-mississippi-cd\/#primaryimage","url":"https:\/\/rockers.de\/wp-content\/uploads\/2026\/03\/Friedrich-Gerstaecker-Die-Flusspiraten-Des-Mississippi-CD-1.jpg","contentUrl":"https:\/\/rockers.de\/wp-content\/uploads\/2026\/03\/Friedrich-Gerstaecker-Die-Flusspiraten-Des-Mississippi-CD-1.jpg","width":854,"height":741,"caption":"Friedrich Gerst\u00e4cker-Die Flu\u00dfpiraten Des Mississippi-CD"},{"@type":"BreadcrumbList","@id":"https:\/\/rockers.de\/record\/friedrich-gerstaecker-die-flusspiraten-des-mississippi-cd\/#breadcrumb","itemListElement":[{"@type":"ListItem","position":1,"name":"Startseite","item":"https:\/\/rockers.de\/"},{"@type":"ListItem","position":2,"name":"Shop","item":"https:\/\/rockers.de\/shop\/"},{"@type":"ListItem","position":3,"name":"Friedrich Gerst\u00e4cker-Die Flu\u00dfpiraten Des Mississippi-CD"}]},{"@type":"WebSite","@id":"https:\/\/rockers.de\/#website","url":"https:\/\/rockers.de\/","name":"Rockers Records","description":"Your record store in Hanover","publisher":{"@id":"https:\/\/rockers.de\/#organization"},"potentialAction":[{"@type":"SearchAction","target":{"@type":"EntryPoint","urlTemplate":"https:\/\/rockers.de\/?s={search_term_string}"},"query-input":{"@type":"PropertyValueSpecification","valueRequired":true,"valueName":"search_term_string"}}],"inLanguage":"en-US"},{"@type":"Organization","@id":"https:\/\/rockers.de\/#organization","name":"Rockers Records","url":"https:\/\/rockers.de\/","logo":{"@type":"ImageObject","inLanguage":"en-US","@id":"https:\/\/rockers.de\/#\/schema\/logo\/image\/","url":"https:\/\/rockers.de\/wp-content\/uploads\/2022\/07\/Neue-Website-2022.jpg","contentUrl":"https:\/\/rockers.de\/wp-content\/uploads\/2022\/07\/Neue-Website-2022.jpg","width":800,"height":800,"caption":"Rockers Records"},"image":{"@id":"https:\/\/rockers.de\/#\/schema\/logo\/image\/"}}]}},"_links":{"self":[{"href":"https:\/\/rockers.de\/en\/wp-json\/wp\/v2\/product\/178652","targetHints":{"allow":["GET"]}}],"collection":[{"href":"https:\/\/rockers.de\/en\/wp-json\/wp\/v2\/product"}],"about":[{"href":"https:\/\/rockers.de\/en\/wp-json\/wp\/v2\/types\/product"}],"wp:featuredmedia":[{"embeddable":true,"href":"https:\/\/rockers.de\/en\/wp-json\/wp\/v2\/media\/178655"}],"wp:attachment":[{"href":"https:\/\/rockers.de\/en\/wp-json\/wp\/v2\/media?parent=178652"}],"wp:term":[{"taxonomy":"product_brand","embeddable":true,"href":"https:\/\/rockers.de\/en\/wp-json\/wp\/v2\/product_brand?post=178652"},{"taxonomy":"product_cat","embeddable":true,"href":"https:\/\/rockers.de\/en\/wp-json\/wp\/v2\/product_cat?post=178652"},{"taxonomy":"product_tag","embeddable":true,"href":"https:\/\/rockers.de\/en\/wp-json\/wp\/v2\/product_tag?post=178652"}],"curies":[{"name":"wp","href":"https:\/\/api.w.org\/{rel}","templated":true}]}}