{"id":178649,"date":"2026-03-13T17:58:22","date_gmt":"2026-03-13T16:58:22","guid":{"rendered":"https:\/\/rockers.de\/?post_type=product&#038;p=178649"},"modified":"2026-03-13T17:59:04","modified_gmt":"2026-03-13T16:59:04","slug":"konrad-halver-sindbad-der-seefahrer-cd","status":"publish","type":"product","link":"https:\/\/rockers.de\/en\/record\/konrad-halver-sindbad-der-seefahrer-cd\/","title":{"rendered":"Konrad Halver-Sindbad Der Seefahrer-CD"},"content":{"rendered":"<p>Folge 40 aus der neu aufgelegten Serie: EUROPA Die Originale<br \/>\nSpannende H\u00f6rspielfassung nach der Erz\u00e4hlung aus &#8222;Tausend und Eine Nacht&#8220;.<\/p>","protected":false},"excerpt":{"rendered":"<p>Folge 40 aus der neu aufgelegten Serie: EUROPA Die Originale<br \/>\nSpannende H\u00f6rspielfassung nach der Erz\u00e4hlung aus &#8222;Tausend und Eine Nacht&#8220;.<br \/>\nEine Studio EUROPA-Produktion.<\/p>\n<p>1. REISE: Die geheimnisvolle Insel \u2022 Rette sich, wer kann! \u2022 An fremdem Strand \u2022 Der Hengst mit den magischen Kr\u00e4ften \u2022 Sindbad besiegt das Seeungeheuer \u2022 Am Hofe des K\u00f6nigs Maharadja<br \/>\n2. REISE: In Seenot vor dem Affenberg \u2022 Von den Bestien entf\u00fchrt \u2022 Die Burg des Riesen \u2022 Eine grauenvolle \u00dcberraschung \u2022 Flucht im letzten Augenblick \u2022 Das Ei des Riesenvogels Roch \u2022 Flug \u00fcbers Meer in Rochs Krallen \u2022 Im Diamantental \u2022 Den Schlangen entronnen<br \/>\n3. REISE: Der Fluch des Magnetberges \u2022 Sindbads Schiff bricht entzwei \u2022 Ein Berg von Sch\u00e4tzen \u2022 Gef\u00e4hrliche Flo\u00dffahrt auf dem unterirdischen Flu\u00df \u2022 Der reiche K\u00f6nig von Sarandib \u2022 Sindbad heilt den Herrscher von seiner Krankheit und kehrt mit Ehren \u00fcberh\u00e4uft nach Bagdad zur\u00fcck<br \/>\n4. REISE: Der Auftrag des Kalifen \u2022 Seer\u00e4uber! \u2022 Eine m\u00f6rderische Schlacht \u2022 Sindbad wird als Sklave an einen Elfenbeinh\u00e4ndler verkauft \u2022 Auf dem Elefantenfriedhof \u2022 Wieder in Freiheit \u2022 Sindbads Heimkehr und der Dank des Kalifen<\/p>\n<p>\u00a9 &amp; \u2117 1969 \/ 2007 Sony BMG Music Entertainment (Germany) GmbH<br \/>\nDistributed by Sony BMG Music Entertainment<br \/>\nAll trademarks and logos are protected.<br \/>\nMade in the EU<\/p>\n<p>Gesamtspielzeit ca. 50 Min. \/ Total Duration app. 50 Minutes.<br \/>\nCD in Vinyl-Optik!<br \/>\nJewelcase with silver-grey tray<\/p>","protected":false},"featured_media":178651,"template":"","meta":{"_acf_changed":false},"product_brand":[],"product_cat":[1009],"product_tag":[],"class_list":{"0":"post-178649","1":"product","2":"type-product","3":"status-publish","4":"has-post-thumbnail","6":"product_cat-spoken-word","7":"pa_att_artist-konrad-halver","8":"pa_att_format-cd","9":"pa_att_genre-spoken-word","10":"pa_att_jahr-181","11":"pa_att_label-europa","12":"pa_att_land-germany","14":"first","15":"instock","16":"taxable","17":"shipping-taxable","18":"purchasable","19":"product-type-simple"},"acf":[],"yoast_head":"<!-- This site is optimized with the Yoast SEO plugin v27.3 - https:\/\/yoast.com\/product\/yoast-seo-wordpress\/ -->\n<title>Konrad Halver-Sindbad Der Seefahrer-CD - Rockers Records<\/title>\n<meta name=\"robots\" content=\"index, follow, max-snippet:-1, max-image-preview:large, max-video-preview:-1\" \/>\n<link rel=\"canonical\" href=\"https:\/\/rockers.de\/en\/record\/konrad-halver-sindbad-der-seefahrer-cd\/\" \/>\n<meta property=\"og:locale\" content=\"en_US\" \/>\n<meta property=\"og:type\" content=\"article\" \/>\n<meta property=\"og:title\" content=\"Konrad Halver-Sindbad Der Seefahrer-CD - Rockers Records\" \/>\n<meta property=\"og:description\" content=\"Folge 40 aus der neu aufgelegten Serie: EUROPA Die Originale Spannende H\u00f6rspielfassung nach der Erz\u00e4hlung aus &quot;Tausend und Eine Nacht&quot;. Eine Studio EUROPA-Produktion.  1. REISE: Die geheimnisvolle Insel \u2022 Rette sich, wer kann! \u2022 An fremdem Strand \u2022 Der Hengst mit den magischen Kr\u00e4ften \u2022 Sindbad besiegt das Seeungeheuer \u2022 Am Hofe des K\u00f6nigs Maharadja 2. REISE: In Seenot vor dem Affenberg \u2022 Von den Bestien entf\u00fchrt \u2022 Die Burg des Riesen \u2022 Eine grauenvolle \u00dcberraschung \u2022 Flucht im letzten Augenblick \u2022 Das Ei des Riesenvogels Roch \u2022 Flug \u00fcbers Meer in Rochs Krallen \u2022 Im Diamantental \u2022 Den Schlangen entronnen 3. REISE: Der Fluch des Magnetberges \u2022 Sindbads Schiff bricht entzwei \u2022 Ein Berg von Sch\u00e4tzen \u2022 Gef\u00e4hrliche Flo\u00dffahrt auf dem unterirdischen Flu\u00df \u2022 Der reiche K\u00f6nig von Sarandib \u2022 Sindbad heilt den Herrscher von seiner Krankheit und kehrt mit Ehren \u00fcberh\u00e4uft nach Bagdad zur\u00fcck 4. REISE: Der Auftrag des Kalifen \u2022 Seer\u00e4uber! \u2022 Eine m\u00f6rderische Schlacht \u2022 Sindbad wird als Sklave an einen Elfenbeinh\u00e4ndler verkauft \u2022 Auf dem Elefantenfriedhof \u2022 Wieder in Freiheit \u2022 Sindbads Heimkehr und der Dank des Kalifen  \u00a9 &amp; \u2117 1969 \/ 2007 Sony BMG Music Entertainment (Germany) GmbH Distributed by Sony BMG Music Entertainment All trademarks and logos are protected. Made in the EU  Gesamtspielzeit ca. 50 Min. \/ Total Duration app. 50 Minutes. CD in Vinyl-Optik! Jewelcase with silver-grey tray\" \/>\n<meta property=\"og:url\" content=\"https:\/\/rockers.de\/en\/record\/konrad-halver-sindbad-der-seefahrer-cd\/\" \/>\n<meta property=\"og:site_name\" content=\"Rockers Records\" \/>\n<meta property=\"article:modified_time\" content=\"2026-03-13T16:59:04+00:00\" \/>\n<meta property=\"og:image\" content=\"https:\/\/rockers.de\/wp-content\/uploads\/2026\/03\/Konrad-Halver-Sindbad-Der-Seefahrer-CD-1.jpg\" \/>\n\t<meta property=\"og:image:width\" content=\"854\" \/>\n\t<meta property=\"og:image:height\" content=\"741\" \/>\n\t<meta property=\"og:image:type\" content=\"image\/jpeg\" \/>\n<meta name=\"twitter:card\" content=\"summary_large_image\" \/>\n<meta name=\"twitter:label1\" content=\"Est. reading time\" \/>\n\t<meta name=\"twitter:data1\" content=\"2 minutes\" \/>\n<script type=\"application\/ld+json\" class=\"yoast-schema-graph\">{\"@context\":\"https:\\\/\\\/schema.org\",\"@graph\":[{\"@type\":\"WebPage\",\"@id\":\"https:\\\/\\\/rockers.de\\\/record\\\/konrad-halver-sindbad-der-seefahrer-cd\\\/\",\"url\":\"https:\\\/\\\/rockers.de\\\/record\\\/konrad-halver-sindbad-der-seefahrer-cd\\\/\",\"name\":\"Konrad Halver-Sindbad Der Seefahrer-CD - Rockers Records\",\"isPartOf\":{\"@id\":\"https:\\\/\\\/rockers.de\\\/#website\"},\"primaryImageOfPage\":{\"@id\":\"https:\\\/\\\/rockers.de\\\/record\\\/konrad-halver-sindbad-der-seefahrer-cd\\\/#primaryimage\"},\"image\":{\"@id\":\"https:\\\/\\\/rockers.de\\\/record\\\/konrad-halver-sindbad-der-seefahrer-cd\\\/#primaryimage\"},\"thumbnailUrl\":\"https:\\\/\\\/rockers.de\\\/wp-content\\\/uploads\\\/2026\\\/03\\\/Konrad-Halver-Sindbad-Der-Seefahrer-CD-1.jpg\",\"datePublished\":\"2026-03-13T16:58:22+00:00\",\"dateModified\":\"2026-03-13T16:59:04+00:00\",\"breadcrumb\":{\"@id\":\"https:\\\/\\\/rockers.de\\\/record\\\/konrad-halver-sindbad-der-seefahrer-cd\\\/#breadcrumb\"},\"inLanguage\":\"en-US\",\"potentialAction\":[{\"@type\":\"ReadAction\",\"target\":[\"https:\\\/\\\/rockers.de\\\/record\\\/konrad-halver-sindbad-der-seefahrer-cd\\\/\"]}]},{\"@type\":\"ImageObject\",\"inLanguage\":\"en-US\",\"@id\":\"https:\\\/\\\/rockers.de\\\/record\\\/konrad-halver-sindbad-der-seefahrer-cd\\\/#primaryimage\",\"url\":\"https:\\\/\\\/rockers.de\\\/wp-content\\\/uploads\\\/2026\\\/03\\\/Konrad-Halver-Sindbad-Der-Seefahrer-CD-1.jpg\",\"contentUrl\":\"https:\\\/\\\/rockers.de\\\/wp-content\\\/uploads\\\/2026\\\/03\\\/Konrad-Halver-Sindbad-Der-Seefahrer-CD-1.jpg\",\"width\":854,\"height\":741,\"caption\":\"Konrad Halver-Sindbad Der Seefahrer-CD\"},{\"@type\":\"BreadcrumbList\",\"@id\":\"https:\\\/\\\/rockers.de\\\/record\\\/konrad-halver-sindbad-der-seefahrer-cd\\\/#breadcrumb\",\"itemListElement\":[{\"@type\":\"ListItem\",\"position\":1,\"name\":\"Startseite\",\"item\":\"https:\\\/\\\/rockers.de\\\/\"},{\"@type\":\"ListItem\",\"position\":2,\"name\":\"Shop\",\"item\":\"https:\\\/\\\/rockers.de\\\/shop\\\/\"},{\"@type\":\"ListItem\",\"position\":3,\"name\":\"Konrad Halver-Sindbad Der Seefahrer-CD\"}]},{\"@type\":\"WebSite\",\"@id\":\"https:\\\/\\\/rockers.de\\\/#website\",\"url\":\"https:\\\/\\\/rockers.de\\\/\",\"name\":\"Rockers Records\",\"description\":\"Dein Schallplatten Store in Hannover\",\"publisher\":{\"@id\":\"https:\\\/\\\/rockers.de\\\/#organization\"},\"potentialAction\":[{\"@type\":\"SearchAction\",\"target\":{\"@type\":\"EntryPoint\",\"urlTemplate\":\"https:\\\/\\\/rockers.de\\\/?s={search_term_string}\"},\"query-input\":{\"@type\":\"PropertyValueSpecification\",\"valueRequired\":true,\"valueName\":\"search_term_string\"}}],\"inLanguage\":\"en-US\"},{\"@type\":\"Organization\",\"@id\":\"https:\\\/\\\/rockers.de\\\/#organization\",\"name\":\"Rockers Records\",\"url\":\"https:\\\/\\\/rockers.de\\\/\",\"logo\":{\"@type\":\"ImageObject\",\"inLanguage\":\"en-US\",\"@id\":\"https:\\\/\\\/rockers.de\\\/#\\\/schema\\\/logo\\\/image\\\/\",\"url\":\"https:\\\/\\\/rockers.de\\\/wp-content\\\/uploads\\\/2022\\\/07\\\/Neue-Website-2022.jpg\",\"contentUrl\":\"https:\\\/\\\/rockers.de\\\/wp-content\\\/uploads\\\/2022\\\/07\\\/Neue-Website-2022.jpg\",\"width\":800,\"height\":800,\"caption\":\"Rockers Records\"},\"image\":{\"@id\":\"https:\\\/\\\/rockers.de\\\/#\\\/schema\\\/logo\\\/image\\\/\"}}]}<\/script>\n<!-- \/ Yoast SEO plugin. -->","yoast_head_json":{"title":"Konrad Halver-Sindbad Der Seefahrer-CD - Rockers Records","robots":{"index":"index","follow":"follow","max-snippet":"max-snippet:-1","max-image-preview":"max-image-preview:large","max-video-preview":"max-video-preview:-1"},"canonical":"https:\/\/rockers.de\/en\/record\/konrad-halver-sindbad-der-seefahrer-cd\/","og_locale":"en_US","og_type":"article","og_title":"Konrad Halver-Sindbad Der Seefahrer-CD - Rockers Records","og_description":"Folge 40 aus der neu aufgelegten Serie: EUROPA Die Originale Spannende H\u00f6rspielfassung nach der Erz\u00e4hlung aus \"Tausend und Eine Nacht\". Eine Studio EUROPA-Produktion.  1. REISE: Die geheimnisvolle Insel \u2022 Rette sich, wer kann! \u2022 An fremdem Strand \u2022 Der Hengst mit den magischen Kr\u00e4ften \u2022 Sindbad besiegt das Seeungeheuer \u2022 Am Hofe des K\u00f6nigs Maharadja 2. REISE: In Seenot vor dem Affenberg \u2022 Von den Bestien entf\u00fchrt \u2022 Die Burg des Riesen \u2022 Eine grauenvolle \u00dcberraschung \u2022 Flucht im letzten Augenblick \u2022 Das Ei des Riesenvogels Roch \u2022 Flug \u00fcbers Meer in Rochs Krallen \u2022 Im Diamantental \u2022 Den Schlangen entronnen 3. REISE: Der Fluch des Magnetberges \u2022 Sindbads Schiff bricht entzwei \u2022 Ein Berg von Sch\u00e4tzen \u2022 Gef\u00e4hrliche Flo\u00dffahrt auf dem unterirdischen Flu\u00df \u2022 Der reiche K\u00f6nig von Sarandib \u2022 Sindbad heilt den Herrscher von seiner Krankheit und kehrt mit Ehren \u00fcberh\u00e4uft nach Bagdad zur\u00fcck 4. REISE: Der Auftrag des Kalifen \u2022 Seer\u00e4uber! \u2022 Eine m\u00f6rderische Schlacht \u2022 Sindbad wird als Sklave an einen Elfenbeinh\u00e4ndler verkauft \u2022 Auf dem Elefantenfriedhof \u2022 Wieder in Freiheit \u2022 Sindbads Heimkehr und der Dank des Kalifen  \u00a9 &amp; \u2117 1969 \/ 2007 Sony BMG Music Entertainment (Germany) GmbH Distributed by Sony BMG Music Entertainment All trademarks and logos are protected. Made in the EU  Gesamtspielzeit ca. 50 Min. \/ Total Duration app. 50 Minutes. CD in Vinyl-Optik! Jewelcase with silver-grey tray","og_url":"https:\/\/rockers.de\/en\/record\/konrad-halver-sindbad-der-seefahrer-cd\/","og_site_name":"Rockers Records","article_modified_time":"2026-03-13T16:59:04+00:00","og_image":[{"width":854,"height":741,"url":"https:\/\/rockers.de\/wp-content\/uploads\/2026\/03\/Konrad-Halver-Sindbad-Der-Seefahrer-CD-1.jpg","type":"image\/jpeg"}],"twitter_card":"summary_large_image","twitter_misc":{"Est. reading time":"2 minutes"},"schema":{"@context":"https:\/\/schema.org","@graph":[{"@type":"WebPage","@id":"https:\/\/rockers.de\/record\/konrad-halver-sindbad-der-seefahrer-cd\/","url":"https:\/\/rockers.de\/record\/konrad-halver-sindbad-der-seefahrer-cd\/","name":"Konrad Halver-Sindbad Der Seefahrer-CD - Rockers Records","isPartOf":{"@id":"https:\/\/rockers.de\/#website"},"primaryImageOfPage":{"@id":"https:\/\/rockers.de\/record\/konrad-halver-sindbad-der-seefahrer-cd\/#primaryimage"},"image":{"@id":"https:\/\/rockers.de\/record\/konrad-halver-sindbad-der-seefahrer-cd\/#primaryimage"},"thumbnailUrl":"https:\/\/rockers.de\/wp-content\/uploads\/2026\/03\/Konrad-Halver-Sindbad-Der-Seefahrer-CD-1.jpg","datePublished":"2026-03-13T16:58:22+00:00","dateModified":"2026-03-13T16:59:04+00:00","breadcrumb":{"@id":"https:\/\/rockers.de\/record\/konrad-halver-sindbad-der-seefahrer-cd\/#breadcrumb"},"inLanguage":"en-US","potentialAction":[{"@type":"ReadAction","target":["https:\/\/rockers.de\/record\/konrad-halver-sindbad-der-seefahrer-cd\/"]}]},{"@type":"ImageObject","inLanguage":"en-US","@id":"https:\/\/rockers.de\/record\/konrad-halver-sindbad-der-seefahrer-cd\/#primaryimage","url":"https:\/\/rockers.de\/wp-content\/uploads\/2026\/03\/Konrad-Halver-Sindbad-Der-Seefahrer-CD-1.jpg","contentUrl":"https:\/\/rockers.de\/wp-content\/uploads\/2026\/03\/Konrad-Halver-Sindbad-Der-Seefahrer-CD-1.jpg","width":854,"height":741,"caption":"Konrad Halver-Sindbad Der Seefahrer-CD"},{"@type":"BreadcrumbList","@id":"https:\/\/rockers.de\/record\/konrad-halver-sindbad-der-seefahrer-cd\/#breadcrumb","itemListElement":[{"@type":"ListItem","position":1,"name":"Startseite","item":"https:\/\/rockers.de\/"},{"@type":"ListItem","position":2,"name":"Shop","item":"https:\/\/rockers.de\/shop\/"},{"@type":"ListItem","position":3,"name":"Konrad Halver-Sindbad Der Seefahrer-CD"}]},{"@type":"WebSite","@id":"https:\/\/rockers.de\/#website","url":"https:\/\/rockers.de\/","name":"Rockers Records","description":"Your record store in Hanover","publisher":{"@id":"https:\/\/rockers.de\/#organization"},"potentialAction":[{"@type":"SearchAction","target":{"@type":"EntryPoint","urlTemplate":"https:\/\/rockers.de\/?s={search_term_string}"},"query-input":{"@type":"PropertyValueSpecification","valueRequired":true,"valueName":"search_term_string"}}],"inLanguage":"en-US"},{"@type":"Organization","@id":"https:\/\/rockers.de\/#organization","name":"Rockers Records","url":"https:\/\/rockers.de\/","logo":{"@type":"ImageObject","inLanguage":"en-US","@id":"https:\/\/rockers.de\/#\/schema\/logo\/image\/","url":"https:\/\/rockers.de\/wp-content\/uploads\/2022\/07\/Neue-Website-2022.jpg","contentUrl":"https:\/\/rockers.de\/wp-content\/uploads\/2022\/07\/Neue-Website-2022.jpg","width":800,"height":800,"caption":"Rockers Records"},"image":{"@id":"https:\/\/rockers.de\/#\/schema\/logo\/image\/"}}]}},"_links":{"self":[{"href":"https:\/\/rockers.de\/en\/wp-json\/wp\/v2\/product\/178649","targetHints":{"allow":["GET"]}}],"collection":[{"href":"https:\/\/rockers.de\/en\/wp-json\/wp\/v2\/product"}],"about":[{"href":"https:\/\/rockers.de\/en\/wp-json\/wp\/v2\/types\/product"}],"wp:featuredmedia":[{"embeddable":true,"href":"https:\/\/rockers.de\/en\/wp-json\/wp\/v2\/media\/178651"}],"wp:attachment":[{"href":"https:\/\/rockers.de\/en\/wp-json\/wp\/v2\/media?parent=178649"}],"wp:term":[{"taxonomy":"product_brand","embeddable":true,"href":"https:\/\/rockers.de\/en\/wp-json\/wp\/v2\/product_brand?post=178649"},{"taxonomy":"product_cat","embeddable":true,"href":"https:\/\/rockers.de\/en\/wp-json\/wp\/v2\/product_cat?post=178649"},{"taxonomy":"product_tag","embeddable":true,"href":"https:\/\/rockers.de\/en\/wp-json\/wp\/v2\/product_tag?post=178649"}],"curies":[{"name":"wp","href":"https:\/\/api.w.org\/{rel}","templated":true}]}}