{"id":178640,"date":"2026-03-13T16:42:20","date_gmt":"2026-03-13T15:42:20","guid":{"rendered":"https:\/\/rockers.de\/?post_type=product&#038;p=178640"},"modified":"2026-03-13T16:42:21","modified_gmt":"2026-03-13T15:42:21","slug":"the-waterboys-this-is-the-sea-lp-vinyl","status":"publish","type":"product","link":"https:\/\/rockers.de\/en\/record\/the-waterboys-this-is-the-sea-lp-vinyl\/","title":{"rendered":"The Waterboys \u2013 This Is The Sea-LP Vinyl"},"content":{"rendered":"<p>Back cover:<br \/>\nRecorded in England March-July 1985 at: Amazon, Park Gates, The Townhouse, Townhouse 3, Livingston 1 &amp; 2, The Workhouse, R.G. Jones, Power Plant, Seaview, The Chocolate Factory, Good Earth.<br \/>\nManagement: Gary Kurfirst, 1775 Broadway, New York, NY 10019.<br \/>\n\u2117 &amp; \u00a9 1985 Original sound recording made by Ensign Records Ltd.<br \/>\nDistributed by the Ariola Group Of Companies<br \/>\nPrinted in Western Germany by TOPAC, Gesellschaft f\u00fcr Tontr\u00e4ger-Verpackung mbH, G\u00fctersloh \u00b7 Imprim\u00e9 en R\u00e9publique F\u00e9d\u00e9rale d&#8217;Allemagne<\/p>\n<p>Labels:<br \/>\n\u2117 1985 Original sound recording made by Ensign Records Ltd.<br \/>\nAriola-Eurodisc GmbH, M\u00fcnchen<\/p>\n<p>Runout grooves:<br \/>\nRunouts are stamped except for the 2nd signature &#8218;II&#8216; or &#8218;III&#8216; which are etched roman numerals.<\/p>\n<p>Included a black and white printed inner sleeve containing lyrics, credits and images.<br \/>\nAll tracks published by Dizzy Heights Music Publishing Ltd., A1 by Welk Music Ltd. additionally.<br \/>\nThe embossed &#8218;bass clef&#8216; on label B side exist with one dot, two dots and without dots for this release.<\/p>","protected":false},"excerpt":{"rendered":"<p>Back cover:<br \/>\nRecorded in England March-July 1985 at: Amazon, Park Gates, The Townhouse, Townhouse 3, Livingston 1 &amp; 2, The Workhouse, R.G. Jones, Power Plant, Seaview, The Chocolate Factory, Good Earth.<br \/>\nManagement: Gary Kurfirst, 1775 Broadway, New York, NY 10019.<br \/>\n\u2117 &amp; \u00a9 1985 Original sound recording made by Ensign Records Ltd.<br \/>\nDistributed by the Ariola Group Of Companies<br \/>\nPrinted in Western Germany by TOPAC, Gesellschaft f\u00fcr Tontr\u00e4ger-Verpackung mbH, G\u00fctersloh \u00b7 Imprim\u00e9 en R\u00e9publique F\u00e9d\u00e9rale d&#8217;Allemagne<\/p>\n<p>Labels:<br \/>\n\u2117 1985 Original sound recording made by Ensign Records Ltd.<br \/>\nAriola-Eurodisc GmbH, M\u00fcnchen<\/p>\n<p>Runout grooves:<br \/>\nRunouts are stamped except for the 2nd signature &#8218;II&#8216; or &#8218;III&#8216; which are etched roman numerals.<\/p>\n<p>Included a black and white printed inner sleeve containing lyrics, credits and images.<br \/>\nAll tracks published by Dizzy Heights Music Publishing Ltd., A1 by Welk Music Ltd. additionally.<br \/>\nThe embossed &#8218;bass clef&#8216; on label B side exist with one dot, two dots and without dots for this release.<\/p>","protected":false},"featured_media":178643,"template":"","meta":{"_acf_changed":false},"product_brand":[],"product_cat":[548],"product_tag":[],"class_list":{"0":"post-178640","1":"product","2":"type-product","3":"status-publish","4":"has-post-thumbnail","6":"product_cat-new-wave-1980s-pop","7":"pa_att_artist-the-waterboys","8":"pa_att_format-lp-vinyl","9":"pa_att_genre-new-wave-1980s-pop","10":"pa_att_jahr-424","11":"pa_att_label-island-records","12":"pa_att_land-europe","14":"first","15":"instock","16":"taxable","17":"shipping-taxable","18":"purchasable","19":"product-type-simple"},"acf":[],"yoast_head":"<!-- This site is optimized with the Yoast SEO plugin v27.3 - https:\/\/yoast.com\/product\/yoast-seo-wordpress\/ -->\n<title>The Waterboys \u2013 This Is The Sea-LP Vinyl - Rockers Records<\/title>\n<meta name=\"robots\" content=\"index, follow, max-snippet:-1, max-image-preview:large, max-video-preview:-1\" \/>\n<link rel=\"canonical\" href=\"https:\/\/rockers.de\/en\/record\/the-waterboys-this-is-the-sea-lp-vinyl\/\" \/>\n<meta property=\"og:locale\" content=\"en_US\" \/>\n<meta property=\"og:type\" content=\"article\" \/>\n<meta property=\"og:title\" content=\"The Waterboys \u2013 This Is The Sea-LP Vinyl - Rockers Records\" \/>\n<meta property=\"og:description\" content=\"Back cover: Recorded in England March-July 1985 at: Amazon, Park Gates, The Townhouse, Townhouse 3, Livingston 1 &amp; 2, The Workhouse, R.G. Jones, Power Plant, Seaview, The Chocolate Factory, Good Earth. Management: Gary Kurfirst, 1775 Broadway, New York, NY 10019. \u2117 &amp; \u00a9 1985 Original sound recording made by Ensign Records Ltd. Distributed by the Ariola Group Of Companies Printed in Western Germany by TOPAC, Gesellschaft f\u00fcr Tontr\u00e4ger-Verpackung mbH, G\u00fctersloh \u00b7 Imprim\u00e9 en R\u00e9publique F\u00e9d\u00e9rale d&#039;Allemagne  Labels: \u2117 1985 Original sound recording made by Ensign Records Ltd. Ariola-Eurodisc GmbH, M\u00fcnchen  Runout grooves: Runouts are stamped except for the 2nd signature &#039;II&#039; or &#039;III&#039; which are etched roman numerals.  Included a black and white printed inner sleeve containing lyrics, credits and images. All tracks published by Dizzy Heights Music Publishing Ltd., A1 by Welk Music Ltd. additionally. The embossed &#039;bass clef&#039; on label B side exist with one dot, two dots and without dots for this release.\" \/>\n<meta property=\"og:url\" content=\"https:\/\/rockers.de\/en\/record\/the-waterboys-this-is-the-sea-lp-vinyl\/\" \/>\n<meta property=\"og:site_name\" content=\"Rockers Records\" \/>\n<meta property=\"article:modified_time\" content=\"2026-03-13T15:42:21+00:00\" \/>\n<meta property=\"og:image\" content=\"https:\/\/rockers.de\/wp-content\/uploads\/2026\/03\/The-Waterboys-This-Is-The-Sea-LP-Vinyl-1.jpg\" \/>\n\t<meta property=\"og:image:width\" content=\"1800\" \/>\n\t<meta property=\"og:image:height\" content=\"1859\" \/>\n\t<meta property=\"og:image:type\" content=\"image\/jpeg\" \/>\n<meta name=\"twitter:card\" content=\"summary_large_image\" \/>\n<meta name=\"twitter:label1\" content=\"Est. reading time\" \/>\n\t<meta name=\"twitter:data1\" content=\"2 minutes\" \/>\n<script type=\"application\/ld+json\" class=\"yoast-schema-graph\">{\"@context\":\"https:\\\/\\\/schema.org\",\"@graph\":[{\"@type\":\"WebPage\",\"@id\":\"https:\\\/\\\/rockers.de\\\/record\\\/the-waterboys-this-is-the-sea-lp-vinyl\\\/\",\"url\":\"https:\\\/\\\/rockers.de\\\/record\\\/the-waterboys-this-is-the-sea-lp-vinyl\\\/\",\"name\":\"The Waterboys \u2013 This Is The Sea-LP Vinyl - Rockers Records\",\"isPartOf\":{\"@id\":\"https:\\\/\\\/rockers.de\\\/#website\"},\"primaryImageOfPage\":{\"@id\":\"https:\\\/\\\/rockers.de\\\/record\\\/the-waterboys-this-is-the-sea-lp-vinyl\\\/#primaryimage\"},\"image\":{\"@id\":\"https:\\\/\\\/rockers.de\\\/record\\\/the-waterboys-this-is-the-sea-lp-vinyl\\\/#primaryimage\"},\"thumbnailUrl\":\"https:\\\/\\\/rockers.de\\\/wp-content\\\/uploads\\\/2026\\\/03\\\/The-Waterboys-This-Is-The-Sea-LP-Vinyl-1.jpg\",\"datePublished\":\"2026-03-13T15:42:20+00:00\",\"dateModified\":\"2026-03-13T15:42:21+00:00\",\"breadcrumb\":{\"@id\":\"https:\\\/\\\/rockers.de\\\/record\\\/the-waterboys-this-is-the-sea-lp-vinyl\\\/#breadcrumb\"},\"inLanguage\":\"en-US\",\"potentialAction\":[{\"@type\":\"ReadAction\",\"target\":[\"https:\\\/\\\/rockers.de\\\/record\\\/the-waterboys-this-is-the-sea-lp-vinyl\\\/\"]}]},{\"@type\":\"ImageObject\",\"inLanguage\":\"en-US\",\"@id\":\"https:\\\/\\\/rockers.de\\\/record\\\/the-waterboys-this-is-the-sea-lp-vinyl\\\/#primaryimage\",\"url\":\"https:\\\/\\\/rockers.de\\\/wp-content\\\/uploads\\\/2026\\\/03\\\/The-Waterboys-This-Is-The-Sea-LP-Vinyl-1.jpg\",\"contentUrl\":\"https:\\\/\\\/rockers.de\\\/wp-content\\\/uploads\\\/2026\\\/03\\\/The-Waterboys-This-Is-The-Sea-LP-Vinyl-1.jpg\",\"width\":1800,\"height\":1859,\"caption\":\"The Waterboys \u2013 This Is The Sea-LP Vinyl\"},{\"@type\":\"BreadcrumbList\",\"@id\":\"https:\\\/\\\/rockers.de\\\/record\\\/the-waterboys-this-is-the-sea-lp-vinyl\\\/#breadcrumb\",\"itemListElement\":[{\"@type\":\"ListItem\",\"position\":1,\"name\":\"Startseite\",\"item\":\"https:\\\/\\\/rockers.de\\\/\"},{\"@type\":\"ListItem\",\"position\":2,\"name\":\"Shop\",\"item\":\"https:\\\/\\\/rockers.de\\\/shop\\\/\"},{\"@type\":\"ListItem\",\"position\":3,\"name\":\"The Waterboys \u2013 This Is The Sea-LP Vinyl\"}]},{\"@type\":\"WebSite\",\"@id\":\"https:\\\/\\\/rockers.de\\\/#website\",\"url\":\"https:\\\/\\\/rockers.de\\\/\",\"name\":\"Rockers Records\",\"description\":\"Dein Schallplatten Store in Hannover\",\"publisher\":{\"@id\":\"https:\\\/\\\/rockers.de\\\/#organization\"},\"potentialAction\":[{\"@type\":\"SearchAction\",\"target\":{\"@type\":\"EntryPoint\",\"urlTemplate\":\"https:\\\/\\\/rockers.de\\\/?s={search_term_string}\"},\"query-input\":{\"@type\":\"PropertyValueSpecification\",\"valueRequired\":true,\"valueName\":\"search_term_string\"}}],\"inLanguage\":\"en-US\"},{\"@type\":\"Organization\",\"@id\":\"https:\\\/\\\/rockers.de\\\/#organization\",\"name\":\"Rockers Records\",\"url\":\"https:\\\/\\\/rockers.de\\\/\",\"logo\":{\"@type\":\"ImageObject\",\"inLanguage\":\"en-US\",\"@id\":\"https:\\\/\\\/rockers.de\\\/#\\\/schema\\\/logo\\\/image\\\/\",\"url\":\"https:\\\/\\\/rockers.de\\\/wp-content\\\/uploads\\\/2022\\\/07\\\/Neue-Website-2022.jpg\",\"contentUrl\":\"https:\\\/\\\/rockers.de\\\/wp-content\\\/uploads\\\/2022\\\/07\\\/Neue-Website-2022.jpg\",\"width\":800,\"height\":800,\"caption\":\"Rockers Records\"},\"image\":{\"@id\":\"https:\\\/\\\/rockers.de\\\/#\\\/schema\\\/logo\\\/image\\\/\"}}]}<\/script>\n<!-- \/ Yoast SEO plugin. -->","yoast_head_json":{"title":"The Waterboys \u2013 This Is The Sea-LP Vinyl - Rockers Records","robots":{"index":"index","follow":"follow","max-snippet":"max-snippet:-1","max-image-preview":"max-image-preview:large","max-video-preview":"max-video-preview:-1"},"canonical":"https:\/\/rockers.de\/en\/record\/the-waterboys-this-is-the-sea-lp-vinyl\/","og_locale":"en_US","og_type":"article","og_title":"The Waterboys \u2013 This Is The Sea-LP Vinyl - Rockers Records","og_description":"Back cover: Recorded in England March-July 1985 at: Amazon, Park Gates, The Townhouse, Townhouse 3, Livingston 1 &amp; 2, The Workhouse, R.G. Jones, Power Plant, Seaview, The Chocolate Factory, Good Earth. Management: Gary Kurfirst, 1775 Broadway, New York, NY 10019. \u2117 &amp; \u00a9 1985 Original sound recording made by Ensign Records Ltd. Distributed by the Ariola Group Of Companies Printed in Western Germany by TOPAC, Gesellschaft f\u00fcr Tontr\u00e4ger-Verpackung mbH, G\u00fctersloh \u00b7 Imprim\u00e9 en R\u00e9publique F\u00e9d\u00e9rale d'Allemagne  Labels: \u2117 1985 Original sound recording made by Ensign Records Ltd. Ariola-Eurodisc GmbH, M\u00fcnchen  Runout grooves: Runouts are stamped except for the 2nd signature 'II' or 'III' which are etched roman numerals.  Included a black and white printed inner sleeve containing lyrics, credits and images. All tracks published by Dizzy Heights Music Publishing Ltd., A1 by Welk Music Ltd. additionally. The embossed 'bass clef' on label B side exist with one dot, two dots and without dots for this release.","og_url":"https:\/\/rockers.de\/en\/record\/the-waterboys-this-is-the-sea-lp-vinyl\/","og_site_name":"Rockers Records","article_modified_time":"2026-03-13T15:42:21+00:00","og_image":[{"width":1800,"height":1859,"url":"https:\/\/rockers.de\/wp-content\/uploads\/2026\/03\/The-Waterboys-This-Is-The-Sea-LP-Vinyl-1.jpg","type":"image\/jpeg"}],"twitter_card":"summary_large_image","twitter_misc":{"Est. reading time":"2 minutes"},"schema":{"@context":"https:\/\/schema.org","@graph":[{"@type":"WebPage","@id":"https:\/\/rockers.de\/record\/the-waterboys-this-is-the-sea-lp-vinyl\/","url":"https:\/\/rockers.de\/record\/the-waterboys-this-is-the-sea-lp-vinyl\/","name":"The Waterboys \u2013 This Is The Sea-LP Vinyl - Rockers Records","isPartOf":{"@id":"https:\/\/rockers.de\/#website"},"primaryImageOfPage":{"@id":"https:\/\/rockers.de\/record\/the-waterboys-this-is-the-sea-lp-vinyl\/#primaryimage"},"image":{"@id":"https:\/\/rockers.de\/record\/the-waterboys-this-is-the-sea-lp-vinyl\/#primaryimage"},"thumbnailUrl":"https:\/\/rockers.de\/wp-content\/uploads\/2026\/03\/The-Waterboys-This-Is-The-Sea-LP-Vinyl-1.jpg","datePublished":"2026-03-13T15:42:20+00:00","dateModified":"2026-03-13T15:42:21+00:00","breadcrumb":{"@id":"https:\/\/rockers.de\/record\/the-waterboys-this-is-the-sea-lp-vinyl\/#breadcrumb"},"inLanguage":"en-US","potentialAction":[{"@type":"ReadAction","target":["https:\/\/rockers.de\/record\/the-waterboys-this-is-the-sea-lp-vinyl\/"]}]},{"@type":"ImageObject","inLanguage":"en-US","@id":"https:\/\/rockers.de\/record\/the-waterboys-this-is-the-sea-lp-vinyl\/#primaryimage","url":"https:\/\/rockers.de\/wp-content\/uploads\/2026\/03\/The-Waterboys-This-Is-The-Sea-LP-Vinyl-1.jpg","contentUrl":"https:\/\/rockers.de\/wp-content\/uploads\/2026\/03\/The-Waterboys-This-Is-The-Sea-LP-Vinyl-1.jpg","width":1800,"height":1859,"caption":"The Waterboys \u2013 This Is The Sea-LP Vinyl"},{"@type":"BreadcrumbList","@id":"https:\/\/rockers.de\/record\/the-waterboys-this-is-the-sea-lp-vinyl\/#breadcrumb","itemListElement":[{"@type":"ListItem","position":1,"name":"Startseite","item":"https:\/\/rockers.de\/"},{"@type":"ListItem","position":2,"name":"Shop","item":"https:\/\/rockers.de\/shop\/"},{"@type":"ListItem","position":3,"name":"The Waterboys \u2013 This Is The Sea-LP Vinyl"}]},{"@type":"WebSite","@id":"https:\/\/rockers.de\/#website","url":"https:\/\/rockers.de\/","name":"Rockers Records","description":"Your record store in Hanover","publisher":{"@id":"https:\/\/rockers.de\/#organization"},"potentialAction":[{"@type":"SearchAction","target":{"@type":"EntryPoint","urlTemplate":"https:\/\/rockers.de\/?s={search_term_string}"},"query-input":{"@type":"PropertyValueSpecification","valueRequired":true,"valueName":"search_term_string"}}],"inLanguage":"en-US"},{"@type":"Organization","@id":"https:\/\/rockers.de\/#organization","name":"Rockers Records","url":"https:\/\/rockers.de\/","logo":{"@type":"ImageObject","inLanguage":"en-US","@id":"https:\/\/rockers.de\/#\/schema\/logo\/image\/","url":"https:\/\/rockers.de\/wp-content\/uploads\/2022\/07\/Neue-Website-2022.jpg","contentUrl":"https:\/\/rockers.de\/wp-content\/uploads\/2022\/07\/Neue-Website-2022.jpg","width":800,"height":800,"caption":"Rockers Records"},"image":{"@id":"https:\/\/rockers.de\/#\/schema\/logo\/image\/"}}]}},"_links":{"self":[{"href":"https:\/\/rockers.de\/en\/wp-json\/wp\/v2\/product\/178640","targetHints":{"allow":["GET"]}}],"collection":[{"href":"https:\/\/rockers.de\/en\/wp-json\/wp\/v2\/product"}],"about":[{"href":"https:\/\/rockers.de\/en\/wp-json\/wp\/v2\/types\/product"}],"wp:featuredmedia":[{"embeddable":true,"href":"https:\/\/rockers.de\/en\/wp-json\/wp\/v2\/media\/178643"}],"wp:attachment":[{"href":"https:\/\/rockers.de\/en\/wp-json\/wp\/v2\/media?parent=178640"}],"wp:term":[{"taxonomy":"product_brand","embeddable":true,"href":"https:\/\/rockers.de\/en\/wp-json\/wp\/v2\/product_brand?post=178640"},{"taxonomy":"product_cat","embeddable":true,"href":"https:\/\/rockers.de\/en\/wp-json\/wp\/v2\/product_cat?post=178640"},{"taxonomy":"product_tag","embeddable":true,"href":"https:\/\/rockers.de\/en\/wp-json\/wp\/v2\/product_tag?post=178640"}],"curies":[{"name":"wp","href":"https:\/\/api.w.org\/{rel}","templated":true}]}}