{"id":178397,"date":"2026-03-09T17:47:22","date_gmt":"2026-03-09T16:47:22","guid":{"rendered":"https:\/\/rockers.de\/?post_type=product&#038;p=178397"},"modified":"2026-04-02T17:42:35","modified_gmt":"2026-04-02T15:42:35","slug":"the-baboon-show-radio-rebelde-dark-burgundy-lp-vinyl","status":"publish","type":"product","link":"https:\/\/rockers.de\/en\/record\/the-baboon-show-radio-rebelde-dark-burgundy-lp-vinyl\/","title":{"rendered":"The Baboon Show-Radio Rebelde-dark burgundy LP Vinyl"},"content":{"rendered":"<p>Dark burgundy vinyl, with booklet.<\/p>","protected":false},"excerpt":{"rendered":"<p>First pressing on dark burgundy red vinyl, includes booklet and download code.<\/p>\n<p>Engineered, mixed and produced by Pelle Gunnerfeldt at Studio Ingrid, Stockholm, Except for War, engineered by H\u00e5kan S\u00f6rle and produced by The Baboon Show at Studio \u00c5rstaberg, Stockholm.<br \/>\nVocals engineered by H\u00e5kan S\u00f6rleat Studio \u00c5rstaberg, Stockholm.<\/p>\n<p>Runouts are etched.<\/p>","protected":false},"featured_media":178400,"template":"","meta":{"_acf_changed":false},"product_brand":[],"product_cat":[537],"product_tag":[],"class_list":{"0":"post-178397","1":"product","2":"type-product","3":"status-publish","4":"has-post-thumbnail","6":"product_cat-punk-international","7":"pa_att_artist-the-baboon-show","8":"pa_att_format-lp-vinyl","9":"pa_att_genre-punk-international","10":"pa_att_jahr-365","11":"pa_att_label-kidnap-music","12":"pa_att_land-germany","14":"first","15":"outofstock","16":"taxable","17":"shipping-taxable","18":"purchasable","19":"product-type-simple"},"acf":[],"yoast_head":"<!-- This site is optimized with the Yoast SEO plugin v27.3 - https:\/\/yoast.com\/product\/yoast-seo-wordpress\/ -->\n<title>The Baboon Show-Radio Rebelde-dark burgundy LP Vinyl - Rockers Records<\/title>\n<meta name=\"robots\" content=\"index, follow, max-snippet:-1, max-image-preview:large, max-video-preview:-1\" \/>\n<link rel=\"canonical\" href=\"https:\/\/rockers.de\/en\/record\/the-baboon-show-radio-rebelde-dark-burgundy-lp-vinyl\/\" \/>\n<meta property=\"og:locale\" content=\"en_US\" \/>\n<meta property=\"og:type\" content=\"article\" \/>\n<meta property=\"og:title\" content=\"The Baboon Show-Radio Rebelde-dark burgundy LP Vinyl - Rockers Records\" \/>\n<meta property=\"og:description\" content=\"First pressing on dark burgundy red vinyl, includes booklet and download code.  Engineered, mixed and produced by Pelle Gunnerfeldt at Studio Ingrid, Stockholm, Except for War, engineered by H\u00e5kan S\u00f6rle and produced by The Baboon Show at Studio \u00c5rstaberg, Stockholm. Vocals engineered by H\u00e5kan S\u00f6rleat Studio \u00c5rstaberg, Stockholm.  Runouts are etched.\" \/>\n<meta property=\"og:url\" content=\"https:\/\/rockers.de\/en\/record\/the-baboon-show-radio-rebelde-dark-burgundy-lp-vinyl\/\" \/>\n<meta property=\"og:site_name\" content=\"Rockers Records\" \/>\n<meta property=\"article:modified_time\" content=\"2026-04-02T15:42:35+00:00\" \/>\n<meta property=\"og:image\" content=\"https:\/\/rockers.de\/wp-content\/uploads\/2026\/03\/The-Baboon-Show-Radio-Rebelde-dark-burgundy-LP-Vinyl-1.jpg\" \/>\n\t<meta property=\"og:image:width\" content=\"1800\" \/>\n\t<meta property=\"og:image:height\" content=\"1859\" \/>\n\t<meta property=\"og:image:type\" content=\"image\/jpeg\" \/>\n<meta name=\"twitter:card\" content=\"summary_large_image\" \/>\n<meta name=\"twitter:label1\" content=\"Est. reading time\" \/>\n\t<meta name=\"twitter:data1\" content=\"1 minute\" \/>\n<script type=\"application\/ld+json\" class=\"yoast-schema-graph\">{\"@context\":\"https:\\\/\\\/schema.org\",\"@graph\":[{\"@type\":\"WebPage\",\"@id\":\"https:\\\/\\\/rockers.de\\\/record\\\/the-baboon-show-radio-rebelde-dark-burgundy-lp-vinyl\\\/\",\"url\":\"https:\\\/\\\/rockers.de\\\/record\\\/the-baboon-show-radio-rebelde-dark-burgundy-lp-vinyl\\\/\",\"name\":\"The Baboon Show-Radio Rebelde-dark burgundy LP Vinyl - Rockers Records\",\"isPartOf\":{\"@id\":\"https:\\\/\\\/rockers.de\\\/#website\"},\"primaryImageOfPage\":{\"@id\":\"https:\\\/\\\/rockers.de\\\/record\\\/the-baboon-show-radio-rebelde-dark-burgundy-lp-vinyl\\\/#primaryimage\"},\"image\":{\"@id\":\"https:\\\/\\\/rockers.de\\\/record\\\/the-baboon-show-radio-rebelde-dark-burgundy-lp-vinyl\\\/#primaryimage\"},\"thumbnailUrl\":\"https:\\\/\\\/rockers.de\\\/wp-content\\\/uploads\\\/2026\\\/03\\\/The-Baboon-Show-Radio-Rebelde-dark-burgundy-LP-Vinyl-1.jpg\",\"datePublished\":\"2026-03-09T16:47:22+00:00\",\"dateModified\":\"2026-04-02T15:42:35+00:00\",\"breadcrumb\":{\"@id\":\"https:\\\/\\\/rockers.de\\\/record\\\/the-baboon-show-radio-rebelde-dark-burgundy-lp-vinyl\\\/#breadcrumb\"},\"inLanguage\":\"en-US\",\"potentialAction\":[{\"@type\":\"ReadAction\",\"target\":[\"https:\\\/\\\/rockers.de\\\/record\\\/the-baboon-show-radio-rebelde-dark-burgundy-lp-vinyl\\\/\"]}]},{\"@type\":\"ImageObject\",\"inLanguage\":\"en-US\",\"@id\":\"https:\\\/\\\/rockers.de\\\/record\\\/the-baboon-show-radio-rebelde-dark-burgundy-lp-vinyl\\\/#primaryimage\",\"url\":\"https:\\\/\\\/rockers.de\\\/wp-content\\\/uploads\\\/2026\\\/03\\\/The-Baboon-Show-Radio-Rebelde-dark-burgundy-LP-Vinyl-1.jpg\",\"contentUrl\":\"https:\\\/\\\/rockers.de\\\/wp-content\\\/uploads\\\/2026\\\/03\\\/The-Baboon-Show-Radio-Rebelde-dark-burgundy-LP-Vinyl-1.jpg\",\"width\":1800,\"height\":1859,\"caption\":\"The Baboon Show-Radio Rebelde-dark burgundy LP Vinyl\"},{\"@type\":\"BreadcrumbList\",\"@id\":\"https:\\\/\\\/rockers.de\\\/record\\\/the-baboon-show-radio-rebelde-dark-burgundy-lp-vinyl\\\/#breadcrumb\",\"itemListElement\":[{\"@type\":\"ListItem\",\"position\":1,\"name\":\"Startseite\",\"item\":\"https:\\\/\\\/rockers.de\\\/\"},{\"@type\":\"ListItem\",\"position\":2,\"name\":\"Shop\",\"item\":\"https:\\\/\\\/rockers.de\\\/shop\\\/\"},{\"@type\":\"ListItem\",\"position\":3,\"name\":\"The Baboon Show-Radio Rebelde-dark burgundy LP Vinyl\"}]},{\"@type\":\"WebSite\",\"@id\":\"https:\\\/\\\/rockers.de\\\/#website\",\"url\":\"https:\\\/\\\/rockers.de\\\/\",\"name\":\"Rockers Records\",\"description\":\"Dein Schallplatten Store in Hannover\",\"publisher\":{\"@id\":\"https:\\\/\\\/rockers.de\\\/#organization\"},\"potentialAction\":[{\"@type\":\"SearchAction\",\"target\":{\"@type\":\"EntryPoint\",\"urlTemplate\":\"https:\\\/\\\/rockers.de\\\/?s={search_term_string}\"},\"query-input\":{\"@type\":\"PropertyValueSpecification\",\"valueRequired\":true,\"valueName\":\"search_term_string\"}}],\"inLanguage\":\"en-US\"},{\"@type\":\"Organization\",\"@id\":\"https:\\\/\\\/rockers.de\\\/#organization\",\"name\":\"Rockers Records\",\"url\":\"https:\\\/\\\/rockers.de\\\/\",\"logo\":{\"@type\":\"ImageObject\",\"inLanguage\":\"en-US\",\"@id\":\"https:\\\/\\\/rockers.de\\\/#\\\/schema\\\/logo\\\/image\\\/\",\"url\":\"https:\\\/\\\/rockers.de\\\/wp-content\\\/uploads\\\/2022\\\/07\\\/Neue-Website-2022.jpg\",\"contentUrl\":\"https:\\\/\\\/rockers.de\\\/wp-content\\\/uploads\\\/2022\\\/07\\\/Neue-Website-2022.jpg\",\"width\":800,\"height\":800,\"caption\":\"Rockers Records\"},\"image\":{\"@id\":\"https:\\\/\\\/rockers.de\\\/#\\\/schema\\\/logo\\\/image\\\/\"}}]}<\/script>\n<!-- \/ Yoast SEO plugin. -->","yoast_head_json":{"title":"The Baboon Show-Radio Rebelde-dark burgundy LP Vinyl - Rockers Records","robots":{"index":"index","follow":"follow","max-snippet":"max-snippet:-1","max-image-preview":"max-image-preview:large","max-video-preview":"max-video-preview:-1"},"canonical":"https:\/\/rockers.de\/en\/record\/the-baboon-show-radio-rebelde-dark-burgundy-lp-vinyl\/","og_locale":"en_US","og_type":"article","og_title":"The Baboon Show-Radio Rebelde-dark burgundy LP Vinyl - Rockers Records","og_description":"First pressing on dark burgundy red vinyl, includes booklet and download code.  Engineered, mixed and produced by Pelle Gunnerfeldt at Studio Ingrid, Stockholm, Except for War, engineered by H\u00e5kan S\u00f6rle and produced by The Baboon Show at Studio \u00c5rstaberg, Stockholm. Vocals engineered by H\u00e5kan S\u00f6rleat Studio \u00c5rstaberg, Stockholm.  Runouts are etched.","og_url":"https:\/\/rockers.de\/en\/record\/the-baboon-show-radio-rebelde-dark-burgundy-lp-vinyl\/","og_site_name":"Rockers Records","article_modified_time":"2026-04-02T15:42:35+00:00","og_image":[{"width":1800,"height":1859,"url":"https:\/\/rockers.de\/wp-content\/uploads\/2026\/03\/The-Baboon-Show-Radio-Rebelde-dark-burgundy-LP-Vinyl-1.jpg","type":"image\/jpeg"}],"twitter_card":"summary_large_image","twitter_misc":{"Est. reading time":"1 minute"},"schema":{"@context":"https:\/\/schema.org","@graph":[{"@type":"WebPage","@id":"https:\/\/rockers.de\/record\/the-baboon-show-radio-rebelde-dark-burgundy-lp-vinyl\/","url":"https:\/\/rockers.de\/record\/the-baboon-show-radio-rebelde-dark-burgundy-lp-vinyl\/","name":"The Baboon Show-Radio Rebelde-dark burgundy LP Vinyl - Rockers Records","isPartOf":{"@id":"https:\/\/rockers.de\/#website"},"primaryImageOfPage":{"@id":"https:\/\/rockers.de\/record\/the-baboon-show-radio-rebelde-dark-burgundy-lp-vinyl\/#primaryimage"},"image":{"@id":"https:\/\/rockers.de\/record\/the-baboon-show-radio-rebelde-dark-burgundy-lp-vinyl\/#primaryimage"},"thumbnailUrl":"https:\/\/rockers.de\/wp-content\/uploads\/2026\/03\/The-Baboon-Show-Radio-Rebelde-dark-burgundy-LP-Vinyl-1.jpg","datePublished":"2026-03-09T16:47:22+00:00","dateModified":"2026-04-02T15:42:35+00:00","breadcrumb":{"@id":"https:\/\/rockers.de\/record\/the-baboon-show-radio-rebelde-dark-burgundy-lp-vinyl\/#breadcrumb"},"inLanguage":"en-US","potentialAction":[{"@type":"ReadAction","target":["https:\/\/rockers.de\/record\/the-baboon-show-radio-rebelde-dark-burgundy-lp-vinyl\/"]}]},{"@type":"ImageObject","inLanguage":"en-US","@id":"https:\/\/rockers.de\/record\/the-baboon-show-radio-rebelde-dark-burgundy-lp-vinyl\/#primaryimage","url":"https:\/\/rockers.de\/wp-content\/uploads\/2026\/03\/The-Baboon-Show-Radio-Rebelde-dark-burgundy-LP-Vinyl-1.jpg","contentUrl":"https:\/\/rockers.de\/wp-content\/uploads\/2026\/03\/The-Baboon-Show-Radio-Rebelde-dark-burgundy-LP-Vinyl-1.jpg","width":1800,"height":1859,"caption":"The Baboon Show-Radio Rebelde-dark burgundy LP Vinyl"},{"@type":"BreadcrumbList","@id":"https:\/\/rockers.de\/record\/the-baboon-show-radio-rebelde-dark-burgundy-lp-vinyl\/#breadcrumb","itemListElement":[{"@type":"ListItem","position":1,"name":"Startseite","item":"https:\/\/rockers.de\/"},{"@type":"ListItem","position":2,"name":"Shop","item":"https:\/\/rockers.de\/shop\/"},{"@type":"ListItem","position":3,"name":"The Baboon Show-Radio Rebelde-dark burgundy LP Vinyl"}]},{"@type":"WebSite","@id":"https:\/\/rockers.de\/#website","url":"https:\/\/rockers.de\/","name":"Rockers Records","description":"Your record store in Hanover","publisher":{"@id":"https:\/\/rockers.de\/#organization"},"potentialAction":[{"@type":"SearchAction","target":{"@type":"EntryPoint","urlTemplate":"https:\/\/rockers.de\/?s={search_term_string}"},"query-input":{"@type":"PropertyValueSpecification","valueRequired":true,"valueName":"search_term_string"}}],"inLanguage":"en-US"},{"@type":"Organization","@id":"https:\/\/rockers.de\/#organization","name":"Rockers Records","url":"https:\/\/rockers.de\/","logo":{"@type":"ImageObject","inLanguage":"en-US","@id":"https:\/\/rockers.de\/#\/schema\/logo\/image\/","url":"https:\/\/rockers.de\/wp-content\/uploads\/2022\/07\/Neue-Website-2022.jpg","contentUrl":"https:\/\/rockers.de\/wp-content\/uploads\/2022\/07\/Neue-Website-2022.jpg","width":800,"height":800,"caption":"Rockers Records"},"image":{"@id":"https:\/\/rockers.de\/#\/schema\/logo\/image\/"}}]}},"_links":{"self":[{"href":"https:\/\/rockers.de\/en\/wp-json\/wp\/v2\/product\/178397","targetHints":{"allow":["GET"]}}],"collection":[{"href":"https:\/\/rockers.de\/en\/wp-json\/wp\/v2\/product"}],"about":[{"href":"https:\/\/rockers.de\/en\/wp-json\/wp\/v2\/types\/product"}],"wp:featuredmedia":[{"embeddable":true,"href":"https:\/\/rockers.de\/en\/wp-json\/wp\/v2\/media\/178400"}],"wp:attachment":[{"href":"https:\/\/rockers.de\/en\/wp-json\/wp\/v2\/media?parent=178397"}],"wp:term":[{"taxonomy":"product_brand","embeddable":true,"href":"https:\/\/rockers.de\/en\/wp-json\/wp\/v2\/product_brand?post=178397"},{"taxonomy":"product_cat","embeddable":true,"href":"https:\/\/rockers.de\/en\/wp-json\/wp\/v2\/product_cat?post=178397"},{"taxonomy":"product_tag","embeddable":true,"href":"https:\/\/rockers.de\/en\/wp-json\/wp\/v2\/product_tag?post=178397"}],"curies":[{"name":"wp","href":"https:\/\/api.w.org\/{rel}","templated":true}]}}