{"id":178207,"date":"2026-03-04T15:23:16","date_gmt":"2026-03-04T14:23:16","guid":{"rendered":"https:\/\/rockers.de\/?post_type=product&#038;p=178207"},"modified":"2026-03-04T15:23:16","modified_gmt":"2026-03-04T14:23:16","slug":"warvictims-vaerldsherravaelde-12-vinyl","status":"publish","type":"product","link":"https:\/\/rockers.de\/en\/record\/warvictims-vaerldsherravaelde-12-vinyl\/","title":{"rendered":"Warvictims-V\u00e4rldsherrav\u00e4lde-12 Vinyl"},"content":{"rendered":"<p>Drums, bass, guitars and backing vocals recorded at Empire Studio, Fr\u00f6s\u00f6n, Sweden, February 2014.<\/p>\n<p>Lead vocals and guitar solo recorded at Communichaos Media Clay Station, Str\u00e4ngn\u00e4s, Sweden, November 2016.<\/p>\n<p>Catalog number on the spine: NUCLEAR-24<br \/>\nCatalog number on vinyl labels and inside jacket: NUCLEAR &#8211; 24<\/p>\n<p>\u00a9 &amp; \u2117 2017 Nuclear Fear Records<\/p>\n<p>500 copies pressed. Includes a poster.<\/p>\n<p>Manufactured in Spain, Europe.<\/p>\n<p>Pressing plant uncredited, identified by the matrix numbers.<\/p>","protected":false},"excerpt":{"rendered":"<p>Drums, bass, guitars and backing vocals recorded at Empire Studio, Fr\u00f6s\u00f6n, Sweden, February 2014.<\/p>\n<p>Lead vocals and guitar solo recorded at Communichaos Media Clay Station, Str\u00e4ngn\u00e4s, Sweden, November 2016.<\/p>\n<p>Catalog number on the spine: NUCLEAR-24<br \/>\nCatalog number on vinyl labels and inside jacket: NUCLEAR &#8211; 24<\/p>\n<p>\u00a9 &amp; \u2117 2017 Nuclear Fear Records<\/p>\n<p>500 copies pressed. Includes a poster.<\/p>\n<p>Manufactured in Spain, Europe.<\/p>\n<p>Pressing plant uncredited, identified by the matrix numbers.<\/p>","protected":false},"featured_media":178209,"template":"","meta":{"_acf_changed":false},"product_brand":[],"product_cat":[17745,537],"product_tag":[],"class_list":{"0":"post-178207","1":"product","2":"type-product","3":"status-publish","4":"has-post-thumbnail","6":"product_cat-crust","7":"product_cat-punk-international","8":"pa_att_artist-warvictims","9":"pa_att_format-12-vinyl","10":"pa_att_genre-punk-international","11":"pa_att_jahr-86","12":"pa_att_label-nuclear-fear-records","13":"pa_att_land-europe","15":"first","16":"instock","17":"taxable","18":"shipping-taxable","19":"purchasable","20":"product-type-simple"},"acf":[],"yoast_head":"<!-- This site is optimized with the Yoast SEO plugin v27.3 - https:\/\/yoast.com\/product\/yoast-seo-wordpress\/ -->\n<title>Warvictims-V\u00e4rldsherrav\u00e4lde-12 Vinyl - Rockers Records<\/title>\n<meta name=\"robots\" content=\"index, follow, max-snippet:-1, max-image-preview:large, max-video-preview:-1\" \/>\n<link rel=\"canonical\" href=\"https:\/\/rockers.de\/en\/record\/warvictims-vaerldsherravaelde-12-vinyl\/\" \/>\n<meta property=\"og:locale\" content=\"en_US\" \/>\n<meta property=\"og:type\" content=\"article\" \/>\n<meta property=\"og:title\" content=\"Warvictims-V\u00e4rldsherrav\u00e4lde-12 Vinyl - Rockers Records\" \/>\n<meta property=\"og:description\" content=\"Drums, bass, guitars and backing vocals recorded at Empire Studio, Fr\u00f6s\u00f6n, Sweden, February 2014.  Lead vocals and guitar solo recorded at Communichaos Media Clay Station, Str\u00e4ngn\u00e4s, Sweden, November 2016.  Catalog number on the spine: NUCLEAR-24 Catalog number on vinyl labels and inside jacket: NUCLEAR - 24  \u00a9 &amp; \u2117 2017 Nuclear Fear Records  500 copies pressed. Includes a poster.  Manufactured in Spain, Europe.  Pressing plant uncredited, identified by the matrix numbers.\" \/>\n<meta property=\"og:url\" content=\"https:\/\/rockers.de\/en\/record\/warvictims-vaerldsherravaelde-12-vinyl\/\" \/>\n<meta property=\"og:site_name\" content=\"Rockers Records\" \/>\n<meta property=\"og:image\" content=\"https:\/\/rockers.de\/wp-content\/uploads\/2026\/03\/Warvictims-Vaerldsherravaelde-12-Vinyl-1.jpg\" \/>\n\t<meta property=\"og:image:width\" content=\"1800\" \/>\n\t<meta property=\"og:image:height\" content=\"1859\" \/>\n\t<meta property=\"og:image:type\" content=\"image\/jpeg\" \/>\n<meta name=\"twitter:card\" content=\"summary_large_image\" \/>\n<meta name=\"twitter:label1\" content=\"Est. reading time\" \/>\n\t<meta name=\"twitter:data1\" content=\"1 minute\" \/>\n<script type=\"application\/ld+json\" class=\"yoast-schema-graph\">{\"@context\":\"https:\\\/\\\/schema.org\",\"@graph\":[{\"@type\":\"WebPage\",\"@id\":\"https:\\\/\\\/rockers.de\\\/record\\\/warvictims-vaerldsherravaelde-12-vinyl\\\/\",\"url\":\"https:\\\/\\\/rockers.de\\\/record\\\/warvictims-vaerldsherravaelde-12-vinyl\\\/\",\"name\":\"Warvictims-V\u00e4rldsherrav\u00e4lde-12 Vinyl - Rockers Records\",\"isPartOf\":{\"@id\":\"https:\\\/\\\/rockers.de\\\/#website\"},\"primaryImageOfPage\":{\"@id\":\"https:\\\/\\\/rockers.de\\\/record\\\/warvictims-vaerldsherravaelde-12-vinyl\\\/#primaryimage\"},\"image\":{\"@id\":\"https:\\\/\\\/rockers.de\\\/record\\\/warvictims-vaerldsherravaelde-12-vinyl\\\/#primaryimage\"},\"thumbnailUrl\":\"https:\\\/\\\/rockers.de\\\/wp-content\\\/uploads\\\/2026\\\/03\\\/Warvictims-Vaerldsherravaelde-12-Vinyl-1.jpg\",\"datePublished\":\"2026-03-04T14:23:16+00:00\",\"breadcrumb\":{\"@id\":\"https:\\\/\\\/rockers.de\\\/record\\\/warvictims-vaerldsherravaelde-12-vinyl\\\/#breadcrumb\"},\"inLanguage\":\"en-US\",\"potentialAction\":[{\"@type\":\"ReadAction\",\"target\":[\"https:\\\/\\\/rockers.de\\\/record\\\/warvictims-vaerldsherravaelde-12-vinyl\\\/\"]}]},{\"@type\":\"ImageObject\",\"inLanguage\":\"en-US\",\"@id\":\"https:\\\/\\\/rockers.de\\\/record\\\/warvictims-vaerldsherravaelde-12-vinyl\\\/#primaryimage\",\"url\":\"https:\\\/\\\/rockers.de\\\/wp-content\\\/uploads\\\/2026\\\/03\\\/Warvictims-Vaerldsherravaelde-12-Vinyl-1.jpg\",\"contentUrl\":\"https:\\\/\\\/rockers.de\\\/wp-content\\\/uploads\\\/2026\\\/03\\\/Warvictims-Vaerldsherravaelde-12-Vinyl-1.jpg\",\"width\":1800,\"height\":1859,\"caption\":\"Warvictims-V\u00e4rldsherrav\u00e4lde-12 Vinyl\"},{\"@type\":\"BreadcrumbList\",\"@id\":\"https:\\\/\\\/rockers.de\\\/record\\\/warvictims-vaerldsherravaelde-12-vinyl\\\/#breadcrumb\",\"itemListElement\":[{\"@type\":\"ListItem\",\"position\":1,\"name\":\"Startseite\",\"item\":\"https:\\\/\\\/rockers.de\\\/\"},{\"@type\":\"ListItem\",\"position\":2,\"name\":\"Shop\",\"item\":\"https:\\\/\\\/rockers.de\\\/shop\\\/\"},{\"@type\":\"ListItem\",\"position\":3,\"name\":\"Warvictims-V\u00e4rldsherrav\u00e4lde-12 Vinyl\"}]},{\"@type\":\"WebSite\",\"@id\":\"https:\\\/\\\/rockers.de\\\/#website\",\"url\":\"https:\\\/\\\/rockers.de\\\/\",\"name\":\"Rockers Records\",\"description\":\"Dein Schallplatten Store in Hannover\",\"publisher\":{\"@id\":\"https:\\\/\\\/rockers.de\\\/#organization\"},\"potentialAction\":[{\"@type\":\"SearchAction\",\"target\":{\"@type\":\"EntryPoint\",\"urlTemplate\":\"https:\\\/\\\/rockers.de\\\/?s={search_term_string}\"},\"query-input\":{\"@type\":\"PropertyValueSpecification\",\"valueRequired\":true,\"valueName\":\"search_term_string\"}}],\"inLanguage\":\"en-US\"},{\"@type\":\"Organization\",\"@id\":\"https:\\\/\\\/rockers.de\\\/#organization\",\"name\":\"Rockers Records\",\"url\":\"https:\\\/\\\/rockers.de\\\/\",\"logo\":{\"@type\":\"ImageObject\",\"inLanguage\":\"en-US\",\"@id\":\"https:\\\/\\\/rockers.de\\\/#\\\/schema\\\/logo\\\/image\\\/\",\"url\":\"https:\\\/\\\/rockers.de\\\/wp-content\\\/uploads\\\/2022\\\/07\\\/Neue-Website-2022.jpg\",\"contentUrl\":\"https:\\\/\\\/rockers.de\\\/wp-content\\\/uploads\\\/2022\\\/07\\\/Neue-Website-2022.jpg\",\"width\":800,\"height\":800,\"caption\":\"Rockers Records\"},\"image\":{\"@id\":\"https:\\\/\\\/rockers.de\\\/#\\\/schema\\\/logo\\\/image\\\/\"}}]}<\/script>\n<!-- \/ Yoast SEO plugin. -->","yoast_head_json":{"title":"Warvictims-V\u00e4rldsherrav\u00e4lde-12 Vinyl - Rockers Records","robots":{"index":"index","follow":"follow","max-snippet":"max-snippet:-1","max-image-preview":"max-image-preview:large","max-video-preview":"max-video-preview:-1"},"canonical":"https:\/\/rockers.de\/en\/record\/warvictims-vaerldsherravaelde-12-vinyl\/","og_locale":"en_US","og_type":"article","og_title":"Warvictims-V\u00e4rldsherrav\u00e4lde-12 Vinyl - Rockers Records","og_description":"Drums, bass, guitars and backing vocals recorded at Empire Studio, Fr\u00f6s\u00f6n, Sweden, February 2014.  Lead vocals and guitar solo recorded at Communichaos Media Clay Station, Str\u00e4ngn\u00e4s, Sweden, November 2016.  Catalog number on the spine: NUCLEAR-24 Catalog number on vinyl labels and inside jacket: NUCLEAR - 24  \u00a9 &amp; \u2117 2017 Nuclear Fear Records  500 copies pressed. Includes a poster.  Manufactured in Spain, Europe.  Pressing plant uncredited, identified by the matrix numbers.","og_url":"https:\/\/rockers.de\/en\/record\/warvictims-vaerldsherravaelde-12-vinyl\/","og_site_name":"Rockers Records","og_image":[{"width":1800,"height":1859,"url":"https:\/\/rockers.de\/wp-content\/uploads\/2026\/03\/Warvictims-Vaerldsherravaelde-12-Vinyl-1.jpg","type":"image\/jpeg"}],"twitter_card":"summary_large_image","twitter_misc":{"Est. reading time":"1 minute"},"schema":{"@context":"https:\/\/schema.org","@graph":[{"@type":"WebPage","@id":"https:\/\/rockers.de\/record\/warvictims-vaerldsherravaelde-12-vinyl\/","url":"https:\/\/rockers.de\/record\/warvictims-vaerldsherravaelde-12-vinyl\/","name":"Warvictims-V\u00e4rldsherrav\u00e4lde-12 Vinyl - Rockers Records","isPartOf":{"@id":"https:\/\/rockers.de\/#website"},"primaryImageOfPage":{"@id":"https:\/\/rockers.de\/record\/warvictims-vaerldsherravaelde-12-vinyl\/#primaryimage"},"image":{"@id":"https:\/\/rockers.de\/record\/warvictims-vaerldsherravaelde-12-vinyl\/#primaryimage"},"thumbnailUrl":"https:\/\/rockers.de\/wp-content\/uploads\/2026\/03\/Warvictims-Vaerldsherravaelde-12-Vinyl-1.jpg","datePublished":"2026-03-04T14:23:16+00:00","breadcrumb":{"@id":"https:\/\/rockers.de\/record\/warvictims-vaerldsherravaelde-12-vinyl\/#breadcrumb"},"inLanguage":"en-US","potentialAction":[{"@type":"ReadAction","target":["https:\/\/rockers.de\/record\/warvictims-vaerldsherravaelde-12-vinyl\/"]}]},{"@type":"ImageObject","inLanguage":"en-US","@id":"https:\/\/rockers.de\/record\/warvictims-vaerldsherravaelde-12-vinyl\/#primaryimage","url":"https:\/\/rockers.de\/wp-content\/uploads\/2026\/03\/Warvictims-Vaerldsherravaelde-12-Vinyl-1.jpg","contentUrl":"https:\/\/rockers.de\/wp-content\/uploads\/2026\/03\/Warvictims-Vaerldsherravaelde-12-Vinyl-1.jpg","width":1800,"height":1859,"caption":"Warvictims-V\u00e4rldsherrav\u00e4lde-12 Vinyl"},{"@type":"BreadcrumbList","@id":"https:\/\/rockers.de\/record\/warvictims-vaerldsherravaelde-12-vinyl\/#breadcrumb","itemListElement":[{"@type":"ListItem","position":1,"name":"Startseite","item":"https:\/\/rockers.de\/"},{"@type":"ListItem","position":2,"name":"Shop","item":"https:\/\/rockers.de\/shop\/"},{"@type":"ListItem","position":3,"name":"Warvictims-V\u00e4rldsherrav\u00e4lde-12 Vinyl"}]},{"@type":"WebSite","@id":"https:\/\/rockers.de\/#website","url":"https:\/\/rockers.de\/","name":"Rockers Records","description":"Your record store in Hanover","publisher":{"@id":"https:\/\/rockers.de\/#organization"},"potentialAction":[{"@type":"SearchAction","target":{"@type":"EntryPoint","urlTemplate":"https:\/\/rockers.de\/?s={search_term_string}"},"query-input":{"@type":"PropertyValueSpecification","valueRequired":true,"valueName":"search_term_string"}}],"inLanguage":"en-US"},{"@type":"Organization","@id":"https:\/\/rockers.de\/#organization","name":"Rockers Records","url":"https:\/\/rockers.de\/","logo":{"@type":"ImageObject","inLanguage":"en-US","@id":"https:\/\/rockers.de\/#\/schema\/logo\/image\/","url":"https:\/\/rockers.de\/wp-content\/uploads\/2022\/07\/Neue-Website-2022.jpg","contentUrl":"https:\/\/rockers.de\/wp-content\/uploads\/2022\/07\/Neue-Website-2022.jpg","width":800,"height":800,"caption":"Rockers Records"},"image":{"@id":"https:\/\/rockers.de\/#\/schema\/logo\/image\/"}}]}},"_links":{"self":[{"href":"https:\/\/rockers.de\/en\/wp-json\/wp\/v2\/product\/178207","targetHints":{"allow":["GET"]}}],"collection":[{"href":"https:\/\/rockers.de\/en\/wp-json\/wp\/v2\/product"}],"about":[{"href":"https:\/\/rockers.de\/en\/wp-json\/wp\/v2\/types\/product"}],"wp:featuredmedia":[{"embeddable":true,"href":"https:\/\/rockers.de\/en\/wp-json\/wp\/v2\/media\/178209"}],"wp:attachment":[{"href":"https:\/\/rockers.de\/en\/wp-json\/wp\/v2\/media?parent=178207"}],"wp:term":[{"taxonomy":"product_brand","embeddable":true,"href":"https:\/\/rockers.de\/en\/wp-json\/wp\/v2\/product_brand?post=178207"},{"taxonomy":"product_cat","embeddable":true,"href":"https:\/\/rockers.de\/en\/wp-json\/wp\/v2\/product_cat?post=178207"},{"taxonomy":"product_tag","embeddable":true,"href":"https:\/\/rockers.de\/en\/wp-json\/wp\/v2\/product_tag?post=178207"}],"curies":[{"name":"wp","href":"https:\/\/api.w.org\/{rel}","templated":true}]}}