{"id":175909,"date":"2026-01-27T10:26:22","date_gmt":"2026-01-27T09:26:22","guid":{"rendered":"https:\/\/rockers.de\/?post_type=product&#038;p=175909"},"modified":"2026-02-19T09:20:02","modified_gmt":"2026-02-19T08:20:02","slug":"hvide-sande-gerda-und-rudi-das-beste-bisher-cd","status":"publish","type":"product","link":"https:\/\/rockers.de\/en\/record\/hvide-sande-gerda-und-rudi-das-beste-bisher-cd\/","title":{"rendered":"Hvide Sande-Gerda und Rudi [das Beste bisher]-CD"},"content":{"rendered":"<p>HVIDE Sande Programm 80-83<\/p>\n<p>Additional track infos:<\/p>\n<p>1. Februar \/ M\u00e4rz 1982<br \/>\n2. 18.06.1983<br \/>\n3. Februar \/ M\u00e4rz 1982<br \/>\n4. Februar \/ M\u00e4rz 1982<br \/>\n5. Fr\u00fchjahr 1980<br \/>\n6. Sommer 1982<br \/>\n7. Sommer 1982<br \/>\n8. M\u00e4rz 1982<br \/>\n9. Februar \/ M\u00e4rz 1982<br \/>\n10. 18.06.1983<br \/>\n11. Sommer 1982<br \/>\n12. Herbst 1982<br \/>\n13. Fr\u00fchjahr 1980<br \/>\n14. 14.11.1981<br \/>\n15. 06.06.1983<br \/>\n16. Februar \/ M\u00e4rz 1982<br \/>\n17. Sommer 1981<\/p>\n<p>The copyright in this recording is owned by HVIDE Sande<br \/>\n\u2117 1998 Blau im Auge<br \/>\n\u00a9 1998 HVIDE Sande<\/p>","protected":false},"excerpt":{"rendered":"<p>HVIDE Sande Programm 80-83<\/p>\n<p>Additional track infos:<\/p>\n<p>1. Februar \/ M\u00e4rz 1982<br \/>\n2. 18.06.1983<br \/>\n3. Februar \/ M\u00e4rz 1982<br \/>\n4. Februar \/ M\u00e4rz 1982<br \/>\n5. Fr\u00fchjahr 1980<br \/>\n6. Sommer 1982<br \/>\n7. Sommer 1982<br \/>\n8. M\u00e4rz 1982<br \/>\n9. Februar \/ M\u00e4rz 1982<br \/>\n10. 18.06.1983<br \/>\n11. Sommer 1982<br \/>\n12. Herbst 1982<br \/>\n13. Fr\u00fchjahr 1980<br \/>\n14. 14.11.1981<br \/>\n15. 06.06.1983<br \/>\n16. Februar \/ M\u00e4rz 1982<br \/>\n17. Sommer 1981<\/p>\n<p>The copyright in this recording is owned by HVIDE Sande<br \/>\n\u2117 1998 Blau im Auge<br \/>\n\u00a9 1998 HVIDE Sande<\/p>","protected":false},"featured_media":175911,"template":"","meta":{"_acf_changed":false},"product_brand":[],"product_cat":[175],"product_tag":[],"class_list":{"0":"post-175909","1":"product","2":"type-product","3":"status-publish","4":"has-post-thumbnail","6":"product_cat-rock","7":"pa_att_artist-hvide-sande","8":"pa_att_format-cd","9":"pa_att_genre-rock","10":"pa_att_jahr-207","11":"pa_att_label-not-on-label","12":"pa_att_land-germany","14":"first","15":"outofstock","16":"taxable","17":"shipping-taxable","18":"purchasable","19":"product-type-simple"},"acf":[],"yoast_head":"<!-- This site is optimized with the Yoast SEO plugin v27.3 - https:\/\/yoast.com\/product\/yoast-seo-wordpress\/ -->\n<title>Hvide Sande-Gerda und Rudi [das Beste bisher]-CD - Rockers Records<\/title>\n<meta name=\"robots\" content=\"index, follow, max-snippet:-1, max-image-preview:large, max-video-preview:-1\" \/>\n<link rel=\"canonical\" href=\"https:\/\/rockers.de\/en\/record\/hvide-sande-gerda-und-rudi-das-beste-bisher-cd\/\" \/>\n<meta property=\"og:locale\" content=\"en_US\" \/>\n<meta property=\"og:type\" content=\"article\" \/>\n<meta property=\"og:title\" content=\"Hvide Sande-Gerda und Rudi [das Beste bisher]-CD - Rockers Records\" \/>\n<meta property=\"og:description\" content=\"HVIDE Sande Programm 80-83  Additional track infos:  1. Februar \/ M\u00e4rz 1982 2. 18.06.1983 3. Februar \/ M\u00e4rz 1982 4. Februar \/ M\u00e4rz 1982 5. Fr\u00fchjahr 1980 6. Sommer 1982 7. Sommer 1982 8. M\u00e4rz 1982 9. Februar \/ M\u00e4rz 1982 10. 18.06.1983 11. Sommer 1982 12. Herbst 1982 13. Fr\u00fchjahr 1980 14. 14.11.1981 15. 06.06.1983 16. Februar \/ M\u00e4rz 1982 17. Sommer 1981  The copyright in this recording is owned by HVIDE Sande \u2117 1998 Blau im Auge \u00a9 1998 HVIDE Sande\" \/>\n<meta property=\"og:url\" content=\"https:\/\/rockers.de\/en\/record\/hvide-sande-gerda-und-rudi-das-beste-bisher-cd\/\" \/>\n<meta property=\"og:site_name\" content=\"Rockers Records\" \/>\n<meta property=\"article:modified_time\" content=\"2026-02-19T08:20:02+00:00\" \/>\n<meta property=\"og:image\" content=\"https:\/\/rockers.de\/wp-content\/uploads\/2026\/01\/Hvide-Sande-Gerda-und-Rudi-das-Beste-bisher-CD-1.jpg\" \/>\n\t<meta property=\"og:image:width\" content=\"854\" \/>\n\t<meta property=\"og:image:height\" content=\"741\" \/>\n\t<meta property=\"og:image:type\" content=\"image\/jpeg\" \/>\n<meta name=\"twitter:card\" content=\"summary_large_image\" \/>\n<meta name=\"twitter:label1\" content=\"Est. reading time\" \/>\n\t<meta name=\"twitter:data1\" content=\"1 minute\" \/>\n<script type=\"application\/ld+json\" class=\"yoast-schema-graph\">{\"@context\":\"https:\\\/\\\/schema.org\",\"@graph\":[{\"@type\":\"WebPage\",\"@id\":\"https:\\\/\\\/rockers.de\\\/record\\\/hvide-sande-gerda-und-rudi-das-beste-bisher-cd\\\/\",\"url\":\"https:\\\/\\\/rockers.de\\\/record\\\/hvide-sande-gerda-und-rudi-das-beste-bisher-cd\\\/\",\"name\":\"Hvide Sande-Gerda und Rudi [das Beste bisher]-CD - Rockers Records\",\"isPartOf\":{\"@id\":\"https:\\\/\\\/rockers.de\\\/#website\"},\"primaryImageOfPage\":{\"@id\":\"https:\\\/\\\/rockers.de\\\/record\\\/hvide-sande-gerda-und-rudi-das-beste-bisher-cd\\\/#primaryimage\"},\"image\":{\"@id\":\"https:\\\/\\\/rockers.de\\\/record\\\/hvide-sande-gerda-und-rudi-das-beste-bisher-cd\\\/#primaryimage\"},\"thumbnailUrl\":\"https:\\\/\\\/rockers.de\\\/wp-content\\\/uploads\\\/2026\\\/01\\\/Hvide-Sande-Gerda-und-Rudi-das-Beste-bisher-CD-1.jpg\",\"datePublished\":\"2026-01-27T09:26:22+00:00\",\"dateModified\":\"2026-02-19T08:20:02+00:00\",\"breadcrumb\":{\"@id\":\"https:\\\/\\\/rockers.de\\\/record\\\/hvide-sande-gerda-und-rudi-das-beste-bisher-cd\\\/#breadcrumb\"},\"inLanguage\":\"en-US\",\"potentialAction\":[{\"@type\":\"ReadAction\",\"target\":[\"https:\\\/\\\/rockers.de\\\/record\\\/hvide-sande-gerda-und-rudi-das-beste-bisher-cd\\\/\"]}]},{\"@type\":\"ImageObject\",\"inLanguage\":\"en-US\",\"@id\":\"https:\\\/\\\/rockers.de\\\/record\\\/hvide-sande-gerda-und-rudi-das-beste-bisher-cd\\\/#primaryimage\",\"url\":\"https:\\\/\\\/rockers.de\\\/wp-content\\\/uploads\\\/2026\\\/01\\\/Hvide-Sande-Gerda-und-Rudi-das-Beste-bisher-CD-1.jpg\",\"contentUrl\":\"https:\\\/\\\/rockers.de\\\/wp-content\\\/uploads\\\/2026\\\/01\\\/Hvide-Sande-Gerda-und-Rudi-das-Beste-bisher-CD-1.jpg\",\"width\":854,\"height\":741,\"caption\":\"Hvide Sande-Gerda und Rudi [das Beste bisher]-CD\"},{\"@type\":\"BreadcrumbList\",\"@id\":\"https:\\\/\\\/rockers.de\\\/record\\\/hvide-sande-gerda-und-rudi-das-beste-bisher-cd\\\/#breadcrumb\",\"itemListElement\":[{\"@type\":\"ListItem\",\"position\":1,\"name\":\"Startseite\",\"item\":\"https:\\\/\\\/rockers.de\\\/\"},{\"@type\":\"ListItem\",\"position\":2,\"name\":\"Shop\",\"item\":\"https:\\\/\\\/rockers.de\\\/shop\\\/\"},{\"@type\":\"ListItem\",\"position\":3,\"name\":\"Hvide Sande-Gerda und Rudi [das Beste bisher]-CD\"}]},{\"@type\":\"WebSite\",\"@id\":\"https:\\\/\\\/rockers.de\\\/#website\",\"url\":\"https:\\\/\\\/rockers.de\\\/\",\"name\":\"Rockers Records\",\"description\":\"Dein Schallplatten Store in Hannover\",\"publisher\":{\"@id\":\"https:\\\/\\\/rockers.de\\\/#organization\"},\"potentialAction\":[{\"@type\":\"SearchAction\",\"target\":{\"@type\":\"EntryPoint\",\"urlTemplate\":\"https:\\\/\\\/rockers.de\\\/?s={search_term_string}\"},\"query-input\":{\"@type\":\"PropertyValueSpecification\",\"valueRequired\":true,\"valueName\":\"search_term_string\"}}],\"inLanguage\":\"en-US\"},{\"@type\":\"Organization\",\"@id\":\"https:\\\/\\\/rockers.de\\\/#organization\",\"name\":\"Rockers Records\",\"url\":\"https:\\\/\\\/rockers.de\\\/\",\"logo\":{\"@type\":\"ImageObject\",\"inLanguage\":\"en-US\",\"@id\":\"https:\\\/\\\/rockers.de\\\/#\\\/schema\\\/logo\\\/image\\\/\",\"url\":\"https:\\\/\\\/rockers.de\\\/wp-content\\\/uploads\\\/2022\\\/07\\\/Neue-Website-2022.jpg\",\"contentUrl\":\"https:\\\/\\\/rockers.de\\\/wp-content\\\/uploads\\\/2022\\\/07\\\/Neue-Website-2022.jpg\",\"width\":800,\"height\":800,\"caption\":\"Rockers Records\"},\"image\":{\"@id\":\"https:\\\/\\\/rockers.de\\\/#\\\/schema\\\/logo\\\/image\\\/\"}}]}<\/script>\n<!-- \/ Yoast SEO plugin. -->","yoast_head_json":{"title":"Hvide Sande-Gerda und Rudi [das Beste bisher]-CD - Rockers Records","robots":{"index":"index","follow":"follow","max-snippet":"max-snippet:-1","max-image-preview":"max-image-preview:large","max-video-preview":"max-video-preview:-1"},"canonical":"https:\/\/rockers.de\/en\/record\/hvide-sande-gerda-und-rudi-das-beste-bisher-cd\/","og_locale":"en_US","og_type":"article","og_title":"Hvide Sande-Gerda und Rudi [das Beste bisher]-CD - Rockers Records","og_description":"HVIDE Sande Programm 80-83  Additional track infos:  1. Februar \/ M\u00e4rz 1982 2. 18.06.1983 3. Februar \/ M\u00e4rz 1982 4. Februar \/ M\u00e4rz 1982 5. Fr\u00fchjahr 1980 6. Sommer 1982 7. Sommer 1982 8. M\u00e4rz 1982 9. Februar \/ M\u00e4rz 1982 10. 18.06.1983 11. Sommer 1982 12. Herbst 1982 13. Fr\u00fchjahr 1980 14. 14.11.1981 15. 06.06.1983 16. Februar \/ M\u00e4rz 1982 17. Sommer 1981  The copyright in this recording is owned by HVIDE Sande \u2117 1998 Blau im Auge \u00a9 1998 HVIDE Sande","og_url":"https:\/\/rockers.de\/en\/record\/hvide-sande-gerda-und-rudi-das-beste-bisher-cd\/","og_site_name":"Rockers Records","article_modified_time":"2026-02-19T08:20:02+00:00","og_image":[{"width":854,"height":741,"url":"https:\/\/rockers.de\/wp-content\/uploads\/2026\/01\/Hvide-Sande-Gerda-und-Rudi-das-Beste-bisher-CD-1.jpg","type":"image\/jpeg"}],"twitter_card":"summary_large_image","twitter_misc":{"Est. reading time":"1 minute"},"schema":{"@context":"https:\/\/schema.org","@graph":[{"@type":"WebPage","@id":"https:\/\/rockers.de\/record\/hvide-sande-gerda-und-rudi-das-beste-bisher-cd\/","url":"https:\/\/rockers.de\/record\/hvide-sande-gerda-und-rudi-das-beste-bisher-cd\/","name":"Hvide Sande-Gerda und Rudi [das Beste bisher]-CD - Rockers Records","isPartOf":{"@id":"https:\/\/rockers.de\/#website"},"primaryImageOfPage":{"@id":"https:\/\/rockers.de\/record\/hvide-sande-gerda-und-rudi-das-beste-bisher-cd\/#primaryimage"},"image":{"@id":"https:\/\/rockers.de\/record\/hvide-sande-gerda-und-rudi-das-beste-bisher-cd\/#primaryimage"},"thumbnailUrl":"https:\/\/rockers.de\/wp-content\/uploads\/2026\/01\/Hvide-Sande-Gerda-und-Rudi-das-Beste-bisher-CD-1.jpg","datePublished":"2026-01-27T09:26:22+00:00","dateModified":"2026-02-19T08:20:02+00:00","breadcrumb":{"@id":"https:\/\/rockers.de\/record\/hvide-sande-gerda-und-rudi-das-beste-bisher-cd\/#breadcrumb"},"inLanguage":"en-US","potentialAction":[{"@type":"ReadAction","target":["https:\/\/rockers.de\/record\/hvide-sande-gerda-und-rudi-das-beste-bisher-cd\/"]}]},{"@type":"ImageObject","inLanguage":"en-US","@id":"https:\/\/rockers.de\/record\/hvide-sande-gerda-und-rudi-das-beste-bisher-cd\/#primaryimage","url":"https:\/\/rockers.de\/wp-content\/uploads\/2026\/01\/Hvide-Sande-Gerda-und-Rudi-das-Beste-bisher-CD-1.jpg","contentUrl":"https:\/\/rockers.de\/wp-content\/uploads\/2026\/01\/Hvide-Sande-Gerda-und-Rudi-das-Beste-bisher-CD-1.jpg","width":854,"height":741,"caption":"Hvide Sande-Gerda und Rudi [das Beste bisher]-CD"},{"@type":"BreadcrumbList","@id":"https:\/\/rockers.de\/record\/hvide-sande-gerda-und-rudi-das-beste-bisher-cd\/#breadcrumb","itemListElement":[{"@type":"ListItem","position":1,"name":"Startseite","item":"https:\/\/rockers.de\/"},{"@type":"ListItem","position":2,"name":"Shop","item":"https:\/\/rockers.de\/shop\/"},{"@type":"ListItem","position":3,"name":"Hvide Sande-Gerda und Rudi [das Beste bisher]-CD"}]},{"@type":"WebSite","@id":"https:\/\/rockers.de\/#website","url":"https:\/\/rockers.de\/","name":"Rockers Records","description":"Your record store in Hanover","publisher":{"@id":"https:\/\/rockers.de\/#organization"},"potentialAction":[{"@type":"SearchAction","target":{"@type":"EntryPoint","urlTemplate":"https:\/\/rockers.de\/?s={search_term_string}"},"query-input":{"@type":"PropertyValueSpecification","valueRequired":true,"valueName":"search_term_string"}}],"inLanguage":"en-US"},{"@type":"Organization","@id":"https:\/\/rockers.de\/#organization","name":"Rockers Records","url":"https:\/\/rockers.de\/","logo":{"@type":"ImageObject","inLanguage":"en-US","@id":"https:\/\/rockers.de\/#\/schema\/logo\/image\/","url":"https:\/\/rockers.de\/wp-content\/uploads\/2022\/07\/Neue-Website-2022.jpg","contentUrl":"https:\/\/rockers.de\/wp-content\/uploads\/2022\/07\/Neue-Website-2022.jpg","width":800,"height":800,"caption":"Rockers Records"},"image":{"@id":"https:\/\/rockers.de\/#\/schema\/logo\/image\/"}}]}},"_links":{"self":[{"href":"https:\/\/rockers.de\/en\/wp-json\/wp\/v2\/product\/175909","targetHints":{"allow":["GET"]}}],"collection":[{"href":"https:\/\/rockers.de\/en\/wp-json\/wp\/v2\/product"}],"about":[{"href":"https:\/\/rockers.de\/en\/wp-json\/wp\/v2\/types\/product"}],"wp:featuredmedia":[{"embeddable":true,"href":"https:\/\/rockers.de\/en\/wp-json\/wp\/v2\/media\/175911"}],"wp:attachment":[{"href":"https:\/\/rockers.de\/en\/wp-json\/wp\/v2\/media?parent=175909"}],"wp:term":[{"taxonomy":"product_brand","embeddable":true,"href":"https:\/\/rockers.de\/en\/wp-json\/wp\/v2\/product_brand?post=175909"},{"taxonomy":"product_cat","embeddable":true,"href":"https:\/\/rockers.de\/en\/wp-json\/wp\/v2\/product_cat?post=175909"},{"taxonomy":"product_tag","embeddable":true,"href":"https:\/\/rockers.de\/en\/wp-json\/wp\/v2\/product_tag?post=175909"}],"curies":[{"name":"wp","href":"https:\/\/api.w.org\/{rel}","templated":true}]}}