{"id":171877,"date":"2025-12-03T12:04:03","date_gmt":"2025-12-03T11:04:03","guid":{"rendered":"https:\/\/rockers.de\/?post_type=product&#038;p=171877"},"modified":"2026-01-09T09:30:02","modified_gmt":"2026-01-09T08:30:02","slug":"czeslaw-niemen-mourners-rhapsody-cd","status":"publish","type":"product","link":"https:\/\/rockers.de\/en\/record\/czeslaw-niemen-mourners-rhapsody-cd\/","title":{"rendered":"Czes\u0142aw Niemen-Mourner&#8217;s Rhapsody-CD"},"content":{"rendered":"<p>Illustration by Niemen.<\/p>\n<p>Originally released in 1975 on LP. This is the first CD release of the original LP without any changes.<\/p>\n<p>Mourner&#8217;s Rhapsody is based on a poem by one of the Greatest Polish poets Cyprian Kamil Norwid.<\/p>\n<p>At the beginning of the title composition there is a part sung by a choir in Latin language.<\/p>\n<p>Track 3 (I Search For Love) is an English language version of the song Cztery \u015bciany \u015bwiat (Four Walls are the World) originally released on Niemen&#8217;s Aerolit album (1975). The original song is the A1 on LP release of Aerolit album.<br \/>\nTrack 6 (Mourner&#8217;s Rhapsody) is a new and an English language version of the composition entitled Bema pami\u0119ci \u017ca\u0142obny \u2013 rapsod (Threnody in the memory of Bem) on Niemen&#8217;s album called Enigmatic (1969). This original composition is the whole A side of the original Polish LP release.<\/p>\n<p>On Track 1 Gail Kantor misspelled Gail Cantor.<\/p>\n<p>Back side of the cover is the same origin than is on Niemen&#8217;s Katharsis LP &amp; CD.<\/p>","protected":false},"excerpt":{"rendered":"<p>Illustration by Niemen.<\/p>\n<p>Originally released in 1975 on LP. This is the first CD release of the original LP without any changes.<\/p>\n<p>Mourner&#8217;s Rhapsody is based on a poem by one of the Greatest Polish poets Cyprian Kamil Norwid.<\/p>\n<p>At the beginning of the title composition there is a part sung by a choir in Latin language.<\/p>\n<p>Track 3 (I Search For Love) is an English language version of the song Cztery \u015bciany \u015bwiat (Four Walls are the World) originally released on Niemen&#8217;s Aerolit album (1975). The original song is the A1 on LP release of Aerolit album.<br \/>\nTrack 6 (Mourner&#8217;s Rhapsody) is a new and an English language version of the composition entitled Bema pami\u0119ci \u017ca\u0142obny \u2013 rapsod (Threnody in the memory of Bem) on Niemen&#8217;s album called Enigmatic (1969). This original composition is the whole A side of the original Polish LP release.<\/p>\n<p>On Track 1 Gail Kantor misspelled Gail Cantor.<\/p>\n<p>Back side of the cover is the same origin than is on Niemen&#8217;s Katharsis LP &amp; CD.<\/p>","protected":false},"featured_media":171880,"template":"","meta":{"_acf_changed":false},"product_brand":[],"product_cat":[175],"product_tag":[],"class_list":{"0":"post-171877","1":"product","2":"type-product","3":"status-publish","4":"has-post-thumbnail","6":"product_cat-rock","7":"pa_att_artist-czeslaw-niemen","8":"pa_att_format-cd","9":"pa_att_genre-rock","10":"pa_att_jahr-203","11":"pa_att_label-citystudio-media-production","12":"pa_att_label-green-tree-records","13":"pa_att_land-germany","15":"first","16":"outofstock","17":"taxable","18":"shipping-taxable","19":"purchasable","20":"product-type-simple"},"acf":[],"yoast_head":"<!-- This site is optimized with the Yoast SEO plugin v27.3 - https:\/\/yoast.com\/product\/yoast-seo-wordpress\/ -->\n<title>Czes\u0142aw Niemen-Mourner&#039;s Rhapsody-CD - Rockers Records<\/title>\n<meta name=\"robots\" content=\"index, follow, max-snippet:-1, max-image-preview:large, max-video-preview:-1\" \/>\n<link rel=\"canonical\" href=\"https:\/\/rockers.de\/en\/record\/czeslaw-niemen-mourners-rhapsody-cd\/\" \/>\n<meta property=\"og:locale\" content=\"en_US\" \/>\n<meta property=\"og:type\" content=\"article\" \/>\n<meta property=\"og:title\" content=\"Czes\u0142aw Niemen-Mourner&#039;s Rhapsody-CD - Rockers Records\" \/>\n<meta property=\"og:description\" content=\"Illustration by Niemen.  Originally released in 1975 on LP. This is the first CD release of the original LP without any changes.  Mourner&#039;s Rhapsody is based on a poem by one of the Greatest Polish poets Cyprian Kamil Norwid.  At the beginning of the title composition there is a part sung by a choir in Latin language.  Track 3 (I Search For Love) is an English language version of the song Cztery \u015bciany \u015bwiat (Four Walls are the World) originally released on Niemen&#039;s Aerolit album (1975). The original song is the A1 on LP release of Aerolit album. Track 6 (Mourner&#039;s Rhapsody) is a new and an English language version of the composition entitled Bema pami\u0119ci \u017ca\u0142obny \u2013 rapsod (Threnody in the memory of Bem) on Niemen&#039;s album called Enigmatic (1969). This original composition is the whole A side of the original Polish LP release.  On Track 1 Gail Kantor misspelled Gail Cantor.  Back side of the cover is the same origin than is on Niemen&#039;s Katharsis LP &amp; CD.\" \/>\n<meta property=\"og:url\" content=\"https:\/\/rockers.de\/en\/record\/czeslaw-niemen-mourners-rhapsody-cd\/\" \/>\n<meta property=\"og:site_name\" content=\"Rockers Records\" \/>\n<meta property=\"article:modified_time\" content=\"2026-01-09T08:30:02+00:00\" \/>\n<meta property=\"og:image\" content=\"https:\/\/rockers.de\/wp-content\/uploads\/2025\/12\/Czeslaw-Niemen-Mourners-Rhapsody-CD-1.jpg\" \/>\n\t<meta property=\"og:image:width\" content=\"854\" \/>\n\t<meta property=\"og:image:height\" content=\"741\" \/>\n\t<meta property=\"og:image:type\" content=\"image\/jpeg\" \/>\n<meta name=\"twitter:card\" content=\"summary_large_image\" \/>\n<meta name=\"twitter:label1\" content=\"Est. reading time\" \/>\n\t<meta name=\"twitter:data1\" content=\"2 minutes\" \/>\n<script type=\"application\/ld+json\" class=\"yoast-schema-graph\">{\"@context\":\"https:\\\/\\\/schema.org\",\"@graph\":[{\"@type\":\"WebPage\",\"@id\":\"https:\\\/\\\/rockers.de\\\/record\\\/czeslaw-niemen-mourners-rhapsody-cd\\\/\",\"url\":\"https:\\\/\\\/rockers.de\\\/record\\\/czeslaw-niemen-mourners-rhapsody-cd\\\/\",\"name\":\"Czes\u0142aw Niemen-Mourner's Rhapsody-CD - Rockers Records\",\"isPartOf\":{\"@id\":\"https:\\\/\\\/rockers.de\\\/#website\"},\"primaryImageOfPage\":{\"@id\":\"https:\\\/\\\/rockers.de\\\/record\\\/czeslaw-niemen-mourners-rhapsody-cd\\\/#primaryimage\"},\"image\":{\"@id\":\"https:\\\/\\\/rockers.de\\\/record\\\/czeslaw-niemen-mourners-rhapsody-cd\\\/#primaryimage\"},\"thumbnailUrl\":\"https:\\\/\\\/rockers.de\\\/wp-content\\\/uploads\\\/2025\\\/12\\\/Czeslaw-Niemen-Mourners-Rhapsody-CD-1.jpg\",\"datePublished\":\"2025-12-03T11:04:03+00:00\",\"dateModified\":\"2026-01-09T08:30:02+00:00\",\"breadcrumb\":{\"@id\":\"https:\\\/\\\/rockers.de\\\/record\\\/czeslaw-niemen-mourners-rhapsody-cd\\\/#breadcrumb\"},\"inLanguage\":\"en-US\",\"potentialAction\":[{\"@type\":\"ReadAction\",\"target\":[\"https:\\\/\\\/rockers.de\\\/record\\\/czeslaw-niemen-mourners-rhapsody-cd\\\/\"]}]},{\"@type\":\"ImageObject\",\"inLanguage\":\"en-US\",\"@id\":\"https:\\\/\\\/rockers.de\\\/record\\\/czeslaw-niemen-mourners-rhapsody-cd\\\/#primaryimage\",\"url\":\"https:\\\/\\\/rockers.de\\\/wp-content\\\/uploads\\\/2025\\\/12\\\/Czeslaw-Niemen-Mourners-Rhapsody-CD-1.jpg\",\"contentUrl\":\"https:\\\/\\\/rockers.de\\\/wp-content\\\/uploads\\\/2025\\\/12\\\/Czeslaw-Niemen-Mourners-Rhapsody-CD-1.jpg\",\"width\":854,\"height\":741,\"caption\":\"Czes\u0142aw Niemen-Mourner's Rhapsody-CD\"},{\"@type\":\"BreadcrumbList\",\"@id\":\"https:\\\/\\\/rockers.de\\\/record\\\/czeslaw-niemen-mourners-rhapsody-cd\\\/#breadcrumb\",\"itemListElement\":[{\"@type\":\"ListItem\",\"position\":1,\"name\":\"Startseite\",\"item\":\"https:\\\/\\\/rockers.de\\\/\"},{\"@type\":\"ListItem\",\"position\":2,\"name\":\"Shop\",\"item\":\"https:\\\/\\\/rockers.de\\\/shop\\\/\"},{\"@type\":\"ListItem\",\"position\":3,\"name\":\"Czes\u0142aw Niemen-Mourner&#8217;s Rhapsody-CD\"}]},{\"@type\":\"WebSite\",\"@id\":\"https:\\\/\\\/rockers.de\\\/#website\",\"url\":\"https:\\\/\\\/rockers.de\\\/\",\"name\":\"Rockers Records\",\"description\":\"Dein Schallplatten Store in Hannover\",\"publisher\":{\"@id\":\"https:\\\/\\\/rockers.de\\\/#organization\"},\"potentialAction\":[{\"@type\":\"SearchAction\",\"target\":{\"@type\":\"EntryPoint\",\"urlTemplate\":\"https:\\\/\\\/rockers.de\\\/?s={search_term_string}\"},\"query-input\":{\"@type\":\"PropertyValueSpecification\",\"valueRequired\":true,\"valueName\":\"search_term_string\"}}],\"inLanguage\":\"en-US\"},{\"@type\":\"Organization\",\"@id\":\"https:\\\/\\\/rockers.de\\\/#organization\",\"name\":\"Rockers Records\",\"url\":\"https:\\\/\\\/rockers.de\\\/\",\"logo\":{\"@type\":\"ImageObject\",\"inLanguage\":\"en-US\",\"@id\":\"https:\\\/\\\/rockers.de\\\/#\\\/schema\\\/logo\\\/image\\\/\",\"url\":\"https:\\\/\\\/rockers.de\\\/wp-content\\\/uploads\\\/2022\\\/07\\\/Neue-Website-2022.jpg\",\"contentUrl\":\"https:\\\/\\\/rockers.de\\\/wp-content\\\/uploads\\\/2022\\\/07\\\/Neue-Website-2022.jpg\",\"width\":800,\"height\":800,\"caption\":\"Rockers Records\"},\"image\":{\"@id\":\"https:\\\/\\\/rockers.de\\\/#\\\/schema\\\/logo\\\/image\\\/\"}}]}<\/script>\n<!-- \/ Yoast SEO plugin. -->","yoast_head_json":{"title":"Czes\u0142aw Niemen-Mourner's Rhapsody-CD - Rockers Records","robots":{"index":"index","follow":"follow","max-snippet":"max-snippet:-1","max-image-preview":"max-image-preview:large","max-video-preview":"max-video-preview:-1"},"canonical":"https:\/\/rockers.de\/en\/record\/czeslaw-niemen-mourners-rhapsody-cd\/","og_locale":"en_US","og_type":"article","og_title":"Czes\u0142aw Niemen-Mourner's Rhapsody-CD - Rockers Records","og_description":"Illustration by Niemen.  Originally released in 1975 on LP. This is the first CD release of the original LP without any changes.  Mourner's Rhapsody is based on a poem by one of the Greatest Polish poets Cyprian Kamil Norwid.  At the beginning of the title composition there is a part sung by a choir in Latin language.  Track 3 (I Search For Love) is an English language version of the song Cztery \u015bciany \u015bwiat (Four Walls are the World) originally released on Niemen's Aerolit album (1975). The original song is the A1 on LP release of Aerolit album. Track 6 (Mourner's Rhapsody) is a new and an English language version of the composition entitled Bema pami\u0119ci \u017ca\u0142obny \u2013 rapsod (Threnody in the memory of Bem) on Niemen's album called Enigmatic (1969). This original composition is the whole A side of the original Polish LP release.  On Track 1 Gail Kantor misspelled Gail Cantor.  Back side of the cover is the same origin than is on Niemen's Katharsis LP &amp; CD.","og_url":"https:\/\/rockers.de\/en\/record\/czeslaw-niemen-mourners-rhapsody-cd\/","og_site_name":"Rockers Records","article_modified_time":"2026-01-09T08:30:02+00:00","og_image":[{"width":854,"height":741,"url":"https:\/\/rockers.de\/wp-content\/uploads\/2025\/12\/Czeslaw-Niemen-Mourners-Rhapsody-CD-1.jpg","type":"image\/jpeg"}],"twitter_card":"summary_large_image","twitter_misc":{"Est. reading time":"2 minutes"},"schema":{"@context":"https:\/\/schema.org","@graph":[{"@type":"WebPage","@id":"https:\/\/rockers.de\/record\/czeslaw-niemen-mourners-rhapsody-cd\/","url":"https:\/\/rockers.de\/record\/czeslaw-niemen-mourners-rhapsody-cd\/","name":"Czes\u0142aw Niemen-Mourner's Rhapsody-CD - Rockers Records","isPartOf":{"@id":"https:\/\/rockers.de\/#website"},"primaryImageOfPage":{"@id":"https:\/\/rockers.de\/record\/czeslaw-niemen-mourners-rhapsody-cd\/#primaryimage"},"image":{"@id":"https:\/\/rockers.de\/record\/czeslaw-niemen-mourners-rhapsody-cd\/#primaryimage"},"thumbnailUrl":"https:\/\/rockers.de\/wp-content\/uploads\/2025\/12\/Czeslaw-Niemen-Mourners-Rhapsody-CD-1.jpg","datePublished":"2025-12-03T11:04:03+00:00","dateModified":"2026-01-09T08:30:02+00:00","breadcrumb":{"@id":"https:\/\/rockers.de\/record\/czeslaw-niemen-mourners-rhapsody-cd\/#breadcrumb"},"inLanguage":"en-US","potentialAction":[{"@type":"ReadAction","target":["https:\/\/rockers.de\/record\/czeslaw-niemen-mourners-rhapsody-cd\/"]}]},{"@type":"ImageObject","inLanguage":"en-US","@id":"https:\/\/rockers.de\/record\/czeslaw-niemen-mourners-rhapsody-cd\/#primaryimage","url":"https:\/\/rockers.de\/wp-content\/uploads\/2025\/12\/Czeslaw-Niemen-Mourners-Rhapsody-CD-1.jpg","contentUrl":"https:\/\/rockers.de\/wp-content\/uploads\/2025\/12\/Czeslaw-Niemen-Mourners-Rhapsody-CD-1.jpg","width":854,"height":741,"caption":"Czes\u0142aw Niemen-Mourner's Rhapsody-CD"},{"@type":"BreadcrumbList","@id":"https:\/\/rockers.de\/record\/czeslaw-niemen-mourners-rhapsody-cd\/#breadcrumb","itemListElement":[{"@type":"ListItem","position":1,"name":"Startseite","item":"https:\/\/rockers.de\/"},{"@type":"ListItem","position":2,"name":"Shop","item":"https:\/\/rockers.de\/shop\/"},{"@type":"ListItem","position":3,"name":"Czes\u0142aw Niemen-Mourner&#8217;s Rhapsody-CD"}]},{"@type":"WebSite","@id":"https:\/\/rockers.de\/#website","url":"https:\/\/rockers.de\/","name":"Rockers Records","description":"Your record store in Hanover","publisher":{"@id":"https:\/\/rockers.de\/#organization"},"potentialAction":[{"@type":"SearchAction","target":{"@type":"EntryPoint","urlTemplate":"https:\/\/rockers.de\/?s={search_term_string}"},"query-input":{"@type":"PropertyValueSpecification","valueRequired":true,"valueName":"search_term_string"}}],"inLanguage":"en-US"},{"@type":"Organization","@id":"https:\/\/rockers.de\/#organization","name":"Rockers Records","url":"https:\/\/rockers.de\/","logo":{"@type":"ImageObject","inLanguage":"en-US","@id":"https:\/\/rockers.de\/#\/schema\/logo\/image\/","url":"https:\/\/rockers.de\/wp-content\/uploads\/2022\/07\/Neue-Website-2022.jpg","contentUrl":"https:\/\/rockers.de\/wp-content\/uploads\/2022\/07\/Neue-Website-2022.jpg","width":800,"height":800,"caption":"Rockers Records"},"image":{"@id":"https:\/\/rockers.de\/#\/schema\/logo\/image\/"}}]}},"_links":{"self":[{"href":"https:\/\/rockers.de\/en\/wp-json\/wp\/v2\/product\/171877","targetHints":{"allow":["GET"]}}],"collection":[{"href":"https:\/\/rockers.de\/en\/wp-json\/wp\/v2\/product"}],"about":[{"href":"https:\/\/rockers.de\/en\/wp-json\/wp\/v2\/types\/product"}],"wp:featuredmedia":[{"embeddable":true,"href":"https:\/\/rockers.de\/en\/wp-json\/wp\/v2\/media\/171880"}],"wp:attachment":[{"href":"https:\/\/rockers.de\/en\/wp-json\/wp\/v2\/media?parent=171877"}],"wp:term":[{"taxonomy":"product_brand","embeddable":true,"href":"https:\/\/rockers.de\/en\/wp-json\/wp\/v2\/product_brand?post=171877"},{"taxonomy":"product_cat","embeddable":true,"href":"https:\/\/rockers.de\/en\/wp-json\/wp\/v2\/product_cat?post=171877"},{"taxonomy":"product_tag","embeddable":true,"href":"https:\/\/rockers.de\/en\/wp-json\/wp\/v2\/product_tag?post=171877"}],"curies":[{"name":"wp","href":"https:\/\/api.w.org\/{rel}","templated":true}]}}