{"id":171189,"date":"2025-11-22T10:52:23","date_gmt":"2025-11-22T09:52:23","guid":{"rendered":"https:\/\/rockers.de\/record\/ladytron-nightlife-lp-vinyl-rsd-black-friday-2025\/"},"modified":"2025-11-22T10:57:30","modified_gmt":"2025-11-22T09:57:30","slug":"ladytron-nightlife-lp-vinyl-rsd-black-friday-2025","status":"publish","type":"product","link":"https:\/\/rockers.de\/en\/record\/ladytron-nightlife-lp-vinyl-rsd-black-friday-2025\/","title":{"rendered":"Ladytron &#8211; Nightlife &#8211; LP Vinyl &#8211; RSD Black Friday 2025"},"content":{"rendered":"<p>Limited edition RSD Black Friday 2025 release. Feiern Sie den RSD Black Friday mit Nightlife, der ultimativen Remix-Sammlung von Ladytron auf 2LP-Transparentvinyl. Diese neu zusammengestellte Ver\u00f6ffentlichung \u2013 in einer luxuri\u00f6sen Gatefold-H\u00fclle mit ikonischen Bandfotos \u2013 pr\u00e4sentiert neu interpretierte Fan-Favoriten und unver\u00f6ffentlichte Perlen und bietet einen frischen Blick auf den charakteristischen Synthpop-, Electro- und Darkwave-Sound von Ladytron. Tauchen Sie ein in pulsierende Club-Mixes und stimmungsvolle atmosph\u00e4rische Neuinterpretationen von Alben wie Light &#038; Magic, 604, Velocifero &#038; Witching Hour, die den Klassikern von Ladytron neues Leben einhauchen. Nightlife ist mehr als nur ein Sammlerst\u00fcck, es ist ein Beweis f\u00fcr den bleibenden Einfluss der Band auf die elektronische Musik. Diese exklusive Edition wurde sorgf\u00e4ltig f\u00fcr den RSD Black Friday zusammengestellt und ist sowohl f\u00fcr langj\u00e4hrige Fans als auch f\u00fcr Vinyl-Liebhaber ein Muss. Verpassen Sie nicht diese unglaubliche Retrospektive des remixten Erbes von Ladytron!<\/p>","protected":false},"excerpt":{"rendered":"<p>Limited edition RSD Black Friday 2025 release. Feiern Sie den RSD Black Friday mit Nightlife, der ultimativen Remix-Sammlung von Ladytron<\/p>","protected":false},"featured_media":0,"template":"","meta":{"_acf_changed":false},"product_brand":[],"product_cat":[25995,15],"product_tag":[],"class_list":{"0":"post-171189","1":"product","2":"type-product","3":"status-publish","5":"product_cat-rsd-black-friday-2025","6":"product_cat-unkategorisiert","7":"pa_artist-ladytron","8":"pa_att_artist-ladytron","9":"pa_att_format-lp-vinyl","10":"pa_att_genre-dance","11":"pa_att_label-nettwerk","12":"pa_format-lp-vinyl","13":"pa_jahr-23565","14":"pa_label-nettwerk","15":"pa_lieferant-bertus","17":"first","18":"outofstock","19":"taxable","20":"shipping-taxable","21":"purchasable","22":"product-type-simple"},"acf":[],"yoast_head":"<!-- This site is optimized with the Yoast SEO plugin v27.3 - https:\/\/yoast.com\/product\/yoast-seo-wordpress\/ -->\n<title>Ladytron - Nightlife - LP Vinyl - RSD Black Friday 2025 - Rockers Records<\/title>\n<meta name=\"robots\" content=\"index, follow, max-snippet:-1, max-image-preview:large, max-video-preview:-1\" \/>\n<link rel=\"canonical\" href=\"https:\/\/rockers.de\/en\/record\/ladytron-nightlife-lp-vinyl-rsd-black-friday-2025\/\" \/>\n<meta property=\"og:locale\" content=\"en_US\" \/>\n<meta property=\"og:type\" content=\"article\" \/>\n<meta property=\"og:title\" content=\"Ladytron - Nightlife - LP Vinyl - RSD Black Friday 2025 - Rockers Records\" \/>\n<meta property=\"og:description\" content=\"Limited edition RSD Black Friday 2025 release. Feiern Sie den RSD Black Friday mit Nightlife, der ultimativen Remix-Sammlung von Ladytron\" \/>\n<meta property=\"og:url\" content=\"https:\/\/rockers.de\/en\/record\/ladytron-nightlife-lp-vinyl-rsd-black-friday-2025\/\" \/>\n<meta property=\"og:site_name\" content=\"Rockers Records\" \/>\n<meta property=\"article:modified_time\" content=\"2025-11-22T09:57:30+00:00\" \/>\n<meta name=\"twitter:card\" content=\"summary_large_image\" \/>\n<meta name=\"twitter:label1\" content=\"Est. reading time\" \/>\n\t<meta name=\"twitter:data1\" content=\"1 minute\" \/>\n<script type=\"application\/ld+json\" class=\"yoast-schema-graph\">{\"@context\":\"https:\\\/\\\/schema.org\",\"@graph\":[{\"@type\":\"WebPage\",\"@id\":\"https:\\\/\\\/rockers.de\\\/record\\\/ladytron-nightlife-lp-vinyl-rsd-black-friday-2025\\\/\",\"url\":\"https:\\\/\\\/rockers.de\\\/record\\\/ladytron-nightlife-lp-vinyl-rsd-black-friday-2025\\\/\",\"name\":\"Ladytron - Nightlife - LP Vinyl - RSD Black Friday 2025 - Rockers Records\",\"isPartOf\":{\"@id\":\"https:\\\/\\\/rockers.de\\\/#website\"},\"datePublished\":\"2025-11-22T09:52:23+00:00\",\"dateModified\":\"2025-11-22T09:57:30+00:00\",\"breadcrumb\":{\"@id\":\"https:\\\/\\\/rockers.de\\\/record\\\/ladytron-nightlife-lp-vinyl-rsd-black-friday-2025\\\/#breadcrumb\"},\"inLanguage\":\"en-US\",\"potentialAction\":[{\"@type\":\"ReadAction\",\"target\":[\"https:\\\/\\\/rockers.de\\\/record\\\/ladytron-nightlife-lp-vinyl-rsd-black-friday-2025\\\/\"]}]},{\"@type\":\"BreadcrumbList\",\"@id\":\"https:\\\/\\\/rockers.de\\\/record\\\/ladytron-nightlife-lp-vinyl-rsd-black-friday-2025\\\/#breadcrumb\",\"itemListElement\":[{\"@type\":\"ListItem\",\"position\":1,\"name\":\"Startseite\",\"item\":\"https:\\\/\\\/rockers.de\\\/\"},{\"@type\":\"ListItem\",\"position\":2,\"name\":\"Shop\",\"item\":\"https:\\\/\\\/rockers.de\\\/shop\\\/\"},{\"@type\":\"ListItem\",\"position\":3,\"name\":\"Ladytron &#8211; Nightlife &#8211; LP Vinyl &#8211; RSD Black Friday 2025\"}]},{\"@type\":\"WebSite\",\"@id\":\"https:\\\/\\\/rockers.de\\\/#website\",\"url\":\"https:\\\/\\\/rockers.de\\\/\",\"name\":\"Rockers Records\",\"description\":\"Dein Schallplatten Store in Hannover\",\"publisher\":{\"@id\":\"https:\\\/\\\/rockers.de\\\/#organization\"},\"potentialAction\":[{\"@type\":\"SearchAction\",\"target\":{\"@type\":\"EntryPoint\",\"urlTemplate\":\"https:\\\/\\\/rockers.de\\\/?s={search_term_string}\"},\"query-input\":{\"@type\":\"PropertyValueSpecification\",\"valueRequired\":true,\"valueName\":\"search_term_string\"}}],\"inLanguage\":\"en-US\"},{\"@type\":\"Organization\",\"@id\":\"https:\\\/\\\/rockers.de\\\/#organization\",\"name\":\"Rockers Records\",\"url\":\"https:\\\/\\\/rockers.de\\\/\",\"logo\":{\"@type\":\"ImageObject\",\"inLanguage\":\"en-US\",\"@id\":\"https:\\\/\\\/rockers.de\\\/#\\\/schema\\\/logo\\\/image\\\/\",\"url\":\"https:\\\/\\\/rockers.de\\\/wp-content\\\/uploads\\\/2022\\\/07\\\/Neue-Website-2022.jpg\",\"contentUrl\":\"https:\\\/\\\/rockers.de\\\/wp-content\\\/uploads\\\/2022\\\/07\\\/Neue-Website-2022.jpg\",\"width\":800,\"height\":800,\"caption\":\"Rockers Records\"},\"image\":{\"@id\":\"https:\\\/\\\/rockers.de\\\/#\\\/schema\\\/logo\\\/image\\\/\"}}]}<\/script>\n<!-- \/ Yoast SEO plugin. -->","yoast_head_json":{"title":"Ladytron - Nightlife - LP Vinyl - RSD Black Friday 2025 - Rockers Records","robots":{"index":"index","follow":"follow","max-snippet":"max-snippet:-1","max-image-preview":"max-image-preview:large","max-video-preview":"max-video-preview:-1"},"canonical":"https:\/\/rockers.de\/en\/record\/ladytron-nightlife-lp-vinyl-rsd-black-friday-2025\/","og_locale":"en_US","og_type":"article","og_title":"Ladytron - Nightlife - LP Vinyl - RSD Black Friday 2025 - Rockers Records","og_description":"Limited edition RSD Black Friday 2025 release. Feiern Sie den RSD Black Friday mit Nightlife, der ultimativen Remix-Sammlung von Ladytron","og_url":"https:\/\/rockers.de\/en\/record\/ladytron-nightlife-lp-vinyl-rsd-black-friday-2025\/","og_site_name":"Rockers Records","article_modified_time":"2025-11-22T09:57:30+00:00","twitter_card":"summary_large_image","twitter_misc":{"Est. reading time":"1 minute"},"schema":{"@context":"https:\/\/schema.org","@graph":[{"@type":"WebPage","@id":"https:\/\/rockers.de\/record\/ladytron-nightlife-lp-vinyl-rsd-black-friday-2025\/","url":"https:\/\/rockers.de\/record\/ladytron-nightlife-lp-vinyl-rsd-black-friday-2025\/","name":"Ladytron - Nightlife - LP Vinyl - RSD Black Friday 2025 - Rockers Records","isPartOf":{"@id":"https:\/\/rockers.de\/#website"},"datePublished":"2025-11-22T09:52:23+00:00","dateModified":"2025-11-22T09:57:30+00:00","breadcrumb":{"@id":"https:\/\/rockers.de\/record\/ladytron-nightlife-lp-vinyl-rsd-black-friday-2025\/#breadcrumb"},"inLanguage":"en-US","potentialAction":[{"@type":"ReadAction","target":["https:\/\/rockers.de\/record\/ladytron-nightlife-lp-vinyl-rsd-black-friday-2025\/"]}]},{"@type":"BreadcrumbList","@id":"https:\/\/rockers.de\/record\/ladytron-nightlife-lp-vinyl-rsd-black-friday-2025\/#breadcrumb","itemListElement":[{"@type":"ListItem","position":1,"name":"Startseite","item":"https:\/\/rockers.de\/"},{"@type":"ListItem","position":2,"name":"Shop","item":"https:\/\/rockers.de\/shop\/"},{"@type":"ListItem","position":3,"name":"Ladytron &#8211; Nightlife &#8211; LP Vinyl &#8211; RSD Black Friday 2025"}]},{"@type":"WebSite","@id":"https:\/\/rockers.de\/#website","url":"https:\/\/rockers.de\/","name":"Rockers Records","description":"Your record store in Hanover","publisher":{"@id":"https:\/\/rockers.de\/#organization"},"potentialAction":[{"@type":"SearchAction","target":{"@type":"EntryPoint","urlTemplate":"https:\/\/rockers.de\/?s={search_term_string}"},"query-input":{"@type":"PropertyValueSpecification","valueRequired":true,"valueName":"search_term_string"}}],"inLanguage":"en-US"},{"@type":"Organization","@id":"https:\/\/rockers.de\/#organization","name":"Rockers Records","url":"https:\/\/rockers.de\/","logo":{"@type":"ImageObject","inLanguage":"en-US","@id":"https:\/\/rockers.de\/#\/schema\/logo\/image\/","url":"https:\/\/rockers.de\/wp-content\/uploads\/2022\/07\/Neue-Website-2022.jpg","contentUrl":"https:\/\/rockers.de\/wp-content\/uploads\/2022\/07\/Neue-Website-2022.jpg","width":800,"height":800,"caption":"Rockers Records"},"image":{"@id":"https:\/\/rockers.de\/#\/schema\/logo\/image\/"}}]}},"_links":{"self":[{"href":"https:\/\/rockers.de\/en\/wp-json\/wp\/v2\/product\/171189","targetHints":{"allow":["GET"]}}],"collection":[{"href":"https:\/\/rockers.de\/en\/wp-json\/wp\/v2\/product"}],"about":[{"href":"https:\/\/rockers.de\/en\/wp-json\/wp\/v2\/types\/product"}],"wp:attachment":[{"href":"https:\/\/rockers.de\/en\/wp-json\/wp\/v2\/media?parent=171189"}],"wp:term":[{"taxonomy":"product_brand","embeddable":true,"href":"https:\/\/rockers.de\/en\/wp-json\/wp\/v2\/product_brand?post=171189"},{"taxonomy":"product_cat","embeddable":true,"href":"https:\/\/rockers.de\/en\/wp-json\/wp\/v2\/product_cat?post=171189"},{"taxonomy":"product_tag","embeddable":true,"href":"https:\/\/rockers.de\/en\/wp-json\/wp\/v2\/product_tag?post=171189"}],"curies":[{"name":"wp","href":"https:\/\/api.w.org\/{rel}","templated":true}]}}