{"id":171175,"date":"2025-11-22T10:52:18","date_gmt":"2025-11-22T09:52:18","guid":{"rendered":"https:\/\/rockers.de\/record\/vince-guaraldi-trio-a-charlie-brown-christmas-lp-vinyl-rsd-black-friday-2025\/"},"modified":"2025-12-05T18:47:19","modified_gmt":"2025-12-05T17:47:19","slug":"vince-guaraldi-trio-a-charlie-brown-christmas-lp-vinyl-rsd-black-friday-2025","status":"publish","type":"product","link":"https:\/\/rockers.de\/en\/record\/vince-guaraldi-trio-a-charlie-brown-christmas-lp-vinyl-rsd-black-friday-2025\/","title":{"rendered":"Vince Guaraldi Trio &#8211; A Charlie Brown Christmas &#8211; LP Vinyl &#8211; RSD Black Friday 2025"},"content":{"rendered":"<p>Limited edition RSD Black Friday 2025 release. Diese Sammlerausgabe von Vince Guaraldi Trios \u201eA Charlie Brown Christmas\u201c ist in einer speziellen Pop-up-Gatefold-H\u00fclle untergebracht und wird anl\u00e4sslich des 75-j\u00e4hrigen Jubil\u00e4ums von PEANUTS und des 60-j\u00e4hrigen Jubil\u00e4ums des legend\u00e4ren Albums und TV-Specials ver\u00f6ffentlicht. Dieses 5-fach mit Platin ausgezeichnete Album ist nach wie vor eines der beliebtesten Weihnachtsalben aller Zeiten und begeistert mit Songs wie \u201eChristmas Time is Here\u201c und \u201eLinus and Lucy\u201c seit Generationen Kinder und Erwachsene f\u00fcr den Jazz. Diese Ausgabe des Albums erscheint in einer speziellen Gatefold-H\u00fclle mit einer Pop-up-Szene aus dem PEANUTS-Weihnachtsspecial, in der Charlie Brown, Snoopy und die Bande um einen Weihnachtsbaum singen.<\/p>","protected":false},"excerpt":{"rendered":"<p>Limited edition RSD Black Friday 2025 release. Diese Sammlerausgabe von Vince Guaraldi Trios \u201eA Charlie Brown Christmas\u201c ist in einer<\/p>","protected":false},"featured_media":0,"template":"","meta":{"_acf_changed":false},"product_brand":[],"product_cat":[25995,15],"product_tag":[],"class_list":{"0":"post-171175","1":"product","2":"type-product","3":"status-publish","5":"product_cat-rsd-black-friday-2025","6":"product_cat-unkategorisiert","7":"pa_artist-vince-guaraldi-trio","8":"pa_att_artist-vince-guaraldi-trio","9":"pa_att_format-lp-vinyl","10":"pa_att_genre-soundtracks","11":"pa_att_label-concord","12":"pa_att_land-europe","13":"pa_format-lp-vinyl","14":"pa_jahr-23565","15":"pa_label-concord","16":"pa_lieferant-universal","18":"first","19":"outofstock","20":"taxable","21":"shipping-taxable","22":"purchasable","23":"product-type-simple"},"acf":[],"yoast_head":"<!-- This site is optimized with the Yoast SEO plugin v27.3 - https:\/\/yoast.com\/product\/yoast-seo-wordpress\/ -->\n<title>Vince Guaraldi Trio - A Charlie Brown Christmas - LP Vinyl - RSD Black Friday 2025 - Rockers Records<\/title>\n<meta name=\"robots\" content=\"index, follow, max-snippet:-1, max-image-preview:large, max-video-preview:-1\" \/>\n<link rel=\"canonical\" href=\"https:\/\/rockers.de\/en\/record\/vince-guaraldi-trio-a-charlie-brown-christmas-lp-vinyl-rsd-black-friday-2025\/\" \/>\n<meta property=\"og:locale\" content=\"en_US\" \/>\n<meta property=\"og:type\" content=\"article\" \/>\n<meta property=\"og:title\" content=\"Vince Guaraldi Trio - A Charlie Brown Christmas - LP Vinyl - RSD Black Friday 2025 - Rockers Records\" \/>\n<meta property=\"og:description\" content=\"Limited edition RSD Black Friday 2025 release. Diese Sammlerausgabe von Vince Guaraldi Trios \u201eA Charlie Brown Christmas\u201c ist in einer\" \/>\n<meta property=\"og:url\" content=\"https:\/\/rockers.de\/en\/record\/vince-guaraldi-trio-a-charlie-brown-christmas-lp-vinyl-rsd-black-friday-2025\/\" \/>\n<meta property=\"og:site_name\" content=\"Rockers Records\" \/>\n<meta property=\"article:modified_time\" content=\"2025-12-05T17:47:19+00:00\" \/>\n<meta name=\"twitter:card\" content=\"summary_large_image\" \/>\n<meta name=\"twitter:label1\" content=\"Est. reading time\" \/>\n\t<meta name=\"twitter:data1\" content=\"1 minute\" \/>\n<script type=\"application\/ld+json\" class=\"yoast-schema-graph\">{\"@context\":\"https:\\\/\\\/schema.org\",\"@graph\":[{\"@type\":\"WebPage\",\"@id\":\"https:\\\/\\\/rockers.de\\\/record\\\/vince-guaraldi-trio-a-charlie-brown-christmas-lp-vinyl-rsd-black-friday-2025\\\/\",\"url\":\"https:\\\/\\\/rockers.de\\\/record\\\/vince-guaraldi-trio-a-charlie-brown-christmas-lp-vinyl-rsd-black-friday-2025\\\/\",\"name\":\"Vince Guaraldi Trio - A Charlie Brown Christmas - LP Vinyl - RSD Black Friday 2025 - Rockers Records\",\"isPartOf\":{\"@id\":\"https:\\\/\\\/rockers.de\\\/#website\"},\"datePublished\":\"2025-11-22T09:52:18+00:00\",\"dateModified\":\"2025-12-05T17:47:19+00:00\",\"breadcrumb\":{\"@id\":\"https:\\\/\\\/rockers.de\\\/record\\\/vince-guaraldi-trio-a-charlie-brown-christmas-lp-vinyl-rsd-black-friday-2025\\\/#breadcrumb\"},\"inLanguage\":\"en-US\",\"potentialAction\":[{\"@type\":\"ReadAction\",\"target\":[\"https:\\\/\\\/rockers.de\\\/record\\\/vince-guaraldi-trio-a-charlie-brown-christmas-lp-vinyl-rsd-black-friday-2025\\\/\"]}]},{\"@type\":\"BreadcrumbList\",\"@id\":\"https:\\\/\\\/rockers.de\\\/record\\\/vince-guaraldi-trio-a-charlie-brown-christmas-lp-vinyl-rsd-black-friday-2025\\\/#breadcrumb\",\"itemListElement\":[{\"@type\":\"ListItem\",\"position\":1,\"name\":\"Startseite\",\"item\":\"https:\\\/\\\/rockers.de\\\/\"},{\"@type\":\"ListItem\",\"position\":2,\"name\":\"Shop\",\"item\":\"https:\\\/\\\/rockers.de\\\/shop\\\/\"},{\"@type\":\"ListItem\",\"position\":3,\"name\":\"Vince Guaraldi Trio &#8211; A Charlie Brown Christmas &#8211; LP Vinyl &#8211; RSD Black Friday 2025\"}]},{\"@type\":\"WebSite\",\"@id\":\"https:\\\/\\\/rockers.de\\\/#website\",\"url\":\"https:\\\/\\\/rockers.de\\\/\",\"name\":\"Rockers Records\",\"description\":\"Dein Schallplatten Store in Hannover\",\"publisher\":{\"@id\":\"https:\\\/\\\/rockers.de\\\/#organization\"},\"potentialAction\":[{\"@type\":\"SearchAction\",\"target\":{\"@type\":\"EntryPoint\",\"urlTemplate\":\"https:\\\/\\\/rockers.de\\\/?s={search_term_string}\"},\"query-input\":{\"@type\":\"PropertyValueSpecification\",\"valueRequired\":true,\"valueName\":\"search_term_string\"}}],\"inLanguage\":\"en-US\"},{\"@type\":\"Organization\",\"@id\":\"https:\\\/\\\/rockers.de\\\/#organization\",\"name\":\"Rockers Records\",\"url\":\"https:\\\/\\\/rockers.de\\\/\",\"logo\":{\"@type\":\"ImageObject\",\"inLanguage\":\"en-US\",\"@id\":\"https:\\\/\\\/rockers.de\\\/#\\\/schema\\\/logo\\\/image\\\/\",\"url\":\"https:\\\/\\\/rockers.de\\\/wp-content\\\/uploads\\\/2022\\\/07\\\/Neue-Website-2022.jpg\",\"contentUrl\":\"https:\\\/\\\/rockers.de\\\/wp-content\\\/uploads\\\/2022\\\/07\\\/Neue-Website-2022.jpg\",\"width\":800,\"height\":800,\"caption\":\"Rockers Records\"},\"image\":{\"@id\":\"https:\\\/\\\/rockers.de\\\/#\\\/schema\\\/logo\\\/image\\\/\"}}]}<\/script>\n<!-- \/ Yoast SEO plugin. -->","yoast_head_json":{"title":"Vince Guaraldi Trio - A Charlie Brown Christmas - LP Vinyl - RSD Black Friday 2025 - Rockers Records","robots":{"index":"index","follow":"follow","max-snippet":"max-snippet:-1","max-image-preview":"max-image-preview:large","max-video-preview":"max-video-preview:-1"},"canonical":"https:\/\/rockers.de\/en\/record\/vince-guaraldi-trio-a-charlie-brown-christmas-lp-vinyl-rsd-black-friday-2025\/","og_locale":"en_US","og_type":"article","og_title":"Vince Guaraldi Trio - A Charlie Brown Christmas - LP Vinyl - RSD Black Friday 2025 - Rockers Records","og_description":"Limited edition RSD Black Friday 2025 release. Diese Sammlerausgabe von Vince Guaraldi Trios \u201eA Charlie Brown Christmas\u201c ist in einer","og_url":"https:\/\/rockers.de\/en\/record\/vince-guaraldi-trio-a-charlie-brown-christmas-lp-vinyl-rsd-black-friday-2025\/","og_site_name":"Rockers Records","article_modified_time":"2025-12-05T17:47:19+00:00","twitter_card":"summary_large_image","twitter_misc":{"Est. reading time":"1 minute"},"schema":{"@context":"https:\/\/schema.org","@graph":[{"@type":"WebPage","@id":"https:\/\/rockers.de\/record\/vince-guaraldi-trio-a-charlie-brown-christmas-lp-vinyl-rsd-black-friday-2025\/","url":"https:\/\/rockers.de\/record\/vince-guaraldi-trio-a-charlie-brown-christmas-lp-vinyl-rsd-black-friday-2025\/","name":"Vince Guaraldi Trio - A Charlie Brown Christmas - LP Vinyl - RSD Black Friday 2025 - Rockers Records","isPartOf":{"@id":"https:\/\/rockers.de\/#website"},"datePublished":"2025-11-22T09:52:18+00:00","dateModified":"2025-12-05T17:47:19+00:00","breadcrumb":{"@id":"https:\/\/rockers.de\/record\/vince-guaraldi-trio-a-charlie-brown-christmas-lp-vinyl-rsd-black-friday-2025\/#breadcrumb"},"inLanguage":"en-US","potentialAction":[{"@type":"ReadAction","target":["https:\/\/rockers.de\/record\/vince-guaraldi-trio-a-charlie-brown-christmas-lp-vinyl-rsd-black-friday-2025\/"]}]},{"@type":"BreadcrumbList","@id":"https:\/\/rockers.de\/record\/vince-guaraldi-trio-a-charlie-brown-christmas-lp-vinyl-rsd-black-friday-2025\/#breadcrumb","itemListElement":[{"@type":"ListItem","position":1,"name":"Startseite","item":"https:\/\/rockers.de\/"},{"@type":"ListItem","position":2,"name":"Shop","item":"https:\/\/rockers.de\/shop\/"},{"@type":"ListItem","position":3,"name":"Vince Guaraldi Trio &#8211; A Charlie Brown Christmas &#8211; LP Vinyl &#8211; RSD Black Friday 2025"}]},{"@type":"WebSite","@id":"https:\/\/rockers.de\/#website","url":"https:\/\/rockers.de\/","name":"Rockers Records","description":"Your record store in Hanover","publisher":{"@id":"https:\/\/rockers.de\/#organization"},"potentialAction":[{"@type":"SearchAction","target":{"@type":"EntryPoint","urlTemplate":"https:\/\/rockers.de\/?s={search_term_string}"},"query-input":{"@type":"PropertyValueSpecification","valueRequired":true,"valueName":"search_term_string"}}],"inLanguage":"en-US"},{"@type":"Organization","@id":"https:\/\/rockers.de\/#organization","name":"Rockers Records","url":"https:\/\/rockers.de\/","logo":{"@type":"ImageObject","inLanguage":"en-US","@id":"https:\/\/rockers.de\/#\/schema\/logo\/image\/","url":"https:\/\/rockers.de\/wp-content\/uploads\/2022\/07\/Neue-Website-2022.jpg","contentUrl":"https:\/\/rockers.de\/wp-content\/uploads\/2022\/07\/Neue-Website-2022.jpg","width":800,"height":800,"caption":"Rockers Records"},"image":{"@id":"https:\/\/rockers.de\/#\/schema\/logo\/image\/"}}]}},"_links":{"self":[{"href":"https:\/\/rockers.de\/en\/wp-json\/wp\/v2\/product\/171175","targetHints":{"allow":["GET"]}}],"collection":[{"href":"https:\/\/rockers.de\/en\/wp-json\/wp\/v2\/product"}],"about":[{"href":"https:\/\/rockers.de\/en\/wp-json\/wp\/v2\/types\/product"}],"wp:attachment":[{"href":"https:\/\/rockers.de\/en\/wp-json\/wp\/v2\/media?parent=171175"}],"wp:term":[{"taxonomy":"product_brand","embeddable":true,"href":"https:\/\/rockers.de\/en\/wp-json\/wp\/v2\/product_brand?post=171175"},{"taxonomy":"product_cat","embeddable":true,"href":"https:\/\/rockers.de\/en\/wp-json\/wp\/v2\/product_cat?post=171175"},{"taxonomy":"product_tag","embeddable":true,"href":"https:\/\/rockers.de\/en\/wp-json\/wp\/v2\/product_tag?post=171175"}],"curies":[{"name":"wp","href":"https:\/\/api.w.org\/{rel}","templated":true}]}}