{"id":171166,"date":"2025-11-22T10:52:18","date_gmt":"2025-11-22T09:52:18","guid":{"rendered":"https:\/\/rockers.de\/record\/inxs-live-from-royal-albert-hall-lp-vinyl-rsd-black-friday-2025\/"},"modified":"2025-11-27T14:26:05","modified_gmt":"2025-11-27T13:26:05","slug":"inxs-live-from-royal-albert-hall-lp-vinyl-rsd-black-friday-2025","status":"publish","type":"product","link":"https:\/\/rockers.de\/en\/record\/inxs-live-from-royal-albert-hall-lp-vinyl-rsd-black-friday-2025\/","title":{"rendered":"Inxs &#8211; Live From Royal Albert Hall &#8211; LP Vinyl &#8211; RSD Black Friday 2025"},"content":{"rendered":"<p>Limited edition RSD Black Friday 2025 release. Eine seltene Live-Aufnahme des Auftritts von INXS am 24. Juni 1986 in der Londoner Royal Albert Hall \u2013 bisher unver\u00f6ffentlicht. Die BBC-Aufnahme wurde erstmals im September 1986 ausgestrahlt und vom legend\u00e4ren Pete Drummond vorgestellt. Diese seltene Zweikanalaufnahme vom BBC-Pult w\u00e4hrend der Show wurde k\u00fcrzlich im BBC-Archiv gefunden. Abgemischt von Giles Martin und gemastert von Frank Arkwright in den Abbey Road Studios. Mit \u201eWhat You Need\u201c, \u201eKiss The Dirt\u201c, \u201eOriginal Sin\u201c, \u201eListen Like Thieves\u201c, \u201eShine Like It Does\u201c und vielen anderen Titeln.<\/p>","protected":false},"excerpt":{"rendered":"<p>Limited edition RSD Black Friday 2025 release. Eine seltene Live-Aufnahme des Auftritts von INXS am 24. Juni 1986 in der<\/p>","protected":false},"featured_media":0,"template":"","meta":{"_acf_changed":false},"product_brand":[],"product_cat":[25995,15],"product_tag":[],"class_list":{"0":"post-171166","1":"product","2":"type-product","3":"status-publish","5":"product_cat-rsd-black-friday-2025","6":"product_cat-unkategorisiert","7":"pa_artist-inxs","8":"pa_att_artist-inxs","9":"pa_att_format-lp-vinyl","10":"pa_att_genre-new-wave-1980s-pop","11":"pa_att_label-ume","12":"pa_format-lp-vinyl","13":"pa_jahr-23565","14":"pa_label-ume","15":"pa_lieferant-universal","17":"first","18":"outofstock","19":"taxable","20":"shipping-taxable","21":"purchasable","22":"product-type-simple"},"acf":[],"yoast_head":"<!-- This site is optimized with the Yoast SEO plugin v27.3 - https:\/\/yoast.com\/product\/yoast-seo-wordpress\/ -->\n<title>Inxs - Live From Royal Albert Hall - LP Vinyl - RSD Black Friday 2025 - Rockers Records<\/title>\n<meta name=\"robots\" content=\"index, follow, max-snippet:-1, max-image-preview:large, max-video-preview:-1\" \/>\n<link rel=\"canonical\" href=\"https:\/\/rockers.de\/en\/record\/inxs-live-from-royal-albert-hall-lp-vinyl-rsd-black-friday-2025\/\" \/>\n<meta property=\"og:locale\" content=\"en_US\" \/>\n<meta property=\"og:type\" content=\"article\" \/>\n<meta property=\"og:title\" content=\"Inxs - Live From Royal Albert Hall - LP Vinyl - RSD Black Friday 2025 - Rockers Records\" \/>\n<meta property=\"og:description\" content=\"Limited edition RSD Black Friday 2025 release. Eine seltene Live-Aufnahme des Auftritts von INXS am 24. Juni 1986 in der\" \/>\n<meta property=\"og:url\" content=\"https:\/\/rockers.de\/en\/record\/inxs-live-from-royal-albert-hall-lp-vinyl-rsd-black-friday-2025\/\" \/>\n<meta property=\"og:site_name\" content=\"Rockers Records\" \/>\n<meta property=\"article:modified_time\" content=\"2025-11-27T13:26:05+00:00\" \/>\n<meta name=\"twitter:card\" content=\"summary_large_image\" \/>\n<meta name=\"twitter:label1\" content=\"Est. reading time\" \/>\n\t<meta name=\"twitter:data1\" content=\"1 minute\" \/>\n<script type=\"application\/ld+json\" class=\"yoast-schema-graph\">{\"@context\":\"https:\\\/\\\/schema.org\",\"@graph\":[{\"@type\":\"WebPage\",\"@id\":\"https:\\\/\\\/rockers.de\\\/record\\\/inxs-live-from-royal-albert-hall-lp-vinyl-rsd-black-friday-2025\\\/\",\"url\":\"https:\\\/\\\/rockers.de\\\/record\\\/inxs-live-from-royal-albert-hall-lp-vinyl-rsd-black-friday-2025\\\/\",\"name\":\"Inxs - Live From Royal Albert Hall - LP Vinyl - RSD Black Friday 2025 - Rockers Records\",\"isPartOf\":{\"@id\":\"https:\\\/\\\/rockers.de\\\/#website\"},\"datePublished\":\"2025-11-22T09:52:18+00:00\",\"dateModified\":\"2025-11-27T13:26:05+00:00\",\"breadcrumb\":{\"@id\":\"https:\\\/\\\/rockers.de\\\/record\\\/inxs-live-from-royal-albert-hall-lp-vinyl-rsd-black-friday-2025\\\/#breadcrumb\"},\"inLanguage\":\"en-US\",\"potentialAction\":[{\"@type\":\"ReadAction\",\"target\":[\"https:\\\/\\\/rockers.de\\\/record\\\/inxs-live-from-royal-albert-hall-lp-vinyl-rsd-black-friday-2025\\\/\"]}]},{\"@type\":\"BreadcrumbList\",\"@id\":\"https:\\\/\\\/rockers.de\\\/record\\\/inxs-live-from-royal-albert-hall-lp-vinyl-rsd-black-friday-2025\\\/#breadcrumb\",\"itemListElement\":[{\"@type\":\"ListItem\",\"position\":1,\"name\":\"Startseite\",\"item\":\"https:\\\/\\\/rockers.de\\\/\"},{\"@type\":\"ListItem\",\"position\":2,\"name\":\"Shop\",\"item\":\"https:\\\/\\\/rockers.de\\\/shop\\\/\"},{\"@type\":\"ListItem\",\"position\":3,\"name\":\"Inxs &#8211; Live From Royal Albert Hall &#8211; LP Vinyl &#8211; RSD Black Friday 2025\"}]},{\"@type\":\"WebSite\",\"@id\":\"https:\\\/\\\/rockers.de\\\/#website\",\"url\":\"https:\\\/\\\/rockers.de\\\/\",\"name\":\"Rockers Records\",\"description\":\"Dein Schallplatten Store in Hannover\",\"publisher\":{\"@id\":\"https:\\\/\\\/rockers.de\\\/#organization\"},\"potentialAction\":[{\"@type\":\"SearchAction\",\"target\":{\"@type\":\"EntryPoint\",\"urlTemplate\":\"https:\\\/\\\/rockers.de\\\/?s={search_term_string}\"},\"query-input\":{\"@type\":\"PropertyValueSpecification\",\"valueRequired\":true,\"valueName\":\"search_term_string\"}}],\"inLanguage\":\"en-US\"},{\"@type\":\"Organization\",\"@id\":\"https:\\\/\\\/rockers.de\\\/#organization\",\"name\":\"Rockers Records\",\"url\":\"https:\\\/\\\/rockers.de\\\/\",\"logo\":{\"@type\":\"ImageObject\",\"inLanguage\":\"en-US\",\"@id\":\"https:\\\/\\\/rockers.de\\\/#\\\/schema\\\/logo\\\/image\\\/\",\"url\":\"https:\\\/\\\/rockers.de\\\/wp-content\\\/uploads\\\/2022\\\/07\\\/Neue-Website-2022.jpg\",\"contentUrl\":\"https:\\\/\\\/rockers.de\\\/wp-content\\\/uploads\\\/2022\\\/07\\\/Neue-Website-2022.jpg\",\"width\":800,\"height\":800,\"caption\":\"Rockers Records\"},\"image\":{\"@id\":\"https:\\\/\\\/rockers.de\\\/#\\\/schema\\\/logo\\\/image\\\/\"}}]}<\/script>\n<!-- \/ Yoast SEO plugin. -->","yoast_head_json":{"title":"Inxs - Live From Royal Albert Hall - LP Vinyl - RSD Black Friday 2025 - Rockers Records","robots":{"index":"index","follow":"follow","max-snippet":"max-snippet:-1","max-image-preview":"max-image-preview:large","max-video-preview":"max-video-preview:-1"},"canonical":"https:\/\/rockers.de\/en\/record\/inxs-live-from-royal-albert-hall-lp-vinyl-rsd-black-friday-2025\/","og_locale":"en_US","og_type":"article","og_title":"Inxs - Live From Royal Albert Hall - LP Vinyl - RSD Black Friday 2025 - Rockers Records","og_description":"Limited edition RSD Black Friday 2025 release. Eine seltene Live-Aufnahme des Auftritts von INXS am 24. Juni 1986 in der","og_url":"https:\/\/rockers.de\/en\/record\/inxs-live-from-royal-albert-hall-lp-vinyl-rsd-black-friday-2025\/","og_site_name":"Rockers Records","article_modified_time":"2025-11-27T13:26:05+00:00","twitter_card":"summary_large_image","twitter_misc":{"Est. reading time":"1 minute"},"schema":{"@context":"https:\/\/schema.org","@graph":[{"@type":"WebPage","@id":"https:\/\/rockers.de\/record\/inxs-live-from-royal-albert-hall-lp-vinyl-rsd-black-friday-2025\/","url":"https:\/\/rockers.de\/record\/inxs-live-from-royal-albert-hall-lp-vinyl-rsd-black-friday-2025\/","name":"Inxs - Live From Royal Albert Hall - LP Vinyl - RSD Black Friday 2025 - Rockers Records","isPartOf":{"@id":"https:\/\/rockers.de\/#website"},"datePublished":"2025-11-22T09:52:18+00:00","dateModified":"2025-11-27T13:26:05+00:00","breadcrumb":{"@id":"https:\/\/rockers.de\/record\/inxs-live-from-royal-albert-hall-lp-vinyl-rsd-black-friday-2025\/#breadcrumb"},"inLanguage":"en-US","potentialAction":[{"@type":"ReadAction","target":["https:\/\/rockers.de\/record\/inxs-live-from-royal-albert-hall-lp-vinyl-rsd-black-friday-2025\/"]}]},{"@type":"BreadcrumbList","@id":"https:\/\/rockers.de\/record\/inxs-live-from-royal-albert-hall-lp-vinyl-rsd-black-friday-2025\/#breadcrumb","itemListElement":[{"@type":"ListItem","position":1,"name":"Startseite","item":"https:\/\/rockers.de\/"},{"@type":"ListItem","position":2,"name":"Shop","item":"https:\/\/rockers.de\/shop\/"},{"@type":"ListItem","position":3,"name":"Inxs &#8211; Live From Royal Albert Hall &#8211; LP Vinyl &#8211; RSD Black Friday 2025"}]},{"@type":"WebSite","@id":"https:\/\/rockers.de\/#website","url":"https:\/\/rockers.de\/","name":"Rockers Records","description":"Your record store in Hanover","publisher":{"@id":"https:\/\/rockers.de\/#organization"},"potentialAction":[{"@type":"SearchAction","target":{"@type":"EntryPoint","urlTemplate":"https:\/\/rockers.de\/?s={search_term_string}"},"query-input":{"@type":"PropertyValueSpecification","valueRequired":true,"valueName":"search_term_string"}}],"inLanguage":"en-US"},{"@type":"Organization","@id":"https:\/\/rockers.de\/#organization","name":"Rockers Records","url":"https:\/\/rockers.de\/","logo":{"@type":"ImageObject","inLanguage":"en-US","@id":"https:\/\/rockers.de\/#\/schema\/logo\/image\/","url":"https:\/\/rockers.de\/wp-content\/uploads\/2022\/07\/Neue-Website-2022.jpg","contentUrl":"https:\/\/rockers.de\/wp-content\/uploads\/2022\/07\/Neue-Website-2022.jpg","width":800,"height":800,"caption":"Rockers Records"},"image":{"@id":"https:\/\/rockers.de\/#\/schema\/logo\/image\/"}}]}},"_links":{"self":[{"href":"https:\/\/rockers.de\/en\/wp-json\/wp\/v2\/product\/171166","targetHints":{"allow":["GET"]}}],"collection":[{"href":"https:\/\/rockers.de\/en\/wp-json\/wp\/v2\/product"}],"about":[{"href":"https:\/\/rockers.de\/en\/wp-json\/wp\/v2\/types\/product"}],"wp:attachment":[{"href":"https:\/\/rockers.de\/en\/wp-json\/wp\/v2\/media?parent=171166"}],"wp:term":[{"taxonomy":"product_brand","embeddable":true,"href":"https:\/\/rockers.de\/en\/wp-json\/wp\/v2\/product_brand?post=171166"},{"taxonomy":"product_cat","embeddable":true,"href":"https:\/\/rockers.de\/en\/wp-json\/wp\/v2\/product_cat?post=171166"},{"taxonomy":"product_tag","embeddable":true,"href":"https:\/\/rockers.de\/en\/wp-json\/wp\/v2\/product_tag?post=171166"}],"curies":[{"name":"wp","href":"https:\/\/api.w.org\/{rel}","templated":true}]}}