{"id":171164,"date":"2025-11-22T10:52:18","date_gmt":"2025-11-22T09:52:18","guid":{"rendered":"https:\/\/rockers.de\/record\/chappell-roan-the-subway-the-giver-lp-vinyl-rsd-black-friday-2025\/"},"modified":"2025-11-27T14:26:45","modified_gmt":"2025-11-27T13:26:45","slug":"chappell-roan-the-subway-the-giver-lp-vinyl-rsd-black-friday-2025","status":"publish","type":"product","link":"https:\/\/rockers.de\/en\/record\/chappell-roan-the-subway-the-giver-lp-vinyl-rsd-black-friday-2025\/","title":{"rendered":"Chappell Roan &#8211; The Subway \/ The Giver &#8211; LP Vinyl &#8211; RSD Black Friday 2025"},"content":{"rendered":"<p>Limited edition RSD Black Friday 2025 release. Zwei ikonische Pop-Hits, die Chappell Roan erstmals bei Live-Auftritten pr\u00e4sentierte, \u201eThe Subway\u201d und \u201eThe Giver\u201d, zeigen beide ihre beeindruckende Stimme und ihr witziges Songwriting. Mit \u201eThe Subway\u201d wurde eine Hymne auf Herzschmerz, Verlust und das Weitermachen geboren. Auf der B-Seite bedient \u201eThe Giver\u201d Camp und Country und macht deutlich, dass Roan in der Lage ist, eine Vielzahl von Genres mit Leichtigkeit, Authentizit\u00e4t und Individualit\u00e4t zu bedienen. Die A-Seite bringt den Zuh\u00f6renden dazu, in \u00f6ffentlichen Verkehrsmitteln weinen zu wollen, w\u00e4hrend die B-Seite zum Mitsingen und Line Dance animiert.<\/p>","protected":false},"excerpt":{"rendered":"<p>Limited edition RSD Black Friday 2025 release. Zwei ikonische Pop-Hits, die Chappell Roan erstmals bei Live-Auftritten pr\u00e4sentierte, \u201eThe Subway\u201d und<\/p>","protected":false},"featured_media":0,"template":"","meta":{"_acf_changed":false},"product_brand":[],"product_cat":[25995,15],"product_tag":[],"class_list":{"0":"post-171164","1":"product","2":"type-product","3":"status-publish","5":"product_cat-rsd-black-friday-2025","6":"product_cat-unkategorisiert","7":"pa_artist-chappell-roan","8":"pa_att_artist-chappell-roan","9":"pa_att_format-lp-vinyl","10":"pa_att_genre-pop-1990s-2000s","11":"pa_att_label-island","12":"pa_format-lp-vinyl","13":"pa_jahr-23565","14":"pa_label-island","15":"pa_lieferant-universal","17":"first","18":"outofstock","19":"taxable","20":"shipping-taxable","21":"purchasable","22":"product-type-simple"},"acf":[],"yoast_head":"<!-- This site is optimized with the Yoast SEO plugin v27.3 - https:\/\/yoast.com\/product\/yoast-seo-wordpress\/ -->\n<title>Chappell Roan - The Subway \/ The Giver - LP Vinyl - RSD Black Friday 2025 - Rockers Records<\/title>\n<meta name=\"robots\" content=\"index, follow, max-snippet:-1, max-image-preview:large, max-video-preview:-1\" \/>\n<link rel=\"canonical\" href=\"https:\/\/rockers.de\/en\/record\/chappell-roan-the-subway-the-giver-lp-vinyl-rsd-black-friday-2025\/\" \/>\n<meta property=\"og:locale\" content=\"en_US\" \/>\n<meta property=\"og:type\" content=\"article\" \/>\n<meta property=\"og:title\" content=\"Chappell Roan - The Subway \/ The Giver - LP Vinyl - RSD Black Friday 2025 - Rockers Records\" \/>\n<meta property=\"og:description\" content=\"Limited edition RSD Black Friday 2025 release. Zwei ikonische Pop-Hits, die Chappell Roan erstmals bei Live-Auftritten pr\u00e4sentierte, \u201eThe Subway\u201d und\" \/>\n<meta property=\"og:url\" content=\"https:\/\/rockers.de\/en\/record\/chappell-roan-the-subway-the-giver-lp-vinyl-rsd-black-friday-2025\/\" \/>\n<meta property=\"og:site_name\" content=\"Rockers Records\" \/>\n<meta property=\"article:modified_time\" content=\"2025-11-27T13:26:45+00:00\" \/>\n<meta name=\"twitter:card\" content=\"summary_large_image\" \/>\n<meta name=\"twitter:label1\" content=\"Est. reading time\" \/>\n\t<meta name=\"twitter:data1\" content=\"1 minute\" \/>\n<script type=\"application\/ld+json\" class=\"yoast-schema-graph\">{\"@context\":\"https:\\\/\\\/schema.org\",\"@graph\":[{\"@type\":\"WebPage\",\"@id\":\"https:\\\/\\\/rockers.de\\\/record\\\/chappell-roan-the-subway-the-giver-lp-vinyl-rsd-black-friday-2025\\\/\",\"url\":\"https:\\\/\\\/rockers.de\\\/record\\\/chappell-roan-the-subway-the-giver-lp-vinyl-rsd-black-friday-2025\\\/\",\"name\":\"Chappell Roan - The Subway \\\/ The Giver - LP Vinyl - RSD Black Friday 2025 - Rockers Records\",\"isPartOf\":{\"@id\":\"https:\\\/\\\/rockers.de\\\/#website\"},\"datePublished\":\"2025-11-22T09:52:18+00:00\",\"dateModified\":\"2025-11-27T13:26:45+00:00\",\"breadcrumb\":{\"@id\":\"https:\\\/\\\/rockers.de\\\/record\\\/chappell-roan-the-subway-the-giver-lp-vinyl-rsd-black-friday-2025\\\/#breadcrumb\"},\"inLanguage\":\"en-US\",\"potentialAction\":[{\"@type\":\"ReadAction\",\"target\":[\"https:\\\/\\\/rockers.de\\\/record\\\/chappell-roan-the-subway-the-giver-lp-vinyl-rsd-black-friday-2025\\\/\"]}]},{\"@type\":\"BreadcrumbList\",\"@id\":\"https:\\\/\\\/rockers.de\\\/record\\\/chappell-roan-the-subway-the-giver-lp-vinyl-rsd-black-friday-2025\\\/#breadcrumb\",\"itemListElement\":[{\"@type\":\"ListItem\",\"position\":1,\"name\":\"Startseite\",\"item\":\"https:\\\/\\\/rockers.de\\\/\"},{\"@type\":\"ListItem\",\"position\":2,\"name\":\"Shop\",\"item\":\"https:\\\/\\\/rockers.de\\\/shop\\\/\"},{\"@type\":\"ListItem\",\"position\":3,\"name\":\"Chappell Roan &#8211; The Subway \\\/ The Giver &#8211; LP Vinyl &#8211; RSD Black Friday 2025\"}]},{\"@type\":\"WebSite\",\"@id\":\"https:\\\/\\\/rockers.de\\\/#website\",\"url\":\"https:\\\/\\\/rockers.de\\\/\",\"name\":\"Rockers Records\",\"description\":\"Dein Schallplatten Store in Hannover\",\"publisher\":{\"@id\":\"https:\\\/\\\/rockers.de\\\/#organization\"},\"potentialAction\":[{\"@type\":\"SearchAction\",\"target\":{\"@type\":\"EntryPoint\",\"urlTemplate\":\"https:\\\/\\\/rockers.de\\\/?s={search_term_string}\"},\"query-input\":{\"@type\":\"PropertyValueSpecification\",\"valueRequired\":true,\"valueName\":\"search_term_string\"}}],\"inLanguage\":\"en-US\"},{\"@type\":\"Organization\",\"@id\":\"https:\\\/\\\/rockers.de\\\/#organization\",\"name\":\"Rockers Records\",\"url\":\"https:\\\/\\\/rockers.de\\\/\",\"logo\":{\"@type\":\"ImageObject\",\"inLanguage\":\"en-US\",\"@id\":\"https:\\\/\\\/rockers.de\\\/#\\\/schema\\\/logo\\\/image\\\/\",\"url\":\"https:\\\/\\\/rockers.de\\\/wp-content\\\/uploads\\\/2022\\\/07\\\/Neue-Website-2022.jpg\",\"contentUrl\":\"https:\\\/\\\/rockers.de\\\/wp-content\\\/uploads\\\/2022\\\/07\\\/Neue-Website-2022.jpg\",\"width\":800,\"height\":800,\"caption\":\"Rockers Records\"},\"image\":{\"@id\":\"https:\\\/\\\/rockers.de\\\/#\\\/schema\\\/logo\\\/image\\\/\"}}]}<\/script>\n<!-- \/ Yoast SEO plugin. -->","yoast_head_json":{"title":"Chappell Roan - The Subway \/ The Giver - LP Vinyl - RSD Black Friday 2025 - Rockers Records","robots":{"index":"index","follow":"follow","max-snippet":"max-snippet:-1","max-image-preview":"max-image-preview:large","max-video-preview":"max-video-preview:-1"},"canonical":"https:\/\/rockers.de\/en\/record\/chappell-roan-the-subway-the-giver-lp-vinyl-rsd-black-friday-2025\/","og_locale":"en_US","og_type":"article","og_title":"Chappell Roan - The Subway \/ The Giver - LP Vinyl - RSD Black Friday 2025 - Rockers Records","og_description":"Limited edition RSD Black Friday 2025 release. Zwei ikonische Pop-Hits, die Chappell Roan erstmals bei Live-Auftritten pr\u00e4sentierte, \u201eThe Subway\u201d und","og_url":"https:\/\/rockers.de\/en\/record\/chappell-roan-the-subway-the-giver-lp-vinyl-rsd-black-friday-2025\/","og_site_name":"Rockers Records","article_modified_time":"2025-11-27T13:26:45+00:00","twitter_card":"summary_large_image","twitter_misc":{"Est. reading time":"1 minute"},"schema":{"@context":"https:\/\/schema.org","@graph":[{"@type":"WebPage","@id":"https:\/\/rockers.de\/record\/chappell-roan-the-subway-the-giver-lp-vinyl-rsd-black-friday-2025\/","url":"https:\/\/rockers.de\/record\/chappell-roan-the-subway-the-giver-lp-vinyl-rsd-black-friday-2025\/","name":"Chappell Roan - The Subway \/ The Giver - LP Vinyl - RSD Black Friday 2025 - Rockers Records","isPartOf":{"@id":"https:\/\/rockers.de\/#website"},"datePublished":"2025-11-22T09:52:18+00:00","dateModified":"2025-11-27T13:26:45+00:00","breadcrumb":{"@id":"https:\/\/rockers.de\/record\/chappell-roan-the-subway-the-giver-lp-vinyl-rsd-black-friday-2025\/#breadcrumb"},"inLanguage":"en-US","potentialAction":[{"@type":"ReadAction","target":["https:\/\/rockers.de\/record\/chappell-roan-the-subway-the-giver-lp-vinyl-rsd-black-friday-2025\/"]}]},{"@type":"BreadcrumbList","@id":"https:\/\/rockers.de\/record\/chappell-roan-the-subway-the-giver-lp-vinyl-rsd-black-friday-2025\/#breadcrumb","itemListElement":[{"@type":"ListItem","position":1,"name":"Startseite","item":"https:\/\/rockers.de\/"},{"@type":"ListItem","position":2,"name":"Shop","item":"https:\/\/rockers.de\/shop\/"},{"@type":"ListItem","position":3,"name":"Chappell Roan &#8211; The Subway \/ The Giver &#8211; LP Vinyl &#8211; RSD Black Friday 2025"}]},{"@type":"WebSite","@id":"https:\/\/rockers.de\/#website","url":"https:\/\/rockers.de\/","name":"Rockers Records","description":"Your record store in Hanover","publisher":{"@id":"https:\/\/rockers.de\/#organization"},"potentialAction":[{"@type":"SearchAction","target":{"@type":"EntryPoint","urlTemplate":"https:\/\/rockers.de\/?s={search_term_string}"},"query-input":{"@type":"PropertyValueSpecification","valueRequired":true,"valueName":"search_term_string"}}],"inLanguage":"en-US"},{"@type":"Organization","@id":"https:\/\/rockers.de\/#organization","name":"Rockers Records","url":"https:\/\/rockers.de\/","logo":{"@type":"ImageObject","inLanguage":"en-US","@id":"https:\/\/rockers.de\/#\/schema\/logo\/image\/","url":"https:\/\/rockers.de\/wp-content\/uploads\/2022\/07\/Neue-Website-2022.jpg","contentUrl":"https:\/\/rockers.de\/wp-content\/uploads\/2022\/07\/Neue-Website-2022.jpg","width":800,"height":800,"caption":"Rockers Records"},"image":{"@id":"https:\/\/rockers.de\/#\/schema\/logo\/image\/"}}]}},"_links":{"self":[{"href":"https:\/\/rockers.de\/en\/wp-json\/wp\/v2\/product\/171164","targetHints":{"allow":["GET"]}}],"collection":[{"href":"https:\/\/rockers.de\/en\/wp-json\/wp\/v2\/product"}],"about":[{"href":"https:\/\/rockers.de\/en\/wp-json\/wp\/v2\/types\/product"}],"wp:attachment":[{"href":"https:\/\/rockers.de\/en\/wp-json\/wp\/v2\/media?parent=171164"}],"wp:term":[{"taxonomy":"product_brand","embeddable":true,"href":"https:\/\/rockers.de\/en\/wp-json\/wp\/v2\/product_brand?post=171164"},{"taxonomy":"product_cat","embeddable":true,"href":"https:\/\/rockers.de\/en\/wp-json\/wp\/v2\/product_cat?post=171164"},{"taxonomy":"product_tag","embeddable":true,"href":"https:\/\/rockers.de\/en\/wp-json\/wp\/v2\/product_tag?post=171164"}],"curies":[{"name":"wp","href":"https:\/\/api.w.org\/{rel}","templated":true}]}}