{"id":165631,"date":"2025-09-22T13:20:13","date_gmt":"2025-09-22T11:20:13","guid":{"rendered":"https:\/\/rockers.de\/?post_type=product&#038;p=165631"},"modified":"2025-10-01T22:15:05","modified_gmt":"2025-10-01T20:15:05","slug":"versus-x-primordial-ocean-cd","status":"publish","type":"product","link":"https:\/\/rockers.de\/en\/record\/versus-x-primordial-ocean-cd\/","title":{"rendered":"Versus X-Primordial Ocean -CD"},"content":{"rendered":"<p>All tracks arranged and performed by Versus X, recorded 2005-2007 in Frankfurt am Main.<br \/>\nAll compositions by Ekkehard Nahm and Arne Sch\u00e4fer with additional material by Thomas Keller, Uwe V\u00f6llmar and J\u00f6rg Fischer.<br \/>\nAll lyrics Arne Sch\u00e4fer.<\/p>\n<p>Copyright for all by Vesus X<\/p>\n<p>Printed on back inlay:<br \/>\n\u00a9 2008 Versus X and Musea<br \/>\nVersus X &#8211; FGBG 4756.AR<\/p>\n<p>Package in a standard jewel case with black tray and 12-page booklet.<\/p>","protected":false},"excerpt":{"rendered":"<p>All tracks arranged and performed by Versus X, recorded 2005-2007 in Frankfurt am Main.<br \/>\nAll compositions by Ekkehard Nahm and Arne Sch\u00e4fer with additional material by Thomas Keller, Uwe V\u00f6llmar and J\u00f6rg Fischer.<br \/>\nAll lyrics Arne Sch\u00e4fer.<\/p>\n<p>Copyright for all by Vesus X<\/p>\n<p>Printed on back inlay:<br \/>\n\u00a9 2008 Versus X and Musea<br \/>\nVersus X &#8211; FGBG 4756.AR<\/p>\n<p>Package in a standard jewel case with black tray and 12-page booklet.<\/p>","protected":false},"featured_media":165633,"template":"","meta":{"_acf_changed":false},"product_brand":[],"product_cat":[175],"product_tag":[],"class_list":{"0":"post-165631","1":"product","2":"type-product","3":"status-publish","4":"has-post-thumbnail","6":"product_cat-rock","7":"pa_att_artist-versus-x","8":"pa_att_format-cd","9":"pa_att_genre-rock","10":"pa_att_jahr-169","11":"pa_att_label-musea","12":"pa_att_land-france","14":"first","15":"outofstock","16":"taxable","17":"shipping-taxable","18":"purchasable","19":"product-type-simple"},"acf":[],"yoast_head":"<!-- This site is optimized with the Yoast SEO plugin v27.3 - https:\/\/yoast.com\/product\/yoast-seo-wordpress\/ -->\n<title>Versus X-Primordial Ocean -CD - Rockers Records<\/title>\n<meta name=\"robots\" content=\"index, follow, max-snippet:-1, max-image-preview:large, max-video-preview:-1\" \/>\n<link rel=\"canonical\" href=\"https:\/\/rockers.de\/en\/record\/versus-x-primordial-ocean-cd\/\" \/>\n<meta property=\"og:locale\" content=\"en_US\" \/>\n<meta property=\"og:type\" content=\"article\" \/>\n<meta property=\"og:title\" content=\"Versus X-Primordial Ocean -CD - Rockers Records\" \/>\n<meta property=\"og:description\" content=\"All tracks arranged and performed by Versus X, recorded 2005-2007 in Frankfurt am Main. All compositions by Ekkehard Nahm and Arne Sch\u00e4fer with additional material by Thomas Keller, Uwe V\u00f6llmar and J\u00f6rg Fischer. All lyrics Arne Sch\u00e4fer.  Copyright for all by Vesus X  Printed on back inlay: \u00a9 2008 Versus X and Musea Versus X - FGBG 4756.AR  Package in a standard jewel case with black tray and 12-page booklet.\" \/>\n<meta property=\"og:url\" content=\"https:\/\/rockers.de\/en\/record\/versus-x-primordial-ocean-cd\/\" \/>\n<meta property=\"og:site_name\" content=\"Rockers Records\" \/>\n<meta property=\"article:modified_time\" content=\"2025-10-01T20:15:05+00:00\" \/>\n<meta property=\"og:image\" content=\"https:\/\/rockers.de\/wp-content\/uploads\/2025\/09\/Versus-X-Primordial-Ocean-CD-1.jpg\" \/>\n\t<meta property=\"og:image:width\" content=\"854\" \/>\n\t<meta property=\"og:image:height\" content=\"741\" \/>\n\t<meta property=\"og:image:type\" content=\"image\/jpeg\" \/>\n<meta name=\"twitter:card\" content=\"summary_large_image\" \/>\n<meta name=\"twitter:label1\" content=\"Est. reading time\" \/>\n\t<meta name=\"twitter:data1\" content=\"1 minute\" \/>\n<script type=\"application\/ld+json\" class=\"yoast-schema-graph\">{\"@context\":\"https:\\\/\\\/schema.org\",\"@graph\":[{\"@type\":\"WebPage\",\"@id\":\"https:\\\/\\\/rockers.de\\\/record\\\/versus-x-primordial-ocean-cd\\\/\",\"url\":\"https:\\\/\\\/rockers.de\\\/record\\\/versus-x-primordial-ocean-cd\\\/\",\"name\":\"Versus X-Primordial Ocean -CD - Rockers Records\",\"isPartOf\":{\"@id\":\"https:\\\/\\\/rockers.de\\\/#website\"},\"primaryImageOfPage\":{\"@id\":\"https:\\\/\\\/rockers.de\\\/record\\\/versus-x-primordial-ocean-cd\\\/#primaryimage\"},\"image\":{\"@id\":\"https:\\\/\\\/rockers.de\\\/record\\\/versus-x-primordial-ocean-cd\\\/#primaryimage\"},\"thumbnailUrl\":\"https:\\\/\\\/rockers.de\\\/wp-content\\\/uploads\\\/2025\\\/09\\\/Versus-X-Primordial-Ocean-CD-1.jpg\",\"datePublished\":\"2025-09-22T11:20:13+00:00\",\"dateModified\":\"2025-10-01T20:15:05+00:00\",\"breadcrumb\":{\"@id\":\"https:\\\/\\\/rockers.de\\\/record\\\/versus-x-primordial-ocean-cd\\\/#breadcrumb\"},\"inLanguage\":\"en-US\",\"potentialAction\":[{\"@type\":\"ReadAction\",\"target\":[\"https:\\\/\\\/rockers.de\\\/record\\\/versus-x-primordial-ocean-cd\\\/\"]}]},{\"@type\":\"ImageObject\",\"inLanguage\":\"en-US\",\"@id\":\"https:\\\/\\\/rockers.de\\\/record\\\/versus-x-primordial-ocean-cd\\\/#primaryimage\",\"url\":\"https:\\\/\\\/rockers.de\\\/wp-content\\\/uploads\\\/2025\\\/09\\\/Versus-X-Primordial-Ocean-CD-1.jpg\",\"contentUrl\":\"https:\\\/\\\/rockers.de\\\/wp-content\\\/uploads\\\/2025\\\/09\\\/Versus-X-Primordial-Ocean-CD-1.jpg\",\"width\":854,\"height\":741,\"caption\":\"Versus X-Primordial Ocean -CD\"},{\"@type\":\"BreadcrumbList\",\"@id\":\"https:\\\/\\\/rockers.de\\\/record\\\/versus-x-primordial-ocean-cd\\\/#breadcrumb\",\"itemListElement\":[{\"@type\":\"ListItem\",\"position\":1,\"name\":\"Startseite\",\"item\":\"https:\\\/\\\/rockers.de\\\/\"},{\"@type\":\"ListItem\",\"position\":2,\"name\":\"Shop\",\"item\":\"https:\\\/\\\/rockers.de\\\/shop\\\/\"},{\"@type\":\"ListItem\",\"position\":3,\"name\":\"Versus X-Primordial Ocean -CD\"}]},{\"@type\":\"WebSite\",\"@id\":\"https:\\\/\\\/rockers.de\\\/#website\",\"url\":\"https:\\\/\\\/rockers.de\\\/\",\"name\":\"Rockers Records\",\"description\":\"Dein Schallplatten Store in Hannover\",\"publisher\":{\"@id\":\"https:\\\/\\\/rockers.de\\\/#organization\"},\"potentialAction\":[{\"@type\":\"SearchAction\",\"target\":{\"@type\":\"EntryPoint\",\"urlTemplate\":\"https:\\\/\\\/rockers.de\\\/?s={search_term_string}\"},\"query-input\":{\"@type\":\"PropertyValueSpecification\",\"valueRequired\":true,\"valueName\":\"search_term_string\"}}],\"inLanguage\":\"en-US\"},{\"@type\":\"Organization\",\"@id\":\"https:\\\/\\\/rockers.de\\\/#organization\",\"name\":\"Rockers Records\",\"url\":\"https:\\\/\\\/rockers.de\\\/\",\"logo\":{\"@type\":\"ImageObject\",\"inLanguage\":\"en-US\",\"@id\":\"https:\\\/\\\/rockers.de\\\/#\\\/schema\\\/logo\\\/image\\\/\",\"url\":\"https:\\\/\\\/rockers.de\\\/wp-content\\\/uploads\\\/2022\\\/07\\\/Neue-Website-2022.jpg\",\"contentUrl\":\"https:\\\/\\\/rockers.de\\\/wp-content\\\/uploads\\\/2022\\\/07\\\/Neue-Website-2022.jpg\",\"width\":800,\"height\":800,\"caption\":\"Rockers Records\"},\"image\":{\"@id\":\"https:\\\/\\\/rockers.de\\\/#\\\/schema\\\/logo\\\/image\\\/\"}}]}<\/script>\n<!-- \/ Yoast SEO plugin. -->","yoast_head_json":{"title":"Versus X-Primordial Ocean -CD - Rockers Records","robots":{"index":"index","follow":"follow","max-snippet":"max-snippet:-1","max-image-preview":"max-image-preview:large","max-video-preview":"max-video-preview:-1"},"canonical":"https:\/\/rockers.de\/en\/record\/versus-x-primordial-ocean-cd\/","og_locale":"en_US","og_type":"article","og_title":"Versus X-Primordial Ocean -CD - Rockers Records","og_description":"All tracks arranged and performed by Versus X, recorded 2005-2007 in Frankfurt am Main. All compositions by Ekkehard Nahm and Arne Sch\u00e4fer with additional material by Thomas Keller, Uwe V\u00f6llmar and J\u00f6rg Fischer. All lyrics Arne Sch\u00e4fer.  Copyright for all by Vesus X  Printed on back inlay: \u00a9 2008 Versus X and Musea Versus X - FGBG 4756.AR  Package in a standard jewel case with black tray and 12-page booklet.","og_url":"https:\/\/rockers.de\/en\/record\/versus-x-primordial-ocean-cd\/","og_site_name":"Rockers Records","article_modified_time":"2025-10-01T20:15:05+00:00","og_image":[{"width":854,"height":741,"url":"https:\/\/rockers.de\/wp-content\/uploads\/2025\/09\/Versus-X-Primordial-Ocean-CD-1.jpg","type":"image\/jpeg"}],"twitter_card":"summary_large_image","twitter_misc":{"Est. reading time":"1 minute"},"schema":{"@context":"https:\/\/schema.org","@graph":[{"@type":"WebPage","@id":"https:\/\/rockers.de\/record\/versus-x-primordial-ocean-cd\/","url":"https:\/\/rockers.de\/record\/versus-x-primordial-ocean-cd\/","name":"Versus X-Primordial Ocean -CD - Rockers Records","isPartOf":{"@id":"https:\/\/rockers.de\/#website"},"primaryImageOfPage":{"@id":"https:\/\/rockers.de\/record\/versus-x-primordial-ocean-cd\/#primaryimage"},"image":{"@id":"https:\/\/rockers.de\/record\/versus-x-primordial-ocean-cd\/#primaryimage"},"thumbnailUrl":"https:\/\/rockers.de\/wp-content\/uploads\/2025\/09\/Versus-X-Primordial-Ocean-CD-1.jpg","datePublished":"2025-09-22T11:20:13+00:00","dateModified":"2025-10-01T20:15:05+00:00","breadcrumb":{"@id":"https:\/\/rockers.de\/record\/versus-x-primordial-ocean-cd\/#breadcrumb"},"inLanguage":"en-US","potentialAction":[{"@type":"ReadAction","target":["https:\/\/rockers.de\/record\/versus-x-primordial-ocean-cd\/"]}]},{"@type":"ImageObject","inLanguage":"en-US","@id":"https:\/\/rockers.de\/record\/versus-x-primordial-ocean-cd\/#primaryimage","url":"https:\/\/rockers.de\/wp-content\/uploads\/2025\/09\/Versus-X-Primordial-Ocean-CD-1.jpg","contentUrl":"https:\/\/rockers.de\/wp-content\/uploads\/2025\/09\/Versus-X-Primordial-Ocean-CD-1.jpg","width":854,"height":741,"caption":"Versus X-Primordial Ocean -CD"},{"@type":"BreadcrumbList","@id":"https:\/\/rockers.de\/record\/versus-x-primordial-ocean-cd\/#breadcrumb","itemListElement":[{"@type":"ListItem","position":1,"name":"Startseite","item":"https:\/\/rockers.de\/"},{"@type":"ListItem","position":2,"name":"Shop","item":"https:\/\/rockers.de\/shop\/"},{"@type":"ListItem","position":3,"name":"Versus X-Primordial Ocean -CD"}]},{"@type":"WebSite","@id":"https:\/\/rockers.de\/#website","url":"https:\/\/rockers.de\/","name":"Rockers Records","description":"Your record store in Hanover","publisher":{"@id":"https:\/\/rockers.de\/#organization"},"potentialAction":[{"@type":"SearchAction","target":{"@type":"EntryPoint","urlTemplate":"https:\/\/rockers.de\/?s={search_term_string}"},"query-input":{"@type":"PropertyValueSpecification","valueRequired":true,"valueName":"search_term_string"}}],"inLanguage":"en-US"},{"@type":"Organization","@id":"https:\/\/rockers.de\/#organization","name":"Rockers Records","url":"https:\/\/rockers.de\/","logo":{"@type":"ImageObject","inLanguage":"en-US","@id":"https:\/\/rockers.de\/#\/schema\/logo\/image\/","url":"https:\/\/rockers.de\/wp-content\/uploads\/2022\/07\/Neue-Website-2022.jpg","contentUrl":"https:\/\/rockers.de\/wp-content\/uploads\/2022\/07\/Neue-Website-2022.jpg","width":800,"height":800,"caption":"Rockers Records"},"image":{"@id":"https:\/\/rockers.de\/#\/schema\/logo\/image\/"}}]}},"_links":{"self":[{"href":"https:\/\/rockers.de\/en\/wp-json\/wp\/v2\/product\/165631","targetHints":{"allow":["GET"]}}],"collection":[{"href":"https:\/\/rockers.de\/en\/wp-json\/wp\/v2\/product"}],"about":[{"href":"https:\/\/rockers.de\/en\/wp-json\/wp\/v2\/types\/product"}],"wp:featuredmedia":[{"embeddable":true,"href":"https:\/\/rockers.de\/en\/wp-json\/wp\/v2\/media\/165633"}],"wp:attachment":[{"href":"https:\/\/rockers.de\/en\/wp-json\/wp\/v2\/media?parent=165631"}],"wp:term":[{"taxonomy":"product_brand","embeddable":true,"href":"https:\/\/rockers.de\/en\/wp-json\/wp\/v2\/product_brand?post=165631"},{"taxonomy":"product_cat","embeddable":true,"href":"https:\/\/rockers.de\/en\/wp-json\/wp\/v2\/product_cat?post=165631"},{"taxonomy":"product_tag","embeddable":true,"href":"https:\/\/rockers.de\/en\/wp-json\/wp\/v2\/product_tag?post=165631"}],"curies":[{"name":"wp","href":"https:\/\/api.w.org\/{rel}","templated":true}]}}