{"id":165623,"date":"2025-09-22T13:14:14","date_gmt":"2025-09-22T11:14:14","guid":{"rendered":"https:\/\/rockers.de\/?post_type=product&#038;p=165623"},"modified":"2025-09-22T13:14:14","modified_gmt":"2025-09-22T11:14:14","slug":"hurriganes-live-in-hamina-1973-cd","status":"publish","type":"product","link":"https:\/\/rockers.de\/en\/record\/hurriganes-live-in-hamina-1973-cd\/","title":{"rendered":"Hurriganes-Live In Hamina 1973-CD"},"content":{"rendered":"<p>Digipak.<\/p>","protected":false},"excerpt":{"rendered":"<p>\u00c4\u00e4nitetty Haminan Ty\u00f6v\u00e4en talolla (Recorded at Hamina Ty\u00f6v\u00e4entalo) 21.3.1973<br \/>\nTracks 4, 5, 6, 7, 10 ja 11 recorded in Helsinki on 24 March 1973 with crowd noise from Hamina added on.<br \/>\n(C) &amp; (P) Siboney 2011<br \/>\nDigipak<\/p>","protected":false},"featured_media":165625,"template":"","meta":{"_acf_changed":false},"product_brand":[],"product_cat":[175],"product_tag":[],"class_list":{"0":"post-165623","1":"product","2":"type-product","3":"status-publish","4":"has-post-thumbnail","6":"product_cat-rock","7":"pa_att_artist-hurriganes","8":"pa_att_format-cd","9":"pa_att_genre-rock","10":"pa_att_jahr-534","11":"pa_att_label-love-records-4","12":"pa_att_land-finland","14":"first","15":"instock","16":"taxable","17":"shipping-taxable","18":"purchasable","19":"product-type-simple"},"acf":[],"yoast_head":"<!-- This site is optimized with the Yoast SEO plugin v27.3 - https:\/\/yoast.com\/product\/yoast-seo-wordpress\/ -->\n<title>Hurriganes-Live In Hamina 1973-CD - Rockers Records<\/title>\n<meta name=\"robots\" content=\"index, follow, max-snippet:-1, max-image-preview:large, max-video-preview:-1\" \/>\n<link rel=\"canonical\" href=\"https:\/\/rockers.de\/en\/record\/hurriganes-live-in-hamina-1973-cd\/\" \/>\n<meta property=\"og:locale\" content=\"en_US\" \/>\n<meta property=\"og:type\" content=\"article\" \/>\n<meta property=\"og:title\" content=\"Hurriganes-Live In Hamina 1973-CD - Rockers Records\" \/>\n<meta property=\"og:description\" content=\"\u00c4\u00e4nitetty Haminan Ty\u00f6v\u00e4en talolla (Recorded at Hamina Ty\u00f6v\u00e4entalo) 21.3.1973 Tracks 4, 5, 6, 7, 10 ja 11 recorded in Helsinki on 24 March 1973 with crowd noise from Hamina added on. (C) &amp; (P) Siboney 2011 Digipak\" \/>\n<meta property=\"og:url\" content=\"https:\/\/rockers.de\/en\/record\/hurriganes-live-in-hamina-1973-cd\/\" \/>\n<meta property=\"og:site_name\" content=\"Rockers Records\" \/>\n<meta property=\"og:image\" content=\"https:\/\/rockers.de\/wp-content\/uploads\/2025\/09\/Hurriganes-Live-In-Hamina-1973-CD-1.jpg\" \/>\n\t<meta property=\"og:image:width\" content=\"854\" \/>\n\t<meta property=\"og:image:height\" content=\"741\" \/>\n\t<meta property=\"og:image:type\" content=\"image\/jpeg\" \/>\n<meta name=\"twitter:card\" content=\"summary_large_image\" \/>\n<meta name=\"twitter:label1\" content=\"Est. reading time\" \/>\n\t<meta name=\"twitter:data1\" content=\"1 minute\" \/>\n<script type=\"application\/ld+json\" class=\"yoast-schema-graph\">{\"@context\":\"https:\\\/\\\/schema.org\",\"@graph\":[{\"@type\":\"WebPage\",\"@id\":\"https:\\\/\\\/rockers.de\\\/record\\\/hurriganes-live-in-hamina-1973-cd\\\/\",\"url\":\"https:\\\/\\\/rockers.de\\\/record\\\/hurriganes-live-in-hamina-1973-cd\\\/\",\"name\":\"Hurriganes-Live In Hamina 1973-CD - Rockers Records\",\"isPartOf\":{\"@id\":\"https:\\\/\\\/rockers.de\\\/#website\"},\"primaryImageOfPage\":{\"@id\":\"https:\\\/\\\/rockers.de\\\/record\\\/hurriganes-live-in-hamina-1973-cd\\\/#primaryimage\"},\"image\":{\"@id\":\"https:\\\/\\\/rockers.de\\\/record\\\/hurriganes-live-in-hamina-1973-cd\\\/#primaryimage\"},\"thumbnailUrl\":\"https:\\\/\\\/rockers.de\\\/wp-content\\\/uploads\\\/2025\\\/09\\\/Hurriganes-Live-In-Hamina-1973-CD-1.jpg\",\"datePublished\":\"2025-09-22T11:14:14+00:00\",\"breadcrumb\":{\"@id\":\"https:\\\/\\\/rockers.de\\\/record\\\/hurriganes-live-in-hamina-1973-cd\\\/#breadcrumb\"},\"inLanguage\":\"en-US\",\"potentialAction\":[{\"@type\":\"ReadAction\",\"target\":[\"https:\\\/\\\/rockers.de\\\/record\\\/hurriganes-live-in-hamina-1973-cd\\\/\"]}]},{\"@type\":\"ImageObject\",\"inLanguage\":\"en-US\",\"@id\":\"https:\\\/\\\/rockers.de\\\/record\\\/hurriganes-live-in-hamina-1973-cd\\\/#primaryimage\",\"url\":\"https:\\\/\\\/rockers.de\\\/wp-content\\\/uploads\\\/2025\\\/09\\\/Hurriganes-Live-In-Hamina-1973-CD-1.jpg\",\"contentUrl\":\"https:\\\/\\\/rockers.de\\\/wp-content\\\/uploads\\\/2025\\\/09\\\/Hurriganes-Live-In-Hamina-1973-CD-1.jpg\",\"width\":854,\"height\":741,\"caption\":\"Hurriganes-Live In Hamina 1973-CD\"},{\"@type\":\"BreadcrumbList\",\"@id\":\"https:\\\/\\\/rockers.de\\\/record\\\/hurriganes-live-in-hamina-1973-cd\\\/#breadcrumb\",\"itemListElement\":[{\"@type\":\"ListItem\",\"position\":1,\"name\":\"Startseite\",\"item\":\"https:\\\/\\\/rockers.de\\\/\"},{\"@type\":\"ListItem\",\"position\":2,\"name\":\"Shop\",\"item\":\"https:\\\/\\\/rockers.de\\\/shop\\\/\"},{\"@type\":\"ListItem\",\"position\":3,\"name\":\"Hurriganes-Live In Hamina 1973-CD\"}]},{\"@type\":\"WebSite\",\"@id\":\"https:\\\/\\\/rockers.de\\\/#website\",\"url\":\"https:\\\/\\\/rockers.de\\\/\",\"name\":\"Rockers Records\",\"description\":\"Dein Schallplatten Store in Hannover\",\"publisher\":{\"@id\":\"https:\\\/\\\/rockers.de\\\/#organization\"},\"potentialAction\":[{\"@type\":\"SearchAction\",\"target\":{\"@type\":\"EntryPoint\",\"urlTemplate\":\"https:\\\/\\\/rockers.de\\\/?s={search_term_string}\"},\"query-input\":{\"@type\":\"PropertyValueSpecification\",\"valueRequired\":true,\"valueName\":\"search_term_string\"}}],\"inLanguage\":\"en-US\"},{\"@type\":\"Organization\",\"@id\":\"https:\\\/\\\/rockers.de\\\/#organization\",\"name\":\"Rockers Records\",\"url\":\"https:\\\/\\\/rockers.de\\\/\",\"logo\":{\"@type\":\"ImageObject\",\"inLanguage\":\"en-US\",\"@id\":\"https:\\\/\\\/rockers.de\\\/#\\\/schema\\\/logo\\\/image\\\/\",\"url\":\"https:\\\/\\\/rockers.de\\\/wp-content\\\/uploads\\\/2022\\\/07\\\/Neue-Website-2022.jpg\",\"contentUrl\":\"https:\\\/\\\/rockers.de\\\/wp-content\\\/uploads\\\/2022\\\/07\\\/Neue-Website-2022.jpg\",\"width\":800,\"height\":800,\"caption\":\"Rockers Records\"},\"image\":{\"@id\":\"https:\\\/\\\/rockers.de\\\/#\\\/schema\\\/logo\\\/image\\\/\"}}]}<\/script>\n<!-- \/ Yoast SEO plugin. -->","yoast_head_json":{"title":"Hurriganes-Live In Hamina 1973-CD - Rockers Records","robots":{"index":"index","follow":"follow","max-snippet":"max-snippet:-1","max-image-preview":"max-image-preview:large","max-video-preview":"max-video-preview:-1"},"canonical":"https:\/\/rockers.de\/en\/record\/hurriganes-live-in-hamina-1973-cd\/","og_locale":"en_US","og_type":"article","og_title":"Hurriganes-Live In Hamina 1973-CD - Rockers Records","og_description":"\u00c4\u00e4nitetty Haminan Ty\u00f6v\u00e4en talolla (Recorded at Hamina Ty\u00f6v\u00e4entalo) 21.3.1973 Tracks 4, 5, 6, 7, 10 ja 11 recorded in Helsinki on 24 March 1973 with crowd noise from Hamina added on. (C) &amp; (P) Siboney 2011 Digipak","og_url":"https:\/\/rockers.de\/en\/record\/hurriganes-live-in-hamina-1973-cd\/","og_site_name":"Rockers Records","og_image":[{"width":854,"height":741,"url":"https:\/\/rockers.de\/wp-content\/uploads\/2025\/09\/Hurriganes-Live-In-Hamina-1973-CD-1.jpg","type":"image\/jpeg"}],"twitter_card":"summary_large_image","twitter_misc":{"Est. reading time":"1 minute"},"schema":{"@context":"https:\/\/schema.org","@graph":[{"@type":"WebPage","@id":"https:\/\/rockers.de\/record\/hurriganes-live-in-hamina-1973-cd\/","url":"https:\/\/rockers.de\/record\/hurriganes-live-in-hamina-1973-cd\/","name":"Hurriganes-Live In Hamina 1973-CD - Rockers Records","isPartOf":{"@id":"https:\/\/rockers.de\/#website"},"primaryImageOfPage":{"@id":"https:\/\/rockers.de\/record\/hurriganes-live-in-hamina-1973-cd\/#primaryimage"},"image":{"@id":"https:\/\/rockers.de\/record\/hurriganes-live-in-hamina-1973-cd\/#primaryimage"},"thumbnailUrl":"https:\/\/rockers.de\/wp-content\/uploads\/2025\/09\/Hurriganes-Live-In-Hamina-1973-CD-1.jpg","datePublished":"2025-09-22T11:14:14+00:00","breadcrumb":{"@id":"https:\/\/rockers.de\/record\/hurriganes-live-in-hamina-1973-cd\/#breadcrumb"},"inLanguage":"en-US","potentialAction":[{"@type":"ReadAction","target":["https:\/\/rockers.de\/record\/hurriganes-live-in-hamina-1973-cd\/"]}]},{"@type":"ImageObject","inLanguage":"en-US","@id":"https:\/\/rockers.de\/record\/hurriganes-live-in-hamina-1973-cd\/#primaryimage","url":"https:\/\/rockers.de\/wp-content\/uploads\/2025\/09\/Hurriganes-Live-In-Hamina-1973-CD-1.jpg","contentUrl":"https:\/\/rockers.de\/wp-content\/uploads\/2025\/09\/Hurriganes-Live-In-Hamina-1973-CD-1.jpg","width":854,"height":741,"caption":"Hurriganes-Live In Hamina 1973-CD"},{"@type":"BreadcrumbList","@id":"https:\/\/rockers.de\/record\/hurriganes-live-in-hamina-1973-cd\/#breadcrumb","itemListElement":[{"@type":"ListItem","position":1,"name":"Startseite","item":"https:\/\/rockers.de\/"},{"@type":"ListItem","position":2,"name":"Shop","item":"https:\/\/rockers.de\/shop\/"},{"@type":"ListItem","position":3,"name":"Hurriganes-Live In Hamina 1973-CD"}]},{"@type":"WebSite","@id":"https:\/\/rockers.de\/#website","url":"https:\/\/rockers.de\/","name":"Rockers Records","description":"Your record store in Hanover","publisher":{"@id":"https:\/\/rockers.de\/#organization"},"potentialAction":[{"@type":"SearchAction","target":{"@type":"EntryPoint","urlTemplate":"https:\/\/rockers.de\/?s={search_term_string}"},"query-input":{"@type":"PropertyValueSpecification","valueRequired":true,"valueName":"search_term_string"}}],"inLanguage":"en-US"},{"@type":"Organization","@id":"https:\/\/rockers.de\/#organization","name":"Rockers Records","url":"https:\/\/rockers.de\/","logo":{"@type":"ImageObject","inLanguage":"en-US","@id":"https:\/\/rockers.de\/#\/schema\/logo\/image\/","url":"https:\/\/rockers.de\/wp-content\/uploads\/2022\/07\/Neue-Website-2022.jpg","contentUrl":"https:\/\/rockers.de\/wp-content\/uploads\/2022\/07\/Neue-Website-2022.jpg","width":800,"height":800,"caption":"Rockers Records"},"image":{"@id":"https:\/\/rockers.de\/#\/schema\/logo\/image\/"}}]}},"_links":{"self":[{"href":"https:\/\/rockers.de\/en\/wp-json\/wp\/v2\/product\/165623","targetHints":{"allow":["GET"]}}],"collection":[{"href":"https:\/\/rockers.de\/en\/wp-json\/wp\/v2\/product"}],"about":[{"href":"https:\/\/rockers.de\/en\/wp-json\/wp\/v2\/types\/product"}],"wp:featuredmedia":[{"embeddable":true,"href":"https:\/\/rockers.de\/en\/wp-json\/wp\/v2\/media\/165625"}],"wp:attachment":[{"href":"https:\/\/rockers.de\/en\/wp-json\/wp\/v2\/media?parent=165623"}],"wp:term":[{"taxonomy":"product_brand","embeddable":true,"href":"https:\/\/rockers.de\/en\/wp-json\/wp\/v2\/product_brand?post=165623"},{"taxonomy":"product_cat","embeddable":true,"href":"https:\/\/rockers.de\/en\/wp-json\/wp\/v2\/product_cat?post=165623"},{"taxonomy":"product_tag","embeddable":true,"href":"https:\/\/rockers.de\/en\/wp-json\/wp\/v2\/product_tag?post=165623"}],"curies":[{"name":"wp","href":"https:\/\/api.w.org\/{rel}","templated":true}]}}