{"id":163827,"date":"2025-09-08T15:01:37","date_gmt":"2025-09-08T13:01:37","guid":{"rendered":"https:\/\/rockers.de\/?post_type=product&#038;p=163827"},"modified":"2025-09-08T15:01:37","modified_gmt":"2025-09-08T13:01:37","slug":"lynyrd-skynyrd-pronounced-leh-nerd-skin-nerd-and-second-helping-live-from-jacksonville-at-the-florida-theatre-blu-ray","status":"publish","type":"product","link":"https:\/\/rockers.de\/en\/record\/lynyrd-skynyrd-pronounced-leh-nerd-skin-nerd-and-second-helping-live-from-jacksonville-at-the-florida-theatre-blu-ray\/","title":{"rendered":"Lynyrd Skynyrd-Pronounced &#8218;L\u0115h-&#8217;n\u00e9rd &#8218;Skin-&#8217;n\u00e9rd and Second Helping Live From Jacksonville At The Florida Theatre-Blu-ray"},"content":{"rendered":"<p>Live performance of Pronounced Len-Nerd Skin-Nerd and Second Helping albums in their entirety at the historic Florida Theatre.<\/p>","protected":false},"excerpt":{"rendered":"<p>Live performance of Pronounced Len-Nerd Skin-Nerd and Second Helping albums in their entirety at the historic Florida Theatre.<\/p>","protected":false},"featured_media":163829,"template":"","meta":{"_acf_changed":false},"product_brand":[],"product_cat":[175],"product_tag":[],"class_list":{"0":"post-163827","1":"product","2":"type-product","3":"status-publish","4":"has-post-thumbnail","6":"product_cat-rock","7":"pa_att_artist-lynyrd-skynyrd","8":"pa_att_format-blu-ray","9":"pa_att_genre-rock","10":"pa_att_jahr-249","11":"pa_att_label-eagle-vision","12":"pa_att_land-europe","14":"first","15":"instock","16":"taxable","17":"shipping-taxable","18":"purchasable","19":"product-type-simple"},"acf":[],"yoast_head":"<!-- This site is optimized with the Yoast SEO plugin v27.3 - https:\/\/yoast.com\/product\/yoast-seo-wordpress\/ -->\n<title>Lynyrd Skynyrd-Pronounced &#039;L\u0115h-&#039;n\u00e9rd &#039;Skin-&#039;n\u00e9rd and Second Helping Live From Jacksonville At The Florida Theatre-Blu-ray - Rockers Records<\/title>\n<meta name=\"robots\" content=\"index, follow, max-snippet:-1, max-image-preview:large, max-video-preview:-1\" \/>\n<link rel=\"canonical\" href=\"https:\/\/rockers.de\/en\/record\/lynyrd-skynyrd-pronounced-leh-nerd-skin-nerd-and-second-helping-live-from-jacksonville-at-the-florida-theatre-blu-ray\/\" \/>\n<meta property=\"og:locale\" content=\"en_US\" \/>\n<meta property=\"og:type\" content=\"article\" \/>\n<meta property=\"og:title\" content=\"Lynyrd Skynyrd-Pronounced &#039;L\u0115h-&#039;n\u00e9rd &#039;Skin-&#039;n\u00e9rd and Second Helping Live From Jacksonville At The Florida Theatre-Blu-ray - Rockers Records\" \/>\n<meta property=\"og:description\" content=\"Live performance of Pronounced Len-Nerd Skin-Nerd and Second Helping albums in their entirety at the historic Florida Theatre.\" \/>\n<meta property=\"og:url\" content=\"https:\/\/rockers.de\/en\/record\/lynyrd-skynyrd-pronounced-leh-nerd-skin-nerd-and-second-helping-live-from-jacksonville-at-the-florida-theatre-blu-ray\/\" \/>\n<meta property=\"og:site_name\" content=\"Rockers Records\" \/>\n<meta property=\"og:image\" content=\"https:\/\/rockers.de\/wp-content\/uploads\/2025\/09\/Lynyrd-Skynyrd-Pronounced-Leh-nerd-Skin-nerd-and-Second-Helping-Live-From-Jacksonville-At-The-Florida-Theatre-Blu-ray-1.jpg\" \/>\n\t<meta property=\"og:image:width\" content=\"808\" \/>\n\t<meta property=\"og:image:height\" content=\"984\" \/>\n\t<meta property=\"og:image:type\" content=\"image\/jpeg\" \/>\n<meta name=\"twitter:card\" content=\"summary_large_image\" \/>\n<meta name=\"twitter:label1\" content=\"Est. reading time\" \/>\n\t<meta name=\"twitter:data1\" content=\"1 minute\" \/>\n<script type=\"application\/ld+json\" class=\"yoast-schema-graph\">{\"@context\":\"https:\\\/\\\/schema.org\",\"@graph\":[{\"@type\":\"WebPage\",\"@id\":\"https:\\\/\\\/rockers.de\\\/record\\\/lynyrd-skynyrd-pronounced-leh-nerd-skin-nerd-and-second-helping-live-from-jacksonville-at-the-florida-theatre-blu-ray\\\/\",\"url\":\"https:\\\/\\\/rockers.de\\\/record\\\/lynyrd-skynyrd-pronounced-leh-nerd-skin-nerd-and-second-helping-live-from-jacksonville-at-the-florida-theatre-blu-ray\\\/\",\"name\":\"Lynyrd Skynyrd-Pronounced 'L\u0115h-'n\u00e9rd 'Skin-'n\u00e9rd and Second Helping Live From Jacksonville At The Florida Theatre-Blu-ray - Rockers Records\",\"isPartOf\":{\"@id\":\"https:\\\/\\\/rockers.de\\\/#website\"},\"primaryImageOfPage\":{\"@id\":\"https:\\\/\\\/rockers.de\\\/record\\\/lynyrd-skynyrd-pronounced-leh-nerd-skin-nerd-and-second-helping-live-from-jacksonville-at-the-florida-theatre-blu-ray\\\/#primaryimage\"},\"image\":{\"@id\":\"https:\\\/\\\/rockers.de\\\/record\\\/lynyrd-skynyrd-pronounced-leh-nerd-skin-nerd-and-second-helping-live-from-jacksonville-at-the-florida-theatre-blu-ray\\\/#primaryimage\"},\"thumbnailUrl\":\"https:\\\/\\\/rockers.de\\\/wp-content\\\/uploads\\\/2025\\\/09\\\/Lynyrd-Skynyrd-Pronounced-Leh-nerd-Skin-nerd-and-Second-Helping-Live-From-Jacksonville-At-The-Florida-Theatre-Blu-ray-1.jpg\",\"datePublished\":\"2025-09-08T13:01:37+00:00\",\"breadcrumb\":{\"@id\":\"https:\\\/\\\/rockers.de\\\/record\\\/lynyrd-skynyrd-pronounced-leh-nerd-skin-nerd-and-second-helping-live-from-jacksonville-at-the-florida-theatre-blu-ray\\\/#breadcrumb\"},\"inLanguage\":\"en-US\",\"potentialAction\":[{\"@type\":\"ReadAction\",\"target\":[\"https:\\\/\\\/rockers.de\\\/record\\\/lynyrd-skynyrd-pronounced-leh-nerd-skin-nerd-and-second-helping-live-from-jacksonville-at-the-florida-theatre-blu-ray\\\/\"]}]},{\"@type\":\"ImageObject\",\"inLanguage\":\"en-US\",\"@id\":\"https:\\\/\\\/rockers.de\\\/record\\\/lynyrd-skynyrd-pronounced-leh-nerd-skin-nerd-and-second-helping-live-from-jacksonville-at-the-florida-theatre-blu-ray\\\/#primaryimage\",\"url\":\"https:\\\/\\\/rockers.de\\\/wp-content\\\/uploads\\\/2025\\\/09\\\/Lynyrd-Skynyrd-Pronounced-Leh-nerd-Skin-nerd-and-Second-Helping-Live-From-Jacksonville-At-The-Florida-Theatre-Blu-ray-1.jpg\",\"contentUrl\":\"https:\\\/\\\/rockers.de\\\/wp-content\\\/uploads\\\/2025\\\/09\\\/Lynyrd-Skynyrd-Pronounced-Leh-nerd-Skin-nerd-and-Second-Helping-Live-From-Jacksonville-At-The-Florida-Theatre-Blu-ray-1.jpg\",\"width\":808,\"height\":984,\"caption\":\"Lynyrd Skynyrd-Pronounced 'L\u0115h-'n\u00e9rd 'Skin-'n\u00e9rd and Second Helping Live From Jacksonville At The Florida Theatre-Blu-ray\"},{\"@type\":\"BreadcrumbList\",\"@id\":\"https:\\\/\\\/rockers.de\\\/record\\\/lynyrd-skynyrd-pronounced-leh-nerd-skin-nerd-and-second-helping-live-from-jacksonville-at-the-florida-theatre-blu-ray\\\/#breadcrumb\",\"itemListElement\":[{\"@type\":\"ListItem\",\"position\":1,\"name\":\"Startseite\",\"item\":\"https:\\\/\\\/rockers.de\\\/\"},{\"@type\":\"ListItem\",\"position\":2,\"name\":\"Shop\",\"item\":\"https:\\\/\\\/rockers.de\\\/shop\\\/\"},{\"@type\":\"ListItem\",\"position\":3,\"name\":\"Lynyrd Skynyrd-Pronounced &#8218;L\u0115h-&#8217;n\u00e9rd &#8218;Skin-&#8217;n\u00e9rd and Second Helping Live From Jacksonville At The Florida Theatre-Blu-ray\"}]},{\"@type\":\"WebSite\",\"@id\":\"https:\\\/\\\/rockers.de\\\/#website\",\"url\":\"https:\\\/\\\/rockers.de\\\/\",\"name\":\"Rockers Records\",\"description\":\"Dein Schallplatten Store in Hannover\",\"publisher\":{\"@id\":\"https:\\\/\\\/rockers.de\\\/#organization\"},\"potentialAction\":[{\"@type\":\"SearchAction\",\"target\":{\"@type\":\"EntryPoint\",\"urlTemplate\":\"https:\\\/\\\/rockers.de\\\/?s={search_term_string}\"},\"query-input\":{\"@type\":\"PropertyValueSpecification\",\"valueRequired\":true,\"valueName\":\"search_term_string\"}}],\"inLanguage\":\"en-US\"},{\"@type\":\"Organization\",\"@id\":\"https:\\\/\\\/rockers.de\\\/#organization\",\"name\":\"Rockers Records\",\"url\":\"https:\\\/\\\/rockers.de\\\/\",\"logo\":{\"@type\":\"ImageObject\",\"inLanguage\":\"en-US\",\"@id\":\"https:\\\/\\\/rockers.de\\\/#\\\/schema\\\/logo\\\/image\\\/\",\"url\":\"https:\\\/\\\/rockers.de\\\/wp-content\\\/uploads\\\/2022\\\/07\\\/Neue-Website-2022.jpg\",\"contentUrl\":\"https:\\\/\\\/rockers.de\\\/wp-content\\\/uploads\\\/2022\\\/07\\\/Neue-Website-2022.jpg\",\"width\":800,\"height\":800,\"caption\":\"Rockers Records\"},\"image\":{\"@id\":\"https:\\\/\\\/rockers.de\\\/#\\\/schema\\\/logo\\\/image\\\/\"}}]}<\/script>\n<!-- \/ Yoast SEO plugin. -->","yoast_head_json":{"title":"Lynyrd Skynyrd-Pronounced 'L\u0115h-'n\u00e9rd 'Skin-'n\u00e9rd and Second Helping Live From Jacksonville At The Florida Theatre-Blu-ray - Rockers Records","robots":{"index":"index","follow":"follow","max-snippet":"max-snippet:-1","max-image-preview":"max-image-preview:large","max-video-preview":"max-video-preview:-1"},"canonical":"https:\/\/rockers.de\/en\/record\/lynyrd-skynyrd-pronounced-leh-nerd-skin-nerd-and-second-helping-live-from-jacksonville-at-the-florida-theatre-blu-ray\/","og_locale":"en_US","og_type":"article","og_title":"Lynyrd Skynyrd-Pronounced 'L\u0115h-'n\u00e9rd 'Skin-'n\u00e9rd and Second Helping Live From Jacksonville At The Florida Theatre-Blu-ray - Rockers Records","og_description":"Live performance of Pronounced Len-Nerd Skin-Nerd and Second Helping albums in their entirety at the historic Florida Theatre.","og_url":"https:\/\/rockers.de\/en\/record\/lynyrd-skynyrd-pronounced-leh-nerd-skin-nerd-and-second-helping-live-from-jacksonville-at-the-florida-theatre-blu-ray\/","og_site_name":"Rockers Records","og_image":[{"width":808,"height":984,"url":"https:\/\/rockers.de\/wp-content\/uploads\/2025\/09\/Lynyrd-Skynyrd-Pronounced-Leh-nerd-Skin-nerd-and-Second-Helping-Live-From-Jacksonville-At-The-Florida-Theatre-Blu-ray-1.jpg","type":"image\/jpeg"}],"twitter_card":"summary_large_image","twitter_misc":{"Est. reading time":"1 minute"},"schema":{"@context":"https:\/\/schema.org","@graph":[{"@type":"WebPage","@id":"https:\/\/rockers.de\/record\/lynyrd-skynyrd-pronounced-leh-nerd-skin-nerd-and-second-helping-live-from-jacksonville-at-the-florida-theatre-blu-ray\/","url":"https:\/\/rockers.de\/record\/lynyrd-skynyrd-pronounced-leh-nerd-skin-nerd-and-second-helping-live-from-jacksonville-at-the-florida-theatre-blu-ray\/","name":"Lynyrd Skynyrd-Pronounced 'L\u0115h-'n\u00e9rd 'Skin-'n\u00e9rd and Second Helping Live From Jacksonville At The Florida Theatre-Blu-ray - Rockers Records","isPartOf":{"@id":"https:\/\/rockers.de\/#website"},"primaryImageOfPage":{"@id":"https:\/\/rockers.de\/record\/lynyrd-skynyrd-pronounced-leh-nerd-skin-nerd-and-second-helping-live-from-jacksonville-at-the-florida-theatre-blu-ray\/#primaryimage"},"image":{"@id":"https:\/\/rockers.de\/record\/lynyrd-skynyrd-pronounced-leh-nerd-skin-nerd-and-second-helping-live-from-jacksonville-at-the-florida-theatre-blu-ray\/#primaryimage"},"thumbnailUrl":"https:\/\/rockers.de\/wp-content\/uploads\/2025\/09\/Lynyrd-Skynyrd-Pronounced-Leh-nerd-Skin-nerd-and-Second-Helping-Live-From-Jacksonville-At-The-Florida-Theatre-Blu-ray-1.jpg","datePublished":"2025-09-08T13:01:37+00:00","breadcrumb":{"@id":"https:\/\/rockers.de\/record\/lynyrd-skynyrd-pronounced-leh-nerd-skin-nerd-and-second-helping-live-from-jacksonville-at-the-florida-theatre-blu-ray\/#breadcrumb"},"inLanguage":"en-US","potentialAction":[{"@type":"ReadAction","target":["https:\/\/rockers.de\/record\/lynyrd-skynyrd-pronounced-leh-nerd-skin-nerd-and-second-helping-live-from-jacksonville-at-the-florida-theatre-blu-ray\/"]}]},{"@type":"ImageObject","inLanguage":"en-US","@id":"https:\/\/rockers.de\/record\/lynyrd-skynyrd-pronounced-leh-nerd-skin-nerd-and-second-helping-live-from-jacksonville-at-the-florida-theatre-blu-ray\/#primaryimage","url":"https:\/\/rockers.de\/wp-content\/uploads\/2025\/09\/Lynyrd-Skynyrd-Pronounced-Leh-nerd-Skin-nerd-and-Second-Helping-Live-From-Jacksonville-At-The-Florida-Theatre-Blu-ray-1.jpg","contentUrl":"https:\/\/rockers.de\/wp-content\/uploads\/2025\/09\/Lynyrd-Skynyrd-Pronounced-Leh-nerd-Skin-nerd-and-Second-Helping-Live-From-Jacksonville-At-The-Florida-Theatre-Blu-ray-1.jpg","width":808,"height":984,"caption":"Lynyrd Skynyrd-Pronounced 'L\u0115h-'n\u00e9rd 'Skin-'n\u00e9rd and Second Helping Live From Jacksonville At The Florida Theatre-Blu-ray"},{"@type":"BreadcrumbList","@id":"https:\/\/rockers.de\/record\/lynyrd-skynyrd-pronounced-leh-nerd-skin-nerd-and-second-helping-live-from-jacksonville-at-the-florida-theatre-blu-ray\/#breadcrumb","itemListElement":[{"@type":"ListItem","position":1,"name":"Startseite","item":"https:\/\/rockers.de\/"},{"@type":"ListItem","position":2,"name":"Shop","item":"https:\/\/rockers.de\/shop\/"},{"@type":"ListItem","position":3,"name":"Lynyrd Skynyrd-Pronounced &#8218;L\u0115h-&#8217;n\u00e9rd &#8218;Skin-&#8217;n\u00e9rd and Second Helping Live From Jacksonville At The Florida Theatre-Blu-ray"}]},{"@type":"WebSite","@id":"https:\/\/rockers.de\/#website","url":"https:\/\/rockers.de\/","name":"Rockers Records","description":"Your record store in Hanover","publisher":{"@id":"https:\/\/rockers.de\/#organization"},"potentialAction":[{"@type":"SearchAction","target":{"@type":"EntryPoint","urlTemplate":"https:\/\/rockers.de\/?s={search_term_string}"},"query-input":{"@type":"PropertyValueSpecification","valueRequired":true,"valueName":"search_term_string"}}],"inLanguage":"en-US"},{"@type":"Organization","@id":"https:\/\/rockers.de\/#organization","name":"Rockers Records","url":"https:\/\/rockers.de\/","logo":{"@type":"ImageObject","inLanguage":"en-US","@id":"https:\/\/rockers.de\/#\/schema\/logo\/image\/","url":"https:\/\/rockers.de\/wp-content\/uploads\/2022\/07\/Neue-Website-2022.jpg","contentUrl":"https:\/\/rockers.de\/wp-content\/uploads\/2022\/07\/Neue-Website-2022.jpg","width":800,"height":800,"caption":"Rockers Records"},"image":{"@id":"https:\/\/rockers.de\/#\/schema\/logo\/image\/"}}]}},"_links":{"self":[{"href":"https:\/\/rockers.de\/en\/wp-json\/wp\/v2\/product\/163827","targetHints":{"allow":["GET"]}}],"collection":[{"href":"https:\/\/rockers.de\/en\/wp-json\/wp\/v2\/product"}],"about":[{"href":"https:\/\/rockers.de\/en\/wp-json\/wp\/v2\/types\/product"}],"wp:featuredmedia":[{"embeddable":true,"href":"https:\/\/rockers.de\/en\/wp-json\/wp\/v2\/media\/163829"}],"wp:attachment":[{"href":"https:\/\/rockers.de\/en\/wp-json\/wp\/v2\/media?parent=163827"}],"wp:term":[{"taxonomy":"product_brand","embeddable":true,"href":"https:\/\/rockers.de\/en\/wp-json\/wp\/v2\/product_brand?post=163827"},{"taxonomy":"product_cat","embeddable":true,"href":"https:\/\/rockers.de\/en\/wp-json\/wp\/v2\/product_cat?post=163827"},{"taxonomy":"product_tag","embeddable":true,"href":"https:\/\/rockers.de\/en\/wp-json\/wp\/v2\/product_tag?post=163827"}],"curies":[{"name":"wp","href":"https:\/\/api.w.org\/{rel}","templated":true}]}}