{"id":162623,"date":"2025-08-28T17:37:09","date_gmt":"2025-08-28T15:37:09","guid":{"rendered":"https:\/\/rockers.de\/?post_type=product&#038;p=162623"},"modified":"2025-11-29T17:02:04","modified_gmt":"2025-11-29T16:02:04","slug":"hawkwind-this-is-your-captain-speaking-your-captain-is-dead-the-albums-and-singles-1970-1974-11cd-box-set","status":"publish","type":"product","link":"https:\/\/rockers.de\/en\/record\/hawkwind-this-is-your-captain-speaking-your-captain-is-dead-the-albums-and-singles-1970-1974-11cd-box-set\/","title":{"rendered":"Hawkwind-This Is Your Captain Speaking &#8230; Your Captain Is Dead (The Albums And Singles 1970 &#8211; 1974)-11CD box set"},"content":{"rendered":"<p>11-CD box set 1970 &#8211; 1974, CD come in mini-LP style card sleeves reproducing the original release artwork. <\/p>","protected":false},"excerpt":{"rendered":"<p>CDs come in mini-LP style card sleeves reproducing the original release artwork.<br \/>\nThe sleeve for Disc 11 is a lighter weight card to replicate a paper singles sleeve. No Booklet.<\/p>\n<p>CD3 &amp; CD4: Recorded with the Pye Mobile Recording Unit. Recorded at The Roundhouse on February 13th, 1972.<br \/>\nCD6 &amp; CD7: Recorded live at Liverpool Stadium (27.12.72) &amp; Brixton Sundown (30.12.72).<br \/>\nCD9 &amp; CD10: Recorded live at Chicago Auditorium, March 21, 1974.<br \/>\nTracks 11-1 &amp; 11-2: Produced at Trident Studios, London.<br \/>\nTrack 11-3: Overdubs and mixed at Morgan Studios.<br \/>\nTracks 11-4, 11-15: Recorded at Rockfield Studios, Monmouth, Wales.<br \/>\nTrack 11-5: Recorded at Rockfield Studios, Monmouth, Wales in September and October 1972. Remixed at Bavaria Studios, Munich, January 1973.<br \/>\nTrack 11-6: Recorded and engineered with the Pye Mobile Recording Unit at The Roundhouse on February 13th, 1972.<br \/>\nTracks 11-7 &amp; 11-8: Recorded at Olympic Studios, Barnes.<br \/>\nTrack 11-9: Recorded live at Edmonton Sundown, January 26th, 1974.<br \/>\nTrack 11-10: Remixed at Olympic Studios.<br \/>\nTrack 11-11: Recorded at Olympic Studios, Barnes during May and June 1974.<br \/>\nTrack 11-12: Recorded live at Edmonton Sundown, January 26th, 1974 Overdubs at Olympic Studios, Barnes.<br \/>\nTrack 11-13: Recorded in December 1972 with the Pye Mobile. Mixed at Olympic Studios, Barnes.<br \/>\nTrack 11-14: Overdubs and original mix at Morgan Studios.<\/p>\n<p>Mastered at Abbey Road Studios, London.<\/p>\n<p>Tracks 11-1 (A) &amp; 11-2 (B): released as a single on Liberty Records (LBF 15382) in July 1970.<br \/>\nTracks 11-3 (A) &amp; 11-4 (B): released as a single on United Artists Records (UP 35381) in June 1972.<br \/>\nTracks 11-5 (A) &amp; 11-6 (B): released as a single on United Artists Records (UA 35492) in 1973.<br \/>\nTracks 11-7 (A) &amp; 11-8 (B): released as a single on United Artists Records (UP 35566) in July 1973.<br \/>\nTracks 11-9 (A) &amp; 11-10 (B): released as a single on United Artists Records (UP 35689) in July 1974.<br \/>\nTracks 11-11 (A) &amp; 11-12 (B): released as a single on United Artists Records (UP 35715) in August 1974.<br \/>\nTrack 11-13 (B): released as a single on United Artists Records (UP 35381) in October 1978 and December 1982.<br \/>\nTracks 11-14 (A) &amp; 11-15 (B): released as a single on United Artists Records (UP 35381) in March 1976, October 1978 and December 1982.<\/p>\n<p>\u2117 2015 The copyright in this compilation is owned by Parlophone Records Ltd.<br \/>\n\u00a9 2015 Parlophone Records Ltd.<br \/>\nMade In EU.<br \/>\nPrinted in the EU.<\/p>\n<p>CD1, CD2, CD5, CD8: Digital remaster \u2117 2015 The copyright in this sound recording is owned by Parlophone Records Ltd. \u00a9 2015 Parlophone Records Ltd.<br \/>\nCD3, CD4: \u2117 2007 The copyright in this compilation is owned by Parlophone Records Ltd. except tracks 4-7 &amp; 4-8 Digital remaster \u2117 1996 The copyright in this sound recording is owned by Parlophone Records Ltd.<br \/>\n\u2117 2015 The copyright in this sound recording is owned by Parlophone Records Ltd. \u00a9 2015 Parlophone Records Ltd.<br \/>\nCD6, CD7: \u2117 1973 The copyright in this sound recording is owned by Parlophone Records Ltd. \u00a9 2015 Parlophone Records Ltd.<br \/>\nCD9, CD10: \u2117 1997 The copyright in this sound recording is owned by Parlophone Records Ltd. \u00a9 2015 Parlophone Records Ltd.<br \/>\nCD11: \u2117 2015 The copyright in this compilation is owned by Parlophone Records Ltd. \u00a9 2015 Parlophone Records Ltd.<br \/>\nTracks 11-1 to 11-3, 11-7, 11-10 and 11-11: Digital remasters \u2117 2011 The copyright in this sound recording is owned by Parlophone Records Ltd.<br \/>\nTracks 11-4 to 11-6, 11-8 &amp; 11-9: Digital remasters \u2117 1996 The copyright in this sound recording is owned by Parlophone Records Ltd.<br \/>\nTracks 11-13 to 11-15: Digital remasters \u2117 2015 The copyright in this sound recording is owned by Parlophone Records Ltd.<\/p>\n<p>Title stylized on cover as &#8222;This Is Y\u00f6\u00fcr C\u00e4pt\u00e5in Spe\u00e4king&#8230; Y\u00f6\u00fcr \u00d8\u00e5pt\u00e5in Is Dea\u030bd\u00ab (The Albums And Singles 1970 &#8211; 1974)&#8220;<\/p>","protected":false},"featured_media":162627,"template":"","meta":{"_acf_changed":false},"product_brand":[],"product_cat":[15793,229,175],"product_tag":[],"class_list":{"0":"post-162623","1":"product","2":"type-product","3":"status-publish","4":"has-post-thumbnail","6":"product_cat-progressive-rock","7":"product_cat-psychedelic","8":"product_cat-rock","9":"pa_att_artist-hawkwind","10":"pa_att_format-box-set","11":"pa_att_format-cd","12":"pa_att_genre-rock","13":"pa_att_jahr-249","14":"pa_att_label-parlophone","16":"first","17":"outofstock","18":"taxable","19":"shipping-taxable","20":"purchasable","21":"product-type-simple"},"acf":[],"yoast_head":"<!-- This site is optimized with the Yoast SEO plugin v27.3 - https:\/\/yoast.com\/product\/yoast-seo-wordpress\/ -->\n<title>Hawkwind-This Is Your Captain Speaking ... Your Captain Is Dead (The Albums And Singles 1970 - 1974)-11CD box set - Rockers Records<\/title>\n<meta name=\"robots\" content=\"index, follow, max-snippet:-1, max-image-preview:large, max-video-preview:-1\" \/>\n<link rel=\"canonical\" href=\"https:\/\/rockers.de\/en\/record\/hawkwind-this-is-your-captain-speaking-your-captain-is-dead-the-albums-and-singles-1970-1974-11cd-box-set\/\" \/>\n<meta property=\"og:locale\" content=\"en_US\" \/>\n<meta property=\"og:type\" content=\"article\" \/>\n<meta property=\"og:title\" content=\"Hawkwind-This Is Your Captain Speaking ... Your Captain Is Dead (The Albums And Singles 1970 - 1974)-11CD box set - Rockers Records\" \/>\n<meta property=\"og:description\" content=\"CDs come in mini-LP style card sleeves reproducing the original release artwork. The sleeve for Disc 11 is a lighter weight card to replicate a paper singles sleeve. No Booklet.  CD3 &amp; CD4: Recorded with the Pye Mobile Recording Unit. Recorded at The Roundhouse on February 13th, 1972. CD6 &amp; CD7: Recorded live at Liverpool Stadium (27.12.72) &amp; Brixton Sundown (30.12.72). CD9 &amp; CD10: Recorded live at Chicago Auditorium, March 21, 1974. Tracks 11-1 &amp; 11-2: Produced at Trident Studios, London. Track 11-3: Overdubs and mixed at Morgan Studios. Tracks 11-4, 11-15: Recorded at Rockfield Studios, Monmouth, Wales. Track 11-5: Recorded at Rockfield Studios, Monmouth, Wales in September and October 1972. Remixed at Bavaria Studios, Munich, January 1973. Track 11-6: Recorded and engineered with the Pye Mobile Recording Unit at The Roundhouse on February 13th, 1972. Tracks 11-7 &amp; 11-8: Recorded at Olympic Studios, Barnes. Track 11-9: Recorded live at Edmonton Sundown, January 26th, 1974. Track 11-10: Remixed at Olympic Studios. Track 11-11: Recorded at Olympic Studios, Barnes during May and June 1974. Track 11-12: Recorded live at Edmonton Sundown, January 26th, 1974 Overdubs at Olympic Studios, Barnes. Track 11-13: Recorded in December 1972 with the Pye Mobile. Mixed at Olympic Studios, Barnes. Track 11-14: Overdubs and original mix at Morgan Studios.  Mastered at Abbey Road Studios, London.  Tracks 11-1 (A) &amp; 11-2 (B): released as a single on Liberty Records (LBF 15382) in July 1970. Tracks 11-3 (A) &amp; 11-4 (B): released as a single on United Artists Records (UP 35381) in June 1972. Tracks 11-5 (A) &amp; 11-6 (B): released as a single on United Artists Records (UA 35492) in 1973. Tracks 11-7 (A) &amp; 11-8 (B): released as a single on United Artists Records (UP 35566) in July 1973. Tracks 11-9 (A) &amp; 11-10 (B): released as a single on United Artists Records (UP 35689) in July 1974. Tracks 11-11 (A) &amp; 11-12 (B): released as a single on United Artists Records (UP 35715) in August 1974. Track 11-13 (B): released as a single on United Artists Records (UP 35381) in October 1978 and December 1982. Tracks 11-14 (A) &amp; 11-15 (B): released as a single on United Artists Records (UP 35381) in March 1976, October 1978 and December 1982.  \u2117 2015 The copyright in this compilation is owned by Parlophone Records Ltd. \u00a9 2015 Parlophone Records Ltd. Made In EU. Printed in the EU.  CD1, CD2, CD5, CD8: Digital remaster \u2117 2015 The copyright in this sound recording is owned by Parlophone Records Ltd. \u00a9 2015 Parlophone Records Ltd. CD3, CD4: \u2117 2007 The copyright in this compilation is owned by Parlophone Records Ltd. except tracks 4-7 &amp; 4-8 Digital remaster \u2117 1996 The copyright in this sound recording is owned by Parlophone Records Ltd. \u2117 2015 The copyright in this sound recording is owned by Parlophone Records Ltd. \u00a9 2015 Parlophone Records Ltd. CD6, CD7: \u2117 1973 The copyright in this sound recording is owned by Parlophone Records Ltd. \u00a9 2015 Parlophone Records Ltd. CD9, CD10: \u2117 1997 The copyright in this sound recording is owned by Parlophone Records Ltd. \u00a9 2015 Parlophone Records Ltd. CD11: \u2117 2015 The copyright in this compilation is owned by Parlophone Records Ltd. \u00a9 2015 Parlophone Records Ltd. Tracks 11-1 to 11-3, 11-7, 11-10 and 11-11: Digital remasters \u2117 2011 The copyright in this sound recording is owned by Parlophone Records Ltd. Tracks 11-4 to 11-6, 11-8 &amp; 11-9: Digital remasters \u2117 1996 The copyright in this sound recording is owned by Parlophone Records Ltd. Tracks 11-13 to 11-15: Digital remasters \u2117 2015 The copyright in this sound recording is owned by Parlophone Records Ltd.  Title stylized on cover as &quot;This Is Y\u00f6\u00fcr C\u00e4pt\u00e5in Spe\u00e4king... Y\u00f6\u00fcr \u00d8\u00e5pt\u00e5in Is Dea\u030bd\u00ab (The Albums And Singles 1970 - 1974)&quot;\" \/>\n<meta property=\"og:url\" content=\"https:\/\/rockers.de\/en\/record\/hawkwind-this-is-your-captain-speaking-your-captain-is-dead-the-albums-and-singles-1970-1974-11cd-box-set\/\" \/>\n<meta property=\"og:site_name\" content=\"Rockers Records\" \/>\n<meta property=\"article:modified_time\" content=\"2025-11-29T16:02:04+00:00\" \/>\n<meta property=\"og:image\" content=\"https:\/\/rockers.de\/wp-content\/uploads\/2025\/08\/Hawkwind-This-Is-Your-Captain-Speaking-.-Your-Captain-Is-Dead-The-Albums-And-Singles-1970-1974-11CD-box-set-1.jpg\" \/>\n\t<meta property=\"og:image:width\" content=\"783\" \/>\n\t<meta property=\"og:image:height\" content=\"766\" \/>\n\t<meta property=\"og:image:type\" content=\"image\/jpeg\" \/>\n<meta name=\"twitter:card\" content=\"summary_large_image\" \/>\n<meta name=\"twitter:label1\" content=\"Est. reading time\" \/>\n\t<meta name=\"twitter:data1\" content=\"1 minute\" \/>\n<script type=\"application\/ld+json\" class=\"yoast-schema-graph\">{\"@context\":\"https:\\\/\\\/schema.org\",\"@graph\":[{\"@type\":\"WebPage\",\"@id\":\"https:\\\/\\\/rockers.de\\\/record\\\/hawkwind-this-is-your-captain-speaking-your-captain-is-dead-the-albums-and-singles-1970-1974-11cd-box-set\\\/\",\"url\":\"https:\\\/\\\/rockers.de\\\/record\\\/hawkwind-this-is-your-captain-speaking-your-captain-is-dead-the-albums-and-singles-1970-1974-11cd-box-set\\\/\",\"name\":\"Hawkwind-This Is Your Captain Speaking ... Your Captain Is Dead (The Albums And Singles 1970 - 1974)-11CD box set - Rockers Records\",\"isPartOf\":{\"@id\":\"https:\\\/\\\/rockers.de\\\/#website\"},\"primaryImageOfPage\":{\"@id\":\"https:\\\/\\\/rockers.de\\\/record\\\/hawkwind-this-is-your-captain-speaking-your-captain-is-dead-the-albums-and-singles-1970-1974-11cd-box-set\\\/#primaryimage\"},\"image\":{\"@id\":\"https:\\\/\\\/rockers.de\\\/record\\\/hawkwind-this-is-your-captain-speaking-your-captain-is-dead-the-albums-and-singles-1970-1974-11cd-box-set\\\/#primaryimage\"},\"thumbnailUrl\":\"https:\\\/\\\/rockers.de\\\/wp-content\\\/uploads\\\/2025\\\/08\\\/Hawkwind-This-Is-Your-Captain-Speaking-.-Your-Captain-Is-Dead-The-Albums-And-Singles-1970-1974-11CD-box-set-1.jpg\",\"datePublished\":\"2025-08-28T15:37:09+00:00\",\"dateModified\":\"2025-11-29T16:02:04+00:00\",\"breadcrumb\":{\"@id\":\"https:\\\/\\\/rockers.de\\\/record\\\/hawkwind-this-is-your-captain-speaking-your-captain-is-dead-the-albums-and-singles-1970-1974-11cd-box-set\\\/#breadcrumb\"},\"inLanguage\":\"en-US\",\"potentialAction\":[{\"@type\":\"ReadAction\",\"target\":[\"https:\\\/\\\/rockers.de\\\/record\\\/hawkwind-this-is-your-captain-speaking-your-captain-is-dead-the-albums-and-singles-1970-1974-11cd-box-set\\\/\"]}]},{\"@type\":\"ImageObject\",\"inLanguage\":\"en-US\",\"@id\":\"https:\\\/\\\/rockers.de\\\/record\\\/hawkwind-this-is-your-captain-speaking-your-captain-is-dead-the-albums-and-singles-1970-1974-11cd-box-set\\\/#primaryimage\",\"url\":\"https:\\\/\\\/rockers.de\\\/wp-content\\\/uploads\\\/2025\\\/08\\\/Hawkwind-This-Is-Your-Captain-Speaking-.-Your-Captain-Is-Dead-The-Albums-And-Singles-1970-1974-11CD-box-set-1.jpg\",\"contentUrl\":\"https:\\\/\\\/rockers.de\\\/wp-content\\\/uploads\\\/2025\\\/08\\\/Hawkwind-This-Is-Your-Captain-Speaking-.-Your-Captain-Is-Dead-The-Albums-And-Singles-1970-1974-11CD-box-set-1.jpg\",\"width\":783,\"height\":766,\"caption\":\"Hawkwind-This Is Your Captain Speaking ... Your Captain Is Dead (The Albums And Singles 1970 - 1974)-11CD box set\"},{\"@type\":\"BreadcrumbList\",\"@id\":\"https:\\\/\\\/rockers.de\\\/record\\\/hawkwind-this-is-your-captain-speaking-your-captain-is-dead-the-albums-and-singles-1970-1974-11cd-box-set\\\/#breadcrumb\",\"itemListElement\":[{\"@type\":\"ListItem\",\"position\":1,\"name\":\"Startseite\",\"item\":\"https:\\\/\\\/rockers.de\\\/\"},{\"@type\":\"ListItem\",\"position\":2,\"name\":\"Shop\",\"item\":\"https:\\\/\\\/rockers.de\\\/shop\\\/\"},{\"@type\":\"ListItem\",\"position\":3,\"name\":\"Hawkwind-This Is Your Captain Speaking &#8230; Your Captain Is Dead (The Albums And Singles 1970 &#8211; 1974)-11CD box set\"}]},{\"@type\":\"WebSite\",\"@id\":\"https:\\\/\\\/rockers.de\\\/#website\",\"url\":\"https:\\\/\\\/rockers.de\\\/\",\"name\":\"Rockers Records\",\"description\":\"Dein Schallplatten Store in Hannover\",\"publisher\":{\"@id\":\"https:\\\/\\\/rockers.de\\\/#organization\"},\"potentialAction\":[{\"@type\":\"SearchAction\",\"target\":{\"@type\":\"EntryPoint\",\"urlTemplate\":\"https:\\\/\\\/rockers.de\\\/?s={search_term_string}\"},\"query-input\":{\"@type\":\"PropertyValueSpecification\",\"valueRequired\":true,\"valueName\":\"search_term_string\"}}],\"inLanguage\":\"en-US\"},{\"@type\":\"Organization\",\"@id\":\"https:\\\/\\\/rockers.de\\\/#organization\",\"name\":\"Rockers Records\",\"url\":\"https:\\\/\\\/rockers.de\\\/\",\"logo\":{\"@type\":\"ImageObject\",\"inLanguage\":\"en-US\",\"@id\":\"https:\\\/\\\/rockers.de\\\/#\\\/schema\\\/logo\\\/image\\\/\",\"url\":\"https:\\\/\\\/rockers.de\\\/wp-content\\\/uploads\\\/2022\\\/07\\\/Neue-Website-2022.jpg\",\"contentUrl\":\"https:\\\/\\\/rockers.de\\\/wp-content\\\/uploads\\\/2022\\\/07\\\/Neue-Website-2022.jpg\",\"width\":800,\"height\":800,\"caption\":\"Rockers Records\"},\"image\":{\"@id\":\"https:\\\/\\\/rockers.de\\\/#\\\/schema\\\/logo\\\/image\\\/\"}}]}<\/script>\n<!-- \/ Yoast SEO plugin. -->","yoast_head_json":{"title":"Hawkwind-This Is Your Captain Speaking ... Your Captain Is Dead (The Albums And Singles 1970 - 1974)-11CD box set - Rockers Records","robots":{"index":"index","follow":"follow","max-snippet":"max-snippet:-1","max-image-preview":"max-image-preview:large","max-video-preview":"max-video-preview:-1"},"canonical":"https:\/\/rockers.de\/en\/record\/hawkwind-this-is-your-captain-speaking-your-captain-is-dead-the-albums-and-singles-1970-1974-11cd-box-set\/","og_locale":"en_US","og_type":"article","og_title":"Hawkwind-This Is Your Captain Speaking ... Your Captain Is Dead (The Albums And Singles 1970 - 1974)-11CD box set - Rockers Records","og_description":"CDs come in mini-LP style card sleeves reproducing the original release artwork. The sleeve for Disc 11 is a lighter weight card to replicate a paper singles sleeve. No Booklet.  CD3 &amp; CD4: Recorded with the Pye Mobile Recording Unit. Recorded at The Roundhouse on February 13th, 1972. CD6 &amp; CD7: Recorded live at Liverpool Stadium (27.12.72) &amp; Brixton Sundown (30.12.72). CD9 &amp; CD10: Recorded live at Chicago Auditorium, March 21, 1974. Tracks 11-1 &amp; 11-2: Produced at Trident Studios, London. Track 11-3: Overdubs and mixed at Morgan Studios. Tracks 11-4, 11-15: Recorded at Rockfield Studios, Monmouth, Wales. Track 11-5: Recorded at Rockfield Studios, Monmouth, Wales in September and October 1972. Remixed at Bavaria Studios, Munich, January 1973. Track 11-6: Recorded and engineered with the Pye Mobile Recording Unit at The Roundhouse on February 13th, 1972. Tracks 11-7 &amp; 11-8: Recorded at Olympic Studios, Barnes. Track 11-9: Recorded live at Edmonton Sundown, January 26th, 1974. Track 11-10: Remixed at Olympic Studios. Track 11-11: Recorded at Olympic Studios, Barnes during May and June 1974. Track 11-12: Recorded live at Edmonton Sundown, January 26th, 1974 Overdubs at Olympic Studios, Barnes. Track 11-13: Recorded in December 1972 with the Pye Mobile. Mixed at Olympic Studios, Barnes. Track 11-14: Overdubs and original mix at Morgan Studios.  Mastered at Abbey Road Studios, London.  Tracks 11-1 (A) &amp; 11-2 (B): released as a single on Liberty Records (LBF 15382) in July 1970. Tracks 11-3 (A) &amp; 11-4 (B): released as a single on United Artists Records (UP 35381) in June 1972. Tracks 11-5 (A) &amp; 11-6 (B): released as a single on United Artists Records (UA 35492) in 1973. Tracks 11-7 (A) &amp; 11-8 (B): released as a single on United Artists Records (UP 35566) in July 1973. Tracks 11-9 (A) &amp; 11-10 (B): released as a single on United Artists Records (UP 35689) in July 1974. Tracks 11-11 (A) &amp; 11-12 (B): released as a single on United Artists Records (UP 35715) in August 1974. Track 11-13 (B): released as a single on United Artists Records (UP 35381) in October 1978 and December 1982. Tracks 11-14 (A) &amp; 11-15 (B): released as a single on United Artists Records (UP 35381) in March 1976, October 1978 and December 1982.  \u2117 2015 The copyright in this compilation is owned by Parlophone Records Ltd. \u00a9 2015 Parlophone Records Ltd. Made In EU. Printed in the EU.  CD1, CD2, CD5, CD8: Digital remaster \u2117 2015 The copyright in this sound recording is owned by Parlophone Records Ltd. \u00a9 2015 Parlophone Records Ltd. CD3, CD4: \u2117 2007 The copyright in this compilation is owned by Parlophone Records Ltd. except tracks 4-7 &amp; 4-8 Digital remaster \u2117 1996 The copyright in this sound recording is owned by Parlophone Records Ltd. \u2117 2015 The copyright in this sound recording is owned by Parlophone Records Ltd. \u00a9 2015 Parlophone Records Ltd. CD6, CD7: \u2117 1973 The copyright in this sound recording is owned by Parlophone Records Ltd. \u00a9 2015 Parlophone Records Ltd. CD9, CD10: \u2117 1997 The copyright in this sound recording is owned by Parlophone Records Ltd. \u00a9 2015 Parlophone Records Ltd. CD11: \u2117 2015 The copyright in this compilation is owned by Parlophone Records Ltd. \u00a9 2015 Parlophone Records Ltd. Tracks 11-1 to 11-3, 11-7, 11-10 and 11-11: Digital remasters \u2117 2011 The copyright in this sound recording is owned by Parlophone Records Ltd. Tracks 11-4 to 11-6, 11-8 &amp; 11-9: Digital remasters \u2117 1996 The copyright in this sound recording is owned by Parlophone Records Ltd. Tracks 11-13 to 11-15: Digital remasters \u2117 2015 The copyright in this sound recording is owned by Parlophone Records Ltd.  Title stylized on cover as \"This Is Y\u00f6\u00fcr C\u00e4pt\u00e5in Spe\u00e4king... Y\u00f6\u00fcr \u00d8\u00e5pt\u00e5in Is Dea\u030bd\u00ab (The Albums And Singles 1970 - 1974)\"","og_url":"https:\/\/rockers.de\/en\/record\/hawkwind-this-is-your-captain-speaking-your-captain-is-dead-the-albums-and-singles-1970-1974-11cd-box-set\/","og_site_name":"Rockers Records","article_modified_time":"2025-11-29T16:02:04+00:00","og_image":[{"width":783,"height":766,"url":"https:\/\/rockers.de\/wp-content\/uploads\/2025\/08\/Hawkwind-This-Is-Your-Captain-Speaking-.-Your-Captain-Is-Dead-The-Albums-And-Singles-1970-1974-11CD-box-set-1.jpg","type":"image\/jpeg"}],"twitter_card":"summary_large_image","twitter_misc":{"Est. reading time":"1 minute"},"schema":{"@context":"https:\/\/schema.org","@graph":[{"@type":"WebPage","@id":"https:\/\/rockers.de\/record\/hawkwind-this-is-your-captain-speaking-your-captain-is-dead-the-albums-and-singles-1970-1974-11cd-box-set\/","url":"https:\/\/rockers.de\/record\/hawkwind-this-is-your-captain-speaking-your-captain-is-dead-the-albums-and-singles-1970-1974-11cd-box-set\/","name":"Hawkwind-This Is Your Captain Speaking ... Your Captain Is Dead (The Albums And Singles 1970 - 1974)-11CD box set - Rockers Records","isPartOf":{"@id":"https:\/\/rockers.de\/#website"},"primaryImageOfPage":{"@id":"https:\/\/rockers.de\/record\/hawkwind-this-is-your-captain-speaking-your-captain-is-dead-the-albums-and-singles-1970-1974-11cd-box-set\/#primaryimage"},"image":{"@id":"https:\/\/rockers.de\/record\/hawkwind-this-is-your-captain-speaking-your-captain-is-dead-the-albums-and-singles-1970-1974-11cd-box-set\/#primaryimage"},"thumbnailUrl":"https:\/\/rockers.de\/wp-content\/uploads\/2025\/08\/Hawkwind-This-Is-Your-Captain-Speaking-.-Your-Captain-Is-Dead-The-Albums-And-Singles-1970-1974-11CD-box-set-1.jpg","datePublished":"2025-08-28T15:37:09+00:00","dateModified":"2025-11-29T16:02:04+00:00","breadcrumb":{"@id":"https:\/\/rockers.de\/record\/hawkwind-this-is-your-captain-speaking-your-captain-is-dead-the-albums-and-singles-1970-1974-11cd-box-set\/#breadcrumb"},"inLanguage":"en-US","potentialAction":[{"@type":"ReadAction","target":["https:\/\/rockers.de\/record\/hawkwind-this-is-your-captain-speaking-your-captain-is-dead-the-albums-and-singles-1970-1974-11cd-box-set\/"]}]},{"@type":"ImageObject","inLanguage":"en-US","@id":"https:\/\/rockers.de\/record\/hawkwind-this-is-your-captain-speaking-your-captain-is-dead-the-albums-and-singles-1970-1974-11cd-box-set\/#primaryimage","url":"https:\/\/rockers.de\/wp-content\/uploads\/2025\/08\/Hawkwind-This-Is-Your-Captain-Speaking-.-Your-Captain-Is-Dead-The-Albums-And-Singles-1970-1974-11CD-box-set-1.jpg","contentUrl":"https:\/\/rockers.de\/wp-content\/uploads\/2025\/08\/Hawkwind-This-Is-Your-Captain-Speaking-.-Your-Captain-Is-Dead-The-Albums-And-Singles-1970-1974-11CD-box-set-1.jpg","width":783,"height":766,"caption":"Hawkwind-This Is Your Captain Speaking ... Your Captain Is Dead (The Albums And Singles 1970 - 1974)-11CD box set"},{"@type":"BreadcrumbList","@id":"https:\/\/rockers.de\/record\/hawkwind-this-is-your-captain-speaking-your-captain-is-dead-the-albums-and-singles-1970-1974-11cd-box-set\/#breadcrumb","itemListElement":[{"@type":"ListItem","position":1,"name":"Startseite","item":"https:\/\/rockers.de\/"},{"@type":"ListItem","position":2,"name":"Shop","item":"https:\/\/rockers.de\/shop\/"},{"@type":"ListItem","position":3,"name":"Hawkwind-This Is Your Captain Speaking &#8230; Your Captain Is Dead (The Albums And Singles 1970 &#8211; 1974)-11CD box set"}]},{"@type":"WebSite","@id":"https:\/\/rockers.de\/#website","url":"https:\/\/rockers.de\/","name":"Rockers Records","description":"Your record store in Hanover","publisher":{"@id":"https:\/\/rockers.de\/#organization"},"potentialAction":[{"@type":"SearchAction","target":{"@type":"EntryPoint","urlTemplate":"https:\/\/rockers.de\/?s={search_term_string}"},"query-input":{"@type":"PropertyValueSpecification","valueRequired":true,"valueName":"search_term_string"}}],"inLanguage":"en-US"},{"@type":"Organization","@id":"https:\/\/rockers.de\/#organization","name":"Rockers Records","url":"https:\/\/rockers.de\/","logo":{"@type":"ImageObject","inLanguage":"en-US","@id":"https:\/\/rockers.de\/#\/schema\/logo\/image\/","url":"https:\/\/rockers.de\/wp-content\/uploads\/2022\/07\/Neue-Website-2022.jpg","contentUrl":"https:\/\/rockers.de\/wp-content\/uploads\/2022\/07\/Neue-Website-2022.jpg","width":800,"height":800,"caption":"Rockers Records"},"image":{"@id":"https:\/\/rockers.de\/#\/schema\/logo\/image\/"}}]}},"_links":{"self":[{"href":"https:\/\/rockers.de\/en\/wp-json\/wp\/v2\/product\/162623","targetHints":{"allow":["GET"]}}],"collection":[{"href":"https:\/\/rockers.de\/en\/wp-json\/wp\/v2\/product"}],"about":[{"href":"https:\/\/rockers.de\/en\/wp-json\/wp\/v2\/types\/product"}],"wp:featuredmedia":[{"embeddable":true,"href":"https:\/\/rockers.de\/en\/wp-json\/wp\/v2\/media\/162627"}],"wp:attachment":[{"href":"https:\/\/rockers.de\/en\/wp-json\/wp\/v2\/media?parent=162623"}],"wp:term":[{"taxonomy":"product_brand","embeddable":true,"href":"https:\/\/rockers.de\/en\/wp-json\/wp\/v2\/product_brand?post=162623"},{"taxonomy":"product_cat","embeddable":true,"href":"https:\/\/rockers.de\/en\/wp-json\/wp\/v2\/product_cat?post=162623"},{"taxonomy":"product_tag","embeddable":true,"href":"https:\/\/rockers.de\/en\/wp-json\/wp\/v2\/product_tag?post=162623"}],"curies":[{"name":"wp","href":"https:\/\/api.w.org\/{rel}","templated":true}]}}